{"id":1078,"date":"2020-09-03T12:18:51","date_gmt":"2020-09-03T12:18:51","guid":{"rendered":"http:\/\/cimacanarias.com\/?page_id=1078"},"modified":"2022-05-17T10:02:06","modified_gmt":"2022-05-17T10:02:06","slug":"desarrollo-de-equipamiento-para-prospecciones-y-exploraciones-submarinas","status":"publish","type":"page","link":"https:\/\/cimacanarias.com\/en\/desarrollo-de-equipamiento-para-prospecciones-y-exploraciones-submarinas\/","title":{"rendered":"equipment for submarine prospecting and exploration"},"content":{"rendered":"<p><a href=\"https:\/\/cimacanarias.com\/wp-content\/uploads\/2020\/09\/maletin.jpg\"><img loading=\"lazy\" decoding=\"async\" class=\"alignright wp-image-1079\" src=\"https:\/\/cimacanarias.com\/wp-content\/uploads\/2020\/09\/maletin.jpg\" alt=\"\" width=\"400\" height=\"400\" srcset=\"https:\/\/cimacanarias.com\/wp-content\/uploads\/2020\/09\/maletin.jpg 550w, https:\/\/cimacanarias.com\/wp-content\/uploads\/2020\/09\/maletin-300x300.jpg 300w, https:\/\/cimacanarias.com\/wp-content\/uploads\/2020\/09\/maletin-150x150.jpg 150w\" sizes=\"auto, (max-width: 400px) 100vw, 400px\" \/><\/a><\/p>\n<p align=\"justify\">El objetivo general de este proyecto es que la empresa \u201cCentro de Investigaciones Medioambientales del Atl\u00e1ntico S.L.\u201d (CIMA) aumente la oferta y calidad de sus proyectos cartogr\u00e1ficos, apoy\u00e1ndose en el impulso que supone el desarrollo de servicios innovadores y de alta especializaci\u00f3n en la misma. Estos nuevos servicios est\u00e1n directamente relacionados con la capacidad de efectuar prospecciones y exploraciones submarinas a mayores profundidades de las que actualmente est\u00e1 realizando.<\/p>\n<p><\/p>\n<p align=\"justify\">Con este fin la empresa ha adquirido (con la ayuda de las Subvenciones a proyectos de inversi\u00f3n de peque\u00f1as y medianas empresas en Canarias para 2018 del Gobierno de Canarias) equipos oceanogr\u00e1ficos y de prospecci\u00f3n submarina de \u00faltima generaci\u00f3n, que un equipo de ingenieros bajo la supervisi\u00f3n de CIMA ha desarrollado y acoplado con las especificaciones que la empresa requiere para ampliar sus capacidades actuales. Esto fomentar\u00e1 el desarrollo de nuevos proyectos de I+D+i relacionados con la cartograf\u00eda de los fondos oce\u00e1nicos, la Econom\u00eda Azul y el crecimiento sostenible<\/p>\n<p><\/p>\n<p><\/p><center><img decoding=\"async\" src=\"https:\/\/cimacanarias.com\/images\/Logos%20PYME.jpg\" alt=\"\" align=\"center\"><\/center><p><\/p>\n<p><\/p>\n<p align=\"justify\">Los bienes adquiridos son:<\/p>\n<p align=\"justify\">1. Un equipo de visualizaci\u00f3n y filmaci\u00f3n a grandes profundidades con un sistema propio de georreferenciaci\u00f3n.<\/p>\n<p align=\"justify\">2. Un cable de remolque y un depresor para un s\u00f3nar de barrido lateral, que permita realizar sondeos a profundidades por debajo de los 50 metros.<\/p>\n<p><\/p>\n<p align=\"justify\">El equipo de filmaci\u00f3n y visualizaci\u00f3n consta de una c\u00e1mara que permite la grabaci\u00f3n en HD, con una carcasa submarina sumergible hasta 150 m y un cable de conexi\u00f3n con conectores submarinos de alta presi\u00f3n de longitud no inferior a 150 m, lo que permite obtener im\u00e1genes submarinas de alta calidad en un rango de profundidad comprendido entre 1-150 metros.<\/p>\n<p><\/p>\n<p><\/p><center><img decoding=\"async\" src=\"https:\/\/cimacanarias.com\/images\/servicios\/_focos.jpg\" alt=\"\" align=\"center\"><\/center><p><\/p>\n<p><\/p>\n<p align=\"justify\">Adem\u00e1s se requiere de un sistema aut\u00f3nomo de iluminaci\u00f3n espec\u00edfico y sumergible, dise\u00f1ado para soportar altas presiones que se ha adquirido a un proveedor especializado. La informaci\u00f3n proveniente de la c\u00e1mara se integra con la informaci\u00f3n de posicionamiento mediante un software espec\u00edfico que incorpora la georreferenciaci\u00f3n en las im\u00e1genes submarinas. De manera que se visualiza y graba unas im\u00e1genes en alta definici\u00f3n con la georreferenciaci\u00f3n incrustada de forma que se elimine totalmente el error humano en la transcripci\u00f3n de datos del posicionamiento y los datos se pueden luego correlacionar directamente con el registro del sonar de barrido y crear cartograf\u00edas precisas.<\/p>\n<p><\/p>\n<p align=\"justify\">El s\u00f3nar de barrido lateral permite la creaci\u00f3n de mapas topogr\u00e1ficos muy detallados, que sirven de complemento a las tomas submarinas realizadas por la c\u00e1mara HD georreferenciada, explicada anteriormente. El s\u00f3nar realiza la cartograf\u00eda del fondo marino con un grado elevado de precisi\u00f3n. CIMA dispone de un s\u00f3nar de barrido de alta calidad pero para poder realizar las prospecciones a las profundidades deseadas se requiere la adquisici\u00f3n e integraci\u00f3n en el mismo de un cable especifico de al menos 150 metros y de un depresor. El equipo adquirido presenta un rango de trabajo de profundidades hasta los 150 metros, que permite la exploraci\u00f3n del fondo, el cartografiado de comunidades, h\u00e1bitats y\/o ecosistemas que son desconocidos para las Islas Canarias. Por tanto, constituye un nicho de negocio que actualmente no est\u00e1 siendo explotado en las Islas ni en la regi\u00f3n Macaron\u00e9sica (Azores, Madeira y Cabo Verde).<\/p>\n<p><\/p>\n<p align=\"justify\">Actualmente estamos realizando cartograf\u00eda y exploraciones submarinas en la totalidad de las islas del Archipi\u00e9lago, y a partir de la adquisici\u00f3n y desarrollo de este instrumental pretendemos llevar a cabo diversos proyectos tanto en todas las islas del Archipi\u00e9lago como fuera de nuestra comunidad aut\u00f3noma, fomentando y apoyando t\u00e9cnicamente proyectos relacionados con la Econom\u00eda Azul, explotaci\u00f3n de recursos de manera sostenible y la conservaci\u00f3n de los ecosistemas marinos.<\/p>\n\n\n<div style=\"height:100px\" aria-hidden=\"true\" class=\"wp-block-spacer\"><\/div>\n\n\n\n<figure class=\"wp-block-image size-large\"><img loading=\"lazy\" decoding=\"async\" width=\"1024\" height=\"339\" src=\"https:\/\/cimacanarias.com\/wp-content\/uploads\/2020\/10\/Logos-FEDER-1024x339.jpg\" alt=\"\" class=\"wp-image-1321\" srcset=\"https:\/\/cimacanarias.com\/wp-content\/uploads\/2020\/10\/Logos-FEDER-1024x339.jpg 1024w, https:\/\/cimacanarias.com\/wp-content\/uploads\/2020\/10\/Logos-FEDER-300x99.jpg 300w, https:\/\/cimacanarias.com\/wp-content\/uploads\/2020\/10\/Logos-FEDER-768x254.jpg 768w, https:\/\/cimacanarias.com\/wp-content\/uploads\/2020\/10\/Logos-FEDER.jpg 1464w\" sizes=\"auto, (max-width: 1024px) 100vw, 1024px\" \/><\/figure>","protected":false},"excerpt":{"rendered":"<p>El objetivo general de este proyecto es que la empresa \u201cCentro de Investigaciones Medioambientales del Atl\u00e1ntico S.L.\u201d (CIMA) aumente la [&hellip;]<\/p>\n","protected":false},"author":9,"featured_media":0,"parent":0,"menu_order":0,"comment_status":"closed","ping_status":"closed","template":"","meta":{"footnotes":""},"class_list":["post-1078","page","type-page","status-publish","hentry"],"yoast_head":"<!-- This site is optimized with the Yoast SEO plugin v27.3 - https:\/\/yoast.com\/product\/yoast-seo-wordpress\/ -->\n<title>Desarrollo de equipamiento para prospecciones y exploraciones submarinas - Centro de Investigaciones Medioambientales del Atl\u00e1ntico<\/title>\n<meta name=\"description\" content=\"Centro de Investigaciones Medioambientales del Atl\u00e1ntico, S.L. es una entidad privada especializada en el medio marino que desarrolla asistencias t\u00e9cnicas, proyectos de gesti\u00f3n, an\u00e1lisis e investigaciones marinas.\" \/>\n<meta name=\"robots\" content=\"index, follow, max-snippet:-1, max-image-preview:large, max-video-preview:-1\" \/>\n<link rel=\"canonical\" href=\"https:\/\/cimacanarias.com\/en\/desarrollo-de-equipamiento-para-prospecciones-y-exploraciones-submarinas\/\" \/>\n<meta property=\"og:locale\" content=\"en_GB\" \/>\n<meta property=\"og:type\" content=\"article\" \/>\n<meta property=\"og:title\" content=\"Desarrollo de equipamiento para prospecciones y exploraciones submarinas - Centro de Investigaciones Medioambientales del Atl\u00e1ntico\" \/>\n<meta property=\"og:description\" content=\"Centro de Investigaciones Medioambientales del Atl\u00e1ntico, S.L. es una entidad privada especializada en el medio marino que desarrolla asistencias t\u00e9cnicas, proyectos de gesti\u00f3n, an\u00e1lisis e investigaciones marinas.\" \/>\n<meta property=\"og:url\" content=\"https:\/\/cimacanarias.com\/en\/desarrollo-de-equipamiento-para-prospecciones-y-exploraciones-submarinas\/\" \/>\n<meta property=\"og:site_name\" content=\"Centro de Investigaciones Medioambientales del Atl\u00e1ntico\" \/>\n<meta property=\"article:modified_time\" content=\"2022-05-17T10:02:06+00:00\" \/>\n<meta property=\"og:image\" content=\"https:\/\/cimacanarias.com\/wp-content\/uploads\/2020\/09\/maletin.jpg\" \/>\n<meta name=\"twitter:card\" content=\"summary_large_image\" \/>\n<meta name=\"twitter:label1\" content=\"Estimated reading time\" \/>\n\t<meta name=\"twitter:data1\" content=\"4 minutes\" \/>\n<script type=\"application\/ld+json\" class=\"yoast-schema-graph\">{\"@context\":\"https:\\\/\\\/schema.org\",\"@graph\":[{\"@type\":\"WebPage\",\"@id\":\"https:\\\/\\\/cimacanarias.com\\\/desarrollo-de-equipamiento-para-prospecciones-y-exploraciones-submarinas\\\/\",\"url\":\"https:\\\/\\\/cimacanarias.com\\\/desarrollo-de-equipamiento-para-prospecciones-y-exploraciones-submarinas\\\/\",\"name\":\"Desarrollo de equipamiento para prospecciones y exploraciones submarinas - Centro de Investigaciones Medioambientales del Atl\u00e1ntico\",\"isPartOf\":{\"@id\":\"https:\\\/\\\/cimacanarias.com\\\/#website\"},\"primaryImageOfPage\":{\"@id\":\"https:\\\/\\\/cimacanarias.com\\\/desarrollo-de-equipamiento-para-prospecciones-y-exploraciones-submarinas\\\/#primaryimage\"},\"image\":{\"@id\":\"https:\\\/\\\/cimacanarias.com\\\/desarrollo-de-equipamiento-para-prospecciones-y-exploraciones-submarinas\\\/#primaryimage\"},\"thumbnailUrl\":\"https:\\\/\\\/cimacanarias.com\\\/wp-content\\\/uploads\\\/2020\\\/09\\\/maletin.jpg\",\"datePublished\":\"2020-09-03T12:18:51+00:00\",\"dateModified\":\"2022-05-17T10:02:06+00:00\",\"description\":\"Centro de Investigaciones Medioambientales del Atl\u00e1ntico, S.L. es una entidad privada especializada en el medio marino que desarrolla asistencias t\u00e9cnicas, proyectos de gesti\u00f3n, an\u00e1lisis e investigaciones marinas.\",\"breadcrumb\":{\"@id\":\"https:\\\/\\\/cimacanarias.com\\\/desarrollo-de-equipamiento-para-prospecciones-y-exploraciones-submarinas\\\/#breadcrumb\"},\"inLanguage\":\"en-GB\",\"potentialAction\":[{\"@type\":\"ReadAction\",\"target\":[\"https:\\\/\\\/cimacanarias.com\\\/desarrollo-de-equipamiento-para-prospecciones-y-exploraciones-submarinas\\\/\"]}]},{\"@type\":\"ImageObject\",\"inLanguage\":\"en-GB\",\"@id\":\"https:\\\/\\\/cimacanarias.com\\\/desarrollo-de-equipamiento-para-prospecciones-y-exploraciones-submarinas\\\/#primaryimage\",\"url\":\"https:\\\/\\\/cimacanarias.com\\\/wp-content\\\/uploads\\\/2020\\\/09\\\/maletin.jpg\",\"contentUrl\":\"https:\\\/\\\/cimacanarias.com\\\/wp-content\\\/uploads\\\/2020\\\/09\\\/maletin.jpg\"},{\"@type\":\"BreadcrumbList\",\"@id\":\"https:\\\/\\\/cimacanarias.com\\\/desarrollo-de-equipamiento-para-prospecciones-y-exploraciones-submarinas\\\/#breadcrumb\",\"itemListElement\":[{\"@type\":\"ListItem\",\"position\":1,\"name\":\"Portada\",\"item\":\"https:\\\/\\\/cimacanarias.com\\\/\"},{\"@type\":\"ListItem\",\"position\":2,\"name\":\"Desarrollo de equipamiento para prospecciones y exploraciones submarinas\"}]},{\"@type\":\"WebSite\",\"@id\":\"https:\\\/\\\/cimacanarias.com\\\/#website\",\"url\":\"https:\\\/\\\/cimacanarias.com\\\/\",\"name\":\"Centro de Investigaciones Medioambientales del Atl\u00e1ntico\",\"description\":\"Centro de Investigaciones Medioambientales del Atl\u00e1ntico, S.L. es una consultora ambiental especializada en el medio marino que desarrolla asistencias t\u00e9cnicas, proyectos de gesti\u00f3n, an\u00e1lisis e investigaciones marinas.\",\"publisher\":{\"@id\":\"https:\\\/\\\/cimacanarias.com\\\/#organization\"},\"potentialAction\":[{\"@type\":\"SearchAction\",\"target\":{\"@type\":\"EntryPoint\",\"urlTemplate\":\"https:\\\/\\\/cimacanarias.com\\\/?s={search_term_string}\"},\"query-input\":{\"@type\":\"PropertyValueSpecification\",\"valueRequired\":true,\"valueName\":\"search_term_string\"}}],\"inLanguage\":\"en-GB\"},{\"@type\":\"Organization\",\"@id\":\"https:\\\/\\\/cimacanarias.com\\\/#organization\",\"name\":\"Centro de Investigaciones Medioambientales del Atl\u00e1ntico, S.L.\",\"url\":\"https:\\\/\\\/cimacanarias.com\\\/\",\"logo\":{\"@type\":\"ImageObject\",\"inLanguage\":\"en-GB\",\"@id\":\"https:\\\/\\\/cimacanarias.com\\\/#\\\/schema\\\/logo\\\/image\\\/\",\"url\":\"https:\\\/\\\/cimacanarias.com\\\/wp-content\\\/uploads\\\/2020\\\/06\\\/logo.png\",\"contentUrl\":\"https:\\\/\\\/cimacanarias.com\\\/wp-content\\\/uploads\\\/2020\\\/06\\\/logo.png\",\"width\":227,\"height\":80,\"caption\":\"Centro de Investigaciones Medioambientales del Atl\u00e1ntico, S.L.\"},\"image\":{\"@id\":\"https:\\\/\\\/cimacanarias.com\\\/#\\\/schema\\\/logo\\\/image\\\/\"}}]}<\/script>\n<!-- \/ Yoast SEO plugin. -->","yoast_head_json":{"title":"Desarrollo de equipamiento para prospecciones y exploraciones submarinas - Centro de Investigaciones Medioambientales del Atl\u00e1ntico","description":"Centro de Investigaciones Medioambientales del Atl\u00e1ntico, S.L. es una entidad privada especializada en el medio marino que desarrolla asistencias t\u00e9cnicas, proyectos de gesti\u00f3n, an\u00e1lisis e investigaciones marinas.","robots":{"index":"index","follow":"follow","max-snippet":"max-snippet:-1","max-image-preview":"max-image-preview:large","max-video-preview":"max-video-preview:-1"},"canonical":"https:\/\/cimacanarias.com\/en\/desarrollo-de-equipamiento-para-prospecciones-y-exploraciones-submarinas\/","og_locale":"en_GB","og_type":"article","og_title":"Desarrollo de equipamiento para prospecciones y exploraciones submarinas - Centro de Investigaciones Medioambientales del Atl\u00e1ntico","og_description":"Centro de Investigaciones Medioambientales del Atl\u00e1ntico, S.L. es una entidad privada especializada en el medio marino que desarrolla asistencias t\u00e9cnicas, proyectos de gesti\u00f3n, an\u00e1lisis e investigaciones marinas.","og_url":"https:\/\/cimacanarias.com\/en\/desarrollo-de-equipamiento-para-prospecciones-y-exploraciones-submarinas\/","og_site_name":"Centro de Investigaciones Medioambientales del Atl\u00e1ntico","article_modified_time":"2022-05-17T10:02:06+00:00","og_image":[{"url":"https:\/\/cimacanarias.com\/wp-content\/uploads\/2020\/09\/maletin.jpg","type":"","width":"","height":""}],"twitter_card":"summary_large_image","twitter_misc":{"Estimated reading time":"4 minutes"},"schema":{"@context":"https:\/\/schema.org","@graph":[{"@type":"WebPage","@id":"https:\/\/cimacanarias.com\/desarrollo-de-equipamiento-para-prospecciones-y-exploraciones-submarinas\/","url":"https:\/\/cimacanarias.com\/desarrollo-de-equipamiento-para-prospecciones-y-exploraciones-submarinas\/","name":"Desarrollo de equipamiento para prospecciones y exploraciones submarinas - Centro de Investigaciones Medioambientales del Atl\u00e1ntico","isPartOf":{"@id":"https:\/\/cimacanarias.com\/#website"},"primaryImageOfPage":{"@id":"https:\/\/cimacanarias.com\/desarrollo-de-equipamiento-para-prospecciones-y-exploraciones-submarinas\/#primaryimage"},"image":{"@id":"https:\/\/cimacanarias.com\/desarrollo-de-equipamiento-para-prospecciones-y-exploraciones-submarinas\/#primaryimage"},"thumbnailUrl":"https:\/\/cimacanarias.com\/wp-content\/uploads\/2020\/09\/maletin.jpg","datePublished":"2020-09-03T12:18:51+00:00","dateModified":"2022-05-17T10:02:06+00:00","description":"Centro de Investigaciones Medioambientales del Atl\u00e1ntico, S.L. es una entidad privada especializada en el medio marino que desarrolla asistencias t\u00e9cnicas, proyectos de gesti\u00f3n, an\u00e1lisis e investigaciones marinas.","breadcrumb":{"@id":"https:\/\/cimacanarias.com\/desarrollo-de-equipamiento-para-prospecciones-y-exploraciones-submarinas\/#breadcrumb"},"inLanguage":"en-GB","potentialAction":[{"@type":"ReadAction","target":["https:\/\/cimacanarias.com\/desarrollo-de-equipamiento-para-prospecciones-y-exploraciones-submarinas\/"]}]},{"@type":"ImageObject","inLanguage":"en-GB","@id":"https:\/\/cimacanarias.com\/desarrollo-de-equipamiento-para-prospecciones-y-exploraciones-submarinas\/#primaryimage","url":"https:\/\/cimacanarias.com\/wp-content\/uploads\/2020\/09\/maletin.jpg","contentUrl":"https:\/\/cimacanarias.com\/wp-content\/uploads\/2020\/09\/maletin.jpg"},{"@type":"BreadcrumbList","@id":"https:\/\/cimacanarias.com\/desarrollo-de-equipamiento-para-prospecciones-y-exploraciones-submarinas\/#breadcrumb","itemListElement":[{"@type":"ListItem","position":1,"name":"Portada","item":"https:\/\/cimacanarias.com\/"},{"@type":"ListItem","position":2,"name":"Desarrollo de equipamiento para prospecciones y exploraciones submarinas"}]},{"@type":"WebSite","@id":"https:\/\/cimacanarias.com\/#website","url":"https:\/\/cimacanarias.com\/","name":"Atlantic Center for Environmental Research","description":"Centro de Investigaciones Medioambientales del Atl\u00e1ntico, S.L. es una consultora ambiental especializada en el medio marino que desarrolla asistencias t\u00e9cnicas, proyectos de gesti\u00f3n, an\u00e1lisis e investigaciones marinas.","publisher":{"@id":"https:\/\/cimacanarias.com\/#organization"},"potentialAction":[{"@type":"SearchAction","target":{"@type":"EntryPoint","urlTemplate":"https:\/\/cimacanarias.com\/?s={search_term_string}"},"query-input":{"@type":"PropertyValueSpecification","valueRequired":true,"valueName":"search_term_string"}}],"inLanguage":"en-GB"},{"@type":"Organization","@id":"https:\/\/cimacanarias.com\/#organization","name":"Centro de Investigaciones Medioambientales del Atl\u00e1ntico, S.L.","url":"https:\/\/cimacanarias.com\/","logo":{"@type":"ImageObject","inLanguage":"en-GB","@id":"https:\/\/cimacanarias.com\/#\/schema\/logo\/image\/","url":"https:\/\/cimacanarias.com\/wp-content\/uploads\/2020\/06\/logo.png","contentUrl":"https:\/\/cimacanarias.com\/wp-content\/uploads\/2020\/06\/logo.png","width":227,"height":80,"caption":"Centro de Investigaciones Medioambientales del Atl\u00e1ntico, S.L."},"image":{"@id":"https:\/\/cimacanarias.com\/#\/schema\/logo\/image\/"}}]}},"_links":{"self":[{"href":"https:\/\/cimacanarias.com\/en\/wp-json\/wp\/v2\/pages\/1078","targetHints":{"allow":["GET"]}}],"collection":[{"href":"https:\/\/cimacanarias.com\/en\/wp-json\/wp\/v2\/pages"}],"about":[{"href":"https:\/\/cimacanarias.com\/en\/wp-json\/wp\/v2\/types\/page"}],"author":[{"embeddable":true,"href":"https:\/\/cimacanarias.com\/en\/wp-json\/wp\/v2\/users\/9"}],"replies":[{"embeddable":true,"href":"https:\/\/cimacanarias.com\/en\/wp-json\/wp\/v2\/comments?post=1078"}],"version-history":[{"count":4,"href":"https:\/\/cimacanarias.com\/en\/wp-json\/wp\/v2\/pages\/1078\/revisions"}],"predecessor-version":[{"id":2167,"href":"https:\/\/cimacanarias.com\/en\/wp-json\/wp\/v2\/pages\/1078\/revisions\/2167"}],"wp:attachment":[{"href":"https:\/\/cimacanarias.com\/en\/wp-json\/wp\/v2\/media?parent=1078"}],"curies":[{"name":"wp","href":"https:\/\/api.w.org\/{rel}","templated":true}]}}