{"id":1081,"date":"2020-09-03T12:27:02","date_gmt":"2020-09-03T12:27:02","guid":{"rendered":"http:\/\/cimacanarias.com\/?page_id=1081"},"modified":"2022-05-17T10:04:03","modified_gmt":"2022-05-17T10:04:03","slug":"estudios-de-impacto-y-seguimiento-ambiental-de-obras-y-actuaciones-maritimas","status":"publish","type":"page","link":"https:\/\/cimacanarias.com\/en\/estudios-de-impacto-y-seguimiento-ambiental-de-obras-y-actuaciones-maritimas\/","title":{"rendered":"Estudios de impacto y seguimiento ambiental de obras y actuaciones mar\u00edtimas"},"content":{"rendered":"<p><a href=\"https:\/\/cimacanarias.com\/wp-content\/uploads\/2020\/09\/intro-EIADragadog.jpg\"><img loading=\"lazy\" decoding=\"async\" class=\"alignright wp-image-1082\" src=\"https:\/\/cimacanarias.com\/wp-content\/uploads\/2020\/09\/intro-EIADragadog.jpg\" alt=\"\" width=\"400\" height=\"400\" srcset=\"https:\/\/cimacanarias.com\/wp-content\/uploads\/2020\/09\/intro-EIADragadog.jpg 550w, https:\/\/cimacanarias.com\/wp-content\/uploads\/2020\/09\/intro-EIADragadog-300x300.jpg 300w, https:\/\/cimacanarias.com\/wp-content\/uploads\/2020\/09\/intro-EIADragadog-150x150.jpg 150w\" sizes=\"auto, (max-width: 400px) 100vw, 400px\" \/><\/a><\/p>\n<p>Adem\u00e1s de los estudios ambientales relacionados con los vertidos tierra-mar, CIMA desarrolla todo tipo de proyectos ambientales (estudios de impacto, planes de vigilancia, estudios de viabilidad ambiental etc.) de aquellas actuaciones u obras mar\u00edtimas que puedan tener una afecci\u00f3n sobre el medio marino. .<\/p>\n<p>&nbsp;<\/p>\n<p>Entre los estudios realizados en el a\u00f1o 2017 podemos destacar:<\/p>\n<p>&nbsp;<\/p>\n<p align=\"justify\">&#8211; Estudio de viabilidad ambiental del proyecto&nbsp;<strong>\u201cPantal\u00e1n pilotado para atraque de embarcaciones de salvamento mar\u00edtimo en la prolongaci\u00f3n del muelle viejo del Puerto de Los Cristianos\u00bb<\/strong>.<\/p>\n<p align=\"justify\">&#8211; Caracterizaci\u00f3n ambiental del medio marino del Puerto de Santa Cruz de la Palma.<\/p>\n<p align=\"justify\">&#8211; Programa de Vigilancia Ambiental del&nbsp;<strong>\u201cProyecto de dragado en el muelle de Ribera de la D\u00e1rsena de Anaga\u201d<\/strong>&nbsp;en el puerto de Santa Cruz de Tenerife.<\/p>\n<p align=\"justify\">&#8211; Memoria ambiental del proyecto de&nbsp;<strong>\u201cDragado de la d\u00e1rsena de Anaga del puerto de Santa Cruz de Tenerife\u201d<\/strong>.<\/p>\n<p align=\"justify\">&#8211; Plan de muestreo de suelos, en los puertos de Los Cristianos, San Sebasti\u00e1n de la Gomera, Santa Cruz de la Palma y La Estaca (El Hierro), instalaci\u00f3n de red piezom\u00e9trica y seguimiento.<\/p>\n<p align=\"justify\">&#8211; Informe final del&nbsp;<strong>Plan de vigilancia ambiental del ensanche de la d\u00e1rsena pesquera<\/strong>&nbsp;del puerto de Santa Cruz de Tenerife 2004-2014.<\/p>\n<p align=\"justify\">&#8211; Caracterizaci\u00f3n del material de dragado y prospecci\u00f3n de la zona de reubicaci\u00f3n, en la D\u00e1rsena del Este del Puerto de Santa Cruz de Tenerife.<\/p>\n<p align=\"justify\">\n<p align=\"justify\">","protected":false},"excerpt":{"rendered":"<p>Adem\u00e1s de los estudios ambientales relacionados con los vertidos tierra-mar, CIMA desarrolla todo tipo de proyectos ambientales (estudios de impacto, [&hellip;]<\/p>\n","protected":false},"author":9,"featured_media":0,"parent":0,"menu_order":0,"comment_status":"closed","ping_status":"closed","template":"","meta":{"footnotes":""},"class_list":["post-1081","page","type-page","status-publish","hentry"],"yoast_head":"<!-- This site is optimized with the Yoast SEO plugin v27.5 - https:\/\/yoast.com\/product\/yoast-seo-wordpress\/ -->\n<title>Estudios de impacto y seguimiento ambiental de obras y actuaciones mar\u00edtimas - Centro de Investigaciones Medioambientales del Atl\u00e1ntico<\/title>\n<meta name=\"description\" content=\"Centro de Investigaciones Medioambientales del Atl\u00e1ntico, S.L. es una entidad privada especializada en el medio marino que desarrolla asistencias t\u00e9cnicas, proyectos de gesti\u00f3n, an\u00e1lisis e investigaciones marinas.\" \/>\n<meta name=\"robots\" content=\"index, follow, max-snippet:-1, max-image-preview:large, max-video-preview:-1\" \/>\n<link rel=\"canonical\" href=\"https:\/\/cimacanarias.com\/en\/estudios-de-impacto-y-seguimiento-ambiental-de-obras-y-actuaciones-maritimas\/\" \/>\n<meta property=\"og:locale\" content=\"en_GB\" \/>\n<meta property=\"og:type\" content=\"article\" \/>\n<meta property=\"og:title\" content=\"Estudios de impacto y seguimiento ambiental de obras y actuaciones mar\u00edtimas - Centro de Investigaciones Medioambientales del Atl\u00e1ntico\" \/>\n<meta property=\"og:description\" content=\"Centro de Investigaciones Medioambientales del Atl\u00e1ntico, S.L. es una entidad privada especializada en el medio marino que desarrolla asistencias t\u00e9cnicas, proyectos de gesti\u00f3n, an\u00e1lisis e investigaciones marinas.\" \/>\n<meta property=\"og:url\" content=\"https:\/\/cimacanarias.com\/en\/estudios-de-impacto-y-seguimiento-ambiental-de-obras-y-actuaciones-maritimas\/\" \/>\n<meta property=\"og:site_name\" content=\"Centro de Investigaciones Medioambientales del Atl\u00e1ntico\" \/>\n<meta property=\"article:modified_time\" content=\"2022-05-17T10:04:03+00:00\" \/>\n<meta property=\"og:image\" content=\"https:\/\/cimacanarias.com\/wp-content\/uploads\/2020\/09\/intro-EIADragadog.jpg\" \/>\n<meta name=\"twitter:card\" content=\"summary_large_image\" \/>\n<meta name=\"twitter:label1\" content=\"Estimated reading time\" \/>\n\t<meta name=\"twitter:data1\" content=\"2 minutes\" \/>\n<script type=\"application\/ld+json\" class=\"yoast-schema-graph\">{\"@context\":\"https:\\\/\\\/schema.org\",\"@graph\":[{\"@type\":\"WebPage\",\"@id\":\"https:\\\/\\\/cimacanarias.com\\\/estudios-de-impacto-y-seguimiento-ambiental-de-obras-y-actuaciones-maritimas\\\/\",\"url\":\"https:\\\/\\\/cimacanarias.com\\\/estudios-de-impacto-y-seguimiento-ambiental-de-obras-y-actuaciones-maritimas\\\/\",\"name\":\"Estudios de impacto y seguimiento ambiental de obras y actuaciones mar\u00edtimas - Centro de Investigaciones Medioambientales del Atl\u00e1ntico\",\"isPartOf\":{\"@id\":\"https:\\\/\\\/cimacanarias.com\\\/#website\"},\"primaryImageOfPage\":{\"@id\":\"https:\\\/\\\/cimacanarias.com\\\/estudios-de-impacto-y-seguimiento-ambiental-de-obras-y-actuaciones-maritimas\\\/#primaryimage\"},\"image\":{\"@id\":\"https:\\\/\\\/cimacanarias.com\\\/estudios-de-impacto-y-seguimiento-ambiental-de-obras-y-actuaciones-maritimas\\\/#primaryimage\"},\"thumbnailUrl\":\"https:\\\/\\\/cimacanarias.com\\\/wp-content\\\/uploads\\\/2020\\\/09\\\/intro-EIADragadog.jpg\",\"datePublished\":\"2020-09-03T12:27:02+00:00\",\"dateModified\":\"2022-05-17T10:04:03+00:00\",\"description\":\"Centro de Investigaciones Medioambientales del Atl\u00e1ntico, S.L. es una entidad privada especializada en el medio marino que desarrolla asistencias t\u00e9cnicas, proyectos de gesti\u00f3n, an\u00e1lisis e investigaciones marinas.\",\"breadcrumb\":{\"@id\":\"https:\\\/\\\/cimacanarias.com\\\/estudios-de-impacto-y-seguimiento-ambiental-de-obras-y-actuaciones-maritimas\\\/#breadcrumb\"},\"inLanguage\":\"en-GB\",\"potentialAction\":[{\"@type\":\"ReadAction\",\"target\":[\"https:\\\/\\\/cimacanarias.com\\\/estudios-de-impacto-y-seguimiento-ambiental-de-obras-y-actuaciones-maritimas\\\/\"]}]},{\"@type\":\"ImageObject\",\"inLanguage\":\"en-GB\",\"@id\":\"https:\\\/\\\/cimacanarias.com\\\/estudios-de-impacto-y-seguimiento-ambiental-de-obras-y-actuaciones-maritimas\\\/#primaryimage\",\"url\":\"https:\\\/\\\/cimacanarias.com\\\/wp-content\\\/uploads\\\/2020\\\/09\\\/intro-EIADragadog.jpg\",\"contentUrl\":\"https:\\\/\\\/cimacanarias.com\\\/wp-content\\\/uploads\\\/2020\\\/09\\\/intro-EIADragadog.jpg\"},{\"@type\":\"BreadcrumbList\",\"@id\":\"https:\\\/\\\/cimacanarias.com\\\/estudios-de-impacto-y-seguimiento-ambiental-de-obras-y-actuaciones-maritimas\\\/#breadcrumb\",\"itemListElement\":[{\"@type\":\"ListItem\",\"position\":1,\"name\":\"Portada\",\"item\":\"https:\\\/\\\/cimacanarias.com\\\/\"},{\"@type\":\"ListItem\",\"position\":2,\"name\":\"Estudios de impacto y seguimiento ambiental de obras y actuaciones mar\u00edtimas\"}]},{\"@type\":\"WebSite\",\"@id\":\"https:\\\/\\\/cimacanarias.com\\\/#website\",\"url\":\"https:\\\/\\\/cimacanarias.com\\\/\",\"name\":\"Centro de Investigaciones Medioambientales del Atl\u00e1ntico\",\"description\":\"Centro de Investigaciones Medioambientales del Atl\u00e1ntico, S.L. es una consultora ambiental especializada en el medio marino que desarrolla asistencias t\u00e9cnicas, proyectos de gesti\u00f3n, an\u00e1lisis e investigaciones marinas.\",\"publisher\":{\"@id\":\"https:\\\/\\\/cimacanarias.com\\\/#organization\"},\"potentialAction\":[{\"@type\":\"SearchAction\",\"target\":{\"@type\":\"EntryPoint\",\"urlTemplate\":\"https:\\\/\\\/cimacanarias.com\\\/?s={search_term_string}\"},\"query-input\":{\"@type\":\"PropertyValueSpecification\",\"valueRequired\":true,\"valueName\":\"search_term_string\"}}],\"inLanguage\":\"en-GB\"},{\"@type\":\"Organization\",\"@id\":\"https:\\\/\\\/cimacanarias.com\\\/#organization\",\"name\":\"Centro de Investigaciones Medioambientales del Atl\u00e1ntico, S.L.\",\"url\":\"https:\\\/\\\/cimacanarias.com\\\/\",\"logo\":{\"@type\":\"ImageObject\",\"inLanguage\":\"en-GB\",\"@id\":\"https:\\\/\\\/cimacanarias.com\\\/#\\\/schema\\\/logo\\\/image\\\/\",\"url\":\"https:\\\/\\\/cimacanarias.com\\\/wp-content\\\/uploads\\\/2020\\\/06\\\/logo.png\",\"contentUrl\":\"https:\\\/\\\/cimacanarias.com\\\/wp-content\\\/uploads\\\/2020\\\/06\\\/logo.png\",\"width\":227,\"height\":80,\"caption\":\"Centro de Investigaciones Medioambientales del Atl\u00e1ntico, S.L.\"},\"image\":{\"@id\":\"https:\\\/\\\/cimacanarias.com\\\/#\\\/schema\\\/logo\\\/image\\\/\"}}]}<\/script>\n<!-- \/ Yoast SEO plugin. -->","yoast_head_json":{"title":"Estudios de impacto y seguimiento ambiental de obras y actuaciones mar\u00edtimas - Centro de Investigaciones Medioambientales del Atl\u00e1ntico","description":"Centro de Investigaciones Medioambientales del Atl\u00e1ntico, S.L. es una entidad privada especializada en el medio marino que desarrolla asistencias t\u00e9cnicas, proyectos de gesti\u00f3n, an\u00e1lisis e investigaciones marinas.","robots":{"index":"index","follow":"follow","max-snippet":"max-snippet:-1","max-image-preview":"max-image-preview:large","max-video-preview":"max-video-preview:-1"},"canonical":"https:\/\/cimacanarias.com\/en\/estudios-de-impacto-y-seguimiento-ambiental-de-obras-y-actuaciones-maritimas\/","og_locale":"en_GB","og_type":"article","og_title":"Estudios de impacto y seguimiento ambiental de obras y actuaciones mar\u00edtimas - Centro de Investigaciones Medioambientales del Atl\u00e1ntico","og_description":"Centro de Investigaciones Medioambientales del Atl\u00e1ntico, S.L. es una entidad privada especializada en el medio marino que desarrolla asistencias t\u00e9cnicas, proyectos de gesti\u00f3n, an\u00e1lisis e investigaciones marinas.","og_url":"https:\/\/cimacanarias.com\/en\/estudios-de-impacto-y-seguimiento-ambiental-de-obras-y-actuaciones-maritimas\/","og_site_name":"Centro de Investigaciones Medioambientales del Atl\u00e1ntico","article_modified_time":"2022-05-17T10:04:03+00:00","og_image":[{"url":"https:\/\/cimacanarias.com\/wp-content\/uploads\/2020\/09\/intro-EIADragadog.jpg","type":"","width":"","height":""}],"twitter_card":"summary_large_image","twitter_misc":{"Estimated reading time":"2 minutes"},"schema":{"@context":"https:\/\/schema.org","@graph":[{"@type":"WebPage","@id":"https:\/\/cimacanarias.com\/estudios-de-impacto-y-seguimiento-ambiental-de-obras-y-actuaciones-maritimas\/","url":"https:\/\/cimacanarias.com\/estudios-de-impacto-y-seguimiento-ambiental-de-obras-y-actuaciones-maritimas\/","name":"Estudios de impacto y seguimiento ambiental de obras y actuaciones mar\u00edtimas - Centro de Investigaciones Medioambientales del Atl\u00e1ntico","isPartOf":{"@id":"https:\/\/cimacanarias.com\/#website"},"primaryImageOfPage":{"@id":"https:\/\/cimacanarias.com\/estudios-de-impacto-y-seguimiento-ambiental-de-obras-y-actuaciones-maritimas\/#primaryimage"},"image":{"@id":"https:\/\/cimacanarias.com\/estudios-de-impacto-y-seguimiento-ambiental-de-obras-y-actuaciones-maritimas\/#primaryimage"},"thumbnailUrl":"https:\/\/cimacanarias.com\/wp-content\/uploads\/2020\/09\/intro-EIADragadog.jpg","datePublished":"2020-09-03T12:27:02+00:00","dateModified":"2022-05-17T10:04:03+00:00","description":"Centro de Investigaciones Medioambientales del Atl\u00e1ntico, S.L. es una entidad privada especializada en el medio marino que desarrolla asistencias t\u00e9cnicas, proyectos de gesti\u00f3n, an\u00e1lisis e investigaciones marinas.","breadcrumb":{"@id":"https:\/\/cimacanarias.com\/estudios-de-impacto-y-seguimiento-ambiental-de-obras-y-actuaciones-maritimas\/#breadcrumb"},"inLanguage":"en-GB","potentialAction":[{"@type":"ReadAction","target":["https:\/\/cimacanarias.com\/estudios-de-impacto-y-seguimiento-ambiental-de-obras-y-actuaciones-maritimas\/"]}]},{"@type":"ImageObject","inLanguage":"en-GB","@id":"https:\/\/cimacanarias.com\/estudios-de-impacto-y-seguimiento-ambiental-de-obras-y-actuaciones-maritimas\/#primaryimage","url":"https:\/\/cimacanarias.com\/wp-content\/uploads\/2020\/09\/intro-EIADragadog.jpg","contentUrl":"https:\/\/cimacanarias.com\/wp-content\/uploads\/2020\/09\/intro-EIADragadog.jpg"},{"@type":"BreadcrumbList","@id":"https:\/\/cimacanarias.com\/estudios-de-impacto-y-seguimiento-ambiental-de-obras-y-actuaciones-maritimas\/#breadcrumb","itemListElement":[{"@type":"ListItem","position":1,"name":"Portada","item":"https:\/\/cimacanarias.com\/"},{"@type":"ListItem","position":2,"name":"Estudios de impacto y seguimiento ambiental de obras y actuaciones mar\u00edtimas"}]},{"@type":"WebSite","@id":"https:\/\/cimacanarias.com\/#website","url":"https:\/\/cimacanarias.com\/","name":"Atlantic Center for Environmental Research","description":"Centro de Investigaciones Medioambientales del Atl\u00e1ntico, S.L. es una consultora ambiental especializada en el medio marino que desarrolla asistencias t\u00e9cnicas, proyectos de gesti\u00f3n, an\u00e1lisis e investigaciones marinas.","publisher":{"@id":"https:\/\/cimacanarias.com\/#organization"},"potentialAction":[{"@type":"SearchAction","target":{"@type":"EntryPoint","urlTemplate":"https:\/\/cimacanarias.com\/?s={search_term_string}"},"query-input":{"@type":"PropertyValueSpecification","valueRequired":true,"valueName":"search_term_string"}}],"inLanguage":"en-GB"},{"@type":"Organization","@id":"https:\/\/cimacanarias.com\/#organization","name":"Centro de Investigaciones Medioambientales del Atl\u00e1ntico, S.L.","url":"https:\/\/cimacanarias.com\/","logo":{"@type":"ImageObject","inLanguage":"en-GB","@id":"https:\/\/cimacanarias.com\/#\/schema\/logo\/image\/","url":"https:\/\/cimacanarias.com\/wp-content\/uploads\/2020\/06\/logo.png","contentUrl":"https:\/\/cimacanarias.com\/wp-content\/uploads\/2020\/06\/logo.png","width":227,"height":80,"caption":"Centro de Investigaciones Medioambientales del Atl\u00e1ntico, S.L."},"image":{"@id":"https:\/\/cimacanarias.com\/#\/schema\/logo\/image\/"}}]}},"_links":{"self":[{"href":"https:\/\/cimacanarias.com\/en\/wp-json\/wp\/v2\/pages\/1081","targetHints":{"allow":["GET"]}}],"collection":[{"href":"https:\/\/cimacanarias.com\/en\/wp-json\/wp\/v2\/pages"}],"about":[{"href":"https:\/\/cimacanarias.com\/en\/wp-json\/wp\/v2\/types\/page"}],"author":[{"embeddable":true,"href":"https:\/\/cimacanarias.com\/en\/wp-json\/wp\/v2\/users\/9"}],"replies":[{"embeddable":true,"href":"https:\/\/cimacanarias.com\/en\/wp-json\/wp\/v2\/comments?post=1081"}],"version-history":[{"count":3,"href":"https:\/\/cimacanarias.com\/en\/wp-json\/wp\/v2\/pages\/1081\/revisions"}],"predecessor-version":[{"id":1156,"href":"https:\/\/cimacanarias.com\/en\/wp-json\/wp\/v2\/pages\/1081\/revisions\/1156"}],"wp:attachment":[{"href":"https:\/\/cimacanarias.com\/en\/wp-json\/wp\/v2\/media?parent=1081"}],"curies":[{"name":"wp","href":"https:\/\/api.w.org\/{rel}","templated":true}]}}