{"id":1085,"date":"2020-09-03T12:32:01","date_gmt":"2020-09-03T12:32:01","guid":{"rendered":"http:\/\/cimacanarias.com\/?page_id=1085"},"modified":"2022-06-07T09:03:04","modified_gmt":"2022-06-07T09:03:04","slug":"proyectos-de-idi-actuales","status":"publish","type":"page","link":"https:\/\/cimacanarias.com\/en\/proyectos-de-idi-actuales\/","title":{"rendered":"Current R&amp;D&amp;I projects"},"content":{"rendered":"<p><a href=\"https:\/\/cimacanarias.com\/wp-content\/uploads\/2020\/09\/idi.jpg\"><img loading=\"lazy\" decoding=\"async\" class=\"alignright wp-image-1086\" src=\"https:\/\/cimacanarias.com\/wp-content\/uploads\/2020\/09\/idi.jpg\" alt=\"\" width=\"400\" height=\"400\" srcset=\"https:\/\/cimacanarias.com\/wp-content\/uploads\/2020\/09\/idi.jpg 550w, https:\/\/cimacanarias.com\/wp-content\/uploads\/2020\/09\/idi-300x300.jpg 300w, https:\/\/cimacanarias.com\/wp-content\/uploads\/2020\/09\/idi-150x150.jpg 150w\" sizes=\"auto, (max-width: 400px) 100vw, 400px\" \/><\/a><\/p>\n<p align=\"justify\">CIMA's activity is almost entirely focused on research and innovation, with an R&amp;D&amp;I department that develops research projects aimed at integrating the results of these studies into the company\u2019s strategic knowledge.<\/p>\n<p align=\"justify\">Among the R&amp;D&amp;I projects in which CIMA is currently participating are:<\/p>\n<p><span style=\"font-weight: 400;\">\u2013 \u201cCartography: Study of the Conservation Status of Seagrass Beds in the Eastern Islands: Lanzarote, Fuerteventura, and Gran Canaria,\u201d promoted by the Government of the Canary Islands and co-financed by the FEDER Canarias Operational Program (2014-2020).<\/span><\/p>\n<p><span style=\"font-weight: 400;\">\u2013 Study of the delimitation, characterization, and distribution of the coralligenous community, and monitoring of the conservation status of protected algal species of the genera Tretacantha, Carpodesmia, and Gelidium. <i>Tretacantha, Carpodesmia\u00a0<\/i>and\u00a0<i>Gelidium<\/i><\/span><\/p>\n<p>\u2013 Oceanographic campaigns for the research of cetaceans and marine turtles in the area of Lanzarote and Fuerteventura, within the framework of the LIFE INTEMARES Project, coordinated by the Biodiversity Foundation.<\/p>\n\n\n<hr>\n\n\n\n<h2 class=\"wp-block-heading\"><strong>Continuous Projects<\/strong><\/h2>\n\n\n\n<p>At CIMA, we carry out a series of ongoing activities and projects. Among these, the following stand out:<\/p>\n\n\n\n<div class=\"wp-block-media-text alignwide is-stacked-on-mobile\" style=\"grid-template-columns:22% auto\"><figure class=\"wp-block-media-text__media\"><img loading=\"lazy\" decoding=\"async\" width=\"1417\" height=\"931\" src=\"https:\/\/cimacanarias.com\/wp-content\/uploads\/2022\/05\/2010_06_correntimetro-las-americas_foto-sergio-2.jpg\" alt=\"\" class=\"wp-image-2097 size-full\" srcset=\"https:\/\/cimacanarias.com\/wp-content\/uploads\/2022\/05\/2010_06_correntimetro-las-americas_foto-sergio-2.jpg 1417w, https:\/\/cimacanarias.com\/wp-content\/uploads\/2022\/05\/2010_06_correntimetro-las-americas_foto-sergio-2-300x197.jpg 300w, https:\/\/cimacanarias.com\/wp-content\/uploads\/2022\/05\/2010_06_correntimetro-las-americas_foto-sergio-2-768x505.jpg 768w\" sizes=\"auto, (max-width: 1417px) 100vw, 1417px\" \/><\/figure><div class=\"wp-block-media-text__content\">\n<p style=\"font-size:16px\">\u2013 Environmental Monitoring and Control Plans for land-to-sea discharges.<\/p>\n<\/div><\/div>\n\n\n\n<hr>\n\n\n\n<div class=\"wp-block-media-text alignwide is-stacked-on-mobile\" style=\"grid-template-columns:22% auto\"><figure class=\"wp-block-media-text__media\"><img loading=\"lazy\" decoding=\"async\" width=\"2048\" height=\"1536\" src=\"https:\/\/cimacanarias.com\/wp-content\/uploads\/2022\/05\/2018_09_FV_Gran-Tarajal_Fauna-7-min-2048x1536.jpg\" alt=\"\" class=\"wp-image-2098 size-full\" srcset=\"https:\/\/cimacanarias.com\/wp-content\/uploads\/2022\/05\/2018_09_FV_Gran-Tarajal_Fauna-7-min-2048x1536.jpg 2048w, https:\/\/cimacanarias.com\/wp-content\/uploads\/2022\/05\/2018_09_FV_Gran-Tarajal_Fauna-7-min-300x225.jpg 300w, https:\/\/cimacanarias.com\/wp-content\/uploads\/2022\/05\/2018_09_FV_Gran-Tarajal_Fauna-7-min-768x576.jpg 768w, https:\/\/cimacanarias.com\/wp-content\/uploads\/2022\/05\/2018_09_FV_Gran-Tarajal_Fauna-7-min-1536x1152.jpg 1536w\" sizes=\"auto, (max-width: 2048px) 100vw, 2048px\" \/><\/figure><div class=\"wp-block-media-text__content\">\n<p style=\"font-size:16px\">\u2013 Taxonomic identification of marine macrofauna and meiofauna, and application of Biotic Indexes. Accredited by ENAC.<\/p>\n<\/div><\/div>\n\n\n\n<hr>\n\n\n\n<div class=\"wp-block-media-text alignwide is-stacked-on-mobile\" style=\"grid-template-columns:22% auto\"><figure class=\"wp-block-media-text__media\"><img loading=\"lazy\" decoding=\"async\" width=\"2048\" height=\"1536\" src=\"https:\/\/cimacanarias.com\/wp-content\/uploads\/2022\/05\/2020_09_25_NASAS-Y-CAZONAL_MaDOLORES-31-min-2048x1536.jpg\" alt=\"\" class=\"wp-image-2099 size-full\" srcset=\"https:\/\/cimacanarias.com\/wp-content\/uploads\/2022\/05\/2020_09_25_NASAS-Y-CAZONAL_MaDOLORES-31-min-2048x1536.jpg 2048w, https:\/\/cimacanarias.com\/wp-content\/uploads\/2022\/05\/2020_09_25_NASAS-Y-CAZONAL_MaDOLORES-31-min-300x225.jpg 300w, https:\/\/cimacanarias.com\/wp-content\/uploads\/2022\/05\/2020_09_25_NASAS-Y-CAZONAL_MaDOLORES-31-min-768x576.jpg 768w, https:\/\/cimacanarias.com\/wp-content\/uploads\/2022\/05\/2020_09_25_NASAS-Y-CAZONAL_MaDOLORES-31-min-1536x1152.jpg 1536w\" sizes=\"auto, (max-width: 2048px) 100vw, 2048px\" \/><\/figure><div class=\"wp-block-media-text__content\">\n<p style=\"font-size:16px\">\u2013 Fishery Biology studies focusing primarily on the Canary Islands artisanal fleet, related to the analysis of fish stocks and catches made with different fishing gears.<\/p>\n<\/div><\/div>\n\n\n\n<hr>\n\n\n\n<p><strong><a href=\"https:\/\/cimacanarias.com\/en\/proyectos-idi-anteriores\/\" target=\"_blank\" rel=\"noreferrer noopener\">Previous Campaign R&amp;D&amp;i Projects<\/a><\/strong><\/p>","protected":false},"excerpt":{"rendered":"<p>La actividad de CIMA es pr\u00e1cticamente en su totalidad de investigaci\u00f3n e innovaci\u00f3n y cuenta con un departamento de I+D+i [&hellip;]<\/p>\n","protected":false},"author":9,"featured_media":0,"parent":0,"menu_order":0,"comment_status":"closed","ping_status":"closed","template":"","meta":{"footnotes":""},"class_list":["post-1085","page","type-page","status-publish","hentry"],"yoast_head":"<!-- This site is optimized with the Yoast SEO plugin v27.3 - https:\/\/yoast.com\/product\/yoast-seo-wordpress\/ -->\n<title>Proyectos de I+D+i actuales - Centro de Investigaciones Medioambientales del Atl\u00e1ntico<\/title>\n<meta name=\"description\" content=\"Centro de Investigaciones Medioambientales del Atl\u00e1ntico, S.L. es una entidad privada especializada en el medio marino que desarrolla asistencias t\u00e9cnicas, proyectos de gesti\u00f3n, an\u00e1lisis e investigaciones marinas.\" \/>\n<meta name=\"robots\" content=\"index, follow, max-snippet:-1, max-image-preview:large, max-video-preview:-1\" \/>\n<link rel=\"canonical\" href=\"https:\/\/cimacanarias.com\/en\/proyectos-de-idi-actuales\/\" \/>\n<meta property=\"og:locale\" content=\"en_GB\" \/>\n<meta property=\"og:type\" content=\"article\" \/>\n<meta property=\"og:title\" content=\"Proyectos de I+D+i actuales - Centro de Investigaciones Medioambientales del Atl\u00e1ntico\" \/>\n<meta property=\"og:description\" content=\"Centro de Investigaciones Medioambientales del Atl\u00e1ntico, S.L. es una entidad privada especializada en el medio marino que desarrolla asistencias t\u00e9cnicas, proyectos de gesti\u00f3n, an\u00e1lisis e investigaciones marinas.\" \/>\n<meta property=\"og:url\" content=\"https:\/\/cimacanarias.com\/en\/proyectos-de-idi-actuales\/\" \/>\n<meta property=\"og:site_name\" content=\"Centro de Investigaciones Medioambientales del Atl\u00e1ntico\" \/>\n<meta property=\"article:modified_time\" content=\"2022-06-07T09:03:04+00:00\" \/>\n<meta property=\"og:image\" content=\"https:\/\/cimacanarias.com\/wp-content\/uploads\/2020\/09\/idi.jpg\" \/>\n<meta name=\"twitter:card\" content=\"summary_large_image\" \/>\n<meta name=\"twitter:label1\" content=\"Estimated reading time\" \/>\n\t<meta name=\"twitter:data1\" content=\"2 minutes\" \/>\n<script type=\"application\/ld+json\" class=\"yoast-schema-graph\">{\"@context\":\"https:\\\/\\\/schema.org\",\"@graph\":[{\"@type\":\"WebPage\",\"@id\":\"https:\\\/\\\/cimacanarias.com\\\/proyectos-de-idi-actuales\\\/\",\"url\":\"https:\\\/\\\/cimacanarias.com\\\/proyectos-de-idi-actuales\\\/\",\"name\":\"Proyectos de I+D+i actuales - Centro de Investigaciones Medioambientales del Atl\u00e1ntico\",\"isPartOf\":{\"@id\":\"https:\\\/\\\/cimacanarias.com\\\/#website\"},\"primaryImageOfPage\":{\"@id\":\"https:\\\/\\\/cimacanarias.com\\\/proyectos-de-idi-actuales\\\/#primaryimage\"},\"image\":{\"@id\":\"https:\\\/\\\/cimacanarias.com\\\/proyectos-de-idi-actuales\\\/#primaryimage\"},\"thumbnailUrl\":\"https:\\\/\\\/cimacanarias.com\\\/wp-content\\\/uploads\\\/2020\\\/09\\\/idi.jpg\",\"datePublished\":\"2020-09-03T12:32:01+00:00\",\"dateModified\":\"2022-06-07T09:03:04+00:00\",\"description\":\"Centro de Investigaciones Medioambientales del Atl\u00e1ntico, S.L. es una entidad privada especializada en el medio marino que desarrolla asistencias t\u00e9cnicas, proyectos de gesti\u00f3n, an\u00e1lisis e investigaciones marinas.\",\"breadcrumb\":{\"@id\":\"https:\\\/\\\/cimacanarias.com\\\/proyectos-de-idi-actuales\\\/#breadcrumb\"},\"inLanguage\":\"en-GB\",\"potentialAction\":[{\"@type\":\"ReadAction\",\"target\":[\"https:\\\/\\\/cimacanarias.com\\\/proyectos-de-idi-actuales\\\/\"]}]},{\"@type\":\"ImageObject\",\"inLanguage\":\"en-GB\",\"@id\":\"https:\\\/\\\/cimacanarias.com\\\/proyectos-de-idi-actuales\\\/#primaryimage\",\"url\":\"https:\\\/\\\/cimacanarias.com\\\/wp-content\\\/uploads\\\/2020\\\/09\\\/idi.jpg\",\"contentUrl\":\"https:\\\/\\\/cimacanarias.com\\\/wp-content\\\/uploads\\\/2020\\\/09\\\/idi.jpg\"},{\"@type\":\"BreadcrumbList\",\"@id\":\"https:\\\/\\\/cimacanarias.com\\\/proyectos-de-idi-actuales\\\/#breadcrumb\",\"itemListElement\":[{\"@type\":\"ListItem\",\"position\":1,\"name\":\"Portada\",\"item\":\"https:\\\/\\\/cimacanarias.com\\\/\"},{\"@type\":\"ListItem\",\"position\":2,\"name\":\"Proyectos de I+D+i actuales\"}]},{\"@type\":\"WebSite\",\"@id\":\"https:\\\/\\\/cimacanarias.com\\\/#website\",\"url\":\"https:\\\/\\\/cimacanarias.com\\\/\",\"name\":\"Centro de Investigaciones Medioambientales del Atl\u00e1ntico\",\"description\":\"Centro de Investigaciones Medioambientales del Atl\u00e1ntico, S.L. es una consultora ambiental especializada en el medio marino que desarrolla asistencias t\u00e9cnicas, proyectos de gesti\u00f3n, an\u00e1lisis e investigaciones marinas.\",\"publisher\":{\"@id\":\"https:\\\/\\\/cimacanarias.com\\\/#organization\"},\"potentialAction\":[{\"@type\":\"SearchAction\",\"target\":{\"@type\":\"EntryPoint\",\"urlTemplate\":\"https:\\\/\\\/cimacanarias.com\\\/?s={search_term_string}\"},\"query-input\":{\"@type\":\"PropertyValueSpecification\",\"valueRequired\":true,\"valueName\":\"search_term_string\"}}],\"inLanguage\":\"en-GB\"},{\"@type\":\"Organization\",\"@id\":\"https:\\\/\\\/cimacanarias.com\\\/#organization\",\"name\":\"Centro de Investigaciones Medioambientales del Atl\u00e1ntico, S.L.\",\"url\":\"https:\\\/\\\/cimacanarias.com\\\/\",\"logo\":{\"@type\":\"ImageObject\",\"inLanguage\":\"en-GB\",\"@id\":\"https:\\\/\\\/cimacanarias.com\\\/#\\\/schema\\\/logo\\\/image\\\/\",\"url\":\"https:\\\/\\\/cimacanarias.com\\\/wp-content\\\/uploads\\\/2020\\\/06\\\/logo.png\",\"contentUrl\":\"https:\\\/\\\/cimacanarias.com\\\/wp-content\\\/uploads\\\/2020\\\/06\\\/logo.png\",\"width\":227,\"height\":80,\"caption\":\"Centro de Investigaciones Medioambientales del Atl\u00e1ntico, S.L.\"},\"image\":{\"@id\":\"https:\\\/\\\/cimacanarias.com\\\/#\\\/schema\\\/logo\\\/image\\\/\"}}]}<\/script>\n<!-- \/ Yoast SEO plugin. -->","yoast_head_json":{"title":"Proyectos de I+D+i actuales - Centro de Investigaciones Medioambientales del Atl\u00e1ntico","description":"Centro de Investigaciones Medioambientales del Atl\u00e1ntico, S.L. es una entidad privada especializada en el medio marino que desarrolla asistencias t\u00e9cnicas, proyectos de gesti\u00f3n, an\u00e1lisis e investigaciones marinas.","robots":{"index":"index","follow":"follow","max-snippet":"max-snippet:-1","max-image-preview":"max-image-preview:large","max-video-preview":"max-video-preview:-1"},"canonical":"https:\/\/cimacanarias.com\/en\/proyectos-de-idi-actuales\/","og_locale":"en_GB","og_type":"article","og_title":"Proyectos de I+D+i actuales - Centro de Investigaciones Medioambientales del Atl\u00e1ntico","og_description":"Centro de Investigaciones Medioambientales del Atl\u00e1ntico, S.L. es una entidad privada especializada en el medio marino que desarrolla asistencias t\u00e9cnicas, proyectos de gesti\u00f3n, an\u00e1lisis e investigaciones marinas.","og_url":"https:\/\/cimacanarias.com\/en\/proyectos-de-idi-actuales\/","og_site_name":"Centro de Investigaciones Medioambientales del Atl\u00e1ntico","article_modified_time":"2022-06-07T09:03:04+00:00","og_image":[{"url":"https:\/\/cimacanarias.com\/wp-content\/uploads\/2020\/09\/idi.jpg","type":"","width":"","height":""}],"twitter_card":"summary_large_image","twitter_misc":{"Estimated reading time":"2 minutes"},"schema":{"@context":"https:\/\/schema.org","@graph":[{"@type":"WebPage","@id":"https:\/\/cimacanarias.com\/proyectos-de-idi-actuales\/","url":"https:\/\/cimacanarias.com\/proyectos-de-idi-actuales\/","name":"Proyectos de I+D+i actuales - Centro de Investigaciones Medioambientales del Atl\u00e1ntico","isPartOf":{"@id":"https:\/\/cimacanarias.com\/#website"},"primaryImageOfPage":{"@id":"https:\/\/cimacanarias.com\/proyectos-de-idi-actuales\/#primaryimage"},"image":{"@id":"https:\/\/cimacanarias.com\/proyectos-de-idi-actuales\/#primaryimage"},"thumbnailUrl":"https:\/\/cimacanarias.com\/wp-content\/uploads\/2020\/09\/idi.jpg","datePublished":"2020-09-03T12:32:01+00:00","dateModified":"2022-06-07T09:03:04+00:00","description":"Centro de Investigaciones Medioambientales del Atl\u00e1ntico, S.L. es una entidad privada especializada en el medio marino que desarrolla asistencias t\u00e9cnicas, proyectos de gesti\u00f3n, an\u00e1lisis e investigaciones marinas.","breadcrumb":{"@id":"https:\/\/cimacanarias.com\/proyectos-de-idi-actuales\/#breadcrumb"},"inLanguage":"en-GB","potentialAction":[{"@type":"ReadAction","target":["https:\/\/cimacanarias.com\/proyectos-de-idi-actuales\/"]}]},{"@type":"ImageObject","inLanguage":"en-GB","@id":"https:\/\/cimacanarias.com\/proyectos-de-idi-actuales\/#primaryimage","url":"https:\/\/cimacanarias.com\/wp-content\/uploads\/2020\/09\/idi.jpg","contentUrl":"https:\/\/cimacanarias.com\/wp-content\/uploads\/2020\/09\/idi.jpg"},{"@type":"BreadcrumbList","@id":"https:\/\/cimacanarias.com\/proyectos-de-idi-actuales\/#breadcrumb","itemListElement":[{"@type":"ListItem","position":1,"name":"Portada","item":"https:\/\/cimacanarias.com\/"},{"@type":"ListItem","position":2,"name":"Proyectos de I+D+i actuales"}]},{"@type":"WebSite","@id":"https:\/\/cimacanarias.com\/#website","url":"https:\/\/cimacanarias.com\/","name":"Atlantic Center for Environmental Research","description":"Centro de Investigaciones Medioambientales del Atl\u00e1ntico, S.L. es una consultora ambiental especializada en el medio marino que desarrolla asistencias t\u00e9cnicas, proyectos de gesti\u00f3n, an\u00e1lisis e investigaciones marinas.","publisher":{"@id":"https:\/\/cimacanarias.com\/#organization"},"potentialAction":[{"@type":"SearchAction","target":{"@type":"EntryPoint","urlTemplate":"https:\/\/cimacanarias.com\/?s={search_term_string}"},"query-input":{"@type":"PropertyValueSpecification","valueRequired":true,"valueName":"search_term_string"}}],"inLanguage":"en-GB"},{"@type":"Organization","@id":"https:\/\/cimacanarias.com\/#organization","name":"Centro de Investigaciones Medioambientales del Atl\u00e1ntico, S.L.","url":"https:\/\/cimacanarias.com\/","logo":{"@type":"ImageObject","inLanguage":"en-GB","@id":"https:\/\/cimacanarias.com\/#\/schema\/logo\/image\/","url":"https:\/\/cimacanarias.com\/wp-content\/uploads\/2020\/06\/logo.png","contentUrl":"https:\/\/cimacanarias.com\/wp-content\/uploads\/2020\/06\/logo.png","width":227,"height":80,"caption":"Centro de Investigaciones Medioambientales del Atl\u00e1ntico, S.L."},"image":{"@id":"https:\/\/cimacanarias.com\/#\/schema\/logo\/image\/"}}]}},"_links":{"self":[{"href":"https:\/\/cimacanarias.com\/en\/wp-json\/wp\/v2\/pages\/1085","targetHints":{"allow":["GET"]}}],"collection":[{"href":"https:\/\/cimacanarias.com\/en\/wp-json\/wp\/v2\/pages"}],"about":[{"href":"https:\/\/cimacanarias.com\/en\/wp-json\/wp\/v2\/types\/page"}],"author":[{"embeddable":true,"href":"https:\/\/cimacanarias.com\/en\/wp-json\/wp\/v2\/users\/9"}],"replies":[{"embeddable":true,"href":"https:\/\/cimacanarias.com\/en\/wp-json\/wp\/v2\/comments?post=1085"}],"version-history":[{"count":14,"href":"https:\/\/cimacanarias.com\/en\/wp-json\/wp\/v2\/pages\/1085\/revisions"}],"predecessor-version":[{"id":2219,"href":"https:\/\/cimacanarias.com\/en\/wp-json\/wp\/v2\/pages\/1085\/revisions\/2219"}],"wp:attachment":[{"href":"https:\/\/cimacanarias.com\/en\/wp-json\/wp\/v2\/media?parent=1085"}],"curies":[{"name":"wp","href":"https:\/\/api.w.org\/{rel}","templated":true}]}}