{"id":1088,"date":"2020-09-03T12:36:14","date_gmt":"2020-09-03T12:36:14","guid":{"rendered":"http:\/\/cimacanarias.com\/?page_id=1088"},"modified":"2022-05-13T09:56:41","modified_gmt":"2022-05-13T09:56:41","slug":"proyectos-idi-anteriores","status":"publish","type":"page","link":"https:\/\/cimacanarias.com\/en\/proyectos-idi-anteriores\/","title":{"rendered":"Past R&amp;D&amp;I projects"},"content":{"rendered":"<div class=\"wp-block-media-text alignwide is-stacked-on-mobile\" style=\"grid-template-columns:15% auto\"><figure class=\"wp-block-media-text__media\"><img loading=\"lazy\" decoding=\"async\" width=\"1296\" height=\"1101\" src=\"https:\/\/cimacanarias.com\/wp-content\/uploads\/2022\/05\/2018_06_MIMAR-GC_Buceo-R-S-Codo_MRGC-13.jpg\" alt=\"\" class=\"wp-image-2091 size-full\" srcset=\"https:\/\/cimacanarias.com\/wp-content\/uploads\/2022\/05\/2018_06_MIMAR-GC_Buceo-R-S-Codo_MRGC-13.jpg 1296w, https:\/\/cimacanarias.com\/wp-content\/uploads\/2022\/05\/2018_06_MIMAR-GC_Buceo-R-S-Codo_MRGC-13-300x255.jpg 300w, https:\/\/cimacanarias.com\/wp-content\/uploads\/2022\/05\/2018_06_MIMAR-GC_Buceo-R-S-Codo_MRGC-13-768x652.jpg 768w\" sizes=\"auto, (max-width: 1296px) 100vw, 1296px\" \/><\/figure><div class=\"wp-block-media-text__content\">\n<p style=\"font-size:16px\">\u2013 Characterization and monitoring of the introduction of marine species in the ports of the Canary Islands, promoted by the Government of the Canary Islands (2019\u20132021).<\/p>\n<\/div><\/div>\n\n\n\n<hr class=\"wp-block-separator has-text-color has-background has-black-background-color has-black-color is-style-wide\"\/>\n\n\n\n<div class=\"wp-block-media-text alignwide is-stacked-on-mobile\" style=\"grid-template-columns:15% auto\"><figure class=\"wp-block-media-text__media\"><img loading=\"lazy\" decoding=\"async\" width=\"657\" height=\"511\" src=\"https:\/\/cimacanarias.com\/wp-content\/uploads\/2022\/05\/vlcsnap-2019-12-10-09h56m29s583.jpg\" alt=\"\" class=\"wp-image-2092 size-full\" srcset=\"https:\/\/cimacanarias.com\/wp-content\/uploads\/2022\/05\/vlcsnap-2019-12-10-09h56m29s583.jpg 657w, https:\/\/cimacanarias.com\/wp-content\/uploads\/2022\/05\/vlcsnap-2019-12-10-09h56m29s583-300x233.jpg 300w\" sizes=\"auto, (max-width: 657px) 100vw, 657px\" \/><\/figure><div class=\"wp-block-media-text__content\">\n<p style=\"font-size:16px\">\u2013 Characterization of deep zoanthid communities (Savalia savaglia and Antipathozoanthus macaronesicus) in the Chinijo Archipelago environment, promoted by the Government of the Canary Islands (2019\u20132020).<\/p>\n<\/div><\/div>\n\n\n\n<hr class=\"wp-block-separator has-text-color has-background has-black-background-color has-black-color is-style-wide\"\/>\n\n\n\n<div class=\"wp-block-media-text alignwide is-stacked-on-mobile\" style=\"grid-template-columns:15% auto\"><figure class=\"wp-block-media-text__media\"><img loading=\"lazy\" decoding=\"async\" width=\"2048\" height=\"1638\" src=\"https:\/\/cimacanarias.com\/wp-content\/uploads\/2022\/05\/2021_08_AEROGEN_ROV-y-Nautilus-6-min-2048x1638.jpg\" alt=\"\" class=\"wp-image-2093 size-full\" srcset=\"https:\/\/cimacanarias.com\/wp-content\/uploads\/2022\/05\/2021_08_AEROGEN_ROV-y-Nautilus-6-min-2048x1638.jpg 2048w, https:\/\/cimacanarias.com\/wp-content\/uploads\/2022\/05\/2021_08_AEROGEN_ROV-y-Nautilus-6-min-300x240.jpg 300w, https:\/\/cimacanarias.com\/wp-content\/uploads\/2022\/05\/2021_08_AEROGEN_ROV-y-Nautilus-6-min-768x614.jpg 768w, https:\/\/cimacanarias.com\/wp-content\/uploads\/2022\/05\/2021_08_AEROGEN_ROV-y-Nautilus-6-min-1536x1228.jpg 1536w\" sizes=\"auto, (max-width: 2048px) 100vw, 2048px\" \/><\/figure><div class=\"wp-block-media-text__content\">\n<p style=\"font-size:16px\">\u2013 Environmental studies of the marine environment as a preliminary phase to determine the environmental viability and potential impacts of offshore wind farms in the Canary Islands (2019\u20132021).<\/p>\n<\/div><\/div>\n\n\n\n<hr class=\"wp-block-separator has-text-color has-background has-black-background-color has-black-color is-style-wide\"\/>\n\n\n\n<p>\u2013 European Project&nbsp;<strong>BIOTRANSFER 2<\/strong>. Co-financed by FEDER funds through the INTERREG V-A MAC 2014-2020 Programme.<\/p>\n\n\n\n<hr class=\"wp-block-separator has-text-color has-background has-black-background-color has-black-color is-style-wide\"\/>\n\n\n\n<p>\u2013 European Project&nbsp;<strong>MIMAR<\/strong>. Promoted by the Government of the Canary Islands and co-financed by FEDER funds through the INTERREG V-A MAC 2014-2020 Programme.<\/p>\n\n\n\n<hr class=\"wp-block-separator has-text-color has-background has-black-background-color has-black-color is-style-wide\"\/>\n\n\n\n<p>\u2013 Development of&nbsp;<strong><a href=\"https:\/\/cimacanarias.com\/en\/desarrollo-de-equipamiento-para-prospecciones-y-exploraciones-submarinas\/\" target=\"_blank\" rel=\"noreferrer noopener\">equipment for submarine prospecting and exploration<\/a><\/strong>. Co-financed by the European Regional Development Fund (FEDER) through the 2018 Grants for investment projects of small and medium-sized enterprises in the Canary Islands, awarded by the Government of the Canary Islands.<\/p>\n\n\n\n<hr class=\"wp-block-separator has-text-color has-background has-black-background-color has-black-color is-style-wide\"\/>\n\n\n\n<p>\u2013 Development of&nbsp;<strong><a href=\"https:\/\/cimacanarias.com\/en\/nuevos-servicios-de-gestion-ambiental-marina-en-relacion-a-vertidos-de-tierra-al-mar-de-aguas-residuales-e-industriales\/\" target=\"_blank\" rel=\"noreferrer noopener\">Equipment for generating new marine environmental management services related to land-to-sea discharges of wastewater and industrial effluents<\/a><\/strong>. Co-financed by the European Regional Development Fund (FEDER) through the 2019 Grants for investment projects of small and medium-sized enterprises in the Canary Islands, awarded by the Government of the Canary Islands.<\/p>\n\n\n\n<hr class=\"wp-block-separator has-text-color has-background has-black-background-color has-black-color is-style-wide\"\/>\n\n\n<div class=\"clearfix\">\n<div class=\"pull-left\"><img decoding=\"async\" class=\"img-responsive alignleft\" src=\"https:\/\/cimacanarias.com\/images\/servicios\/_canamodp.jpg\" alt=\"\"><\/div>\n<div class=\"pull-left\" style=\"text-align: left;\"><a href=\"https:\/\/cimacanarias.com\/index.php\/i-d-i\/203-canamod\">&#8211; <span style=\"color: #000000;\">Studies of<\/span> <\/a><a href=\"https:\/\/cimacanarias.com\/en\/estudios-cartografia-submarina-bioprospecciones-farmacologico-cambio-climatico\/\"><img loading=\"lazy\" decoding=\"async\" class=\"alignleft wp-image-1310\" src=\"https:\/\/cimacanarias.com\/wp-content\/uploads\/2020\/10\/Dendro0-150x150.jpg\" alt=\"\" width=\"138\" height=\"78\"><\/a><strong><a href=\"https:\/\/cimacanarias.com\/en\/estudios-cartografia-submarina-bioprospecciones-farmacologico-cambio-climatico\/\" target=\"_blank\" rel=\"noopener noreferrer\">Submarine cartography for bioprospecting to identify products and species with pharmacological potential and climate change experiments.<\/a><\/strong>. <span style=\"color: #000000;\">Co-financed by the European Regional Development Fund (FEDER Canarias 2014-2020) through Grants for high-technology and knowledge-intensive companies in priority areas of the RIS3 (Research and Innovation Strategy for Smart Specialisation).<\/span><\/div>\n<\/div>\n<hr>\n<div class=\"clearfix\">\n<p><a href=\"https:\/\/cimacanarias.com\/wp-content\/uploads\/2020\/09\/canamod.jpg\"><img loading=\"lazy\" decoding=\"async\" class=\"alignleft wp-image-1114\" src=\"https:\/\/cimacanarias.com\/wp-content\/uploads\/2020\/09\/canamod.jpg\" alt=\"\" width=\"138\" height=\"138\" srcset=\"https:\/\/cimacanarias.com\/wp-content\/uploads\/2020\/09\/canamod.jpg 550w, https:\/\/cimacanarias.com\/wp-content\/uploads\/2020\/09\/canamod-300x300.jpg 300w, https:\/\/cimacanarias.com\/wp-content\/uploads\/2020\/09\/canamod-150x150.jpg 150w\" sizes=\"auto, (max-width: 138px) 100vw, 138px\" \/><\/a><\/p>\n<p><a href=\"https:\/\/cimacanarias.com\/en\/canamod\/\" target=\"_blank\" rel=\"noopener noreferrer\">&#8211; CANAMOD<\/a>: Modeling tool for predicting the environmental response to input of material from aquaculture cages in the Canary Islands.<\/p>\n<\/div>\n<div>&nbsp;<\/div>\n<div class=\"clearfix\">\n<hr>\n<div class=\"clearfix\">\n<div class=\"pull-left\"><a href=\"https:\/\/cimacanarias.com\/index.php\/i-d-i\/204-presapul\"><img decoding=\"async\" class=\"img-responsive alignleft\" src=\"https:\/\/cimacanarias.com\/images\/servicios\/_presapulp.jpg\" alt=\"\"><\/a><\/div>\n<p><a href=\"https:\/\/cimacanarias.com\/index.php\/i-d-i\/204-presapul\"><br><\/a><a href=\"https:\/\/cimacanarias.com\/wp-content\/uploads\/2020\/09\/presapul.jpg\"><img loading=\"lazy\" decoding=\"async\" class=\"alignleft wp-image-1121\" src=\"https:\/\/cimacanarias.com\/wp-content\/uploads\/2020\/09\/presapul-150x150.jpg\" alt=\"\" width=\"138\" height=\"138\" srcset=\"https:\/\/cimacanarias.com\/wp-content\/uploads\/2020\/09\/presapul-150x150.jpg 150w, https:\/\/cimacanarias.com\/wp-content\/uploads\/2020\/09\/presapul-300x300.jpg 300w, https:\/\/cimacanarias.com\/wp-content\/uploads\/2020\/09\/presapul.jpg 550w\" sizes=\"auto, (max-width: 138px) 100vw, 138px\" \/><\/a><\/p>\n<p><a href=\"https:\/\/cimacanarias.com\/en\/presapul\/\" target=\"_blank\" rel=\"noopener noreferrer\">&#8211; PRESAPUL<\/a>: Use of alternative prey for paralarval octopus growth (<i>Octopus vulgaris<\/i>)<\/p>\n<\/div>\n<div>&nbsp;<\/div>\n<div class=\"clearfix\">\n<hr>\n<div class=\"clearfix\">\n<div class=\"pull-left\"><a href=\"https:\/\/cimacanarias.com\/index.php\/i-d-i\/205-macaromod\"><img decoding=\"async\" class=\"img-responsive alignleft\" src=\"https:\/\/cimacanarias.com\/images\/servicios\/_macaromodp.jpg\" alt=\"\"><\/a><\/div>\n<p><a href=\"https:\/\/cimacanarias.com\/index.php\/i-d-i\/205-macaromod\"><br><\/a><a href=\"https:\/\/cimacanarias.com\/wp-content\/uploads\/2020\/09\/macaromod-1.jpg\"><img loading=\"lazy\" decoding=\"async\" class=\"alignleft wp-image-1118\" src=\"https:\/\/cimacanarias.com\/wp-content\/uploads\/2020\/09\/macaromod-1-150x150.jpg\" alt=\"\" width=\"138\" height=\"138\" srcset=\"https:\/\/cimacanarias.com\/wp-content\/uploads\/2020\/09\/macaromod-1-150x150.jpg 150w, https:\/\/cimacanarias.com\/wp-content\/uploads\/2020\/09\/macaromod-1-300x300.jpg 300w, https:\/\/cimacanarias.com\/wp-content\/uploads\/2020\/09\/macaromod-1.jpg 550w\" sizes=\"auto, (max-width: 138px) 100vw, 138px\" \/><\/a><\/p>\n<p><a href=\"https:\/\/cimacanarias.com\/en\/macaromod\/\" target=\"_blank\" rel=\"noopener noreferrer\">&#8211; MACAROMOD<\/a>: Organic matter dispersion in aquaculture farms: development of a mathematical model to ensure environmental sustainability.<\/p>\n<\/div>\n<div>&nbsp;<\/div>\n<div class=\"clearfix\">\n<hr>\n<div class=\"clearfix\">\n<div class=\"pull-left\"><a href=\"https:\/\/cimacanarias.com\/index.php\/i-d-i\/206-afeccion-salmuera\"><img decoding=\"async\" class=\"img-responsive alignleft\" src=\"https:\/\/cimacanarias.com\/images\/servicios\/_salmuerap.jpg\" alt=\"\"><\/a><\/div>\n<p><a href=\"https:\/\/cimacanarias.com\/index.php\/i-d-i\/206-afeccion-salmuera\"><br><\/a><a href=\"https:\/\/cimacanarias.com\/wp-content\/uploads\/2020\/09\/salmuera.jpg\"><img loading=\"lazy\" decoding=\"async\" class=\"alignleft wp-image-1124\" src=\"https:\/\/cimacanarias.com\/wp-content\/uploads\/2020\/09\/salmuera-150x150.jpg\" alt=\"\" width=\"138\" height=\"138\" srcset=\"https:\/\/cimacanarias.com\/wp-content\/uploads\/2020\/09\/salmuera-150x150.jpg 150w, https:\/\/cimacanarias.com\/wp-content\/uploads\/2020\/09\/salmuera-300x300.jpg 300w, https:\/\/cimacanarias.com\/wp-content\/uploads\/2020\/09\/salmuera.jpg 550w\" sizes=\"auto, (max-width: 138px) 100vw, 138px\" \/><\/a><\/p>\n<p><a href=\"https:\/\/cimacanarias.com\/en\/afeccion-de-la-salmuera\/\" target=\"_blank\" rel=\"noopener noreferrer\">\u2013 Brine discharge impact<\/a>: Minimization of brine discharge impacts on seabed biodiversity, with special reference to Cymodocea nodosa meadows.&nbsp;<i>Cymodocea nodosa<\/i>.<\/p>\n<\/div>\n<\/div>\n<\/div>\n<\/div>\n\n\n<hr class=\"wp-block-separator alignwide has-text-color has-background has-black-background-color has-black-color is-style-wide\"\/>\n\n\n\n<p>Visit our <a href=\"https:\/\/cimacanarias.com\/en\/proyectos\/\"><strong>projects section<\/strong><\/a> to learn more about the work we conduct at CIMA S.L. to research and support marine environment research.<\/p>","protected":false},"excerpt":{"rendered":"<p>&#8211; Caracterizaci\u00f3n y seguimiento de la introducci\u00f3n de especies marinas en los puertos de Canarias promovido por el Gobierno de [&hellip;]<\/p>\n","protected":false},"author":9,"featured_media":0,"parent":0,"menu_order":0,"comment_status":"closed","ping_status":"closed","template":"","meta":{"footnotes":""},"class_list":["post-1088","page","type-page","status-publish","hentry"],"yoast_head":"<!-- This site is optimized with the Yoast SEO plugin v27.4 - https:\/\/yoast.com\/product\/yoast-seo-wordpress\/ -->\n<title>Proyectos I+D+i anteriores - Centro de Investigaciones Medioambientales del Atl\u00e1ntico<\/title>\n<meta name=\"description\" content=\"Centro de Investigaciones Medioambientales del Atl\u00e1ntico, S.L. es una entidad privada especializada en el medio marino que desarrolla asistencias t\u00e9cnicas, proyectos de gesti\u00f3n, an\u00e1lisis e investigaciones marinas.\" \/>\n<meta name=\"robots\" content=\"index, follow, max-snippet:-1, max-image-preview:large, max-video-preview:-1\" \/>\n<link rel=\"canonical\" href=\"https:\/\/cimacanarias.com\/en\/proyectos-idi-anteriores\/\" \/>\n<meta property=\"og:locale\" content=\"en_GB\" \/>\n<meta property=\"og:type\" content=\"article\" \/>\n<meta property=\"og:title\" content=\"Proyectos I+D+i anteriores - Centro de Investigaciones Medioambientales del Atl\u00e1ntico\" \/>\n<meta property=\"og:description\" content=\"Centro de Investigaciones Medioambientales del Atl\u00e1ntico, S.L. es una entidad privada especializada en el medio marino que desarrolla asistencias t\u00e9cnicas, proyectos de gesti\u00f3n, an\u00e1lisis e investigaciones marinas.\" \/>\n<meta property=\"og:url\" content=\"https:\/\/cimacanarias.com\/en\/proyectos-idi-anteriores\/\" \/>\n<meta property=\"og:site_name\" content=\"Centro de Investigaciones Medioambientales del Atl\u00e1ntico\" \/>\n<meta property=\"article:modified_time\" content=\"2022-05-13T09:56:41+00:00\" \/>\n<meta property=\"og:image\" content=\"https:\/\/cimacanarias.com\/wp-content\/uploads\/2022\/05\/2018_06_MIMAR-GC_Buceo-R-S-Codo_MRGC-13.jpg\" \/>\n<meta name=\"twitter:card\" content=\"summary_large_image\" \/>\n<meta name=\"twitter:label1\" content=\"Estimated reading time\" \/>\n\t<meta name=\"twitter:data1\" content=\"5 minutes\" \/>\n<script type=\"application\/ld+json\" class=\"yoast-schema-graph\">{\"@context\":\"https:\\\/\\\/schema.org\",\"@graph\":[{\"@type\":\"WebPage\",\"@id\":\"https:\\\/\\\/cimacanarias.com\\\/proyectos-idi-anteriores\\\/\",\"url\":\"https:\\\/\\\/cimacanarias.com\\\/proyectos-idi-anteriores\\\/\",\"name\":\"Proyectos I+D+i anteriores - Centro de Investigaciones Medioambientales del Atl\u00e1ntico\",\"isPartOf\":{\"@id\":\"https:\\\/\\\/cimacanarias.com\\\/#website\"},\"primaryImageOfPage\":{\"@id\":\"https:\\\/\\\/cimacanarias.com\\\/proyectos-idi-anteriores\\\/#primaryimage\"},\"image\":{\"@id\":\"https:\\\/\\\/cimacanarias.com\\\/proyectos-idi-anteriores\\\/#primaryimage\"},\"thumbnailUrl\":\"https:\\\/\\\/cimacanarias.com\\\/wp-content\\\/uploads\\\/2022\\\/05\\\/2018_06_MIMAR-GC_Buceo-R-S-Codo_MRGC-13.jpg\",\"datePublished\":\"2020-09-03T12:36:14+00:00\",\"dateModified\":\"2022-05-13T09:56:41+00:00\",\"description\":\"Centro de Investigaciones Medioambientales del Atl\u00e1ntico, S.L. es una entidad privada especializada en el medio marino que desarrolla asistencias t\u00e9cnicas, proyectos de gesti\u00f3n, an\u00e1lisis e investigaciones marinas.\",\"breadcrumb\":{\"@id\":\"https:\\\/\\\/cimacanarias.com\\\/proyectos-idi-anteriores\\\/#breadcrumb\"},\"inLanguage\":\"en-GB\",\"potentialAction\":[{\"@type\":\"ReadAction\",\"target\":[\"https:\\\/\\\/cimacanarias.com\\\/proyectos-idi-anteriores\\\/\"]}]},{\"@type\":\"ImageObject\",\"inLanguage\":\"en-GB\",\"@id\":\"https:\\\/\\\/cimacanarias.com\\\/proyectos-idi-anteriores\\\/#primaryimage\",\"url\":\"https:\\\/\\\/cimacanarias.com\\\/wp-content\\\/uploads\\\/2022\\\/05\\\/2018_06_MIMAR-GC_Buceo-R-S-Codo_MRGC-13.jpg\",\"contentUrl\":\"https:\\\/\\\/cimacanarias.com\\\/wp-content\\\/uploads\\\/2022\\\/05\\\/2018_06_MIMAR-GC_Buceo-R-S-Codo_MRGC-13.jpg\"},{\"@type\":\"BreadcrumbList\",\"@id\":\"https:\\\/\\\/cimacanarias.com\\\/proyectos-idi-anteriores\\\/#breadcrumb\",\"itemListElement\":[{\"@type\":\"ListItem\",\"position\":1,\"name\":\"Portada\",\"item\":\"https:\\\/\\\/cimacanarias.com\\\/\"},{\"@type\":\"ListItem\",\"position\":2,\"name\":\"Proyectos I+D+i anteriores\"}]},{\"@type\":\"WebSite\",\"@id\":\"https:\\\/\\\/cimacanarias.com\\\/#website\",\"url\":\"https:\\\/\\\/cimacanarias.com\\\/\",\"name\":\"Centro de Investigaciones Medioambientales del Atl\u00e1ntico\",\"description\":\"Centro de Investigaciones Medioambientales del Atl\u00e1ntico, S.L. es una consultora ambiental especializada en el medio marino que desarrolla asistencias t\u00e9cnicas, proyectos de gesti\u00f3n, an\u00e1lisis e investigaciones marinas.\",\"publisher\":{\"@id\":\"https:\\\/\\\/cimacanarias.com\\\/#organization\"},\"potentialAction\":[{\"@type\":\"SearchAction\",\"target\":{\"@type\":\"EntryPoint\",\"urlTemplate\":\"https:\\\/\\\/cimacanarias.com\\\/?s={search_term_string}\"},\"query-input\":{\"@type\":\"PropertyValueSpecification\",\"valueRequired\":true,\"valueName\":\"search_term_string\"}}],\"inLanguage\":\"en-GB\"},{\"@type\":\"Organization\",\"@id\":\"https:\\\/\\\/cimacanarias.com\\\/#organization\",\"name\":\"Centro de Investigaciones Medioambientales del Atl\u00e1ntico, S.L.\",\"url\":\"https:\\\/\\\/cimacanarias.com\\\/\",\"logo\":{\"@type\":\"ImageObject\",\"inLanguage\":\"en-GB\",\"@id\":\"https:\\\/\\\/cimacanarias.com\\\/#\\\/schema\\\/logo\\\/image\\\/\",\"url\":\"https:\\\/\\\/cimacanarias.com\\\/wp-content\\\/uploads\\\/2020\\\/06\\\/logo.png\",\"contentUrl\":\"https:\\\/\\\/cimacanarias.com\\\/wp-content\\\/uploads\\\/2020\\\/06\\\/logo.png\",\"width\":227,\"height\":80,\"caption\":\"Centro de Investigaciones Medioambientales del Atl\u00e1ntico, S.L.\"},\"image\":{\"@id\":\"https:\\\/\\\/cimacanarias.com\\\/#\\\/schema\\\/logo\\\/image\\\/\"}}]}<\/script>\n<!-- \/ Yoast SEO plugin. -->","yoast_head_json":{"title":"Proyectos I+D+i anteriores - Centro de Investigaciones Medioambientales del Atl\u00e1ntico","description":"Centro de Investigaciones Medioambientales del Atl\u00e1ntico, S.L. es una entidad privada especializada en el medio marino que desarrolla asistencias t\u00e9cnicas, proyectos de gesti\u00f3n, an\u00e1lisis e investigaciones marinas.","robots":{"index":"index","follow":"follow","max-snippet":"max-snippet:-1","max-image-preview":"max-image-preview:large","max-video-preview":"max-video-preview:-1"},"canonical":"https:\/\/cimacanarias.com\/en\/proyectos-idi-anteriores\/","og_locale":"en_GB","og_type":"article","og_title":"Proyectos I+D+i anteriores - Centro de Investigaciones Medioambientales del Atl\u00e1ntico","og_description":"Centro de Investigaciones Medioambientales del Atl\u00e1ntico, S.L. es una entidad privada especializada en el medio marino que desarrolla asistencias t\u00e9cnicas, proyectos de gesti\u00f3n, an\u00e1lisis e investigaciones marinas.","og_url":"https:\/\/cimacanarias.com\/en\/proyectos-idi-anteriores\/","og_site_name":"Centro de Investigaciones Medioambientales del Atl\u00e1ntico","article_modified_time":"2022-05-13T09:56:41+00:00","og_image":[{"url":"https:\/\/cimacanarias.com\/wp-content\/uploads\/2022\/05\/2018_06_MIMAR-GC_Buceo-R-S-Codo_MRGC-13.jpg","type":"","width":"","height":""}],"twitter_card":"summary_large_image","twitter_misc":{"Estimated reading time":"5 minutes"},"schema":{"@context":"https:\/\/schema.org","@graph":[{"@type":"WebPage","@id":"https:\/\/cimacanarias.com\/proyectos-idi-anteriores\/","url":"https:\/\/cimacanarias.com\/proyectos-idi-anteriores\/","name":"Proyectos I+D+i anteriores - Centro de Investigaciones Medioambientales del Atl\u00e1ntico","isPartOf":{"@id":"https:\/\/cimacanarias.com\/#website"},"primaryImageOfPage":{"@id":"https:\/\/cimacanarias.com\/proyectos-idi-anteriores\/#primaryimage"},"image":{"@id":"https:\/\/cimacanarias.com\/proyectos-idi-anteriores\/#primaryimage"},"thumbnailUrl":"https:\/\/cimacanarias.com\/wp-content\/uploads\/2022\/05\/2018_06_MIMAR-GC_Buceo-R-S-Codo_MRGC-13.jpg","datePublished":"2020-09-03T12:36:14+00:00","dateModified":"2022-05-13T09:56:41+00:00","description":"Centro de Investigaciones Medioambientales del Atl\u00e1ntico, S.L. es una entidad privada especializada en el medio marino que desarrolla asistencias t\u00e9cnicas, proyectos de gesti\u00f3n, an\u00e1lisis e investigaciones marinas.","breadcrumb":{"@id":"https:\/\/cimacanarias.com\/proyectos-idi-anteriores\/#breadcrumb"},"inLanguage":"en-GB","potentialAction":[{"@type":"ReadAction","target":["https:\/\/cimacanarias.com\/proyectos-idi-anteriores\/"]}]},{"@type":"ImageObject","inLanguage":"en-GB","@id":"https:\/\/cimacanarias.com\/proyectos-idi-anteriores\/#primaryimage","url":"https:\/\/cimacanarias.com\/wp-content\/uploads\/2022\/05\/2018_06_MIMAR-GC_Buceo-R-S-Codo_MRGC-13.jpg","contentUrl":"https:\/\/cimacanarias.com\/wp-content\/uploads\/2022\/05\/2018_06_MIMAR-GC_Buceo-R-S-Codo_MRGC-13.jpg"},{"@type":"BreadcrumbList","@id":"https:\/\/cimacanarias.com\/proyectos-idi-anteriores\/#breadcrumb","itemListElement":[{"@type":"ListItem","position":1,"name":"Portada","item":"https:\/\/cimacanarias.com\/"},{"@type":"ListItem","position":2,"name":"Proyectos I+D+i anteriores"}]},{"@type":"WebSite","@id":"https:\/\/cimacanarias.com\/#website","url":"https:\/\/cimacanarias.com\/","name":"Atlantic Center for Environmental Research","description":"Centro de Investigaciones Medioambientales del Atl\u00e1ntico, S.L. es una consultora ambiental especializada en el medio marino que desarrolla asistencias t\u00e9cnicas, proyectos de gesti\u00f3n, an\u00e1lisis e investigaciones marinas.","publisher":{"@id":"https:\/\/cimacanarias.com\/#organization"},"potentialAction":[{"@type":"SearchAction","target":{"@type":"EntryPoint","urlTemplate":"https:\/\/cimacanarias.com\/?s={search_term_string}"},"query-input":{"@type":"PropertyValueSpecification","valueRequired":true,"valueName":"search_term_string"}}],"inLanguage":"en-GB"},{"@type":"Organization","@id":"https:\/\/cimacanarias.com\/#organization","name":"Centro de Investigaciones Medioambientales del Atl\u00e1ntico, S.L.","url":"https:\/\/cimacanarias.com\/","logo":{"@type":"ImageObject","inLanguage":"en-GB","@id":"https:\/\/cimacanarias.com\/#\/schema\/logo\/image\/","url":"https:\/\/cimacanarias.com\/wp-content\/uploads\/2020\/06\/logo.png","contentUrl":"https:\/\/cimacanarias.com\/wp-content\/uploads\/2020\/06\/logo.png","width":227,"height":80,"caption":"Centro de Investigaciones Medioambientales del Atl\u00e1ntico, S.L."},"image":{"@id":"https:\/\/cimacanarias.com\/#\/schema\/logo\/image\/"}}]}},"_links":{"self":[{"href":"https:\/\/cimacanarias.com\/en\/wp-json\/wp\/v2\/pages\/1088","targetHints":{"allow":["GET"]}}],"collection":[{"href":"https:\/\/cimacanarias.com\/en\/wp-json\/wp\/v2\/pages"}],"about":[{"href":"https:\/\/cimacanarias.com\/en\/wp-json\/wp\/v2\/types\/page"}],"author":[{"embeddable":true,"href":"https:\/\/cimacanarias.com\/en\/wp-json\/wp\/v2\/users\/9"}],"replies":[{"embeddable":true,"href":"https:\/\/cimacanarias.com\/en\/wp-json\/wp\/v2\/comments?post=1088"}],"version-history":[{"count":23,"href":"https:\/\/cimacanarias.com\/en\/wp-json\/wp\/v2\/pages\/1088\/revisions"}],"predecessor-version":[{"id":2106,"href":"https:\/\/cimacanarias.com\/en\/wp-json\/wp\/v2\/pages\/1088\/revisions\/2106"}],"wp:attachment":[{"href":"https:\/\/cimacanarias.com\/en\/wp-json\/wp\/v2\/media?parent=1088"}],"curies":[{"name":"wp","href":"https:\/\/api.w.org\/{rel}","templated":true}]}}