{"id":1098,"date":"2020-09-03T12:39:24","date_gmt":"2020-09-03T12:39:24","guid":{"rendered":"http:\/\/cimacanarias.com\/?page_id=1098"},"modified":"2022-05-17T10:24:17","modified_gmt":"2022-05-17T10:24:17","slug":"vertidos","status":"publish","type":"page","link":"https:\/\/cimacanarias.com\/en\/vertidos\/","title":{"rendered":"Vertidos"},"content":{"rendered":"<p><a href=\"https:\/\/cimacanarias.com\/wp-content\/uploads\/2020\/09\/vertidos.jpg\"><img loading=\"lazy\" decoding=\"async\" class=\"alignright wp-image-1099\" src=\"https:\/\/cimacanarias.com\/wp-content\/uploads\/2020\/09\/vertidos.jpg\" alt=\"\" width=\"400\" height=\"400\" srcset=\"https:\/\/cimacanarias.com\/wp-content\/uploads\/2020\/09\/vertidos.jpg 550w, https:\/\/cimacanarias.com\/wp-content\/uploads\/2020\/09\/vertidos-300x300.jpg 300w, https:\/\/cimacanarias.com\/wp-content\/uploads\/2020\/09\/vertidos-150x150.jpg 150w\" sizes=\"auto, (max-width: 400px) 100vw, 400px\" \/><\/a><\/p>\n<p align=\"justify\">Durante los \u00faltimos a\u00f1os CIMA ha realizado diversos estudios y proyectos t\u00e9cnicos relacionados con vertidos en dominio p\u00fablico mar\u00edtimo terrestre para entidades p\u00fablicas y privadas.<\/p>\n<p>&nbsp;<\/p>\n<p align=\"justify\">Estos Proyectos t\u00e9cnicos han incluido modelizaciones hidrodin\u00e1micas, estudios de corrientes locales, an\u00e1lisis f\u00edsico-qu\u00edmicos de aguas y sedimentos marinos, perfiles oceanogr\u00e1ficos, estimaci\u00f3n de \u00edndices bi\u00f3ticos para evaluaci\u00f3n de calidad ecol\u00f3gica del medio etc.<\/p>\n<p align=\"justify\">Estos estudios se han realizado con el prop\u00f3sito de valorar el posible impacto de estos vertidos desde tierra al mar a trav\u00e9s de conducciones de desag\u00fce o emisarios submarinos en estaciones de tratamiento de aguas residuales, estaciones desaladoras, instalaciones industriales y otras instalaciones generadoras de vertidos. De igual modo se han llevado a cabo los Programas de Vigilancia y Control de estos vertidos siguiendo los condicionantes de las correspondientes Autorizaciones de vertido establecidos por la Administraci\u00f3n competente.<\/p>\n<p>&nbsp;<\/p>\n<p>Entre los proyectos realizados cabe destacar:<\/p>\n<p>&nbsp;<\/p>\n<p align=\"justify\">&#8211;&nbsp;<strong>Afecci\u00f3n ambiental del incremento de caudal del vertido de salmuera<\/strong>&nbsp;de la desaladora de Santa Cruz de Tenerife.<\/p>\n<p align=\"justify\">&#8211;&nbsp;<strong>Programa de vigilancia y control del vertido<\/strong>&nbsp;al mar de aguas residuales urbanas a trav\u00e9s de la conducci\u00f3n de desag\u00fce submarina de Caletillas (Candelaria).<\/p>\n<p align=\"justify\">&#8211;&nbsp;<strong>Programa de vigilancia y control del vertido<\/strong>&nbsp;al mar de aguas residuales urbanas a trav\u00e9s de la conducci\u00f3n de desag\u00fce submarina de Punta Larga (Candelaria).<\/p>\n<p align=\"justify\">&#8211;&nbsp;<strong>Programa de vigilancia y control del vertido<\/strong>&nbsp;al mar de aguas residuales urbanas a trav\u00e9s de la conducci\u00f3n de desag\u00fce submarina de San Blas (Candelaria).<\/p>\n<p align=\"justify\">&#8211; Campa\u00f1a de recogida y an\u00e1lisis de muestras de las empresas del municipio de G\u00fc\u00edmar para la elaboraci\u00f3n del&nbsp;<strong>censo de vertidos del Pol\u00edgono Industrial del Valle de G\u00fc\u00edmar<\/strong>.<\/p>\n<p align=\"justify\">&#8211;&nbsp;<strong>Programa de vigilancia y control del vertido<\/strong>&nbsp;al mar a trav\u00e9s de la conducci\u00f3n de desag\u00fce de la desaladora de Santa Cruz de Tenerife<\/p>\n<p align=\"justify\">&#8211; Documento ambiental de la modificaci\u00f3n estructural de la conducci\u00f3n de desag\u00fce de Acor\u00e1n (Tenerife).<\/p>\n<p align=\"justify\">&#8211;&nbsp;<strong>Estudio de la afecci\u00f3n del vertido<\/strong>&nbsp;de la conducci\u00f3n de desag\u00fce de Igueste de San Andr\u00e9s.<\/p>\n<p align=\"justify\">&#8211;&nbsp;<strong>Documento ambiental de los vertidos de aguas residuales<\/strong>&nbsp;a trav\u00e9s de las conducciones de A\u00f1aza y Acor\u00e1n (Tenerife).<\/p>\n<p align=\"justify\">&#8211; Documento ambiental del Proyecto de subsanaci\u00f3n de los aspectos requeridos al Documento T\u00e9cnico de Legalizaci\u00f3n de Conducci\u00f3n de Desag\u00fce de Igueste de San Andr\u00e9s (T.M. de Santa Cruz de Tenerife).<\/p>\n<p align=\"justify\">&#8211;&nbsp;<strong>Programa de vigilancia y control del vertido<\/strong>&nbsp;al mar de aguas residuales urbanas a trav\u00e9s de la conducci\u00f3n de desag\u00fce submarina de San Andr\u00e9s (Tenerife).<\/p>\n<p align=\"justify\">&#8211;&nbsp;<strong>Estudio de viabilidad ambiental<\/strong>&nbsp;del proyecto Vertido de tierra al mar de la conducci\u00f3n de desag\u00fce y aliviadero de emergencia de la EBAR de San Andr\u00e9s.<\/p>\n<p align=\"justify\">&#8211;&nbsp;<strong>Programa de vigilancia y control del vertido<\/strong>&nbsp;al mar de aguas residuales urbanas a trav\u00e9s del emisario submarino de Sue\u00f1o Azul (Adeje).<\/p>\n<p align=\"justify\">&#8211;&nbsp;<strong>Estudio de par\u00e1metros oceanogr\u00e1ficos<\/strong>&nbsp;para el proyecto de conducci\u00f3n de vertido en el Muelle de Sanap\u00fa, Puerto de Las Palmas de Gran Canaria.<\/p>\n<p align=\"justify\">&#8211;&nbsp;<strong>Programa de vigilancia y control del vertido<\/strong>&nbsp;al mar de aguas residuales urbanas a trav\u00e9s del emisario submarino de San Marcos (Icod de los Vinos).<\/p>\n<p align=\"justify\">&#8211;&nbsp;<strong>Censo de vertidos tierra-mar<\/strong>&nbsp;del municipio de Granadilla (Tenerife).<\/p>\n<p>&nbsp;<\/p>","protected":false},"excerpt":{"rendered":"<p>Durante los \u00faltimos a\u00f1os CIMA ha realizado diversos estudios y proyectos t\u00e9cnicos relacionados con vertidos en dominio p\u00fablico mar\u00edtimo terrestre [&hellip;]<\/p>\n","protected":false},"author":9,"featured_media":0,"parent":0,"menu_order":0,"comment_status":"closed","ping_status":"closed","template":"","meta":{"footnotes":""},"class_list":["post-1098","page","type-page","status-publish","hentry"],"yoast_head":"<!-- This site is optimized with the Yoast SEO plugin v27.3 - https:\/\/yoast.com\/product\/yoast-seo-wordpress\/ -->\n<title>Vertidos - Centro de Investigaciones Medioambientales del Atl\u00e1ntico<\/title>\n<meta name=\"description\" content=\"Centro de Investigaciones Medioambientales del Atl\u00e1ntico, S.L. es una entidad privada especializada en el medio marino que desarrolla asistencias t\u00e9cnicas, proyectos de gesti\u00f3n, an\u00e1lisis e investigaciones marinas.\" \/>\n<meta name=\"robots\" content=\"index, follow, max-snippet:-1, max-image-preview:large, max-video-preview:-1\" \/>\n<link rel=\"canonical\" href=\"https:\/\/cimacanarias.com\/en\/vertidos\/\" \/>\n<meta property=\"og:locale\" content=\"en_GB\" \/>\n<meta property=\"og:type\" content=\"article\" \/>\n<meta property=\"og:title\" content=\"Vertidos - Centro de Investigaciones Medioambientales del Atl\u00e1ntico\" \/>\n<meta property=\"og:description\" content=\"Centro de Investigaciones Medioambientales del Atl\u00e1ntico, S.L. es una entidad privada especializada en el medio marino que desarrolla asistencias t\u00e9cnicas, proyectos de gesti\u00f3n, an\u00e1lisis e investigaciones marinas.\" \/>\n<meta property=\"og:url\" content=\"https:\/\/cimacanarias.com\/en\/vertidos\/\" \/>\n<meta property=\"og:site_name\" content=\"Centro de Investigaciones Medioambientales del Atl\u00e1ntico\" \/>\n<meta property=\"article:modified_time\" content=\"2022-05-17T10:24:17+00:00\" \/>\n<meta property=\"og:image\" content=\"https:\/\/cimacanarias.com\/wp-content\/uploads\/2020\/09\/vertidos.jpg\" \/>\n<meta name=\"twitter:card\" content=\"summary_large_image\" \/>\n<meta name=\"twitter:label1\" content=\"Estimated reading time\" \/>\n\t<meta name=\"twitter:data1\" content=\"3 minutes\" \/>\n<script type=\"application\/ld+json\" class=\"yoast-schema-graph\">{\"@context\":\"https:\\\/\\\/schema.org\",\"@graph\":[{\"@type\":\"WebPage\",\"@id\":\"https:\\\/\\\/cimacanarias.com\\\/vertidos\\\/\",\"url\":\"https:\\\/\\\/cimacanarias.com\\\/vertidos\\\/\",\"name\":\"Vertidos - Centro de Investigaciones Medioambientales del Atl\u00e1ntico\",\"isPartOf\":{\"@id\":\"https:\\\/\\\/cimacanarias.com\\\/#website\"},\"primaryImageOfPage\":{\"@id\":\"https:\\\/\\\/cimacanarias.com\\\/vertidos\\\/#primaryimage\"},\"image\":{\"@id\":\"https:\\\/\\\/cimacanarias.com\\\/vertidos\\\/#primaryimage\"},\"thumbnailUrl\":\"https:\\\/\\\/cimacanarias.com\\\/wp-content\\\/uploads\\\/2020\\\/09\\\/vertidos.jpg\",\"datePublished\":\"2020-09-03T12:39:24+00:00\",\"dateModified\":\"2022-05-17T10:24:17+00:00\",\"description\":\"Centro de Investigaciones Medioambientales del Atl\u00e1ntico, S.L. es una entidad privada especializada en el medio marino que desarrolla asistencias t\u00e9cnicas, proyectos de gesti\u00f3n, an\u00e1lisis e investigaciones marinas.\",\"breadcrumb\":{\"@id\":\"https:\\\/\\\/cimacanarias.com\\\/vertidos\\\/#breadcrumb\"},\"inLanguage\":\"en-GB\",\"potentialAction\":[{\"@type\":\"ReadAction\",\"target\":[\"https:\\\/\\\/cimacanarias.com\\\/vertidos\\\/\"]}]},{\"@type\":\"ImageObject\",\"inLanguage\":\"en-GB\",\"@id\":\"https:\\\/\\\/cimacanarias.com\\\/vertidos\\\/#primaryimage\",\"url\":\"https:\\\/\\\/cimacanarias.com\\\/wp-content\\\/uploads\\\/2020\\\/09\\\/vertidos.jpg\",\"contentUrl\":\"https:\\\/\\\/cimacanarias.com\\\/wp-content\\\/uploads\\\/2020\\\/09\\\/vertidos.jpg\"},{\"@type\":\"BreadcrumbList\",\"@id\":\"https:\\\/\\\/cimacanarias.com\\\/vertidos\\\/#breadcrumb\",\"itemListElement\":[{\"@type\":\"ListItem\",\"position\":1,\"name\":\"Portada\",\"item\":\"https:\\\/\\\/cimacanarias.com\\\/\"},{\"@type\":\"ListItem\",\"position\":2,\"name\":\"Vertidos\"}]},{\"@type\":\"WebSite\",\"@id\":\"https:\\\/\\\/cimacanarias.com\\\/#website\",\"url\":\"https:\\\/\\\/cimacanarias.com\\\/\",\"name\":\"Centro de Investigaciones Medioambientales del Atl\u00e1ntico\",\"description\":\"Centro de Investigaciones Medioambientales del Atl\u00e1ntico, S.L. es una consultora ambiental especializada en el medio marino que desarrolla asistencias t\u00e9cnicas, proyectos de gesti\u00f3n, an\u00e1lisis e investigaciones marinas.\",\"publisher\":{\"@id\":\"https:\\\/\\\/cimacanarias.com\\\/#organization\"},\"potentialAction\":[{\"@type\":\"SearchAction\",\"target\":{\"@type\":\"EntryPoint\",\"urlTemplate\":\"https:\\\/\\\/cimacanarias.com\\\/?s={search_term_string}\"},\"query-input\":{\"@type\":\"PropertyValueSpecification\",\"valueRequired\":true,\"valueName\":\"search_term_string\"}}],\"inLanguage\":\"en-GB\"},{\"@type\":\"Organization\",\"@id\":\"https:\\\/\\\/cimacanarias.com\\\/#organization\",\"name\":\"Centro de Investigaciones Medioambientales del Atl\u00e1ntico, S.L.\",\"url\":\"https:\\\/\\\/cimacanarias.com\\\/\",\"logo\":{\"@type\":\"ImageObject\",\"inLanguage\":\"en-GB\",\"@id\":\"https:\\\/\\\/cimacanarias.com\\\/#\\\/schema\\\/logo\\\/image\\\/\",\"url\":\"https:\\\/\\\/cimacanarias.com\\\/wp-content\\\/uploads\\\/2020\\\/06\\\/logo.png\",\"contentUrl\":\"https:\\\/\\\/cimacanarias.com\\\/wp-content\\\/uploads\\\/2020\\\/06\\\/logo.png\",\"width\":227,\"height\":80,\"caption\":\"Centro de Investigaciones Medioambientales del Atl\u00e1ntico, S.L.\"},\"image\":{\"@id\":\"https:\\\/\\\/cimacanarias.com\\\/#\\\/schema\\\/logo\\\/image\\\/\"}}]}<\/script>\n<!-- \/ Yoast SEO plugin. -->","yoast_head_json":{"title":"Vertidos - Centro de Investigaciones Medioambientales del Atl\u00e1ntico","description":"Centro de Investigaciones Medioambientales del Atl\u00e1ntico, S.L. es una entidad privada especializada en el medio marino que desarrolla asistencias t\u00e9cnicas, proyectos de gesti\u00f3n, an\u00e1lisis e investigaciones marinas.","robots":{"index":"index","follow":"follow","max-snippet":"max-snippet:-1","max-image-preview":"max-image-preview:large","max-video-preview":"max-video-preview:-1"},"canonical":"https:\/\/cimacanarias.com\/en\/vertidos\/","og_locale":"en_GB","og_type":"article","og_title":"Vertidos - Centro de Investigaciones Medioambientales del Atl\u00e1ntico","og_description":"Centro de Investigaciones Medioambientales del Atl\u00e1ntico, S.L. es una entidad privada especializada en el medio marino que desarrolla asistencias t\u00e9cnicas, proyectos de gesti\u00f3n, an\u00e1lisis e investigaciones marinas.","og_url":"https:\/\/cimacanarias.com\/en\/vertidos\/","og_site_name":"Centro de Investigaciones Medioambientales del Atl\u00e1ntico","article_modified_time":"2022-05-17T10:24:17+00:00","og_image":[{"url":"https:\/\/cimacanarias.com\/wp-content\/uploads\/2020\/09\/vertidos.jpg","type":"","width":"","height":""}],"twitter_card":"summary_large_image","twitter_misc":{"Estimated reading time":"3 minutes"},"schema":{"@context":"https:\/\/schema.org","@graph":[{"@type":"WebPage","@id":"https:\/\/cimacanarias.com\/vertidos\/","url":"https:\/\/cimacanarias.com\/vertidos\/","name":"Vertidos - Centro de Investigaciones Medioambientales del Atl\u00e1ntico","isPartOf":{"@id":"https:\/\/cimacanarias.com\/#website"},"primaryImageOfPage":{"@id":"https:\/\/cimacanarias.com\/vertidos\/#primaryimage"},"image":{"@id":"https:\/\/cimacanarias.com\/vertidos\/#primaryimage"},"thumbnailUrl":"https:\/\/cimacanarias.com\/wp-content\/uploads\/2020\/09\/vertidos.jpg","datePublished":"2020-09-03T12:39:24+00:00","dateModified":"2022-05-17T10:24:17+00:00","description":"Centro de Investigaciones Medioambientales del Atl\u00e1ntico, S.L. es una entidad privada especializada en el medio marino que desarrolla asistencias t\u00e9cnicas, proyectos de gesti\u00f3n, an\u00e1lisis e investigaciones marinas.","breadcrumb":{"@id":"https:\/\/cimacanarias.com\/vertidos\/#breadcrumb"},"inLanguage":"en-GB","potentialAction":[{"@type":"ReadAction","target":["https:\/\/cimacanarias.com\/vertidos\/"]}]},{"@type":"ImageObject","inLanguage":"en-GB","@id":"https:\/\/cimacanarias.com\/vertidos\/#primaryimage","url":"https:\/\/cimacanarias.com\/wp-content\/uploads\/2020\/09\/vertidos.jpg","contentUrl":"https:\/\/cimacanarias.com\/wp-content\/uploads\/2020\/09\/vertidos.jpg"},{"@type":"BreadcrumbList","@id":"https:\/\/cimacanarias.com\/vertidos\/#breadcrumb","itemListElement":[{"@type":"ListItem","position":1,"name":"Portada","item":"https:\/\/cimacanarias.com\/"},{"@type":"ListItem","position":2,"name":"Vertidos"}]},{"@type":"WebSite","@id":"https:\/\/cimacanarias.com\/#website","url":"https:\/\/cimacanarias.com\/","name":"Atlantic Center for Environmental Research","description":"Centro de Investigaciones Medioambientales del Atl\u00e1ntico, S.L. es una consultora ambiental especializada en el medio marino que desarrolla asistencias t\u00e9cnicas, proyectos de gesti\u00f3n, an\u00e1lisis e investigaciones marinas.","publisher":{"@id":"https:\/\/cimacanarias.com\/#organization"},"potentialAction":[{"@type":"SearchAction","target":{"@type":"EntryPoint","urlTemplate":"https:\/\/cimacanarias.com\/?s={search_term_string}"},"query-input":{"@type":"PropertyValueSpecification","valueRequired":true,"valueName":"search_term_string"}}],"inLanguage":"en-GB"},{"@type":"Organization","@id":"https:\/\/cimacanarias.com\/#organization","name":"Centro de Investigaciones Medioambientales del Atl\u00e1ntico, S.L.","url":"https:\/\/cimacanarias.com\/","logo":{"@type":"ImageObject","inLanguage":"en-GB","@id":"https:\/\/cimacanarias.com\/#\/schema\/logo\/image\/","url":"https:\/\/cimacanarias.com\/wp-content\/uploads\/2020\/06\/logo.png","contentUrl":"https:\/\/cimacanarias.com\/wp-content\/uploads\/2020\/06\/logo.png","width":227,"height":80,"caption":"Centro de Investigaciones Medioambientales del Atl\u00e1ntico, S.L."},"image":{"@id":"https:\/\/cimacanarias.com\/#\/schema\/logo\/image\/"}}]}},"_links":{"self":[{"href":"https:\/\/cimacanarias.com\/en\/wp-json\/wp\/v2\/pages\/1098","targetHints":{"allow":["GET"]}}],"collection":[{"href":"https:\/\/cimacanarias.com\/en\/wp-json\/wp\/v2\/pages"}],"about":[{"href":"https:\/\/cimacanarias.com\/en\/wp-json\/wp\/v2\/types\/page"}],"author":[{"embeddable":true,"href":"https:\/\/cimacanarias.com\/en\/wp-json\/wp\/v2\/users\/9"}],"replies":[{"embeddable":true,"href":"https:\/\/cimacanarias.com\/en\/wp-json\/wp\/v2\/comments?post=1098"}],"version-history":[{"count":2,"href":"https:\/\/cimacanarias.com\/en\/wp-json\/wp\/v2\/pages\/1098\/revisions"}],"predecessor-version":[{"id":1164,"href":"https:\/\/cimacanarias.com\/en\/wp-json\/wp\/v2\/pages\/1098\/revisions\/1164"}],"wp:attachment":[{"href":"https:\/\/cimacanarias.com\/en\/wp-json\/wp\/v2\/media?parent=1098"}],"curies":[{"name":"wp","href":"https:\/\/api.w.org\/{rel}","templated":true}]}}