{"id":1101,"date":"2020-09-03T12:53:36","date_gmt":"2020-09-03T12:53:36","guid":{"rendered":"http:\/\/cimacanarias.com\/?page_id=1101"},"modified":"2022-05-17T10:06:26","modified_gmt":"2022-05-17T10:06:26","slug":"formacion-y-divulgacion","status":"publish","type":"page","link":"https:\/\/cimacanarias.com\/en\/formacion-y-divulgacion\/","title":{"rendered":"Formaci\u00f3n y divulgaci\u00f3n"},"content":{"rendered":"<p><a href=\"https:\/\/cimacanarias.com\/wp-content\/uploads\/2020\/09\/cosas13.jpg\"><img loading=\"lazy\" decoding=\"async\" class=\"alignright wp-image-1102\" src=\"https:\/\/cimacanarias.com\/wp-content\/uploads\/2020\/09\/cosas13.jpg\" alt=\"\" width=\"400\" height=\"400\" srcset=\"https:\/\/cimacanarias.com\/wp-content\/uploads\/2020\/09\/cosas13.jpg 550w, https:\/\/cimacanarias.com\/wp-content\/uploads\/2020\/09\/cosas13-300x300.jpg 300w, https:\/\/cimacanarias.com\/wp-content\/uploads\/2020\/09\/cosas13-150x150.jpg 150w\" sizes=\"auto, (max-width: 400px) 100vw, 400px\" \/><\/a><\/p>\n<p align=\"justify\">CIMA cuenta con un Departamento de Comunicaci\u00f3n y Divulgaci\u00f3n que tambi\u00e9n se encarga de los proyectos educativos de la empresa.<\/p>\n<p>&nbsp;<\/p>\n<p align=\"justify\">Llevamos a cabo una serie de acciones y proyectos espec\u00edficos de educaci\u00f3n y, por ejemplo, organizamos y coordinamos Jornadas y Congresos de divulgaci\u00f3n cient\u00edfica.<\/p>\n<p align=\"justify\">We also offer courses focused on integrating biologists into the workforce, environmental education, specialized training.<\/p>\n<p align=\"justify\">We collaborate by teaching classes in the&nbsp;<a href=\"https:\/\/www.ull.es\/masteres\/biologia-marina-biodiversidad-conservacion\/\" target=\"_blank\" rel=\"noopener noreferrer\"><strong>Master\u2019s Degree in Marine Biology: Biodiversity and Conservation<\/strong><\/a>, as well as in the&nbsp;<a href=\"https:\/\/www.ull.es\/apps\/guias\/guias\/view_guide\/17953\/\" target=\"_blank\" rel=\"noopener noreferrer\"><strong>3rd Year of the Civil Engineering Degree: Water Supply and Sanitation Systems II<\/strong><\/a>, both at the&nbsp;<a href=\"https:\/\/www.ull.es\/\" target=\"_blank\" rel=\"noopener noreferrer\"><strong>University of La Laguna (ULL).&nbsp;<\/strong><\/a>.<\/p>\n<p align=\"justify\">These specialized courses cover diverse fields, from sampling design and multivariate statistics to developing environmental monitoring plans for various impacts on the marine environment (ports, outfalls, desalination plants, aquaculture concessions, etc.). The primary goal is to equip students with guidelines for addressing environmental challenges they will encounter professionally, complementing the knowledge gained during their university studies.<\/p>\n<p align=\"justify\">Desde este departamento tambi\u00e9n dotamos de contenido y colaboramos en el dise\u00f1o y en la edici\u00f3n de algunas&nbsp;<a href=\"https:\/\/www.plocan.eu\/index.php\/es\/327-noticias\/archivo-2019\/enero\/2100-el-proyecto-despesca-elabora-un-manual-de-buenas-practicas-para-favorecer-practicas-pesqueras-sostenibles\" target=\"_blank\" rel=\"noopener noreferrer\"><strong>environmental best practice guides<\/strong><\/a>&nbsp;derived from our research, particularly in artisanal fisheries.<\/p>\n<p align=\"justify\">Entre nuestros proyectos educativos se encuentra el dise\u00f1o de recursos did\u00e1cticos para trabajar diferentes temas del medio marino. Uno de ellos, realizado junto al Cabildo de Tenerife, tuvimos el placer de contarlo en el &#8211;&nbsp;<a href=\"http:\/\/scicom.pt\/\" target=\"_blank\" rel=\"noopener noreferrer\"><strong>Congreso de la Red SciComPT | 2020 Online (Red de Comunicaci\u00f3n de la Ciencia y la Tecnolog\u00eda de Portugal) <\/strong><\/a>, whose central theme was&nbsp;<strong>\u00abComunica\u00e7\u00e3o de Ci\u00eancia: do Mar ao Espa\u00e7o\u00bb<\/strong>.<\/p>\n<p>&nbsp;<\/p>\n<h3><strong>Outreach<\/strong><\/h3>\n<p align=\"justify\">\n<p align=\"justify\">One of the newest activities we carry out at CIMA is&nbsp;<a href=\"https:\/\/cimacanarias.com\/index.php\/srvicios\/129-formacion-divulgacion\" target=\"_blank\" rel=\"noopener noreferrer\"><strong>outreach<\/strong><\/a>. We believe it is very important for&nbsp;<a href=\"https:\/\/cimacanarias.com\/index.php\/srvicios\" target=\"_blank\" rel=\"noopener noreferrer\"><strong>our work<\/strong><\/a>, as\u00ed como las conclusiones a las que llegamos en&nbsp;<a href=\"https:\/\/cimacanarias.com\/index.php\/nosotros\/cosas-que-hacemos-en-cima\/21-investigacion\" target=\"_blank\" rel=\"noopener noreferrer\"><strong>nuestras investigaciones<\/strong><\/a>, lleguen al mayor n\u00famero de personas posible.<\/p>\n<p align=\"justify\">To achieve this, we use this&nbsp;<a href=\"https:\/\/cimacanarias.com\/en\/\" target=\"_blank\" rel=\"noopener noreferrer\"><strong>website<\/strong><\/a>&nbsp;y un&nbsp;<a href=\"https:\/\/cimacanarias.com\/index.php\/blog-noticias\" target=\"_blank\" rel=\"noopener noreferrer\"><strong>blog<\/strong><\/a>&nbsp;en el que escribimos sobre nuestros servicios, los proyectos que realizamos y los que llevan a cabo otros cient\u00edficos en el \u00e1mbito medioambiental y marino generalmente.<\/p>\n<p align=\"justify\">Tambi\u00e9n contamos con este proyecto espec\u00edfico de divulgaci\u00f3n en v\u00eddeo:&nbsp;<a href=\"https:\/\/cimacanarias.com\/index.php\/nosotros\/cosas-que-hacemos-en-cima\" target=\"_blank\" rel=\"noopener noreferrer\"><strong>\u201cThings We Do at CIMA\u201d<\/strong><\/a>&nbsp;para contarte de primera mano qu\u00e9 hace una empresa como la nuestra y para qu\u00e9 sirve, Los resultados de este proyecto los hemos comentado en diferentes congresos de Comunicaci\u00f3n Cient\u00edfica:<\/p>\n<h3><\/h3>\n<p align=\"justify\">&#8211;&nbsp;<a href=\"https:\/\/cienciaenredes.com\/\" target=\"_blank\" rel=\"noopener noreferrer\"><strong>Ciencia en Redes 2018<\/strong><\/a>, un evento de Comunicaci\u00f3n Cient\u00edfica en redes sociales que organiza la&nbsp;<a href=\"https:\/\/www.aecomunicacioncientifica.org\/\" target=\"_blank\" rel=\"noopener noreferrer\"><strong>Spanish Association of Scientific Communication<\/strong><\/a>&nbsp;and&nbsp;<a href=\"https:\/\/obrasociallacaixa.org\/\" target=\"_blank\" rel=\"noopener noreferrer\"><strong>\u201cLa Caixa\u201d Foundation.&nbsp;<\/strong><\/a>.<\/p>\n<p align=\"justify\">&#8211;&nbsp;<a href=\"http:\/\/scicom.pt\/\" target=\"_blank\" rel=\"noopener noreferrer\"><strong>SciComPT Network Congress | 2018 (Science and Technology Communication Network of Portugal)&nbsp;<\/strong><\/a>, whose central theme was&nbsp;<strong>\u00abCi\u00eancia: Aberta \u00e0 Sociedade. Participa\u00e7\u00e3o e Inclus\u00e3o em Comunica\u00e7\u00e3o de Ci\u00eancia\u00bb<\/strong>.<\/p>\n<p align=\"justify\">&#8211;&nbsp;<a href=\"http:\/\/www.ccsciencia.org\/\" target=\"_blank\" rel=\"noopener noreferrer\"><strong>VII Congress on Social Communication of Science<\/strong><\/a>. \u00bfLa sociedad de la informaci\u00f3n responde a un proceso de evoluci\u00f3n o estamos viviendo una revoluci\u00f3n que nos conduce hacia un futuro que somos incapaces de definir? Entre el 9 y el 11 de octubre de <strong>2019<\/strong> se congreg\u00f3 en la <a href=\"http:\/\/www3.ubu.es\/ccsc2019\/\" target=\"_blank\" rel=\"noopener noreferrer\"><strong>Universidad de Burgos<\/strong><\/a> a comunicadores europeos e iberoamericanos para debatir en torno a estas y otras cuestiones que conducen a la reflexi\u00f3n sobre el presente y el futuro y favorecen una actualizaci\u00f3n de las estrategias, destinatarios, agentes y objetivos de la comunicaci\u00f3n social de la ciencia.<\/p>\n<p>&nbsp;<\/p>","protected":false},"excerpt":{"rendered":"<p>CIMA cuenta con un Departamento de Comunicaci\u00f3n y Divulgaci\u00f3n que tambi\u00e9n se encarga de los proyectos educativos de la empresa. [&hellip;]<\/p>\n","protected":false},"author":9,"featured_media":0,"parent":0,"menu_order":0,"comment_status":"closed","ping_status":"closed","template":"","meta":{"footnotes":""},"class_list":["post-1101","page","type-page","status-publish","hentry"],"yoast_head":"<!-- This site is optimized with the Yoast SEO plugin v27.6 - https:\/\/yoast.com\/product\/yoast-seo-wordpress\/ -->\n<title>Formaci\u00f3n y divulgaci\u00f3n - Centro de Investigaciones Medioambientales del Atl\u00e1ntico<\/title>\n<meta name=\"description\" content=\"Centro de Investigaciones Medioambientales del Atl\u00e1ntico, S.L. es una entidad privada especializada en el medio marino que desarrolla asistencias t\u00e9cnicas, proyectos de gesti\u00f3n, an\u00e1lisis e investigaciones marinas.\" \/>\n<meta name=\"robots\" content=\"index, follow, max-snippet:-1, max-image-preview:large, max-video-preview:-1\" \/>\n<link rel=\"canonical\" href=\"https:\/\/cimacanarias.com\/en\/formacion-y-divulgacion\/\" \/>\n<meta property=\"og:locale\" content=\"en_GB\" \/>\n<meta property=\"og:type\" content=\"article\" \/>\n<meta property=\"og:title\" content=\"Formaci\u00f3n y divulgaci\u00f3n - Centro de Investigaciones Medioambientales del Atl\u00e1ntico\" \/>\n<meta property=\"og:description\" content=\"Centro de Investigaciones Medioambientales del Atl\u00e1ntico, S.L. es una entidad privada especializada en el medio marino que desarrolla asistencias t\u00e9cnicas, proyectos de gesti\u00f3n, an\u00e1lisis e investigaciones marinas.\" \/>\n<meta property=\"og:url\" content=\"https:\/\/cimacanarias.com\/en\/formacion-y-divulgacion\/\" \/>\n<meta property=\"og:site_name\" content=\"Centro de Investigaciones Medioambientales del Atl\u00e1ntico\" \/>\n<meta property=\"article:modified_time\" content=\"2022-05-17T10:06:26+00:00\" \/>\n<meta property=\"og:image\" content=\"https:\/\/cimacanarias.com\/wp-content\/uploads\/2020\/09\/cosas13.jpg\" \/>\n<meta name=\"twitter:card\" content=\"summary_large_image\" \/>\n<meta name=\"twitter:label1\" content=\"Estimated reading time\" \/>\n\t<meta name=\"twitter:data1\" content=\"3 minutes\" \/>\n<script type=\"application\/ld+json\" class=\"yoast-schema-graph\">{\"@context\":\"https:\\\/\\\/schema.org\",\"@graph\":[{\"@type\":\"WebPage\",\"@id\":\"https:\\\/\\\/cimacanarias.com\\\/formacion-y-divulgacion\\\/\",\"url\":\"https:\\\/\\\/cimacanarias.com\\\/formacion-y-divulgacion\\\/\",\"name\":\"Formaci\u00f3n y divulgaci\u00f3n - Centro de Investigaciones Medioambientales del Atl\u00e1ntico\",\"isPartOf\":{\"@id\":\"https:\\\/\\\/cimacanarias.com\\\/#website\"},\"primaryImageOfPage\":{\"@id\":\"https:\\\/\\\/cimacanarias.com\\\/formacion-y-divulgacion\\\/#primaryimage\"},\"image\":{\"@id\":\"https:\\\/\\\/cimacanarias.com\\\/formacion-y-divulgacion\\\/#primaryimage\"},\"thumbnailUrl\":\"https:\\\/\\\/cimacanarias.com\\\/wp-content\\\/uploads\\\/2020\\\/09\\\/cosas13.jpg\",\"datePublished\":\"2020-09-03T12:53:36+00:00\",\"dateModified\":\"2022-05-17T10:06:26+00:00\",\"description\":\"Centro de Investigaciones Medioambientales del Atl\u00e1ntico, S.L. es una entidad privada especializada en el medio marino que desarrolla asistencias t\u00e9cnicas, proyectos de gesti\u00f3n, an\u00e1lisis e investigaciones marinas.\",\"breadcrumb\":{\"@id\":\"https:\\\/\\\/cimacanarias.com\\\/formacion-y-divulgacion\\\/#breadcrumb\"},\"inLanguage\":\"en-GB\",\"potentialAction\":[{\"@type\":\"ReadAction\",\"target\":[\"https:\\\/\\\/cimacanarias.com\\\/formacion-y-divulgacion\\\/\"]}]},{\"@type\":\"ImageObject\",\"inLanguage\":\"en-GB\",\"@id\":\"https:\\\/\\\/cimacanarias.com\\\/formacion-y-divulgacion\\\/#primaryimage\",\"url\":\"https:\\\/\\\/cimacanarias.com\\\/wp-content\\\/uploads\\\/2020\\\/09\\\/cosas13.jpg\",\"contentUrl\":\"https:\\\/\\\/cimacanarias.com\\\/wp-content\\\/uploads\\\/2020\\\/09\\\/cosas13.jpg\"},{\"@type\":\"BreadcrumbList\",\"@id\":\"https:\\\/\\\/cimacanarias.com\\\/formacion-y-divulgacion\\\/#breadcrumb\",\"itemListElement\":[{\"@type\":\"ListItem\",\"position\":1,\"name\":\"Portada\",\"item\":\"https:\\\/\\\/cimacanarias.com\\\/\"},{\"@type\":\"ListItem\",\"position\":2,\"name\":\"Formaci\u00f3n y divulgaci\u00f3n\"}]},{\"@type\":\"WebSite\",\"@id\":\"https:\\\/\\\/cimacanarias.com\\\/#website\",\"url\":\"https:\\\/\\\/cimacanarias.com\\\/\",\"name\":\"Centro de Investigaciones Medioambientales del Atl\u00e1ntico\",\"description\":\"Centro de Investigaciones Medioambientales del Atl\u00e1ntico, S.L. es una consultora ambiental especializada en el medio marino que desarrolla asistencias t\u00e9cnicas, proyectos de gesti\u00f3n, an\u00e1lisis e investigaciones marinas.\",\"publisher\":{\"@id\":\"https:\\\/\\\/cimacanarias.com\\\/#organization\"},\"potentialAction\":[{\"@type\":\"SearchAction\",\"target\":{\"@type\":\"EntryPoint\",\"urlTemplate\":\"https:\\\/\\\/cimacanarias.com\\\/?s={search_term_string}\"},\"query-input\":{\"@type\":\"PropertyValueSpecification\",\"valueRequired\":true,\"valueName\":\"search_term_string\"}}],\"inLanguage\":\"en-GB\"},{\"@type\":\"Organization\",\"@id\":\"https:\\\/\\\/cimacanarias.com\\\/#organization\",\"name\":\"Centro de Investigaciones Medioambientales del Atl\u00e1ntico, S.L.\",\"url\":\"https:\\\/\\\/cimacanarias.com\\\/\",\"logo\":{\"@type\":\"ImageObject\",\"inLanguage\":\"en-GB\",\"@id\":\"https:\\\/\\\/cimacanarias.com\\\/#\\\/schema\\\/logo\\\/image\\\/\",\"url\":\"https:\\\/\\\/cimacanarias.com\\\/wp-content\\\/uploads\\\/2020\\\/06\\\/logo.png\",\"contentUrl\":\"https:\\\/\\\/cimacanarias.com\\\/wp-content\\\/uploads\\\/2020\\\/06\\\/logo.png\",\"width\":227,\"height\":80,\"caption\":\"Centro de Investigaciones Medioambientales del Atl\u00e1ntico, S.L.\"},\"image\":{\"@id\":\"https:\\\/\\\/cimacanarias.com\\\/#\\\/schema\\\/logo\\\/image\\\/\"}}]}<\/script>\n<!-- \/ Yoast SEO plugin. -->","yoast_head_json":{"title":"Formaci\u00f3n y divulgaci\u00f3n - Centro de Investigaciones Medioambientales del Atl\u00e1ntico","description":"Centro de Investigaciones Medioambientales del Atl\u00e1ntico, S.L. es una entidad privada especializada en el medio marino que desarrolla asistencias t\u00e9cnicas, proyectos de gesti\u00f3n, an\u00e1lisis e investigaciones marinas.","robots":{"index":"index","follow":"follow","max-snippet":"max-snippet:-1","max-image-preview":"max-image-preview:large","max-video-preview":"max-video-preview:-1"},"canonical":"https:\/\/cimacanarias.com\/en\/formacion-y-divulgacion\/","og_locale":"en_GB","og_type":"article","og_title":"Formaci\u00f3n y divulgaci\u00f3n - Centro de Investigaciones Medioambientales del Atl\u00e1ntico","og_description":"Centro de Investigaciones Medioambientales del Atl\u00e1ntico, S.L. es una entidad privada especializada en el medio marino que desarrolla asistencias t\u00e9cnicas, proyectos de gesti\u00f3n, an\u00e1lisis e investigaciones marinas.","og_url":"https:\/\/cimacanarias.com\/en\/formacion-y-divulgacion\/","og_site_name":"Centro de Investigaciones Medioambientales del Atl\u00e1ntico","article_modified_time":"2022-05-17T10:06:26+00:00","og_image":[{"url":"https:\/\/cimacanarias.com\/wp-content\/uploads\/2020\/09\/cosas13.jpg","type":"","width":"","height":""}],"twitter_card":"summary_large_image","twitter_misc":{"Estimated reading time":"3 minutes"},"schema":{"@context":"https:\/\/schema.org","@graph":[{"@type":"WebPage","@id":"https:\/\/cimacanarias.com\/formacion-y-divulgacion\/","url":"https:\/\/cimacanarias.com\/formacion-y-divulgacion\/","name":"Formaci\u00f3n y divulgaci\u00f3n - Centro de Investigaciones Medioambientales del Atl\u00e1ntico","isPartOf":{"@id":"https:\/\/cimacanarias.com\/#website"},"primaryImageOfPage":{"@id":"https:\/\/cimacanarias.com\/formacion-y-divulgacion\/#primaryimage"},"image":{"@id":"https:\/\/cimacanarias.com\/formacion-y-divulgacion\/#primaryimage"},"thumbnailUrl":"https:\/\/cimacanarias.com\/wp-content\/uploads\/2020\/09\/cosas13.jpg","datePublished":"2020-09-03T12:53:36+00:00","dateModified":"2022-05-17T10:06:26+00:00","description":"Centro de Investigaciones Medioambientales del Atl\u00e1ntico, S.L. es una entidad privada especializada en el medio marino que desarrolla asistencias t\u00e9cnicas, proyectos de gesti\u00f3n, an\u00e1lisis e investigaciones marinas.","breadcrumb":{"@id":"https:\/\/cimacanarias.com\/formacion-y-divulgacion\/#breadcrumb"},"inLanguage":"en-GB","potentialAction":[{"@type":"ReadAction","target":["https:\/\/cimacanarias.com\/formacion-y-divulgacion\/"]}]},{"@type":"ImageObject","inLanguage":"en-GB","@id":"https:\/\/cimacanarias.com\/formacion-y-divulgacion\/#primaryimage","url":"https:\/\/cimacanarias.com\/wp-content\/uploads\/2020\/09\/cosas13.jpg","contentUrl":"https:\/\/cimacanarias.com\/wp-content\/uploads\/2020\/09\/cosas13.jpg"},{"@type":"BreadcrumbList","@id":"https:\/\/cimacanarias.com\/formacion-y-divulgacion\/#breadcrumb","itemListElement":[{"@type":"ListItem","position":1,"name":"Portada","item":"https:\/\/cimacanarias.com\/"},{"@type":"ListItem","position":2,"name":"Formaci\u00f3n y divulgaci\u00f3n"}]},{"@type":"WebSite","@id":"https:\/\/cimacanarias.com\/#website","url":"https:\/\/cimacanarias.com\/","name":"Atlantic Center for Environmental Research","description":"Centro de Investigaciones Medioambientales del Atl\u00e1ntico, S.L. es una consultora ambiental especializada en el medio marino que desarrolla asistencias t\u00e9cnicas, proyectos de gesti\u00f3n, an\u00e1lisis e investigaciones marinas.","publisher":{"@id":"https:\/\/cimacanarias.com\/#organization"},"potentialAction":[{"@type":"SearchAction","target":{"@type":"EntryPoint","urlTemplate":"https:\/\/cimacanarias.com\/?s={search_term_string}"},"query-input":{"@type":"PropertyValueSpecification","valueRequired":true,"valueName":"search_term_string"}}],"inLanguage":"en-GB"},{"@type":"Organization","@id":"https:\/\/cimacanarias.com\/#organization","name":"Centro de Investigaciones Medioambientales del Atl\u00e1ntico, S.L.","url":"https:\/\/cimacanarias.com\/","logo":{"@type":"ImageObject","inLanguage":"en-GB","@id":"https:\/\/cimacanarias.com\/#\/schema\/logo\/image\/","url":"https:\/\/cimacanarias.com\/wp-content\/uploads\/2020\/06\/logo.png","contentUrl":"https:\/\/cimacanarias.com\/wp-content\/uploads\/2020\/06\/logo.png","width":227,"height":80,"caption":"Centro de Investigaciones Medioambientales del Atl\u00e1ntico, S.L."},"image":{"@id":"https:\/\/cimacanarias.com\/#\/schema\/logo\/image\/"}}]}},"_links":{"self":[{"href":"https:\/\/cimacanarias.com\/en\/wp-json\/wp\/v2\/pages\/1101","targetHints":{"allow":["GET"]}}],"collection":[{"href":"https:\/\/cimacanarias.com\/en\/wp-json\/wp\/v2\/pages"}],"about":[{"href":"https:\/\/cimacanarias.com\/en\/wp-json\/wp\/v2\/types\/page"}],"author":[{"embeddable":true,"href":"https:\/\/cimacanarias.com\/en\/wp-json\/wp\/v2\/users\/9"}],"replies":[{"embeddable":true,"href":"https:\/\/cimacanarias.com\/en\/wp-json\/wp\/v2\/comments?post=1101"}],"version-history":[{"count":6,"href":"https:\/\/cimacanarias.com\/en\/wp-json\/wp\/v2\/pages\/1101\/revisions"}],"predecessor-version":[{"id":1157,"href":"https:\/\/cimacanarias.com\/en\/wp-json\/wp\/v2\/pages\/1101\/revisions\/1157"}],"wp:attachment":[{"href":"https:\/\/cimacanarias.com\/en\/wp-json\/wp\/v2\/media?parent=1101"}],"curies":[{"name":"wp","href":"https:\/\/api.w.org\/{rel}","templated":true}]}}