{"id":1108,"date":"2020-09-03T14:07:52","date_gmt":"2020-09-03T14:07:52","guid":{"rendered":"http:\/\/cimacanarias.com\/?page_id=1108"},"modified":"2022-05-17T10:09:37","modified_gmt":"2022-05-17T10:09:37","slug":"nuevos-servicios-de-gestion-ambiental-marina-en-relacion-a-vertidos-de-tierra-al-mar-de-aguas-residuales-e-industriales","status":"publish","type":"page","link":"https:\/\/cimacanarias.com\/en\/nuevos-servicios-de-gestion-ambiental-marina-en-relacion-a-vertidos-de-tierra-al-mar-de-aguas-residuales-e-industriales\/","title":{"rendered":"Nuevos servicios de gesti\u00f3n ambiental marina en relaci\u00f3n a vertidos de tierra al mar de aguas residuales e industriales"},"content":{"rendered":"<p><a href=\"https:\/\/cimacanarias.com\/wp-content\/uploads\/2020\/09\/sonda.jpg\"><img loading=\"lazy\" decoding=\"async\" class=\"alignright wp-image-1109\" src=\"https:\/\/cimacanarias.com\/wp-content\/uploads\/2020\/09\/sonda.jpg\" alt=\"\" width=\"400\" height=\"400\" srcset=\"https:\/\/cimacanarias.com\/wp-content\/uploads\/2020\/09\/sonda.jpg 550w, https:\/\/cimacanarias.com\/wp-content\/uploads\/2020\/09\/sonda-300x300.jpg 300w, https:\/\/cimacanarias.com\/wp-content\/uploads\/2020\/09\/sonda-150x150.jpg 150w\" sizes=\"auto, (max-width: 400px) 100vw, 400px\" \/><\/a><\/p>\n<p align=\"justify\">El objetivo general de este proyecto es que la empresa \u201cCentro de Investigaciones Medioambientales del Atl\u00e1ntico S.L.\u201d aumente su competitividad, apoy\u00e1ndose en el impulso que supondr\u00eda el desarrollo de servicios innovadores y de alta especializaci\u00f3n en la misma. Estos nuevos servicios est\u00e1n directamente relacionados con la capacidad de efectuar estudios relacionados con la gesti\u00f3n de los vertidos de tierra al mar principalmente en Canarias. Con este fin la empresa pretende adquirir equipos que le permitan registrar datos tanto en todo el sistema de saneamiento, as\u00ed como en las aguas marinas costeras al tratarse del medio receptor de estos vertidos.<\/p>\n<p>&nbsp;<\/p>\n<p align=\"justify\">Con este fin la empresa ha adquirido (con la ayuda de las Subvenciones a proyectos de inversi\u00f3n de peque\u00f1as y medianas empresas en Canarias para 2019 del Gobierno de Canarias) equipos que le permiten registrar datos tanto en todo el sistema de saneamiento, as\u00ed como en las aguas marinas costeras al tratarse del medio receptor de estos vertidos. Se incorporar\u00e1 a la empresa instrumental para la toma de muestra compuestas y c\u00e1lculos de caudal en afluentes y efluentes, antes de producirse el vertido a trav\u00e9s de las conducciones de desag\u00fce o emisarios submarinos, as\u00ed como un equipo para la estimaci\u00f3n de la calidad del agua marina en la zona de influencia del vertido en el mar, que permita la realizaci\u00f3n de perfiles oceanogr\u00e1ficos y la estimaci\u00f3n de par\u00e1metros fisicoqu\u00edmicos. Esto fomentar\u00e1 adem\u00e1s del incremento en los servicios que la empresa realiza, el desarrollo de nuevos proyectos de I+D+i relacionados con la Econom\u00eda Azul y el crecimiento sostenible.<\/p>\n<p>&nbsp;<\/p>\n<p><\/p>\n<p><\/p><center><img decoding=\"async\" src=\"https:\/\/cimacanarias.com\/images\/Logos%20PYME.jpg\" alt=\"\" align=\"center\"><\/center>&nbsp;<p><\/p>\n<p align=\"justify\">Los bienes adquiridos son:<\/p>\n<p align=\"justify\">1. Un tomamuestras port\u00e1til que permite la monitorizaci\u00f3n en conducciones antes de pretratamiento y despu\u00e9s de tratamiento a partir del muestreo, obtenci\u00f3n y almacenaje de muestras de agua representativas para su posterior an\u00e1lisis en laboratorio.<\/p>\n<p align=\"justify\">2. Un tomamuestras con caudal\u00edmetro de \u00e1rea-velocidad que almacene lecturas de nivel, velocidad y temperatura para el monitoreo de flujo en canales abiertos, tuber\u00edas de alcantarillado y efluentes.<\/p>\n<p align=\"justify\">3. Una sonda multiparam\u00e9trica para registrar medidas en tiempo real de par\u00e1metros de calidad del agua tanto en afluentes, efluentes como el medio marino con la posibilidad de realizaci\u00f3n de perfiles oceanogr\u00e1ficos.<\/p>\n<p align=\"justify\">4. Un ordenador port\u00e1til capacitado para entornos extremos, resistente al agua, preparado para \u00e1mbitos industriales de riesgo y entornos marinos.<\/p>\n<p>&nbsp;<\/p>\n<p><\/p>\n<p><\/p><center><img decoding=\"async\" src=\"https:\/\/cimacanarias.com\/images\/servicios\/_tomamuestras.jpg\" alt=\"\" align=\"center\"><\/center>&nbsp;<p><\/p>\n<p align=\"justify\">Los equipos a adquirir son de \u00faltima generaci\u00f3n y lo que se pretende es con la ayuda de este instrumental realizar estudios innovadores en el \u00e1mbito de la gesti\u00f3n de las aguas residuales con el fin de minimizar su influencia en los ecosistemas costeros. Esto se realizar\u00e1 contando con todo el equipamiento necesario para la realizaci\u00f3n del seguimiento en todas las fases y procesos de la gesti\u00f3n de las aguas residuales que incluye el seguimiento y monitoreo desde antes de su entrada en las estaciones de pretratamiento o depuradora hasta su vertido al mar y con la posibilidad de incluir investigaciones sobre la influencia de los mismos en las comunidades y h\u00e1bitats costeros para poder aportar soluciones innovadoras que permitan minimizar los impactos ambientales.<\/p>\n<p>&nbsp;<\/p>\n\n\n<figure class=\"wp-block-image size-large\"><img loading=\"lazy\" decoding=\"async\" width=\"1024\" height=\"339\" src=\"https:\/\/cimacanarias.com\/wp-content\/uploads\/2020\/10\/Logos-FEDER-1024x339.jpg\" alt=\"\" class=\"wp-image-1321\" srcset=\"https:\/\/cimacanarias.com\/wp-content\/uploads\/2020\/10\/Logos-FEDER-1024x339.jpg 1024w, https:\/\/cimacanarias.com\/wp-content\/uploads\/2020\/10\/Logos-FEDER-300x99.jpg 300w, https:\/\/cimacanarias.com\/wp-content\/uploads\/2020\/10\/Logos-FEDER-768x254.jpg 768w, https:\/\/cimacanarias.com\/wp-content\/uploads\/2020\/10\/Logos-FEDER.jpg 1464w\" sizes=\"auto, (max-width: 1024px) 100vw, 1024px\" \/><\/figure>","protected":false},"excerpt":{"rendered":"<p>El objetivo general de este proyecto es que la empresa \u201cCentro de Investigaciones Medioambientales del Atl\u00e1ntico S.L.\u201d aumente su competitividad, [&hellip;]<\/p>\n","protected":false},"author":9,"featured_media":0,"parent":0,"menu_order":0,"comment_status":"closed","ping_status":"closed","template":"","meta":{"footnotes":""},"class_list":["post-1108","page","type-page","status-publish","hentry"],"yoast_head":"<!-- This site is optimized with the Yoast SEO plugin v27.3 - https:\/\/yoast.com\/product\/yoast-seo-wordpress\/ -->\n<title>Nuevos servicios de gesti\u00f3n ambiental marina en relaci\u00f3n a vertidos de tierra al mar de aguas residuales e industriales - Centro de Investigaciones Medioambientales del Atl\u00e1ntico<\/title>\n<meta name=\"description\" content=\"Centro de Investigaciones Medioambientales del Atl\u00e1ntico, S.L. es una entidad privada especializada en el medio marino que desarrolla asistencias t\u00e9cnicas, proyectos de gesti\u00f3n, an\u00e1lisis e investigaciones marinas.\" \/>\n<meta name=\"robots\" content=\"index, follow, max-snippet:-1, max-image-preview:large, max-video-preview:-1\" \/>\n<link rel=\"canonical\" href=\"https:\/\/cimacanarias.com\/en\/nuevos-servicios-de-gestion-ambiental-marina-en-relacion-a-vertidos-de-tierra-al-mar-de-aguas-residuales-e-industriales\/\" \/>\n<meta property=\"og:locale\" content=\"en_GB\" \/>\n<meta property=\"og:type\" content=\"article\" \/>\n<meta property=\"og:title\" content=\"Nuevos servicios de gesti\u00f3n ambiental marina en relaci\u00f3n a vertidos de tierra al mar de aguas residuales e industriales - Centro de Investigaciones Medioambientales del Atl\u00e1ntico\" \/>\n<meta property=\"og:description\" content=\"Centro de Investigaciones Medioambientales del Atl\u00e1ntico, S.L. es una entidad privada especializada en el medio marino que desarrolla asistencias t\u00e9cnicas, proyectos de gesti\u00f3n, an\u00e1lisis e investigaciones marinas.\" \/>\n<meta property=\"og:url\" content=\"https:\/\/cimacanarias.com\/en\/nuevos-servicios-de-gestion-ambiental-marina-en-relacion-a-vertidos-de-tierra-al-mar-de-aguas-residuales-e-industriales\/\" \/>\n<meta property=\"og:site_name\" content=\"Centro de Investigaciones Medioambientales del Atl\u00e1ntico\" \/>\n<meta property=\"article:modified_time\" content=\"2022-05-17T10:09:37+00:00\" \/>\n<meta property=\"og:image\" content=\"https:\/\/cimacanarias.com\/wp-content\/uploads\/2020\/09\/sonda.jpg\" \/>\n<meta name=\"twitter:card\" content=\"summary_large_image\" \/>\n<meta name=\"twitter:label1\" content=\"Estimated reading time\" \/>\n\t<meta name=\"twitter:data1\" content=\"4 minutes\" \/>\n<script type=\"application\/ld+json\" class=\"yoast-schema-graph\">{\"@context\":\"https:\\\/\\\/schema.org\",\"@graph\":[{\"@type\":\"WebPage\",\"@id\":\"https:\\\/\\\/cimacanarias.com\\\/nuevos-servicios-de-gestion-ambiental-marina-en-relacion-a-vertidos-de-tierra-al-mar-de-aguas-residuales-e-industriales\\\/\",\"url\":\"https:\\\/\\\/cimacanarias.com\\\/nuevos-servicios-de-gestion-ambiental-marina-en-relacion-a-vertidos-de-tierra-al-mar-de-aguas-residuales-e-industriales\\\/\",\"name\":\"Nuevos servicios de gesti\u00f3n ambiental marina en relaci\u00f3n a vertidos de tierra al mar de aguas residuales e industriales - Centro de Investigaciones Medioambientales del Atl\u00e1ntico\",\"isPartOf\":{\"@id\":\"https:\\\/\\\/cimacanarias.com\\\/#website\"},\"primaryImageOfPage\":{\"@id\":\"https:\\\/\\\/cimacanarias.com\\\/nuevos-servicios-de-gestion-ambiental-marina-en-relacion-a-vertidos-de-tierra-al-mar-de-aguas-residuales-e-industriales\\\/#primaryimage\"},\"image\":{\"@id\":\"https:\\\/\\\/cimacanarias.com\\\/nuevos-servicios-de-gestion-ambiental-marina-en-relacion-a-vertidos-de-tierra-al-mar-de-aguas-residuales-e-industriales\\\/#primaryimage\"},\"thumbnailUrl\":\"https:\\\/\\\/cimacanarias.com\\\/wp-content\\\/uploads\\\/2020\\\/09\\\/sonda.jpg\",\"datePublished\":\"2020-09-03T14:07:52+00:00\",\"dateModified\":\"2022-05-17T10:09:37+00:00\",\"description\":\"Centro de Investigaciones Medioambientales del Atl\u00e1ntico, S.L. es una entidad privada especializada en el medio marino que desarrolla asistencias t\u00e9cnicas, proyectos de gesti\u00f3n, an\u00e1lisis e investigaciones marinas.\",\"breadcrumb\":{\"@id\":\"https:\\\/\\\/cimacanarias.com\\\/nuevos-servicios-de-gestion-ambiental-marina-en-relacion-a-vertidos-de-tierra-al-mar-de-aguas-residuales-e-industriales\\\/#breadcrumb\"},\"inLanguage\":\"en-GB\",\"potentialAction\":[{\"@type\":\"ReadAction\",\"target\":[\"https:\\\/\\\/cimacanarias.com\\\/nuevos-servicios-de-gestion-ambiental-marina-en-relacion-a-vertidos-de-tierra-al-mar-de-aguas-residuales-e-industriales\\\/\"]}]},{\"@type\":\"ImageObject\",\"inLanguage\":\"en-GB\",\"@id\":\"https:\\\/\\\/cimacanarias.com\\\/nuevos-servicios-de-gestion-ambiental-marina-en-relacion-a-vertidos-de-tierra-al-mar-de-aguas-residuales-e-industriales\\\/#primaryimage\",\"url\":\"https:\\\/\\\/cimacanarias.com\\\/wp-content\\\/uploads\\\/2020\\\/09\\\/sonda.jpg\",\"contentUrl\":\"https:\\\/\\\/cimacanarias.com\\\/wp-content\\\/uploads\\\/2020\\\/09\\\/sonda.jpg\"},{\"@type\":\"BreadcrumbList\",\"@id\":\"https:\\\/\\\/cimacanarias.com\\\/nuevos-servicios-de-gestion-ambiental-marina-en-relacion-a-vertidos-de-tierra-al-mar-de-aguas-residuales-e-industriales\\\/#breadcrumb\",\"itemListElement\":[{\"@type\":\"ListItem\",\"position\":1,\"name\":\"Portada\",\"item\":\"https:\\\/\\\/cimacanarias.com\\\/\"},{\"@type\":\"ListItem\",\"position\":2,\"name\":\"Nuevos servicios de gesti\u00f3n ambiental marina en relaci\u00f3n a vertidos de tierra al mar de aguas residuales e industriales\"}]},{\"@type\":\"WebSite\",\"@id\":\"https:\\\/\\\/cimacanarias.com\\\/#website\",\"url\":\"https:\\\/\\\/cimacanarias.com\\\/\",\"name\":\"Centro de Investigaciones Medioambientales del Atl\u00e1ntico\",\"description\":\"Centro de Investigaciones Medioambientales del Atl\u00e1ntico, S.L. es una consultora ambiental especializada en el medio marino que desarrolla asistencias t\u00e9cnicas, proyectos de gesti\u00f3n, an\u00e1lisis e investigaciones marinas.\",\"publisher\":{\"@id\":\"https:\\\/\\\/cimacanarias.com\\\/#organization\"},\"potentialAction\":[{\"@type\":\"SearchAction\",\"target\":{\"@type\":\"EntryPoint\",\"urlTemplate\":\"https:\\\/\\\/cimacanarias.com\\\/?s={search_term_string}\"},\"query-input\":{\"@type\":\"PropertyValueSpecification\",\"valueRequired\":true,\"valueName\":\"search_term_string\"}}],\"inLanguage\":\"en-GB\"},{\"@type\":\"Organization\",\"@id\":\"https:\\\/\\\/cimacanarias.com\\\/#organization\",\"name\":\"Centro de Investigaciones Medioambientales del Atl\u00e1ntico, S.L.\",\"url\":\"https:\\\/\\\/cimacanarias.com\\\/\",\"logo\":{\"@type\":\"ImageObject\",\"inLanguage\":\"en-GB\",\"@id\":\"https:\\\/\\\/cimacanarias.com\\\/#\\\/schema\\\/logo\\\/image\\\/\",\"url\":\"https:\\\/\\\/cimacanarias.com\\\/wp-content\\\/uploads\\\/2020\\\/06\\\/logo.png\",\"contentUrl\":\"https:\\\/\\\/cimacanarias.com\\\/wp-content\\\/uploads\\\/2020\\\/06\\\/logo.png\",\"width\":227,\"height\":80,\"caption\":\"Centro de Investigaciones Medioambientales del Atl\u00e1ntico, S.L.\"},\"image\":{\"@id\":\"https:\\\/\\\/cimacanarias.com\\\/#\\\/schema\\\/logo\\\/image\\\/\"}}]}<\/script>\n<!-- \/ Yoast SEO plugin. -->","yoast_head_json":{"title":"Nuevos servicios de gesti\u00f3n ambiental marina en relaci\u00f3n a vertidos de tierra al mar de aguas residuales e industriales - Centro de Investigaciones Medioambientales del Atl\u00e1ntico","description":"Centro de Investigaciones Medioambientales del Atl\u00e1ntico, S.L. es una entidad privada especializada en el medio marino que desarrolla asistencias t\u00e9cnicas, proyectos de gesti\u00f3n, an\u00e1lisis e investigaciones marinas.","robots":{"index":"index","follow":"follow","max-snippet":"max-snippet:-1","max-image-preview":"max-image-preview:large","max-video-preview":"max-video-preview:-1"},"canonical":"https:\/\/cimacanarias.com\/en\/nuevos-servicios-de-gestion-ambiental-marina-en-relacion-a-vertidos-de-tierra-al-mar-de-aguas-residuales-e-industriales\/","og_locale":"en_GB","og_type":"article","og_title":"Nuevos servicios de gesti\u00f3n ambiental marina en relaci\u00f3n a vertidos de tierra al mar de aguas residuales e industriales - Centro de Investigaciones Medioambientales del Atl\u00e1ntico","og_description":"Centro de Investigaciones Medioambientales del Atl\u00e1ntico, S.L. es una entidad privada especializada en el medio marino que desarrolla asistencias t\u00e9cnicas, proyectos de gesti\u00f3n, an\u00e1lisis e investigaciones marinas.","og_url":"https:\/\/cimacanarias.com\/en\/nuevos-servicios-de-gestion-ambiental-marina-en-relacion-a-vertidos-de-tierra-al-mar-de-aguas-residuales-e-industriales\/","og_site_name":"Centro de Investigaciones Medioambientales del Atl\u00e1ntico","article_modified_time":"2022-05-17T10:09:37+00:00","og_image":[{"url":"https:\/\/cimacanarias.com\/wp-content\/uploads\/2020\/09\/sonda.jpg","type":"","width":"","height":""}],"twitter_card":"summary_large_image","twitter_misc":{"Estimated reading time":"4 minutes"},"schema":{"@context":"https:\/\/schema.org","@graph":[{"@type":"WebPage","@id":"https:\/\/cimacanarias.com\/nuevos-servicios-de-gestion-ambiental-marina-en-relacion-a-vertidos-de-tierra-al-mar-de-aguas-residuales-e-industriales\/","url":"https:\/\/cimacanarias.com\/nuevos-servicios-de-gestion-ambiental-marina-en-relacion-a-vertidos-de-tierra-al-mar-de-aguas-residuales-e-industriales\/","name":"Nuevos servicios de gesti\u00f3n ambiental marina en relaci\u00f3n a vertidos de tierra al mar de aguas residuales e industriales - Centro de Investigaciones Medioambientales del Atl\u00e1ntico","isPartOf":{"@id":"https:\/\/cimacanarias.com\/#website"},"primaryImageOfPage":{"@id":"https:\/\/cimacanarias.com\/nuevos-servicios-de-gestion-ambiental-marina-en-relacion-a-vertidos-de-tierra-al-mar-de-aguas-residuales-e-industriales\/#primaryimage"},"image":{"@id":"https:\/\/cimacanarias.com\/nuevos-servicios-de-gestion-ambiental-marina-en-relacion-a-vertidos-de-tierra-al-mar-de-aguas-residuales-e-industriales\/#primaryimage"},"thumbnailUrl":"https:\/\/cimacanarias.com\/wp-content\/uploads\/2020\/09\/sonda.jpg","datePublished":"2020-09-03T14:07:52+00:00","dateModified":"2022-05-17T10:09:37+00:00","description":"Centro de Investigaciones Medioambientales del Atl\u00e1ntico, S.L. es una entidad privada especializada en el medio marino que desarrolla asistencias t\u00e9cnicas, proyectos de gesti\u00f3n, an\u00e1lisis e investigaciones marinas.","breadcrumb":{"@id":"https:\/\/cimacanarias.com\/nuevos-servicios-de-gestion-ambiental-marina-en-relacion-a-vertidos-de-tierra-al-mar-de-aguas-residuales-e-industriales\/#breadcrumb"},"inLanguage":"en-GB","potentialAction":[{"@type":"ReadAction","target":["https:\/\/cimacanarias.com\/nuevos-servicios-de-gestion-ambiental-marina-en-relacion-a-vertidos-de-tierra-al-mar-de-aguas-residuales-e-industriales\/"]}]},{"@type":"ImageObject","inLanguage":"en-GB","@id":"https:\/\/cimacanarias.com\/nuevos-servicios-de-gestion-ambiental-marina-en-relacion-a-vertidos-de-tierra-al-mar-de-aguas-residuales-e-industriales\/#primaryimage","url":"https:\/\/cimacanarias.com\/wp-content\/uploads\/2020\/09\/sonda.jpg","contentUrl":"https:\/\/cimacanarias.com\/wp-content\/uploads\/2020\/09\/sonda.jpg"},{"@type":"BreadcrumbList","@id":"https:\/\/cimacanarias.com\/nuevos-servicios-de-gestion-ambiental-marina-en-relacion-a-vertidos-de-tierra-al-mar-de-aguas-residuales-e-industriales\/#breadcrumb","itemListElement":[{"@type":"ListItem","position":1,"name":"Portada","item":"https:\/\/cimacanarias.com\/"},{"@type":"ListItem","position":2,"name":"Nuevos servicios de gesti\u00f3n ambiental marina en relaci\u00f3n a vertidos de tierra al mar de aguas residuales e industriales"}]},{"@type":"WebSite","@id":"https:\/\/cimacanarias.com\/#website","url":"https:\/\/cimacanarias.com\/","name":"Atlantic Center for Environmental Research","description":"Centro de Investigaciones Medioambientales del Atl\u00e1ntico, S.L. es una consultora ambiental especializada en el medio marino que desarrolla asistencias t\u00e9cnicas, proyectos de gesti\u00f3n, an\u00e1lisis e investigaciones marinas.","publisher":{"@id":"https:\/\/cimacanarias.com\/#organization"},"potentialAction":[{"@type":"SearchAction","target":{"@type":"EntryPoint","urlTemplate":"https:\/\/cimacanarias.com\/?s={search_term_string}"},"query-input":{"@type":"PropertyValueSpecification","valueRequired":true,"valueName":"search_term_string"}}],"inLanguage":"en-GB"},{"@type":"Organization","@id":"https:\/\/cimacanarias.com\/#organization","name":"Centro de Investigaciones Medioambientales del Atl\u00e1ntico, S.L.","url":"https:\/\/cimacanarias.com\/","logo":{"@type":"ImageObject","inLanguage":"en-GB","@id":"https:\/\/cimacanarias.com\/#\/schema\/logo\/image\/","url":"https:\/\/cimacanarias.com\/wp-content\/uploads\/2020\/06\/logo.png","contentUrl":"https:\/\/cimacanarias.com\/wp-content\/uploads\/2020\/06\/logo.png","width":227,"height":80,"caption":"Centro de Investigaciones Medioambientales del Atl\u00e1ntico, S.L."},"image":{"@id":"https:\/\/cimacanarias.com\/#\/schema\/logo\/image\/"}}]}},"_links":{"self":[{"href":"https:\/\/cimacanarias.com\/en\/wp-json\/wp\/v2\/pages\/1108","targetHints":{"allow":["GET"]}}],"collection":[{"href":"https:\/\/cimacanarias.com\/en\/wp-json\/wp\/v2\/pages"}],"about":[{"href":"https:\/\/cimacanarias.com\/en\/wp-json\/wp\/v2\/types\/page"}],"author":[{"embeddable":true,"href":"https:\/\/cimacanarias.com\/en\/wp-json\/wp\/v2\/users\/9"}],"replies":[{"embeddable":true,"href":"https:\/\/cimacanarias.com\/en\/wp-json\/wp\/v2\/comments?post=1108"}],"version-history":[{"count":4,"href":"https:\/\/cimacanarias.com\/en\/wp-json\/wp\/v2\/pages\/1108\/revisions"}],"predecessor-version":[{"id":2176,"href":"https:\/\/cimacanarias.com\/en\/wp-json\/wp\/v2\/pages\/1108\/revisions\/2176"}],"wp:attachment":[{"href":"https:\/\/cimacanarias.com\/en\/wp-json\/wp\/v2\/media?parent=1108"}],"curies":[{"name":"wp","href":"https:\/\/api.w.org\/{rel}","templated":true}]}}