{"id":1113,"date":"2020-09-03T14:26:12","date_gmt":"2020-09-03T14:26:12","guid":{"rendered":"http:\/\/cimacanarias.com\/?page_id=1113"},"modified":"2022-05-17T09:43:47","modified_gmt":"2022-05-17T09:43:47","slug":"canamod","status":"publish","type":"page","link":"https:\/\/cimacanarias.com\/en\/canamod\/","title":{"rendered":"CANAMOD"},"content":{"rendered":"<p><a href=\"https:\/\/cimacanarias.com\/wp-content\/uploads\/2020\/09\/canamod.jpg\"><img loading=\"lazy\" decoding=\"async\" class=\"alignright wp-image-1114\" src=\"https:\/\/cimacanarias.com\/wp-content\/uploads\/2020\/09\/canamod.jpg\" alt=\"\" width=\"400\" height=\"400\" srcset=\"https:\/\/cimacanarias.com\/wp-content\/uploads\/2020\/09\/canamod.jpg 550w, https:\/\/cimacanarias.com\/wp-content\/uploads\/2020\/09\/canamod-300x300.jpg 300w, https:\/\/cimacanarias.com\/wp-content\/uploads\/2020\/09\/canamod-150x150.jpg 150w\" sizes=\"auto, (max-width: 400px) 100vw, 400px\" \/><\/a><\/p>\n<p>Herramienta de modelizaci\u00f3n para la predicci\u00f3n de la respuesta ambiental al aporte de material proveniente de jaulas de cultivo en Canarias.<\/p>\n<p>Proyecto aprobado por el Centro para el Desarrollo Tecnol\u00f3gico Industrial (CDTI) el 28\/01\/2010 mediante la concesi\u00f3n de una ayuda cofinanciada a trav\u00e9s del&nbsp;<strong>Fondo Tecnol\u00f3gico<\/strong>.<\/p>\n<p>El objetivo del proyecto CANAMOD es el desarrollo de un modelo estructurado y validado para las condiciones ambientales de cultivo y especies cultivadas en Canarias, que pueda ser utilizado como herramienta de gesti\u00f3n en la predicci\u00f3n de la dispersi\u00f3n del material de desecho proveniente de jaulas de cultivo de dorada, lubina y corvina y sus posibles impactos en el medio.<\/p>\n<p>La utilizaci\u00f3n de esta herramienta num\u00e9rica permitir\u00e1 llevar a cabo estudios de dispersi\u00f3n previos a la instalaci\u00f3n de jaulas de acuicultura, as\u00ed como en granjas en explotaci\u00f3n que puedan verse afectadas por otras instalaciones, o por el aumento de su producci\u00f3n. Dichas simulaciones permiten delimitar el alcance de la pluma de desechos, lo que proporciona datos \u00fatiles (posibles \u00e1reas afectadas, carga contaminante, etc.) para realizar estudios de impacto ambiental y finalmente para estimar la capacidad de carga del medio, para as\u00ed poder establecer el techo de producci\u00f3n en una zona, pol\u00edgono acu\u00edcola o \u00e1rea determinada.<\/p>\n<p>Los objetivos espec\u00edficos que se derivan del objetivo general del proyecto son los siguientes:<\/p>\n<p>\u2022 Evaluaci\u00f3n de posibles impactos ambientales asociados al cultivo de peces en jaulas flotantes en Canarias, las herramientas y metodolog\u00edas utilizadas en su valoraci\u00f3n, los diferentes procedimientos, protocolos y herramientas utilizados en otros pa\u00edses\/regiones para el muestreo, an\u00e1lisis, evaluaci\u00f3n y gesti\u00f3n de impactos ambientales de las jaulas de cultivo. Determinaci\u00f3n del conjunto de aspectos relacionados con la \u00abcapacidad de carga\u00bb y su aplicabilidad en Canarias: definici\u00f3n y \u00e1mbitos de aplicaci\u00f3n, sus par\u00e1metros descriptores (espaciales y temporales), herramientas disponibles, experiencias similares en otros ambientes\/pa\u00edses y experiencia relacionadas en Canarias\/Espa\u00f1a\/Europa\/etc.<\/p>\n<p>\u2022 Dise\u00f1o y ejecuci\u00f3n del programa de muestreo de los par\u00e1metros m\u00e1s significativos para la obtenci\u00f3n de datos del impacto de las jaulas sobre el sedimento. Este programa deber\u00e1 ser lo suficientemente significativo, tanto cuantitativamente como cualitativamente, por lo que deber\u00e1 cubrir un amplio abanico de condiciones ambientales, geogr\u00e1ficas y temporales de muestreo. Creaci\u00f3n de una base de datos.<\/p>\n<p>\u2022 Crear un modelo matem\u00e1tico que prediga la cantidad y dispersi\u00f3n del material de desecho proveniente de los cultivos en jaulas marinas en canarias y sus posibles respuestas ambientales. El modelo debe adaptarse a la particulares condiciones ambientales, sistemas de cultivo, especies cultivadas (dorada, lubina y corvina) y gesti\u00f3n de las empresas presentes en Canarias. El modelo debe requerir datos que no sean muy costosos en t\u00e9rminos monetarios y de tiempo, y debe tener un interfaz \u201cuser-friendly\u201d.<\/p>\n<p>\u2022 Desarrollo y ejecuci\u00f3n de estrategias para la comercializaci\u00f3n y explotaci\u00f3n de la herramienta desarrollada entre los colectivos objetivo (industria, administraciones, centros de investigaci\u00f3n y universidades canarias).<\/p>","protected":false},"excerpt":{"rendered":"<p>Herramienta de modelizaci\u00f3n para la predicci\u00f3n de la respuesta ambiental al aporte de material proveniente de jaulas de cultivo en [&hellip;]<\/p>\n","protected":false},"author":9,"featured_media":0,"parent":0,"menu_order":0,"comment_status":"closed","ping_status":"closed","template":"","meta":{"footnotes":""},"class_list":["post-1113","page","type-page","status-publish","hentry"],"yoast_head":"<!-- This site is optimized with the Yoast SEO plugin v27.3 - https:\/\/yoast.com\/product\/yoast-seo-wordpress\/ -->\n<title>CANAMOD - Centro de Investigaciones Medioambientales del Atl\u00e1ntico<\/title>\n<meta name=\"description\" content=\"Centro de Investigaciones Medioambientales del Atl\u00e1ntico, S.L. es una entidad privada especializada en el medio marino que desarrolla asistencias t\u00e9cnicas, proyectos de gesti\u00f3n, an\u00e1lisis e investigaciones marinas.\" \/>\n<meta name=\"robots\" content=\"index, follow, max-snippet:-1, max-image-preview:large, max-video-preview:-1\" \/>\n<link rel=\"canonical\" href=\"https:\/\/cimacanarias.com\/en\/canamod\/\" \/>\n<meta property=\"og:locale\" content=\"en_GB\" \/>\n<meta property=\"og:type\" content=\"article\" \/>\n<meta property=\"og:title\" content=\"CANAMOD - Centro de Investigaciones Medioambientales del Atl\u00e1ntico\" \/>\n<meta property=\"og:description\" content=\"Centro de Investigaciones Medioambientales del Atl\u00e1ntico, S.L. es una entidad privada especializada en el medio marino que desarrolla asistencias t\u00e9cnicas, proyectos de gesti\u00f3n, an\u00e1lisis e investigaciones marinas.\" \/>\n<meta property=\"og:url\" content=\"https:\/\/cimacanarias.com\/en\/canamod\/\" \/>\n<meta property=\"og:site_name\" content=\"Centro de Investigaciones Medioambientales del Atl\u00e1ntico\" \/>\n<meta property=\"article:modified_time\" content=\"2022-05-17T09:43:47+00:00\" \/>\n<meta property=\"og:image\" content=\"https:\/\/cimacanarias.com\/wp-content\/uploads\/2020\/09\/canamod.jpg\" \/>\n<meta name=\"twitter:card\" content=\"summary_large_image\" \/>\n<meta name=\"twitter:label1\" content=\"Estimated reading time\" \/>\n\t<meta name=\"twitter:data1\" content=\"3 minutes\" \/>\n<script type=\"application\/ld+json\" class=\"yoast-schema-graph\">{\"@context\":\"https:\\\/\\\/schema.org\",\"@graph\":[{\"@type\":\"WebPage\",\"@id\":\"https:\\\/\\\/cimacanarias.com\\\/canamod\\\/\",\"url\":\"https:\\\/\\\/cimacanarias.com\\\/canamod\\\/\",\"name\":\"CANAMOD - Centro de Investigaciones Medioambientales del Atl\u00e1ntico\",\"isPartOf\":{\"@id\":\"https:\\\/\\\/cimacanarias.com\\\/#website\"},\"primaryImageOfPage\":{\"@id\":\"https:\\\/\\\/cimacanarias.com\\\/canamod\\\/#primaryimage\"},\"image\":{\"@id\":\"https:\\\/\\\/cimacanarias.com\\\/canamod\\\/#primaryimage\"},\"thumbnailUrl\":\"https:\\\/\\\/cimacanarias.com\\\/wp-content\\\/uploads\\\/2020\\\/09\\\/canamod.jpg\",\"datePublished\":\"2020-09-03T14:26:12+00:00\",\"dateModified\":\"2022-05-17T09:43:47+00:00\",\"description\":\"Centro de Investigaciones Medioambientales del Atl\u00e1ntico, S.L. es una entidad privada especializada en el medio marino que desarrolla asistencias t\u00e9cnicas, proyectos de gesti\u00f3n, an\u00e1lisis e investigaciones marinas.\",\"breadcrumb\":{\"@id\":\"https:\\\/\\\/cimacanarias.com\\\/canamod\\\/#breadcrumb\"},\"inLanguage\":\"en-GB\",\"potentialAction\":[{\"@type\":\"ReadAction\",\"target\":[\"https:\\\/\\\/cimacanarias.com\\\/canamod\\\/\"]}]},{\"@type\":\"ImageObject\",\"inLanguage\":\"en-GB\",\"@id\":\"https:\\\/\\\/cimacanarias.com\\\/canamod\\\/#primaryimage\",\"url\":\"https:\\\/\\\/cimacanarias.com\\\/wp-content\\\/uploads\\\/2020\\\/09\\\/canamod.jpg\",\"contentUrl\":\"https:\\\/\\\/cimacanarias.com\\\/wp-content\\\/uploads\\\/2020\\\/09\\\/canamod.jpg\"},{\"@type\":\"BreadcrumbList\",\"@id\":\"https:\\\/\\\/cimacanarias.com\\\/canamod\\\/#breadcrumb\",\"itemListElement\":[{\"@type\":\"ListItem\",\"position\":1,\"name\":\"Portada\",\"item\":\"https:\\\/\\\/cimacanarias.com\\\/\"},{\"@type\":\"ListItem\",\"position\":2,\"name\":\"CANAMOD\"}]},{\"@type\":\"WebSite\",\"@id\":\"https:\\\/\\\/cimacanarias.com\\\/#website\",\"url\":\"https:\\\/\\\/cimacanarias.com\\\/\",\"name\":\"Centro de Investigaciones Medioambientales del Atl\u00e1ntico\",\"description\":\"Centro de Investigaciones Medioambientales del Atl\u00e1ntico, S.L. es una consultora ambiental especializada en el medio marino que desarrolla asistencias t\u00e9cnicas, proyectos de gesti\u00f3n, an\u00e1lisis e investigaciones marinas.\",\"publisher\":{\"@id\":\"https:\\\/\\\/cimacanarias.com\\\/#organization\"},\"potentialAction\":[{\"@type\":\"SearchAction\",\"target\":{\"@type\":\"EntryPoint\",\"urlTemplate\":\"https:\\\/\\\/cimacanarias.com\\\/?s={search_term_string}\"},\"query-input\":{\"@type\":\"PropertyValueSpecification\",\"valueRequired\":true,\"valueName\":\"search_term_string\"}}],\"inLanguage\":\"en-GB\"},{\"@type\":\"Organization\",\"@id\":\"https:\\\/\\\/cimacanarias.com\\\/#organization\",\"name\":\"Centro de Investigaciones Medioambientales del Atl\u00e1ntico, S.L.\",\"url\":\"https:\\\/\\\/cimacanarias.com\\\/\",\"logo\":{\"@type\":\"ImageObject\",\"inLanguage\":\"en-GB\",\"@id\":\"https:\\\/\\\/cimacanarias.com\\\/#\\\/schema\\\/logo\\\/image\\\/\",\"url\":\"https:\\\/\\\/cimacanarias.com\\\/wp-content\\\/uploads\\\/2020\\\/06\\\/logo.png\",\"contentUrl\":\"https:\\\/\\\/cimacanarias.com\\\/wp-content\\\/uploads\\\/2020\\\/06\\\/logo.png\",\"width\":227,\"height\":80,\"caption\":\"Centro de Investigaciones Medioambientales del Atl\u00e1ntico, S.L.\"},\"image\":{\"@id\":\"https:\\\/\\\/cimacanarias.com\\\/#\\\/schema\\\/logo\\\/image\\\/\"}}]}<\/script>\n<!-- \/ Yoast SEO plugin. -->","yoast_head_json":{"title":"CANAMOD - Centro de Investigaciones Medioambientales del Atl\u00e1ntico","description":"Centro de Investigaciones Medioambientales del Atl\u00e1ntico, S.L. es una entidad privada especializada en el medio marino que desarrolla asistencias t\u00e9cnicas, proyectos de gesti\u00f3n, an\u00e1lisis e investigaciones marinas.","robots":{"index":"index","follow":"follow","max-snippet":"max-snippet:-1","max-image-preview":"max-image-preview:large","max-video-preview":"max-video-preview:-1"},"canonical":"https:\/\/cimacanarias.com\/en\/canamod\/","og_locale":"en_GB","og_type":"article","og_title":"CANAMOD - Centro de Investigaciones Medioambientales del Atl\u00e1ntico","og_description":"Centro de Investigaciones Medioambientales del Atl\u00e1ntico, S.L. es una entidad privada especializada en el medio marino que desarrolla asistencias t\u00e9cnicas, proyectos de gesti\u00f3n, an\u00e1lisis e investigaciones marinas.","og_url":"https:\/\/cimacanarias.com\/en\/canamod\/","og_site_name":"Centro de Investigaciones Medioambientales del Atl\u00e1ntico","article_modified_time":"2022-05-17T09:43:47+00:00","og_image":[{"url":"https:\/\/cimacanarias.com\/wp-content\/uploads\/2020\/09\/canamod.jpg","type":"","width":"","height":""}],"twitter_card":"summary_large_image","twitter_misc":{"Estimated reading time":"3 minutes"},"schema":{"@context":"https:\/\/schema.org","@graph":[{"@type":"WebPage","@id":"https:\/\/cimacanarias.com\/canamod\/","url":"https:\/\/cimacanarias.com\/canamod\/","name":"CANAMOD - Centro de Investigaciones Medioambientales del Atl\u00e1ntico","isPartOf":{"@id":"https:\/\/cimacanarias.com\/#website"},"primaryImageOfPage":{"@id":"https:\/\/cimacanarias.com\/canamod\/#primaryimage"},"image":{"@id":"https:\/\/cimacanarias.com\/canamod\/#primaryimage"},"thumbnailUrl":"https:\/\/cimacanarias.com\/wp-content\/uploads\/2020\/09\/canamod.jpg","datePublished":"2020-09-03T14:26:12+00:00","dateModified":"2022-05-17T09:43:47+00:00","description":"Centro de Investigaciones Medioambientales del Atl\u00e1ntico, S.L. es una entidad privada especializada en el medio marino que desarrolla asistencias t\u00e9cnicas, proyectos de gesti\u00f3n, an\u00e1lisis e investigaciones marinas.","breadcrumb":{"@id":"https:\/\/cimacanarias.com\/canamod\/#breadcrumb"},"inLanguage":"en-GB","potentialAction":[{"@type":"ReadAction","target":["https:\/\/cimacanarias.com\/canamod\/"]}]},{"@type":"ImageObject","inLanguage":"en-GB","@id":"https:\/\/cimacanarias.com\/canamod\/#primaryimage","url":"https:\/\/cimacanarias.com\/wp-content\/uploads\/2020\/09\/canamod.jpg","contentUrl":"https:\/\/cimacanarias.com\/wp-content\/uploads\/2020\/09\/canamod.jpg"},{"@type":"BreadcrumbList","@id":"https:\/\/cimacanarias.com\/canamod\/#breadcrumb","itemListElement":[{"@type":"ListItem","position":1,"name":"Portada","item":"https:\/\/cimacanarias.com\/"},{"@type":"ListItem","position":2,"name":"CANAMOD"}]},{"@type":"WebSite","@id":"https:\/\/cimacanarias.com\/#website","url":"https:\/\/cimacanarias.com\/","name":"Atlantic Center for Environmental Research","description":"Centro de Investigaciones Medioambientales del Atl\u00e1ntico, S.L. es una consultora ambiental especializada en el medio marino que desarrolla asistencias t\u00e9cnicas, proyectos de gesti\u00f3n, an\u00e1lisis e investigaciones marinas.","publisher":{"@id":"https:\/\/cimacanarias.com\/#organization"},"potentialAction":[{"@type":"SearchAction","target":{"@type":"EntryPoint","urlTemplate":"https:\/\/cimacanarias.com\/?s={search_term_string}"},"query-input":{"@type":"PropertyValueSpecification","valueRequired":true,"valueName":"search_term_string"}}],"inLanguage":"en-GB"},{"@type":"Organization","@id":"https:\/\/cimacanarias.com\/#organization","name":"Centro de Investigaciones Medioambientales del Atl\u00e1ntico, S.L.","url":"https:\/\/cimacanarias.com\/","logo":{"@type":"ImageObject","inLanguage":"en-GB","@id":"https:\/\/cimacanarias.com\/#\/schema\/logo\/image\/","url":"https:\/\/cimacanarias.com\/wp-content\/uploads\/2020\/06\/logo.png","contentUrl":"https:\/\/cimacanarias.com\/wp-content\/uploads\/2020\/06\/logo.png","width":227,"height":80,"caption":"Centro de Investigaciones Medioambientales del Atl\u00e1ntico, S.L."},"image":{"@id":"https:\/\/cimacanarias.com\/#\/schema\/logo\/image\/"}}]}},"_links":{"self":[{"href":"https:\/\/cimacanarias.com\/en\/wp-json\/wp\/v2\/pages\/1113","targetHints":{"allow":["GET"]}}],"collection":[{"href":"https:\/\/cimacanarias.com\/en\/wp-json\/wp\/v2\/pages"}],"about":[{"href":"https:\/\/cimacanarias.com\/en\/wp-json\/wp\/v2\/types\/page"}],"author":[{"embeddable":true,"href":"https:\/\/cimacanarias.com\/en\/wp-json\/wp\/v2\/users\/9"}],"replies":[{"embeddable":true,"href":"https:\/\/cimacanarias.com\/en\/wp-json\/wp\/v2\/comments?post=1113"}],"version-history":[{"count":2,"href":"https:\/\/cimacanarias.com\/en\/wp-json\/wp\/v2\/pages\/1113\/revisions"}],"predecessor-version":[{"id":1154,"href":"https:\/\/cimacanarias.com\/en\/wp-json\/wp\/v2\/pages\/1113\/revisions\/1154"}],"wp:attachment":[{"href":"https:\/\/cimacanarias.com\/en\/wp-json\/wp\/v2\/media?parent=1113"}],"curies":[{"name":"wp","href":"https:\/\/api.w.org\/{rel}","templated":true}]}}