{"id":1123,"date":"2020-09-03T14:28:59","date_gmt":"2020-09-03T14:28:59","guid":{"rendered":"http:\/\/cimacanarias.com\/?page_id=1123"},"modified":"2022-05-17T09:40:52","modified_gmt":"2022-05-17T09:40:52","slug":"afeccion-de-la-salmuera","status":"publish","type":"page","link":"https:\/\/cimacanarias.com\/en\/afeccion-de-la-salmuera\/","title":{"rendered":"Afecci\u00f3n de la salmuera"},"content":{"rendered":"<p><a href=\"https:\/\/cimacanarias.com\/wp-content\/uploads\/2020\/09\/salmuera.jpg\"><img loading=\"lazy\" decoding=\"async\" class=\"alignright wp-image-1124\" src=\"https:\/\/cimacanarias.com\/wp-content\/uploads\/2020\/09\/salmuera.jpg\" alt=\"\" width=\"400\" height=\"400\" srcset=\"https:\/\/cimacanarias.com\/wp-content\/uploads\/2020\/09\/salmuera.jpg 550w, https:\/\/cimacanarias.com\/wp-content\/uploads\/2020\/09\/salmuera-300x300.jpg 300w, https:\/\/cimacanarias.com\/wp-content\/uploads\/2020\/09\/salmuera-150x150.jpg 150w\" sizes=\"auto, (max-width: 400px) 100vw, 400px\" \/><\/a><\/p>\n<p>Minimizaci\u00f3n de los impactos de los vertidos de salmuera sobre la biodiversidad de los fondos marinos, con especial referencia a las praderas de&nbsp;<i>Cymodocea nodosa<\/i>.<\/p>\n<p>Proyecto financiado por el Ministerio de Medio Ambiente, Medio Rural y Marino (Secretar\u00eda de Estado del Medio Rural y Agua) ( cod: 0056\/SGTB\/2007\/2.4)<\/p>\n<p>La desalaci\u00f3n de agua marina actualmente constituye la principal tecnolog\u00eda empleada para hacer frente a la demanda de agua, extendi\u00e9ndose su uso por todo el mundo, con especial importancia en los pa\u00edses secos como Arabia Saudita, Emiratos \u00c1rabes, Estados Unidos y Europa.<\/p>\n<p>En Espa\u00f1a, la tecnolog\u00eda de desalaci\u00f3n se viene utilizando desde los a\u00f1os 70, primero en Canarias, pasando despu\u00e9s a Baleares, la Pen\u00ednsula, Ceuta y \u00faltimamente Melilla, alcanzando en la actualidad una producci\u00f3n aproximada de 1.200.000 m3\/d\u00eda, correspondiendo 700.000 m3\/d\u00eda a la desalaci\u00f3n de agua de mar y el resto al agua salobre (agua subterr\u00e1nea).<\/p>\n<p>De entre los procesos que existen en la tecnolog\u00eda de la desalaci\u00f3n, la \u00f3smosis inversa es el m\u00e9todo m\u00e1s empleado, debido a su mayor eficiencia energ\u00e9tica y reducci\u00f3n del coste de producci\u00f3n de agua potable (Morton, Callister &amp; Wade, 1996; Einav et al. 2002; Purnama, Al-Barwani &amp; Al-Lawatia, 2003). \u00c9ste proceso se basa en el principio de que toda soluci\u00f3n salina presenta una presi\u00f3n osm\u00f3tica proporcional a la concentraci\u00f3n de sales. Si se coloca una membrana semipermeable entre dos soluciones de diferente concentraci\u00f3n y presi\u00f3n osm\u00f3tica, la diferencia de presi\u00f3n produce un flujo del solvente (y una m\u00ednima parte de soluto) a trav\u00e9s de la membrana, desde la soluci\u00f3n de menor concentraci\u00f3n hacia la m\u00e1s concentrada. En el caso de la de \u00f3smosis inversa, la direcci\u00f3n del flujo del solvente es al contrario al ejercerse una presi\u00f3n externa mayor a la debida por las diferencias de presiones osm\u00f3ticas (Einav et al, 2002). Como consecuencia de este proceso, se produce un agua de rechazo hipersalina o salmuera que es vertida al mar.<\/p>\n<p>El objetivo general del proyecto es establecer la capacidad de carga de los fondos blandos submareales afectados por el agua de rechazo de las desalinizadoras, con especial referencia, a la determinaci\u00f3n del umbral de resistencia de la faner\u00f3gama marina&nbsp;<i>Cymodocea nodosa<\/i>. Con este objetivo se pretende establecer el volumen m\u00e1ximo de descarga de salmuera tolerable por un ecosistema costero determinado. Conocer el grado de afecci\u00f3n de los vertidos sobre el medio marino resulta crucial para determinar la futura implantaci\u00f3n de nuevas plantas desalinizadoras en las costas canarias, y amortiguar los efectos de las que se encuentran en funcionamiento en la actualidad. Se pretende as\u00ed elaborar una metodolog\u00eda para el estudio, conservaci\u00f3n y control de los sebadales, ecosistema marino \u00fanico que sirve como zona de cr\u00eda y refugio para innumerables especies de inter\u00e9s econ\u00f3mico y geol\u00f3gico frente a este tipo de vertidos.<\/p>","protected":false},"excerpt":{"rendered":"<p>Minimizaci\u00f3n de los impactos de los vertidos de salmuera sobre la biodiversidad de los fondos marinos, con especial referencia a [&hellip;]<\/p>\n","protected":false},"author":9,"featured_media":0,"parent":0,"menu_order":0,"comment_status":"closed","ping_status":"closed","template":"","meta":{"footnotes":""},"class_list":["post-1123","page","type-page","status-publish","hentry"],"yoast_head":"<!-- This site is optimized with the Yoast SEO plugin v27.3 - https:\/\/yoast.com\/product\/yoast-seo-wordpress\/ -->\n<title>Afecci\u00f3n de la salmuera - Centro de Investigaciones Medioambientales del Atl\u00e1ntico<\/title>\n<meta name=\"description\" content=\"Centro de Investigaciones Medioambientales del Atl\u00e1ntico, S.L. es una entidad privada especializada en el medio marino que desarrolla asistencias t\u00e9cnicas, proyectos de gesti\u00f3n, an\u00e1lisis e investigaciones marinas.\" \/>\n<meta name=\"robots\" content=\"index, follow, max-snippet:-1, max-image-preview:large, max-video-preview:-1\" \/>\n<link rel=\"canonical\" href=\"https:\/\/cimacanarias.com\/en\/afeccion-de-la-salmuera\/\" \/>\n<meta property=\"og:locale\" content=\"en_GB\" \/>\n<meta property=\"og:type\" content=\"article\" \/>\n<meta property=\"og:title\" content=\"Afecci\u00f3n de la salmuera - Centro de Investigaciones Medioambientales del Atl\u00e1ntico\" \/>\n<meta property=\"og:description\" content=\"Centro de Investigaciones Medioambientales del Atl\u00e1ntico, S.L. es una entidad privada especializada en el medio marino que desarrolla asistencias t\u00e9cnicas, proyectos de gesti\u00f3n, an\u00e1lisis e investigaciones marinas.\" \/>\n<meta property=\"og:url\" content=\"https:\/\/cimacanarias.com\/en\/afeccion-de-la-salmuera\/\" \/>\n<meta property=\"og:site_name\" content=\"Centro de Investigaciones Medioambientales del Atl\u00e1ntico\" \/>\n<meta property=\"article:modified_time\" content=\"2022-05-17T09:40:52+00:00\" \/>\n<meta property=\"og:image\" content=\"https:\/\/cimacanarias.com\/wp-content\/uploads\/2020\/09\/salmuera.jpg\" \/>\n<meta name=\"twitter:card\" content=\"summary_large_image\" \/>\n<meta name=\"twitter:label1\" content=\"Estimated reading time\" \/>\n\t<meta name=\"twitter:data1\" content=\"3 minutes\" \/>\n<script type=\"application\/ld+json\" class=\"yoast-schema-graph\">{\"@context\":\"https:\\\/\\\/schema.org\",\"@graph\":[{\"@type\":\"WebPage\",\"@id\":\"https:\\\/\\\/cimacanarias.com\\\/afeccion-de-la-salmuera\\\/\",\"url\":\"https:\\\/\\\/cimacanarias.com\\\/afeccion-de-la-salmuera\\\/\",\"name\":\"Afecci\u00f3n de la salmuera - Centro de Investigaciones Medioambientales del Atl\u00e1ntico\",\"isPartOf\":{\"@id\":\"https:\\\/\\\/cimacanarias.com\\\/#website\"},\"primaryImageOfPage\":{\"@id\":\"https:\\\/\\\/cimacanarias.com\\\/afeccion-de-la-salmuera\\\/#primaryimage\"},\"image\":{\"@id\":\"https:\\\/\\\/cimacanarias.com\\\/afeccion-de-la-salmuera\\\/#primaryimage\"},\"thumbnailUrl\":\"https:\\\/\\\/cimacanarias.com\\\/wp-content\\\/uploads\\\/2020\\\/09\\\/salmuera.jpg\",\"datePublished\":\"2020-09-03T14:28:59+00:00\",\"dateModified\":\"2022-05-17T09:40:52+00:00\",\"description\":\"Centro de Investigaciones Medioambientales del Atl\u00e1ntico, S.L. es una entidad privada especializada en el medio marino que desarrolla asistencias t\u00e9cnicas, proyectos de gesti\u00f3n, an\u00e1lisis e investigaciones marinas.\",\"breadcrumb\":{\"@id\":\"https:\\\/\\\/cimacanarias.com\\\/afeccion-de-la-salmuera\\\/#breadcrumb\"},\"inLanguage\":\"en-GB\",\"potentialAction\":[{\"@type\":\"ReadAction\",\"target\":[\"https:\\\/\\\/cimacanarias.com\\\/afeccion-de-la-salmuera\\\/\"]}]},{\"@type\":\"ImageObject\",\"inLanguage\":\"en-GB\",\"@id\":\"https:\\\/\\\/cimacanarias.com\\\/afeccion-de-la-salmuera\\\/#primaryimage\",\"url\":\"https:\\\/\\\/cimacanarias.com\\\/wp-content\\\/uploads\\\/2020\\\/09\\\/salmuera.jpg\",\"contentUrl\":\"https:\\\/\\\/cimacanarias.com\\\/wp-content\\\/uploads\\\/2020\\\/09\\\/salmuera.jpg\"},{\"@type\":\"BreadcrumbList\",\"@id\":\"https:\\\/\\\/cimacanarias.com\\\/afeccion-de-la-salmuera\\\/#breadcrumb\",\"itemListElement\":[{\"@type\":\"ListItem\",\"position\":1,\"name\":\"Portada\",\"item\":\"https:\\\/\\\/cimacanarias.com\\\/\"},{\"@type\":\"ListItem\",\"position\":2,\"name\":\"Afecci\u00f3n de la salmuera\"}]},{\"@type\":\"WebSite\",\"@id\":\"https:\\\/\\\/cimacanarias.com\\\/#website\",\"url\":\"https:\\\/\\\/cimacanarias.com\\\/\",\"name\":\"Centro de Investigaciones Medioambientales del Atl\u00e1ntico\",\"description\":\"Centro de Investigaciones Medioambientales del Atl\u00e1ntico, S.L. es una consultora ambiental especializada en el medio marino que desarrolla asistencias t\u00e9cnicas, proyectos de gesti\u00f3n, an\u00e1lisis e investigaciones marinas.\",\"publisher\":{\"@id\":\"https:\\\/\\\/cimacanarias.com\\\/#organization\"},\"potentialAction\":[{\"@type\":\"SearchAction\",\"target\":{\"@type\":\"EntryPoint\",\"urlTemplate\":\"https:\\\/\\\/cimacanarias.com\\\/?s={search_term_string}\"},\"query-input\":{\"@type\":\"PropertyValueSpecification\",\"valueRequired\":true,\"valueName\":\"search_term_string\"}}],\"inLanguage\":\"en-GB\"},{\"@type\":\"Organization\",\"@id\":\"https:\\\/\\\/cimacanarias.com\\\/#organization\",\"name\":\"Centro de Investigaciones Medioambientales del Atl\u00e1ntico, S.L.\",\"url\":\"https:\\\/\\\/cimacanarias.com\\\/\",\"logo\":{\"@type\":\"ImageObject\",\"inLanguage\":\"en-GB\",\"@id\":\"https:\\\/\\\/cimacanarias.com\\\/#\\\/schema\\\/logo\\\/image\\\/\",\"url\":\"https:\\\/\\\/cimacanarias.com\\\/wp-content\\\/uploads\\\/2020\\\/06\\\/logo.png\",\"contentUrl\":\"https:\\\/\\\/cimacanarias.com\\\/wp-content\\\/uploads\\\/2020\\\/06\\\/logo.png\",\"width\":227,\"height\":80,\"caption\":\"Centro de Investigaciones Medioambientales del Atl\u00e1ntico, S.L.\"},\"image\":{\"@id\":\"https:\\\/\\\/cimacanarias.com\\\/#\\\/schema\\\/logo\\\/image\\\/\"}}]}<\/script>\n<!-- \/ Yoast SEO plugin. -->","yoast_head_json":{"title":"Afecci\u00f3n de la salmuera - Centro de Investigaciones Medioambientales del Atl\u00e1ntico","description":"Centro de Investigaciones Medioambientales del Atl\u00e1ntico, S.L. es una entidad privada especializada en el medio marino que desarrolla asistencias t\u00e9cnicas, proyectos de gesti\u00f3n, an\u00e1lisis e investigaciones marinas.","robots":{"index":"index","follow":"follow","max-snippet":"max-snippet:-1","max-image-preview":"max-image-preview:large","max-video-preview":"max-video-preview:-1"},"canonical":"https:\/\/cimacanarias.com\/en\/afeccion-de-la-salmuera\/","og_locale":"en_GB","og_type":"article","og_title":"Afecci\u00f3n de la salmuera - Centro de Investigaciones Medioambientales del Atl\u00e1ntico","og_description":"Centro de Investigaciones Medioambientales del Atl\u00e1ntico, S.L. es una entidad privada especializada en el medio marino que desarrolla asistencias t\u00e9cnicas, proyectos de gesti\u00f3n, an\u00e1lisis e investigaciones marinas.","og_url":"https:\/\/cimacanarias.com\/en\/afeccion-de-la-salmuera\/","og_site_name":"Centro de Investigaciones Medioambientales del Atl\u00e1ntico","article_modified_time":"2022-05-17T09:40:52+00:00","og_image":[{"url":"https:\/\/cimacanarias.com\/wp-content\/uploads\/2020\/09\/salmuera.jpg","type":"","width":"","height":""}],"twitter_card":"summary_large_image","twitter_misc":{"Estimated reading time":"3 minutes"},"schema":{"@context":"https:\/\/schema.org","@graph":[{"@type":"WebPage","@id":"https:\/\/cimacanarias.com\/afeccion-de-la-salmuera\/","url":"https:\/\/cimacanarias.com\/afeccion-de-la-salmuera\/","name":"Afecci\u00f3n de la salmuera - Centro de Investigaciones Medioambientales del Atl\u00e1ntico","isPartOf":{"@id":"https:\/\/cimacanarias.com\/#website"},"primaryImageOfPage":{"@id":"https:\/\/cimacanarias.com\/afeccion-de-la-salmuera\/#primaryimage"},"image":{"@id":"https:\/\/cimacanarias.com\/afeccion-de-la-salmuera\/#primaryimage"},"thumbnailUrl":"https:\/\/cimacanarias.com\/wp-content\/uploads\/2020\/09\/salmuera.jpg","datePublished":"2020-09-03T14:28:59+00:00","dateModified":"2022-05-17T09:40:52+00:00","description":"Centro de Investigaciones Medioambientales del Atl\u00e1ntico, S.L. es una entidad privada especializada en el medio marino que desarrolla asistencias t\u00e9cnicas, proyectos de gesti\u00f3n, an\u00e1lisis e investigaciones marinas.","breadcrumb":{"@id":"https:\/\/cimacanarias.com\/afeccion-de-la-salmuera\/#breadcrumb"},"inLanguage":"en-GB","potentialAction":[{"@type":"ReadAction","target":["https:\/\/cimacanarias.com\/afeccion-de-la-salmuera\/"]}]},{"@type":"ImageObject","inLanguage":"en-GB","@id":"https:\/\/cimacanarias.com\/afeccion-de-la-salmuera\/#primaryimage","url":"https:\/\/cimacanarias.com\/wp-content\/uploads\/2020\/09\/salmuera.jpg","contentUrl":"https:\/\/cimacanarias.com\/wp-content\/uploads\/2020\/09\/salmuera.jpg"},{"@type":"BreadcrumbList","@id":"https:\/\/cimacanarias.com\/afeccion-de-la-salmuera\/#breadcrumb","itemListElement":[{"@type":"ListItem","position":1,"name":"Portada","item":"https:\/\/cimacanarias.com\/"},{"@type":"ListItem","position":2,"name":"Afecci\u00f3n de la salmuera"}]},{"@type":"WebSite","@id":"https:\/\/cimacanarias.com\/#website","url":"https:\/\/cimacanarias.com\/","name":"Atlantic Center for Environmental Research","description":"Centro de Investigaciones Medioambientales del Atl\u00e1ntico, S.L. es una consultora ambiental especializada en el medio marino que desarrolla asistencias t\u00e9cnicas, proyectos de gesti\u00f3n, an\u00e1lisis e investigaciones marinas.","publisher":{"@id":"https:\/\/cimacanarias.com\/#organization"},"potentialAction":[{"@type":"SearchAction","target":{"@type":"EntryPoint","urlTemplate":"https:\/\/cimacanarias.com\/?s={search_term_string}"},"query-input":{"@type":"PropertyValueSpecification","valueRequired":true,"valueName":"search_term_string"}}],"inLanguage":"en-GB"},{"@type":"Organization","@id":"https:\/\/cimacanarias.com\/#organization","name":"Centro de Investigaciones Medioambientales del Atl\u00e1ntico, S.L.","url":"https:\/\/cimacanarias.com\/","logo":{"@type":"ImageObject","inLanguage":"en-GB","@id":"https:\/\/cimacanarias.com\/#\/schema\/logo\/image\/","url":"https:\/\/cimacanarias.com\/wp-content\/uploads\/2020\/06\/logo.png","contentUrl":"https:\/\/cimacanarias.com\/wp-content\/uploads\/2020\/06\/logo.png","width":227,"height":80,"caption":"Centro de Investigaciones Medioambientales del Atl\u00e1ntico, S.L."},"image":{"@id":"https:\/\/cimacanarias.com\/#\/schema\/logo\/image\/"}}]}},"_links":{"self":[{"href":"https:\/\/cimacanarias.com\/en\/wp-json\/wp\/v2\/pages\/1123","targetHints":{"allow":["GET"]}}],"collection":[{"href":"https:\/\/cimacanarias.com\/en\/wp-json\/wp\/v2\/pages"}],"about":[{"href":"https:\/\/cimacanarias.com\/en\/wp-json\/wp\/v2\/types\/page"}],"author":[{"embeddable":true,"href":"https:\/\/cimacanarias.com\/en\/wp-json\/wp\/v2\/users\/9"}],"replies":[{"embeddable":true,"href":"https:\/\/cimacanarias.com\/en\/wp-json\/wp\/v2\/comments?post=1123"}],"version-history":[{"count":2,"href":"https:\/\/cimacanarias.com\/en\/wp-json\/wp\/v2\/pages\/1123\/revisions"}],"predecessor-version":[{"id":1153,"href":"https:\/\/cimacanarias.com\/en\/wp-json\/wp\/v2\/pages\/1123\/revisions\/1153"}],"wp:attachment":[{"href":"https:\/\/cimacanarias.com\/en\/wp-json\/wp\/v2\/media?parent=1123"}],"curies":[{"name":"wp","href":"https:\/\/api.w.org\/{rel}","templated":true}]}}