{"id":1306,"date":"2020-10-16T11:23:26","date_gmt":"2020-10-16T11:23:26","guid":{"rendered":"http:\/\/cimacanarias.com\/?page_id=1306"},"modified":"2022-05-17T10:03:39","modified_gmt":"2022-05-17T10:03:39","slug":"estudios-cartografia-submarina-bioprospecciones-farmacologico-cambio-climatico","status":"publish","type":"page","link":"https:\/\/cimacanarias.com\/en\/estudios-cartografia-submarina-bioprospecciones-farmacologico-cambio-climatico\/","title":{"rendered":"Submarine cartography for bioprospecting to identify products and species with pharmacological potential and climate change experiments."},"content":{"rendered":"<p><a href=\"https:\/\/cimacanarias.com\/wp-content\/uploads\/2020\/10\/101582127_2569924989936785_4638112896365101056_n.jpg\"><img loading=\"lazy\" decoding=\"async\" class=\"alignright wp-image-1308\" src=\"https:\/\/cimacanarias.com\/wp-content\/uploads\/2020\/10\/101582127_2569924989936785_4638112896365101056_n-300x300.jpg\" alt=\"\" width=\"400\" height=\"400\" srcset=\"https:\/\/cimacanarias.com\/wp-content\/uploads\/2020\/10\/101582127_2569924989936785_4638112896365101056_n-300x300.jpg 300w, https:\/\/cimacanarias.com\/wp-content\/uploads\/2020\/10\/101582127_2569924989936785_4638112896365101056_n-150x150.jpg 150w, https:\/\/cimacanarias.com\/wp-content\/uploads\/2020\/10\/101582127_2569924989936785_4638112896365101056_n-768x768.jpg 768w, https:\/\/cimacanarias.com\/wp-content\/uploads\/2020\/10\/101582127_2569924989936785_4638112896365101056_n.jpg 922w\" sizes=\"auto, (max-width: 400px) 100vw, 400px\" \/><\/a>La Comisi\u00f3n Europea apuesta por la <strong>Econom\u00eda Azul<\/strong> como oportunidad para un crecimiento marino y mar\u00edtimo <strong>sostenible.<\/strong> Si de algo gozamos en <strong>Canarias<\/strong> es de un amplio oc\u00e9ano que rodea nuestras islas. Es por ello que creemos imprescindible apostar por el mar y las costas como motor de la econom\u00eda del Archipi\u00e9lago. De manera que para fomentar la inversi\u00f3n p\u00fablica y privada, y el desarrollo de la econom\u00eda de las empresas canarias, debemos contar con las herramientas y la tecnolog\u00eda adecuada para apoyar esta actividad econ\u00f3mica basada en la econom\u00eda azul. Por otro lado las evidencias cient\u00edficas de la afecci\u00f3n del calentamiento global y el cambio clim\u00e1tico en los ecosistemas y recursos marinos hacen necesario una adecuaci\u00f3n de los protocolos y servicios relacionados con la gesti\u00f3n ambiental en estos entornos.<\/p>\n<p><strong>Centro de Investigaciones Medioambientales del Atl\u00e1ntico, S.L.<\/strong> se ha especializado en la realizaci\u00f3n de cartograf\u00edas submarinas, caracterizaci\u00f3n de comunidades marinas e identificaci\u00f3n de especies. Tomando como base esta especializaci\u00f3n, CIMA pretende dar un salto cualitativo utilizando la metodolog\u00eda de las cartograf\u00edas submarinas para la realizaci\u00f3n de prospecciones submarinas en zonas del circalitoral con el fin de localizar especies y organismos que puedan tener inter\u00e9s en la industria farmacol\u00f3gica as\u00ed como en la b\u00fasqueda de organismos y comunidades con alta importancia en la biodiversidad del oc\u00e9ano y que nos pueda servir como indicadores de cambio clim\u00e1tico.<\/p>\n<p>Los <strong>microorganismos marinos<\/strong> como bacterias, cianobacterias, levaduras, hongos y microalgas son una <strong>fuente prometedora<\/strong>, poco explorada e inagotable para el desarrollo de nuevos f\u00e1rmacos. A esto hay que a\u00f1adir la ventaja de ser una fuente sostenible, renovable y manipulable, que permite su fermentaci\u00f3n a gran escala para obtener sustancias de inter\u00e9s farmacol\u00f3gico o industrial a un coste muy razonable. Es por ello que pretendemos aprovechar el potencial biotecnol\u00f3gico de la microbiota marina y de macro-organismos de profundidad de la <strong>Islas Canarias<\/strong> que se puedan obtener fruto de las prospecciones y mapeado del presente proyecto, con el objetivo de identificar nuevas cepas microbianas y tambi\u00e9n cabezas de serie para el desarrollo de compuestos de alto valor a\u00f1adido para la industria farmac\u00e9utica, compuestos susceptibles de convertirse en potenciales agentes terap\u00e9uticos o herramientas biol\u00f3gicas.<\/p>\n<p>Este proyecto es necesario para poder dotar a la comunidad canaria de un impulso en los avances tecnol\u00f3gicos y en la realizaci\u00f3n de proyectos de innovaci\u00f3n que nos permita aprovechar el potencial que nos ofrece el oc\u00e9ano y nuestras costas para el crecimiento econ\u00f3mico, la creaci\u00f3n de empleo y los procesos de adaptaci\u00f3n al cambio clim\u00e1tico. A trav\u00e9s del proyecto de inversi\u00f3n en equipos y tecnolog\u00edas para la realizaci\u00f3n de investigaciones marinas, se nos posibilita la apertura de nuevas v\u00edas para fomentar el crecimiento azul. Este proyecto est\u00e1 dimensionado para contribuir de manera clara al nacimiento de nuevas fuentes econ\u00f3micas salvaguardando la biodiversidad, protegiendo el medio marino y preservando as\u00ed los servicios que prestan los ecosistemas marinos y costeros si se mantienen en buen estado. El Proyecto se enmarca en el \u00e1mbito de la biotecnolog\u00eda azul que se ocupa de la valorizaci\u00f3n y explotaci\u00f3n industrial de los organismos marinos con el fin de crear nuevos productos para un crecimiento sostenible basado en la bioeconom\u00eda.<\/p>\n<p><a href=\"https:\/\/cimacanarias.com\/wp-content\/uploads\/2020\/10\/Dendro0.jpg\"><img loading=\"lazy\" decoding=\"async\" class=\"aligncenter size-large wp-image-1310\" src=\"https:\/\/cimacanarias.com\/wp-content\/uploads\/2020\/10\/Dendro0-1024x576.jpg\" alt=\"\" width=\"780\" height=\"439\"><\/a><\/p>\n<p>Adem\u00e1s con el presente proyecto, se pretende realizar una investigaci\u00f3n sobre indicadores espec\u00edficos del estado ambiental de los ecosistemas marinos, que sirva para el desarrollo de una nueva l\u00ednea de asesor\u00eda ambiental al dotar a la empresa de un \u201cknow-how\u201d y de un instrumental que podr\u00e1 aprovechar para dar nuevos servicios en proyectos de investigaci\u00f3n y asistencias t\u00e9cnicas de amplia \u00edndole.<\/p>\n<p>La toma de decisiones para el desarrollo de pol\u00edticas ambientales y la gesti\u00f3n de recursos naturales requiere incluir el paradigma del cambio clim\u00e1tico en un escenario previsto para las pr\u00f3ximas d\u00e9cadas. La adquisici\u00f3n de conocimiento sobre los procesos de adaptaci\u00f3n y evoluci\u00f3n de determinadas comunidades marinas ante los cambios ambientales permitir\u00e1 tener protocolos de asesoramiento ambiental necesarios para m\u00faltiples aspectos relacionadas con la gesti\u00f3n ambiental y el desarrollo de proyectos relacionados con el crecimiento azul.<\/p>\n<p>Las comunidades atl\u00e1nticas de corales profundos exhiben una plasticidad fisiol\u00f3gica que las hacen id\u00f3neas para estudiar la ecofisiolog\u00eda, distribuci\u00f3n y resiliencia ante cambios ambientales. Por ello, en este proyecto se propone un desarrollo experimental sobre estas comunidades de corales profundos, ya que el estudio de las capacidades adaptativas de esta comunidad permitir\u00e1&nbsp; predecir la capacidad de reacci\u00f3n del ecosistema ante los cambios ambientales, e impactos antropog\u00e9nicos que los amenazan, y tener un conocimiento de las medidas de gesti\u00f3n que se deben incluir en los diversos planes de desarrollo.<\/p>\n<p>Uno de los objetivos del proyecto es fomentar la investigaci\u00f3n cient\u00edfica y t\u00e9cnica de excelencia en el marco de la colaboraci\u00f3n entre sector privado y centros p\u00fablicos de investigaci\u00f3n. En este proyecto se contempla la colaboraci\u00f3n con el <strong>Grupo de Investigaci\u00f3n de Biodiversidad Ecolog\u00eda Marina y Conservaci\u00f3n (BIOECOMAC)<\/strong> de la <strong>ULL<\/strong>, liderado por el catedr\u00e1tico D. Alberto Brito. Este grupo de investigaci\u00f3n participar\u00e1 en el desarrollo de los experimentos de laboratorio simulando condiciones de cambio clim\u00e1tico experimentales. De igual manera, se contempla la colaboraci\u00f3n con el <strong>Grupo de Productos Marinos del Instituto Universitario de Bio-Org\u00e1ncia Antonio Gonz\u00e1lez<\/strong> de la <strong>ULL<\/strong> que desarrolla desde hace a\u00f1os una labor continua de innovaci\u00f3n en la Bioprospecci\u00f3n del potencial farmacol\u00f3gico de diferentes especies.<\/p>\n<p><a href=\"https:\/\/cimacanarias.com\/wp-content\/uploads\/2020\/10\/Logos-FEDER.jpg\"><img loading=\"lazy\" decoding=\"async\" class=\"aligncenter wp-image-1321 size-large\" src=\"https:\/\/cimacanarias.com\/wp-content\/uploads\/2020\/10\/Logos-FEDER-1024x339.jpg\" alt=\"\" width=\"780\" height=\"258\" srcset=\"https:\/\/cimacanarias.com\/wp-content\/uploads\/2020\/10\/Logos-FEDER-1024x339.jpg 1024w, https:\/\/cimacanarias.com\/wp-content\/uploads\/2020\/10\/Logos-FEDER-300x99.jpg 300w, https:\/\/cimacanarias.com\/wp-content\/uploads\/2020\/10\/Logos-FEDER-768x254.jpg 768w, https:\/\/cimacanarias.com\/wp-content\/uploads\/2020\/10\/Logos-FEDER.jpg 1464w\" sizes=\"auto, (max-width: 780px) 100vw, 780px\" \/><\/a><\/p>","protected":false},"excerpt":{"rendered":"<p>La Comisi\u00f3n Europea apuesta por la Econom\u00eda Azul como oportunidad para un crecimiento marino y mar\u00edtimo sostenible. Si de algo [&hellip;]<\/p>\n","protected":false},"author":9,"featured_media":0,"parent":0,"menu_order":0,"comment_status":"closed","ping_status":"closed","template":"","meta":{"footnotes":""},"class_list":["post-1306","page","type-page","status-publish","hentry"],"yoast_head":"<!-- This site is optimized with the Yoast SEO plugin v27.3 - https:\/\/yoast.com\/product\/yoast-seo-wordpress\/ -->\n<title>Estudios de Cartograf\u00eda submarina para realizaci\u00f3n de Bioprospecciones en b\u00fasqueda de productos y especies con potencial farmacol\u00f3gico y experimentos de cambio clim\u00e1tico - Centro de Investigaciones Medioambientales del Atl\u00e1ntico<\/title>\n<meta name=\"description\" content=\"Centro de Investigaciones Medioambientales del Atl\u00e1ntico, S.L. es una entidad privada especializada en el medio marino que desarrolla asistencias t\u00e9cnicas, proyectos de gesti\u00f3n, an\u00e1lisis e investigaciones marinas.\" \/>\n<meta name=\"robots\" content=\"index, follow, max-snippet:-1, max-image-preview:large, max-video-preview:-1\" \/>\n<link rel=\"canonical\" href=\"https:\/\/cimacanarias.com\/en\/estudios-cartografia-submarina-bioprospecciones-farmacologico-cambio-climatico\/\" \/>\n<meta property=\"og:locale\" content=\"en_GB\" \/>\n<meta property=\"og:type\" content=\"article\" \/>\n<meta property=\"og:title\" content=\"Estudios de Cartograf\u00eda submarina para realizaci\u00f3n de Bioprospecciones en b\u00fasqueda de productos y especies con potencial farmacol\u00f3gico y experimentos de cambio clim\u00e1tico - Centro de Investigaciones Medioambientales del Atl\u00e1ntico\" \/>\n<meta property=\"og:description\" content=\"Centro de Investigaciones Medioambientales del Atl\u00e1ntico, S.L. es una entidad privada especializada en el medio marino que desarrolla asistencias t\u00e9cnicas, proyectos de gesti\u00f3n, an\u00e1lisis e investigaciones marinas.\" \/>\n<meta property=\"og:url\" content=\"https:\/\/cimacanarias.com\/en\/estudios-cartografia-submarina-bioprospecciones-farmacologico-cambio-climatico\/\" \/>\n<meta property=\"og:site_name\" content=\"Centro de Investigaciones Medioambientales del Atl\u00e1ntico\" \/>\n<meta property=\"article:modified_time\" content=\"2022-05-17T10:03:39+00:00\" \/>\n<meta property=\"og:image\" content=\"https:\/\/cimacanarias.com\/wp-content\/uploads\/2020\/10\/101582127_2569924989936785_4638112896365101056_n-300x300.jpg\" \/>\n<meta name=\"twitter:card\" content=\"summary_large_image\" \/>\n<meta name=\"twitter:label1\" content=\"Estimated reading time\" \/>\n\t<meta name=\"twitter:data1\" content=\"5 minutes\" \/>\n<script type=\"application\/ld+json\" class=\"yoast-schema-graph\">{\"@context\":\"https:\\\/\\\/schema.org\",\"@graph\":[{\"@type\":\"WebPage\",\"@id\":\"https:\\\/\\\/cimacanarias.com\\\/estudios-cartografia-submarina-bioprospecciones-farmacologico-cambio-climatico\\\/\",\"url\":\"https:\\\/\\\/cimacanarias.com\\\/estudios-cartografia-submarina-bioprospecciones-farmacologico-cambio-climatico\\\/\",\"name\":\"Estudios de Cartograf\u00eda submarina para realizaci\u00f3n de Bioprospecciones en b\u00fasqueda de productos y especies con potencial farmacol\u00f3gico y experimentos de cambio clim\u00e1tico - Centro de Investigaciones Medioambientales del Atl\u00e1ntico\",\"isPartOf\":{\"@id\":\"https:\\\/\\\/cimacanarias.com\\\/#website\"},\"primaryImageOfPage\":{\"@id\":\"https:\\\/\\\/cimacanarias.com\\\/estudios-cartografia-submarina-bioprospecciones-farmacologico-cambio-climatico\\\/#primaryimage\"},\"image\":{\"@id\":\"https:\\\/\\\/cimacanarias.com\\\/estudios-cartografia-submarina-bioprospecciones-farmacologico-cambio-climatico\\\/#primaryimage\"},\"thumbnailUrl\":\"https:\\\/\\\/cimacanarias.com\\\/wp-content\\\/uploads\\\/2020\\\/10\\\/101582127_2569924989936785_4638112896365101056_n-300x300.jpg\",\"datePublished\":\"2020-10-16T11:23:26+00:00\",\"dateModified\":\"2022-05-17T10:03:39+00:00\",\"description\":\"Centro de Investigaciones Medioambientales del Atl\u00e1ntico, S.L. es una entidad privada especializada en el medio marino que desarrolla asistencias t\u00e9cnicas, proyectos de gesti\u00f3n, an\u00e1lisis e investigaciones marinas.\",\"breadcrumb\":{\"@id\":\"https:\\\/\\\/cimacanarias.com\\\/estudios-cartografia-submarina-bioprospecciones-farmacologico-cambio-climatico\\\/#breadcrumb\"},\"inLanguage\":\"en-GB\",\"potentialAction\":[{\"@type\":\"ReadAction\",\"target\":[\"https:\\\/\\\/cimacanarias.com\\\/estudios-cartografia-submarina-bioprospecciones-farmacologico-cambio-climatico\\\/\"]}]},{\"@type\":\"ImageObject\",\"inLanguage\":\"en-GB\",\"@id\":\"https:\\\/\\\/cimacanarias.com\\\/estudios-cartografia-submarina-bioprospecciones-farmacologico-cambio-climatico\\\/#primaryimage\",\"url\":\"https:\\\/\\\/cimacanarias.com\\\/wp-content\\\/uploads\\\/2020\\\/10\\\/101582127_2569924989936785_4638112896365101056_n-300x300.jpg\",\"contentUrl\":\"https:\\\/\\\/cimacanarias.com\\\/wp-content\\\/uploads\\\/2020\\\/10\\\/101582127_2569924989936785_4638112896365101056_n-300x300.jpg\"},{\"@type\":\"BreadcrumbList\",\"@id\":\"https:\\\/\\\/cimacanarias.com\\\/estudios-cartografia-submarina-bioprospecciones-farmacologico-cambio-climatico\\\/#breadcrumb\",\"itemListElement\":[{\"@type\":\"ListItem\",\"position\":1,\"name\":\"Portada\",\"item\":\"https:\\\/\\\/cimacanarias.com\\\/\"},{\"@type\":\"ListItem\",\"position\":2,\"name\":\"Estudios de Cartograf\u00eda submarina para realizaci\u00f3n de Bioprospecciones en b\u00fasqueda de productos y especies con potencial farmacol\u00f3gico y experimentos de cambio clim\u00e1tico\"}]},{\"@type\":\"WebSite\",\"@id\":\"https:\\\/\\\/cimacanarias.com\\\/#website\",\"url\":\"https:\\\/\\\/cimacanarias.com\\\/\",\"name\":\"Centro de Investigaciones Medioambientales del Atl\u00e1ntico\",\"description\":\"Centro de Investigaciones Medioambientales del Atl\u00e1ntico, S.L. es una consultora ambiental especializada en el medio marino que desarrolla asistencias t\u00e9cnicas, proyectos de gesti\u00f3n, an\u00e1lisis e investigaciones marinas.\",\"publisher\":{\"@id\":\"https:\\\/\\\/cimacanarias.com\\\/#organization\"},\"potentialAction\":[{\"@type\":\"SearchAction\",\"target\":{\"@type\":\"EntryPoint\",\"urlTemplate\":\"https:\\\/\\\/cimacanarias.com\\\/?s={search_term_string}\"},\"query-input\":{\"@type\":\"PropertyValueSpecification\",\"valueRequired\":true,\"valueName\":\"search_term_string\"}}],\"inLanguage\":\"en-GB\"},{\"@type\":\"Organization\",\"@id\":\"https:\\\/\\\/cimacanarias.com\\\/#organization\",\"name\":\"Centro de Investigaciones Medioambientales del Atl\u00e1ntico, S.L.\",\"url\":\"https:\\\/\\\/cimacanarias.com\\\/\",\"logo\":{\"@type\":\"ImageObject\",\"inLanguage\":\"en-GB\",\"@id\":\"https:\\\/\\\/cimacanarias.com\\\/#\\\/schema\\\/logo\\\/image\\\/\",\"url\":\"https:\\\/\\\/cimacanarias.com\\\/wp-content\\\/uploads\\\/2020\\\/06\\\/logo.png\",\"contentUrl\":\"https:\\\/\\\/cimacanarias.com\\\/wp-content\\\/uploads\\\/2020\\\/06\\\/logo.png\",\"width\":227,\"height\":80,\"caption\":\"Centro de Investigaciones Medioambientales del Atl\u00e1ntico, S.L.\"},\"image\":{\"@id\":\"https:\\\/\\\/cimacanarias.com\\\/#\\\/schema\\\/logo\\\/image\\\/\"}}]}<\/script>\n<!-- \/ Yoast SEO plugin. -->","yoast_head_json":{"title":"Estudios de Cartograf\u00eda submarina para realizaci\u00f3n de Bioprospecciones en b\u00fasqueda de productos y especies con potencial farmacol\u00f3gico y experimentos de cambio clim\u00e1tico - Centro de Investigaciones Medioambientales del Atl\u00e1ntico","description":"Centro de Investigaciones Medioambientales del Atl\u00e1ntico, S.L. es una entidad privada especializada en el medio marino que desarrolla asistencias t\u00e9cnicas, proyectos de gesti\u00f3n, an\u00e1lisis e investigaciones marinas.","robots":{"index":"index","follow":"follow","max-snippet":"max-snippet:-1","max-image-preview":"max-image-preview:large","max-video-preview":"max-video-preview:-1"},"canonical":"https:\/\/cimacanarias.com\/en\/estudios-cartografia-submarina-bioprospecciones-farmacologico-cambio-climatico\/","og_locale":"en_GB","og_type":"article","og_title":"Estudios de Cartograf\u00eda submarina para realizaci\u00f3n de Bioprospecciones en b\u00fasqueda de productos y especies con potencial farmacol\u00f3gico y experimentos de cambio clim\u00e1tico - Centro de Investigaciones Medioambientales del Atl\u00e1ntico","og_description":"Centro de Investigaciones Medioambientales del Atl\u00e1ntico, S.L. es una entidad privada especializada en el medio marino que desarrolla asistencias t\u00e9cnicas, proyectos de gesti\u00f3n, an\u00e1lisis e investigaciones marinas.","og_url":"https:\/\/cimacanarias.com\/en\/estudios-cartografia-submarina-bioprospecciones-farmacologico-cambio-climatico\/","og_site_name":"Centro de Investigaciones Medioambientales del Atl\u00e1ntico","article_modified_time":"2022-05-17T10:03:39+00:00","og_image":[{"url":"https:\/\/cimacanarias.com\/wp-content\/uploads\/2020\/10\/101582127_2569924989936785_4638112896365101056_n-300x300.jpg","type":"","width":"","height":""}],"twitter_card":"summary_large_image","twitter_misc":{"Estimated reading time":"5 minutes"},"schema":{"@context":"https:\/\/schema.org","@graph":[{"@type":"WebPage","@id":"https:\/\/cimacanarias.com\/estudios-cartografia-submarina-bioprospecciones-farmacologico-cambio-climatico\/","url":"https:\/\/cimacanarias.com\/estudios-cartografia-submarina-bioprospecciones-farmacologico-cambio-climatico\/","name":"Estudios de Cartograf\u00eda submarina para realizaci\u00f3n de Bioprospecciones en b\u00fasqueda de productos y especies con potencial farmacol\u00f3gico y experimentos de cambio clim\u00e1tico - Centro de Investigaciones Medioambientales del Atl\u00e1ntico","isPartOf":{"@id":"https:\/\/cimacanarias.com\/#website"},"primaryImageOfPage":{"@id":"https:\/\/cimacanarias.com\/estudios-cartografia-submarina-bioprospecciones-farmacologico-cambio-climatico\/#primaryimage"},"image":{"@id":"https:\/\/cimacanarias.com\/estudios-cartografia-submarina-bioprospecciones-farmacologico-cambio-climatico\/#primaryimage"},"thumbnailUrl":"https:\/\/cimacanarias.com\/wp-content\/uploads\/2020\/10\/101582127_2569924989936785_4638112896365101056_n-300x300.jpg","datePublished":"2020-10-16T11:23:26+00:00","dateModified":"2022-05-17T10:03:39+00:00","description":"Centro de Investigaciones Medioambientales del Atl\u00e1ntico, S.L. es una entidad privada especializada en el medio marino que desarrolla asistencias t\u00e9cnicas, proyectos de gesti\u00f3n, an\u00e1lisis e investigaciones marinas.","breadcrumb":{"@id":"https:\/\/cimacanarias.com\/estudios-cartografia-submarina-bioprospecciones-farmacologico-cambio-climatico\/#breadcrumb"},"inLanguage":"en-GB","potentialAction":[{"@type":"ReadAction","target":["https:\/\/cimacanarias.com\/estudios-cartografia-submarina-bioprospecciones-farmacologico-cambio-climatico\/"]}]},{"@type":"ImageObject","inLanguage":"en-GB","@id":"https:\/\/cimacanarias.com\/estudios-cartografia-submarina-bioprospecciones-farmacologico-cambio-climatico\/#primaryimage","url":"https:\/\/cimacanarias.com\/wp-content\/uploads\/2020\/10\/101582127_2569924989936785_4638112896365101056_n-300x300.jpg","contentUrl":"https:\/\/cimacanarias.com\/wp-content\/uploads\/2020\/10\/101582127_2569924989936785_4638112896365101056_n-300x300.jpg"},{"@type":"BreadcrumbList","@id":"https:\/\/cimacanarias.com\/estudios-cartografia-submarina-bioprospecciones-farmacologico-cambio-climatico\/#breadcrumb","itemListElement":[{"@type":"ListItem","position":1,"name":"Portada","item":"https:\/\/cimacanarias.com\/"},{"@type":"ListItem","position":2,"name":"Estudios de Cartograf\u00eda submarina para realizaci\u00f3n de Bioprospecciones en b\u00fasqueda de productos y especies con potencial farmacol\u00f3gico y experimentos de cambio clim\u00e1tico"}]},{"@type":"WebSite","@id":"https:\/\/cimacanarias.com\/#website","url":"https:\/\/cimacanarias.com\/","name":"Atlantic Center for Environmental Research","description":"Centro de Investigaciones Medioambientales del Atl\u00e1ntico, S.L. es una consultora ambiental especializada en el medio marino que desarrolla asistencias t\u00e9cnicas, proyectos de gesti\u00f3n, an\u00e1lisis e investigaciones marinas.","publisher":{"@id":"https:\/\/cimacanarias.com\/#organization"},"potentialAction":[{"@type":"SearchAction","target":{"@type":"EntryPoint","urlTemplate":"https:\/\/cimacanarias.com\/?s={search_term_string}"},"query-input":{"@type":"PropertyValueSpecification","valueRequired":true,"valueName":"search_term_string"}}],"inLanguage":"en-GB"},{"@type":"Organization","@id":"https:\/\/cimacanarias.com\/#organization","name":"Centro de Investigaciones Medioambientales del Atl\u00e1ntico, S.L.","url":"https:\/\/cimacanarias.com\/","logo":{"@type":"ImageObject","inLanguage":"en-GB","@id":"https:\/\/cimacanarias.com\/#\/schema\/logo\/image\/","url":"https:\/\/cimacanarias.com\/wp-content\/uploads\/2020\/06\/logo.png","contentUrl":"https:\/\/cimacanarias.com\/wp-content\/uploads\/2020\/06\/logo.png","width":227,"height":80,"caption":"Centro de Investigaciones Medioambientales del Atl\u00e1ntico, S.L."},"image":{"@id":"https:\/\/cimacanarias.com\/#\/schema\/logo\/image\/"}}]}},"_links":{"self":[{"href":"https:\/\/cimacanarias.com\/en\/wp-json\/wp\/v2\/pages\/1306","targetHints":{"allow":["GET"]}}],"collection":[{"href":"https:\/\/cimacanarias.com\/en\/wp-json\/wp\/v2\/pages"}],"about":[{"href":"https:\/\/cimacanarias.com\/en\/wp-json\/wp\/v2\/types\/page"}],"author":[{"embeddable":true,"href":"https:\/\/cimacanarias.com\/en\/wp-json\/wp\/v2\/users\/9"}],"replies":[{"embeddable":true,"href":"https:\/\/cimacanarias.com\/en\/wp-json\/wp\/v2\/comments?post=1306"}],"version-history":[{"count":11,"href":"https:\/\/cimacanarias.com\/en\/wp-json\/wp\/v2\/pages\/1306\/revisions"}],"predecessor-version":[{"id":2170,"href":"https:\/\/cimacanarias.com\/en\/wp-json\/wp\/v2\/pages\/1306\/revisions\/2170"}],"wp:attachment":[{"href":"https:\/\/cimacanarias.com\/en\/wp-json\/wp\/v2\/media?parent=1306"}],"curies":[{"name":"wp","href":"https:\/\/api.w.org\/{rel}","templated":true}]}}