{"id":13718,"date":"2025-05-01T21:04:30","date_gmt":"2025-05-01T20:04:30","guid":{"rendered":"https:\/\/cimacanarias.com\/?page_id=13718"},"modified":"2025-05-13T20:55:44","modified_gmt":"2025-05-13T19:55:44","slug":"contacto","status":"publish","type":"page","link":"https:\/\/cimacanarias.com\/en\/contacto\/","title":{"rendered":"Contact"},"content":{"rendered":"<div style=\"font-family: Arial, sans-serif; max-width: 680px; margin: 0 auto; line-height: 1;\">\n  <!-- Email -->\n  <p style=\"display: flex; flex-direction: row; justify-content: start; text-align: center;\">\n    <i class=\"fas fa-envelope\" style=\"color: #0b5e79; margin-right: 10px; width: 20px; text-align: center;\"><\/i>\n    <a href=\"mailto:cima@cimacanarias.com\" style=\"font-weight: bold;\">cima@cimacanarias.com<\/a>\n  <\/p>\n<\/div>\n\n<div style=\"font-family: Arial, sans-serif; max-width: 680px; margin: 0 auto; line-height: 1;\">\n  <!-- Phone Number -->\n  <p style=\"display: flex; flex-direction: row; justify-content: start; text-align: center;\">\n    <i class=\"fas fa-phone-alt\" style=\"color: #0b5e79; margin-right: 10px; width: 20px; text-align: center;\"><\/i>\n    <a style=\"font-weight: light; color: #333; text-decoration: none;\"><span style=\"font-weight: bold;\">(+34)<\/span> 922 31 55 80<\/a>\n  <\/p>\n<\/div>\n\n<div style=\"font-family: Arial, sans-serif; max-width: 680px; margin: 0 auto; line-height: 1;\">\n  <!-- Socials -->\n  <p style=\"display: flex; flex-direction: row; justify-content: start; text-align: center;\">\n    <i class=\"fas fa-share-alt\" style=\"color: #0b5e79; margin-right: 10px; width: 20px; text-align: center;\"><\/i>\n    <a style=\"font-weight: light; color: #333; text-decoration: none; font-weight: bold;\">Social Media:<\/a>\n  <\/p>\n<\/div>\n\n<div style=\"margin-left: 30px;\">\n    <a href=\"https:\/\/es-la.facebook.com\/centrodeinvestigacionesmedioambientalesatlantico\" target=\"_blank\" style=\"margin: 0 15px 0 22.5px; color: #1877F2; font-size: 24px;\"><i class=\"fab fa-facebook\"><\/i><\/a>\n    <a href=\"https:\/\/twitter.com\/CIMA_SL\" target=\"_blank\" style=\"margin: 0 15px 0 0px; color: #333; font-size: 24px;\"><i class=\"fab fa-x-twitter\"><\/i><\/a>\n    <a href=\"https:\/\/www.instagram.com\/cima_sl\/\" target=\"_blank\" style=\"margin: 0 15px 0 0px; color: #E1306C; font-size: 24px;\"><i class=\"fab fa-instagram\"><\/i><\/a>\n    <a href=\"https:\/\/www.youtube.com\/user\/cimacanarias\/videos\" target=\"_blank\" style=\"margin: 0 15px 0 0px; color: #FF0000; font-size: 24px;\"><i class=\"fab fa-youtube\"><\/i><\/a>\n<\/div>\n\n<div style=\"font-family: Arial, sans-serif; max-width: 680px; margin: 0 auto; margin-top: 20px; line-height: 1;\">\n  <!-- Socials -->\n  <p style=\"display: flex; flex-direction: row; justify-content: start; text-align: center;\">\n    <i class=\"fas fa-map-location-dot\" style=\"color: #0b5e79; margin-right: 10px; width: 20px; text-align: center;\"><\/i>\n    <a style=\"font-weight: light; color: #333; text-decoration: none; font-weight: light;\"><span style=\"font-weight: bold;\">Address:<\/span> Av. de los Majuelos, 115, 38107 Santa Cruz de Tenerife<\/a>\n  <\/p>\n<\/div>\n<iframe src=\"https:\/\/www.google.com\/maps\/embed?pb=!1m18!1m12!1m3!1d3508.653757994385!2d-16.323902788126567!3d28.42970267567507!2m3!1f0!2f0!3f0!3m2!1i1024!2i768!4f13.1!3m3!1m2!1s0xc41cd37c78ec48f%3A0xd377ef6fa67c17a6!2sCentro%20de%20Investigaciones%20Medioambientales%20del%20Atl%C3%A1ntico%20-%20CIMA%2C%20S.L.!5e0!3m2!1ses!2ses!4v1746129248317!5m2!1ses!2ses\" width=\"600\" height=\"450\" style=\"border: solid 2px #00a9e0; margin-left: 30px;\" allowfullscreen=\"\" loading=\"lazy\" referrerpolicy=\"no-referrer-when-downgrade\"><\/iframe>\n\n\n\n<p><\/p>","protected":false},"excerpt":{"rendered":"<p>cima@cimacanarias.com (+34) 922 31 55 80 Redes Sociales: Direcci\u00f3n: Av. de los Majuelos, 115, 38107 Santa Cruz de Tenerife<\/p>","protected":false},"author":9,"featured_media":0,"parent":0,"menu_order":0,"comment_status":"closed","ping_status":"closed","template":"","meta":{"footnotes":""},"class_list":["post-13718","page","type-page","status-publish","hentry"],"yoast_head":"<!-- This site is optimized with the Yoast SEO plugin v27.3 - https:\/\/yoast.com\/product\/yoast-seo-wordpress\/ -->\n<title>Contacto - Centro de Investigaciones Medioambientales del Atl\u00e1ntico<\/title>\n<meta name=\"description\" content=\"Centro de Investigaciones Medioambientales del Atl\u00e1ntico, S.L. es una entidad privada especializada en el medio marino que desarrolla asistencias t\u00e9cnicas, proyectos de gesti\u00f3n, an\u00e1lisis e investigaciones marinas.\" \/>\n<meta name=\"robots\" content=\"index, follow, max-snippet:-1, max-image-preview:large, max-video-preview:-1\" \/>\n<link rel=\"canonical\" href=\"https:\/\/cimacanarias.com\/en\/contacto\/\" \/>\n<meta property=\"og:locale\" content=\"en_GB\" \/>\n<meta property=\"og:type\" content=\"article\" \/>\n<meta property=\"og:title\" content=\"Contacto - Centro de Investigaciones Medioambientales del Atl\u00e1ntico\" \/>\n<meta property=\"og:description\" content=\"Centro de Investigaciones Medioambientales del Atl\u00e1ntico, S.L. es una entidad privada especializada en el medio marino que desarrolla asistencias t\u00e9cnicas, proyectos de gesti\u00f3n, an\u00e1lisis e investigaciones marinas.\" \/>\n<meta property=\"og:url\" content=\"https:\/\/cimacanarias.com\/en\/contacto\/\" \/>\n<meta property=\"og:site_name\" content=\"Centro de Investigaciones Medioambientales del Atl\u00e1ntico\" \/>\n<meta property=\"article:modified_time\" content=\"2025-05-13T19:55:44+00:00\" \/>\n<meta name=\"twitter:card\" content=\"summary_large_image\" \/>\n<script type=\"application\/ld+json\" class=\"yoast-schema-graph\">{\"@context\":\"https:\\\/\\\/schema.org\",\"@graph\":[{\"@type\":\"WebPage\",\"@id\":\"https:\\\/\\\/cimacanarias.com\\\/contacto\\\/\",\"url\":\"https:\\\/\\\/cimacanarias.com\\\/contacto\\\/\",\"name\":\"Contacto - Centro de Investigaciones Medioambientales del Atl\u00e1ntico\",\"isPartOf\":{\"@id\":\"https:\\\/\\\/cimacanarias.com\\\/#website\"},\"datePublished\":\"2025-05-01T20:04:30+00:00\",\"dateModified\":\"2025-05-13T19:55:44+00:00\",\"description\":\"Centro de Investigaciones Medioambientales del Atl\u00e1ntico, S.L. es una entidad privada especializada en el medio marino que desarrolla asistencias t\u00e9cnicas, proyectos de gesti\u00f3n, an\u00e1lisis e investigaciones marinas.\",\"breadcrumb\":{\"@id\":\"https:\\\/\\\/cimacanarias.com\\\/contacto\\\/#breadcrumb\"},\"inLanguage\":\"en-GB\",\"potentialAction\":[{\"@type\":\"ReadAction\",\"target\":[\"https:\\\/\\\/cimacanarias.com\\\/contacto\\\/\"]}]},{\"@type\":\"BreadcrumbList\",\"@id\":\"https:\\\/\\\/cimacanarias.com\\\/contacto\\\/#breadcrumb\",\"itemListElement\":[{\"@type\":\"ListItem\",\"position\":1,\"name\":\"Portada\",\"item\":\"https:\\\/\\\/cimacanarias.com\\\/\"},{\"@type\":\"ListItem\",\"position\":2,\"name\":\"Contacto\"}]},{\"@type\":\"WebSite\",\"@id\":\"https:\\\/\\\/cimacanarias.com\\\/#website\",\"url\":\"https:\\\/\\\/cimacanarias.com\\\/\",\"name\":\"Centro de Investigaciones Medioambientales del Atl\u00e1ntico\",\"description\":\"Centro de Investigaciones Medioambientales del Atl\u00e1ntico, S.L. es una consultora ambiental especializada en el medio marino que desarrolla asistencias t\u00e9cnicas, proyectos de gesti\u00f3n, an\u00e1lisis e investigaciones marinas.\",\"publisher\":{\"@id\":\"https:\\\/\\\/cimacanarias.com\\\/#organization\"},\"potentialAction\":[{\"@type\":\"SearchAction\",\"target\":{\"@type\":\"EntryPoint\",\"urlTemplate\":\"https:\\\/\\\/cimacanarias.com\\\/?s={search_term_string}\"},\"query-input\":{\"@type\":\"PropertyValueSpecification\",\"valueRequired\":true,\"valueName\":\"search_term_string\"}}],\"inLanguage\":\"en-GB\"},{\"@type\":\"Organization\",\"@id\":\"https:\\\/\\\/cimacanarias.com\\\/#organization\",\"name\":\"Centro de Investigaciones Medioambientales del Atl\u00e1ntico, S.L.\",\"url\":\"https:\\\/\\\/cimacanarias.com\\\/\",\"logo\":{\"@type\":\"ImageObject\",\"inLanguage\":\"en-GB\",\"@id\":\"https:\\\/\\\/cimacanarias.com\\\/#\\\/schema\\\/logo\\\/image\\\/\",\"url\":\"https:\\\/\\\/cimacanarias.com\\\/wp-content\\\/uploads\\\/2020\\\/06\\\/logo.png\",\"contentUrl\":\"https:\\\/\\\/cimacanarias.com\\\/wp-content\\\/uploads\\\/2020\\\/06\\\/logo.png\",\"width\":227,\"height\":80,\"caption\":\"Centro de Investigaciones Medioambientales del Atl\u00e1ntico, S.L.\"},\"image\":{\"@id\":\"https:\\\/\\\/cimacanarias.com\\\/#\\\/schema\\\/logo\\\/image\\\/\"}}]}<\/script>\n<!-- \/ Yoast SEO plugin. -->","yoast_head_json":{"title":"Contacto - Centro de Investigaciones Medioambientales del Atl\u00e1ntico","description":"Centro de Investigaciones Medioambientales del Atl\u00e1ntico, S.L. es una entidad privada especializada en el medio marino que desarrolla asistencias t\u00e9cnicas, proyectos de gesti\u00f3n, an\u00e1lisis e investigaciones marinas.","robots":{"index":"index","follow":"follow","max-snippet":"max-snippet:-1","max-image-preview":"max-image-preview:large","max-video-preview":"max-video-preview:-1"},"canonical":"https:\/\/cimacanarias.com\/en\/contacto\/","og_locale":"en_GB","og_type":"article","og_title":"Contacto - Centro de Investigaciones Medioambientales del Atl\u00e1ntico","og_description":"Centro de Investigaciones Medioambientales del Atl\u00e1ntico, S.L. es una entidad privada especializada en el medio marino que desarrolla asistencias t\u00e9cnicas, proyectos de gesti\u00f3n, an\u00e1lisis e investigaciones marinas.","og_url":"https:\/\/cimacanarias.com\/en\/contacto\/","og_site_name":"Centro de Investigaciones Medioambientales del Atl\u00e1ntico","article_modified_time":"2025-05-13T19:55:44+00:00","twitter_card":"summary_large_image","schema":{"@context":"https:\/\/schema.org","@graph":[{"@type":"WebPage","@id":"https:\/\/cimacanarias.com\/contacto\/","url":"https:\/\/cimacanarias.com\/contacto\/","name":"Contacto - Centro de Investigaciones Medioambientales del Atl\u00e1ntico","isPartOf":{"@id":"https:\/\/cimacanarias.com\/#website"},"datePublished":"2025-05-01T20:04:30+00:00","dateModified":"2025-05-13T19:55:44+00:00","description":"Centro de Investigaciones Medioambientales del Atl\u00e1ntico, S.L. es una entidad privada especializada en el medio marino que desarrolla asistencias t\u00e9cnicas, proyectos de gesti\u00f3n, an\u00e1lisis e investigaciones marinas.","breadcrumb":{"@id":"https:\/\/cimacanarias.com\/contacto\/#breadcrumb"},"inLanguage":"en-GB","potentialAction":[{"@type":"ReadAction","target":["https:\/\/cimacanarias.com\/contacto\/"]}]},{"@type":"BreadcrumbList","@id":"https:\/\/cimacanarias.com\/contacto\/#breadcrumb","itemListElement":[{"@type":"ListItem","position":1,"name":"Portada","item":"https:\/\/cimacanarias.com\/"},{"@type":"ListItem","position":2,"name":"Contacto"}]},{"@type":"WebSite","@id":"https:\/\/cimacanarias.com\/#website","url":"https:\/\/cimacanarias.com\/","name":"Atlantic Center for Environmental Research","description":"Centro de Investigaciones Medioambientales del Atl\u00e1ntico, S.L. es una consultora ambiental especializada en el medio marino que desarrolla asistencias t\u00e9cnicas, proyectos de gesti\u00f3n, an\u00e1lisis e investigaciones marinas.","publisher":{"@id":"https:\/\/cimacanarias.com\/#organization"},"potentialAction":[{"@type":"SearchAction","target":{"@type":"EntryPoint","urlTemplate":"https:\/\/cimacanarias.com\/?s={search_term_string}"},"query-input":{"@type":"PropertyValueSpecification","valueRequired":true,"valueName":"search_term_string"}}],"inLanguage":"en-GB"},{"@type":"Organization","@id":"https:\/\/cimacanarias.com\/#organization","name":"Centro de Investigaciones Medioambientales del Atl\u00e1ntico, S.L.","url":"https:\/\/cimacanarias.com\/","logo":{"@type":"ImageObject","inLanguage":"en-GB","@id":"https:\/\/cimacanarias.com\/#\/schema\/logo\/image\/","url":"https:\/\/cimacanarias.com\/wp-content\/uploads\/2020\/06\/logo.png","contentUrl":"https:\/\/cimacanarias.com\/wp-content\/uploads\/2020\/06\/logo.png","width":227,"height":80,"caption":"Centro de Investigaciones Medioambientales del Atl\u00e1ntico, S.L."},"image":{"@id":"https:\/\/cimacanarias.com\/#\/schema\/logo\/image\/"}}]}},"_links":{"self":[{"href":"https:\/\/cimacanarias.com\/en\/wp-json\/wp\/v2\/pages\/13718","targetHints":{"allow":["GET"]}}],"collection":[{"href":"https:\/\/cimacanarias.com\/en\/wp-json\/wp\/v2\/pages"}],"about":[{"href":"https:\/\/cimacanarias.com\/en\/wp-json\/wp\/v2\/types\/page"}],"author":[{"embeddable":true,"href":"https:\/\/cimacanarias.com\/en\/wp-json\/wp\/v2\/users\/9"}],"replies":[{"embeddable":true,"href":"https:\/\/cimacanarias.com\/en\/wp-json\/wp\/v2\/comments?post=13718"}],"version-history":[{"count":76,"href":"https:\/\/cimacanarias.com\/en\/wp-json\/wp\/v2\/pages\/13718\/revisions"}],"predecessor-version":[{"id":13795,"href":"https:\/\/cimacanarias.com\/en\/wp-json\/wp\/v2\/pages\/13718\/revisions\/13795"}],"wp:attachment":[{"href":"https:\/\/cimacanarias.com\/en\/wp-json\/wp\/v2\/media?parent=13718"}],"curies":[{"name":"wp","href":"https:\/\/api.w.org\/{rel}","templated":true}]}}