{"id":1372,"date":"2020-11-04T15:39:16","date_gmt":"2020-11-04T15:39:16","guid":{"rendered":"http:\/\/cimacanarias.com\/?page_id=1372"},"modified":"2022-05-17T10:09:52","modified_gmt":"2022-05-17T10:09:52","slug":"our-services","status":"publish","type":"page","link":"https:\/\/cimacanarias.com\/en\/our-services\/","title":{"rendered":"Our services"},"content":{"rendered":"<div class=\"entry-content\">\n<div class=\"clearfix\">\n<h4>Management and research<\/h4>\n<p>Our services are specifically designed to develop research or give support in the marine environment. Aquaculture, Environmental Management, Cartography and Characterization of communities, Equipment Rental, Environmental Management and Analysis, Systematics and biological laboratory, Laboratory of chemical analysis, Oceanography, Marine ecology, Impact studies and Environmental Surveillance, Training\/Education and Outreach plans.<\/p>\n<\/div>\n<hr class=\"wp-block-separator\">\n<div class=\"wp-block-image\">\n<figure class=\"alignleft\"><a href=\"https:\/\/cimacanarias.com\/wp-content\/uploads\/2020\/09\/intro-AcuiculturaP.jpg\"><img loading=\"lazy\" decoding=\"async\" width=\"292\" height=\"203\" class=\"wp-image-1189\" src=\"https:\/\/cimacanarias.com\/wp-content\/uploads\/2020\/09\/intro-AcuiculturaP.jpg\" alt=\"\"><\/a><\/figure>\n<\/div>\n<h4>Fisheries and aquaculture<\/h4>\n<p>We carry out pre-operational and environmental monitoring studies for fishing projects and aquaculture cages, for determination of environmental impact on different biological communities (fish stocks, infauna, seagrasses, etc.).<\/p>\n<div class=\"wp-block-spacer\" aria-hidden=\"true\"><\/div>\n<hr class=\"wp-block-separator\">\n<div class=\"wp-block-image\"><\/div>\n<h3><small><a href=\"https:\/\/cimacanarias.com\/wp-content\/uploads\/2020\/09\/zodiacP.jpg\"><img loading=\"lazy\" decoding=\"async\" class=\"size-full wp-image-1191 alignright\" src=\"https:\/\/cimacanarias.com\/wp-content\/uploads\/2020\/09\/zodiacP.jpg\" sizes=\"auto, (max-width: 360px) 100vw, 360px\" srcset=\"https:\/\/cimacanarias.com\/wp-content\/uploads\/2020\/09\/zodiacP.jpg 360w, https:\/\/cimacanarias.com\/wp-content\/uploads\/2020\/09\/zodiacP-300x188.jpg 300w\" alt=\"\" width=\"360\" height=\"225\"><\/a><\/small><\/h3>\n<h3><\/h3>\n<h4>Equipment for rent<\/h4>\n<p>You may rent many of our measuring equipment,as well as subcontract our technical staff. Our boat, RORCUAL, is also available for our customers.<\/p>\n<\/div>\n<div class=\"entry-content\">\n<hr class=\"wp-block-separator\">\n<div><\/div>\n<div class=\"wp-block-image\"><\/div>\n<div class=\"pull-left\"><\/div>\n<h3><small><a href=\"https:\/\/cimacanarias.com\/wp-content\/uploads\/2020\/09\/intro-Mapap.jpg\"><img loading=\"lazy\" decoding=\"async\" class=\"size-full wp-image-1192 alignleft\" src=\"https:\/\/cimacanarias.com\/wp-content\/uploads\/2020\/09\/intro-Mapap.jpg\" sizes=\"auto, (max-width: 390px) 100vw, 390px\" srcset=\"https:\/\/cimacanarias.com\/wp-content\/uploads\/2020\/09\/intro-Mapap.jpg 390w, https:\/\/cimacanarias.com\/wp-content\/uploads\/2020\/09\/intro-Mapap-300x192.jpg 300w\" alt=\"\" width=\"390\" height=\"250\"><\/a>Cartography and communities characterization<\/small><\/h3>\n<p>CIMA owns underwater recording equipment for monitoring and surface communication systems by means of which clients can directly observe real-time filming, as well as communicate with divers.<\/p>\n<div class=\"wp-block-spacer\" aria-hidden=\"true\"><\/div>\n<hr class=\"wp-block-separator\">\n<div class=\"wp-block-image\"><\/div>\n<div class=\"pull-right\"><\/div>\n<h3><small>Environmental management and analysis<a href=\"https:\/\/cimacanarias.com\/wp-content\/uploads\/2020\/09\/intro-muestreopecesP.jpg\"><img loading=\"lazy\" decoding=\"async\" class=\"alignright size-full wp-image-1193\" src=\"https:\/\/cimacanarias.com\/wp-content\/uploads\/2020\/09\/intro-muestreopecesP.jpg\" sizes=\"auto, (max-width: 360px) 100vw, 360px\" srcset=\"https:\/\/cimacanarias.com\/wp-content\/uploads\/2020\/09\/intro-muestreopecesP.jpg 360w, https:\/\/cimacanarias.com\/wp-content\/uploads\/2020\/09\/intro-muestreopecesP-300x208.jpg 300w\" alt=\"\" width=\"360\" height=\"250\"><\/a><\/small><\/h3>\n<p>We provide assistance in maritime-coastal resources management to meet, promote and update the establishment of a legal framework that integrates the sustainable development of resources.<\/p>\n<div class=\"wp-block-spacer\" aria-hidden=\"true\"><\/div>\n<hr class=\"wp-block-separator\">\n<div><\/div>\n<div class=\"wp-block-image\"><\/div>\n<div class=\"pull-left\"><\/div>\n<h3><\/h3>\n<h2><small><a href=\"https:\/\/cimacanarias.com\/wp-content\/uploads\/2020\/09\/intro-LaBio.jpg\"><img decoding=\"async\" class=\"size-full wp-image-1192 alignleft\" src=\"https:\/\/cimacanarias.com\/wp-content\/uploads\/2020\/09\/intro-LaBio.jpg\" alt=\"\"><\/a><small>Systematics and biological laboratory<\/small><\/small><\/h2>\n<p>CIMA\u00b4s technical means allows identification of biological samples of marine environment (individuals, tissues, etc.)that allows their use as indicators of the marina coastal environmental quality.<\/p>\n<div class=\"wp-block-spacer\" aria-hidden=\"true\"><\/div>\n<hr class=\"wp-block-separator\">\n<div><\/div>\n<div><\/div>\n<div class=\"pull-right\"><\/div>\n<h2><small><a href=\"https:\/\/cimacanarias.com\/wp-content\/uploads\/2020\/09\/intro-LaBio.jpg\"><img decoding=\"async\" class=\"size-full wp-image-1192 alignright\" src=\"https:\/\/cimacanarias.com\/wp-content\/uploads\/2020\/09\/intro-LabQuim.jpg\" alt=\"\"><\/a><small>Chemical analysis laboratory<\/small><\/small><\/h2>\n<p>In our premises, we have an <a href=\"http:\/\/www.indrops.es\/\" target=\"_blank\" rel=\"noopener noreferrer\">INDROPS<\/a>, laboratory with the necessary equipment and instruments required for the determination of marine environmental parameters.<\/p>\n<div class=\"wp-block-spacer\" aria-hidden=\"true\"><\/div>\n<hr class=\"wp-block-separator\">\n<div class=\"pull-left\"><\/div>\n<div class=\"wp-block-image\">\n<figure class=\"alignleft\"><a href=\"https:\/\/cimacanarias.com\/wp-content\/uploads\/2020\/09\/intro-correntimetro.jpg\"><img decoding=\"async\" class=\"wp-image-1189\" src=\"https:\/\/cimacanarias.com\/wp-content\/uploads\/2020\/09\/intro-correntimetro.jpg\" alt=\"corrent\u00edmetro\"><\/a><\/figure>\n<\/div>\n<div class=\"wp-block-image\"><\/div>\n<div class=\"pull-left\"><\/div>\n<h3><small>Oceanography<\/small><\/h3>\n<p>Within the oceanographic fieldwe carry out studies ofmarine hydrodynamics andcurrents, dispersion spills models and studies of the distribution of pollutants in the marine realm.<\/p>\n<div class=\"wp-block-spacer\" aria-hidden=\"true\"><\/div>\n<hr class=\"wp-block-separator\">\n<div class=\"wp-block-image\">\n<figure class=\"alignright\"><a href=\"https:\/\/cimacanarias.com\/wp-content\/uploads\/2020\/09\/intro-muestreosebadalP.jpg\"><img decoding=\"async\" class=\"wp-image-1189\" src=\"https:\/\/cimacanarias.com\/wp-content\/uploads\/2020\/09\/intro-muestreosebadalP.jpg\" alt=\"muestreosebadalP\"><\/a><\/figure>\n<\/div>\n<div class=\"wp-block-image\"><\/div>\n<div class=\"pull-left\"><\/div>\n<h3><small>Marine ecology<\/small><\/h3>\n<p>CIMA carries out seabed characterizations (faunal and vegetal analysis, and environmental parameters) that can be used as community descriptors in spatio-temporal and for developing suitable tools for sustainable managementand conservation.<\/p>\n<div class=\"wp-block-spacer\" aria-hidden=\"true\"><\/div>\n<hr class=\"wp-block-separator\">\n<div class=\"wp-block-image\">\n<figure class=\"alignleft\"><a href=\"https:\/\/cimacanarias.com\/wp-content\/uploads\/2020\/09\/intro-PVADragadoP.jpg\"><img decoding=\"async\" class=\"wp-image-1189\" src=\"https:\/\/cimacanarias.com\/wp-content\/uploads\/2020\/09\/intro-PVADragadoP.jpg\" alt=\"Dragado\"><\/a><\/figure>\n<\/div>\n<div class=\"wp-block-image\"><\/div>\n<div class=\"pull-left\"><\/div>\n<h3><small>Impact studies and environmental monitoring plans<\/small><\/h3>\n<p>We coordinate and carry out environmental projects and studies for industries, construction companies and public administrations<\/p>\n<div class=\"wp-block-spacer\" aria-hidden=\"true\"><\/div>\n<hr class=\"wp-block-separator\">\n<h3><small>Training\/Education and Outreach<\/small><\/h3>\n<p>We carry out a series of specific educational actions and projects and, for example, we organize and coordinate Conferences and Congresses for popular science. On the other hand, we teach courses focused on the incorporation of the biologist into the world of work, environmental education and specialization courses.<\/p>\n<p>In addition, we also provide content and collaborate in the design and publication of some guides to good environmental practices derived from our research, especially in the field of professional artisanal fishing.<\/p>\n<\/div>","protected":false},"excerpt":{"rendered":"<p>Management and research Our services are specifically designed to develop research or give support in the marine environment. Aquaculture, Environmental [&hellip;]<\/p>\n","protected":false},"author":9,"featured_media":0,"parent":0,"menu_order":0,"comment_status":"closed","ping_status":"closed","template":"","meta":{"footnotes":""},"class_list":["post-1372","page","type-page","status-publish","hentry"],"yoast_head":"<!-- This site is optimized with the Yoast SEO plugin v27.3 - https:\/\/yoast.com\/product\/yoast-seo-wordpress\/ -->\n<title>Our services - Centro de Investigaciones Medioambientales del Atl\u00e1ntico<\/title>\n<meta name=\"description\" content=\"Centro de Investigaciones Medioambientales del Atl\u00e1ntico, S.L. es una entidad privada especializada en el medio marino que desarrolla asistencias t\u00e9cnicas, proyectos de gesti\u00f3n, an\u00e1lisis e investigaciones marinas.\" \/>\n<meta name=\"robots\" content=\"index, follow, max-snippet:-1, max-image-preview:large, max-video-preview:-1\" \/>\n<link rel=\"canonical\" href=\"https:\/\/cimacanarias.com\/en\/our-services\/\" \/>\n<meta property=\"og:locale\" content=\"en_GB\" \/>\n<meta property=\"og:type\" content=\"article\" \/>\n<meta property=\"og:title\" content=\"Our services - Centro de Investigaciones Medioambientales del Atl\u00e1ntico\" \/>\n<meta property=\"og:description\" content=\"Centro de Investigaciones Medioambientales del Atl\u00e1ntico, S.L. es una entidad privada especializada en el medio marino que desarrolla asistencias t\u00e9cnicas, proyectos de gesti\u00f3n, an\u00e1lisis e investigaciones marinas.\" \/>\n<meta property=\"og:url\" content=\"https:\/\/cimacanarias.com\/en\/our-services\/\" \/>\n<meta property=\"og:site_name\" content=\"Centro de Investigaciones Medioambientales del Atl\u00e1ntico\" \/>\n<meta property=\"article:modified_time\" content=\"2022-05-17T10:09:52+00:00\" \/>\n<meta property=\"og:image\" content=\"https:\/\/cimacanarias.com\/wp-content\/uploads\/2020\/09\/intro-AcuiculturaP.jpg\" \/>\n<meta name=\"twitter:card\" content=\"summary_large_image\" \/>\n<meta name=\"twitter:label1\" content=\"Estimated reading time\" \/>\n\t<meta name=\"twitter:data1\" content=\"4 minutes\" \/>\n<script type=\"application\/ld+json\" class=\"yoast-schema-graph\">{\"@context\":\"https:\\\/\\\/schema.org\",\"@graph\":[{\"@type\":\"WebPage\",\"@id\":\"https:\\\/\\\/cimacanarias.com\\\/our-services\\\/\",\"url\":\"https:\\\/\\\/cimacanarias.com\\\/our-services\\\/\",\"name\":\"Our services - Centro de Investigaciones Medioambientales del Atl\u00e1ntico\",\"isPartOf\":{\"@id\":\"https:\\\/\\\/cimacanarias.com\\\/#website\"},\"primaryImageOfPage\":{\"@id\":\"https:\\\/\\\/cimacanarias.com\\\/our-services\\\/#primaryimage\"},\"image\":{\"@id\":\"https:\\\/\\\/cimacanarias.com\\\/our-services\\\/#primaryimage\"},\"thumbnailUrl\":\"https:\\\/\\\/cimacanarias.com\\\/wp-content\\\/uploads\\\/2020\\\/09\\\/intro-AcuiculturaP.jpg\",\"datePublished\":\"2020-11-04T15:39:16+00:00\",\"dateModified\":\"2022-05-17T10:09:52+00:00\",\"description\":\"Centro de Investigaciones Medioambientales del Atl\u00e1ntico, S.L. es una entidad privada especializada en el medio marino que desarrolla asistencias t\u00e9cnicas, proyectos de gesti\u00f3n, an\u00e1lisis e investigaciones marinas.\",\"breadcrumb\":{\"@id\":\"https:\\\/\\\/cimacanarias.com\\\/our-services\\\/#breadcrumb\"},\"inLanguage\":\"en-GB\",\"potentialAction\":[{\"@type\":\"ReadAction\",\"target\":[\"https:\\\/\\\/cimacanarias.com\\\/our-services\\\/\"]}]},{\"@type\":\"ImageObject\",\"inLanguage\":\"en-GB\",\"@id\":\"https:\\\/\\\/cimacanarias.com\\\/our-services\\\/#primaryimage\",\"url\":\"https:\\\/\\\/cimacanarias.com\\\/wp-content\\\/uploads\\\/2020\\\/09\\\/intro-AcuiculturaP.jpg\",\"contentUrl\":\"https:\\\/\\\/cimacanarias.com\\\/wp-content\\\/uploads\\\/2020\\\/09\\\/intro-AcuiculturaP.jpg\"},{\"@type\":\"BreadcrumbList\",\"@id\":\"https:\\\/\\\/cimacanarias.com\\\/our-services\\\/#breadcrumb\",\"itemListElement\":[{\"@type\":\"ListItem\",\"position\":1,\"name\":\"Portada\",\"item\":\"https:\\\/\\\/cimacanarias.com\\\/\"},{\"@type\":\"ListItem\",\"position\":2,\"name\":\"Our services\"}]},{\"@type\":\"WebSite\",\"@id\":\"https:\\\/\\\/cimacanarias.com\\\/#website\",\"url\":\"https:\\\/\\\/cimacanarias.com\\\/\",\"name\":\"Centro de Investigaciones Medioambientales del Atl\u00e1ntico\",\"description\":\"Centro de Investigaciones Medioambientales del Atl\u00e1ntico, S.L. es una consultora ambiental especializada en el medio marino que desarrolla asistencias t\u00e9cnicas, proyectos de gesti\u00f3n, an\u00e1lisis e investigaciones marinas.\",\"publisher\":{\"@id\":\"https:\\\/\\\/cimacanarias.com\\\/#organization\"},\"potentialAction\":[{\"@type\":\"SearchAction\",\"target\":{\"@type\":\"EntryPoint\",\"urlTemplate\":\"https:\\\/\\\/cimacanarias.com\\\/?s={search_term_string}\"},\"query-input\":{\"@type\":\"PropertyValueSpecification\",\"valueRequired\":true,\"valueName\":\"search_term_string\"}}],\"inLanguage\":\"en-GB\"},{\"@type\":\"Organization\",\"@id\":\"https:\\\/\\\/cimacanarias.com\\\/#organization\",\"name\":\"Centro de Investigaciones Medioambientales del Atl\u00e1ntico, S.L.\",\"url\":\"https:\\\/\\\/cimacanarias.com\\\/\",\"logo\":{\"@type\":\"ImageObject\",\"inLanguage\":\"en-GB\",\"@id\":\"https:\\\/\\\/cimacanarias.com\\\/#\\\/schema\\\/logo\\\/image\\\/\",\"url\":\"https:\\\/\\\/cimacanarias.com\\\/wp-content\\\/uploads\\\/2020\\\/06\\\/logo.png\",\"contentUrl\":\"https:\\\/\\\/cimacanarias.com\\\/wp-content\\\/uploads\\\/2020\\\/06\\\/logo.png\",\"width\":227,\"height\":80,\"caption\":\"Centro de Investigaciones Medioambientales del Atl\u00e1ntico, S.L.\"},\"image\":{\"@id\":\"https:\\\/\\\/cimacanarias.com\\\/#\\\/schema\\\/logo\\\/image\\\/\"}}]}<\/script>\n<!-- \/ Yoast SEO plugin. -->","yoast_head_json":{"title":"Our services - Centro de Investigaciones Medioambientales del Atl\u00e1ntico","description":"Centro de Investigaciones Medioambientales del Atl\u00e1ntico, S.L. es una entidad privada especializada en el medio marino que desarrolla asistencias t\u00e9cnicas, proyectos de gesti\u00f3n, an\u00e1lisis e investigaciones marinas.","robots":{"index":"index","follow":"follow","max-snippet":"max-snippet:-1","max-image-preview":"max-image-preview:large","max-video-preview":"max-video-preview:-1"},"canonical":"https:\/\/cimacanarias.com\/en\/our-services\/","og_locale":"en_GB","og_type":"article","og_title":"Our services - Centro de Investigaciones Medioambientales del Atl\u00e1ntico","og_description":"Centro de Investigaciones Medioambientales del Atl\u00e1ntico, S.L. es una entidad privada especializada en el medio marino que desarrolla asistencias t\u00e9cnicas, proyectos de gesti\u00f3n, an\u00e1lisis e investigaciones marinas.","og_url":"https:\/\/cimacanarias.com\/en\/our-services\/","og_site_name":"Centro de Investigaciones Medioambientales del Atl\u00e1ntico","article_modified_time":"2022-05-17T10:09:52+00:00","og_image":[{"url":"https:\/\/cimacanarias.com\/wp-content\/uploads\/2020\/09\/intro-AcuiculturaP.jpg","type":"","width":"","height":""}],"twitter_card":"summary_large_image","twitter_misc":{"Estimated reading time":"4 minutes"},"schema":{"@context":"https:\/\/schema.org","@graph":[{"@type":"WebPage","@id":"https:\/\/cimacanarias.com\/our-services\/","url":"https:\/\/cimacanarias.com\/our-services\/","name":"Our services - Centro de Investigaciones Medioambientales del Atl\u00e1ntico","isPartOf":{"@id":"https:\/\/cimacanarias.com\/#website"},"primaryImageOfPage":{"@id":"https:\/\/cimacanarias.com\/our-services\/#primaryimage"},"image":{"@id":"https:\/\/cimacanarias.com\/our-services\/#primaryimage"},"thumbnailUrl":"https:\/\/cimacanarias.com\/wp-content\/uploads\/2020\/09\/intro-AcuiculturaP.jpg","datePublished":"2020-11-04T15:39:16+00:00","dateModified":"2022-05-17T10:09:52+00:00","description":"Centro de Investigaciones Medioambientales del Atl\u00e1ntico, S.L. es una entidad privada especializada en el medio marino que desarrolla asistencias t\u00e9cnicas, proyectos de gesti\u00f3n, an\u00e1lisis e investigaciones marinas.","breadcrumb":{"@id":"https:\/\/cimacanarias.com\/our-services\/#breadcrumb"},"inLanguage":"en-GB","potentialAction":[{"@type":"ReadAction","target":["https:\/\/cimacanarias.com\/our-services\/"]}]},{"@type":"ImageObject","inLanguage":"en-GB","@id":"https:\/\/cimacanarias.com\/our-services\/#primaryimage","url":"https:\/\/cimacanarias.com\/wp-content\/uploads\/2020\/09\/intro-AcuiculturaP.jpg","contentUrl":"https:\/\/cimacanarias.com\/wp-content\/uploads\/2020\/09\/intro-AcuiculturaP.jpg"},{"@type":"BreadcrumbList","@id":"https:\/\/cimacanarias.com\/our-services\/#breadcrumb","itemListElement":[{"@type":"ListItem","position":1,"name":"Portada","item":"https:\/\/cimacanarias.com\/"},{"@type":"ListItem","position":2,"name":"Our services"}]},{"@type":"WebSite","@id":"https:\/\/cimacanarias.com\/#website","url":"https:\/\/cimacanarias.com\/","name":"Atlantic Center for Environmental Research","description":"Centro de Investigaciones Medioambientales del Atl\u00e1ntico, S.L. es una consultora ambiental especializada en el medio marino que desarrolla asistencias t\u00e9cnicas, proyectos de gesti\u00f3n, an\u00e1lisis e investigaciones marinas.","publisher":{"@id":"https:\/\/cimacanarias.com\/#organization"},"potentialAction":[{"@type":"SearchAction","target":{"@type":"EntryPoint","urlTemplate":"https:\/\/cimacanarias.com\/?s={search_term_string}"},"query-input":{"@type":"PropertyValueSpecification","valueRequired":true,"valueName":"search_term_string"}}],"inLanguage":"en-GB"},{"@type":"Organization","@id":"https:\/\/cimacanarias.com\/#organization","name":"Centro de Investigaciones Medioambientales del Atl\u00e1ntico, S.L.","url":"https:\/\/cimacanarias.com\/","logo":{"@type":"ImageObject","inLanguage":"en-GB","@id":"https:\/\/cimacanarias.com\/#\/schema\/logo\/image\/","url":"https:\/\/cimacanarias.com\/wp-content\/uploads\/2020\/06\/logo.png","contentUrl":"https:\/\/cimacanarias.com\/wp-content\/uploads\/2020\/06\/logo.png","width":227,"height":80,"caption":"Centro de Investigaciones Medioambientales del Atl\u00e1ntico, S.L."},"image":{"@id":"https:\/\/cimacanarias.com\/#\/schema\/logo\/image\/"}}]}},"_links":{"self":[{"href":"https:\/\/cimacanarias.com\/en\/wp-json\/wp\/v2\/pages\/1372","targetHints":{"allow":["GET"]}}],"collection":[{"href":"https:\/\/cimacanarias.com\/en\/wp-json\/wp\/v2\/pages"}],"about":[{"href":"https:\/\/cimacanarias.com\/en\/wp-json\/wp\/v2\/types\/page"}],"author":[{"embeddable":true,"href":"https:\/\/cimacanarias.com\/en\/wp-json\/wp\/v2\/users\/9"}],"replies":[{"embeddable":true,"href":"https:\/\/cimacanarias.com\/en\/wp-json\/wp\/v2\/comments?post=1372"}],"version-history":[{"count":6,"href":"https:\/\/cimacanarias.com\/en\/wp-json\/wp\/v2\/pages\/1372\/revisions"}],"predecessor-version":[{"id":2177,"href":"https:\/\/cimacanarias.com\/en\/wp-json\/wp\/v2\/pages\/1372\/revisions\/2177"}],"wp:attachment":[{"href":"https:\/\/cimacanarias.com\/en\/wp-json\/wp\/v2\/media?parent=1372"}],"curies":[{"name":"wp","href":"https:\/\/api.w.org\/{rel}","templated":true}]}}