{"id":1388,"date":"2020-11-11T14:12:03","date_gmt":"2020-11-11T14:12:03","guid":{"rendered":"http:\/\/cimacanarias.com\/?page_id=1388"},"modified":"2022-05-17T10:13:43","modified_gmt":"2022-05-17T10:13:43","slug":"rdi-projects","status":"publish","type":"page","link":"https:\/\/cimacanarias.com\/en\/rdi-projects\/","title":{"rendered":"R+D+i projects"},"content":{"rendered":"<p>We develop projects of research and assimilation of technologies in collaboration with public and private institutions.<\/p>\n<h3>The main lines of our work are:<\/h3>\n<p>&#8211; Development of protocols for pollutant determination and integrated analysis of animal and plant communities;<\/p>\n<p>&#8211; Cultivation of alternative dams as food for species of socio-economic interest;<\/p>\n<p>&#8211; Evaluation of human activity influence on coastal marine ecosystems (emissaries, desalination, ports, aquaculture, etc &#8230;);<\/p>\n<p>&#8211; Modeling, used as a tool for prediction ofenvironmental responses to disrupting factors.<\/p>\n<p>Through technological surveillance and due to experience and needs that have arisen in our own projects, CIMA has participated in elaboration of tools that proved useful in our own research projects as well as of other institutions.<\/p>\n<hr>\n<div class=\"clearfix\">\n<div class=\"pull-left\"><a href=\"https:\/\/cimacanarias.com\/index.php\/i-d-i\/203-canamod\"><img decoding=\"async\" class=\"img-responsive alignleft\" src=\"https:\/\/cimacanarias.com\/images\/servicios\/_canamodp.jpg\" alt=\"\"><\/a><\/div>\n<p><a href=\"https:\/\/cimacanarias.com\/index.php\/i-d-i\/203-canamod\"><br \/>\n<\/a><a href=\"https:\/\/cimacanarias.com\/wp-content\/uploads\/2020\/09\/canamod.jpg\"><img loading=\"lazy\" decoding=\"async\" class=\"alignleft wp-image-1114\" src=\"https:\/\/cimacanarias.com\/wp-content\/uploads\/2020\/09\/canamod.jpg\" alt=\"\" width=\"138\" height=\"138\" srcset=\"https:\/\/cimacanarias.com\/wp-content\/uploads\/2020\/09\/canamod.jpg 550w, https:\/\/cimacanarias.com\/wp-content\/uploads\/2020\/09\/canamod-300x300.jpg 300w, https:\/\/cimacanarias.com\/wp-content\/uploads\/2020\/09\/canamod-150x150.jpg 150w\" sizes=\"auto, (max-width: 138px) 100vw, 138px\" \/><\/a><\/p>\n<p><a href=\"https:\/\/cimacanarias.com\/en\/canamod_\/\" target=\"_blank\" rel=\"noopener noreferrer\">&#8211; CANAMOD<\/a>: Modeling tool for the prediction of the environmental response to the material deposition coming from offshore cages from the Canary Islands.<\/p>\n<\/div>\n<div><\/div>\n<div class=\"clearfix\">\n<hr>\n<div class=\"clearfix\">\n<div class=\"pull-left\"><a href=\"https:\/\/cimacanarias.com\/index.php\/i-d-i\/204-presapul\"><img decoding=\"async\" class=\"img-responsive alignleft\" src=\"https:\/\/cimacanarias.com\/images\/servicios\/_presapulp.jpg\" alt=\"\"><\/a><\/div>\n<p><a href=\"https:\/\/cimacanarias.com\/index.php\/i-d-i\/204-presapul\"><br \/>\n<\/a><a href=\"https:\/\/cimacanarias.com\/wp-content\/uploads\/2020\/09\/presapul.jpg\"><img loading=\"lazy\" decoding=\"async\" class=\"alignleft wp-image-1121\" src=\"https:\/\/cimacanarias.com\/wp-content\/uploads\/2020\/09\/presapul-150x150.jpg\" alt=\"\" width=\"138\" height=\"138\" srcset=\"https:\/\/cimacanarias.com\/wp-content\/uploads\/2020\/09\/presapul-150x150.jpg 150w, https:\/\/cimacanarias.com\/wp-content\/uploads\/2020\/09\/presapul-300x300.jpg 300w, https:\/\/cimacanarias.com\/wp-content\/uploads\/2020\/09\/presapul.jpg 550w\" sizes=\"auto, (max-width: 138px) 100vw, 138px\" \/><\/a><\/p>\n<p><a href=\"https:\/\/cimacanarias.com\/en\/presapul_\/\" target=\"_blank\" rel=\"noopener noreferrer\">&#8211; PRESAPUL<\/a>: Use of alternative preys for octopus (<em>Octopus vulgaris<\/em>) larvae growth.<\/p>\n<\/div>\n<\/div>\n<div class=\"clearfix\">\n<hr>\n<div class=\"clearfix\">\n<div class=\"pull-left\"><a href=\"https:\/\/cimacanarias.com\/index.php\/i-d-i\/205-macaromod\"><img decoding=\"async\" class=\"img-responsive alignleft\" src=\"https:\/\/cimacanarias.com\/images\/servicios\/_macaromodp.jpg\" alt=\"\"><\/a><\/div>\n<p><a href=\"https:\/\/cimacanarias.com\/index.php\/i-d-i\/205-macaromod\"><br \/>\n<\/a><a href=\"https:\/\/cimacanarias.com\/wp-content\/uploads\/2020\/09\/macaromod-1.jpg\"><img loading=\"lazy\" decoding=\"async\" class=\"alignleft wp-image-1118\" src=\"https:\/\/cimacanarias.com\/wp-content\/uploads\/2020\/09\/macaromod-1-150x150.jpg\" alt=\"\" width=\"138\" height=\"138\" srcset=\"https:\/\/cimacanarias.com\/wp-content\/uploads\/2020\/09\/macaromod-1-150x150.jpg 150w, https:\/\/cimacanarias.com\/wp-content\/uploads\/2020\/09\/macaromod-1-300x300.jpg 300w, https:\/\/cimacanarias.com\/wp-content\/uploads\/2020\/09\/macaromod-1.jpg 550w\" sizes=\"auto, (max-width: 138px) 100vw, 138px\" \/><\/a><\/p>\n<p><a href=\"https:\/\/cimacanarias.com\/en\/macaromod_\/\" target=\"_blank\" rel=\"noopener noreferrer\">&#8211; MACAROMOD<\/a>: Dispersion of organic matter coming from aquaculture farms: development of a mathematical model to guarantee environmental sustainability.<\/p>\n<\/div>\n<div><\/div>\n<div class=\"clearfix\">\n<hr>\n<div class=\"clearfix\">\n<div class=\"pull-left\"><a href=\"https:\/\/cimacanarias.com\/index.php\/i-d-i\/206-afeccion-salmuera\"><img decoding=\"async\" class=\"img-responsive alignleft\" src=\"https:\/\/cimacanarias.com\/images\/servicios\/_salmuerap.jpg\" alt=\"\"><\/a><\/div>\n<p><a href=\"https:\/\/cimacanarias.com\/index.php\/i-d-i\/206-afeccion-salmuera\"><br \/>\n<\/a><a href=\"https:\/\/cimacanarias.com\/wp-content\/uploads\/2020\/09\/salmuera.jpg\"><img loading=\"lazy\" decoding=\"async\" class=\"alignleft wp-image-1124\" src=\"https:\/\/cimacanarias.com\/wp-content\/uploads\/2020\/09\/salmuera-150x150.jpg\" alt=\"\" width=\"138\" height=\"138\" srcset=\"https:\/\/cimacanarias.com\/wp-content\/uploads\/2020\/09\/salmuera-150x150.jpg 150w, https:\/\/cimacanarias.com\/wp-content\/uploads\/2020\/09\/salmuera-300x300.jpg 300w, https:\/\/cimacanarias.com\/wp-content\/uploads\/2020\/09\/salmuera.jpg 550w\" sizes=\"auto, (max-width: 138px) 100vw, 138px\" \/><\/a><\/p>\n<p><a href=\"https:\/\/cimacanarias.com\/index.php\/i-d-i\/206-afeccion-salmuera\">&#8211; <\/a><a href=\"https:\/\/cimacanarias.com\/en\/brine-impact\/\" target=\"_blank\" rel=\"noopener noreferrer\">Brine affection<\/a>: Minimization of brine disposal impacts on seabed biodiversity, with special reference to the <em>Cymodocea nodosa<\/em> meadows.<\/p>\n<\/div>\n<div><\/div>\n<div class=\"clearfix\">\n<hr>\n<p align=\"justify\">\n<div class=\"clearfix\">\n<div class=\"clearfix\">\n<div class=\"clearfix\">\n<div class=\"clearfix\">\n<p align=\"justify\">Among the R+D+i projects in which&nbsp;&nbsp;<strong><a href=\"https:\/\/cimacanarias.com\/en\/current-rdi-projects\/\" target=\"_blank\" rel=\"noopener noreferrer\">our company is currently participating<\/a><\/strong>&nbsp;&nbsp;are:<\/p>\n<p>\u2013 \u201cCartography: study of the state of conservation of the sebadales of the eastern islands: Lanzarote, Fuerteventura and Gran Canaria\u201d, promoted by the Government of the Canary Islands and co-financed by the FEDER Canary Islands Operational Program (2014-2020).<\/p>\n<p>\u2013 Study of the delimitation, characterization and dissemination of the coralligenous community and monitoring of the conservation status of protected algal species of the genera&nbsp;<i>Tretacantha, Carpodesmia&nbsp;<\/i>&nbsp;and&nbsp;&nbsp;<i>Gelidium.<\/i><\/p>\n<\/div>\n<\/div>\n<\/div>\n<\/div>\n<hr class=\"wp-block-separator alignwide has-text-color has-background has-black-background-color has-black-color is-style-wide\">\n<p style=\"text-align: left;\">Visit our <a href=\"https:\/\/cimacanarias.com\/en\/1584-2\/\"><strong>previous projects section<\/strong><\/a> to learn more about the activity we have carried out at CIMA S.L to investigate and help investigate the marine environment.<\/p>\n<\/div>\n<\/div>\n<\/div>","protected":false},"excerpt":{"rendered":"<p>We develop projects of research and assimilation of technologies in collaboration with public and private institutions. The main lines of [&hellip;]<\/p>\n","protected":false},"author":9,"featured_media":0,"parent":0,"menu_order":0,"comment_status":"closed","ping_status":"closed","template":"","meta":{"footnotes":""},"class_list":["post-1388","page","type-page","status-publish","hentry"],"yoast_head":"<!-- This site is optimized with the Yoast SEO plugin v27.3 - https:\/\/yoast.com\/product\/yoast-seo-wordpress\/ -->\n<title>R+D+i projects - Centro de Investigaciones Medioambientales del Atl\u00e1ntico<\/title>\n<meta name=\"description\" content=\"Centro de Investigaciones Medioambientales del Atl\u00e1ntico, S.L. es una entidad privada especializada en el medio marino que desarrolla asistencias t\u00e9cnicas, proyectos de gesti\u00f3n, an\u00e1lisis e investigaciones marinas.\" \/>\n<meta name=\"robots\" content=\"index, follow, max-snippet:-1, max-image-preview:large, max-video-preview:-1\" \/>\n<link rel=\"canonical\" href=\"https:\/\/cimacanarias.com\/en\/rdi-projects\/\" \/>\n<meta property=\"og:locale\" content=\"en_GB\" \/>\n<meta property=\"og:type\" content=\"article\" \/>\n<meta property=\"og:title\" content=\"R+D+i projects - Centro de Investigaciones Medioambientales del Atl\u00e1ntico\" \/>\n<meta property=\"og:description\" content=\"Centro de Investigaciones Medioambientales del Atl\u00e1ntico, S.L. es una entidad privada especializada en el medio marino que desarrolla asistencias t\u00e9cnicas, proyectos de gesti\u00f3n, an\u00e1lisis e investigaciones marinas.\" \/>\n<meta property=\"og:url\" content=\"https:\/\/cimacanarias.com\/en\/rdi-projects\/\" \/>\n<meta property=\"og:site_name\" content=\"Centro de Investigaciones Medioambientales del Atl\u00e1ntico\" \/>\n<meta property=\"article:modified_time\" content=\"2022-05-17T10:13:43+00:00\" \/>\n<meta property=\"og:image\" content=\"https:\/\/cimacanarias.com\/images\/servicios\/_canamodp.jpg\" \/>\n<meta name=\"twitter:card\" content=\"summary_large_image\" \/>\n<meta name=\"twitter:label1\" content=\"Estimated reading time\" \/>\n\t<meta name=\"twitter:data1\" content=\"3 minutes\" \/>\n<script type=\"application\/ld+json\" class=\"yoast-schema-graph\">{\"@context\":\"https:\\\/\\\/schema.org\",\"@graph\":[{\"@type\":\"WebPage\",\"@id\":\"https:\\\/\\\/cimacanarias.com\\\/rdi-projects\\\/\",\"url\":\"https:\\\/\\\/cimacanarias.com\\\/rdi-projects\\\/\",\"name\":\"R+D+i projects - Centro de Investigaciones Medioambientales del Atl\u00e1ntico\",\"isPartOf\":{\"@id\":\"https:\\\/\\\/cimacanarias.com\\\/#website\"},\"primaryImageOfPage\":{\"@id\":\"https:\\\/\\\/cimacanarias.com\\\/rdi-projects\\\/#primaryimage\"},\"image\":{\"@id\":\"https:\\\/\\\/cimacanarias.com\\\/rdi-projects\\\/#primaryimage\"},\"thumbnailUrl\":\"https:\\\/\\\/cimacanarias.com\\\/images\\\/servicios\\\/_canamodp.jpg\",\"datePublished\":\"2020-11-11T14:12:03+00:00\",\"dateModified\":\"2022-05-17T10:13:43+00:00\",\"description\":\"Centro de Investigaciones Medioambientales del Atl\u00e1ntico, S.L. es una entidad privada especializada en el medio marino que desarrolla asistencias t\u00e9cnicas, proyectos de gesti\u00f3n, an\u00e1lisis e investigaciones marinas.\",\"breadcrumb\":{\"@id\":\"https:\\\/\\\/cimacanarias.com\\\/rdi-projects\\\/#breadcrumb\"},\"inLanguage\":\"en-GB\",\"potentialAction\":[{\"@type\":\"ReadAction\",\"target\":[\"https:\\\/\\\/cimacanarias.com\\\/rdi-projects\\\/\"]}]},{\"@type\":\"ImageObject\",\"inLanguage\":\"en-GB\",\"@id\":\"https:\\\/\\\/cimacanarias.com\\\/rdi-projects\\\/#primaryimage\",\"url\":\"https:\\\/\\\/cimacanarias.com\\\/images\\\/servicios\\\/_canamodp.jpg\",\"contentUrl\":\"https:\\\/\\\/cimacanarias.com\\\/images\\\/servicios\\\/_canamodp.jpg\"},{\"@type\":\"BreadcrumbList\",\"@id\":\"https:\\\/\\\/cimacanarias.com\\\/rdi-projects\\\/#breadcrumb\",\"itemListElement\":[{\"@type\":\"ListItem\",\"position\":1,\"name\":\"Portada\",\"item\":\"https:\\\/\\\/cimacanarias.com\\\/\"},{\"@type\":\"ListItem\",\"position\":2,\"name\":\"R+D+i projects\"}]},{\"@type\":\"WebSite\",\"@id\":\"https:\\\/\\\/cimacanarias.com\\\/#website\",\"url\":\"https:\\\/\\\/cimacanarias.com\\\/\",\"name\":\"Centro de Investigaciones Medioambientales del Atl\u00e1ntico\",\"description\":\"Centro de Investigaciones Medioambientales del Atl\u00e1ntico, S.L. es una consultora ambiental especializada en el medio marino que desarrolla asistencias t\u00e9cnicas, proyectos de gesti\u00f3n, an\u00e1lisis e investigaciones marinas.\",\"publisher\":{\"@id\":\"https:\\\/\\\/cimacanarias.com\\\/#organization\"},\"potentialAction\":[{\"@type\":\"SearchAction\",\"target\":{\"@type\":\"EntryPoint\",\"urlTemplate\":\"https:\\\/\\\/cimacanarias.com\\\/?s={search_term_string}\"},\"query-input\":{\"@type\":\"PropertyValueSpecification\",\"valueRequired\":true,\"valueName\":\"search_term_string\"}}],\"inLanguage\":\"en-GB\"},{\"@type\":\"Organization\",\"@id\":\"https:\\\/\\\/cimacanarias.com\\\/#organization\",\"name\":\"Centro de Investigaciones Medioambientales del Atl\u00e1ntico, S.L.\",\"url\":\"https:\\\/\\\/cimacanarias.com\\\/\",\"logo\":{\"@type\":\"ImageObject\",\"inLanguage\":\"en-GB\",\"@id\":\"https:\\\/\\\/cimacanarias.com\\\/#\\\/schema\\\/logo\\\/image\\\/\",\"url\":\"https:\\\/\\\/cimacanarias.com\\\/wp-content\\\/uploads\\\/2020\\\/06\\\/logo.png\",\"contentUrl\":\"https:\\\/\\\/cimacanarias.com\\\/wp-content\\\/uploads\\\/2020\\\/06\\\/logo.png\",\"width\":227,\"height\":80,\"caption\":\"Centro de Investigaciones Medioambientales del Atl\u00e1ntico, S.L.\"},\"image\":{\"@id\":\"https:\\\/\\\/cimacanarias.com\\\/#\\\/schema\\\/logo\\\/image\\\/\"}}]}<\/script>\n<!-- \/ Yoast SEO plugin. -->","yoast_head_json":{"title":"R+D+i projects - Centro de Investigaciones Medioambientales del Atl\u00e1ntico","description":"Centro de Investigaciones Medioambientales del Atl\u00e1ntico, S.L. es una entidad privada especializada en el medio marino que desarrolla asistencias t\u00e9cnicas, proyectos de gesti\u00f3n, an\u00e1lisis e investigaciones marinas.","robots":{"index":"index","follow":"follow","max-snippet":"max-snippet:-1","max-image-preview":"max-image-preview:large","max-video-preview":"max-video-preview:-1"},"canonical":"https:\/\/cimacanarias.com\/en\/rdi-projects\/","og_locale":"en_GB","og_type":"article","og_title":"R+D+i projects - Centro de Investigaciones Medioambientales del Atl\u00e1ntico","og_description":"Centro de Investigaciones Medioambientales del Atl\u00e1ntico, S.L. es una entidad privada especializada en el medio marino que desarrolla asistencias t\u00e9cnicas, proyectos de gesti\u00f3n, an\u00e1lisis e investigaciones marinas.","og_url":"https:\/\/cimacanarias.com\/en\/rdi-projects\/","og_site_name":"Centro de Investigaciones Medioambientales del Atl\u00e1ntico","article_modified_time":"2022-05-17T10:13:43+00:00","og_image":[{"url":"https:\/\/cimacanarias.com\/images\/servicios\/_canamodp.jpg","type":"","width":"","height":""}],"twitter_card":"summary_large_image","twitter_misc":{"Estimated reading time":"3 minutes"},"schema":{"@context":"https:\/\/schema.org","@graph":[{"@type":"WebPage","@id":"https:\/\/cimacanarias.com\/rdi-projects\/","url":"https:\/\/cimacanarias.com\/rdi-projects\/","name":"R+D+i projects - Centro de Investigaciones Medioambientales del Atl\u00e1ntico","isPartOf":{"@id":"https:\/\/cimacanarias.com\/#website"},"primaryImageOfPage":{"@id":"https:\/\/cimacanarias.com\/rdi-projects\/#primaryimage"},"image":{"@id":"https:\/\/cimacanarias.com\/rdi-projects\/#primaryimage"},"thumbnailUrl":"https:\/\/cimacanarias.com\/images\/servicios\/_canamodp.jpg","datePublished":"2020-11-11T14:12:03+00:00","dateModified":"2022-05-17T10:13:43+00:00","description":"Centro de Investigaciones Medioambientales del Atl\u00e1ntico, S.L. es una entidad privada especializada en el medio marino que desarrolla asistencias t\u00e9cnicas, proyectos de gesti\u00f3n, an\u00e1lisis e investigaciones marinas.","breadcrumb":{"@id":"https:\/\/cimacanarias.com\/rdi-projects\/#breadcrumb"},"inLanguage":"en-GB","potentialAction":[{"@type":"ReadAction","target":["https:\/\/cimacanarias.com\/rdi-projects\/"]}]},{"@type":"ImageObject","inLanguage":"en-GB","@id":"https:\/\/cimacanarias.com\/rdi-projects\/#primaryimage","url":"https:\/\/cimacanarias.com\/images\/servicios\/_canamodp.jpg","contentUrl":"https:\/\/cimacanarias.com\/images\/servicios\/_canamodp.jpg"},{"@type":"BreadcrumbList","@id":"https:\/\/cimacanarias.com\/rdi-projects\/#breadcrumb","itemListElement":[{"@type":"ListItem","position":1,"name":"Portada","item":"https:\/\/cimacanarias.com\/"},{"@type":"ListItem","position":2,"name":"R+D+i projects"}]},{"@type":"WebSite","@id":"https:\/\/cimacanarias.com\/#website","url":"https:\/\/cimacanarias.com\/","name":"Atlantic Center for Environmental Research","description":"Centro de Investigaciones Medioambientales del Atl\u00e1ntico, S.L. es una consultora ambiental especializada en el medio marino que desarrolla asistencias t\u00e9cnicas, proyectos de gesti\u00f3n, an\u00e1lisis e investigaciones marinas.","publisher":{"@id":"https:\/\/cimacanarias.com\/#organization"},"potentialAction":[{"@type":"SearchAction","target":{"@type":"EntryPoint","urlTemplate":"https:\/\/cimacanarias.com\/?s={search_term_string}"},"query-input":{"@type":"PropertyValueSpecification","valueRequired":true,"valueName":"search_term_string"}}],"inLanguage":"en-GB"},{"@type":"Organization","@id":"https:\/\/cimacanarias.com\/#organization","name":"Centro de Investigaciones Medioambientales del Atl\u00e1ntico, S.L.","url":"https:\/\/cimacanarias.com\/","logo":{"@type":"ImageObject","inLanguage":"en-GB","@id":"https:\/\/cimacanarias.com\/#\/schema\/logo\/image\/","url":"https:\/\/cimacanarias.com\/wp-content\/uploads\/2020\/06\/logo.png","contentUrl":"https:\/\/cimacanarias.com\/wp-content\/uploads\/2020\/06\/logo.png","width":227,"height":80,"caption":"Centro de Investigaciones Medioambientales del Atl\u00e1ntico, S.L."},"image":{"@id":"https:\/\/cimacanarias.com\/#\/schema\/logo\/image\/"}}]}},"_links":{"self":[{"href":"https:\/\/cimacanarias.com\/en\/wp-json\/wp\/v2\/pages\/1388","targetHints":{"allow":["GET"]}}],"collection":[{"href":"https:\/\/cimacanarias.com\/en\/wp-json\/wp\/v2\/pages"}],"about":[{"href":"https:\/\/cimacanarias.com\/en\/wp-json\/wp\/v2\/types\/page"}],"author":[{"embeddable":true,"href":"https:\/\/cimacanarias.com\/en\/wp-json\/wp\/v2\/users\/9"}],"replies":[{"embeddable":true,"href":"https:\/\/cimacanarias.com\/en\/wp-json\/wp\/v2\/comments?post=1388"}],"version-history":[{"count":14,"href":"https:\/\/cimacanarias.com\/en\/wp-json\/wp\/v2\/pages\/1388\/revisions"}],"predecessor-version":[{"id":2179,"href":"https:\/\/cimacanarias.com\/en\/wp-json\/wp\/v2\/pages\/1388\/revisions\/2179"}],"wp:attachment":[{"href":"https:\/\/cimacanarias.com\/en\/wp-json\/wp\/v2\/media?parent=1388"}],"curies":[{"name":"wp","href":"https:\/\/api.w.org\/{rel}","templated":true}]}}