{"id":1401,"date":"2020-11-12T09:46:24","date_gmt":"2020-11-12T09:46:24","guid":{"rendered":"http:\/\/cimacanarias.com\/?page_id=1401"},"modified":"2022-06-28T12:10:43","modified_gmt":"2022-06-28T12:10:43","slug":"downloads","status":"publish","type":"page","link":"https:\/\/cimacanarias.com\/en\/downloads\/","title":{"rendered":"Downloads"},"content":{"rendered":"<p>CIMA offers some of its publications: infographic, books, documents and symposia posters.<\/p>\n<h3><small>Documents<\/small><\/h3>\n<div class=\"clearfix\">\n<div class=\"pull-left\"><img decoding=\"async\" class=\"img-responsive alignleft\" src=\"https:\/\/cimacanarias.com\/images\/descargas\/documento.png\" alt=\"\"><\/div>\n<p><a href=\"https:\/\/cimacanarias.com\/wp-content\/uploads\/2022\/05\/Documentos.png\"><img loading=\"lazy\" decoding=\"async\" class=\"alignleft wp-image-2043 size-thumbnail\" src=\"https:\/\/cimacanarias.com\/wp-content\/uploads\/2022\/05\/Documentos-150x150.png\" alt=\"Icono de documentos para la secci\u00f3n de descargas\" width=\"150\" height=\"150\" srcset=\"https:\/\/cimacanarias.com\/wp-content\/uploads\/2022\/05\/Documentos-150x150.png 150w, https:\/\/cimacanarias.com\/wp-content\/uploads\/2022\/05\/Documentos-300x300.png 300w, https:\/\/cimacanarias.com\/wp-content\/uploads\/2022\/05\/Documentos-768x768.png 768w, https:\/\/cimacanarias.com\/wp-content\/uploads\/2022\/05\/Documentos.png 1080w\" sizes=\"auto, (max-width: 150px) 100vw, 150px\" \/><\/a>&#8211;&nbsp;<a href=\"https:\/\/cimacanarias.com\/en\/descargas\/documento_impact_harbour.pdf\/\" target=\"_blank\" rel=\"noopener noreferrer\">Biotic indexes reveal the impact of harbour enlargement<\/a>.<\/p>\n<p>&#8211;&nbsp;<a href=\"https:\/\/cimacanarias.com\/dscargas\/documento_meiofaunal_dynamics.pdf\" target=\"_blank\" rel=\"noopener noreferrer\">Six-year study of meiofaunal dynamics in fish farms<\/a>.<\/p>\n<p>&#8211;&nbsp;<a href=\"https:\/\/cimacanarias.com\/dscargas\/documento_subtidal_meiofauna_community.pdf\" target=\"_blank\" rel=\"noopener noreferrer\">Effects of brine disposal on a subtidal meiofauna community<\/a>.<\/p>\n<p>&#8211;&nbsp;<a href=\"https:\/\/cimacanarias.com\/en\/dscargas\/MILLEPORA_Brito%20et%20al,%202010.pdf\/\" target=\"_blank\" rel=\"noopener noreferrer\">About hydrocorals of the Genus <em>Millepora<\/em> (<em>Hydrozoa: Milleporidae)<\/em> presence in Eastern Subtropical Atlantic (Canary Islands) and its relationship with climatic events (Spanish).<\/a><\/p>\n<p>&#8211;&nbsp;<a href=\"https:\/\/cimacanarias.com\/en\/dscargas\/Falc%C3%B3n_et_al_2018_tropical_littoral_fishes.pdf\/\" target=\"_blank\" rel=\"noopener noreferrer\">New records of tropical littoral fishes from the Canary Islands as a result of two driving forces: natural expansion and introduction by oil platforms<\/a>.<\/p>\n<hr>\n<h3><small>Books<\/small><\/h3>\n<div class=\"clearfix\">\n<div class=\"pull-left\"><img decoding=\"async\" class=\"img-responsive alignleft\" src=\"https:\/\/cimacanarias.com\/images\/descargas\/libro.png\" alt=\"\"><\/div>\n<p><a href=\"https:\/\/cimacanarias.com\/wp-content\/uploads\/2022\/05\/Libros.png\"><img loading=\"lazy\" decoding=\"async\" class=\"alignleft wp-image-2045 size-thumbnail\" src=\"https:\/\/cimacanarias.com\/wp-content\/uploads\/2022\/05\/Libros-150x150.png\" alt=\"Icono de libros para la secci\u00f3n de descargas\" width=\"150\" height=\"150\" srcset=\"https:\/\/cimacanarias.com\/wp-content\/uploads\/2022\/05\/Libros-150x150.png 150w, https:\/\/cimacanarias.com\/wp-content\/uploads\/2022\/05\/Libros-300x300.png 300w, https:\/\/cimacanarias.com\/wp-content\/uploads\/2022\/05\/Libros-768x768.png 768w, https:\/\/cimacanarias.com\/wp-content\/uploads\/2022\/05\/Libros.png 1080w\" sizes=\"auto, (max-width: 150px) 100vw, 150px\" \/><\/a><\/p>\n<p>&#8211;&nbsp;<a href=\"https:\/\/cimacanarias.com\/dscargas\/libro_blanquizales.pdf\" target=\"_blank\" rel=\"noopener noreferrer\">Sea-barrens in Tenerife (Spanish)<\/a>.<\/p>\n<\/div>\n<div>&nbsp;<\/div>\n<div class=\"clearfix\">\n<hr>\n<h3><small>Posters<\/small><\/h3>\n<div class=\"clearfix\">\n<div class=\"pull-left\"><img decoding=\"async\" class=\"img-responsive alignleft\" src=\"https:\/\/cimacanarias.com\/images\/descargas\/poster.png\" alt=\"\"><\/div>\n<p><a href=\"https:\/\/cimacanarias.com\/wp-content\/uploads\/2022\/05\/Posters.png\"><img loading=\"lazy\" decoding=\"async\" class=\"alignleft wp-image-2042 size-thumbnail\" src=\"https:\/\/cimacanarias.com\/wp-content\/uploads\/2022\/05\/Posters-150x150.png\" alt=\"Icono de posters para la secci\u00f3n de descargas\" width=\"150\" height=\"150\" srcset=\"https:\/\/cimacanarias.com\/wp-content\/uploads\/2022\/05\/Posters-150x150.png 150w, https:\/\/cimacanarias.com\/wp-content\/uploads\/2022\/05\/Posters-300x300.png 300w, https:\/\/cimacanarias.com\/wp-content\/uploads\/2022\/05\/Posters-768x768.png 768w, https:\/\/cimacanarias.com\/wp-content\/uploads\/2022\/05\/Posters.png 1080w\" sizes=\"auto, (max-width: 150px) 100vw, 150px\" \/><\/a>43 European Marine Biology Simposium (EMBS)<\/p>\n<p>&#8211;&nbsp;<a href=\"https:\/\/cimacanarias.com\/dscargas\/43EMBS_2008_Macrofauna_puerto_Arinaga.pdf\" target=\"_blank\" rel=\"noopener noreferrer\">Biotic indexes reveal the impact of harbour enlargement<\/a>.<\/p>\n<p>&#8211;&nbsp;<a href=\"https:\/\/cimacanarias.com\/dscargas\/43EMBS02.pdf\" target=\"_blank\" rel=\"noopener noreferrer\">Six-year study of meiofaunal dynamics in fish farms<\/a>.<\/p>\n<\/div>\n<\/div>\n<\/div>\n<div class=\"clearfix\">\n<div class=\"clearfix\">\n<div class=\"clearfix\">\n<div class=\"clearfix\">\n<div class=\"pull-left\"><img decoding=\"async\" class=\"img-responsive alignleft\" src=\"https:\/\/cimacanarias.com\/images\/descargas\/poster.png\" alt=\"\">&#8211; XV Iberic Symposium on Marine Biology Studies (SIEBM)<\/div>\n<p>&#8211;&nbsp;<a href=\"https:\/\/cimacanarias.com\/en\/dscargas\/XVSIEBM_2008_%20cultivo_dorada_y_lubinaTF.pdf\/\" target=\"_blank\" rel=\"noopener noreferrer\">sea bream and sea bass farming in Tenerife (Spanish)<\/a>.<\/p>\n<p>&#8211;&nbsp;<a href=\"https:\/\/cimacanarias.com\/en\/dscargas\/XVSIEBM_2008_%20DMAGC.pdf\/\" target=\"_blank\" rel=\"noopener noreferrer\">Water Framework Directive (WFD) in Gran Canaria (Spanish).<\/a><\/p>\n<p>&#8211;&nbsp;<a href=\"https:\/\/cimacanarias.com\/dscargas\/XVSIEBM_2008_Macrofauna_las_Galletas.pdf\" target=\"_blank\" rel=\"noopener noreferrer\">Macrofauna community composition from Las Galletas (Tenerife) (Spanish).<\/a><\/p>\n<hr><\/div>\n<\/div>\n<\/div>\n<\/div>\n\n\n<hr class=\"wp-block-separator has-css-opacity\"\/>\n\n\n\n<h3 class=\"wp-block-heading\"><small>Infographic<\/small><\/h3>\n\n\n<div class=\"wp-block-image\">\n<figure class=\"alignleft\"><a href=\"https:\/\/cimacanarias.com\/wp-content\/uploads\/2022\/05\/Infografias.png\"><img loading=\"lazy\" decoding=\"async\" width=\"150\" height=\"150\" src=\"https:\/\/cimacanarias.com\/wp-content\/uploads\/2022\/05\/Infografias-150x150.png\" alt=\"Icono de infograf\u00edas para la secci\u00f3n de descargas\" class=\"wp-image-2044\" srcset=\"https:\/\/cimacanarias.com\/wp-content\/uploads\/2022\/05\/Infografias-150x150.png 150w, https:\/\/cimacanarias.com\/wp-content\/uploads\/2022\/05\/Infografias-300x300.png 300w, https:\/\/cimacanarias.com\/wp-content\/uploads\/2022\/05\/Infografias-768x768.png 768w, https:\/\/cimacanarias.com\/wp-content\/uploads\/2022\/05\/Infografias.png 1080w\" sizes=\"auto, (max-width: 150px) 100vw, 150px\" \/><\/a><\/figure>\n<\/div>\n\n\n<p><\/p>\n\n\n\n<p><a href=\"https:\/\/cimacanarias.com\/wp-content\/uploads\/2022\/05\/Recurso-para-la-web-Thunnus-thynnus-Atun-Rojo.png\" target=\"_blank\" rel=\"noreferrer noopener\">&#8211; Infographic about Thunnus thynnus (Spanish)<\/a><\/p>\n\n\n\n<p><a href=\"https:\/\/cimacanarias.com\/wp-content\/uploads\/2022\/06\/Disfrutar-del-mar-sin-danarlo-CIMA-S.L.png\" target=\"_blank\" rel=\"noreferrer noopener\">&#8211; Infographic about good practices in summer (Spanish)<\/a><\/p>","protected":false},"excerpt":{"rendered":"<p>CIMA offers some of its publications: infographic, books, documents and symposia posters. Documents &#8211;&nbsp;Biotic indexes reveal the impact of harbour [&hellip;]<\/p>\n","protected":false},"author":9,"featured_media":0,"parent":0,"menu_order":0,"comment_status":"closed","ping_status":"closed","template":"","meta":{"footnotes":""},"class_list":["post-1401","page","type-page","status-publish","hentry"],"yoast_head":"<!-- This site is optimized with the Yoast SEO plugin v27.3 - https:\/\/yoast.com\/product\/yoast-seo-wordpress\/ -->\n<title>Downloads - Centro de Investigaciones Medioambientales del Atl\u00e1ntico<\/title>\n<meta name=\"description\" content=\"Centro de Investigaciones Medioambientales del Atl\u00e1ntico, S.L. es una entidad privada especializada en el medio marino que desarrolla asistencias t\u00e9cnicas, proyectos de gesti\u00f3n, an\u00e1lisis e investigaciones marinas.\" \/>\n<meta name=\"robots\" content=\"index, follow, max-snippet:-1, max-image-preview:large, max-video-preview:-1\" \/>\n<link rel=\"canonical\" href=\"https:\/\/cimacanarias.com\/en\/downloads\/\" \/>\n<meta property=\"og:locale\" content=\"en_GB\" \/>\n<meta property=\"og:type\" content=\"article\" \/>\n<meta property=\"og:title\" content=\"Downloads - Centro de Investigaciones Medioambientales del Atl\u00e1ntico\" \/>\n<meta property=\"og:description\" content=\"Centro de Investigaciones Medioambientales del Atl\u00e1ntico, S.L. es una entidad privada especializada en el medio marino que desarrolla asistencias t\u00e9cnicas, proyectos de gesti\u00f3n, an\u00e1lisis e investigaciones marinas.\" \/>\n<meta property=\"og:url\" content=\"https:\/\/cimacanarias.com\/en\/downloads\/\" \/>\n<meta property=\"og:site_name\" content=\"Centro de Investigaciones Medioambientales del Atl\u00e1ntico\" \/>\n<meta property=\"article:modified_time\" content=\"2022-06-28T12:10:43+00:00\" \/>\n<meta property=\"og:image\" content=\"https:\/\/cimacanarias.com\/images\/descargas\/documento.png\" \/>\n<meta name=\"twitter:card\" content=\"summary_large_image\" \/>\n<meta name=\"twitter:label1\" content=\"Estimated reading time\" \/>\n\t<meta name=\"twitter:data1\" content=\"3 minutes\" \/>\n<script type=\"application\/ld+json\" class=\"yoast-schema-graph\">{\"@context\":\"https:\\\/\\\/schema.org\",\"@graph\":[{\"@type\":\"WebPage\",\"@id\":\"https:\\\/\\\/cimacanarias.com\\\/downloads\\\/\",\"url\":\"https:\\\/\\\/cimacanarias.com\\\/downloads\\\/\",\"name\":\"Downloads - Centro de Investigaciones Medioambientales del Atl\u00e1ntico\",\"isPartOf\":{\"@id\":\"https:\\\/\\\/cimacanarias.com\\\/#website\"},\"primaryImageOfPage\":{\"@id\":\"https:\\\/\\\/cimacanarias.com\\\/downloads\\\/#primaryimage\"},\"image\":{\"@id\":\"https:\\\/\\\/cimacanarias.com\\\/downloads\\\/#primaryimage\"},\"thumbnailUrl\":\"https:\\\/\\\/cimacanarias.com\\\/images\\\/descargas\\\/documento.png\",\"datePublished\":\"2020-11-12T09:46:24+00:00\",\"dateModified\":\"2022-06-28T12:10:43+00:00\",\"description\":\"Centro de Investigaciones Medioambientales del Atl\u00e1ntico, S.L. es una entidad privada especializada en el medio marino que desarrolla asistencias t\u00e9cnicas, proyectos de gesti\u00f3n, an\u00e1lisis e investigaciones marinas.\",\"breadcrumb\":{\"@id\":\"https:\\\/\\\/cimacanarias.com\\\/downloads\\\/#breadcrumb\"},\"inLanguage\":\"en-GB\",\"potentialAction\":[{\"@type\":\"ReadAction\",\"target\":[\"https:\\\/\\\/cimacanarias.com\\\/downloads\\\/\"]}]},{\"@type\":\"ImageObject\",\"inLanguage\":\"en-GB\",\"@id\":\"https:\\\/\\\/cimacanarias.com\\\/downloads\\\/#primaryimage\",\"url\":\"https:\\\/\\\/cimacanarias.com\\\/images\\\/descargas\\\/documento.png\",\"contentUrl\":\"https:\\\/\\\/cimacanarias.com\\\/images\\\/descargas\\\/documento.png\"},{\"@type\":\"BreadcrumbList\",\"@id\":\"https:\\\/\\\/cimacanarias.com\\\/downloads\\\/#breadcrumb\",\"itemListElement\":[{\"@type\":\"ListItem\",\"position\":1,\"name\":\"Portada\",\"item\":\"https:\\\/\\\/cimacanarias.com\\\/\"},{\"@type\":\"ListItem\",\"position\":2,\"name\":\"Downloads\"}]},{\"@type\":\"WebSite\",\"@id\":\"https:\\\/\\\/cimacanarias.com\\\/#website\",\"url\":\"https:\\\/\\\/cimacanarias.com\\\/\",\"name\":\"Centro de Investigaciones Medioambientales del Atl\u00e1ntico\",\"description\":\"Centro de Investigaciones Medioambientales del Atl\u00e1ntico, S.L. es una consultora ambiental especializada en el medio marino que desarrolla asistencias t\u00e9cnicas, proyectos de gesti\u00f3n, an\u00e1lisis e investigaciones marinas.\",\"publisher\":{\"@id\":\"https:\\\/\\\/cimacanarias.com\\\/#organization\"},\"potentialAction\":[{\"@type\":\"SearchAction\",\"target\":{\"@type\":\"EntryPoint\",\"urlTemplate\":\"https:\\\/\\\/cimacanarias.com\\\/?s={search_term_string}\"},\"query-input\":{\"@type\":\"PropertyValueSpecification\",\"valueRequired\":true,\"valueName\":\"search_term_string\"}}],\"inLanguage\":\"en-GB\"},{\"@type\":\"Organization\",\"@id\":\"https:\\\/\\\/cimacanarias.com\\\/#organization\",\"name\":\"Centro de Investigaciones Medioambientales del Atl\u00e1ntico, S.L.\",\"url\":\"https:\\\/\\\/cimacanarias.com\\\/\",\"logo\":{\"@type\":\"ImageObject\",\"inLanguage\":\"en-GB\",\"@id\":\"https:\\\/\\\/cimacanarias.com\\\/#\\\/schema\\\/logo\\\/image\\\/\",\"url\":\"https:\\\/\\\/cimacanarias.com\\\/wp-content\\\/uploads\\\/2020\\\/06\\\/logo.png\",\"contentUrl\":\"https:\\\/\\\/cimacanarias.com\\\/wp-content\\\/uploads\\\/2020\\\/06\\\/logo.png\",\"width\":227,\"height\":80,\"caption\":\"Centro de Investigaciones Medioambientales del Atl\u00e1ntico, S.L.\"},\"image\":{\"@id\":\"https:\\\/\\\/cimacanarias.com\\\/#\\\/schema\\\/logo\\\/image\\\/\"}}]}<\/script>\n<!-- \/ Yoast SEO plugin. -->","yoast_head_json":{"title":"Downloads - Centro de Investigaciones Medioambientales del Atl\u00e1ntico","description":"Centro de Investigaciones Medioambientales del Atl\u00e1ntico, S.L. es una entidad privada especializada en el medio marino que desarrolla asistencias t\u00e9cnicas, proyectos de gesti\u00f3n, an\u00e1lisis e investigaciones marinas.","robots":{"index":"index","follow":"follow","max-snippet":"max-snippet:-1","max-image-preview":"max-image-preview:large","max-video-preview":"max-video-preview:-1"},"canonical":"https:\/\/cimacanarias.com\/en\/downloads\/","og_locale":"en_GB","og_type":"article","og_title":"Downloads - Centro de Investigaciones Medioambientales del Atl\u00e1ntico","og_description":"Centro de Investigaciones Medioambientales del Atl\u00e1ntico, S.L. es una entidad privada especializada en el medio marino que desarrolla asistencias t\u00e9cnicas, proyectos de gesti\u00f3n, an\u00e1lisis e investigaciones marinas.","og_url":"https:\/\/cimacanarias.com\/en\/downloads\/","og_site_name":"Centro de Investigaciones Medioambientales del Atl\u00e1ntico","article_modified_time":"2022-06-28T12:10:43+00:00","og_image":[{"url":"https:\/\/cimacanarias.com\/images\/descargas\/documento.png","type":"","width":"","height":""}],"twitter_card":"summary_large_image","twitter_misc":{"Estimated reading time":"3 minutes"},"schema":{"@context":"https:\/\/schema.org","@graph":[{"@type":"WebPage","@id":"https:\/\/cimacanarias.com\/downloads\/","url":"https:\/\/cimacanarias.com\/downloads\/","name":"Downloads - Centro de Investigaciones Medioambientales del Atl\u00e1ntico","isPartOf":{"@id":"https:\/\/cimacanarias.com\/#website"},"primaryImageOfPage":{"@id":"https:\/\/cimacanarias.com\/downloads\/#primaryimage"},"image":{"@id":"https:\/\/cimacanarias.com\/downloads\/#primaryimage"},"thumbnailUrl":"https:\/\/cimacanarias.com\/images\/descargas\/documento.png","datePublished":"2020-11-12T09:46:24+00:00","dateModified":"2022-06-28T12:10:43+00:00","description":"Centro de Investigaciones Medioambientales del Atl\u00e1ntico, S.L. es una entidad privada especializada en el medio marino que desarrolla asistencias t\u00e9cnicas, proyectos de gesti\u00f3n, an\u00e1lisis e investigaciones marinas.","breadcrumb":{"@id":"https:\/\/cimacanarias.com\/downloads\/#breadcrumb"},"inLanguage":"en-GB","potentialAction":[{"@type":"ReadAction","target":["https:\/\/cimacanarias.com\/downloads\/"]}]},{"@type":"ImageObject","inLanguage":"en-GB","@id":"https:\/\/cimacanarias.com\/downloads\/#primaryimage","url":"https:\/\/cimacanarias.com\/images\/descargas\/documento.png","contentUrl":"https:\/\/cimacanarias.com\/images\/descargas\/documento.png"},{"@type":"BreadcrumbList","@id":"https:\/\/cimacanarias.com\/downloads\/#breadcrumb","itemListElement":[{"@type":"ListItem","position":1,"name":"Portada","item":"https:\/\/cimacanarias.com\/"},{"@type":"ListItem","position":2,"name":"Downloads"}]},{"@type":"WebSite","@id":"https:\/\/cimacanarias.com\/#website","url":"https:\/\/cimacanarias.com\/","name":"Atlantic Center for Environmental Research","description":"Centro de Investigaciones Medioambientales del Atl\u00e1ntico, S.L. es una consultora ambiental especializada en el medio marino que desarrolla asistencias t\u00e9cnicas, proyectos de gesti\u00f3n, an\u00e1lisis e investigaciones marinas.","publisher":{"@id":"https:\/\/cimacanarias.com\/#organization"},"potentialAction":[{"@type":"SearchAction","target":{"@type":"EntryPoint","urlTemplate":"https:\/\/cimacanarias.com\/?s={search_term_string}"},"query-input":{"@type":"PropertyValueSpecification","valueRequired":true,"valueName":"search_term_string"}}],"inLanguage":"en-GB"},{"@type":"Organization","@id":"https:\/\/cimacanarias.com\/#organization","name":"Centro de Investigaciones Medioambientales del Atl\u00e1ntico, S.L.","url":"https:\/\/cimacanarias.com\/","logo":{"@type":"ImageObject","inLanguage":"en-GB","@id":"https:\/\/cimacanarias.com\/#\/schema\/logo\/image\/","url":"https:\/\/cimacanarias.com\/wp-content\/uploads\/2020\/06\/logo.png","contentUrl":"https:\/\/cimacanarias.com\/wp-content\/uploads\/2020\/06\/logo.png","width":227,"height":80,"caption":"Centro de Investigaciones Medioambientales del Atl\u00e1ntico, S.L."},"image":{"@id":"https:\/\/cimacanarias.com\/#\/schema\/logo\/image\/"}}]}},"_links":{"self":[{"href":"https:\/\/cimacanarias.com\/en\/wp-json\/wp\/v2\/pages\/1401","targetHints":{"allow":["GET"]}}],"collection":[{"href":"https:\/\/cimacanarias.com\/en\/wp-json\/wp\/v2\/pages"}],"about":[{"href":"https:\/\/cimacanarias.com\/en\/wp-json\/wp\/v2\/types\/page"}],"author":[{"embeddable":true,"href":"https:\/\/cimacanarias.com\/en\/wp-json\/wp\/v2\/users\/9"}],"replies":[{"embeddable":true,"href":"https:\/\/cimacanarias.com\/en\/wp-json\/wp\/v2\/comments?post=1401"}],"version-history":[{"count":7,"href":"https:\/\/cimacanarias.com\/en\/wp-json\/wp\/v2\/pages\/1401\/revisions"}],"predecessor-version":[{"id":2228,"href":"https:\/\/cimacanarias.com\/en\/wp-json\/wp\/v2\/pages\/1401\/revisions\/2228"}],"wp:attachment":[{"href":"https:\/\/cimacanarias.com\/en\/wp-json\/wp\/v2\/media?parent=1401"}],"curies":[{"name":"wp","href":"https:\/\/api.w.org\/{rel}","templated":true}]}}