{"id":1432,"date":"2020-11-12T11:03:59","date_gmt":"2020-11-12T11:03:59","guid":{"rendered":"http:\/\/cimacanarias.com\/?page_id=1432"},"modified":"2022-05-17T10:14:45","modified_gmt":"2022-05-17T10:14:45","slug":"things-we-do-in-cima","status":"publish","type":"page","link":"https:\/\/cimacanarias.com\/en\/things-we-do-in-cima\/","title":{"rendered":"Things we do in CIMA"},"content":{"rendered":"<p align=\"justify\"><a href=\"https:\/\/cimacanarias.com\/wp-content\/uploads\/2020\/11\/cosas_EN.jpg\"><img loading=\"lazy\" decoding=\"async\" class=\"alignleft wp-image-1433 size-full\" src=\"https:\/\/cimacanarias.com\/wp-content\/uploads\/2020\/11\/cosas_EN.jpg\" alt=\"\" width=\"550\" height=\"550\" srcset=\"https:\/\/cimacanarias.com\/wp-content\/uploads\/2020\/11\/cosas_EN.jpg 550w, https:\/\/cimacanarias.com\/wp-content\/uploads\/2020\/11\/cosas_EN-300x300.jpg 300w, https:\/\/cimacanarias.com\/wp-content\/uploads\/2020\/11\/cosas_EN-150x150.jpg 150w\" sizes=\"auto, (max-width: 550px) 100vw, 550px\" \/><\/a>From CIMA (Centro de Investigaciones Medioambientales del Atl\u00e1ntico, S.L.) (Atlantic Environmental Research Center), we want to show you what we do in and out our offices.<\/p>\n<p align=\"justify\">On this page you can find a series of small videos called \u00abThings we do in CIMA\u00bb, which will help us to explain what we do and how we do it. All this to approach the world of marine biology and oceanography.<\/p>\n<p>These videos will cover different activities, works, projects, etc. which we carry out in the company. We will try to be as varied as possible, so that we can approach our day to day in a truthful and reliable way.<\/p>\n<p>The idea is, of course, to reach as many people as possible. For this we have prepared different releases that can be shared from different media and social networks. On this page you can find the versions shared on Youtube. On our Facebook page and Instagram you may find the same videos, but adapted, so sharing them is much easier.<\/p>\n<p align=\"justify\">Don\u00b4t worry, if you want to share videos via WhatsApp: each video we upload will be followed with a link to lower weight release to download and share from your phone.<\/p>\n<p align=\"justify\"><strong>&#8211; Presenting \u00abThings we do in CIMA\u00bb.<\/strong>&nbsp;<a href=\"https:\/\/cimacanarias.com\/en\/descargas\/cosas\/Cosas_CIMA_0_p.mp4\/\" target=\"_blank\" rel=\"noopener noreferrer\"><strong>Download to share by WhatsApp<\/strong><\/a> (3.3Mb). To download the video from the phone click the link. If you are asked, choose to open the video with the browser and, once opened, keep your finger on it until you get a poster of this style: \u00abSave Video\u00bb. From now on, you only have to share, share and share!<\/p>\n<p><center><iframe loading=\"lazy\" src=\"https:\/\/www.youtube.com\/embed\/rnjWGWhfz5w\" width=\"560\" height=\"315\" frameborder=\"0\" allowfullscreen=\"allowfullscreen\"><\/iframe><\/center><\/p>\n<p align=\"justify\"><strong><a href=\"https:\/\/cimacanarias.com\/en\/things-we-do-in-cima-1-benthic-sample-triad\/\" target=\"_blank\" rel=\"noopener noreferrer\">&#8211; \u00abThings we do in CIMA\u00bb #1: Benthic sample triad.<\/a><\/strong><\/p>\n<p align=\"justify\"><strong><a href=\"https:\/\/cimacanarias.com\/en\/things-we-do-in-cima-2-sea-grass-meadows-cartography\/\" target=\"_blank\" rel=\"noopener noreferrer\">&#8211; \u00abThings we do in CIMA\u00bb #2: Sea grass meadows cartography.<\/a><\/strong><\/p>\n<p align=\"justify\"><strong><a href=\"https:\/\/cimacanarias.com\/en\/things-we-do-in-cima-3-plankton-analysis\/\" target=\"_blank\" rel=\"noopener noreferrer\">&#8211; \u00abThings we do in CIMA\u00bb #3: Plankton analysis.<\/a><\/strong><\/p>\n<p align=\"justify\"><strong><a href=\"https:\/\/cimacanarias.com\/en\/things-we-do-in-cima-4-pollution-indicators\/\" target=\"_blank\" rel=\"noopener noreferrer\">&#8211; \u00abThings we do in CIMA\u00bb #4: Pollution indicators.<\/a><\/strong><\/p>\n<p align=\"justify\"><strong><a href=\"https:\/\/cimacanarias.com\/en\/things-we-do-in-cima-5-sediment-tubes\/\" target=\"_blank\" rel=\"noopener noreferrer\">&#8211; \u00abThings we do in CIMA\u00bb #5: Sediment tubes.<\/a><\/strong><\/p>\n<p align=\"justify\"><strong><a href=\"https:\/\/cimacanarias.com\/en\/things-we-do-in-cima-6-flowmeter\/\" target=\"_blank\" rel=\"noopener noreferrer\">&#8211; \u00abThings we do in CIMA\u00bb #6: Flowmeter.<\/a><\/strong><\/p>\n<p align=\"justify\"><strong><a href=\"https:\/\/cimacanarias.com\/en\/things-we-do-in-cima-7-underwater-quadrants\/\" target=\"_blank\" rel=\"noopener noreferrer\">&#8211; \u00abThings we do in CIMA\u00bb #7: Underwater quadrants.<\/a><\/strong><\/p>\n<p align=\"justify\"><strong><a href=\"https:\/\/cimacanarias.com\/en\/things-we-do-in-cima-8-meiofauna-analysis\/\" target=\"_blank\" rel=\"noopener noreferrer\">&#8211; \u00abThings we do in CIMA\u00bb #8: Meiofauna analysis.<\/a><\/strong><\/p>\n<p align=\"justify\"><strong><a href=\"https:\/\/cimacanarias.com\/en\/things-we-do-in-cima-9-new-partner\/\" target=\"_blank\" rel=\"noopener noreferrer\">&#8211; \u00abThings we do in CIMA\u00bb #9: New partner.<\/a><\/strong><\/p>\n<p align=\"justify\"><strong><a href=\"https:\/\/cimacanarias.com\/en\/things-we-do-in-cima-10-side-scan-sonar\/\" target=\"_blank\" rel=\"noopener noreferrer\">&#8211; \u00abThings we do in CIMA\u00bb #10: Side-scan sonar.<\/a><\/strong><\/p>\n<p align=\"justify\"><strong><a href=\"https:\/\/cimacanarias.com\/en\/things-we-do-in-cima-11-fisheries-and-aquaculture\/\" target=\"_blank\" rel=\"noopener noreferrer\">&#8211; \u00abThings we do in CIMA\u00bb #11: Fisheries and aquaculture.<\/a><\/strong><\/p>\n<p align=\"justify\"><strong><a href=\"https:\/\/cimacanarias.com\/en\/things-we-do-in-cima-12-species-identification\/\" target=\"_blank\" rel=\"noopener noreferrer\">&#8211; \u00abThings we do in CIMA\u00bb #12: Species identification.<\/a><\/strong><\/p>\n<p align=\"justify\"><strong><a href=\"https:\/\/cimacanarias.com\/en\/things-we-do-in-cima-13-dissemination\/\" target=\"_blank\" rel=\"noopener noreferrer\">&#8211; \u00abThings we do in CIMA\u00bb #13: Dissemination.<\/a><\/strong><\/p>\n<p align=\"justify\"><strong><a href=\"https:\/\/cimacanarias.com\/en\/things-we-do-in-cima-14-microbiological-analysis\/\" target=\"_blank\" rel=\"noopener noreferrer\">&#8211; \u00abThings we do in CIMA\u00bb #14: Microbiological analysis.<\/a><\/strong><\/p>\n<p align=\"justify\"><strong><a href=\"https:\/\/cimacanarias.com\/en\/things-we-do-in-cima-15-bathymetry\/\" target=\"_blank\" rel=\"noopener noreferrer\">&#8211; \u00abThings we do in CIMA\u00bb #15: Bathymetry.<\/a><\/strong><\/p>\n<p align=\"justify\"><strong><a href=\"https:\/\/cimacanarias.com\/en\/things-we-do-in-cima-16-rdi\/\" target=\"_blank\" rel=\"noopener noreferrer\">&#8211; \u00abThings we do in CIMA\u00bb #16: R+D+i.<\/a><\/strong><\/p>\n<p align=\"justify\"><strong><a href=\"https:\/\/cimacanarias.com\/en\/things-we-do-in-cima-17-drinking-water-analysis\/\" target=\"_blank\" rel=\"noopener noreferrer\">&#8211; \u00abThings we do in CIMA\u00bb #17: Drinking water analysis.<\/a><\/strong><\/p>\n<p align=\"justify\"><strong><a href=\"https:\/\/cimacanarias.com\/en\/things-we-do-in-cima-18-oceanography\/\" target=\"_blank\" rel=\"noopener noreferrer\">&#8211; \u00abThings we do in CIMA\u00bb #18: Oceanography.<\/a><\/strong><\/p>\n<p align=\"justify\"><strong><a href=\"https:\/\/cimacanarias.com\/en\/things-we-do-in-cima-19-oceanographic-campaign-i\/\" target=\"_blank\" rel=\"noopener noreferrer\">&#8211; \u00abThings we do in CIMA\u00bb #19: Oceanographic Campaign I.<\/a><\/strong><\/p>\n<p align=\"justify\"><strong><a href=\"https:\/\/cimacanarias.com\/en\/things-we-do-in-cima-20-education\/\" target=\"_blank\" rel=\"noopener noreferrer\">&#8211; \u00abThings we do in CIMA\u00bb #20: Education.<\/a><\/strong><\/p>\n<p align=\"justify\"><strong><a href=\"https:\/\/cimacanarias.com\/en\/things-we-do-in-cima-21-research\/\" target=\"_blank\" rel=\"noopener noreferrer\">&#8211; \u00abThings we do in CIMA\u00bb #21: Research.<\/a><\/strong><\/p>\n<p align=\"justify\"><strong><a href=\"https:\/\/cimacanarias.com\/en\/things-we-do-in-cima-22-lyngbya-majuscula\/\" target=\"_blank\" rel=\"noopener noreferrer\">&#8211; \u00abThings we do in CIMA\u00bb #22: <em>Lyngbya majuscula<\/em>.<\/a><\/strong><\/p>\n<p><center><a href=\"https:\/\/cimacanarias.com\/wp-content\/uploads\/2020\/09\/GobCanFSEp.png\"><img loading=\"lazy\" decoding=\"async\" class=\"aligncenter size-full wp-image-1221\" src=\"https:\/\/cimacanarias.com\/wp-content\/uploads\/2020\/09\/GobCanFSEp.png\" alt=\"Acci\u00f3n cofinanciada por la Consejer\u00eda de Econom\u00eda, Industria, Comercio y Conocimiento y el Fondo Social Europeo (FSE)\" width=\"528\" height=\"72\" srcset=\"https:\/\/cimacanarias.com\/wp-content\/uploads\/2020\/09\/GobCanFSEp.png 528w, https:\/\/cimacanarias.com\/wp-content\/uploads\/2020\/09\/GobCanFSEp-300x41.png 300w\" sizes=\"auto, (max-width: 528px) 100vw, 528px\" \/><\/a><\/center><\/p>","protected":false},"excerpt":{"rendered":"<p>From CIMA (Centro de Investigaciones Medioambientales del Atl\u00e1ntico, S.L.) (Atlantic Environmental Research Center), we want to show you what we [&hellip;]<\/p>\n","protected":false},"author":9,"featured_media":0,"parent":0,"menu_order":0,"comment_status":"closed","ping_status":"closed","template":"page-templates\/full-width.php","meta":{"footnotes":""},"class_list":["post-1432","page","type-page","status-publish","hentry"],"yoast_head":"<!-- This site is optimized with the Yoast SEO plugin v27.3 - https:\/\/yoast.com\/product\/yoast-seo-wordpress\/ -->\n<title>Things we do in CIMA - Centro de Investigaciones Medioambientales del Atl\u00e1ntico<\/title>\n<meta name=\"description\" content=\"Centro de Investigaciones Medioambientales del Atl\u00e1ntico, S.L. es una entidad privada especializada en el medio marino que desarrolla asistencias t\u00e9cnicas, proyectos de gesti\u00f3n, an\u00e1lisis e investigaciones marinas.\" \/>\n<meta name=\"robots\" content=\"index, follow, max-snippet:-1, max-image-preview:large, max-video-preview:-1\" \/>\n<link rel=\"canonical\" href=\"https:\/\/cimacanarias.com\/en\/things-we-do-in-cima\/\" \/>\n<meta property=\"og:locale\" content=\"en_GB\" \/>\n<meta property=\"og:type\" content=\"article\" \/>\n<meta property=\"og:title\" content=\"Things we do in CIMA - Centro de Investigaciones Medioambientales del Atl\u00e1ntico\" \/>\n<meta property=\"og:description\" content=\"Centro de Investigaciones Medioambientales del Atl\u00e1ntico, S.L. es una entidad privada especializada en el medio marino que desarrolla asistencias t\u00e9cnicas, proyectos de gesti\u00f3n, an\u00e1lisis e investigaciones marinas.\" \/>\n<meta property=\"og:url\" content=\"https:\/\/cimacanarias.com\/en\/things-we-do-in-cima\/\" \/>\n<meta property=\"og:site_name\" content=\"Centro de Investigaciones Medioambientales del Atl\u00e1ntico\" \/>\n<meta property=\"article:modified_time\" content=\"2022-05-17T10:14:45+00:00\" \/>\n<meta property=\"og:image\" content=\"https:\/\/cimacanarias.com\/wp-content\/uploads\/2020\/11\/cosas_EN.jpg\" \/>\n<meta name=\"twitter:card\" content=\"summary_large_image\" \/>\n<meta name=\"twitter:label1\" content=\"Estimated reading time\" \/>\n\t<meta name=\"twitter:data1\" content=\"3 minutes\" \/>\n<script type=\"application\/ld+json\" class=\"yoast-schema-graph\">{\"@context\":\"https:\\\/\\\/schema.org\",\"@graph\":[{\"@type\":\"WebPage\",\"@id\":\"https:\\\/\\\/cimacanarias.com\\\/things-we-do-in-cima\\\/\",\"url\":\"https:\\\/\\\/cimacanarias.com\\\/things-we-do-in-cima\\\/\",\"name\":\"Things we do in CIMA - Centro de Investigaciones Medioambientales del Atl\u00e1ntico\",\"isPartOf\":{\"@id\":\"https:\\\/\\\/cimacanarias.com\\\/#website\"},\"primaryImageOfPage\":{\"@id\":\"https:\\\/\\\/cimacanarias.com\\\/things-we-do-in-cima\\\/#primaryimage\"},\"image\":{\"@id\":\"https:\\\/\\\/cimacanarias.com\\\/things-we-do-in-cima\\\/#primaryimage\"},\"thumbnailUrl\":\"https:\\\/\\\/cimacanarias.com\\\/wp-content\\\/uploads\\\/2020\\\/11\\\/cosas_EN.jpg\",\"datePublished\":\"2020-11-12T11:03:59+00:00\",\"dateModified\":\"2022-05-17T10:14:45+00:00\",\"description\":\"Centro de Investigaciones Medioambientales del Atl\u00e1ntico, S.L. es una entidad privada especializada en el medio marino que desarrolla asistencias t\u00e9cnicas, proyectos de gesti\u00f3n, an\u00e1lisis e investigaciones marinas.\",\"breadcrumb\":{\"@id\":\"https:\\\/\\\/cimacanarias.com\\\/things-we-do-in-cima\\\/#breadcrumb\"},\"inLanguage\":\"en-GB\",\"potentialAction\":[{\"@type\":\"ReadAction\",\"target\":[\"https:\\\/\\\/cimacanarias.com\\\/things-we-do-in-cima\\\/\"]}]},{\"@type\":\"ImageObject\",\"inLanguage\":\"en-GB\",\"@id\":\"https:\\\/\\\/cimacanarias.com\\\/things-we-do-in-cima\\\/#primaryimage\",\"url\":\"https:\\\/\\\/cimacanarias.com\\\/wp-content\\\/uploads\\\/2020\\\/11\\\/cosas_EN.jpg\",\"contentUrl\":\"https:\\\/\\\/cimacanarias.com\\\/wp-content\\\/uploads\\\/2020\\\/11\\\/cosas_EN.jpg\"},{\"@type\":\"BreadcrumbList\",\"@id\":\"https:\\\/\\\/cimacanarias.com\\\/things-we-do-in-cima\\\/#breadcrumb\",\"itemListElement\":[{\"@type\":\"ListItem\",\"position\":1,\"name\":\"Portada\",\"item\":\"https:\\\/\\\/cimacanarias.com\\\/\"},{\"@type\":\"ListItem\",\"position\":2,\"name\":\"Things we do in CIMA\"}]},{\"@type\":\"WebSite\",\"@id\":\"https:\\\/\\\/cimacanarias.com\\\/#website\",\"url\":\"https:\\\/\\\/cimacanarias.com\\\/\",\"name\":\"Centro de Investigaciones Medioambientales del Atl\u00e1ntico\",\"description\":\"Centro de Investigaciones Medioambientales del Atl\u00e1ntico, S.L. es una consultora ambiental especializada en el medio marino que desarrolla asistencias t\u00e9cnicas, proyectos de gesti\u00f3n, an\u00e1lisis e investigaciones marinas.\",\"publisher\":{\"@id\":\"https:\\\/\\\/cimacanarias.com\\\/#organization\"},\"potentialAction\":[{\"@type\":\"SearchAction\",\"target\":{\"@type\":\"EntryPoint\",\"urlTemplate\":\"https:\\\/\\\/cimacanarias.com\\\/?s={search_term_string}\"},\"query-input\":{\"@type\":\"PropertyValueSpecification\",\"valueRequired\":true,\"valueName\":\"search_term_string\"}}],\"inLanguage\":\"en-GB\"},{\"@type\":\"Organization\",\"@id\":\"https:\\\/\\\/cimacanarias.com\\\/#organization\",\"name\":\"Centro de Investigaciones Medioambientales del Atl\u00e1ntico, S.L.\",\"url\":\"https:\\\/\\\/cimacanarias.com\\\/\",\"logo\":{\"@type\":\"ImageObject\",\"inLanguage\":\"en-GB\",\"@id\":\"https:\\\/\\\/cimacanarias.com\\\/#\\\/schema\\\/logo\\\/image\\\/\",\"url\":\"https:\\\/\\\/cimacanarias.com\\\/wp-content\\\/uploads\\\/2020\\\/06\\\/logo.png\",\"contentUrl\":\"https:\\\/\\\/cimacanarias.com\\\/wp-content\\\/uploads\\\/2020\\\/06\\\/logo.png\",\"width\":227,\"height\":80,\"caption\":\"Centro de Investigaciones Medioambientales del Atl\u00e1ntico, S.L.\"},\"image\":{\"@id\":\"https:\\\/\\\/cimacanarias.com\\\/#\\\/schema\\\/logo\\\/image\\\/\"}}]}<\/script>\n<!-- \/ Yoast SEO plugin. -->","yoast_head_json":{"title":"Things we do in CIMA - Centro de Investigaciones Medioambientales del Atl\u00e1ntico","description":"Centro de Investigaciones Medioambientales del Atl\u00e1ntico, S.L. es una entidad privada especializada en el medio marino que desarrolla asistencias t\u00e9cnicas, proyectos de gesti\u00f3n, an\u00e1lisis e investigaciones marinas.","robots":{"index":"index","follow":"follow","max-snippet":"max-snippet:-1","max-image-preview":"max-image-preview:large","max-video-preview":"max-video-preview:-1"},"canonical":"https:\/\/cimacanarias.com\/en\/things-we-do-in-cima\/","og_locale":"en_GB","og_type":"article","og_title":"Things we do in CIMA - Centro de Investigaciones Medioambientales del Atl\u00e1ntico","og_description":"Centro de Investigaciones Medioambientales del Atl\u00e1ntico, S.L. es una entidad privada especializada en el medio marino que desarrolla asistencias t\u00e9cnicas, proyectos de gesti\u00f3n, an\u00e1lisis e investigaciones marinas.","og_url":"https:\/\/cimacanarias.com\/en\/things-we-do-in-cima\/","og_site_name":"Centro de Investigaciones Medioambientales del Atl\u00e1ntico","article_modified_time":"2022-05-17T10:14:45+00:00","og_image":[{"url":"https:\/\/cimacanarias.com\/wp-content\/uploads\/2020\/11\/cosas_EN.jpg","type":"","width":"","height":""}],"twitter_card":"summary_large_image","twitter_misc":{"Estimated reading time":"3 minutes"},"schema":{"@context":"https:\/\/schema.org","@graph":[{"@type":"WebPage","@id":"https:\/\/cimacanarias.com\/things-we-do-in-cima\/","url":"https:\/\/cimacanarias.com\/things-we-do-in-cima\/","name":"Things we do in CIMA - Centro de Investigaciones Medioambientales del Atl\u00e1ntico","isPartOf":{"@id":"https:\/\/cimacanarias.com\/#website"},"primaryImageOfPage":{"@id":"https:\/\/cimacanarias.com\/things-we-do-in-cima\/#primaryimage"},"image":{"@id":"https:\/\/cimacanarias.com\/things-we-do-in-cima\/#primaryimage"},"thumbnailUrl":"https:\/\/cimacanarias.com\/wp-content\/uploads\/2020\/11\/cosas_EN.jpg","datePublished":"2020-11-12T11:03:59+00:00","dateModified":"2022-05-17T10:14:45+00:00","description":"Centro de Investigaciones Medioambientales del Atl\u00e1ntico, S.L. es una entidad privada especializada en el medio marino que desarrolla asistencias t\u00e9cnicas, proyectos de gesti\u00f3n, an\u00e1lisis e investigaciones marinas.","breadcrumb":{"@id":"https:\/\/cimacanarias.com\/things-we-do-in-cima\/#breadcrumb"},"inLanguage":"en-GB","potentialAction":[{"@type":"ReadAction","target":["https:\/\/cimacanarias.com\/things-we-do-in-cima\/"]}]},{"@type":"ImageObject","inLanguage":"en-GB","@id":"https:\/\/cimacanarias.com\/things-we-do-in-cima\/#primaryimage","url":"https:\/\/cimacanarias.com\/wp-content\/uploads\/2020\/11\/cosas_EN.jpg","contentUrl":"https:\/\/cimacanarias.com\/wp-content\/uploads\/2020\/11\/cosas_EN.jpg"},{"@type":"BreadcrumbList","@id":"https:\/\/cimacanarias.com\/things-we-do-in-cima\/#breadcrumb","itemListElement":[{"@type":"ListItem","position":1,"name":"Portada","item":"https:\/\/cimacanarias.com\/"},{"@type":"ListItem","position":2,"name":"Things we do in CIMA"}]},{"@type":"WebSite","@id":"https:\/\/cimacanarias.com\/#website","url":"https:\/\/cimacanarias.com\/","name":"Atlantic Center for Environmental Research","description":"Centro de Investigaciones Medioambientales del Atl\u00e1ntico, S.L. es una consultora ambiental especializada en el medio marino que desarrolla asistencias t\u00e9cnicas, proyectos de gesti\u00f3n, an\u00e1lisis e investigaciones marinas.","publisher":{"@id":"https:\/\/cimacanarias.com\/#organization"},"potentialAction":[{"@type":"SearchAction","target":{"@type":"EntryPoint","urlTemplate":"https:\/\/cimacanarias.com\/?s={search_term_string}"},"query-input":{"@type":"PropertyValueSpecification","valueRequired":true,"valueName":"search_term_string"}}],"inLanguage":"en-GB"},{"@type":"Organization","@id":"https:\/\/cimacanarias.com\/#organization","name":"Centro de Investigaciones Medioambientales del Atl\u00e1ntico, S.L.","url":"https:\/\/cimacanarias.com\/","logo":{"@type":"ImageObject","inLanguage":"en-GB","@id":"https:\/\/cimacanarias.com\/#\/schema\/logo\/image\/","url":"https:\/\/cimacanarias.com\/wp-content\/uploads\/2020\/06\/logo.png","contentUrl":"https:\/\/cimacanarias.com\/wp-content\/uploads\/2020\/06\/logo.png","width":227,"height":80,"caption":"Centro de Investigaciones Medioambientales del Atl\u00e1ntico, S.L."},"image":{"@id":"https:\/\/cimacanarias.com\/#\/schema\/logo\/image\/"}}]}},"_links":{"self":[{"href":"https:\/\/cimacanarias.com\/en\/wp-json\/wp\/v2\/pages\/1432","targetHints":{"allow":["GET"]}}],"collection":[{"href":"https:\/\/cimacanarias.com\/en\/wp-json\/wp\/v2\/pages"}],"about":[{"href":"https:\/\/cimacanarias.com\/en\/wp-json\/wp\/v2\/types\/page"}],"author":[{"embeddable":true,"href":"https:\/\/cimacanarias.com\/en\/wp-json\/wp\/v2\/users\/9"}],"replies":[{"embeddable":true,"href":"https:\/\/cimacanarias.com\/en\/wp-json\/wp\/v2\/comments?post=1432"}],"version-history":[{"count":9,"href":"https:\/\/cimacanarias.com\/en\/wp-json\/wp\/v2\/pages\/1432\/revisions"}],"predecessor-version":[{"id":2180,"href":"https:\/\/cimacanarias.com\/en\/wp-json\/wp\/v2\/pages\/1432\/revisions\/2180"}],"wp:attachment":[{"href":"https:\/\/cimacanarias.com\/en\/wp-json\/wp\/v2\/media?parent=1432"}],"curies":[{"name":"wp","href":"https:\/\/api.w.org\/{rel}","templated":true}]}}