{"id":1464,"date":"2020-11-13T12:53:55","date_gmt":"2020-11-13T12:53:55","guid":{"rendered":"http:\/\/cimacanarias.com\/?page_id=1464"},"modified":"2022-05-17T10:15:24","modified_gmt":"2022-05-17T10:15:24","slug":"things-we-do-in-cima-10-side-scan-sonar","status":"publish","type":"page","link":"https:\/\/cimacanarias.com\/en\/things-we-do-in-cima-10-side-scan-sonar\/","title":{"rendered":"Things we do in CIMA 10: Side-scan sonar"},"content":{"rendered":"<p align=\"justify\"><a href=\"https:\/\/cimacanarias.com\/wp-content\/uploads\/2020\/07\/cosas10.jpg\"><img loading=\"lazy\" decoding=\"async\" class=\"alignright wp-image-919\" src=\"https:\/\/cimacanarias.com\/wp-content\/uploads\/2020\/07\/cosas10.jpg\" alt=\"\" width=\"400\" height=\"400\" srcset=\"https:\/\/cimacanarias.com\/wp-content\/uploads\/2020\/07\/cosas10.jpg 550w, https:\/\/cimacanarias.com\/wp-content\/uploads\/2020\/07\/cosas10-300x300.jpg 300w, https:\/\/cimacanarias.com\/wp-content\/uploads\/2020\/07\/cosas10-150x150.jpg 150w\" sizes=\"auto, (max-width: 400px) 100vw, 400px\" \/><\/a>From CIMA (Centro de Investigaciones Medioambientales del Atl\u00e1ntico, S.L.) (Atlantic Environmental Research Center), we want to show you what we do in and out our offices.<\/p>\n<p align=\"justify\">On this page you can find a series of small videos called \u00abThings we do in CIMA\u00bb, which will help us to explain what we do and how we do it. All this to approach the world of marine biology and oceanography.<\/p>\n<p align=\"justify\">\n<p><strong>&#8211; \u00abThings we do in CIMA\u00bb #10: Side-scan sonar:<\/strong> As you already know, because of our <a href=\"http:\/\/www.cimacanarias.com\/index.php\/blog-noticias\" target=\"_blank\" rel=\"noopener noreferrer\"><strong>blog articles<\/strong><\/a> (Spanish) and <a href=\"http:\/\/www.cimacanarias.com\/index.php\/projects\/cartography\" target=\"_blank\" rel=\"noopener noreferrer\"><strong>our projects website<\/strong><\/a>, <a href=\"https:\/\/en.wikipedia.org\/wiki\/Cartography\" target=\"_blank\" rel=\"noopener noreferrer\"><strong>cartography<\/strong><\/a> is very important for our research, we even have specifically <a href=\"http:\/\/www.cimacanarias.com\/index.php\/us\/what-we-do-in-cima\/2-sea-grass-meadows-cartography\" target=\"_blank\" rel=\"noopener noreferrer\"><strong>based projects <\/strong><\/a><strong><a href=\"http:\/\/www.cimacanarias.com\/index.php\/us\/what-we-do-in-cima\/2-sea-grass-meadows-cartography\" target=\"_blank\" rel=\"noopener noreferrer\">on it<\/a><\/strong>.<\/p>\n<p>Currently, we have a new element that helps us obtain much more detailed and precise results:<\/p>\n<p>It is a <a href=\"https:\/\/en.wikipedia.org\/wiki\/Side-scan_sonar\" target=\"_blank\" rel=\"noopener noreferrer\"><strong>Side-scan sonar<\/strong><\/a>.<\/p>\n<p>This device uses the <a href=\"https:\/\/en.wikipedia.org\/wiki\/Sonar\" target=\"_blank\" rel=\"noopener noreferrer\"><strong>propagation of sound under water<\/strong><\/a> to obtain seabed surface digital images. The acoustic signals emitted by the sonar are reflected by the seabed and the objects on it, creating an image. If we use high frequencies, the obtained images are of better resolution, but the radius of action is lost, and vice versa. Therefore it is advisable to use equipment that simultaneously emit pulses of high and low frequency.<\/p>\n<p>Its most common applications include the detailed habitats and seabed communities mapping, location of pipes, viaducts or cables, the search for objects or submerged archaeological sites and the location of shipwrecks.<\/p>\n<p>You have more information in our <a href=\"http:\/\/www.cimacanarias.com\/index.php\/blog-noticias\/265-blog7-cartografia\" target=\"_blank\" rel=\"noopener noreferrer\"><strong>cartography<\/strong><\/a> and our <a href=\"http:\/\/www.cimacanarias.com\/index.php\/blog-noticias\/265-blog7-cartografia\" target=\"_blank\" rel=\"noopener noreferrer\"><strong>side-scan sonar<\/strong><\/a> articles (Spanish)! \ud83d\ude09<\/p>\n<p>&nbsp;<\/p>\n<p><a href=\"https:\/\/cimacanarias.com\/en\/descargas\/cosas\/Cosas_CIMA_10_P_ES.mp4\/\" target=\"_blank\" rel=\"noopener noreferrer\"><strong>Download to share by WhatsApp<\/strong><\/a> (4.6Mb).Remember, to download the video from the phone, click the link. If you are asked, choose to open the video with the browser and, once opened, keep your finger on it until you get a poster of this style: \u00abSave Video\u00bb. From now on, you only have to share, share and share!<\/p>\n<p>&nbsp;<\/p>\n<p><center><iframe loading=\"lazy\" src=\"https:\/\/www.youtube.com\/embed\/H9ZEqheP9JE\" allowfullscreen=\"allowfullscreen\" width=\"560\" height=\"315\" frameborder=\"0\"><\/iframe><\/center>&nbsp;<\/p>\n<p>&nbsp;<\/p>\n<p><center><a href=\"https:\/\/cimacanarias.com\/wp-content\/uploads\/2020\/09\/GobCanFSEp.png\"><img loading=\"lazy\" decoding=\"async\" class=\"aligncenter size-full wp-image-1221\" src=\"https:\/\/cimacanarias.com\/wp-content\/uploads\/2020\/09\/GobCanFSEp.png\" alt=\"Acci\u00f3n cofinanciada por la Consejer\u00eda de Econom\u00eda, Industria, Comercio y Conocimiento y el Fondo Social Europeo (FSE)\" width=\"528\" height=\"72\" srcset=\"https:\/\/cimacanarias.com\/wp-content\/uploads\/2020\/09\/GobCanFSEp.png 528w, https:\/\/cimacanarias.com\/wp-content\/uploads\/2020\/09\/GobCanFSEp-300x41.png 300w\" sizes=\"auto, (max-width: 528px) 100vw, 528px\" \/><\/a><\/center>&nbsp;<\/p>","protected":false},"excerpt":{"rendered":"<p>From CIMA (Centro de Investigaciones Medioambientales del Atl\u00e1ntico, S.L.) (Atlantic Environmental Research Center), we want to show you what we [&hellip;]<\/p>\n","protected":false},"author":9,"featured_media":0,"parent":0,"menu_order":0,"comment_status":"closed","ping_status":"closed","template":"","meta":{"footnotes":""},"class_list":["post-1464","page","type-page","status-publish","hentry"],"yoast_head":"<!-- This site is optimized with the Yoast SEO plugin v27.3 - https:\/\/yoast.com\/product\/yoast-seo-wordpress\/ -->\n<title>Things we do in CIMA 10: Side-scan sonar - Centro de Investigaciones Medioambientales del Atl\u00e1ntico<\/title>\n<meta name=\"description\" content=\"Centro de Investigaciones Medioambientales del Atl\u00e1ntico, S.L. es una entidad privada especializada en el medio marino que desarrolla asistencias t\u00e9cnicas, proyectos de gesti\u00f3n, an\u00e1lisis e investigaciones marinas.\" \/>\n<meta name=\"robots\" content=\"index, follow, max-snippet:-1, max-image-preview:large, max-video-preview:-1\" \/>\n<link rel=\"canonical\" href=\"https:\/\/cimacanarias.com\/en\/things-we-do-in-cima-10-side-scan-sonar\/\" \/>\n<meta property=\"og:locale\" content=\"en_GB\" \/>\n<meta property=\"og:type\" content=\"article\" \/>\n<meta property=\"og:title\" content=\"Things we do in CIMA 10: Side-scan sonar - Centro de Investigaciones Medioambientales del Atl\u00e1ntico\" \/>\n<meta property=\"og:description\" content=\"Centro de Investigaciones Medioambientales del Atl\u00e1ntico, S.L. es una entidad privada especializada en el medio marino que desarrolla asistencias t\u00e9cnicas, proyectos de gesti\u00f3n, an\u00e1lisis e investigaciones marinas.\" \/>\n<meta property=\"og:url\" content=\"https:\/\/cimacanarias.com\/en\/things-we-do-in-cima-10-side-scan-sonar\/\" \/>\n<meta property=\"og:site_name\" content=\"Centro de Investigaciones Medioambientales del Atl\u00e1ntico\" \/>\n<meta property=\"article:modified_time\" content=\"2022-05-17T10:15:24+00:00\" \/>\n<meta property=\"og:image\" content=\"https:\/\/cimacanarias.com\/wp-content\/uploads\/2020\/07\/cosas10.jpg\" \/>\n<meta name=\"twitter:card\" content=\"summary_large_image\" \/>\n<meta name=\"twitter:label1\" content=\"Estimated reading time\" \/>\n\t<meta name=\"twitter:data1\" content=\"2 minutes\" \/>\n<script type=\"application\/ld+json\" class=\"yoast-schema-graph\">{\"@context\":\"https:\\\/\\\/schema.org\",\"@graph\":[{\"@type\":\"WebPage\",\"@id\":\"https:\\\/\\\/cimacanarias.com\\\/things-we-do-in-cima-10-side-scan-sonar\\\/\",\"url\":\"https:\\\/\\\/cimacanarias.com\\\/things-we-do-in-cima-10-side-scan-sonar\\\/\",\"name\":\"Things we do in CIMA 10: Side-scan sonar - Centro de Investigaciones Medioambientales del Atl\u00e1ntico\",\"isPartOf\":{\"@id\":\"https:\\\/\\\/cimacanarias.com\\\/#website\"},\"primaryImageOfPage\":{\"@id\":\"https:\\\/\\\/cimacanarias.com\\\/things-we-do-in-cima-10-side-scan-sonar\\\/#primaryimage\"},\"image\":{\"@id\":\"https:\\\/\\\/cimacanarias.com\\\/things-we-do-in-cima-10-side-scan-sonar\\\/#primaryimage\"},\"thumbnailUrl\":\"https:\\\/\\\/cimacanarias.com\\\/wp-content\\\/uploads\\\/2020\\\/07\\\/cosas10.jpg\",\"datePublished\":\"2020-11-13T12:53:55+00:00\",\"dateModified\":\"2022-05-17T10:15:24+00:00\",\"description\":\"Centro de Investigaciones Medioambientales del Atl\u00e1ntico, S.L. es una entidad privada especializada en el medio marino que desarrolla asistencias t\u00e9cnicas, proyectos de gesti\u00f3n, an\u00e1lisis e investigaciones marinas.\",\"breadcrumb\":{\"@id\":\"https:\\\/\\\/cimacanarias.com\\\/things-we-do-in-cima-10-side-scan-sonar\\\/#breadcrumb\"},\"inLanguage\":\"en-GB\",\"potentialAction\":[{\"@type\":\"ReadAction\",\"target\":[\"https:\\\/\\\/cimacanarias.com\\\/things-we-do-in-cima-10-side-scan-sonar\\\/\"]}]},{\"@type\":\"ImageObject\",\"inLanguage\":\"en-GB\",\"@id\":\"https:\\\/\\\/cimacanarias.com\\\/things-we-do-in-cima-10-side-scan-sonar\\\/#primaryimage\",\"url\":\"https:\\\/\\\/cimacanarias.com\\\/wp-content\\\/uploads\\\/2020\\\/07\\\/cosas10.jpg\",\"contentUrl\":\"https:\\\/\\\/cimacanarias.com\\\/wp-content\\\/uploads\\\/2020\\\/07\\\/cosas10.jpg\"},{\"@type\":\"BreadcrumbList\",\"@id\":\"https:\\\/\\\/cimacanarias.com\\\/things-we-do-in-cima-10-side-scan-sonar\\\/#breadcrumb\",\"itemListElement\":[{\"@type\":\"ListItem\",\"position\":1,\"name\":\"Portada\",\"item\":\"https:\\\/\\\/cimacanarias.com\\\/\"},{\"@type\":\"ListItem\",\"position\":2,\"name\":\"Things we do in CIMA 10: Side-scan sonar\"}]},{\"@type\":\"WebSite\",\"@id\":\"https:\\\/\\\/cimacanarias.com\\\/#website\",\"url\":\"https:\\\/\\\/cimacanarias.com\\\/\",\"name\":\"Centro de Investigaciones Medioambientales del Atl\u00e1ntico\",\"description\":\"Centro de Investigaciones Medioambientales del Atl\u00e1ntico, S.L. es una consultora ambiental especializada en el medio marino que desarrolla asistencias t\u00e9cnicas, proyectos de gesti\u00f3n, an\u00e1lisis e investigaciones marinas.\",\"publisher\":{\"@id\":\"https:\\\/\\\/cimacanarias.com\\\/#organization\"},\"potentialAction\":[{\"@type\":\"SearchAction\",\"target\":{\"@type\":\"EntryPoint\",\"urlTemplate\":\"https:\\\/\\\/cimacanarias.com\\\/?s={search_term_string}\"},\"query-input\":{\"@type\":\"PropertyValueSpecification\",\"valueRequired\":true,\"valueName\":\"search_term_string\"}}],\"inLanguage\":\"en-GB\"},{\"@type\":\"Organization\",\"@id\":\"https:\\\/\\\/cimacanarias.com\\\/#organization\",\"name\":\"Centro de Investigaciones Medioambientales del Atl\u00e1ntico, S.L.\",\"url\":\"https:\\\/\\\/cimacanarias.com\\\/\",\"logo\":{\"@type\":\"ImageObject\",\"inLanguage\":\"en-GB\",\"@id\":\"https:\\\/\\\/cimacanarias.com\\\/#\\\/schema\\\/logo\\\/image\\\/\",\"url\":\"https:\\\/\\\/cimacanarias.com\\\/wp-content\\\/uploads\\\/2020\\\/06\\\/logo.png\",\"contentUrl\":\"https:\\\/\\\/cimacanarias.com\\\/wp-content\\\/uploads\\\/2020\\\/06\\\/logo.png\",\"width\":227,\"height\":80,\"caption\":\"Centro de Investigaciones Medioambientales del Atl\u00e1ntico, S.L.\"},\"image\":{\"@id\":\"https:\\\/\\\/cimacanarias.com\\\/#\\\/schema\\\/logo\\\/image\\\/\"}}]}<\/script>\n<!-- \/ Yoast SEO plugin. -->","yoast_head_json":{"title":"Things we do in CIMA 10: Side-scan sonar - Centro de Investigaciones Medioambientales del Atl\u00e1ntico","description":"Centro de Investigaciones Medioambientales del Atl\u00e1ntico, S.L. es una entidad privada especializada en el medio marino que desarrolla asistencias t\u00e9cnicas, proyectos de gesti\u00f3n, an\u00e1lisis e investigaciones marinas.","robots":{"index":"index","follow":"follow","max-snippet":"max-snippet:-1","max-image-preview":"max-image-preview:large","max-video-preview":"max-video-preview:-1"},"canonical":"https:\/\/cimacanarias.com\/en\/things-we-do-in-cima-10-side-scan-sonar\/","og_locale":"en_GB","og_type":"article","og_title":"Things we do in CIMA 10: Side-scan sonar - Centro de Investigaciones Medioambientales del Atl\u00e1ntico","og_description":"Centro de Investigaciones Medioambientales del Atl\u00e1ntico, S.L. es una entidad privada especializada en el medio marino que desarrolla asistencias t\u00e9cnicas, proyectos de gesti\u00f3n, an\u00e1lisis e investigaciones marinas.","og_url":"https:\/\/cimacanarias.com\/en\/things-we-do-in-cima-10-side-scan-sonar\/","og_site_name":"Centro de Investigaciones Medioambientales del Atl\u00e1ntico","article_modified_time":"2022-05-17T10:15:24+00:00","og_image":[{"url":"https:\/\/cimacanarias.com\/wp-content\/uploads\/2020\/07\/cosas10.jpg","type":"","width":"","height":""}],"twitter_card":"summary_large_image","twitter_misc":{"Estimated reading time":"2 minutes"},"schema":{"@context":"https:\/\/schema.org","@graph":[{"@type":"WebPage","@id":"https:\/\/cimacanarias.com\/things-we-do-in-cima-10-side-scan-sonar\/","url":"https:\/\/cimacanarias.com\/things-we-do-in-cima-10-side-scan-sonar\/","name":"Things we do in CIMA 10: Side-scan sonar - Centro de Investigaciones Medioambientales del Atl\u00e1ntico","isPartOf":{"@id":"https:\/\/cimacanarias.com\/#website"},"primaryImageOfPage":{"@id":"https:\/\/cimacanarias.com\/things-we-do-in-cima-10-side-scan-sonar\/#primaryimage"},"image":{"@id":"https:\/\/cimacanarias.com\/things-we-do-in-cima-10-side-scan-sonar\/#primaryimage"},"thumbnailUrl":"https:\/\/cimacanarias.com\/wp-content\/uploads\/2020\/07\/cosas10.jpg","datePublished":"2020-11-13T12:53:55+00:00","dateModified":"2022-05-17T10:15:24+00:00","description":"Centro de Investigaciones Medioambientales del Atl\u00e1ntico, S.L. es una entidad privada especializada en el medio marino que desarrolla asistencias t\u00e9cnicas, proyectos de gesti\u00f3n, an\u00e1lisis e investigaciones marinas.","breadcrumb":{"@id":"https:\/\/cimacanarias.com\/things-we-do-in-cima-10-side-scan-sonar\/#breadcrumb"},"inLanguage":"en-GB","potentialAction":[{"@type":"ReadAction","target":["https:\/\/cimacanarias.com\/things-we-do-in-cima-10-side-scan-sonar\/"]}]},{"@type":"ImageObject","inLanguage":"en-GB","@id":"https:\/\/cimacanarias.com\/things-we-do-in-cima-10-side-scan-sonar\/#primaryimage","url":"https:\/\/cimacanarias.com\/wp-content\/uploads\/2020\/07\/cosas10.jpg","contentUrl":"https:\/\/cimacanarias.com\/wp-content\/uploads\/2020\/07\/cosas10.jpg"},{"@type":"BreadcrumbList","@id":"https:\/\/cimacanarias.com\/things-we-do-in-cima-10-side-scan-sonar\/#breadcrumb","itemListElement":[{"@type":"ListItem","position":1,"name":"Portada","item":"https:\/\/cimacanarias.com\/"},{"@type":"ListItem","position":2,"name":"Things we do in CIMA 10: Side-scan sonar"}]},{"@type":"WebSite","@id":"https:\/\/cimacanarias.com\/#website","url":"https:\/\/cimacanarias.com\/","name":"Atlantic Center for Environmental Research","description":"Centro de Investigaciones Medioambientales del Atl\u00e1ntico, S.L. es una consultora ambiental especializada en el medio marino que desarrolla asistencias t\u00e9cnicas, proyectos de gesti\u00f3n, an\u00e1lisis e investigaciones marinas.","publisher":{"@id":"https:\/\/cimacanarias.com\/#organization"},"potentialAction":[{"@type":"SearchAction","target":{"@type":"EntryPoint","urlTemplate":"https:\/\/cimacanarias.com\/?s={search_term_string}"},"query-input":{"@type":"PropertyValueSpecification","valueRequired":true,"valueName":"search_term_string"}}],"inLanguage":"en-GB"},{"@type":"Organization","@id":"https:\/\/cimacanarias.com\/#organization","name":"Centro de Investigaciones Medioambientales del Atl\u00e1ntico, S.L.","url":"https:\/\/cimacanarias.com\/","logo":{"@type":"ImageObject","inLanguage":"en-GB","@id":"https:\/\/cimacanarias.com\/#\/schema\/logo\/image\/","url":"https:\/\/cimacanarias.com\/wp-content\/uploads\/2020\/06\/logo.png","contentUrl":"https:\/\/cimacanarias.com\/wp-content\/uploads\/2020\/06\/logo.png","width":227,"height":80,"caption":"Centro de Investigaciones Medioambientales del Atl\u00e1ntico, S.L."},"image":{"@id":"https:\/\/cimacanarias.com\/#\/schema\/logo\/image\/"}}]}},"_links":{"self":[{"href":"https:\/\/cimacanarias.com\/en\/wp-json\/wp\/v2\/pages\/1464","targetHints":{"allow":["GET"]}}],"collection":[{"href":"https:\/\/cimacanarias.com\/en\/wp-json\/wp\/v2\/pages"}],"about":[{"href":"https:\/\/cimacanarias.com\/en\/wp-json\/wp\/v2\/types\/page"}],"author":[{"embeddable":true,"href":"https:\/\/cimacanarias.com\/en\/wp-json\/wp\/v2\/users\/9"}],"replies":[{"embeddable":true,"href":"https:\/\/cimacanarias.com\/en\/wp-json\/wp\/v2\/comments?post=1464"}],"version-history":[{"count":2,"href":"https:\/\/cimacanarias.com\/en\/wp-json\/wp\/v2\/pages\/1464\/revisions"}],"predecessor-version":[{"id":1519,"href":"https:\/\/cimacanarias.com\/en\/wp-json\/wp\/v2\/pages\/1464\/revisions\/1519"}],"wp:attachment":[{"href":"https:\/\/cimacanarias.com\/en\/wp-json\/wp\/v2\/media?parent=1464"}],"curies":[{"name":"wp","href":"https:\/\/api.w.org\/{rel}","templated":true}]}}