{"id":1472,"date":"2020-11-13T15:25:17","date_gmt":"2020-11-13T15:25:17","guid":{"rendered":"http:\/\/cimacanarias.com\/?page_id=1472"},"modified":"2022-05-17T10:16:46","modified_gmt":"2022-05-17T10:16:46","slug":"things-we-do-in-cima-14-microbiological-analysis","status":"publish","type":"page","link":"https:\/\/cimacanarias.com\/en\/things-we-do-in-cima-14-microbiological-analysis\/","title":{"rendered":"Things we do in CIMA 14: Microbiological analysis"},"content":{"rendered":"<p align=\"justify\"><a href=\"https:\/\/cimacanarias.com\/wp-content\/uploads\/2020\/07\/cosas14.jpg\"><img loading=\"lazy\" decoding=\"async\" class=\"alignright wp-image-934\" src=\"https:\/\/cimacanarias.com\/wp-content\/uploads\/2020\/07\/cosas14.jpg\" alt=\"\" width=\"400\" height=\"400\" srcset=\"https:\/\/cimacanarias.com\/wp-content\/uploads\/2020\/07\/cosas14.jpg 550w, https:\/\/cimacanarias.com\/wp-content\/uploads\/2020\/07\/cosas14-300x300.jpg 300w, https:\/\/cimacanarias.com\/wp-content\/uploads\/2020\/07\/cosas14-150x150.jpg 150w\" sizes=\"auto, (max-width: 400px) 100vw, 400px\" \/><\/a>From CIMA (Centro de Investigaciones Medioambientales del Atl\u00e1ntico, S.L.) (Atlantic Environmental Research Center), we want to show you what we do in and out our offices.<\/p>\n<p align=\"justify\">On this page you can find a series of small videos called \u00abThings we do in CIMA\u00bb, which will help us to explain what we do and how we do it. All this to approach the world of marine biology and oceanography.<\/p>\n<p align=\"justify\">\n<p><strong>&#8211; \u00abThings we do in CIMA\u00bb #14: Microbiological analysis:<\/strong><\/p>\n<p>As you have seen in our <a href=\"https:\/\/cimacanarias.com\/en\/things-we-do-in-cima-6-flowmeter\/\"><strong>flowmeter video<\/strong><\/a>, some of our services are closely linked to wastewater in general. Flow measurements, pollution levels or checking wastewater emissions legality are some of these services.<\/p>\n<p>One of our tasks is collecting samples in different points of the sewage system to analyze several parameters. Some of which are our microbiological analysis, with which we can know tipped water quality.<\/p>\n<p>Among other parameters, we usually measure health harmful <a href=\"https:\/\/en.wikipedia.org\/wiki\/Bacteria\" target=\"_blank\" rel=\"noopener noreferrer\"><strong>bacteria<\/strong><\/a> presence and concentration, such as <a href=\"https:\/\/en.wikipedia.org\/wiki\/Coliform_bacteria\" target=\"_blank\" rel=\"noopener noreferrer\"><strong>coliform<\/strong><\/a> and <a href=\"https:\/\/en.wikipedia.org\/wiki\/Enterococcus\" target=\"_blank\" rel=\"noopener noreferrer\"><strong>enterococcus<\/strong><\/a>.<\/p>\n<p>Facilitating these measures we have a <a href=\"https:\/\/www.idexx.co.uk\/en-gb\/water\/water-products-services\/quanti-tray-system\/\" target=\"_blank\" rel=\"noopener noreferrer\"><strong>Quanti-Tray Bag<\/strong><\/a> that helps us to count coliform <a href=\"https:\/\/en.wikipedia.org\/wiki\/Most_probable_number\" target=\"_blank\" rel=\"noopener noreferrer\"><strong>most probable number (MPN)<\/strong><\/a>. We use the \u00abSingle dilution method\u00bb, which is a specifically designed test for coliform bacteria MPN counting (indicators of faecal contamination) from water samples and it is applicable to all human consumption water types.<\/p>\n<p><a href=\"https:\/\/www.idexx.co.uk\/en-gb\/water\/water-products-services\/colilert-18\/\" target=\"_blank\" rel=\"noopener noreferrer\"><strong>Colilert-18 technique<\/strong><\/a>. is based on the Defined Substrate Technology (DST) patented by <a href=\"https:\/\/www.idexx.co.uk\/en-gb\/\" target=\"_blank\" rel=\"noopener noreferrer\"><strong>IDEXX<\/strong><\/a>, which allows total coliforms and <a href=\"https:\/\/en.wikipedia.org\/wiki\/Escherichia_coli\" target=\"_blank\" rel=\"noopener noreferrer\"><strong>E. coli<\/strong><\/a> simultaneous detection. DST method uses indicator nutrients, that is reagents that cause color changes in water samples under study:<\/p>\n<p>&#8211; Total coliform: these bacteria <a href=\"https:\/\/en.wikipedia.org\/wiki\/Metabolism\" target=\"_blank\" rel=\"noopener noreferrer\"><strong>metabolize<\/strong><\/a> bacteria <a href=\"https:\/\/www.quora.com\/What-is-chromogenic-substrate\" target=\"_blank\" rel=\"noopener noreferrer\"><strong>chromogenic substrate<\/strong><\/a> and cause a staining change from transparent to yellow.<\/p>\n<p>&#8211; Escherichia coli: these bacteria also have the ability to metabolize substrates and, in addition, specifically metabolize a <a href=\"https:\/\/encyclopedia2.thefreedictionary.com\/fluorogenic+substrate\" target=\"_blank\" rel=\"noopener noreferrer\"><strong>fluorogenic substrate<\/strong><\/a>, responsible for producing <a href=\"https:\/\/en.wikipedia.org\/wiki\/Fluorescence\" target=\"_blank\" rel=\"noopener noreferrer\"><strong>fluorescence<\/strong><\/a>.<\/p>\n<p>Thanks to these cells with reagents we can see total coliform presence and, on the other hand, we can differentiate cells with E. Coli, which is illuminated under ultraviolet light. We also use the same type of cells, with other reagents, for intestinal enterococcus detection.<\/p>\n<p>If concentrations exceed healthy limits, we warn responsible persons so that they act quickly.<\/p>\n<p>&nbsp;<\/p>\n<p><a href=\"https:\/\/cimacanarias.com\/en\/descargas\/cosas\/Cosas_CIMA_14_P_ES.mp4\/\" target=\"_blank\" rel=\"noopener noreferrer\"><strong>Download to share by WhatsApp<\/strong><\/a> (4.6Mb).Remember, to download the video from the phone, click the link. If you are asked, choose to open the video with the browser and, once opened, keep your finger on it until you get a poster of this style: \u00abSave Video\u00bb. From now on, you only have to share, share and share!<\/p>\n<p>&nbsp;<\/p>\n<p><center><iframe loading=\"lazy\" src=\"https:\/\/www.youtube.com\/embed\/lfh2nqyWmnM\" allowfullscreen=\"allowfullscreen\" width=\"560\" height=\"315\" frameborder=\"0\"><\/iframe><\/center>&nbsp;<\/p>\n<p>&nbsp;<\/p>\n<p><center><a href=\"https:\/\/cimacanarias.com\/wp-content\/uploads\/2020\/09\/GobCanFSEp.png\"><img loading=\"lazy\" decoding=\"async\" class=\"aligncenter size-full wp-image-1221\" src=\"https:\/\/cimacanarias.com\/wp-content\/uploads\/2020\/09\/GobCanFSEp.png\" alt=\"Acci\u00f3n cofinanciada por la Consejer\u00eda de Econom\u00eda, Industria, Comercio y Conocimiento y el Fondo Social Europeo (FSE)\" width=\"528\" height=\"72\" srcset=\"https:\/\/cimacanarias.com\/wp-content\/uploads\/2020\/09\/GobCanFSEp.png 528w, https:\/\/cimacanarias.com\/wp-content\/uploads\/2020\/09\/GobCanFSEp-300x41.png 300w\" sizes=\"auto, (max-width: 528px) 100vw, 528px\" \/><\/a><\/center>&nbsp;<\/p>","protected":false},"excerpt":{"rendered":"<p>From CIMA (Centro de Investigaciones Medioambientales del Atl\u00e1ntico, S.L.) (Atlantic Environmental Research Center), we want to show you what we [&hellip;]<\/p>\n","protected":false},"author":9,"featured_media":0,"parent":0,"menu_order":0,"comment_status":"closed","ping_status":"closed","template":"","meta":{"footnotes":""},"class_list":["post-1472","page","type-page","status-publish","hentry"],"yoast_head":"<!-- This site is optimized with the Yoast SEO plugin v27.3 - https:\/\/yoast.com\/product\/yoast-seo-wordpress\/ -->\n<title>Things we do in CIMA 14: Microbiological analysis - Centro de Investigaciones Medioambientales del Atl\u00e1ntico<\/title>\n<meta name=\"description\" content=\"Centro de Investigaciones Medioambientales del Atl\u00e1ntico, S.L. es una entidad privada especializada en el medio marino que desarrolla asistencias t\u00e9cnicas, proyectos de gesti\u00f3n, an\u00e1lisis e investigaciones marinas.\" \/>\n<meta name=\"robots\" content=\"index, follow, max-snippet:-1, max-image-preview:large, max-video-preview:-1\" \/>\n<link rel=\"canonical\" href=\"https:\/\/cimacanarias.com\/en\/things-we-do-in-cima-14-microbiological-analysis\/\" \/>\n<meta property=\"og:locale\" content=\"en_GB\" \/>\n<meta property=\"og:type\" content=\"article\" \/>\n<meta property=\"og:title\" content=\"Things we do in CIMA 14: Microbiological analysis - Centro de Investigaciones Medioambientales del Atl\u00e1ntico\" \/>\n<meta property=\"og:description\" content=\"Centro de Investigaciones Medioambientales del Atl\u00e1ntico, S.L. es una entidad privada especializada en el medio marino que desarrolla asistencias t\u00e9cnicas, proyectos de gesti\u00f3n, an\u00e1lisis e investigaciones marinas.\" \/>\n<meta property=\"og:url\" content=\"https:\/\/cimacanarias.com\/en\/things-we-do-in-cima-14-microbiological-analysis\/\" \/>\n<meta property=\"og:site_name\" content=\"Centro de Investigaciones Medioambientales del Atl\u00e1ntico\" \/>\n<meta property=\"article:modified_time\" content=\"2022-05-17T10:16:46+00:00\" \/>\n<meta property=\"og:image\" content=\"https:\/\/cimacanarias.com\/wp-content\/uploads\/2020\/07\/cosas14.jpg\" \/>\n<meta name=\"twitter:card\" content=\"summary_large_image\" \/>\n<meta name=\"twitter:label1\" content=\"Estimated reading time\" \/>\n\t<meta name=\"twitter:data1\" content=\"3 minutes\" \/>\n<script type=\"application\/ld+json\" class=\"yoast-schema-graph\">{\"@context\":\"https:\\\/\\\/schema.org\",\"@graph\":[{\"@type\":\"WebPage\",\"@id\":\"https:\\\/\\\/cimacanarias.com\\\/things-we-do-in-cima-14-microbiological-analysis\\\/\",\"url\":\"https:\\\/\\\/cimacanarias.com\\\/things-we-do-in-cima-14-microbiological-analysis\\\/\",\"name\":\"Things we do in CIMA 14: Microbiological analysis - Centro de Investigaciones Medioambientales del Atl\u00e1ntico\",\"isPartOf\":{\"@id\":\"https:\\\/\\\/cimacanarias.com\\\/#website\"},\"primaryImageOfPage\":{\"@id\":\"https:\\\/\\\/cimacanarias.com\\\/things-we-do-in-cima-14-microbiological-analysis\\\/#primaryimage\"},\"image\":{\"@id\":\"https:\\\/\\\/cimacanarias.com\\\/things-we-do-in-cima-14-microbiological-analysis\\\/#primaryimage\"},\"thumbnailUrl\":\"https:\\\/\\\/cimacanarias.com\\\/wp-content\\\/uploads\\\/2020\\\/07\\\/cosas14.jpg\",\"datePublished\":\"2020-11-13T15:25:17+00:00\",\"dateModified\":\"2022-05-17T10:16:46+00:00\",\"description\":\"Centro de Investigaciones Medioambientales del Atl\u00e1ntico, S.L. es una entidad privada especializada en el medio marino que desarrolla asistencias t\u00e9cnicas, proyectos de gesti\u00f3n, an\u00e1lisis e investigaciones marinas.\",\"breadcrumb\":{\"@id\":\"https:\\\/\\\/cimacanarias.com\\\/things-we-do-in-cima-14-microbiological-analysis\\\/#breadcrumb\"},\"inLanguage\":\"en-GB\",\"potentialAction\":[{\"@type\":\"ReadAction\",\"target\":[\"https:\\\/\\\/cimacanarias.com\\\/things-we-do-in-cima-14-microbiological-analysis\\\/\"]}]},{\"@type\":\"ImageObject\",\"inLanguage\":\"en-GB\",\"@id\":\"https:\\\/\\\/cimacanarias.com\\\/things-we-do-in-cima-14-microbiological-analysis\\\/#primaryimage\",\"url\":\"https:\\\/\\\/cimacanarias.com\\\/wp-content\\\/uploads\\\/2020\\\/07\\\/cosas14.jpg\",\"contentUrl\":\"https:\\\/\\\/cimacanarias.com\\\/wp-content\\\/uploads\\\/2020\\\/07\\\/cosas14.jpg\"},{\"@type\":\"BreadcrumbList\",\"@id\":\"https:\\\/\\\/cimacanarias.com\\\/things-we-do-in-cima-14-microbiological-analysis\\\/#breadcrumb\",\"itemListElement\":[{\"@type\":\"ListItem\",\"position\":1,\"name\":\"Portada\",\"item\":\"https:\\\/\\\/cimacanarias.com\\\/\"},{\"@type\":\"ListItem\",\"position\":2,\"name\":\"Things we do in CIMA 14: Microbiological analysis\"}]},{\"@type\":\"WebSite\",\"@id\":\"https:\\\/\\\/cimacanarias.com\\\/#website\",\"url\":\"https:\\\/\\\/cimacanarias.com\\\/\",\"name\":\"Centro de Investigaciones Medioambientales del Atl\u00e1ntico\",\"description\":\"Centro de Investigaciones Medioambientales del Atl\u00e1ntico, S.L. es una consultora ambiental especializada en el medio marino que desarrolla asistencias t\u00e9cnicas, proyectos de gesti\u00f3n, an\u00e1lisis e investigaciones marinas.\",\"publisher\":{\"@id\":\"https:\\\/\\\/cimacanarias.com\\\/#organization\"},\"potentialAction\":[{\"@type\":\"SearchAction\",\"target\":{\"@type\":\"EntryPoint\",\"urlTemplate\":\"https:\\\/\\\/cimacanarias.com\\\/?s={search_term_string}\"},\"query-input\":{\"@type\":\"PropertyValueSpecification\",\"valueRequired\":true,\"valueName\":\"search_term_string\"}}],\"inLanguage\":\"en-GB\"},{\"@type\":\"Organization\",\"@id\":\"https:\\\/\\\/cimacanarias.com\\\/#organization\",\"name\":\"Centro de Investigaciones Medioambientales del Atl\u00e1ntico, S.L.\",\"url\":\"https:\\\/\\\/cimacanarias.com\\\/\",\"logo\":{\"@type\":\"ImageObject\",\"inLanguage\":\"en-GB\",\"@id\":\"https:\\\/\\\/cimacanarias.com\\\/#\\\/schema\\\/logo\\\/image\\\/\",\"url\":\"https:\\\/\\\/cimacanarias.com\\\/wp-content\\\/uploads\\\/2020\\\/06\\\/logo.png\",\"contentUrl\":\"https:\\\/\\\/cimacanarias.com\\\/wp-content\\\/uploads\\\/2020\\\/06\\\/logo.png\",\"width\":227,\"height\":80,\"caption\":\"Centro de Investigaciones Medioambientales del Atl\u00e1ntico, S.L.\"},\"image\":{\"@id\":\"https:\\\/\\\/cimacanarias.com\\\/#\\\/schema\\\/logo\\\/image\\\/\"}}]}<\/script>\n<!-- \/ Yoast SEO plugin. -->","yoast_head_json":{"title":"Things we do in CIMA 14: Microbiological analysis - Centro de Investigaciones Medioambientales del Atl\u00e1ntico","description":"Centro de Investigaciones Medioambientales del Atl\u00e1ntico, S.L. es una entidad privada especializada en el medio marino que desarrolla asistencias t\u00e9cnicas, proyectos de gesti\u00f3n, an\u00e1lisis e investigaciones marinas.","robots":{"index":"index","follow":"follow","max-snippet":"max-snippet:-1","max-image-preview":"max-image-preview:large","max-video-preview":"max-video-preview:-1"},"canonical":"https:\/\/cimacanarias.com\/en\/things-we-do-in-cima-14-microbiological-analysis\/","og_locale":"en_GB","og_type":"article","og_title":"Things we do in CIMA 14: Microbiological analysis - Centro de Investigaciones Medioambientales del Atl\u00e1ntico","og_description":"Centro de Investigaciones Medioambientales del Atl\u00e1ntico, S.L. es una entidad privada especializada en el medio marino que desarrolla asistencias t\u00e9cnicas, proyectos de gesti\u00f3n, an\u00e1lisis e investigaciones marinas.","og_url":"https:\/\/cimacanarias.com\/en\/things-we-do-in-cima-14-microbiological-analysis\/","og_site_name":"Centro de Investigaciones Medioambientales del Atl\u00e1ntico","article_modified_time":"2022-05-17T10:16:46+00:00","og_image":[{"url":"https:\/\/cimacanarias.com\/wp-content\/uploads\/2020\/07\/cosas14.jpg","type":"","width":"","height":""}],"twitter_card":"summary_large_image","twitter_misc":{"Estimated reading time":"3 minutes"},"schema":{"@context":"https:\/\/schema.org","@graph":[{"@type":"WebPage","@id":"https:\/\/cimacanarias.com\/things-we-do-in-cima-14-microbiological-analysis\/","url":"https:\/\/cimacanarias.com\/things-we-do-in-cima-14-microbiological-analysis\/","name":"Things we do in CIMA 14: Microbiological analysis - Centro de Investigaciones Medioambientales del Atl\u00e1ntico","isPartOf":{"@id":"https:\/\/cimacanarias.com\/#website"},"primaryImageOfPage":{"@id":"https:\/\/cimacanarias.com\/things-we-do-in-cima-14-microbiological-analysis\/#primaryimage"},"image":{"@id":"https:\/\/cimacanarias.com\/things-we-do-in-cima-14-microbiological-analysis\/#primaryimage"},"thumbnailUrl":"https:\/\/cimacanarias.com\/wp-content\/uploads\/2020\/07\/cosas14.jpg","datePublished":"2020-11-13T15:25:17+00:00","dateModified":"2022-05-17T10:16:46+00:00","description":"Centro de Investigaciones Medioambientales del Atl\u00e1ntico, S.L. es una entidad privada especializada en el medio marino que desarrolla asistencias t\u00e9cnicas, proyectos de gesti\u00f3n, an\u00e1lisis e investigaciones marinas.","breadcrumb":{"@id":"https:\/\/cimacanarias.com\/things-we-do-in-cima-14-microbiological-analysis\/#breadcrumb"},"inLanguage":"en-GB","potentialAction":[{"@type":"ReadAction","target":["https:\/\/cimacanarias.com\/things-we-do-in-cima-14-microbiological-analysis\/"]}]},{"@type":"ImageObject","inLanguage":"en-GB","@id":"https:\/\/cimacanarias.com\/things-we-do-in-cima-14-microbiological-analysis\/#primaryimage","url":"https:\/\/cimacanarias.com\/wp-content\/uploads\/2020\/07\/cosas14.jpg","contentUrl":"https:\/\/cimacanarias.com\/wp-content\/uploads\/2020\/07\/cosas14.jpg"},{"@type":"BreadcrumbList","@id":"https:\/\/cimacanarias.com\/things-we-do-in-cima-14-microbiological-analysis\/#breadcrumb","itemListElement":[{"@type":"ListItem","position":1,"name":"Portada","item":"https:\/\/cimacanarias.com\/"},{"@type":"ListItem","position":2,"name":"Things we do in CIMA 14: Microbiological analysis"}]},{"@type":"WebSite","@id":"https:\/\/cimacanarias.com\/#website","url":"https:\/\/cimacanarias.com\/","name":"Atlantic Center for Environmental Research","description":"Centro de Investigaciones Medioambientales del Atl\u00e1ntico, S.L. es una consultora ambiental especializada en el medio marino que desarrolla asistencias t\u00e9cnicas, proyectos de gesti\u00f3n, an\u00e1lisis e investigaciones marinas.","publisher":{"@id":"https:\/\/cimacanarias.com\/#organization"},"potentialAction":[{"@type":"SearchAction","target":{"@type":"EntryPoint","urlTemplate":"https:\/\/cimacanarias.com\/?s={search_term_string}"},"query-input":{"@type":"PropertyValueSpecification","valueRequired":true,"valueName":"search_term_string"}}],"inLanguage":"en-GB"},{"@type":"Organization","@id":"https:\/\/cimacanarias.com\/#organization","name":"Centro de Investigaciones Medioambientales del Atl\u00e1ntico, S.L.","url":"https:\/\/cimacanarias.com\/","logo":{"@type":"ImageObject","inLanguage":"en-GB","@id":"https:\/\/cimacanarias.com\/#\/schema\/logo\/image\/","url":"https:\/\/cimacanarias.com\/wp-content\/uploads\/2020\/06\/logo.png","contentUrl":"https:\/\/cimacanarias.com\/wp-content\/uploads\/2020\/06\/logo.png","width":227,"height":80,"caption":"Centro de Investigaciones Medioambientales del Atl\u00e1ntico, S.L."},"image":{"@id":"https:\/\/cimacanarias.com\/#\/schema\/logo\/image\/"}}]}},"_links":{"self":[{"href":"https:\/\/cimacanarias.com\/en\/wp-json\/wp\/v2\/pages\/1472","targetHints":{"allow":["GET"]}}],"collection":[{"href":"https:\/\/cimacanarias.com\/en\/wp-json\/wp\/v2\/pages"}],"about":[{"href":"https:\/\/cimacanarias.com\/en\/wp-json\/wp\/v2\/types\/page"}],"author":[{"embeddable":true,"href":"https:\/\/cimacanarias.com\/en\/wp-json\/wp\/v2\/users\/9"}],"replies":[{"embeddable":true,"href":"https:\/\/cimacanarias.com\/en\/wp-json\/wp\/v2\/comments?post=1472"}],"version-history":[{"count":2,"href":"https:\/\/cimacanarias.com\/en\/wp-json\/wp\/v2\/pages\/1472\/revisions"}],"predecessor-version":[{"id":1527,"href":"https:\/\/cimacanarias.com\/en\/wp-json\/wp\/v2\/pages\/1472\/revisions\/1527"}],"wp:attachment":[{"href":"https:\/\/cimacanarias.com\/en\/wp-json\/wp\/v2\/media?parent=1472"}],"curies":[{"name":"wp","href":"https:\/\/api.w.org\/{rel}","templated":true}]}}