{"id":1476,"date":"2020-11-16T12:24:12","date_gmt":"2020-11-16T12:24:12","guid":{"rendered":"http:\/\/cimacanarias.com\/?page_id=1476"},"modified":"2022-05-17T10:17:20","modified_gmt":"2022-05-17T10:17:20","slug":"things-we-do-in-cima-16-rdi","status":"publish","type":"page","link":"https:\/\/cimacanarias.com\/en\/things-we-do-in-cima-16-rdi\/","title":{"rendered":"Things we do in CIMA 16: R+D+i"},"content":{"rendered":"<p align=\"justify\"><a href=\"https:\/\/cimacanarias.com\/wp-content\/uploads\/2020\/07\/cosas16.jpg\"><img loading=\"lazy\" decoding=\"async\" class=\"alignright wp-image-941\" src=\"https:\/\/cimacanarias.com\/wp-content\/uploads\/2020\/07\/cosas16.jpg\" alt=\"\" width=\"400\" height=\"400\" srcset=\"https:\/\/cimacanarias.com\/wp-content\/uploads\/2020\/07\/cosas16.jpg 550w, https:\/\/cimacanarias.com\/wp-content\/uploads\/2020\/07\/cosas16-300x300.jpg 300w, https:\/\/cimacanarias.com\/wp-content\/uploads\/2020\/07\/cosas16-150x150.jpg 150w\" sizes=\"auto, (max-width: 400px) 100vw, 400px\" \/><\/a>From CIMA (Centro de Investigaciones Medioambientales del Atl\u00e1ntico, S.L.) (Atlantic Environmental Research Center), we want to show you what we do in and out our offices.<\/p>\n<p align=\"justify\">On this page you can find a series of small videos called \u00abThings we do in CIMA\u00bb, which will help us to explain what we do and how we do it. All this to approach the world of marine biology and oceanography.<\/p>\n<p><strong>&#8211; \u00abThings we do in CIMA\u00bb #16: R+D+i:<\/strong><\/p>\n<p>CIMA&#8217;s activity is practically entirely <a href=\"https:\/\/en.wikipedia.org\/wiki\/Research_and_development\" target=\"_blank\" rel=\"noopener noreferrer\"><strong>R+D+i<\/strong><\/a> and has a department that develops research projects in order to implement the results of these studies to the strategic knowledge of the company.<\/p>\n<p>For this, periodically, we carry out <a href=\"https:\/\/en.wikipedia.org\/wiki\/Technology_forecasting\" target=\"_blank\" rel=\"noopener noreferrer\"><strong>technology forecasting<\/strong><\/a> tasks in order to know about changes, technologies, investigations, etc. that can serve to innovate in company projects. Through this technology forecasting and thanks to experiences and needs that have arisen in our own projects, we have participated in the development of tools that have helped in different research projects of the company and other entities.<\/p>\n<p>Our main work lines are:<\/p>\n<p>&#8211; Development of contaminant determination protocols and integrated analysis of animal and plant communities.<\/p>\n<p>&#8211; Alternative prey cultivation as food for socio-economic interest species.<\/p>\n<p>&#8211; Human activity influence on coastal marine ecosystems.<\/p>\n<p>&#8211; Modeling as a tool to predict environmental responses to environmental disturbing factors.<\/p>\n<p>Among the R+D+i projects in which CIMA is currently participating we have:<\/p>\n<p>&#8211; <a href=\"http:\/\/biotransfer2.eu\/home_en\/\" target=\"_blank\" rel=\"noopener noreferrer\"><strong>European project BIOTRANSFER 2<\/strong><\/a>. Co-financed by FEDER funds through the INTERREG V-A MAC 2014-2020 Program.<\/p>\n<p>&#8211; European project MIMAR. Co-financed by FEDER funds through the INTERREG V-A MAC 2014-2020 Program.<\/p>\n<p>&#8211; Project for the <a href=\"https:\/\/cimacanarias.com\/en\/desarrollo-de-equipamiento-para-prospecciones-y-exploraciones-submarinas\/\" target=\"_blank\" rel=\"noopener noreferrer\"><strong>Development of underwater exploration and exploration equipment<\/strong><\/a> (Spanish). Co-financed by the European Regional Development Fund through grants for investment projects of small and medium enterprises in the Canary Islands (2018).<\/p>\n<p>&#8211; <a href=\"https:\/\/cimacanarias.com\/en\/nuevos-servicios-de-gestion-ambiental-marina-en-relacion-a-vertidos-de-tierra-al-mar-de-aguas-residuales-e-industriales\/\" target=\"_blank\" rel=\"noopener noreferrer\"><strong>Equipment for the generation of new marine environmental management services Project in relation to land discharges of waste and industrial water into the sea<\/strong><\/a>. Co-financed by the European Regional Development Fund through subsidies for investment projects of small and medium-sized companies in the Canary Islands for 2019 from the Government of the Canary Islands.<\/p>\n<p><span class=\"VIiyi\" lang=\"en\"><span class=\"JLqJ4b ChMk0b\" data-language-for-alternatives=\"en\" data-language-to-translate-into=\"es\" data-phrase-index=\"0\">&#8211; <a href=\"https:\/\/cimacanarias.com\/en\/estudios-cartografia-submarina-bioprospecciones-farmacologico-cambio-climatico\/\" target=\"_blank\" rel=\"noopener noreferrer\"><strong>Underwater Cartography Study Project to carry out Bioprospecting in search of products and species with pharmacological potential and climate change experiments<\/strong><\/a>.<\/span> <span class=\"JLqJ4b ChMk0b\" data-language-for-alternatives=\"en\" data-language-to-translate-into=\"es\" data-phrase-index=\"1\">Co-financed by the European Regional Development Fund (FEDER CANARIAS 2014-2020) through subsidies to high technology and knowledge-intensive companies in priority areas of the RIS3.<\/span><\/span><\/p>\n<p>If you want to know more about our R+D+i activities, on <a href=\"https:\/\/cimacanarias.com\/en\/rdi-projects\/\" target=\"_blank\" rel=\"noopener noreferrer\"><strong>this website<\/strong><\/a> we tell you more about it.<\/p>\n<p>&nbsp;<\/p>\n<p><a href=\"https:\/\/cimacanarias.com\/en\/descargas\/cosas\/Cosas_CIMA_16_P_ES.mp4\/\" target=\"_blank\" rel=\"noopener noreferrer\"><strong>Download to share by WhatsApp<\/strong><\/a> (4.6Mb). Remember, to download the video from the phone, click the link. If you are asked, choose to open the video with the browser and, once opened, keep your finger on it until you get a poster of this style: \u00abSave Video\u00bb. From now on, you only have to share, share and share!<\/p>\n<p>&nbsp;<\/p>\n<p><center><iframe loading=\"lazy\" src=\"https:\/\/www.youtube.com\/embed\/IAeIc7ErawQ\" allowfullscreen=\"allowfullscreen\" width=\"560\" height=\"315\" frameborder=\"0\"><\/iframe><\/center>&nbsp;<\/p>\n<p>&nbsp;<\/p>\n<p><center><a href=\"https:\/\/cimacanarias.com\/wp-content\/uploads\/2020\/09\/GobCanFSEp.png\"><img loading=\"lazy\" decoding=\"async\" class=\"aligncenter size-full wp-image-1221\" src=\"https:\/\/cimacanarias.com\/wp-content\/uploads\/2020\/09\/GobCanFSEp.png\" alt=\"Acci\u00f3n cofinanciada por la Consejer\u00eda de Econom\u00eda, Industria, Comercio y Conocimiento y el Fondo Social Europeo (FSE)\" width=\"528\" height=\"72\" srcset=\"https:\/\/cimacanarias.com\/wp-content\/uploads\/2020\/09\/GobCanFSEp.png 528w, https:\/\/cimacanarias.com\/wp-content\/uploads\/2020\/09\/GobCanFSEp-300x41.png 300w\" sizes=\"auto, (max-width: 528px) 100vw, 528px\" \/><\/a><\/center>&nbsp;<\/p>","protected":false},"excerpt":{"rendered":"<p>From CIMA (Centro de Investigaciones Medioambientales del Atl\u00e1ntico, S.L.) (Atlantic Environmental Research Center), we want to show you what we [&hellip;]<\/p>\n","protected":false},"author":9,"featured_media":0,"parent":0,"menu_order":0,"comment_status":"closed","ping_status":"closed","template":"","meta":{"footnotes":""},"class_list":["post-1476","page","type-page","status-publish","hentry"],"yoast_head":"<!-- This site is optimized with the Yoast SEO plugin v27.3 - https:\/\/yoast.com\/product\/yoast-seo-wordpress\/ -->\n<title>Things we do in CIMA 16: R+D+i - Centro de Investigaciones Medioambientales del Atl\u00e1ntico<\/title>\n<meta name=\"description\" content=\"Centro de Investigaciones Medioambientales del Atl\u00e1ntico, S.L. es una entidad privada especializada en el medio marino que desarrolla asistencias t\u00e9cnicas, proyectos de gesti\u00f3n, an\u00e1lisis e investigaciones marinas.\" \/>\n<meta name=\"robots\" content=\"index, follow, max-snippet:-1, max-image-preview:large, max-video-preview:-1\" \/>\n<link rel=\"canonical\" href=\"https:\/\/cimacanarias.com\/en\/things-we-do-in-cima-16-rdi\/\" \/>\n<meta property=\"og:locale\" content=\"en_GB\" \/>\n<meta property=\"og:type\" content=\"article\" \/>\n<meta property=\"og:title\" content=\"Things we do in CIMA 16: R+D+i - Centro de Investigaciones Medioambientales del Atl\u00e1ntico\" \/>\n<meta property=\"og:description\" content=\"Centro de Investigaciones Medioambientales del Atl\u00e1ntico, S.L. es una entidad privada especializada en el medio marino que desarrolla asistencias t\u00e9cnicas, proyectos de gesti\u00f3n, an\u00e1lisis e investigaciones marinas.\" \/>\n<meta property=\"og:url\" content=\"https:\/\/cimacanarias.com\/en\/things-we-do-in-cima-16-rdi\/\" \/>\n<meta property=\"og:site_name\" content=\"Centro de Investigaciones Medioambientales del Atl\u00e1ntico\" \/>\n<meta property=\"article:modified_time\" content=\"2022-05-17T10:17:20+00:00\" \/>\n<meta property=\"og:image\" content=\"https:\/\/cimacanarias.com\/wp-content\/uploads\/2020\/07\/cosas16.jpg\" \/>\n<meta name=\"twitter:card\" content=\"summary_large_image\" \/>\n<meta name=\"twitter:label1\" content=\"Estimated reading time\" \/>\n\t<meta name=\"twitter:data1\" content=\"3 minutes\" \/>\n<script type=\"application\/ld+json\" class=\"yoast-schema-graph\">{\"@context\":\"https:\\\/\\\/schema.org\",\"@graph\":[{\"@type\":\"WebPage\",\"@id\":\"https:\\\/\\\/cimacanarias.com\\\/things-we-do-in-cima-16-rdi\\\/\",\"url\":\"https:\\\/\\\/cimacanarias.com\\\/things-we-do-in-cima-16-rdi\\\/\",\"name\":\"Things we do in CIMA 16: R+D+i - Centro de Investigaciones Medioambientales del Atl\u00e1ntico\",\"isPartOf\":{\"@id\":\"https:\\\/\\\/cimacanarias.com\\\/#website\"},\"primaryImageOfPage\":{\"@id\":\"https:\\\/\\\/cimacanarias.com\\\/things-we-do-in-cima-16-rdi\\\/#primaryimage\"},\"image\":{\"@id\":\"https:\\\/\\\/cimacanarias.com\\\/things-we-do-in-cima-16-rdi\\\/#primaryimage\"},\"thumbnailUrl\":\"https:\\\/\\\/cimacanarias.com\\\/wp-content\\\/uploads\\\/2020\\\/07\\\/cosas16.jpg\",\"datePublished\":\"2020-11-16T12:24:12+00:00\",\"dateModified\":\"2022-05-17T10:17:20+00:00\",\"description\":\"Centro de Investigaciones Medioambientales del Atl\u00e1ntico, S.L. es una entidad privada especializada en el medio marino que desarrolla asistencias t\u00e9cnicas, proyectos de gesti\u00f3n, an\u00e1lisis e investigaciones marinas.\",\"breadcrumb\":{\"@id\":\"https:\\\/\\\/cimacanarias.com\\\/things-we-do-in-cima-16-rdi\\\/#breadcrumb\"},\"inLanguage\":\"en-GB\",\"potentialAction\":[{\"@type\":\"ReadAction\",\"target\":[\"https:\\\/\\\/cimacanarias.com\\\/things-we-do-in-cima-16-rdi\\\/\"]}]},{\"@type\":\"ImageObject\",\"inLanguage\":\"en-GB\",\"@id\":\"https:\\\/\\\/cimacanarias.com\\\/things-we-do-in-cima-16-rdi\\\/#primaryimage\",\"url\":\"https:\\\/\\\/cimacanarias.com\\\/wp-content\\\/uploads\\\/2020\\\/07\\\/cosas16.jpg\",\"contentUrl\":\"https:\\\/\\\/cimacanarias.com\\\/wp-content\\\/uploads\\\/2020\\\/07\\\/cosas16.jpg\"},{\"@type\":\"BreadcrumbList\",\"@id\":\"https:\\\/\\\/cimacanarias.com\\\/things-we-do-in-cima-16-rdi\\\/#breadcrumb\",\"itemListElement\":[{\"@type\":\"ListItem\",\"position\":1,\"name\":\"Portada\",\"item\":\"https:\\\/\\\/cimacanarias.com\\\/\"},{\"@type\":\"ListItem\",\"position\":2,\"name\":\"Things we do in CIMA 16: R+D+i\"}]},{\"@type\":\"WebSite\",\"@id\":\"https:\\\/\\\/cimacanarias.com\\\/#website\",\"url\":\"https:\\\/\\\/cimacanarias.com\\\/\",\"name\":\"Centro de Investigaciones Medioambientales del Atl\u00e1ntico\",\"description\":\"Centro de Investigaciones Medioambientales del Atl\u00e1ntico, S.L. es una consultora ambiental especializada en el medio marino que desarrolla asistencias t\u00e9cnicas, proyectos de gesti\u00f3n, an\u00e1lisis e investigaciones marinas.\",\"publisher\":{\"@id\":\"https:\\\/\\\/cimacanarias.com\\\/#organization\"},\"potentialAction\":[{\"@type\":\"SearchAction\",\"target\":{\"@type\":\"EntryPoint\",\"urlTemplate\":\"https:\\\/\\\/cimacanarias.com\\\/?s={search_term_string}\"},\"query-input\":{\"@type\":\"PropertyValueSpecification\",\"valueRequired\":true,\"valueName\":\"search_term_string\"}}],\"inLanguage\":\"en-GB\"},{\"@type\":\"Organization\",\"@id\":\"https:\\\/\\\/cimacanarias.com\\\/#organization\",\"name\":\"Centro de Investigaciones Medioambientales del Atl\u00e1ntico, S.L.\",\"url\":\"https:\\\/\\\/cimacanarias.com\\\/\",\"logo\":{\"@type\":\"ImageObject\",\"inLanguage\":\"en-GB\",\"@id\":\"https:\\\/\\\/cimacanarias.com\\\/#\\\/schema\\\/logo\\\/image\\\/\",\"url\":\"https:\\\/\\\/cimacanarias.com\\\/wp-content\\\/uploads\\\/2020\\\/06\\\/logo.png\",\"contentUrl\":\"https:\\\/\\\/cimacanarias.com\\\/wp-content\\\/uploads\\\/2020\\\/06\\\/logo.png\",\"width\":227,\"height\":80,\"caption\":\"Centro de Investigaciones Medioambientales del Atl\u00e1ntico, S.L.\"},\"image\":{\"@id\":\"https:\\\/\\\/cimacanarias.com\\\/#\\\/schema\\\/logo\\\/image\\\/\"}}]}<\/script>\n<!-- \/ Yoast SEO plugin. -->","yoast_head_json":{"title":"Things we do in CIMA 16: R+D+i - Centro de Investigaciones Medioambientales del Atl\u00e1ntico","description":"Centro de Investigaciones Medioambientales del Atl\u00e1ntico, S.L. es una entidad privada especializada en el medio marino que desarrolla asistencias t\u00e9cnicas, proyectos de gesti\u00f3n, an\u00e1lisis e investigaciones marinas.","robots":{"index":"index","follow":"follow","max-snippet":"max-snippet:-1","max-image-preview":"max-image-preview:large","max-video-preview":"max-video-preview:-1"},"canonical":"https:\/\/cimacanarias.com\/en\/things-we-do-in-cima-16-rdi\/","og_locale":"en_GB","og_type":"article","og_title":"Things we do in CIMA 16: R+D+i - Centro de Investigaciones Medioambientales del Atl\u00e1ntico","og_description":"Centro de Investigaciones Medioambientales del Atl\u00e1ntico, S.L. es una entidad privada especializada en el medio marino que desarrolla asistencias t\u00e9cnicas, proyectos de gesti\u00f3n, an\u00e1lisis e investigaciones marinas.","og_url":"https:\/\/cimacanarias.com\/en\/things-we-do-in-cima-16-rdi\/","og_site_name":"Centro de Investigaciones Medioambientales del Atl\u00e1ntico","article_modified_time":"2022-05-17T10:17:20+00:00","og_image":[{"url":"https:\/\/cimacanarias.com\/wp-content\/uploads\/2020\/07\/cosas16.jpg","type":"","width":"","height":""}],"twitter_card":"summary_large_image","twitter_misc":{"Estimated reading time":"3 minutes"},"schema":{"@context":"https:\/\/schema.org","@graph":[{"@type":"WebPage","@id":"https:\/\/cimacanarias.com\/things-we-do-in-cima-16-rdi\/","url":"https:\/\/cimacanarias.com\/things-we-do-in-cima-16-rdi\/","name":"Things we do in CIMA 16: R+D+i - Centro de Investigaciones Medioambientales del Atl\u00e1ntico","isPartOf":{"@id":"https:\/\/cimacanarias.com\/#website"},"primaryImageOfPage":{"@id":"https:\/\/cimacanarias.com\/things-we-do-in-cima-16-rdi\/#primaryimage"},"image":{"@id":"https:\/\/cimacanarias.com\/things-we-do-in-cima-16-rdi\/#primaryimage"},"thumbnailUrl":"https:\/\/cimacanarias.com\/wp-content\/uploads\/2020\/07\/cosas16.jpg","datePublished":"2020-11-16T12:24:12+00:00","dateModified":"2022-05-17T10:17:20+00:00","description":"Centro de Investigaciones Medioambientales del Atl\u00e1ntico, S.L. es una entidad privada especializada en el medio marino que desarrolla asistencias t\u00e9cnicas, proyectos de gesti\u00f3n, an\u00e1lisis e investigaciones marinas.","breadcrumb":{"@id":"https:\/\/cimacanarias.com\/things-we-do-in-cima-16-rdi\/#breadcrumb"},"inLanguage":"en-GB","potentialAction":[{"@type":"ReadAction","target":["https:\/\/cimacanarias.com\/things-we-do-in-cima-16-rdi\/"]}]},{"@type":"ImageObject","inLanguage":"en-GB","@id":"https:\/\/cimacanarias.com\/things-we-do-in-cima-16-rdi\/#primaryimage","url":"https:\/\/cimacanarias.com\/wp-content\/uploads\/2020\/07\/cosas16.jpg","contentUrl":"https:\/\/cimacanarias.com\/wp-content\/uploads\/2020\/07\/cosas16.jpg"},{"@type":"BreadcrumbList","@id":"https:\/\/cimacanarias.com\/things-we-do-in-cima-16-rdi\/#breadcrumb","itemListElement":[{"@type":"ListItem","position":1,"name":"Portada","item":"https:\/\/cimacanarias.com\/"},{"@type":"ListItem","position":2,"name":"Things we do in CIMA 16: R+D+i"}]},{"@type":"WebSite","@id":"https:\/\/cimacanarias.com\/#website","url":"https:\/\/cimacanarias.com\/","name":"Atlantic Center for Environmental Research","description":"Centro de Investigaciones Medioambientales del Atl\u00e1ntico, S.L. es una consultora ambiental especializada en el medio marino que desarrolla asistencias t\u00e9cnicas, proyectos de gesti\u00f3n, an\u00e1lisis e investigaciones marinas.","publisher":{"@id":"https:\/\/cimacanarias.com\/#organization"},"potentialAction":[{"@type":"SearchAction","target":{"@type":"EntryPoint","urlTemplate":"https:\/\/cimacanarias.com\/?s={search_term_string}"},"query-input":{"@type":"PropertyValueSpecification","valueRequired":true,"valueName":"search_term_string"}}],"inLanguage":"en-GB"},{"@type":"Organization","@id":"https:\/\/cimacanarias.com\/#organization","name":"Centro de Investigaciones Medioambientales del Atl\u00e1ntico, S.L.","url":"https:\/\/cimacanarias.com\/","logo":{"@type":"ImageObject","inLanguage":"en-GB","@id":"https:\/\/cimacanarias.com\/#\/schema\/logo\/image\/","url":"https:\/\/cimacanarias.com\/wp-content\/uploads\/2020\/06\/logo.png","contentUrl":"https:\/\/cimacanarias.com\/wp-content\/uploads\/2020\/06\/logo.png","width":227,"height":80,"caption":"Centro de Investigaciones Medioambientales del Atl\u00e1ntico, S.L."},"image":{"@id":"https:\/\/cimacanarias.com\/#\/schema\/logo\/image\/"}}]}},"_links":{"self":[{"href":"https:\/\/cimacanarias.com\/en\/wp-json\/wp\/v2\/pages\/1476","targetHints":{"allow":["GET"]}}],"collection":[{"href":"https:\/\/cimacanarias.com\/en\/wp-json\/wp\/v2\/pages"}],"about":[{"href":"https:\/\/cimacanarias.com\/en\/wp-json\/wp\/v2\/types\/page"}],"author":[{"embeddable":true,"href":"https:\/\/cimacanarias.com\/en\/wp-json\/wp\/v2\/users\/9"}],"replies":[{"embeddable":true,"href":"https:\/\/cimacanarias.com\/en\/wp-json\/wp\/v2\/comments?post=1476"}],"version-history":[{"count":2,"href":"https:\/\/cimacanarias.com\/en\/wp-json\/wp\/v2\/pages\/1476\/revisions"}],"predecessor-version":[{"id":1531,"href":"https:\/\/cimacanarias.com\/en\/wp-json\/wp\/v2\/pages\/1476\/revisions\/1531"}],"wp:attachment":[{"href":"https:\/\/cimacanarias.com\/en\/wp-json\/wp\/v2\/media?parent=1476"}],"curies":[{"name":"wp","href":"https:\/\/api.w.org\/{rel}","templated":true}]}}