{"id":1478,"date":"2020-11-16T12:32:49","date_gmt":"2020-11-16T12:32:49","guid":{"rendered":"http:\/\/cimacanarias.com\/?page_id=1478"},"modified":"2022-05-17T10:17:35","modified_gmt":"2022-05-17T10:17:35","slug":"things-we-do-in-cima-17-drinking-water-analysis","status":"publish","type":"page","link":"https:\/\/cimacanarias.com\/en\/things-we-do-in-cima-17-drinking-water-analysis\/","title":{"rendered":"Things we do in CIMA 17: Drinking water analysis"},"content":{"rendered":"<p align=\"justify\"><a href=\"https:\/\/cimacanarias.com\/wp-content\/uploads\/2020\/07\/cosas17.jpg\"><img loading=\"lazy\" decoding=\"async\" class=\"alignright wp-image-945\" src=\"https:\/\/cimacanarias.com\/wp-content\/uploads\/2020\/07\/cosas17.jpg\" alt=\"\" width=\"400\" height=\"400\" srcset=\"https:\/\/cimacanarias.com\/wp-content\/uploads\/2020\/07\/cosas17.jpg 550w, https:\/\/cimacanarias.com\/wp-content\/uploads\/2020\/07\/cosas17-300x300.jpg 300w, https:\/\/cimacanarias.com\/wp-content\/uploads\/2020\/07\/cosas17-150x150.jpg 150w\" sizes=\"auto, (max-width: 400px) 100vw, 400px\" \/><\/a>From CIMA (Centro de Investigaciones Medioambientales del Atl\u00e1ntico, S.L.) (Atlantic Environmental Research Center), we want to show you what we do in and out our offices.<\/p>\n<p align=\"justify\">On this page you can find a series of small videos called \u00abThings we do in CIMA\u00bb, which will help us to explain what we do and how we do it. All this to approach the world of marine biology and oceanography.<\/p>\n<p align=\"justify\">\n<p><strong>&#8211; \u00abThings we do in CIMA\u00bb #17: Drinking water analysis:<\/strong><\/p>\n<p>As you have seen in previous videos, some of our services are closely linked to wastewater in general. But we also deal with the drinking water you consume at home, public fountains, hotels, etc.<\/p>\n<p>Periodically we take <a href=\"https:\/\/www.mscbs.gob.es\/en\/profesionales\/saludPublica\/saludAmbLaboral\/calidadAguas\/consumoHumano.htm\" target=\"_blank\" rel=\"noopener noreferrer\"><strong>drinking water<\/strong><\/a> samples to analyze in our laboratory. All data obtained from analysis are collected, stored and interpreted. Any non-compliance of any of the parameters analyzed (ie, its concentration is greater than that established) must be confirmed, so that a sample of water will be taken again within 24 hours of detection and the health authority will be notified. A non-compliance requires an investigation of the cause that originated it, and the guarantee that is applied as soon as possible the corrective and preventive measures for the protection of the health of the population supplied.<\/p>\n<p>Parameters that are usually controlled in the consumer&#8217;s tap are, at least: odor, taste, color, turbidity, <a href=\"https:\/\/en.wikipedia.org\/wiki\/Conductivity_(electrolytic)\" target=\"_blank\" rel=\"noopener noreferrer\"><strong>conductivity<\/strong><\/a>, <a href=\"https:\/\/en.wikipedia.org\/wiki\/PH\" target=\"_blank\" rel=\"noopener noreferrer\"><strong>pH<\/strong><\/a>, <a href=\"https:\/\/en.wikipedia.org\/wiki\/Ammonium\" target=\"_blank\" rel=\"noopener noreferrer\"><strong>ammonium<\/strong><\/a>, <a href=\"https:\/\/en.wikipedia.org\/wiki\/Coliform_bacteria\" target=\"_blank\" rel=\"noopener noreferrer\"><strong>coliform bacteria<\/strong><\/a>, <a href=\"https:\/\/en.wikipedia.org\/wiki\/Escherichia_coli\" target=\"_blank\" rel=\"noopener noreferrer\"><strong>E. Coli<\/strong><\/a>, copper, chromium, nickel, iron, lead, <a href=\"http:\/\/www.hydroinstruments.com\/page.aspx?page_id=104\" target=\"_blank\" rel=\"noopener noreferrer\"><strong>residual free chlorine<\/strong><\/a> and <a href=\"https:\/\/en.wikipedia.org\/wiki\/Chloramine\" target=\"_blank\" rel=\"noopener noreferrer\"><strong>residual combined chlorine<\/strong><\/a>. As we are taking samples, we measure out pH, conductivity and chlorine. On the same day samples are transported to the laboratory in sterile bottles and in refrigerated isothermal containers, to avoid their degradation. In our laboratory we analyze odor, taste, color, turbidity, microbiology, etc.<\/p>\n<p>Water quality is determined by comparing the physical and chemical characteristics of a water sample with water quality guidelines or standards. In the case of drinking water, these standards are established to ensure a healthy water supply for human consumption and, thus, protect people&#8217;s health. These standards are based on acceptable <a href=\"https:\/\/en.wikipedia.org\/wiki\/Toxicity\" target=\"_blank\" rel=\"noopener noreferrer\"><strong>levels of toxicity<\/strong><\/a> for both people and aquatic organisms.<\/p>\n<p>Drinking water quality is regulated in all EU countries by <a href=\"https:\/\/eur-lex.europa.eu\/legal-content\/EN\/TXT\/PDF\/?uri=CELEX:31998L0083&amp;from=EN\" target=\"_blank\" rel=\"noopener noreferrer\"><strong>Directive 98\/83\/EC<\/strong><\/a>. And, in Spain, drinking water quality is articulated through <a href=\"https:\/\/www.boe.es\/buscar\/pdf\/2003\/BOE-A-2003-3596-consolidado.pdf\" target=\"_blank\" rel=\"noopener noreferrer\"><strong>RD 140\/2003<\/strong><\/a>.<\/p>\n<p>&nbsp;<\/p>\n<p><a href=\"https:\/\/cimacanarias.com\/en\/descargas\/cosas\/Cosas_CIMA_17_P_ES.mp4\/\" target=\"_blank\" rel=\"noopener noreferrer\"><strong>Download to share by WhatsApp<\/strong><\/a> (4.6Mb).Remember, to download the video from the phone, click the link. If you are asked, choose to open the video with the browser and, once opened, keep your finger on it until you get a poster of this style: \u00abSave Video\u00bb. From now on, you only have to share, share and share!<\/p>\n<p>&nbsp;<\/p>\n<p><center><iframe loading=\"lazy\" src=\"https:\/\/www.youtube.com\/embed\/6kmnaaSAg9k\" allowfullscreen=\"allowfullscreen\" width=\"560\" height=\"315\" frameborder=\"0\"><\/iframe><\/center>&nbsp;<\/p>\n<p>&nbsp;<\/p>\n<p><center><a href=\"https:\/\/cimacanarias.com\/wp-content\/uploads\/2020\/09\/GobCanFSEp.png\"><img loading=\"lazy\" decoding=\"async\" class=\"aligncenter size-full wp-image-1221\" src=\"https:\/\/cimacanarias.com\/wp-content\/uploads\/2020\/09\/GobCanFSEp.png\" alt=\"Acci\u00f3n cofinanciada por la Consejer\u00eda de Econom\u00eda, Industria, Comercio y Conocimiento y el Fondo Social Europeo (FSE)\" width=\"528\" height=\"72\" srcset=\"https:\/\/cimacanarias.com\/wp-content\/uploads\/2020\/09\/GobCanFSEp.png 528w, https:\/\/cimacanarias.com\/wp-content\/uploads\/2020\/09\/GobCanFSEp-300x41.png 300w\" sizes=\"auto, (max-width: 528px) 100vw, 528px\" \/><\/a><\/center>&nbsp;<\/p>","protected":false},"excerpt":{"rendered":"<p>From CIMA (Centro de Investigaciones Medioambientales del Atl\u00e1ntico, S.L.) (Atlantic Environmental Research Center), we want to show you what we [&hellip;]<\/p>\n","protected":false},"author":9,"featured_media":0,"parent":0,"menu_order":0,"comment_status":"closed","ping_status":"closed","template":"","meta":{"footnotes":""},"class_list":["post-1478","page","type-page","status-publish","hentry"],"yoast_head":"<!-- This site is optimized with the Yoast SEO plugin v27.3 - https:\/\/yoast.com\/product\/yoast-seo-wordpress\/ -->\n<title>Things we do in CIMA 17: Drinking water analysis - Centro de Investigaciones Medioambientales del Atl\u00e1ntico<\/title>\n<meta name=\"description\" content=\"Centro de Investigaciones Medioambientales del Atl\u00e1ntico, S.L. es una entidad privada especializada en el medio marino que desarrolla asistencias t\u00e9cnicas, proyectos de gesti\u00f3n, an\u00e1lisis e investigaciones marinas.\" \/>\n<meta name=\"robots\" content=\"index, follow, max-snippet:-1, max-image-preview:large, max-video-preview:-1\" \/>\n<link rel=\"canonical\" href=\"https:\/\/cimacanarias.com\/en\/things-we-do-in-cima-17-drinking-water-analysis\/\" \/>\n<meta property=\"og:locale\" content=\"en_GB\" \/>\n<meta property=\"og:type\" content=\"article\" \/>\n<meta property=\"og:title\" content=\"Things we do in CIMA 17: Drinking water analysis - Centro de Investigaciones Medioambientales del Atl\u00e1ntico\" \/>\n<meta property=\"og:description\" content=\"Centro de Investigaciones Medioambientales del Atl\u00e1ntico, S.L. es una entidad privada especializada en el medio marino que desarrolla asistencias t\u00e9cnicas, proyectos de gesti\u00f3n, an\u00e1lisis e investigaciones marinas.\" \/>\n<meta property=\"og:url\" content=\"https:\/\/cimacanarias.com\/en\/things-we-do-in-cima-17-drinking-water-analysis\/\" \/>\n<meta property=\"og:site_name\" content=\"Centro de Investigaciones Medioambientales del Atl\u00e1ntico\" \/>\n<meta property=\"article:modified_time\" content=\"2022-05-17T10:17:35+00:00\" \/>\n<meta property=\"og:image\" content=\"https:\/\/cimacanarias.com\/wp-content\/uploads\/2020\/07\/cosas17.jpg\" \/>\n<meta name=\"twitter:card\" content=\"summary_large_image\" \/>\n<meta name=\"twitter:label1\" content=\"Estimated reading time\" \/>\n\t<meta name=\"twitter:data1\" content=\"3 minutes\" \/>\n<script type=\"application\/ld+json\" class=\"yoast-schema-graph\">{\"@context\":\"https:\\\/\\\/schema.org\",\"@graph\":[{\"@type\":\"WebPage\",\"@id\":\"https:\\\/\\\/cimacanarias.com\\\/things-we-do-in-cima-17-drinking-water-analysis\\\/\",\"url\":\"https:\\\/\\\/cimacanarias.com\\\/things-we-do-in-cima-17-drinking-water-analysis\\\/\",\"name\":\"Things we do in CIMA 17: Drinking water analysis - Centro de Investigaciones Medioambientales del Atl\u00e1ntico\",\"isPartOf\":{\"@id\":\"https:\\\/\\\/cimacanarias.com\\\/#website\"},\"primaryImageOfPage\":{\"@id\":\"https:\\\/\\\/cimacanarias.com\\\/things-we-do-in-cima-17-drinking-water-analysis\\\/#primaryimage\"},\"image\":{\"@id\":\"https:\\\/\\\/cimacanarias.com\\\/things-we-do-in-cima-17-drinking-water-analysis\\\/#primaryimage\"},\"thumbnailUrl\":\"https:\\\/\\\/cimacanarias.com\\\/wp-content\\\/uploads\\\/2020\\\/07\\\/cosas17.jpg\",\"datePublished\":\"2020-11-16T12:32:49+00:00\",\"dateModified\":\"2022-05-17T10:17:35+00:00\",\"description\":\"Centro de Investigaciones Medioambientales del Atl\u00e1ntico, S.L. es una entidad privada especializada en el medio marino que desarrolla asistencias t\u00e9cnicas, proyectos de gesti\u00f3n, an\u00e1lisis e investigaciones marinas.\",\"breadcrumb\":{\"@id\":\"https:\\\/\\\/cimacanarias.com\\\/things-we-do-in-cima-17-drinking-water-analysis\\\/#breadcrumb\"},\"inLanguage\":\"en-GB\",\"potentialAction\":[{\"@type\":\"ReadAction\",\"target\":[\"https:\\\/\\\/cimacanarias.com\\\/things-we-do-in-cima-17-drinking-water-analysis\\\/\"]}]},{\"@type\":\"ImageObject\",\"inLanguage\":\"en-GB\",\"@id\":\"https:\\\/\\\/cimacanarias.com\\\/things-we-do-in-cima-17-drinking-water-analysis\\\/#primaryimage\",\"url\":\"https:\\\/\\\/cimacanarias.com\\\/wp-content\\\/uploads\\\/2020\\\/07\\\/cosas17.jpg\",\"contentUrl\":\"https:\\\/\\\/cimacanarias.com\\\/wp-content\\\/uploads\\\/2020\\\/07\\\/cosas17.jpg\"},{\"@type\":\"BreadcrumbList\",\"@id\":\"https:\\\/\\\/cimacanarias.com\\\/things-we-do-in-cima-17-drinking-water-analysis\\\/#breadcrumb\",\"itemListElement\":[{\"@type\":\"ListItem\",\"position\":1,\"name\":\"Portada\",\"item\":\"https:\\\/\\\/cimacanarias.com\\\/\"},{\"@type\":\"ListItem\",\"position\":2,\"name\":\"Things we do in CIMA 17: Drinking water analysis\"}]},{\"@type\":\"WebSite\",\"@id\":\"https:\\\/\\\/cimacanarias.com\\\/#website\",\"url\":\"https:\\\/\\\/cimacanarias.com\\\/\",\"name\":\"Centro de Investigaciones Medioambientales del Atl\u00e1ntico\",\"description\":\"Centro de Investigaciones Medioambientales del Atl\u00e1ntico, S.L. es una consultora ambiental especializada en el medio marino que desarrolla asistencias t\u00e9cnicas, proyectos de gesti\u00f3n, an\u00e1lisis e investigaciones marinas.\",\"publisher\":{\"@id\":\"https:\\\/\\\/cimacanarias.com\\\/#organization\"},\"potentialAction\":[{\"@type\":\"SearchAction\",\"target\":{\"@type\":\"EntryPoint\",\"urlTemplate\":\"https:\\\/\\\/cimacanarias.com\\\/?s={search_term_string}\"},\"query-input\":{\"@type\":\"PropertyValueSpecification\",\"valueRequired\":true,\"valueName\":\"search_term_string\"}}],\"inLanguage\":\"en-GB\"},{\"@type\":\"Organization\",\"@id\":\"https:\\\/\\\/cimacanarias.com\\\/#organization\",\"name\":\"Centro de Investigaciones Medioambientales del Atl\u00e1ntico, S.L.\",\"url\":\"https:\\\/\\\/cimacanarias.com\\\/\",\"logo\":{\"@type\":\"ImageObject\",\"inLanguage\":\"en-GB\",\"@id\":\"https:\\\/\\\/cimacanarias.com\\\/#\\\/schema\\\/logo\\\/image\\\/\",\"url\":\"https:\\\/\\\/cimacanarias.com\\\/wp-content\\\/uploads\\\/2020\\\/06\\\/logo.png\",\"contentUrl\":\"https:\\\/\\\/cimacanarias.com\\\/wp-content\\\/uploads\\\/2020\\\/06\\\/logo.png\",\"width\":227,\"height\":80,\"caption\":\"Centro de Investigaciones Medioambientales del Atl\u00e1ntico, S.L.\"},\"image\":{\"@id\":\"https:\\\/\\\/cimacanarias.com\\\/#\\\/schema\\\/logo\\\/image\\\/\"}}]}<\/script>\n<!-- \/ Yoast SEO plugin. -->","yoast_head_json":{"title":"Things we do in CIMA 17: Drinking water analysis - Centro de Investigaciones Medioambientales del Atl\u00e1ntico","description":"Centro de Investigaciones Medioambientales del Atl\u00e1ntico, S.L. es una entidad privada especializada en el medio marino que desarrolla asistencias t\u00e9cnicas, proyectos de gesti\u00f3n, an\u00e1lisis e investigaciones marinas.","robots":{"index":"index","follow":"follow","max-snippet":"max-snippet:-1","max-image-preview":"max-image-preview:large","max-video-preview":"max-video-preview:-1"},"canonical":"https:\/\/cimacanarias.com\/en\/things-we-do-in-cima-17-drinking-water-analysis\/","og_locale":"en_GB","og_type":"article","og_title":"Things we do in CIMA 17: Drinking water analysis - Centro de Investigaciones Medioambientales del Atl\u00e1ntico","og_description":"Centro de Investigaciones Medioambientales del Atl\u00e1ntico, S.L. es una entidad privada especializada en el medio marino que desarrolla asistencias t\u00e9cnicas, proyectos de gesti\u00f3n, an\u00e1lisis e investigaciones marinas.","og_url":"https:\/\/cimacanarias.com\/en\/things-we-do-in-cima-17-drinking-water-analysis\/","og_site_name":"Centro de Investigaciones Medioambientales del Atl\u00e1ntico","article_modified_time":"2022-05-17T10:17:35+00:00","og_image":[{"url":"https:\/\/cimacanarias.com\/wp-content\/uploads\/2020\/07\/cosas17.jpg","type":"","width":"","height":""}],"twitter_card":"summary_large_image","twitter_misc":{"Estimated reading time":"3 minutes"},"schema":{"@context":"https:\/\/schema.org","@graph":[{"@type":"WebPage","@id":"https:\/\/cimacanarias.com\/things-we-do-in-cima-17-drinking-water-analysis\/","url":"https:\/\/cimacanarias.com\/things-we-do-in-cima-17-drinking-water-analysis\/","name":"Things we do in CIMA 17: Drinking water analysis - Centro de Investigaciones Medioambientales del Atl\u00e1ntico","isPartOf":{"@id":"https:\/\/cimacanarias.com\/#website"},"primaryImageOfPage":{"@id":"https:\/\/cimacanarias.com\/things-we-do-in-cima-17-drinking-water-analysis\/#primaryimage"},"image":{"@id":"https:\/\/cimacanarias.com\/things-we-do-in-cima-17-drinking-water-analysis\/#primaryimage"},"thumbnailUrl":"https:\/\/cimacanarias.com\/wp-content\/uploads\/2020\/07\/cosas17.jpg","datePublished":"2020-11-16T12:32:49+00:00","dateModified":"2022-05-17T10:17:35+00:00","description":"Centro de Investigaciones Medioambientales del Atl\u00e1ntico, S.L. es una entidad privada especializada en el medio marino que desarrolla asistencias t\u00e9cnicas, proyectos de gesti\u00f3n, an\u00e1lisis e investigaciones marinas.","breadcrumb":{"@id":"https:\/\/cimacanarias.com\/things-we-do-in-cima-17-drinking-water-analysis\/#breadcrumb"},"inLanguage":"en-GB","potentialAction":[{"@type":"ReadAction","target":["https:\/\/cimacanarias.com\/things-we-do-in-cima-17-drinking-water-analysis\/"]}]},{"@type":"ImageObject","inLanguage":"en-GB","@id":"https:\/\/cimacanarias.com\/things-we-do-in-cima-17-drinking-water-analysis\/#primaryimage","url":"https:\/\/cimacanarias.com\/wp-content\/uploads\/2020\/07\/cosas17.jpg","contentUrl":"https:\/\/cimacanarias.com\/wp-content\/uploads\/2020\/07\/cosas17.jpg"},{"@type":"BreadcrumbList","@id":"https:\/\/cimacanarias.com\/things-we-do-in-cima-17-drinking-water-analysis\/#breadcrumb","itemListElement":[{"@type":"ListItem","position":1,"name":"Portada","item":"https:\/\/cimacanarias.com\/"},{"@type":"ListItem","position":2,"name":"Things we do in CIMA 17: Drinking water analysis"}]},{"@type":"WebSite","@id":"https:\/\/cimacanarias.com\/#website","url":"https:\/\/cimacanarias.com\/","name":"Atlantic Center for Environmental Research","description":"Centro de Investigaciones Medioambientales del Atl\u00e1ntico, S.L. es una consultora ambiental especializada en el medio marino que desarrolla asistencias t\u00e9cnicas, proyectos de gesti\u00f3n, an\u00e1lisis e investigaciones marinas.","publisher":{"@id":"https:\/\/cimacanarias.com\/#organization"},"potentialAction":[{"@type":"SearchAction","target":{"@type":"EntryPoint","urlTemplate":"https:\/\/cimacanarias.com\/?s={search_term_string}"},"query-input":{"@type":"PropertyValueSpecification","valueRequired":true,"valueName":"search_term_string"}}],"inLanguage":"en-GB"},{"@type":"Organization","@id":"https:\/\/cimacanarias.com\/#organization","name":"Centro de Investigaciones Medioambientales del Atl\u00e1ntico, S.L.","url":"https:\/\/cimacanarias.com\/","logo":{"@type":"ImageObject","inLanguage":"en-GB","@id":"https:\/\/cimacanarias.com\/#\/schema\/logo\/image\/","url":"https:\/\/cimacanarias.com\/wp-content\/uploads\/2020\/06\/logo.png","contentUrl":"https:\/\/cimacanarias.com\/wp-content\/uploads\/2020\/06\/logo.png","width":227,"height":80,"caption":"Centro de Investigaciones Medioambientales del Atl\u00e1ntico, S.L."},"image":{"@id":"https:\/\/cimacanarias.com\/#\/schema\/logo\/image\/"}}]}},"_links":{"self":[{"href":"https:\/\/cimacanarias.com\/en\/wp-json\/wp\/v2\/pages\/1478","targetHints":{"allow":["GET"]}}],"collection":[{"href":"https:\/\/cimacanarias.com\/en\/wp-json\/wp\/v2\/pages"}],"about":[{"href":"https:\/\/cimacanarias.com\/en\/wp-json\/wp\/v2\/types\/page"}],"author":[{"embeddable":true,"href":"https:\/\/cimacanarias.com\/en\/wp-json\/wp\/v2\/users\/9"}],"replies":[{"embeddable":true,"href":"https:\/\/cimacanarias.com\/en\/wp-json\/wp\/v2\/comments?post=1478"}],"version-history":[{"count":2,"href":"https:\/\/cimacanarias.com\/en\/wp-json\/wp\/v2\/pages\/1478\/revisions"}],"predecessor-version":[{"id":1537,"href":"https:\/\/cimacanarias.com\/en\/wp-json\/wp\/v2\/pages\/1478\/revisions\/1537"}],"wp:attachment":[{"href":"https:\/\/cimacanarias.com\/en\/wp-json\/wp\/v2\/media?parent=1478"}],"curies":[{"name":"wp","href":"https:\/\/api.w.org\/{rel}","templated":true}]}}