{"id":1584,"date":"2020-11-18T14:06:22","date_gmt":"2020-11-18T14:06:22","guid":{"rendered":"http:\/\/cimacanarias.com\/?page_id=1584"},"modified":"2022-05-17T09:34:23","modified_gmt":"2022-05-17T09:34:23","slug":"previous-rdi-projects","status":"publish","type":"page","link":"https:\/\/cimacanarias.com\/en\/previous-rdi-projects\/","title":{"rendered":"Previous R+D+i projects"},"content":{"rendered":"<div class=\"wp-block-media-text alignwide is-stacked-on-mobile\" style=\"grid-template-columns:15% auto\"><figure class=\"wp-block-media-text__media\"><img loading=\"lazy\" decoding=\"async\" width=\"1296\" height=\"1101\" src=\"https:\/\/cimacanarias.com\/wp-content\/uploads\/2022\/05\/2018_06_MIMAR-GC_Buceo-R-S-Codo_MRGC-13.jpg\" alt=\"\" class=\"wp-image-2091 size-full\" srcset=\"https:\/\/cimacanarias.com\/wp-content\/uploads\/2022\/05\/2018_06_MIMAR-GC_Buceo-R-S-Codo_MRGC-13.jpg 1296w, https:\/\/cimacanarias.com\/wp-content\/uploads\/2022\/05\/2018_06_MIMAR-GC_Buceo-R-S-Codo_MRGC-13-300x255.jpg 300w, https:\/\/cimacanarias.com\/wp-content\/uploads\/2022\/05\/2018_06_MIMAR-GC_Buceo-R-S-Codo_MRGC-13-768x652.jpg 768w\" sizes=\"auto, (max-width: 1296px) 100vw, 1296px\" \/><\/figure><div class=\"wp-block-media-text__content\">\n<p style=\"font-size:16px\">\u2013 Characterization and monitoring of the introduction of marine species in the ports of the Canary Islands promoted by the Government of the Canary Islands (2019 \u2013 2021)<\/p>\n<\/div><\/div>\n\n\n\n<hr>\n\n\n\n<div class=\"wp-block-media-text alignwide is-stacked-on-mobile\" style=\"grid-template-columns:15% auto\"><figure class=\"wp-block-media-text__media\"><img loading=\"lazy\" decoding=\"async\" width=\"657\" height=\"511\" src=\"https:\/\/cimacanarias.com\/wp-content\/uploads\/2022\/05\/vlcsnap-2019-12-10-09h56m29s583.jpg\" alt=\"\" class=\"wp-image-2092 size-full\" srcset=\"https:\/\/cimacanarias.com\/wp-content\/uploads\/2022\/05\/vlcsnap-2019-12-10-09h56m29s583.jpg 657w, https:\/\/cimacanarias.com\/wp-content\/uploads\/2022\/05\/vlcsnap-2019-12-10-09h56m29s583-300x233.jpg 300w\" sizes=\"auto, (max-width: 657px) 100vw, 657px\" \/><\/figure><div class=\"wp-block-media-text__content\">\n<p style=\"font-size:16px\">\u2013 Characterization of the deep communities of zoanthids (Savalia savaglia and Antipathozoanthus macaronesicus) in the environment of the Chinijo Archipelago promoted by the Government of the Canary Islands (2019-2020)<\/p>\n<\/div><\/div>\n\n\n\n<hr>\n\n\n\n<div class=\"wp-block-media-text alignwide is-stacked-on-mobile\" style=\"grid-template-columns:15% auto\"><figure class=\"wp-block-media-text__media\"><img loading=\"lazy\" decoding=\"async\" width=\"2048\" height=\"1638\" src=\"https:\/\/cimacanarias.com\/wp-content\/uploads\/2022\/05\/2021_08_AEROGEN_ROV-y-Nautilus-6-min-2048x1638.jpg\" alt=\"\" class=\"wp-image-2093 size-full\" srcset=\"https:\/\/cimacanarias.com\/wp-content\/uploads\/2022\/05\/2021_08_AEROGEN_ROV-y-Nautilus-6-min-2048x1638.jpg 2048w, https:\/\/cimacanarias.com\/wp-content\/uploads\/2022\/05\/2021_08_AEROGEN_ROV-y-Nautilus-6-min-300x240.jpg 300w, https:\/\/cimacanarias.com\/wp-content\/uploads\/2022\/05\/2021_08_AEROGEN_ROV-y-Nautilus-6-min-768x614.jpg 768w, https:\/\/cimacanarias.com\/wp-content\/uploads\/2022\/05\/2021_08_AEROGEN_ROV-y-Nautilus-6-min-1536x1228.jpg 1536w\" sizes=\"auto, (max-width: 2048px) 100vw, 2048px\" \/><\/figure><div class=\"wp-block-media-text__content\">\n<p style=\"font-size:16px\">\u2013 Environmental studies of the marine environment as a preliminary phase to determine the environmental viability and the possible impacts that can be generated by offshore wind farms in the Canary Islands.&nbsp;(2019-2021)<\/p>\n<\/div><\/div>\n\n\n\n<hr>\n\n\n\n<p style=\"font-size:16px\">\u2013 European project&nbsp;&nbsp;<strong>BIOTRANSFER 2<\/strong>&nbsp;.&nbsp;Co-financed by FEDER funds through the INTERREG VA MAC 2014-2020 Program.<\/p>\n\n\n\n<hr>\n\n\n\n<p style=\"font-size:16px\"><strong>\u2013 MIMAR<\/strong>&nbsp;European&nbsp; project&nbsp;.&nbsp;Promoted by the Government of the Canary Islands and co-financed by FEDER funds through the INTERREG VA MAC 2014-2020 Program.<\/p>\n\n\n\n<hr>\n\n\n\n<p><strong>\u2013 Equipment Development<\/strong>&nbsp;Project&nbsp; for underwater prospecting and exploration&nbsp;.&nbsp;Co-financed by the European Regional Development Fund through the Grants for investment projects of small and medium-sized companies in the Canary Islands for 2018 of the Government of the Canary Islands.<\/p>\n\n\n\n<hr>\n\n\n\n<p>\u2013 Equipment Project&nbsp;&nbsp;<strong>for the generation of new marine environmental management services in relation to land discharges into the sea of \u200b\u200bwastewater and industrial water<\/strong>&nbsp;.&nbsp;Co-financed by the European Regional Development Fund through the Grants for investment projects of small and medium-sized companies in the Canary Islands for 2019 of the Government of the Canary Islands.<\/p>\n\n\n\n<hr>\n\n\n<p><\/p>\n<div class=\"clearfix\">\n<div class=\"pull-left\"><a href=\"https:\/\/cimacanarias.com\/index.php\/i-d-i\/203-canamod\"><img decoding=\"async\" class=\"img-responsive alignleft\" src=\"https:\/\/cimacanarias.com\/images\/servicios\/_canamodp.jpg\" alt=\"\"><\/a><\/div>\n<p><a href=\"https:\/\/cimacanarias.com\/index.php\/i-d-i\/203-canamod\"><br><\/a><a href=\"https:\/\/cimacanarias.com\/wp-content\/uploads\/2020\/09\/canamod.jpg\"><img loading=\"lazy\" decoding=\"async\" class=\"alignleft wp-image-1114\" src=\"https:\/\/cimacanarias.com\/wp-content\/uploads\/2020\/09\/canamod.jpg\" alt=\"\" width=\"138\" height=\"138\" srcset=\"https:\/\/cimacanarias.com\/wp-content\/uploads\/2020\/09\/canamod.jpg 550w, https:\/\/cimacanarias.com\/wp-content\/uploads\/2020\/09\/canamod-300x300.jpg 300w, https:\/\/cimacanarias.com\/wp-content\/uploads\/2020\/09\/canamod-150x150.jpg 150w\" sizes=\"auto, (max-width: 138px) 100vw, 138px\" \/><\/a><\/p>\n<p><a href=\"https:\/\/cimacanarias.com\/en\/canamod_\/\" target=\"_blank\" rel=\"noopener noreferrer\">&#8211; CANAMOD<\/a>: &#8211; CANAMOD: Modeling tool for the prediction of the environmental response to the material deposition coming from offshore cages from the Canary Islands.<\/p>\n<\/div>\n<div>&nbsp;<\/div>\n<div class=\"clearfix\">\n<hr>\n<div class=\"clearfix\">\n<div class=\"pull-left\"><a href=\"https:\/\/cimacanarias.com\/index.php\/i-d-i\/204-presapul\"><img decoding=\"async\" class=\"img-responsive alignleft\" src=\"https:\/\/cimacanarias.com\/images\/servicios\/_presapulp.jpg\" alt=\"\"><\/a><\/div>\n<p><a href=\"https:\/\/cimacanarias.com\/index.php\/i-d-i\/204-presapul\"><br><\/a><a href=\"https:\/\/cimacanarias.com\/wp-content\/uploads\/2020\/09\/presapul.jpg\"><img loading=\"lazy\" decoding=\"async\" class=\"alignleft wp-image-1121\" src=\"https:\/\/cimacanarias.com\/wp-content\/uploads\/2020\/09\/presapul-150x150.jpg\" alt=\"\" width=\"138\" height=\"138\" srcset=\"https:\/\/cimacanarias.com\/wp-content\/uploads\/2020\/09\/presapul-150x150.jpg 150w, https:\/\/cimacanarias.com\/wp-content\/uploads\/2020\/09\/presapul-300x300.jpg 300w, https:\/\/cimacanarias.com\/wp-content\/uploads\/2020\/09\/presapul.jpg 550w\" sizes=\"auto, (max-width: 138px) 100vw, 138px\" \/><\/a><\/p>\n<p><a href=\"https:\/\/cimacanarias.com\/en\/presapul_\/\" target=\"_blank\" rel=\"noopener noreferrer\">&#8211; PRESAPUL<\/a>: Use of alternative preys for octopus (<em>Octopus vulgaris<\/em>) larvae growth.<\/p>\n<\/div>\n<div>&nbsp;<\/div>\n<div class=\"clearfix\">\n<hr>\n<div class=\"clearfix\">\n<div class=\"pull-left\"><a href=\"https:\/\/cimacanarias.com\/index.php\/i-d-i\/205-macaromod\"><img decoding=\"async\" class=\"img-responsive alignleft\" src=\"https:\/\/cimacanarias.com\/images\/servicios\/_macaromodp.jpg\" alt=\"\"><\/a><\/div>\n<p><a href=\"https:\/\/cimacanarias.com\/index.php\/i-d-i\/205-macaromod\"><br><\/a><a href=\"https:\/\/cimacanarias.com\/wp-content\/uploads\/2020\/09\/macaromod-1.jpg\"><img loading=\"lazy\" decoding=\"async\" class=\"alignleft wp-image-1118\" src=\"https:\/\/cimacanarias.com\/wp-content\/uploads\/2020\/09\/macaromod-1-150x150.jpg\" alt=\"\" width=\"138\" height=\"138\" srcset=\"https:\/\/cimacanarias.com\/wp-content\/uploads\/2020\/09\/macaromod-1-150x150.jpg 150w, https:\/\/cimacanarias.com\/wp-content\/uploads\/2020\/09\/macaromod-1-300x300.jpg 300w, https:\/\/cimacanarias.com\/wp-content\/uploads\/2020\/09\/macaromod-1.jpg 550w\" sizes=\"auto, (max-width: 138px) 100vw, 138px\" \/><\/a><\/p>\n<p><a href=\"https:\/\/cimacanarias.com\/en\/macaromod_\/\" target=\"_blank\" rel=\"noopener noreferrer\">&#8211; MACAROMOD<\/a>: Dispersion of organic matter coming from aquaculture farms: development of a mathematical model to guarantee environmental sustainability.<\/p>\n<\/div>\n<div>&nbsp;<\/div>\n<div class=\"clearfix\">\n<hr>\n<div class=\"clearfix\">\n<div class=\"pull-left\"><a href=\"https:\/\/cimacanarias.com\/index.php\/i-d-i\/206-afeccion-salmuera\"><img decoding=\"async\" class=\"img-responsive alignleft\" src=\"https:\/\/cimacanarias.com\/images\/servicios\/_salmuerap.jpg\" alt=\"\"><\/a><\/div>\n<p><a href=\"https:\/\/cimacanarias.com\/index.php\/i-d-i\/206-afeccion-salmuera\"><br><\/a><a href=\"https:\/\/cimacanarias.com\/wp-content\/uploads\/2020\/09\/salmuera.jpg\"><img loading=\"lazy\" decoding=\"async\" class=\"alignleft wp-image-1124\" src=\"https:\/\/cimacanarias.com\/wp-content\/uploads\/2020\/09\/salmuera-150x150.jpg\" alt=\"\" width=\"138\" height=\"138\" srcset=\"https:\/\/cimacanarias.com\/wp-content\/uploads\/2020\/09\/salmuera-150x150.jpg 150w, https:\/\/cimacanarias.com\/wp-content\/uploads\/2020\/09\/salmuera-300x300.jpg 300w, https:\/\/cimacanarias.com\/wp-content\/uploads\/2020\/09\/salmuera.jpg 550w\" sizes=\"auto, (max-width: 138px) 100vw, 138px\" \/><\/a><\/p>\n<p><a href=\"https:\/\/cimacanarias.com\/en\/brine-impact\/\" target=\"_blank\" rel=\"noopener noreferrer\">&#8211; Brine impact:<\/a> Minimization of brine disposal impacts on seabed biodiversity, with special reference to the <em>Cymodocea nodosa<\/em> meadows.<\/p>\n<\/div>\n<div>&nbsp;<\/div>\n<div class=\"clearfix\">\n<hr>\n<p align=\"justify\">\n<\/p><\/div>\n<\/div>\n<\/div>\n<\/div>\n\n\n<p>Visit our&nbsp;<strong><a href=\"https:\/\/cimacanarias.com\/en\/rdi-projects\/\">projects section<\/a><\/strong>&nbsp;to learn more about the activity we carry out at CIMA SL to investigate and help investigate the marine environment.<\/p>","protected":false},"excerpt":{"rendered":"<p>\u2013 Characterization and monitoring of the introduction of marine species in the ports of the Canary Islands promoted by the [&hellip;]<\/p>\n","protected":false},"author":9,"featured_media":0,"parent":0,"menu_order":0,"comment_status":"closed","ping_status":"closed","template":"","meta":{"footnotes":""},"class_list":["post-1584","page","type-page","status-publish","hentry"],"yoast_head":"<!-- This site is optimized with the Yoast SEO plugin v27.3 - https:\/\/yoast.com\/product\/yoast-seo-wordpress\/ -->\n<title>Previous R+D+i projects - Centro de Investigaciones Medioambientales del Atl\u00e1ntico<\/title>\n<meta name=\"description\" content=\"Centro de Investigaciones Medioambientales del Atl\u00e1ntico, S.L. es una entidad privada especializada en el medio marino que desarrolla asistencias t\u00e9cnicas, proyectos de gesti\u00f3n, an\u00e1lisis e investigaciones marinas.\" \/>\n<meta name=\"robots\" content=\"index, follow, max-snippet:-1, max-image-preview:large, max-video-preview:-1\" \/>\n<link rel=\"canonical\" href=\"https:\/\/cimacanarias.com\/en\/previous-rdi-projects\/\" \/>\n<meta property=\"og:locale\" content=\"en_GB\" \/>\n<meta property=\"og:type\" content=\"article\" \/>\n<meta property=\"og:title\" content=\"Previous R+D+i projects - Centro de Investigaciones Medioambientales del Atl\u00e1ntico\" \/>\n<meta property=\"og:description\" content=\"Centro de Investigaciones Medioambientales del Atl\u00e1ntico, S.L. es una entidad privada especializada en el medio marino que desarrolla asistencias t\u00e9cnicas, proyectos de gesti\u00f3n, an\u00e1lisis e investigaciones marinas.\" \/>\n<meta property=\"og:url\" content=\"https:\/\/cimacanarias.com\/en\/previous-rdi-projects\/\" \/>\n<meta property=\"og:site_name\" content=\"Centro de Investigaciones Medioambientales del Atl\u00e1ntico\" \/>\n<meta property=\"article:modified_time\" content=\"2022-05-17T09:34:23+00:00\" \/>\n<meta property=\"og:image\" content=\"https:\/\/cimacanarias.com\/wp-content\/uploads\/2022\/05\/2018_06_MIMAR-GC_Buceo-R-S-Codo_MRGC-13.jpg\" \/>\n<meta name=\"twitter:card\" content=\"summary_large_image\" \/>\n<meta name=\"twitter:label1\" content=\"Estimated reading time\" \/>\n\t<meta name=\"twitter:data1\" content=\"4 minutes\" \/>\n<script type=\"application\/ld+json\" class=\"yoast-schema-graph\">{\"@context\":\"https:\\\/\\\/schema.org\",\"@graph\":[{\"@type\":\"WebPage\",\"@id\":\"https:\\\/\\\/cimacanarias.com\\\/previous-rdi-projects\\\/\",\"url\":\"https:\\\/\\\/cimacanarias.com\\\/previous-rdi-projects\\\/\",\"name\":\"Previous R+D+i projects - Centro de Investigaciones Medioambientales del Atl\u00e1ntico\",\"isPartOf\":{\"@id\":\"https:\\\/\\\/cimacanarias.com\\\/#website\"},\"primaryImageOfPage\":{\"@id\":\"https:\\\/\\\/cimacanarias.com\\\/previous-rdi-projects\\\/#primaryimage\"},\"image\":{\"@id\":\"https:\\\/\\\/cimacanarias.com\\\/previous-rdi-projects\\\/#primaryimage\"},\"thumbnailUrl\":\"https:\\\/\\\/cimacanarias.com\\\/wp-content\\\/uploads\\\/2022\\\/05\\\/2018_06_MIMAR-GC_Buceo-R-S-Codo_MRGC-13.jpg\",\"datePublished\":\"2020-11-18T14:06:22+00:00\",\"dateModified\":\"2022-05-17T09:34:23+00:00\",\"description\":\"Centro de Investigaciones Medioambientales del Atl\u00e1ntico, S.L. es una entidad privada especializada en el medio marino que desarrolla asistencias t\u00e9cnicas, proyectos de gesti\u00f3n, an\u00e1lisis e investigaciones marinas.\",\"breadcrumb\":{\"@id\":\"https:\\\/\\\/cimacanarias.com\\\/previous-rdi-projects\\\/#breadcrumb\"},\"inLanguage\":\"en-GB\",\"potentialAction\":[{\"@type\":\"ReadAction\",\"target\":[\"https:\\\/\\\/cimacanarias.com\\\/previous-rdi-projects\\\/\"]}]},{\"@type\":\"ImageObject\",\"inLanguage\":\"en-GB\",\"@id\":\"https:\\\/\\\/cimacanarias.com\\\/previous-rdi-projects\\\/#primaryimage\",\"url\":\"https:\\\/\\\/cimacanarias.com\\\/wp-content\\\/uploads\\\/2022\\\/05\\\/2018_06_MIMAR-GC_Buceo-R-S-Codo_MRGC-13.jpg\",\"contentUrl\":\"https:\\\/\\\/cimacanarias.com\\\/wp-content\\\/uploads\\\/2022\\\/05\\\/2018_06_MIMAR-GC_Buceo-R-S-Codo_MRGC-13.jpg\"},{\"@type\":\"BreadcrumbList\",\"@id\":\"https:\\\/\\\/cimacanarias.com\\\/previous-rdi-projects\\\/#breadcrumb\",\"itemListElement\":[{\"@type\":\"ListItem\",\"position\":1,\"name\":\"Portada\",\"item\":\"https:\\\/\\\/cimacanarias.com\\\/\"},{\"@type\":\"ListItem\",\"position\":2,\"name\":\"Previous R+D+i projects\"}]},{\"@type\":\"WebSite\",\"@id\":\"https:\\\/\\\/cimacanarias.com\\\/#website\",\"url\":\"https:\\\/\\\/cimacanarias.com\\\/\",\"name\":\"Centro de Investigaciones Medioambientales del Atl\u00e1ntico\",\"description\":\"Centro de Investigaciones Medioambientales del Atl\u00e1ntico, S.L. es una consultora ambiental especializada en el medio marino que desarrolla asistencias t\u00e9cnicas, proyectos de gesti\u00f3n, an\u00e1lisis e investigaciones marinas.\",\"publisher\":{\"@id\":\"https:\\\/\\\/cimacanarias.com\\\/#organization\"},\"potentialAction\":[{\"@type\":\"SearchAction\",\"target\":{\"@type\":\"EntryPoint\",\"urlTemplate\":\"https:\\\/\\\/cimacanarias.com\\\/?s={search_term_string}\"},\"query-input\":{\"@type\":\"PropertyValueSpecification\",\"valueRequired\":true,\"valueName\":\"search_term_string\"}}],\"inLanguage\":\"en-GB\"},{\"@type\":\"Organization\",\"@id\":\"https:\\\/\\\/cimacanarias.com\\\/#organization\",\"name\":\"Centro de Investigaciones Medioambientales del Atl\u00e1ntico, S.L.\",\"url\":\"https:\\\/\\\/cimacanarias.com\\\/\",\"logo\":{\"@type\":\"ImageObject\",\"inLanguage\":\"en-GB\",\"@id\":\"https:\\\/\\\/cimacanarias.com\\\/#\\\/schema\\\/logo\\\/image\\\/\",\"url\":\"https:\\\/\\\/cimacanarias.com\\\/wp-content\\\/uploads\\\/2020\\\/06\\\/logo.png\",\"contentUrl\":\"https:\\\/\\\/cimacanarias.com\\\/wp-content\\\/uploads\\\/2020\\\/06\\\/logo.png\",\"width\":227,\"height\":80,\"caption\":\"Centro de Investigaciones Medioambientales del Atl\u00e1ntico, S.L.\"},\"image\":{\"@id\":\"https:\\\/\\\/cimacanarias.com\\\/#\\\/schema\\\/logo\\\/image\\\/\"}}]}<\/script>\n<!-- \/ Yoast SEO plugin. -->","yoast_head_json":{"title":"Previous R+D+i projects - Centro de Investigaciones Medioambientales del Atl\u00e1ntico","description":"Centro de Investigaciones Medioambientales del Atl\u00e1ntico, S.L. es una entidad privada especializada en el medio marino que desarrolla asistencias t\u00e9cnicas, proyectos de gesti\u00f3n, an\u00e1lisis e investigaciones marinas.","robots":{"index":"index","follow":"follow","max-snippet":"max-snippet:-1","max-image-preview":"max-image-preview:large","max-video-preview":"max-video-preview:-1"},"canonical":"https:\/\/cimacanarias.com\/en\/previous-rdi-projects\/","og_locale":"en_GB","og_type":"article","og_title":"Previous R+D+i projects - Centro de Investigaciones Medioambientales del Atl\u00e1ntico","og_description":"Centro de Investigaciones Medioambientales del Atl\u00e1ntico, S.L. es una entidad privada especializada en el medio marino que desarrolla asistencias t\u00e9cnicas, proyectos de gesti\u00f3n, an\u00e1lisis e investigaciones marinas.","og_url":"https:\/\/cimacanarias.com\/en\/previous-rdi-projects\/","og_site_name":"Centro de Investigaciones Medioambientales del Atl\u00e1ntico","article_modified_time":"2022-05-17T09:34:23+00:00","og_image":[{"url":"https:\/\/cimacanarias.com\/wp-content\/uploads\/2022\/05\/2018_06_MIMAR-GC_Buceo-R-S-Codo_MRGC-13.jpg","type":"","width":"","height":""}],"twitter_card":"summary_large_image","twitter_misc":{"Estimated reading time":"4 minutes"},"schema":{"@context":"https:\/\/schema.org","@graph":[{"@type":"WebPage","@id":"https:\/\/cimacanarias.com\/previous-rdi-projects\/","url":"https:\/\/cimacanarias.com\/previous-rdi-projects\/","name":"Previous R+D+i projects - Centro de Investigaciones Medioambientales del Atl\u00e1ntico","isPartOf":{"@id":"https:\/\/cimacanarias.com\/#website"},"primaryImageOfPage":{"@id":"https:\/\/cimacanarias.com\/previous-rdi-projects\/#primaryimage"},"image":{"@id":"https:\/\/cimacanarias.com\/previous-rdi-projects\/#primaryimage"},"thumbnailUrl":"https:\/\/cimacanarias.com\/wp-content\/uploads\/2022\/05\/2018_06_MIMAR-GC_Buceo-R-S-Codo_MRGC-13.jpg","datePublished":"2020-11-18T14:06:22+00:00","dateModified":"2022-05-17T09:34:23+00:00","description":"Centro de Investigaciones Medioambientales del Atl\u00e1ntico, S.L. es una entidad privada especializada en el medio marino que desarrolla asistencias t\u00e9cnicas, proyectos de gesti\u00f3n, an\u00e1lisis e investigaciones marinas.","breadcrumb":{"@id":"https:\/\/cimacanarias.com\/previous-rdi-projects\/#breadcrumb"},"inLanguage":"en-GB","potentialAction":[{"@type":"ReadAction","target":["https:\/\/cimacanarias.com\/previous-rdi-projects\/"]}]},{"@type":"ImageObject","inLanguage":"en-GB","@id":"https:\/\/cimacanarias.com\/previous-rdi-projects\/#primaryimage","url":"https:\/\/cimacanarias.com\/wp-content\/uploads\/2022\/05\/2018_06_MIMAR-GC_Buceo-R-S-Codo_MRGC-13.jpg","contentUrl":"https:\/\/cimacanarias.com\/wp-content\/uploads\/2022\/05\/2018_06_MIMAR-GC_Buceo-R-S-Codo_MRGC-13.jpg"},{"@type":"BreadcrumbList","@id":"https:\/\/cimacanarias.com\/previous-rdi-projects\/#breadcrumb","itemListElement":[{"@type":"ListItem","position":1,"name":"Portada","item":"https:\/\/cimacanarias.com\/"},{"@type":"ListItem","position":2,"name":"Previous R+D+i projects"}]},{"@type":"WebSite","@id":"https:\/\/cimacanarias.com\/#website","url":"https:\/\/cimacanarias.com\/","name":"Atlantic Center for Environmental Research","description":"Centro de Investigaciones Medioambientales del Atl\u00e1ntico, S.L. es una consultora ambiental especializada en el medio marino que desarrolla asistencias t\u00e9cnicas, proyectos de gesti\u00f3n, an\u00e1lisis e investigaciones marinas.","publisher":{"@id":"https:\/\/cimacanarias.com\/#organization"},"potentialAction":[{"@type":"SearchAction","target":{"@type":"EntryPoint","urlTemplate":"https:\/\/cimacanarias.com\/?s={search_term_string}"},"query-input":{"@type":"PropertyValueSpecification","valueRequired":true,"valueName":"search_term_string"}}],"inLanguage":"en-GB"},{"@type":"Organization","@id":"https:\/\/cimacanarias.com\/#organization","name":"Centro de Investigaciones Medioambientales del Atl\u00e1ntico, S.L.","url":"https:\/\/cimacanarias.com\/","logo":{"@type":"ImageObject","inLanguage":"en-GB","@id":"https:\/\/cimacanarias.com\/#\/schema\/logo\/image\/","url":"https:\/\/cimacanarias.com\/wp-content\/uploads\/2020\/06\/logo.png","contentUrl":"https:\/\/cimacanarias.com\/wp-content\/uploads\/2020\/06\/logo.png","width":227,"height":80,"caption":"Centro de Investigaciones Medioambientales del Atl\u00e1ntico, S.L."},"image":{"@id":"https:\/\/cimacanarias.com\/#\/schema\/logo\/image\/"}}]}},"_links":{"self":[{"href":"https:\/\/cimacanarias.com\/en\/wp-json\/wp\/v2\/pages\/1584","targetHints":{"allow":["GET"]}}],"collection":[{"href":"https:\/\/cimacanarias.com\/en\/wp-json\/wp\/v2\/pages"}],"about":[{"href":"https:\/\/cimacanarias.com\/en\/wp-json\/wp\/v2\/types\/page"}],"author":[{"embeddable":true,"href":"https:\/\/cimacanarias.com\/en\/wp-json\/wp\/v2\/users\/9"}],"replies":[{"embeddable":true,"href":"https:\/\/cimacanarias.com\/en\/wp-json\/wp\/v2\/comments?post=1584"}],"version-history":[{"count":5,"href":"https:\/\/cimacanarias.com\/en\/wp-json\/wp\/v2\/pages\/1584\/revisions"}],"predecessor-version":[{"id":2140,"href":"https:\/\/cimacanarias.com\/en\/wp-json\/wp\/v2\/pages\/1584\/revisions\/2140"}],"wp:attachment":[{"href":"https:\/\/cimacanarias.com\/en\/wp-json\/wp\/v2\/media?parent=1584"}],"curies":[{"name":"wp","href":"https:\/\/api.w.org\/{rel}","templated":true}]}}