{"id":1587,"date":"2020-11-18T14:26:29","date_gmt":"2020-11-18T14:26:29","guid":{"rendered":"http:\/\/cimacanarias.com\/?page_id=1587"},"modified":"2022-05-17T09:44:48","modified_gmt":"2022-05-17T09:44:48","slug":"1587-2","status":"publish","type":"page","link":"https:\/\/cimacanarias.com\/en\/1587-2\/","title":{"rendered":"Cartography"},"content":{"rendered":"<p align=\"justify\"><a href=\"https:\/\/cimacanarias.com\/wp-content\/uploads\/2020\/09\/cartografia.jpg\"><img loading=\"lazy\" decoding=\"async\" class=\"alignright wp-image-1075\" src=\"https:\/\/cimacanarias.com\/wp-content\/uploads\/2020\/09\/cartografia.jpg\" alt=\"\" width=\"400\" height=\"400\" srcset=\"https:\/\/cimacanarias.com\/wp-content\/uploads\/2020\/09\/cartografia.jpg 550w, https:\/\/cimacanarias.com\/wp-content\/uploads\/2020\/09\/cartografia-300x300.jpg 300w, https:\/\/cimacanarias.com\/wp-content\/uploads\/2020\/09\/cartografia-150x150.jpg 150w\" sizes=\"auto, (max-width: 400px) 100vw, 400px\" \/><\/a><\/p>\n<p>Construction of submarine outfalls, placement of communication cables, marine prospections, construction of docks and ports, artificial reefs, etc. are some of the actions that thuman beings make at sea and that affect the seabed. Knowing the distribution of many of the species that inhabit these funds is necessary to protect them and not damage them with this sort of actions.<\/p>\n<p>Our company realizes high-resolution underwater mapping, using the latest generation equipment and instrumentation. The transversal labor of this department serves as a support unit for realization of cartographies for different ongoing projects and currently is developing an extensive mapping research with the use of remote video and side-scan sonar within the project <strong>\u00ab<em>Cymodocea nodosa<\/em> Cartography on Tenerife and La Gomera\u201d<\/strong>.<\/p>\n<p>At the moment, remote video is essential to map underwater species populations and, its use with the sonar, gives much more detailed and accurate results. In this <strong>\u00abThings we do in CIMA\u00bb <a href=\"https:\/\/cimacanarias.com\/en\/things-we-do-in-cima-2-sea-grass-meadows-cartography\/\" target=\"_blank\" rel=\"noopener noreferrer\">video<\/a><\/strong>, we briefly explain how we use the video in these plant species cartography projects.<\/p>\n<p>Side-scan sonar (SBL) is a type of sonar system (uses the propagation of sound underwater) to obtain digital images of the surface of the seabed, ie a vision or \u00abpseudophoto\u00bb of its appearance without the water that covers it.<\/p>\n<p>&nbsp;<\/p>\n<p><center><\/center><a href=\"https:\/\/cimacanarias.com\/wp-content\/uploads\/2020\/06\/18_blog09-sonar2.jpg\"><img loading=\"lazy\" decoding=\"async\" class=\"wp-image-587 size-full\" src=\"https:\/\/cimacanarias.com\/wp-content\/uploads\/2020\/06\/18_blog09-sonar2.jpg\" alt=\"\" width=\"974\" height=\"380\" srcset=\"https:\/\/cimacanarias.com\/wp-content\/uploads\/2020\/06\/18_blog09-sonar2.jpg 974w, https:\/\/cimacanarias.com\/wp-content\/uploads\/2020\/06\/18_blog09-sonar2-300x117.jpg 300w, https:\/\/cimacanarias.com\/wp-content\/uploads\/2020\/06\/18_blog09-sonar2-768x300.jpg 768w\" sizes=\"auto, (max-width: 974px) 100vw, 974px\" \/><\/a><\/p>\n<p>&nbsp;<\/p>\n<p>Its most common applications include detailed mapping of habitats and communities of large sectors of the seabed, location of pipes, viaducts or cables, searching for objects or submerged archaeological sites and shipwrecks location.<\/p>\n<p>Do you want to know more about the cartography we do? <a href=\"https:\/\/cimacanarias.com\/en\/2018\/02\/16\/la-cartografia-en-cima-i\/\" target=\"_blank\" rel=\"noopener noreferrer\"><strong>Here<\/strong><\/a> you have an article (in Spanish) in which we explain its importance for our projects.<\/p>","protected":false},"excerpt":{"rendered":"<p>Construction of submarine outfalls, placement of communication cables, marine prospections, construction of docks and ports, artificial reefs, etc. are some [&hellip;]<\/p>\n","protected":false},"author":9,"featured_media":0,"parent":0,"menu_order":0,"comment_status":"closed","ping_status":"closed","template":"","meta":{"footnotes":""},"class_list":["post-1587","page","type-page","status-publish","hentry"],"yoast_head":"<!-- This site is optimized with the Yoast SEO plugin v27.4 - https:\/\/yoast.com\/product\/yoast-seo-wordpress\/ -->\n<title>Cartography - Centro de Investigaciones Medioambientales del Atl\u00e1ntico<\/title>\n<meta name=\"description\" content=\"Centro de Investigaciones Medioambientales del Atl\u00e1ntico, S.L. es una entidad privada especializada en el medio marino que desarrolla asistencias t\u00e9cnicas, proyectos de gesti\u00f3n, an\u00e1lisis e investigaciones marinas.\" \/>\n<meta name=\"robots\" content=\"index, follow, max-snippet:-1, max-image-preview:large, max-video-preview:-1\" \/>\n<link rel=\"canonical\" href=\"https:\/\/cimacanarias.com\/en\/1587-2\/\" \/>\n<meta property=\"og:locale\" content=\"en_GB\" \/>\n<meta property=\"og:type\" content=\"article\" \/>\n<meta property=\"og:title\" content=\"Cartography - Centro de Investigaciones Medioambientales del Atl\u00e1ntico\" \/>\n<meta property=\"og:description\" content=\"Centro de Investigaciones Medioambientales del Atl\u00e1ntico, S.L. es una entidad privada especializada en el medio marino que desarrolla asistencias t\u00e9cnicas, proyectos de gesti\u00f3n, an\u00e1lisis e investigaciones marinas.\" \/>\n<meta property=\"og:url\" content=\"https:\/\/cimacanarias.com\/en\/1587-2\/\" \/>\n<meta property=\"og:site_name\" content=\"Centro de Investigaciones Medioambientales del Atl\u00e1ntico\" \/>\n<meta property=\"article:modified_time\" content=\"2022-05-17T09:44:48+00:00\" \/>\n<meta property=\"og:image\" content=\"https:\/\/cimacanarias.com\/wp-content\/uploads\/2020\/09\/cartografia.jpg\" \/>\n<meta name=\"twitter:card\" content=\"summary_large_image\" \/>\n<meta name=\"twitter:label1\" content=\"Estimated reading time\" \/>\n\t<meta name=\"twitter:data1\" content=\"2 minutes\" \/>\n<script type=\"application\/ld+json\" class=\"yoast-schema-graph\">{\"@context\":\"https:\\\/\\\/schema.org\",\"@graph\":[{\"@type\":\"WebPage\",\"@id\":\"https:\\\/\\\/cimacanarias.com\\\/1587-2\\\/\",\"url\":\"https:\\\/\\\/cimacanarias.com\\\/1587-2\\\/\",\"name\":\"Cartography - Centro de Investigaciones Medioambientales del Atl\u00e1ntico\",\"isPartOf\":{\"@id\":\"https:\\\/\\\/cimacanarias.com\\\/#website\"},\"primaryImageOfPage\":{\"@id\":\"https:\\\/\\\/cimacanarias.com\\\/1587-2\\\/#primaryimage\"},\"image\":{\"@id\":\"https:\\\/\\\/cimacanarias.com\\\/1587-2\\\/#primaryimage\"},\"thumbnailUrl\":\"https:\\\/\\\/cimacanarias.com\\\/wp-content\\\/uploads\\\/2020\\\/09\\\/cartografia.jpg\",\"datePublished\":\"2020-11-18T14:26:29+00:00\",\"dateModified\":\"2022-05-17T09:44:48+00:00\",\"description\":\"Centro de Investigaciones Medioambientales del Atl\u00e1ntico, S.L. es una entidad privada especializada en el medio marino que desarrolla asistencias t\u00e9cnicas, proyectos de gesti\u00f3n, an\u00e1lisis e investigaciones marinas.\",\"breadcrumb\":{\"@id\":\"https:\\\/\\\/cimacanarias.com\\\/1587-2\\\/#breadcrumb\"},\"inLanguage\":\"en-GB\",\"potentialAction\":[{\"@type\":\"ReadAction\",\"target\":[\"https:\\\/\\\/cimacanarias.com\\\/1587-2\\\/\"]}]},{\"@type\":\"ImageObject\",\"inLanguage\":\"en-GB\",\"@id\":\"https:\\\/\\\/cimacanarias.com\\\/1587-2\\\/#primaryimage\",\"url\":\"https:\\\/\\\/cimacanarias.com\\\/wp-content\\\/uploads\\\/2020\\\/09\\\/cartografia.jpg\",\"contentUrl\":\"https:\\\/\\\/cimacanarias.com\\\/wp-content\\\/uploads\\\/2020\\\/09\\\/cartografia.jpg\"},{\"@type\":\"BreadcrumbList\",\"@id\":\"https:\\\/\\\/cimacanarias.com\\\/1587-2\\\/#breadcrumb\",\"itemListElement\":[{\"@type\":\"ListItem\",\"position\":1,\"name\":\"Portada\",\"item\":\"https:\\\/\\\/cimacanarias.com\\\/\"},{\"@type\":\"ListItem\",\"position\":2,\"name\":\"Cartography\"}]},{\"@type\":\"WebSite\",\"@id\":\"https:\\\/\\\/cimacanarias.com\\\/#website\",\"url\":\"https:\\\/\\\/cimacanarias.com\\\/\",\"name\":\"Centro de Investigaciones Medioambientales del Atl\u00e1ntico\",\"description\":\"Centro de Investigaciones Medioambientales del Atl\u00e1ntico, S.L. es una consultora ambiental especializada en el medio marino que desarrolla asistencias t\u00e9cnicas, proyectos de gesti\u00f3n, an\u00e1lisis e investigaciones marinas.\",\"publisher\":{\"@id\":\"https:\\\/\\\/cimacanarias.com\\\/#organization\"},\"potentialAction\":[{\"@type\":\"SearchAction\",\"target\":{\"@type\":\"EntryPoint\",\"urlTemplate\":\"https:\\\/\\\/cimacanarias.com\\\/?s={search_term_string}\"},\"query-input\":{\"@type\":\"PropertyValueSpecification\",\"valueRequired\":true,\"valueName\":\"search_term_string\"}}],\"inLanguage\":\"en-GB\"},{\"@type\":\"Organization\",\"@id\":\"https:\\\/\\\/cimacanarias.com\\\/#organization\",\"name\":\"Centro de Investigaciones Medioambientales del Atl\u00e1ntico, S.L.\",\"url\":\"https:\\\/\\\/cimacanarias.com\\\/\",\"logo\":{\"@type\":\"ImageObject\",\"inLanguage\":\"en-GB\",\"@id\":\"https:\\\/\\\/cimacanarias.com\\\/#\\\/schema\\\/logo\\\/image\\\/\",\"url\":\"https:\\\/\\\/cimacanarias.com\\\/wp-content\\\/uploads\\\/2020\\\/06\\\/logo.png\",\"contentUrl\":\"https:\\\/\\\/cimacanarias.com\\\/wp-content\\\/uploads\\\/2020\\\/06\\\/logo.png\",\"width\":227,\"height\":80,\"caption\":\"Centro de Investigaciones Medioambientales del Atl\u00e1ntico, S.L.\"},\"image\":{\"@id\":\"https:\\\/\\\/cimacanarias.com\\\/#\\\/schema\\\/logo\\\/image\\\/\"}}]}<\/script>\n<!-- \/ Yoast SEO plugin. -->","yoast_head_json":{"title":"Cartography - Centro de Investigaciones Medioambientales del Atl\u00e1ntico","description":"Centro de Investigaciones Medioambientales del Atl\u00e1ntico, S.L. es una entidad privada especializada en el medio marino que desarrolla asistencias t\u00e9cnicas, proyectos de gesti\u00f3n, an\u00e1lisis e investigaciones marinas.","robots":{"index":"index","follow":"follow","max-snippet":"max-snippet:-1","max-image-preview":"max-image-preview:large","max-video-preview":"max-video-preview:-1"},"canonical":"https:\/\/cimacanarias.com\/en\/1587-2\/","og_locale":"en_GB","og_type":"article","og_title":"Cartography - Centro de Investigaciones Medioambientales del Atl\u00e1ntico","og_description":"Centro de Investigaciones Medioambientales del Atl\u00e1ntico, S.L. es una entidad privada especializada en el medio marino que desarrolla asistencias t\u00e9cnicas, proyectos de gesti\u00f3n, an\u00e1lisis e investigaciones marinas.","og_url":"https:\/\/cimacanarias.com\/en\/1587-2\/","og_site_name":"Centro de Investigaciones Medioambientales del Atl\u00e1ntico","article_modified_time":"2022-05-17T09:44:48+00:00","og_image":[{"url":"https:\/\/cimacanarias.com\/wp-content\/uploads\/2020\/09\/cartografia.jpg","type":"","width":"","height":""}],"twitter_card":"summary_large_image","twitter_misc":{"Estimated reading time":"2 minutes"},"schema":{"@context":"https:\/\/schema.org","@graph":[{"@type":"WebPage","@id":"https:\/\/cimacanarias.com\/1587-2\/","url":"https:\/\/cimacanarias.com\/1587-2\/","name":"Cartography - Centro de Investigaciones Medioambientales del Atl\u00e1ntico","isPartOf":{"@id":"https:\/\/cimacanarias.com\/#website"},"primaryImageOfPage":{"@id":"https:\/\/cimacanarias.com\/1587-2\/#primaryimage"},"image":{"@id":"https:\/\/cimacanarias.com\/1587-2\/#primaryimage"},"thumbnailUrl":"https:\/\/cimacanarias.com\/wp-content\/uploads\/2020\/09\/cartografia.jpg","datePublished":"2020-11-18T14:26:29+00:00","dateModified":"2022-05-17T09:44:48+00:00","description":"Centro de Investigaciones Medioambientales del Atl\u00e1ntico, S.L. es una entidad privada especializada en el medio marino que desarrolla asistencias t\u00e9cnicas, proyectos de gesti\u00f3n, an\u00e1lisis e investigaciones marinas.","breadcrumb":{"@id":"https:\/\/cimacanarias.com\/1587-2\/#breadcrumb"},"inLanguage":"en-GB","potentialAction":[{"@type":"ReadAction","target":["https:\/\/cimacanarias.com\/1587-2\/"]}]},{"@type":"ImageObject","inLanguage":"en-GB","@id":"https:\/\/cimacanarias.com\/1587-2\/#primaryimage","url":"https:\/\/cimacanarias.com\/wp-content\/uploads\/2020\/09\/cartografia.jpg","contentUrl":"https:\/\/cimacanarias.com\/wp-content\/uploads\/2020\/09\/cartografia.jpg"},{"@type":"BreadcrumbList","@id":"https:\/\/cimacanarias.com\/1587-2\/#breadcrumb","itemListElement":[{"@type":"ListItem","position":1,"name":"Portada","item":"https:\/\/cimacanarias.com\/"},{"@type":"ListItem","position":2,"name":"Cartography"}]},{"@type":"WebSite","@id":"https:\/\/cimacanarias.com\/#website","url":"https:\/\/cimacanarias.com\/","name":"Atlantic Center for Environmental Research","description":"Centro de Investigaciones Medioambientales del Atl\u00e1ntico, S.L. es una consultora ambiental especializada en el medio marino que desarrolla asistencias t\u00e9cnicas, proyectos de gesti\u00f3n, an\u00e1lisis e investigaciones marinas.","publisher":{"@id":"https:\/\/cimacanarias.com\/#organization"},"potentialAction":[{"@type":"SearchAction","target":{"@type":"EntryPoint","urlTemplate":"https:\/\/cimacanarias.com\/?s={search_term_string}"},"query-input":{"@type":"PropertyValueSpecification","valueRequired":true,"valueName":"search_term_string"}}],"inLanguage":"en-GB"},{"@type":"Organization","@id":"https:\/\/cimacanarias.com\/#organization","name":"Centro de Investigaciones Medioambientales del Atl\u00e1ntico, S.L.","url":"https:\/\/cimacanarias.com\/","logo":{"@type":"ImageObject","inLanguage":"en-GB","@id":"https:\/\/cimacanarias.com\/#\/schema\/logo\/image\/","url":"https:\/\/cimacanarias.com\/wp-content\/uploads\/2020\/06\/logo.png","contentUrl":"https:\/\/cimacanarias.com\/wp-content\/uploads\/2020\/06\/logo.png","width":227,"height":80,"caption":"Centro de Investigaciones Medioambientales del Atl\u00e1ntico, S.L."},"image":{"@id":"https:\/\/cimacanarias.com\/#\/schema\/logo\/image\/"}}]}},"_links":{"self":[{"href":"https:\/\/cimacanarias.com\/en\/wp-json\/wp\/v2\/pages\/1587","targetHints":{"allow":["GET"]}}],"collection":[{"href":"https:\/\/cimacanarias.com\/en\/wp-json\/wp\/v2\/pages"}],"about":[{"href":"https:\/\/cimacanarias.com\/en\/wp-json\/wp\/v2\/types\/page"}],"author":[{"embeddable":true,"href":"https:\/\/cimacanarias.com\/en\/wp-json\/wp\/v2\/users\/9"}],"replies":[{"embeddable":true,"href":"https:\/\/cimacanarias.com\/en\/wp-json\/wp\/v2\/comments?post=1587"}],"version-history":[{"count":2,"href":"https:\/\/cimacanarias.com\/en\/wp-json\/wp\/v2\/pages\/1587\/revisions"}],"predecessor-version":[{"id":1589,"href":"https:\/\/cimacanarias.com\/en\/wp-json\/wp\/v2\/pages\/1587\/revisions\/1589"}],"wp:attachment":[{"href":"https:\/\/cimacanarias.com\/en\/wp-json\/wp\/v2\/media?parent=1587"}],"curies":[{"name":"wp","href":"https:\/\/api.w.org\/{rel}","templated":true}]}}