{"id":1599,"date":"2020-11-19T09:54:14","date_gmt":"2020-11-19T09:54:14","guid":{"rendered":"http:\/\/cimacanarias.com\/?page_id=1599"},"modified":"2022-05-17T10:24:32","modified_gmt":"2022-05-17T10:24:32","slug":"wastewater-discharges","status":"publish","type":"page","link":"https:\/\/cimacanarias.com\/en\/wastewater-discharges\/","title":{"rendered":"Wastewater discharges"},"content":{"rendered":"<p><a href=\"https:\/\/cimacanarias.com\/wp-content\/uploads\/2020\/09\/vertidos.jpg\"><img loading=\"lazy\" decoding=\"async\" class=\"alignright wp-image-1099\" src=\"https:\/\/cimacanarias.com\/wp-content\/uploads\/2020\/09\/vertidos.jpg\" alt=\"\" width=\"400\" height=\"400\" srcset=\"https:\/\/cimacanarias.com\/wp-content\/uploads\/2020\/09\/vertidos.jpg 550w, https:\/\/cimacanarias.com\/wp-content\/uploads\/2020\/09\/vertidos-300x300.jpg 300w, https:\/\/cimacanarias.com\/wp-content\/uploads\/2020\/09\/vertidos-150x150.jpg 150w\" sizes=\"auto, (max-width: 400px) 100vw, 400px\" \/><\/a><\/p>\n<p>In recent years various studies and technical projects related to spills from the maritime-terrestrial public domain were carried out in CIMA for private and public entities.<\/p>\n<p>These technical projects included hydrodynamic modeling, studies of local currents, physical-chemical analyzes of marine water and sediments, oceanographic profiles, estimation of biotic indices for evaluation of quality of the environment, etc.<\/p>\n<p>The purpose was to assess the possible impact of sewage discharge through drainage pipes and underwater outfalls from desalination stations, sewage treatment plants, industrial facilities, etc. Additionally, Programs of Sewage Monitoring and Control were carried out, according to the conditions of established corresponding authorizations.<\/p>\n<p>Among the projects developed are:<\/p>\n<p>&#8211; <strong>Environmental impact of an increase in brine discharge<\/strong> from the desalination plant of Santa Cruz de Tenerife.<\/p>\n<p>&#8211; <strong>Program for monitoring and control of urban wastewater dumping<\/strong> into the sea through the underwater drainage system in Caletillas (Candelaria).<\/p>\n<p>&#8211; <strong>Program for monitoring and control of urban wastewater dumping<\/strong> into the sea through the submarine drainage pipeline in Punta Larga (Candelaria).<\/p>\n<p>&#8211; <strong>Program for monitoring and control of urban wastewater dumping<\/strong> into the sea through the submarine drainage pipeline in San Blas (Candelaria).<\/p>\n<p>&#8211; Campaign for collection and analysis of samples obtained in the companies of G\u00fc\u00edmar municipality for <strong>elaboration of discharge census of Industrial Estate of G\u00fc\u00edmar Valley<\/strong>.<\/p>\n<p>&#8211; <strong>Program for monitoring and control of discharge to the sea<\/strong> through the drainage pipeline of the desalination plant of Santa Cruz de Tenerife.<\/p>\n<p>&#8211; <strong>Environmental documentation<\/strong> for structural modification of the drainage system of Acor\u00e1n (Tenerife).<\/p>\n<p>&#8211; <strong>Investigation of impact of the drainage pipeline discharge<\/strong> of Igueste de San Andr\u00e9s.<\/p>\n<p>&#8211; <strong>Environmental documentation of wastewater discharges<\/strong> from A\u00f1aza and Acor\u00e1n pipes (Tenerife).<\/p>\n<p>&#8211; Environmental documentation for the project of correction of aspects required for Technical Document of Legalization of Drainage Conduction in Igueste de San Andr\u00e9s (T.M. of Santa Cruz de Tenerife).<\/p>\n<p>&#8211; <strong>Program for monitoring and control of urban wastewater discharges<\/strong> into the sea through the submarine drainage system of San Andr\u00e9s (Tenerife).<\/p>\n<p>&#8211; <strong>Investigation of environmental viability<\/strong> of the project Discharge for drainage system and emergency spillway of the EBAR of San Andr\u00e9s.<\/p>\n<p>&#8211; <strong>Program for monitoring and control of urban wastewater discharge<\/strong> into the sea through the submarine outfall of Sue\u00f1o Azul (Adeje).<\/p>\n<p>&#8211; <strong>Investigation of oceanographic parameters<\/strong> for the discharge pipeline project at Sanap\u00fa Pier, Las Palmas de Gran Canaria Port.<\/p>\n<p>&#8211; <strong>Program of monitoring and control of urban wastewater dumping<\/strong> into the sea through the San Marcos submarine outfall (Icod de los Vinos).<\/p>\n<p>&#8211; <strong>Census of land-sea discharges<\/strong> from the Granadilla municipality (Tenerife).<\/p>\n<p>&nbsp;<\/p>","protected":false},"excerpt":{"rendered":"<p>In recent years various studies and technical projects related to spills from the maritime-terrestrial public domain were carried out in [&hellip;]<\/p>\n","protected":false},"author":9,"featured_media":0,"parent":0,"menu_order":0,"comment_status":"closed","ping_status":"closed","template":"","meta":{"footnotes":""},"class_list":["post-1599","page","type-page","status-publish","hentry"],"yoast_head":"<!-- This site is optimized with the Yoast SEO plugin v27.4 - https:\/\/yoast.com\/product\/yoast-seo-wordpress\/ -->\n<title>Wastewater discharges - Centro de Investigaciones Medioambientales del Atl\u00e1ntico<\/title>\n<meta name=\"description\" content=\"Centro de Investigaciones Medioambientales del Atl\u00e1ntico, S.L. es una entidad privada especializada en el medio marino que desarrolla asistencias t\u00e9cnicas, proyectos de gesti\u00f3n, an\u00e1lisis e investigaciones marinas.\" \/>\n<meta name=\"robots\" content=\"index, follow, max-snippet:-1, max-image-preview:large, max-video-preview:-1\" \/>\n<link rel=\"canonical\" href=\"https:\/\/cimacanarias.com\/en\/wastewater-discharges\/\" \/>\n<meta property=\"og:locale\" content=\"en_GB\" \/>\n<meta property=\"og:type\" content=\"article\" \/>\n<meta property=\"og:title\" content=\"Wastewater discharges - Centro de Investigaciones Medioambientales del Atl\u00e1ntico\" \/>\n<meta property=\"og:description\" content=\"Centro de Investigaciones Medioambientales del Atl\u00e1ntico, S.L. es una entidad privada especializada en el medio marino que desarrolla asistencias t\u00e9cnicas, proyectos de gesti\u00f3n, an\u00e1lisis e investigaciones marinas.\" \/>\n<meta property=\"og:url\" content=\"https:\/\/cimacanarias.com\/en\/wastewater-discharges\/\" \/>\n<meta property=\"og:site_name\" content=\"Centro de Investigaciones Medioambientales del Atl\u00e1ntico\" \/>\n<meta property=\"article:modified_time\" content=\"2022-05-17T10:24:32+00:00\" \/>\n<meta property=\"og:image\" content=\"https:\/\/cimacanarias.com\/wp-content\/uploads\/2020\/09\/vertidos.jpg\" \/>\n<meta name=\"twitter:card\" content=\"summary_large_image\" \/>\n<meta name=\"twitter:label1\" content=\"Estimated reading time\" \/>\n\t<meta name=\"twitter:data1\" content=\"3 minutes\" \/>\n<script type=\"application\/ld+json\" class=\"yoast-schema-graph\">{\"@context\":\"https:\\\/\\\/schema.org\",\"@graph\":[{\"@type\":\"WebPage\",\"@id\":\"https:\\\/\\\/cimacanarias.com\\\/wastewater-discharges\\\/\",\"url\":\"https:\\\/\\\/cimacanarias.com\\\/wastewater-discharges\\\/\",\"name\":\"Wastewater discharges - Centro de Investigaciones Medioambientales del Atl\u00e1ntico\",\"isPartOf\":{\"@id\":\"https:\\\/\\\/cimacanarias.com\\\/#website\"},\"primaryImageOfPage\":{\"@id\":\"https:\\\/\\\/cimacanarias.com\\\/wastewater-discharges\\\/#primaryimage\"},\"image\":{\"@id\":\"https:\\\/\\\/cimacanarias.com\\\/wastewater-discharges\\\/#primaryimage\"},\"thumbnailUrl\":\"https:\\\/\\\/cimacanarias.com\\\/wp-content\\\/uploads\\\/2020\\\/09\\\/vertidos.jpg\",\"datePublished\":\"2020-11-19T09:54:14+00:00\",\"dateModified\":\"2022-05-17T10:24:32+00:00\",\"description\":\"Centro de Investigaciones Medioambientales del Atl\u00e1ntico, S.L. es una entidad privada especializada en el medio marino que desarrolla asistencias t\u00e9cnicas, proyectos de gesti\u00f3n, an\u00e1lisis e investigaciones marinas.\",\"breadcrumb\":{\"@id\":\"https:\\\/\\\/cimacanarias.com\\\/wastewater-discharges\\\/#breadcrumb\"},\"inLanguage\":\"en-GB\",\"potentialAction\":[{\"@type\":\"ReadAction\",\"target\":[\"https:\\\/\\\/cimacanarias.com\\\/wastewater-discharges\\\/\"]}]},{\"@type\":\"ImageObject\",\"inLanguage\":\"en-GB\",\"@id\":\"https:\\\/\\\/cimacanarias.com\\\/wastewater-discharges\\\/#primaryimage\",\"url\":\"https:\\\/\\\/cimacanarias.com\\\/wp-content\\\/uploads\\\/2020\\\/09\\\/vertidos.jpg\",\"contentUrl\":\"https:\\\/\\\/cimacanarias.com\\\/wp-content\\\/uploads\\\/2020\\\/09\\\/vertidos.jpg\"},{\"@type\":\"BreadcrumbList\",\"@id\":\"https:\\\/\\\/cimacanarias.com\\\/wastewater-discharges\\\/#breadcrumb\",\"itemListElement\":[{\"@type\":\"ListItem\",\"position\":1,\"name\":\"Portada\",\"item\":\"https:\\\/\\\/cimacanarias.com\\\/\"},{\"@type\":\"ListItem\",\"position\":2,\"name\":\"Wastewater discharges\"}]},{\"@type\":\"WebSite\",\"@id\":\"https:\\\/\\\/cimacanarias.com\\\/#website\",\"url\":\"https:\\\/\\\/cimacanarias.com\\\/\",\"name\":\"Centro de Investigaciones Medioambientales del Atl\u00e1ntico\",\"description\":\"Centro de Investigaciones Medioambientales del Atl\u00e1ntico, S.L. es una consultora ambiental especializada en el medio marino que desarrolla asistencias t\u00e9cnicas, proyectos de gesti\u00f3n, an\u00e1lisis e investigaciones marinas.\",\"publisher\":{\"@id\":\"https:\\\/\\\/cimacanarias.com\\\/#organization\"},\"potentialAction\":[{\"@type\":\"SearchAction\",\"target\":{\"@type\":\"EntryPoint\",\"urlTemplate\":\"https:\\\/\\\/cimacanarias.com\\\/?s={search_term_string}\"},\"query-input\":{\"@type\":\"PropertyValueSpecification\",\"valueRequired\":true,\"valueName\":\"search_term_string\"}}],\"inLanguage\":\"en-GB\"},{\"@type\":\"Organization\",\"@id\":\"https:\\\/\\\/cimacanarias.com\\\/#organization\",\"name\":\"Centro de Investigaciones Medioambientales del Atl\u00e1ntico, S.L.\",\"url\":\"https:\\\/\\\/cimacanarias.com\\\/\",\"logo\":{\"@type\":\"ImageObject\",\"inLanguage\":\"en-GB\",\"@id\":\"https:\\\/\\\/cimacanarias.com\\\/#\\\/schema\\\/logo\\\/image\\\/\",\"url\":\"https:\\\/\\\/cimacanarias.com\\\/wp-content\\\/uploads\\\/2020\\\/06\\\/logo.png\",\"contentUrl\":\"https:\\\/\\\/cimacanarias.com\\\/wp-content\\\/uploads\\\/2020\\\/06\\\/logo.png\",\"width\":227,\"height\":80,\"caption\":\"Centro de Investigaciones Medioambientales del Atl\u00e1ntico, S.L.\"},\"image\":{\"@id\":\"https:\\\/\\\/cimacanarias.com\\\/#\\\/schema\\\/logo\\\/image\\\/\"}}]}<\/script>\n<!-- \/ Yoast SEO plugin. -->","yoast_head_json":{"title":"Wastewater discharges - Centro de Investigaciones Medioambientales del Atl\u00e1ntico","description":"Centro de Investigaciones Medioambientales del Atl\u00e1ntico, S.L. es una entidad privada especializada en el medio marino que desarrolla asistencias t\u00e9cnicas, proyectos de gesti\u00f3n, an\u00e1lisis e investigaciones marinas.","robots":{"index":"index","follow":"follow","max-snippet":"max-snippet:-1","max-image-preview":"max-image-preview:large","max-video-preview":"max-video-preview:-1"},"canonical":"https:\/\/cimacanarias.com\/en\/wastewater-discharges\/","og_locale":"en_GB","og_type":"article","og_title":"Wastewater discharges - Centro de Investigaciones Medioambientales del Atl\u00e1ntico","og_description":"Centro de Investigaciones Medioambientales del Atl\u00e1ntico, S.L. es una entidad privada especializada en el medio marino que desarrolla asistencias t\u00e9cnicas, proyectos de gesti\u00f3n, an\u00e1lisis e investigaciones marinas.","og_url":"https:\/\/cimacanarias.com\/en\/wastewater-discharges\/","og_site_name":"Centro de Investigaciones Medioambientales del Atl\u00e1ntico","article_modified_time":"2022-05-17T10:24:32+00:00","og_image":[{"url":"https:\/\/cimacanarias.com\/wp-content\/uploads\/2020\/09\/vertidos.jpg","type":"","width":"","height":""}],"twitter_card":"summary_large_image","twitter_misc":{"Estimated reading time":"3 minutes"},"schema":{"@context":"https:\/\/schema.org","@graph":[{"@type":"WebPage","@id":"https:\/\/cimacanarias.com\/wastewater-discharges\/","url":"https:\/\/cimacanarias.com\/wastewater-discharges\/","name":"Wastewater discharges - Centro de Investigaciones Medioambientales del Atl\u00e1ntico","isPartOf":{"@id":"https:\/\/cimacanarias.com\/#website"},"primaryImageOfPage":{"@id":"https:\/\/cimacanarias.com\/wastewater-discharges\/#primaryimage"},"image":{"@id":"https:\/\/cimacanarias.com\/wastewater-discharges\/#primaryimage"},"thumbnailUrl":"https:\/\/cimacanarias.com\/wp-content\/uploads\/2020\/09\/vertidos.jpg","datePublished":"2020-11-19T09:54:14+00:00","dateModified":"2022-05-17T10:24:32+00:00","description":"Centro de Investigaciones Medioambientales del Atl\u00e1ntico, S.L. es una entidad privada especializada en el medio marino que desarrolla asistencias t\u00e9cnicas, proyectos de gesti\u00f3n, an\u00e1lisis e investigaciones marinas.","breadcrumb":{"@id":"https:\/\/cimacanarias.com\/wastewater-discharges\/#breadcrumb"},"inLanguage":"en-GB","potentialAction":[{"@type":"ReadAction","target":["https:\/\/cimacanarias.com\/wastewater-discharges\/"]}]},{"@type":"ImageObject","inLanguage":"en-GB","@id":"https:\/\/cimacanarias.com\/wastewater-discharges\/#primaryimage","url":"https:\/\/cimacanarias.com\/wp-content\/uploads\/2020\/09\/vertidos.jpg","contentUrl":"https:\/\/cimacanarias.com\/wp-content\/uploads\/2020\/09\/vertidos.jpg"},{"@type":"BreadcrumbList","@id":"https:\/\/cimacanarias.com\/wastewater-discharges\/#breadcrumb","itemListElement":[{"@type":"ListItem","position":1,"name":"Portada","item":"https:\/\/cimacanarias.com\/"},{"@type":"ListItem","position":2,"name":"Wastewater discharges"}]},{"@type":"WebSite","@id":"https:\/\/cimacanarias.com\/#website","url":"https:\/\/cimacanarias.com\/","name":"Atlantic Center for Environmental Research","description":"Centro de Investigaciones Medioambientales del Atl\u00e1ntico, S.L. es una consultora ambiental especializada en el medio marino que desarrolla asistencias t\u00e9cnicas, proyectos de gesti\u00f3n, an\u00e1lisis e investigaciones marinas.","publisher":{"@id":"https:\/\/cimacanarias.com\/#organization"},"potentialAction":[{"@type":"SearchAction","target":{"@type":"EntryPoint","urlTemplate":"https:\/\/cimacanarias.com\/?s={search_term_string}"},"query-input":{"@type":"PropertyValueSpecification","valueRequired":true,"valueName":"search_term_string"}}],"inLanguage":"en-GB"},{"@type":"Organization","@id":"https:\/\/cimacanarias.com\/#organization","name":"Centro de Investigaciones Medioambientales del Atl\u00e1ntico, S.L.","url":"https:\/\/cimacanarias.com\/","logo":{"@type":"ImageObject","inLanguage":"en-GB","@id":"https:\/\/cimacanarias.com\/#\/schema\/logo\/image\/","url":"https:\/\/cimacanarias.com\/wp-content\/uploads\/2020\/06\/logo.png","contentUrl":"https:\/\/cimacanarias.com\/wp-content\/uploads\/2020\/06\/logo.png","width":227,"height":80,"caption":"Centro de Investigaciones Medioambientales del Atl\u00e1ntico, S.L."},"image":{"@id":"https:\/\/cimacanarias.com\/#\/schema\/logo\/image\/"}}]}},"_links":{"self":[{"href":"https:\/\/cimacanarias.com\/en\/wp-json\/wp\/v2\/pages\/1599","targetHints":{"allow":["GET"]}}],"collection":[{"href":"https:\/\/cimacanarias.com\/en\/wp-json\/wp\/v2\/pages"}],"about":[{"href":"https:\/\/cimacanarias.com\/en\/wp-json\/wp\/v2\/types\/page"}],"author":[{"embeddable":true,"href":"https:\/\/cimacanarias.com\/en\/wp-json\/wp\/v2\/users\/9"}],"replies":[{"embeddable":true,"href":"https:\/\/cimacanarias.com\/en\/wp-json\/wp\/v2\/comments?post=1599"}],"version-history":[{"count":2,"href":"https:\/\/cimacanarias.com\/en\/wp-json\/wp\/v2\/pages\/1599\/revisions"}],"predecessor-version":[{"id":2183,"href":"https:\/\/cimacanarias.com\/en\/wp-json\/wp\/v2\/pages\/1599\/revisions\/2183"}],"wp:attachment":[{"href":"https:\/\/cimacanarias.com\/en\/wp-json\/wp\/v2\/media?parent=1599"}],"curies":[{"name":"wp","href":"https:\/\/api.w.org\/{rel}","templated":true}]}}