{"id":1755,"date":"2021-07-12T15:47:04","date_gmt":"2021-07-12T15:47:04","guid":{"rendered":"https:\/\/cimacanarias.com\/aviso-legal\/"},"modified":"2024-01-08T15:12:27","modified_gmt":"2024-01-08T15:12:27","slug":"aviso-legal","status":"publish","type":"page","link":"https:\/\/cimacanarias.com\/en\/aviso-legal\/","title":{"rendered":"Legal Notice"},"content":{"rendered":"<pre class=\"wp-block-preformatted\">\r\n    1. Objeto y aceptaci\u00f3n\r\nEl presente aviso legal regula el uso del sitio Web: www.cimacanarias.com\r\nEl sitio web www.cimacanarias.com presta servicios cuyo objetivo primordial es permitir el contacto entre los usuarios y la entidad, bien para ponerse en contacto con nosotros, responder a su solicitud, gestionar su reclamaci\u00f3n, tramitar su compra, ejercitar sus derechos en protecci\u00f3n de datos.\r\nLa navegaci\u00f3n por la p\u00e1gina www.cimacanarias.com atribuye la condici\u00f3n de usuario de la misma e implica la aceptaci\u00f3n plena y sin reservas de todas y cada una de las disposiciones incluidas en este Aviso Legal, que pueden sufrir modificaciones.\r\nEl usuario se obliga a hacer un uso correcto del sitio Web de conformidad con las leyes, la buena fe, el orden p\u00fablico, los usos del tr\u00e1fico y el presente Aviso Legal. El Usuario responder\u00e1 frente a CENTRO DE INVESTIGACIONES MEDIOAMBIENTALES DEL ATL\u00c1NTICO, S.L. (CIMA) y frente a terceros, de los da\u00f1os y perjuicios que pudieran causarse como consecuencia del incumplimiento de dicha obligaci\u00f3n.\r\n    2. Titularidad de la web e identificaci\u00f3n del Prestador de Servicios de la Sociedad de la Informaci\u00f3n\r\nCon la finalidad de dar cumplimiento al principio de Informaci\u00f3n general exigido por el Art\u00edculo 10 de la Ley 34\/2002, de 11 de julio, de servicios de la sociedad de la informaci\u00f3n y de comercio electr\u00f3nico informamos a nuestros usuarios que el presente sitio web pertenece a\u00a0 CENTRO DE INVESTIGACIONES MEDIOAMBIENTALES DEL ATL\u00c1NTICO, S.L. (CIMA) con CIF B38805263 inscrita en el Registro Mercantil de Santa Cruz de Tenerife, en la hoja TF-36064, Folio 131 del tomo 2682 de la Secci\u00f3n General, inscripci\u00f3n 1\u00aa.\r\n\r\nDirecci\u00f3n:\r Avenida Los Majuelos, 115, 38107 - Santa Cruz de Tenerife (Santa Cruz de Tenerife)\r\n\rCorreo-e:\r cima@cimacanarias.com\r\n\rTel\u00e9fono:\r 922315580\r\n\rWeb alojada por:\r  Soluciones Internet S.L.\r\n\r\n    3. Condiciones generales de acceso y utilizaci\u00f3n\r\nEl sitio Web y sus servicios son de acceso libre y gratuito, si bien la utilizaci\u00f3n de determinadas \u00e1reas o servicios est\u00e1 condicionada a cumplimentar formularios de recogida de datos. S\u00f3lo los mayores de 18 a\u00f1os podr\u00e1n facilitar datos a trav\u00e9s de nuestra web, y los menores de 14 a\u00f1os no pueden facilitarlos sin el consentimiento de los padres o tutores.\r\nEl Usuario garantiza la autenticidad y actualidad de todos aquellos datos que comunique a\u00a0CENTRO DE INVESTIGACIONES MEDIOAMBIENTALES DEL ATL\u00c1NTICO, S.L. (CIMA)\u00a0y ser\u00e1 el \u00fanico responsable de las manifestaciones falsas o inexactas que realice.\r\nwww.cimacanarias.com\u00a0tiene los siguientes tipos de usuarios:\r\n    \u2022 Usuarios que aportan datos en cualquiera de los formularios disponibles:\u00a0Los datos personales que CENTRO DE INVESTIGACIONES MEDIOAMBIENTALES DEL ATL\u00c1NTICO, S.L. (CIMA) solicita incluye el nombre y direcci\u00f3n electr\u00f3nica y los proporcionados por el propio usuario al rellenar los formularios.\r\n    \u2022 Usuarios que no han contactado con CENTRO DE INVESTIGACIONES MEDIOAMBIENTALES DEL ATL\u00c1NTICO, S.L. (CIMA) pero de los que se recogen datos:\u00a0Datos proporcionados por las cookies\r\n\r\n3.1 Reglas y prohibiciones de uso para usuarios de nuestros servicios\r\nEl Usuario se compromete expresamente a hacer un uso adecuado de los contenidos y servicios ofrecidos y a no emplearlos para:\r\n    \u2022 Difundir contenidos delictivos, violentos, pornogr\u00e1ficos, racistas, xen\u00f3fobo, ofensivos, de apolog\u00eda del terrorismo o, en general, contrarios a la ley o al orden p\u00fablico.\r\n    \u2022 Introducir en la red virus inform\u00e1ticos o realizar actuaciones susceptibles de alterar, estropear, interrumpir o generar errores o da\u00f1os en los documentos electr\u00f3nicos, datos o sistemas f\u00edsicos y l\u00f3gicos de\u00a0CENTRO DE INVESTIGACIONES MEDIOAMBIENTALES DEL ATL\u00c1NTICO, S.L. (CIMA)\u00a0o de terceras personas; as\u00ed como obstaculizar el acceso de otros Usuarios al sitio Web y a sus servicios.\r\n    \u2022 Intentar acceder a \u00e1reas restringidas de los sistemas inform\u00e1ticos de\u00a0CENTRO DE INVESTIGACIONES MEDIOAMBIENTALES DEL ATL\u00c1NTICO, S.L. (CIMA)\u00a0o de terceros y, en su caso, extraer informaci\u00f3n.\r\n    \u2022 Vulnerar los derechos de propiedad intelectual o industrial, as\u00ed como violar la confidencialidad de la informaci\u00f3n de\u00a0CENTRO DE INVESTIGACIONES MEDIOAMBIENTALES DEL ATL\u00c1NTICO, S.L. (CIMA)\u00a0o de terceros.\r\n    \u2022 Suplantar la identidad de otro Usuario, de las administraciones p\u00fablicas o de un tercero.\r\n    \u2022 Reproducir, copiar, distribuir, poner a disposici\u00f3n o de cualquier otra forma comunicar p\u00fablicamente, transformar o modificar los Contenidos, a menos que se cuente con la autorizaci\u00f3n del titular de los correspondientes derechos o ello resulte legalmente permitido\r\n    \u2022 Recabar datos con finalidad publicitaria y de remitir publicidad de cualquier clase y comunicaciones con fines de venta u otras de naturaleza comercial sin que medie su previa solicitud o consentimiento.\r\n3.2. Procedimiento en caso de realizaci\u00f3n de actividades de car\u00e1cter il\u00edcito\r\nEn el caso de que cualquier usuario o un tercero considere que existen hechos o circunstancias que revelen el car\u00e1cter il\u00edcito de la utilizaci\u00f3n de cualquier contenido y\/o de la realizaci\u00f3n de cualquier actividad en las p\u00e1ginas Web incluidas o accesibles a trav\u00e9s del sitio Web, deber\u00e1 enviar una notificaci\u00f3n a\u00a0CENTRO DE INVESTIGACIONES MEDIOAMBIENTALES DEL ATL\u00c1NTICO, S.L. (CIMA)\u00a0identific\u00e1ndose debidamente, especificando las supuestas infracciones y declarando expresamente y bajo su responsabilidad que la informaci\u00f3n proporcionada en la notificaci\u00f3n es exacta.\r\n4. Pol\u00edtica de privacidad\r\nEl usuario puede consultar c\u00f3mo CENTRO DE INVESTIGACIONES MEDIOAMBIENTALES DEL ATL\u00c1NTICO, S.L. (CIMA) utiliza sus datos y las medidas de seguridad implantadas en el enlace:\u00a0\"Pol\u00edtica de privacidad\u201d\r\n\r\n5. Pol\u00edtica de cookies\r\nCENTRO DE INVESTIGACIONES MEDIOAMBIENTALES DEL ATL\u00c1NTICO, S.L. (CIMA) instala cookies en el ordenador del usuario. Para conocer m\u00e1s las cookies de nuestro sitio web acuda al siguiente enlace:\u00a0\"pol\u00edtica de cookies\"\r\n\r\n6. Notificaciones\r\nTodas las notificaciones y comunicaciones entre los usuarios y\u00a0CENTRO DE INVESTIGACIONES MEDIOAMBIENTALES DEL ATL\u00c1NTICO, S.L. (CIMA)\u00a0se considerar\u00e1n eficaces, a todos los efectos, cuando se realicen a trav\u00e9s de correo postal o correo electr\u00f3nico o comunicaci\u00f3n telef\u00f3nica. Los usuarios deber\u00e1n dirigirse a\u00a0CENTRO DE INVESTIGACIONES MEDIOAMBIENTALES DEL ATL\u00c1NTICO, S.L. (CIMA)\u00a0mediante:\r\n    \u2022 Env\u00edo por correo postal a la siguiente direcci\u00f3n:\u00a0CENTRO DE INVESTIGACIONES MEDIOAMBIENTALES DEL ATL\u00c1NTICO, S.L. (CIMA)\u00a0\u2013 Avenida Los Majuelos, 115, 38107 - Santa Cruz de Tenerife (santa Cruz de Tenerife).\r\n    \u2022 Env\u00edo por correo electr\u00f3nico a la siguiente direcci\u00f3n: cima@cimacanarias.com\r\n7. Propiedad Industrial y propiedad intelectual\r\nTodos los contenidos del sitio Web, como textos, fotograf\u00edas, gr\u00e1ficos, im\u00e1genes, iconos, tecnolog\u00eda, software, as\u00ed como su dise\u00f1o gr\u00e1fico y c\u00f3digos fuente, constituyen una obra cuya propiedad pertenece a\u00a0CENTRO DE INVESTIGACIONES MEDIOAMBIENTALES DEL ATL\u00c1NTICO, S.L. (CIMA), sin que puedan entenderse cedidos al Usuario ninguno de los derechos de explotaci\u00f3n sobre los mismos m\u00e1s all\u00e1 de lo estrictamente necesario para el correcto uso de la Web.\r\nEn definitiva, los usuarios que accedan a este sitio Web pueden visualizar los contenidos y efectuar, en su caso, copias privadas autorizadas siempre que los elementos reproducidos no sean cedidos posteriormente a terceros, ni se instalen a servidores conectados a redes, ni sean objeto de ning\u00fan tipo de explotaci\u00f3n y \u00fanica y exclusivamente mientras se encuentre en vigor el servicio.\r\nAsimismo, todas las marcas, nombres comerciales o signos distintivos de cualquier clase que aparecen en el sitio Web son propiedad de\u00a0CENTRO DE INVESTIGACIONES MEDIOAMBIENTALES DEL ATL\u00c1NTICO, S.L. (CIMA), sin que pueda entenderse que el uso o acceso al mismo atribuya al Usuario derecho alguno sobre los mismos.\r\nQuedan prohibidas la distribuci\u00f3n, modificaci\u00f3n, cesi\u00f3n o comunicaci\u00f3n p\u00fablica de los contenidos y cualquier otro acto que no haya sido expresamente autorizado por\u00a0CENTRO DE INVESTIGACIONES MEDIOAMBIENTALES DEL ATL\u00c1NTICO, S.L. (CIMA)\u00a0En caso de incumplimiento\u00a0CENTRO DE INVESTIGACIONES MEDIOAMBIENTALES DEL ATL\u00c1NTICO, S.L. (CIMA)\u00a0proceder\u00e1 a adoptar las medidas legales oportunas.\r\n\r\n8. Exenci\u00f3n de responsabilidad y modificaci\u00f3n del presente aviso legal\r\nLa web www.cimacanarias.com utiliza t\u00e9cnicas de seguridad de la informaci\u00f3n tales como firewalls, procedimientos de control de acceso y mecanismos criptogr\u00e1ficos, todo ello con el objetivo de evitar el acceso no autorizado a los datos y garantizar la confidencialidad de los mismos.\r\nLa informaci\u00f3n que se difunde en esta web se hace \u00fanica y exclusivamente a t\u00edtulo informativo, reserv\u00e1ndose\u00a0CENTRO DE INVESTIGACIONES MEDIOAMBIENTALES DEL ATL\u00c1NTICO, S.L. (CIMA)\u00a0el derecho de eliminar o suspender su difusi\u00f3n, total o parcialmente, y a modificar la estructura y contenido de este sitio Web sin aviso previo, pudiendo incluso limitar o no permitir el acceso a dicha informaci\u00f3n.\u00a0CENTRO DE INVESTIGACIONES MEDIOAMBIENTALES DEL ATL\u00c1NTICO, S.L. (CIMA) intenta\u00a0 mantener la calidad y actualizaci\u00f3n de esta informaci\u00f3n y evitar y minimizar posibles errores pero\u00a0CENTRO DE INVESTIGACIONES MEDIOAMBIENTALES DEL ATL\u00c1NTICO, S.L. (CIMA)\u00a0no responder\u00e1 de los da\u00f1os o perjuicios causados por decisiones tomadas en base a la informaci\u00f3n difundida; ni de inexactitudes, omisiones o errores contenidos en el mismo, ni de los problemas que se originen por el uso de este sitio Web u otro de conexi\u00f3n externa; ni de los da\u00f1os y\/o perjuicios en el software o hardware del usuario que se deriven del acceso a este sitio Web.\r\nLos Usuarios aceptan expresamente que\u00a0CENTRO DE INVESTIGACIONES MEDIOAMBIENTALES DEL ATL\u00c1NTICO, S.L. (CIMA)\u00a0no ser\u00e1 responsable del acceso no autorizado o alteraci\u00f3n de sus transmisiones o datos, de cualquier material o datos enviados o recibidos o no enviados o recibidos, ni de ninguna transacci\u00f3n realizada a trav\u00e9s de su web.\r\nCENTRO DE INVESTIGACIONES MEDIOAMBIENTALES DEL ATL\u00c1NTICO, S.L. (CIMA)\u00a0se reserva el derecho a modificar el presente aviso legal unilateralmente y sin preaviso\u00a0 en los t\u00e9rminos y condiciones que estime conveniente con la \u00fanica obligaci\u00f3n de informar al usuario de las modificaciones efectuadas a trav\u00e9s de\u00a0www.cimacanarias.com.\r\n\r\n9. Nulidad parcial\r\nSi alguna de las presentes cl\u00e1usulas fuese declarada nula y sin efecto por resoluci\u00f3n firme dictada por autoridad competente, los restantes t\u00e9rminos y condiciones permanecer\u00e1n en vigor, sin que queden afectados por dicha declaraci\u00f3n de nulidad.\r\n\r\n10. Ley aplicable y tribunales competentes\r\nEl presente sitio web queda sometido a lo establecido por la legislaci\u00f3n espa\u00f1ola y normativa europea que resulte de aplicaci\u00f3n\r\nCualquier controversia que surja o guarde relaci\u00f3n con el uso de la p\u00e1gina web o con dichos productos ser\u00e1 sometida a la\u00a0jurisdicci\u00f3n no exclusiva\u00a0de los juzgados y tribunales espa\u00f1oles de la provincia de Santa Cruz de Tenerife.\r\nSi se trata de un consumidor final nada en la presente cl\u00e1usula afectar\u00e1 a los derechos que como tal le reconoce la legislaci\u00f3n vigente, pudiendo elegir presentar una reclamaci\u00f3n para hacer valer sus derechos en relaci\u00f3n con las presentes Condiciones ante el Juez o Tribunales que correspondan a su domicilio.<\/pre>","protected":false},"excerpt":{"rendered":"<p>1. Objeto y aceptaci\u00f3n El presente aviso legal regula el uso del sitio Web: www.cimacanarias.com El sitio web www.cimacanarias.com presta [&hellip;]<\/p>\n","protected":false},"author":9,"featured_media":0,"parent":0,"menu_order":0,"comment_status":"closed","ping_status":"closed","template":"","meta":{"footnotes":""},"class_list":["post-1755","page","type-page","status-publish","hentry"],"yoast_head":"<!-- This site is optimized with the Yoast SEO plugin v27.4 - https:\/\/yoast.com\/product\/yoast-seo-wordpress\/ -->\n<title>Aviso Legal - Centro de Investigaciones Medioambientales del Atl\u00e1ntico<\/title>\n<meta name=\"description\" content=\"Centro de Investigaciones Medioambientales del Atl\u00e1ntico, S.L. es una entidad privada especializada en el medio marino que desarrolla asistencias t\u00e9cnicas, proyectos de gesti\u00f3n, an\u00e1lisis e investigaciones marinas.\" \/>\n<meta name=\"robots\" content=\"index, follow, max-snippet:-1, max-image-preview:large, max-video-preview:-1\" \/>\n<link rel=\"canonical\" href=\"https:\/\/cimacanarias.com\/en\/aviso-legal\/\" \/>\n<meta property=\"og:locale\" content=\"en_GB\" \/>\n<meta property=\"og:type\" content=\"article\" \/>\n<meta property=\"og:title\" content=\"Aviso Legal - Centro de Investigaciones Medioambientales del Atl\u00e1ntico\" \/>\n<meta property=\"og:description\" content=\"Centro de Investigaciones Medioambientales del Atl\u00e1ntico, S.L. es una entidad privada especializada en el medio marino que desarrolla asistencias t\u00e9cnicas, proyectos de gesti\u00f3n, an\u00e1lisis e investigaciones marinas.\" \/>\n<meta property=\"og:url\" content=\"https:\/\/cimacanarias.com\/en\/aviso-legal\/\" \/>\n<meta property=\"og:site_name\" content=\"Centro de Investigaciones Medioambientales del Atl\u00e1ntico\" \/>\n<meta property=\"article:modified_time\" content=\"2024-01-08T15:12:27+00:00\" \/>\n<meta name=\"twitter:card\" content=\"summary_large_image\" \/>\n<script type=\"application\/ld+json\" class=\"yoast-schema-graph\">{\"@context\":\"https:\\\/\\\/schema.org\",\"@graph\":[{\"@type\":\"WebPage\",\"@id\":\"https:\\\/\\\/cimacanarias.com\\\/aviso-legal\\\/\",\"url\":\"https:\\\/\\\/cimacanarias.com\\\/aviso-legal\\\/\",\"name\":\"Aviso Legal - Centro de Investigaciones Medioambientales del Atl\u00e1ntico\",\"isPartOf\":{\"@id\":\"https:\\\/\\\/cimacanarias.com\\\/#website\"},\"datePublished\":\"2021-07-12T15:47:04+00:00\",\"dateModified\":\"2024-01-08T15:12:27+00:00\",\"description\":\"Centro de Investigaciones Medioambientales del Atl\u00e1ntico, S.L. es una entidad privada especializada en el medio marino que desarrolla asistencias t\u00e9cnicas, proyectos de gesti\u00f3n, an\u00e1lisis e investigaciones marinas.\",\"breadcrumb\":{\"@id\":\"https:\\\/\\\/cimacanarias.com\\\/aviso-legal\\\/#breadcrumb\"},\"inLanguage\":\"en-GB\",\"potentialAction\":[{\"@type\":\"ReadAction\",\"target\":[\"https:\\\/\\\/cimacanarias.com\\\/aviso-legal\\\/\"]}]},{\"@type\":\"BreadcrumbList\",\"@id\":\"https:\\\/\\\/cimacanarias.com\\\/aviso-legal\\\/#breadcrumb\",\"itemListElement\":[{\"@type\":\"ListItem\",\"position\":1,\"name\":\"Portada\",\"item\":\"https:\\\/\\\/cimacanarias.com\\\/\"},{\"@type\":\"ListItem\",\"position\":2,\"name\":\"Aviso Legal\"}]},{\"@type\":\"WebSite\",\"@id\":\"https:\\\/\\\/cimacanarias.com\\\/#website\",\"url\":\"https:\\\/\\\/cimacanarias.com\\\/\",\"name\":\"Centro de Investigaciones Medioambientales del Atl\u00e1ntico\",\"description\":\"Centro de Investigaciones Medioambientales del Atl\u00e1ntico, S.L. es una consultora ambiental especializada en el medio marino que desarrolla asistencias t\u00e9cnicas, proyectos de gesti\u00f3n, an\u00e1lisis e investigaciones marinas.\",\"publisher\":{\"@id\":\"https:\\\/\\\/cimacanarias.com\\\/#organization\"},\"potentialAction\":[{\"@type\":\"SearchAction\",\"target\":{\"@type\":\"EntryPoint\",\"urlTemplate\":\"https:\\\/\\\/cimacanarias.com\\\/?s={search_term_string}\"},\"query-input\":{\"@type\":\"PropertyValueSpecification\",\"valueRequired\":true,\"valueName\":\"search_term_string\"}}],\"inLanguage\":\"en-GB\"},{\"@type\":\"Organization\",\"@id\":\"https:\\\/\\\/cimacanarias.com\\\/#organization\",\"name\":\"Centro de Investigaciones Medioambientales del Atl\u00e1ntico, S.L.\",\"url\":\"https:\\\/\\\/cimacanarias.com\\\/\",\"logo\":{\"@type\":\"ImageObject\",\"inLanguage\":\"en-GB\",\"@id\":\"https:\\\/\\\/cimacanarias.com\\\/#\\\/schema\\\/logo\\\/image\\\/\",\"url\":\"https:\\\/\\\/cimacanarias.com\\\/wp-content\\\/uploads\\\/2020\\\/06\\\/logo.png\",\"contentUrl\":\"https:\\\/\\\/cimacanarias.com\\\/wp-content\\\/uploads\\\/2020\\\/06\\\/logo.png\",\"width\":227,\"height\":80,\"caption\":\"Centro de Investigaciones Medioambientales del Atl\u00e1ntico, S.L.\"},\"image\":{\"@id\":\"https:\\\/\\\/cimacanarias.com\\\/#\\\/schema\\\/logo\\\/image\\\/\"}}]}<\/script>\n<!-- \/ Yoast SEO plugin. -->","yoast_head_json":{"title":"Aviso Legal - Centro de Investigaciones Medioambientales del Atl\u00e1ntico","description":"Centro de Investigaciones Medioambientales del Atl\u00e1ntico, S.L. es una entidad privada especializada en el medio marino que desarrolla asistencias t\u00e9cnicas, proyectos de gesti\u00f3n, an\u00e1lisis e investigaciones marinas.","robots":{"index":"index","follow":"follow","max-snippet":"max-snippet:-1","max-image-preview":"max-image-preview:large","max-video-preview":"max-video-preview:-1"},"canonical":"https:\/\/cimacanarias.com\/en\/aviso-legal\/","og_locale":"en_GB","og_type":"article","og_title":"Aviso Legal - Centro de Investigaciones Medioambientales del Atl\u00e1ntico","og_description":"Centro de Investigaciones Medioambientales del Atl\u00e1ntico, S.L. es una entidad privada especializada en el medio marino que desarrolla asistencias t\u00e9cnicas, proyectos de gesti\u00f3n, an\u00e1lisis e investigaciones marinas.","og_url":"https:\/\/cimacanarias.com\/en\/aviso-legal\/","og_site_name":"Centro de Investigaciones Medioambientales del Atl\u00e1ntico","article_modified_time":"2024-01-08T15:12:27+00:00","twitter_card":"summary_large_image","schema":{"@context":"https:\/\/schema.org","@graph":[{"@type":"WebPage","@id":"https:\/\/cimacanarias.com\/aviso-legal\/","url":"https:\/\/cimacanarias.com\/aviso-legal\/","name":"Aviso Legal - Centro de Investigaciones Medioambientales del Atl\u00e1ntico","isPartOf":{"@id":"https:\/\/cimacanarias.com\/#website"},"datePublished":"2021-07-12T15:47:04+00:00","dateModified":"2024-01-08T15:12:27+00:00","description":"Centro de Investigaciones Medioambientales del Atl\u00e1ntico, S.L. es una entidad privada especializada en el medio marino que desarrolla asistencias t\u00e9cnicas, proyectos de gesti\u00f3n, an\u00e1lisis e investigaciones marinas.","breadcrumb":{"@id":"https:\/\/cimacanarias.com\/aviso-legal\/#breadcrumb"},"inLanguage":"en-GB","potentialAction":[{"@type":"ReadAction","target":["https:\/\/cimacanarias.com\/aviso-legal\/"]}]},{"@type":"BreadcrumbList","@id":"https:\/\/cimacanarias.com\/aviso-legal\/#breadcrumb","itemListElement":[{"@type":"ListItem","position":1,"name":"Portada","item":"https:\/\/cimacanarias.com\/"},{"@type":"ListItem","position":2,"name":"Aviso Legal"}]},{"@type":"WebSite","@id":"https:\/\/cimacanarias.com\/#website","url":"https:\/\/cimacanarias.com\/","name":"Atlantic Center for Environmental Research","description":"Centro de Investigaciones Medioambientales del Atl\u00e1ntico, S.L. es una consultora ambiental especializada en el medio marino que desarrolla asistencias t\u00e9cnicas, proyectos de gesti\u00f3n, an\u00e1lisis e investigaciones marinas.","publisher":{"@id":"https:\/\/cimacanarias.com\/#organization"},"potentialAction":[{"@type":"SearchAction","target":{"@type":"EntryPoint","urlTemplate":"https:\/\/cimacanarias.com\/?s={search_term_string}"},"query-input":{"@type":"PropertyValueSpecification","valueRequired":true,"valueName":"search_term_string"}}],"inLanguage":"en-GB"},{"@type":"Organization","@id":"https:\/\/cimacanarias.com\/#organization","name":"Centro de Investigaciones Medioambientales del Atl\u00e1ntico, S.L.","url":"https:\/\/cimacanarias.com\/","logo":{"@type":"ImageObject","inLanguage":"en-GB","@id":"https:\/\/cimacanarias.com\/#\/schema\/logo\/image\/","url":"https:\/\/cimacanarias.com\/wp-content\/uploads\/2020\/06\/logo.png","contentUrl":"https:\/\/cimacanarias.com\/wp-content\/uploads\/2020\/06\/logo.png","width":227,"height":80,"caption":"Centro de Investigaciones Medioambientales del Atl\u00e1ntico, S.L."},"image":{"@id":"https:\/\/cimacanarias.com\/#\/schema\/logo\/image\/"}}]}},"_links":{"self":[{"href":"https:\/\/cimacanarias.com\/en\/wp-json\/wp\/v2\/pages\/1755","targetHints":{"allow":["GET"]}}],"collection":[{"href":"https:\/\/cimacanarias.com\/en\/wp-json\/wp\/v2\/pages"}],"about":[{"href":"https:\/\/cimacanarias.com\/en\/wp-json\/wp\/v2\/types\/page"}],"author":[{"embeddable":true,"href":"https:\/\/cimacanarias.com\/en\/wp-json\/wp\/v2\/users\/9"}],"replies":[{"embeddable":true,"href":"https:\/\/cimacanarias.com\/en\/wp-json\/wp\/v2\/comments?post=1755"}],"version-history":[{"count":1,"href":"https:\/\/cimacanarias.com\/en\/wp-json\/wp\/v2\/pages\/1755\/revisions"}],"predecessor-version":[{"id":13649,"href":"https:\/\/cimacanarias.com\/en\/wp-json\/wp\/v2\/pages\/1755\/revisions\/13649"}],"wp:attachment":[{"href":"https:\/\/cimacanarias.com\/en\/wp-json\/wp\/v2\/media?parent=1755"}],"curies":[{"name":"wp","href":"https:\/\/api.w.org\/{rel}","templated":true}]}}