{"id":2004,"date":"2022-04-20T11:02:18","date_gmt":"2022-04-20T11:02:18","guid":{"rendered":"https:\/\/cimacanarias.com\/?page_id=2004"},"modified":"2023-07-30T13:21:51","modified_gmt":"2023-07-30T13:21:51","slug":"technical-means","status":"publish","type":"page","link":"https:\/\/cimacanarias.com\/en\/technical-means\/","title":{"rendered":"Technical means"},"content":{"rendered":"<p>Die Ghostwriting-Agentur zielt darauf ab, Kunden qualitativ hochwertige Inhalte zur Verf\u00fcgung zu stellen. Sie haben mehreren Unternehmen und Einzelpersonen geholfen, Anerkennung <a href=\"https:\/\/premiumghostwriter.de\/\">premiumghostwriter.de<\/a> zu gewinnen.Ghostwriters sind professionelle Schriftsteller mit Erfahrung in einer Vielzahl von Formaten, darunter B\u00fccher, Artikel, Blogs und White Papers. Mit ihrem Fachwissen k\u00f6nnen sie Ihre Ideen in einzigartige Inhalte verwandeln, die Ihr Publikum einbeziehen und informieren.<\/p>\n<div class=\"wp-block-media-text alignwide is-stacked-on-mobile\"><figure class=\"wp-block-media-text__media\"><img loading=\"lazy\" decoding=\"async\" width=\"2048\" height=\"1537\" src=\"https:\/\/cimacanarias.com\/wp-content\/uploads\/2022\/07\/Cuarto-de-buceo-CIMA-S.L-1.png\" alt=\"\" class=\"wp-image-2258 size-full\" srcset=\"https:\/\/cimacanarias.com\/wp-content\/uploads\/2022\/07\/Cuarto-de-buceo-CIMA-S.L-1.png 2048w, https:\/\/cimacanarias.com\/wp-content\/uploads\/2022\/07\/Cuarto-de-buceo-CIMA-S.L-1-300x225.png 300w, https:\/\/cimacanarias.com\/wp-content\/uploads\/2022\/07\/Cuarto-de-buceo-CIMA-S.L-1-768x576.png 768w, https:\/\/cimacanarias.com\/wp-content\/uploads\/2022\/07\/Cuarto-de-buceo-CIMA-S.L-1-1536x1153.png 1536w\" sizes=\"auto, (max-width: 2048px) 100vw, 2048px\" \/><\/figure><div class=\"wp-block-media-text__content\">\n<h1 class=\"wp-block-heading\"><small><small>For better achievements<\/small><\/small><\/h1>\n\n\n\n<p>We own necessary materials and human resources for successful completion of our and our clients\u00b4 projects.<\/p>\n\n\n\n<p>Here are some of the means we have for conducting our projects. All of them can also be rented (with experienced staff) to use in your research.<\/p>\n<\/div><\/div>\n\n\n\n<hr class=\"wp-block-separator has-text-color has-black-color has-css-opacity has-black-background-color has-background is-style-wide\"\/>\n\n\n\n<h2 class=\"wp-block-heading\">Boats<\/h2>\n\n\n\n<div class=\"wp-block-media-text alignwide has-media-on-the-right is-stacked-on-mobile\"><figure class=\"wp-block-media-text__media\"><img loading=\"lazy\" decoding=\"async\" width=\"1600\" height=\"1200\" src=\"https:\/\/cimacanarias.com\/wp-content\/uploads\/2022\/07\/2019_09_rorcual-en-Orzola-2.jpg\" alt=\"\" class=\"wp-image-2242 size-full\" srcset=\"https:\/\/cimacanarias.com\/wp-content\/uploads\/2022\/07\/2019_09_rorcual-en-Orzola-2.jpg 1600w, https:\/\/cimacanarias.com\/wp-content\/uploads\/2022\/07\/2019_09_rorcual-en-Orzola-2-300x225.jpg 300w, https:\/\/cimacanarias.com\/wp-content\/uploads\/2022\/07\/2019_09_rorcual-en-Orzola-2-768x576.jpg 768w, https:\/\/cimacanarias.com\/wp-content\/uploads\/2022\/07\/2019_09_rorcual-en-Orzola-2-1536x1152.jpg 1536w\" sizes=\"auto, (max-width: 1600px) 100vw, 1600px\" \/><\/figure><div class=\"wp-block-media-text__content\">\n<p style=\"font-size:16px\"><strong>Zodiac Rorcual:<\/strong>&nbsp;VALIANT 7.5-meter semi-rigid boat with 150 hp Honda as a primary engine and Mercury 20CV as an auxiliary engine, with capacity for 12 divers.<\/p>\n<\/div><\/div>\n\n\n\n<p><\/p>\n\n\n\n<div class=\"wp-block-media-text alignwide is-stacked-on-mobile\"><figure class=\"wp-block-media-text__media\"><img loading=\"lazy\" decoding=\"async\" width=\"2048\" height=\"1538\" src=\"https:\/\/cimacanarias.com\/wp-content\/uploads\/2022\/07\/2021_03_correntimetroOAG_-25-1-2048x1538.jpg\" alt=\"\" class=\"wp-image-2232 size-full\" srcset=\"https:\/\/cimacanarias.com\/wp-content\/uploads\/2022\/07\/2021_03_correntimetroOAG_-25-1-2048x1538.jpg 2048w, https:\/\/cimacanarias.com\/wp-content\/uploads\/2022\/07\/2021_03_correntimetroOAG_-25-1-300x225.jpg 300w, https:\/\/cimacanarias.com\/wp-content\/uploads\/2022\/07\/2021_03_correntimetroOAG_-25-1-768x577.jpg 768w, https:\/\/cimacanarias.com\/wp-content\/uploads\/2022\/07\/2021_03_correntimetroOAG_-25-1-1536x1153.jpg 1536w\" sizes=\"auto, (max-width: 2048px) 100vw, 2048px\" \/><\/figure><div class=\"wp-block-media-text__content\">\n<p><strong>Chinijo:<\/strong>&nbsp;Wood and fiber boat 9.20 meters long and 3 meters wide with Yanmar main engine of 126.48 hp and Mercury auxiliary engine of 30 hp.&nbsp;She has a bathroom, a cabin and a large cellar for the storage of equipment.<\/p>\n<\/div><\/div>\n\n\n\n<p><\/p>\n\n\n\n<div class=\"wp-block-media-text alignwide has-media-on-the-right is-stacked-on-mobile\"><figure class=\"wp-block-media-text__media\"><img loading=\"lazy\" decoding=\"async\" width=\"2048\" height=\"1536\" src=\"https:\/\/cimacanarias.com\/wp-content\/uploads\/2022\/07\/20211031_110616-1-2048x1536.jpg\" alt=\"\" class=\"wp-image-2233 size-full\" srcset=\"https:\/\/cimacanarias.com\/wp-content\/uploads\/2022\/07\/20211031_110616-1-2048x1536.jpg 2048w, https:\/\/cimacanarias.com\/wp-content\/uploads\/2022\/07\/20211031_110616-1-300x225.jpg 300w, https:\/\/cimacanarias.com\/wp-content\/uploads\/2022\/07\/20211031_110616-1-768x576.jpg 768w, https:\/\/cimacanarias.com\/wp-content\/uploads\/2022\/07\/20211031_110616-1-1536x1152.jpg 1536w\" sizes=\"auto, (max-width: 2048px) 100vw, 2048px\" \/><\/figure><div class=\"wp-block-media-text__content\">\n<p><strong>Magec:<\/strong> It is a Model Antares 12 IPS boat of 11.98 meters in length and 3.99 in beam. She has two Volvo Penta engines of 369.92 CV each, in addition to a 1200 W generator set to supply 220 V current to the entire ship&#8217;s installation. She has two cabins for 4 people in total each with its own bathroom. And, in addition, it has a davit with a winch to lift or tow devices.<\/p>\n<\/div><\/div>\n\n\n\n<hr class=\"wp-block-separator has-text-color has-black-color has-css-opacity has-black-background-color has-background is-style-wide\"\/>\n\n\n\n<h2 class=\"wp-block-heading\">Oceanographic instruments<\/h2>\n\n\n\n<div class=\"wp-block-media-text alignwide is-stacked-on-mobile\"><figure class=\"wp-block-media-text__media\"><img loading=\"lazy\" decoding=\"async\" width=\"360\" height=\"222\" src=\"https:\/\/cimacanarias.com\/wp-content\/uploads\/2020\/09\/intro-correntimetro.jpg\" alt=\"\" class=\"wp-image-1200 size-full\" srcset=\"https:\/\/cimacanarias.com\/wp-content\/uploads\/2020\/09\/intro-correntimetro.jpg 360w, https:\/\/cimacanarias.com\/wp-content\/uploads\/2020\/09\/intro-correntimetro-300x185.jpg 300w\" sizes=\"auto, (max-width: 360px) 100vw, 360px\" \/><\/figure><div class=\"wp-block-media-text__content\">\n<h2 class=\"wp-block-heading\"><\/h2>\n\n\n\n<p><strong>CTD:<\/strong> This equipment registers conductivity and temperature of water in situ, as well as the depth to which it is submerged, and used for creation of oceanographic profiles of water column. SBE 19plus V2 model has also turbidity, pH and fluorescence sensors, which makes it a versatile multiparameter probe. This equipment reaches 4 Hz, so each parameter is measured four times per second, which gives a very high resolution of the water examined.<\/p>\n\n\n\n<p><strong>Current meter:<\/strong> We own several Acoustic Doppler Current Profilers (ADCP). This equipment is able to measure the direction and velocity of current in entire water column (0-100 m), dividing it in layers from 0.5m to 4 m wide. ADCP performs up to 2 measurements per second, which provides a detailed profile of currents.<\/p>\n<\/div><\/div>\n\n\n\n<div class=\"wp-block-media-text alignwide has-media-on-the-right is-stacked-on-mobile\"><figure class=\"wp-block-media-text__media\"><img loading=\"lazy\" decoding=\"async\" width=\"360\" height=\"250\" src=\"https:\/\/cimacanarias.com\/wp-content\/uploads\/2020\/09\/intro-niskin.jpg\" alt=\"\" class=\"wp-image-1207 size-full\" srcset=\"https:\/\/cimacanarias.com\/wp-content\/uploads\/2020\/09\/intro-niskin.jpg 360w, https:\/\/cimacanarias.com\/wp-content\/uploads\/2020\/09\/intro-niskin-300x208.jpg 300w\" sizes=\"auto, (max-width: 360px) 100vw, 360px\" \/><\/figure><div class=\"wp-block-media-text__content\">\n<p><strong>Probe:&nbsp;<\/strong>The multiparameter probe allows the realization of oceanographic profiles for establishment of physicochemical characteristics of water masses. This technology allows obtaining continuous data of water column. The Eureka environmental engineering probe model MANTA2 provides the following information: \u2022 Dissolved oxygen \u2022 Chlorophyll \u2022 Turbidity \u2022 pH \u2022 Temperature \u2022 Salinity \/ Conductivity \u2022 Depth.<\/p>\n\n\n\n<p><strong>Niskin:&nbsp;<\/strong>Oceanographic bottles of 2.5 and 5 liters capacity, with a closure system that allows obtaining water samples at different depths.<\/p>\n\n\n\n<p><strong>Dredges:&nbsp;<\/strong>\u00abVan Veen\u00bb, \u00abFoster\u00bb and \u00abNaturalist\u00bb dredges for obtaining sediments, allow obtaining seabed samples for chemical or biological analysis.<\/p>\n<\/div><\/div>\n\n\n\n<p><strong>Zooplankton and phytoplankton Net:&nbsp;<\/strong>CIMA owns seawater filtering nets with suitable mesh size for phytoplankton or zooplankton samples.<\/p>\n\n\n\n<div class=\"wp-block-media-text alignwide is-stacked-on-mobile\"><figure class=\"wp-block-media-text__media\"><img loading=\"lazy\" decoding=\"async\" width=\"2048\" height=\"1536\" src=\"https:\/\/cimacanarias.com\/wp-content\/uploads\/2022\/07\/2017_10_cartografia-sebadales-tf-2-1-2048x1536.jpg\" alt=\"\" class=\"wp-image-2246 size-full\" srcset=\"https:\/\/cimacanarias.com\/wp-content\/uploads\/2022\/07\/2017_10_cartografia-sebadales-tf-2-1-2048x1536.jpg 2048w, https:\/\/cimacanarias.com\/wp-content\/uploads\/2022\/07\/2017_10_cartografia-sebadales-tf-2-1-300x225.jpg 300w, https:\/\/cimacanarias.com\/wp-content\/uploads\/2022\/07\/2017_10_cartografia-sebadales-tf-2-1-768x576.jpg 768w, https:\/\/cimacanarias.com\/wp-content\/uploads\/2022\/07\/2017_10_cartografia-sebadales-tf-2-1-1536x1152.jpg 1536w\" sizes=\"auto, (max-width: 2048px) 100vw, 2048px\" \/><\/figure><div class=\"wp-block-media-text__content\">\n<p><strong>Sonar:<\/strong>&nbsp;Side-scan sonar. Its most common applications include the detailed habitats and seabed communities mapping, location of pipes, viaducts or cables, the search for objects or submerged archaeological sites and the location of shipwrecks.<\/p>\n<\/div><\/div>\n\n\n\n<hr class=\"wp-block-separator has-text-color has-black-color has-css-opacity has-black-background-color has-background is-style-wide\"\/>\n\n\n\n<div class=\"wp-block-media-text alignwide has-media-on-the-right is-stacked-on-mobile\"><figure class=\"wp-block-media-text__media\"><img loading=\"lazy\" decoding=\"async\" width=\"1920\" height=\"1440\" src=\"https:\/\/cimacanarias.com\/wp-content\/uploads\/2022\/07\/2021_05_ROV-pequeno_San-Andres-4_1.jpg\" alt=\"\" class=\"wp-image-2249 size-full\" srcset=\"https:\/\/cimacanarias.com\/wp-content\/uploads\/2022\/07\/2021_05_ROV-pequeno_San-Andres-4_1.jpg 1920w, https:\/\/cimacanarias.com\/wp-content\/uploads\/2022\/07\/2021_05_ROV-pequeno_San-Andres-4_1-300x225.jpg 300w, https:\/\/cimacanarias.com\/wp-content\/uploads\/2022\/07\/2021_05_ROV-pequeno_San-Andres-4_1-768x576.jpg 768w, https:\/\/cimacanarias.com\/wp-content\/uploads\/2022\/07\/2021_05_ROV-pequeno_San-Andres-4_1-1536x1152.jpg 1536w\" sizes=\"auto, (max-width: 1920px) 100vw, 1920px\" \/><\/figure><div class=\"wp-block-media-text__content\">\n<h3 class=\"wp-block-heading\"><small>ROV<\/small><\/h3>\n\n\n\n<p>CIMA currently has a new ROV (Remote Operated Vehicle) with lighting, fullHD camera and that can be submerged up to 100 meters deep for seabed remote inspection.<\/p>\n<\/div><\/div>\n\n\n\n<hr class=\"wp-block-separator has-text-color has-black-color has-css-opacity has-black-background-color has-background is-style-wide\"\/>\n\n\n\n<div class=\"wp-block-media-text alignwide is-stacked-on-mobile\"><figure class=\"wp-block-media-text__media\"><img loading=\"lazy\" decoding=\"async\" width=\"360\" height=\"387\" src=\"https:\/\/cimacanarias.com\/wp-content\/uploads\/2020\/09\/intro-fotosub.jpg\" alt=\"\" class=\"wp-image-1209 size-full\" srcset=\"https:\/\/cimacanarias.com\/wp-content\/uploads\/2020\/09\/intro-fotosub.jpg 360w, https:\/\/cimacanarias.com\/wp-content\/uploads\/2020\/09\/intro-fotosub-279x300.jpg 279w\" sizes=\"auto, (max-width: 360px) 100vw, 360px\" \/><\/figure><div class=\"wp-block-media-text__content\">\n<h3 class=\"wp-block-heading\"><small>Photography and video<\/small><\/h3>\n\n\n\n<p>CIMA has photo and video cameras, stabilizers, underwater cases and illumination required for documenting projects.<\/p>\n<\/div><\/div>","protected":false},"excerpt":{"rendered":"<p>Die Ghostwriting-Agentur zielt darauf ab, Kunden qualitativ hochwertige Inhalte zur Verf\u00fcgung zu stellen. Sie haben mehreren Unternehmen und Einzelpersonen geholfen, [&hellip;]<\/p>\n","protected":false},"author":9,"featured_media":0,"parent":0,"menu_order":0,"comment_status":"closed","ping_status":"closed","template":"","meta":{"footnotes":""},"class_list":["post-2004","page","type-page","status-publish","hentry"],"yoast_head":"<!-- This site is optimized with the Yoast SEO plugin v27.3 - https:\/\/yoast.com\/product\/yoast-seo-wordpress\/ -->\n<title>Technical means - Centro de Investigaciones Medioambientales del Atl\u00e1ntico<\/title>\n<meta name=\"description\" content=\"Centro de Investigaciones Medioambientales del Atl\u00e1ntico, S.L. es una entidad privada especializada en el medio marino que desarrolla asistencias t\u00e9cnicas, proyectos de gesti\u00f3n, an\u00e1lisis e investigaciones marinas.\" \/>\n<meta name=\"robots\" content=\"index, follow, max-snippet:-1, max-image-preview:large, max-video-preview:-1\" \/>\n<link rel=\"canonical\" href=\"https:\/\/cimacanarias.com\/en\/technical-means\/\" \/>\n<meta property=\"og:locale\" content=\"en_GB\" \/>\n<meta property=\"og:type\" content=\"article\" \/>\n<meta property=\"og:title\" content=\"Technical means - Centro de Investigaciones Medioambientales del Atl\u00e1ntico\" \/>\n<meta property=\"og:description\" content=\"Centro de Investigaciones Medioambientales del Atl\u00e1ntico, S.L. es una entidad privada especializada en el medio marino que desarrolla asistencias t\u00e9cnicas, proyectos de gesti\u00f3n, an\u00e1lisis e investigaciones marinas.\" \/>\n<meta property=\"og:url\" content=\"https:\/\/cimacanarias.com\/en\/technical-means\/\" \/>\n<meta property=\"og:site_name\" content=\"Centro de Investigaciones Medioambientales del Atl\u00e1ntico\" \/>\n<meta property=\"article:modified_time\" content=\"2023-07-30T13:21:51+00:00\" \/>\n<meta property=\"og:image\" content=\"https:\/\/cimacanarias.com\/wp-content\/uploads\/2022\/07\/Cuarto-de-buceo-CIMA-S.L-1.png\" \/>\n<meta name=\"twitter:card\" content=\"summary_large_image\" \/>\n<meta name=\"twitter:label1\" content=\"Estimated reading time\" \/>\n\t<meta name=\"twitter:data1\" content=\"5 minutes\" \/>\n<script type=\"application\/ld+json\" class=\"yoast-schema-graph\">{\"@context\":\"https:\\\/\\\/schema.org\",\"@graph\":[{\"@type\":\"WebPage\",\"@id\":\"https:\\\/\\\/cimacanarias.com\\\/technical-means\\\/\",\"url\":\"https:\\\/\\\/cimacanarias.com\\\/technical-means\\\/\",\"name\":\"Technical means - Centro de Investigaciones Medioambientales del Atl\u00e1ntico\",\"isPartOf\":{\"@id\":\"https:\\\/\\\/cimacanarias.com\\\/#website\"},\"primaryImageOfPage\":{\"@id\":\"https:\\\/\\\/cimacanarias.com\\\/technical-means\\\/#primaryimage\"},\"image\":{\"@id\":\"https:\\\/\\\/cimacanarias.com\\\/technical-means\\\/#primaryimage\"},\"thumbnailUrl\":\"https:\\\/\\\/cimacanarias.com\\\/wp-content\\\/uploads\\\/2022\\\/07\\\/Cuarto-de-buceo-CIMA-S.L-1.png\",\"datePublished\":\"2022-04-20T11:02:18+00:00\",\"dateModified\":\"2023-07-30T13:21:51+00:00\",\"description\":\"Centro de Investigaciones Medioambientales del Atl\u00e1ntico, S.L. es una entidad privada especializada en el medio marino que desarrolla asistencias t\u00e9cnicas, proyectos de gesti\u00f3n, an\u00e1lisis e investigaciones marinas.\",\"breadcrumb\":{\"@id\":\"https:\\\/\\\/cimacanarias.com\\\/technical-means\\\/#breadcrumb\"},\"inLanguage\":\"en-GB\",\"potentialAction\":[{\"@type\":\"ReadAction\",\"target\":[\"https:\\\/\\\/cimacanarias.com\\\/technical-means\\\/\"]}]},{\"@type\":\"ImageObject\",\"inLanguage\":\"en-GB\",\"@id\":\"https:\\\/\\\/cimacanarias.com\\\/technical-means\\\/#primaryimage\",\"url\":\"https:\\\/\\\/cimacanarias.com\\\/wp-content\\\/uploads\\\/2022\\\/07\\\/Cuarto-de-buceo-CIMA-S.L-1.png\",\"contentUrl\":\"https:\\\/\\\/cimacanarias.com\\\/wp-content\\\/uploads\\\/2022\\\/07\\\/Cuarto-de-buceo-CIMA-S.L-1.png\"},{\"@type\":\"BreadcrumbList\",\"@id\":\"https:\\\/\\\/cimacanarias.com\\\/technical-means\\\/#breadcrumb\",\"itemListElement\":[{\"@type\":\"ListItem\",\"position\":1,\"name\":\"Portada\",\"item\":\"https:\\\/\\\/cimacanarias.com\\\/\"},{\"@type\":\"ListItem\",\"position\":2,\"name\":\"Technical means\"}]},{\"@type\":\"WebSite\",\"@id\":\"https:\\\/\\\/cimacanarias.com\\\/#website\",\"url\":\"https:\\\/\\\/cimacanarias.com\\\/\",\"name\":\"Centro de Investigaciones Medioambientales del Atl\u00e1ntico\",\"description\":\"Centro de Investigaciones Medioambientales del Atl\u00e1ntico, S.L. es una consultora ambiental especializada en el medio marino que desarrolla asistencias t\u00e9cnicas, proyectos de gesti\u00f3n, an\u00e1lisis e investigaciones marinas.\",\"publisher\":{\"@id\":\"https:\\\/\\\/cimacanarias.com\\\/#organization\"},\"potentialAction\":[{\"@type\":\"SearchAction\",\"target\":{\"@type\":\"EntryPoint\",\"urlTemplate\":\"https:\\\/\\\/cimacanarias.com\\\/?s={search_term_string}\"},\"query-input\":{\"@type\":\"PropertyValueSpecification\",\"valueRequired\":true,\"valueName\":\"search_term_string\"}}],\"inLanguage\":\"en-GB\"},{\"@type\":\"Organization\",\"@id\":\"https:\\\/\\\/cimacanarias.com\\\/#organization\",\"name\":\"Centro de Investigaciones Medioambientales del Atl\u00e1ntico, S.L.\",\"url\":\"https:\\\/\\\/cimacanarias.com\\\/\",\"logo\":{\"@type\":\"ImageObject\",\"inLanguage\":\"en-GB\",\"@id\":\"https:\\\/\\\/cimacanarias.com\\\/#\\\/schema\\\/logo\\\/image\\\/\",\"url\":\"https:\\\/\\\/cimacanarias.com\\\/wp-content\\\/uploads\\\/2020\\\/06\\\/logo.png\",\"contentUrl\":\"https:\\\/\\\/cimacanarias.com\\\/wp-content\\\/uploads\\\/2020\\\/06\\\/logo.png\",\"width\":227,\"height\":80,\"caption\":\"Centro de Investigaciones Medioambientales del Atl\u00e1ntico, S.L.\"},\"image\":{\"@id\":\"https:\\\/\\\/cimacanarias.com\\\/#\\\/schema\\\/logo\\\/image\\\/\"}}]}<\/script>\n<!-- \/ Yoast SEO plugin. -->","yoast_head_json":{"title":"Technical means - Centro de Investigaciones Medioambientales del Atl\u00e1ntico","description":"Centro de Investigaciones Medioambientales del Atl\u00e1ntico, S.L. es una entidad privada especializada en el medio marino que desarrolla asistencias t\u00e9cnicas, proyectos de gesti\u00f3n, an\u00e1lisis e investigaciones marinas.","robots":{"index":"index","follow":"follow","max-snippet":"max-snippet:-1","max-image-preview":"max-image-preview:large","max-video-preview":"max-video-preview:-1"},"canonical":"https:\/\/cimacanarias.com\/en\/technical-means\/","og_locale":"en_GB","og_type":"article","og_title":"Technical means - Centro de Investigaciones Medioambientales del Atl\u00e1ntico","og_description":"Centro de Investigaciones Medioambientales del Atl\u00e1ntico, S.L. es una entidad privada especializada en el medio marino que desarrolla asistencias t\u00e9cnicas, proyectos de gesti\u00f3n, an\u00e1lisis e investigaciones marinas.","og_url":"https:\/\/cimacanarias.com\/en\/technical-means\/","og_site_name":"Centro de Investigaciones Medioambientales del Atl\u00e1ntico","article_modified_time":"2023-07-30T13:21:51+00:00","og_image":[{"url":"https:\/\/cimacanarias.com\/wp-content\/uploads\/2022\/07\/Cuarto-de-buceo-CIMA-S.L-1.png","type":"","width":"","height":""}],"twitter_card":"summary_large_image","twitter_misc":{"Estimated reading time":"5 minutes"},"schema":{"@context":"https:\/\/schema.org","@graph":[{"@type":"WebPage","@id":"https:\/\/cimacanarias.com\/technical-means\/","url":"https:\/\/cimacanarias.com\/technical-means\/","name":"Technical means - Centro de Investigaciones Medioambientales del Atl\u00e1ntico","isPartOf":{"@id":"https:\/\/cimacanarias.com\/#website"},"primaryImageOfPage":{"@id":"https:\/\/cimacanarias.com\/technical-means\/#primaryimage"},"image":{"@id":"https:\/\/cimacanarias.com\/technical-means\/#primaryimage"},"thumbnailUrl":"https:\/\/cimacanarias.com\/wp-content\/uploads\/2022\/07\/Cuarto-de-buceo-CIMA-S.L-1.png","datePublished":"2022-04-20T11:02:18+00:00","dateModified":"2023-07-30T13:21:51+00:00","description":"Centro de Investigaciones Medioambientales del Atl\u00e1ntico, S.L. es una entidad privada especializada en el medio marino que desarrolla asistencias t\u00e9cnicas, proyectos de gesti\u00f3n, an\u00e1lisis e investigaciones marinas.","breadcrumb":{"@id":"https:\/\/cimacanarias.com\/technical-means\/#breadcrumb"},"inLanguage":"en-GB","potentialAction":[{"@type":"ReadAction","target":["https:\/\/cimacanarias.com\/technical-means\/"]}]},{"@type":"ImageObject","inLanguage":"en-GB","@id":"https:\/\/cimacanarias.com\/technical-means\/#primaryimage","url":"https:\/\/cimacanarias.com\/wp-content\/uploads\/2022\/07\/Cuarto-de-buceo-CIMA-S.L-1.png","contentUrl":"https:\/\/cimacanarias.com\/wp-content\/uploads\/2022\/07\/Cuarto-de-buceo-CIMA-S.L-1.png"},{"@type":"BreadcrumbList","@id":"https:\/\/cimacanarias.com\/technical-means\/#breadcrumb","itemListElement":[{"@type":"ListItem","position":1,"name":"Portada","item":"https:\/\/cimacanarias.com\/"},{"@type":"ListItem","position":2,"name":"Technical means"}]},{"@type":"WebSite","@id":"https:\/\/cimacanarias.com\/#website","url":"https:\/\/cimacanarias.com\/","name":"Atlantic Center for Environmental Research","description":"Centro de Investigaciones Medioambientales del Atl\u00e1ntico, S.L. es una consultora ambiental especializada en el medio marino que desarrolla asistencias t\u00e9cnicas, proyectos de gesti\u00f3n, an\u00e1lisis e investigaciones marinas.","publisher":{"@id":"https:\/\/cimacanarias.com\/#organization"},"potentialAction":[{"@type":"SearchAction","target":{"@type":"EntryPoint","urlTemplate":"https:\/\/cimacanarias.com\/?s={search_term_string}"},"query-input":{"@type":"PropertyValueSpecification","valueRequired":true,"valueName":"search_term_string"}}],"inLanguage":"en-GB"},{"@type":"Organization","@id":"https:\/\/cimacanarias.com\/#organization","name":"Centro de Investigaciones Medioambientales del Atl\u00e1ntico, S.L.","url":"https:\/\/cimacanarias.com\/","logo":{"@type":"ImageObject","inLanguage":"en-GB","@id":"https:\/\/cimacanarias.com\/#\/schema\/logo\/image\/","url":"https:\/\/cimacanarias.com\/wp-content\/uploads\/2020\/06\/logo.png","contentUrl":"https:\/\/cimacanarias.com\/wp-content\/uploads\/2020\/06\/logo.png","width":227,"height":80,"caption":"Centro de Investigaciones Medioambientales del Atl\u00e1ntico, S.L."},"image":{"@id":"https:\/\/cimacanarias.com\/#\/schema\/logo\/image\/"}}]}},"_links":{"self":[{"href":"https:\/\/cimacanarias.com\/en\/wp-json\/wp\/v2\/pages\/2004","targetHints":{"allow":["GET"]}}],"collection":[{"href":"https:\/\/cimacanarias.com\/en\/wp-json\/wp\/v2\/pages"}],"about":[{"href":"https:\/\/cimacanarias.com\/en\/wp-json\/wp\/v2\/types\/page"}],"author":[{"embeddable":true,"href":"https:\/\/cimacanarias.com\/en\/wp-json\/wp\/v2\/users\/9"}],"replies":[{"embeddable":true,"href":"https:\/\/cimacanarias.com\/en\/wp-json\/wp\/v2\/comments?post=2004"}],"version-history":[{"count":10,"href":"https:\/\/cimacanarias.com\/en\/wp-json\/wp\/v2\/pages\/2004\/revisions"}],"predecessor-version":[{"id":5441,"href":"https:\/\/cimacanarias.com\/en\/wp-json\/wp\/v2\/pages\/2004\/revisions\/5441"}],"wp:attachment":[{"href":"https:\/\/cimacanarias.com\/en\/wp-json\/wp\/v2\/media?parent=2004"}],"curies":[{"name":"wp","href":"https:\/\/api.w.org\/{rel}","templated":true}]}}