{"id":800,"date":"2020-07-08T14:41:44","date_gmt":"2020-07-08T14:41:44","guid":{"rendered":"http:\/\/cimacanarias.com\/?page_id=800"},"modified":"2022-05-13T09:35:27","modified_gmt":"2022-05-13T09:35:27","slug":"proyectos-idi","status":"publish","type":"page","link":"https:\/\/cimacanarias.com\/en\/proyectos-idi\/","title":{"rendered":"R&amp;D&amp;I Projects"},"content":{"rendered":"<p>We develop research projects and technology assimilation in collaboration with public and private institutions.<\/p>\n<div class=\"clearfix\">\n<h3><small>The main lines of work of CIMA are:<\/small><\/h3>\n<p>\u2013 Development of protocols for determination of pollutants and integrated analysis of animal and plant communities.<\/p>\n<p>\u2013 Cultivation of alternative prey as food for species of socio-economic interest.<\/p>\n<p>\u2013 Influence of human activity on coastal marine ecosystems (outfalls, desalination plants, ports, aquaculture, etc.)<\/p>\n<p>\u2013 Modeling as a tool to predict environmental responses to disturbing factors of the environment.<\/p>\n<p>Through technological surveillance and thanks to experiences and needs that have emerged in our own projects, CIMA has participated in the development of tools that have assisted in various research projects\u2014both our own and those of other entities.<\/p>\n<\/div>\n<hr \/>\n<div class=\"clearfix\">\n<div class=\"pull-left\"><a href=\"https:\/\/cimacanarias.com\/index.php\/i-d-i\/203-canamod\"><img decoding=\"async\" class=\"img-responsive alignleft\" src=\"https:\/\/cimacanarias.com\/images\/servicios\/_canamodp.jpg\" alt=\"\" \/><\/a><\/div>\n<p><a href=\"https:\/\/cimacanarias.com\/index.php\/i-d-i\/203-canamod\"><br \/><\/a><a href=\"https:\/\/cimacanarias.com\/wp-content\/uploads\/2020\/09\/canamod.jpg\"><img loading=\"lazy\" decoding=\"async\" class=\"alignleft wp-image-1114\" src=\"https:\/\/cimacanarias.com\/wp-content\/uploads\/2020\/09\/canamod.jpg\" alt=\"\" width=\"138\" height=\"138\" srcset=\"https:\/\/cimacanarias.com\/wp-content\/uploads\/2020\/09\/canamod.jpg 550w, https:\/\/cimacanarias.com\/wp-content\/uploads\/2020\/09\/canamod-300x300.jpg 300w, https:\/\/cimacanarias.com\/wp-content\/uploads\/2020\/09\/canamod-150x150.jpg 150w\" sizes=\"auto, (max-width: 138px) 100vw, 138px\" \/><\/a><\/p>\n<p><a href=\"https:\/\/cimacanarias.com\/en\/canamod\/\" target=\"_blank\" rel=\"noopener noreferrer\">&#8211; CANAMOD<\/a>: Modeling tool for predicting the environmental response to input of material from aquaculture cages in the Canary Islands.<\/p>\n<\/div>\n<div>\u00a0<\/div>\n<div class=\"clearfix\"><hr \/>\n<div class=\"clearfix\">\n<div class=\"pull-left\"><a href=\"https:\/\/cimacanarias.com\/index.php\/i-d-i\/204-presapul\"><img decoding=\"async\" class=\"img-responsive alignleft\" src=\"https:\/\/cimacanarias.com\/images\/servicios\/_presapulp.jpg\" alt=\"\" \/><\/a><\/div>\n<p><a href=\"https:\/\/cimacanarias.com\/index.php\/i-d-i\/204-presapul\"><br \/><\/a><a href=\"https:\/\/cimacanarias.com\/wp-content\/uploads\/2020\/09\/presapul.jpg\"><img loading=\"lazy\" decoding=\"async\" class=\"alignleft wp-image-1121\" src=\"https:\/\/cimacanarias.com\/wp-content\/uploads\/2020\/09\/presapul-150x150.jpg\" alt=\"\" width=\"138\" height=\"138\" srcset=\"https:\/\/cimacanarias.com\/wp-content\/uploads\/2020\/09\/presapul-150x150.jpg 150w, https:\/\/cimacanarias.com\/wp-content\/uploads\/2020\/09\/presapul-300x300.jpg 300w, https:\/\/cimacanarias.com\/wp-content\/uploads\/2020\/09\/presapul.jpg 550w\" sizes=\"auto, (max-width: 138px) 100vw, 138px\" \/><\/a><\/p>\n<p><a href=\"https:\/\/cimacanarias.com\/en\/presapul\/\" target=\"_blank\" rel=\"noopener noreferrer\">&#8211; PRESAPUL<\/a>: Use of alternative prey for paralarval octopus growth (<i>Octopus vulgaris<\/i>)<\/p>\n<\/div>\n<div>\u00a0<\/div>\n<div class=\"clearfix\"><hr \/>\n<div class=\"clearfix\">\n<div class=\"pull-left\"><a href=\"https:\/\/cimacanarias.com\/index.php\/i-d-i\/205-macaromod\"><img decoding=\"async\" class=\"img-responsive alignleft\" src=\"https:\/\/cimacanarias.com\/images\/servicios\/_macaromodp.jpg\" alt=\"\" \/><\/a><\/div>\n<p><a href=\"https:\/\/cimacanarias.com\/index.php\/i-d-i\/205-macaromod\"><br \/><\/a><a href=\"https:\/\/cimacanarias.com\/wp-content\/uploads\/2020\/09\/macaromod-1.jpg\"><img loading=\"lazy\" decoding=\"async\" class=\"alignleft wp-image-1118\" src=\"https:\/\/cimacanarias.com\/wp-content\/uploads\/2020\/09\/macaromod-1-150x150.jpg\" alt=\"\" width=\"138\" height=\"138\" srcset=\"https:\/\/cimacanarias.com\/wp-content\/uploads\/2020\/09\/macaromod-1-150x150.jpg 150w, https:\/\/cimacanarias.com\/wp-content\/uploads\/2020\/09\/macaromod-1-300x300.jpg 300w, https:\/\/cimacanarias.com\/wp-content\/uploads\/2020\/09\/macaromod-1.jpg 550w\" sizes=\"auto, (max-width: 138px) 100vw, 138px\" \/><\/a><\/p>\n<p><a href=\"https:\/\/cimacanarias.com\/en\/macaromod\/\" target=\"_blank\" rel=\"noopener noreferrer\">&#8211; MACAROMOD<\/a>: Organic matter dispersion in aquaculture farms: development of a mathematical model to ensure environmental sustainability.<\/p>\n<\/div>\n<div>\u00a0<\/div>\n<div class=\"clearfix\"><hr \/>\n<div class=\"clearfix\">\n<div class=\"pull-left\"><a href=\"https:\/\/cimacanarias.com\/index.php\/i-d-i\/206-afeccion-salmuera\"><img decoding=\"async\" class=\"img-responsive alignleft\" src=\"https:\/\/cimacanarias.com\/images\/servicios\/_salmuerap.jpg\" alt=\"\" \/><\/a><\/div>\n<p><a href=\"https:\/\/cimacanarias.com\/index.php\/i-d-i\/206-afeccion-salmuera\"><br \/><\/a><a href=\"https:\/\/cimacanarias.com\/wp-content\/uploads\/2020\/09\/salmuera.jpg\"><img loading=\"lazy\" decoding=\"async\" class=\"alignleft wp-image-1124\" src=\"https:\/\/cimacanarias.com\/wp-content\/uploads\/2020\/09\/salmuera-150x150.jpg\" alt=\"\" width=\"138\" height=\"138\" srcset=\"https:\/\/cimacanarias.com\/wp-content\/uploads\/2020\/09\/salmuera-150x150.jpg 150w, https:\/\/cimacanarias.com\/wp-content\/uploads\/2020\/09\/salmuera-300x300.jpg 300w, https:\/\/cimacanarias.com\/wp-content\/uploads\/2020\/09\/salmuera.jpg 550w\" sizes=\"auto, (max-width: 138px) 100vw, 138px\" \/><\/a><\/p>\n<p><a href=\"https:\/\/cimacanarias.com\/en\/afeccion-de-la-salmuera\/\" target=\"_blank\" rel=\"noopener noreferrer\">\u2013 Brine discharge impact<\/a>: Minimization of brine discharge impacts on seabed biodiversity, with special reference to Cymodocea nodosa meadows.\u00a0<i>Cymodocea nodosa<\/i>.<\/p>\n<\/div>\n<div>\u00a0<\/div>\n<div class=\"clearfix\"><hr \/>\n<p align=\"justify\">\u00a0<\/p>\n<p align=\"justify\">Among the R&amp;D&amp;I projects in which our company is\u00a0<strong><a href=\"https:\/\/cimacanarias.com\/en\/proyectos-de-idi-actuales\/\" target=\"_blank\" rel=\"noopener noreferrer\">currently participating<\/a><\/strong>\u00a0are:<\/p>\n<p><span style=\"font-weight: 400;\">\u2013 \u201cCartography: Study of the Conservation Status of Seagrass Beds in the Eastern Islands: Lanzarote, Fuerteventura, and Gran Canaria,\u201d promoted by the Government of the Canary Islands and co-financed by the FEDER Canarias Operational Program (2014-2020).<\/span><\/p>\n<p><span style=\"font-weight: 400;\">\u2013 Study of the delimitation, characterization, and distribution of the coralligenous community, and monitoring of the conservation status of protected algal species of the genera Tretacantha, Carpodesmia, and Gelidium. <i>Tretacantha, Carpodesmia\u00a0<\/i>and\u00a0<i>Gelidium.<\/i><\/span><\/p>\n<\/div>\n<\/div>\n<\/div>\n<\/div>\n\n\n<hr class=\"wp-block-separator alignwide has-text-color has-background has-black-background-color has-black-color is-style-wide\"\/>\n\n\n\n<p>Visit our <a href=\"https:\/\/cimacanarias.com\/en\/proyectos\/\"><strong>projects section<\/strong><\/a> to learn more about the work we conduct at CIMA S.L. to research and support marine environment research.<\/p>","protected":false},"excerpt":{"rendered":"<p>Desarrollamos proyectos de investigaci\u00f3n y asimilaci\u00f3n de tecnolog\u00eda en colaboraci\u00f3n con instituciones p\u00fablicas y privadas. Las principales l\u00edneas de trabajo [&hellip;]<\/p>\n","protected":false},"author":9,"featured_media":0,"parent":0,"menu_order":0,"comment_status":"closed","ping_status":"closed","template":"","meta":{"footnotes":""},"class_list":["post-800","page","type-page","status-publish","hentry"],"yoast_head":"<!-- This site is optimized with the Yoast SEO plugin v27.4 - https:\/\/yoast.com\/product\/yoast-seo-wordpress\/ -->\n<title>Proyectos I+D+i - Centro de Investigaciones Medioambientales del Atl\u00e1ntico<\/title>\n<meta name=\"description\" content=\"Centro de Investigaciones Medioambientales del Atl\u00e1ntico, S.L. es una entidad privada especializada en el medio marino que desarrolla asistencias t\u00e9cnicas, proyectos de gesti\u00f3n, an\u00e1lisis e investigaciones marinas.\" \/>\n<meta name=\"robots\" content=\"index, follow, max-snippet:-1, max-image-preview:large, max-video-preview:-1\" \/>\n<link rel=\"canonical\" href=\"https:\/\/cimacanarias.com\/en\/proyectos-idi\/\" \/>\n<meta property=\"og:locale\" content=\"en_GB\" \/>\n<meta property=\"og:type\" content=\"article\" \/>\n<meta property=\"og:title\" content=\"Proyectos I+D+i - Centro de Investigaciones Medioambientales del Atl\u00e1ntico\" \/>\n<meta property=\"og:description\" content=\"Centro de Investigaciones Medioambientales del Atl\u00e1ntico, S.L. es una entidad privada especializada en el medio marino que desarrolla asistencias t\u00e9cnicas, proyectos de gesti\u00f3n, an\u00e1lisis e investigaciones marinas.\" \/>\n<meta property=\"og:url\" content=\"https:\/\/cimacanarias.com\/en\/proyectos-idi\/\" \/>\n<meta property=\"og:site_name\" content=\"Centro de Investigaciones Medioambientales del Atl\u00e1ntico\" \/>\n<meta property=\"article:modified_time\" content=\"2022-05-13T09:35:27+00:00\" \/>\n<meta property=\"og:image\" content=\"https:\/\/cimacanarias.com\/images\/servicios\/_canamodp.jpg\" \/>\n<meta name=\"twitter:card\" content=\"summary_large_image\" \/>\n<meta name=\"twitter:label1\" content=\"Estimated reading time\" \/>\n\t<meta name=\"twitter:data1\" content=\"4 minutes\" \/>\n<script type=\"application\/ld+json\" class=\"yoast-schema-graph\">{\"@context\":\"https:\\\/\\\/schema.org\",\"@graph\":[{\"@type\":\"WebPage\",\"@id\":\"https:\\\/\\\/cimacanarias.com\\\/proyectos-idi\\\/\",\"url\":\"https:\\\/\\\/cimacanarias.com\\\/proyectos-idi\\\/\",\"name\":\"Proyectos I+D+i - Centro de Investigaciones Medioambientales del Atl\u00e1ntico\",\"isPartOf\":{\"@id\":\"https:\\\/\\\/cimacanarias.com\\\/#website\"},\"primaryImageOfPage\":{\"@id\":\"https:\\\/\\\/cimacanarias.com\\\/proyectos-idi\\\/#primaryimage\"},\"image\":{\"@id\":\"https:\\\/\\\/cimacanarias.com\\\/proyectos-idi\\\/#primaryimage\"},\"thumbnailUrl\":\"https:\\\/\\\/cimacanarias.com\\\/images\\\/servicios\\\/_canamodp.jpg\",\"datePublished\":\"2020-07-08T14:41:44+00:00\",\"dateModified\":\"2022-05-13T09:35:27+00:00\",\"description\":\"Centro de Investigaciones Medioambientales del Atl\u00e1ntico, S.L. es una entidad privada especializada en el medio marino que desarrolla asistencias t\u00e9cnicas, proyectos de gesti\u00f3n, an\u00e1lisis e investigaciones marinas.\",\"breadcrumb\":{\"@id\":\"https:\\\/\\\/cimacanarias.com\\\/proyectos-idi\\\/#breadcrumb\"},\"inLanguage\":\"en-GB\",\"potentialAction\":[{\"@type\":\"ReadAction\",\"target\":[\"https:\\\/\\\/cimacanarias.com\\\/proyectos-idi\\\/\"]}]},{\"@type\":\"ImageObject\",\"inLanguage\":\"en-GB\",\"@id\":\"https:\\\/\\\/cimacanarias.com\\\/proyectos-idi\\\/#primaryimage\",\"url\":\"https:\\\/\\\/cimacanarias.com\\\/images\\\/servicios\\\/_canamodp.jpg\",\"contentUrl\":\"https:\\\/\\\/cimacanarias.com\\\/images\\\/servicios\\\/_canamodp.jpg\"},{\"@type\":\"BreadcrumbList\",\"@id\":\"https:\\\/\\\/cimacanarias.com\\\/proyectos-idi\\\/#breadcrumb\",\"itemListElement\":[{\"@type\":\"ListItem\",\"position\":1,\"name\":\"Portada\",\"item\":\"https:\\\/\\\/cimacanarias.com\\\/\"},{\"@type\":\"ListItem\",\"position\":2,\"name\":\"Proyectos I+D+i\"}]},{\"@type\":\"WebSite\",\"@id\":\"https:\\\/\\\/cimacanarias.com\\\/#website\",\"url\":\"https:\\\/\\\/cimacanarias.com\\\/\",\"name\":\"Centro de Investigaciones Medioambientales del Atl\u00e1ntico\",\"description\":\"Centro de Investigaciones Medioambientales del Atl\u00e1ntico, S.L. es una consultora ambiental especializada en el medio marino que desarrolla asistencias t\u00e9cnicas, proyectos de gesti\u00f3n, an\u00e1lisis e investigaciones marinas.\",\"publisher\":{\"@id\":\"https:\\\/\\\/cimacanarias.com\\\/#organization\"},\"potentialAction\":[{\"@type\":\"SearchAction\",\"target\":{\"@type\":\"EntryPoint\",\"urlTemplate\":\"https:\\\/\\\/cimacanarias.com\\\/?s={search_term_string}\"},\"query-input\":{\"@type\":\"PropertyValueSpecification\",\"valueRequired\":true,\"valueName\":\"search_term_string\"}}],\"inLanguage\":\"en-GB\"},{\"@type\":\"Organization\",\"@id\":\"https:\\\/\\\/cimacanarias.com\\\/#organization\",\"name\":\"Centro de Investigaciones Medioambientales del Atl\u00e1ntico, S.L.\",\"url\":\"https:\\\/\\\/cimacanarias.com\\\/\",\"logo\":{\"@type\":\"ImageObject\",\"inLanguage\":\"en-GB\",\"@id\":\"https:\\\/\\\/cimacanarias.com\\\/#\\\/schema\\\/logo\\\/image\\\/\",\"url\":\"https:\\\/\\\/cimacanarias.com\\\/wp-content\\\/uploads\\\/2020\\\/06\\\/logo.png\",\"contentUrl\":\"https:\\\/\\\/cimacanarias.com\\\/wp-content\\\/uploads\\\/2020\\\/06\\\/logo.png\",\"width\":227,\"height\":80,\"caption\":\"Centro de Investigaciones Medioambientales del Atl\u00e1ntico, S.L.\"},\"image\":{\"@id\":\"https:\\\/\\\/cimacanarias.com\\\/#\\\/schema\\\/logo\\\/image\\\/\"}}]}<\/script>\n<!-- \/ Yoast SEO plugin. -->","yoast_head_json":{"title":"Proyectos I+D+i - Centro de Investigaciones Medioambientales del Atl\u00e1ntico","description":"Centro de Investigaciones Medioambientales del Atl\u00e1ntico, S.L. es una entidad privada especializada en el medio marino que desarrolla asistencias t\u00e9cnicas, proyectos de gesti\u00f3n, an\u00e1lisis e investigaciones marinas.","robots":{"index":"index","follow":"follow","max-snippet":"max-snippet:-1","max-image-preview":"max-image-preview:large","max-video-preview":"max-video-preview:-1"},"canonical":"https:\/\/cimacanarias.com\/en\/proyectos-idi\/","og_locale":"en_GB","og_type":"article","og_title":"Proyectos I+D+i - Centro de Investigaciones Medioambientales del Atl\u00e1ntico","og_description":"Centro de Investigaciones Medioambientales del Atl\u00e1ntico, S.L. es una entidad privada especializada en el medio marino que desarrolla asistencias t\u00e9cnicas, proyectos de gesti\u00f3n, an\u00e1lisis e investigaciones marinas.","og_url":"https:\/\/cimacanarias.com\/en\/proyectos-idi\/","og_site_name":"Centro de Investigaciones Medioambientales del Atl\u00e1ntico","article_modified_time":"2022-05-13T09:35:27+00:00","og_image":[{"url":"https:\/\/cimacanarias.com\/images\/servicios\/_canamodp.jpg","type":"","width":"","height":""}],"twitter_card":"summary_large_image","twitter_misc":{"Estimated reading time":"4 minutes"},"schema":{"@context":"https:\/\/schema.org","@graph":[{"@type":"WebPage","@id":"https:\/\/cimacanarias.com\/proyectos-idi\/","url":"https:\/\/cimacanarias.com\/proyectos-idi\/","name":"Proyectos I+D+i - Centro de Investigaciones Medioambientales del Atl\u00e1ntico","isPartOf":{"@id":"https:\/\/cimacanarias.com\/#website"},"primaryImageOfPage":{"@id":"https:\/\/cimacanarias.com\/proyectos-idi\/#primaryimage"},"image":{"@id":"https:\/\/cimacanarias.com\/proyectos-idi\/#primaryimage"},"thumbnailUrl":"https:\/\/cimacanarias.com\/images\/servicios\/_canamodp.jpg","datePublished":"2020-07-08T14:41:44+00:00","dateModified":"2022-05-13T09:35:27+00:00","description":"Centro de Investigaciones Medioambientales del Atl\u00e1ntico, S.L. es una entidad privada especializada en el medio marino que desarrolla asistencias t\u00e9cnicas, proyectos de gesti\u00f3n, an\u00e1lisis e investigaciones marinas.","breadcrumb":{"@id":"https:\/\/cimacanarias.com\/proyectos-idi\/#breadcrumb"},"inLanguage":"en-GB","potentialAction":[{"@type":"ReadAction","target":["https:\/\/cimacanarias.com\/proyectos-idi\/"]}]},{"@type":"ImageObject","inLanguage":"en-GB","@id":"https:\/\/cimacanarias.com\/proyectos-idi\/#primaryimage","url":"https:\/\/cimacanarias.com\/images\/servicios\/_canamodp.jpg","contentUrl":"https:\/\/cimacanarias.com\/images\/servicios\/_canamodp.jpg"},{"@type":"BreadcrumbList","@id":"https:\/\/cimacanarias.com\/proyectos-idi\/#breadcrumb","itemListElement":[{"@type":"ListItem","position":1,"name":"Portada","item":"https:\/\/cimacanarias.com\/"},{"@type":"ListItem","position":2,"name":"Proyectos I+D+i"}]},{"@type":"WebSite","@id":"https:\/\/cimacanarias.com\/#website","url":"https:\/\/cimacanarias.com\/","name":"Atlantic Center for Environmental Research","description":"Centro de Investigaciones Medioambientales del Atl\u00e1ntico, S.L. es una consultora ambiental especializada en el medio marino que desarrolla asistencias t\u00e9cnicas, proyectos de gesti\u00f3n, an\u00e1lisis e investigaciones marinas.","publisher":{"@id":"https:\/\/cimacanarias.com\/#organization"},"potentialAction":[{"@type":"SearchAction","target":{"@type":"EntryPoint","urlTemplate":"https:\/\/cimacanarias.com\/?s={search_term_string}"},"query-input":{"@type":"PropertyValueSpecification","valueRequired":true,"valueName":"search_term_string"}}],"inLanguage":"en-GB"},{"@type":"Organization","@id":"https:\/\/cimacanarias.com\/#organization","name":"Centro de Investigaciones Medioambientales del Atl\u00e1ntico, S.L.","url":"https:\/\/cimacanarias.com\/","logo":{"@type":"ImageObject","inLanguage":"en-GB","@id":"https:\/\/cimacanarias.com\/#\/schema\/logo\/image\/","url":"https:\/\/cimacanarias.com\/wp-content\/uploads\/2020\/06\/logo.png","contentUrl":"https:\/\/cimacanarias.com\/wp-content\/uploads\/2020\/06\/logo.png","width":227,"height":80,"caption":"Centro de Investigaciones Medioambientales del Atl\u00e1ntico, S.L."},"image":{"@id":"https:\/\/cimacanarias.com\/#\/schema\/logo\/image\/"}}]}},"_links":{"self":[{"href":"https:\/\/cimacanarias.com\/en\/wp-json\/wp\/v2\/pages\/800","targetHints":{"allow":["GET"]}}],"collection":[{"href":"https:\/\/cimacanarias.com\/en\/wp-json\/wp\/v2\/pages"}],"about":[{"href":"https:\/\/cimacanarias.com\/en\/wp-json\/wp\/v2\/types\/page"}],"author":[{"embeddable":true,"href":"https:\/\/cimacanarias.com\/en\/wp-json\/wp\/v2\/users\/9"}],"replies":[{"embeddable":true,"href":"https:\/\/cimacanarias.com\/en\/wp-json\/wp\/v2\/comments?post=800"}],"version-history":[{"count":13,"href":"https:\/\/cimacanarias.com\/en\/wp-json\/wp\/v2\/pages\/800\/revisions"}],"predecessor-version":[{"id":2102,"href":"https:\/\/cimacanarias.com\/en\/wp-json\/wp\/v2\/pages\/800\/revisions\/2102"}],"wp:attachment":[{"href":"https:\/\/cimacanarias.com\/en\/wp-json\/wp\/v2\/media?parent=800"}],"curies":[{"name":"wp","href":"https:\/\/api.w.org\/{rel}","templated":true}]}}