{"id":810,"date":"2020-07-08T14:49:08","date_gmt":"2020-07-08T14:49:08","guid":{"rendered":"http:\/\/cimacanarias.com\/?page_id=810"},"modified":"2022-05-17T09:42:14","modified_gmt":"2022-05-17T09:42:14","slug":"alquiler-de-equipos","status":"publish","type":"page","link":"https:\/\/cimacanarias.com\/en\/alquiler-de-equipos\/","title":{"rendered":"Alquiler de equipos"},"content":{"rendered":"<header class=\"article-header clearfix\">\n<p class=\"article-title\">\n<\/header>\n<section class=\"article-content clearfix\">\n<div class=\"clearfix\">\n<div class=\"pull-left\"><img decoding=\"async\" class=\"img-responsive alignleft\" src=\"https:\/\/cimacanarias.com\/images\/servicios\/intro_material.JPG\" alt=\"\"><\/div>\n<p><a href=\"https:\/\/cimacanarias.com\/wp-content\/uploads\/2020\/09\/intro_material.jpg\"><img loading=\"lazy\" decoding=\"async\" class=\"size-full wp-image-1215 alignleft\" src=\"https:\/\/cimacanarias.com\/wp-content\/uploads\/2020\/09\/intro_material.jpg\" alt=\"\" width=\"360\" height=\"528\" srcset=\"https:\/\/cimacanarias.com\/wp-content\/uploads\/2020\/09\/intro_material.jpg 360w, https:\/\/cimacanarias.com\/wp-content\/uploads\/2020\/09\/intro_material-205x300.jpg 205w\" sizes=\"auto, (max-width: 360px) 100vw, 360px\" \/><\/a><\/p>\n<p align=\"justify\">Muchas veces, como centro investigador, nos hemos visto en la dif\u00edcil tesitura de decidir si comprar o alquilar determinado material para la realizaci\u00f3n de un proyecto espec\u00edfico, lo que encarece considerablemente el presupuesto si se trata de un equipo especializado.<\/p>\n<p align=\"justify\">Si este es su caso, desde CIMA le ofrecemos la posibilidad de alquilar nuestro instrumental y equipo especializado para la realizaci\u00f3n de sus investigaciones. Tambi\u00e9n puede contar con nuestra Zodiac (Rorcual), una embarcaci\u00f3n semirr\u00edgida VALIANT de 7.5 metros de eslora con motor principal Honda de 150 CV y motor auxiliar Mercury 20CV con capacidad para 12 buceadores.<\/p>\n<p align=\"justify\">Si desea conocer los equipos que podemos poner a su disposici\u00f3n, no dude en ponerse en <a href=\"mailto: cima@cimacanarias.com\">contacto con nosotros<\/a>.<\/p>\n<\/div>\n<\/section>","protected":false},"excerpt":{"rendered":"<p>Muchas veces, como centro investigador, nos hemos visto en la dif\u00edcil tesitura de decidir si comprar o alquilar determinado material [&hellip;]<\/p>\n","protected":false},"author":9,"featured_media":0,"parent":0,"menu_order":0,"comment_status":"closed","ping_status":"closed","template":"","meta":{"footnotes":""},"class_list":["post-810","page","type-page","status-publish","hentry"],"yoast_head":"<!-- This site is optimized with the Yoast SEO plugin v27.6 - https:\/\/yoast.com\/product\/yoast-seo-wordpress\/ -->\n<title>Alquiler de equipos - Centro de Investigaciones Medioambientales del Atl\u00e1ntico<\/title>\n<meta name=\"description\" content=\"Centro de Investigaciones Medioambientales del Atl\u00e1ntico, S.L. es una entidad privada especializada en el medio marino que desarrolla asistencias t\u00e9cnicas, proyectos de gesti\u00f3n, an\u00e1lisis e investigaciones marinas.\" \/>\n<meta name=\"robots\" content=\"index, follow, max-snippet:-1, max-image-preview:large, max-video-preview:-1\" \/>\n<link rel=\"canonical\" href=\"https:\/\/cimacanarias.com\/en\/alquiler-de-equipos\/\" \/>\n<meta property=\"og:locale\" content=\"en_GB\" \/>\n<meta property=\"og:type\" content=\"article\" \/>\n<meta property=\"og:title\" content=\"Alquiler de equipos - Centro de Investigaciones Medioambientales del Atl\u00e1ntico\" \/>\n<meta property=\"og:description\" content=\"Centro de Investigaciones Medioambientales del Atl\u00e1ntico, S.L. es una entidad privada especializada en el medio marino que desarrolla asistencias t\u00e9cnicas, proyectos de gesti\u00f3n, an\u00e1lisis e investigaciones marinas.\" \/>\n<meta property=\"og:url\" content=\"https:\/\/cimacanarias.com\/en\/alquiler-de-equipos\/\" \/>\n<meta property=\"og:site_name\" content=\"Centro de Investigaciones Medioambientales del Atl\u00e1ntico\" \/>\n<meta property=\"article:modified_time\" content=\"2022-05-17T09:42:14+00:00\" \/>\n<meta property=\"og:image\" content=\"https:\/\/cimacanarias.com\/images\/servicios\/intro_material.JPG\" \/>\n<meta name=\"twitter:card\" content=\"summary_large_image\" \/>\n<meta name=\"twitter:label1\" content=\"Estimated reading time\" \/>\n\t<meta name=\"twitter:data1\" content=\"1 minute\" \/>\n<script type=\"application\/ld+json\" class=\"yoast-schema-graph\">{\"@context\":\"https:\\\/\\\/schema.org\",\"@graph\":[{\"@type\":\"WebPage\",\"@id\":\"https:\\\/\\\/cimacanarias.com\\\/alquiler-de-equipos\\\/\",\"url\":\"https:\\\/\\\/cimacanarias.com\\\/alquiler-de-equipos\\\/\",\"name\":\"Alquiler de equipos - Centro de Investigaciones Medioambientales del Atl\u00e1ntico\",\"isPartOf\":{\"@id\":\"https:\\\/\\\/cimacanarias.com\\\/#website\"},\"primaryImageOfPage\":{\"@id\":\"https:\\\/\\\/cimacanarias.com\\\/alquiler-de-equipos\\\/#primaryimage\"},\"image\":{\"@id\":\"https:\\\/\\\/cimacanarias.com\\\/alquiler-de-equipos\\\/#primaryimage\"},\"thumbnailUrl\":\"https:\\\/\\\/cimacanarias.com\\\/images\\\/servicios\\\/intro_material.JPG\",\"datePublished\":\"2020-07-08T14:49:08+00:00\",\"dateModified\":\"2022-05-17T09:42:14+00:00\",\"description\":\"Centro de Investigaciones Medioambientales del Atl\u00e1ntico, S.L. es una entidad privada especializada en el medio marino que desarrolla asistencias t\u00e9cnicas, proyectos de gesti\u00f3n, an\u00e1lisis e investigaciones marinas.\",\"breadcrumb\":{\"@id\":\"https:\\\/\\\/cimacanarias.com\\\/alquiler-de-equipos\\\/#breadcrumb\"},\"inLanguage\":\"en-GB\",\"potentialAction\":[{\"@type\":\"ReadAction\",\"target\":[\"https:\\\/\\\/cimacanarias.com\\\/alquiler-de-equipos\\\/\"]}]},{\"@type\":\"ImageObject\",\"inLanguage\":\"en-GB\",\"@id\":\"https:\\\/\\\/cimacanarias.com\\\/alquiler-de-equipos\\\/#primaryimage\",\"url\":\"https:\\\/\\\/cimacanarias.com\\\/images\\\/servicios\\\/intro_material.JPG\",\"contentUrl\":\"https:\\\/\\\/cimacanarias.com\\\/images\\\/servicios\\\/intro_material.JPG\"},{\"@type\":\"BreadcrumbList\",\"@id\":\"https:\\\/\\\/cimacanarias.com\\\/alquiler-de-equipos\\\/#breadcrumb\",\"itemListElement\":[{\"@type\":\"ListItem\",\"position\":1,\"name\":\"Portada\",\"item\":\"https:\\\/\\\/cimacanarias.com\\\/\"},{\"@type\":\"ListItem\",\"position\":2,\"name\":\"Alquiler de equipos\"}]},{\"@type\":\"WebSite\",\"@id\":\"https:\\\/\\\/cimacanarias.com\\\/#website\",\"url\":\"https:\\\/\\\/cimacanarias.com\\\/\",\"name\":\"Centro de Investigaciones Medioambientales del Atl\u00e1ntico\",\"description\":\"Centro de Investigaciones Medioambientales del Atl\u00e1ntico, S.L. es una consultora ambiental especializada en el medio marino que desarrolla asistencias t\u00e9cnicas, proyectos de gesti\u00f3n, an\u00e1lisis e investigaciones marinas.\",\"publisher\":{\"@id\":\"https:\\\/\\\/cimacanarias.com\\\/#organization\"},\"potentialAction\":[{\"@type\":\"SearchAction\",\"target\":{\"@type\":\"EntryPoint\",\"urlTemplate\":\"https:\\\/\\\/cimacanarias.com\\\/?s={search_term_string}\"},\"query-input\":{\"@type\":\"PropertyValueSpecification\",\"valueRequired\":true,\"valueName\":\"search_term_string\"}}],\"inLanguage\":\"en-GB\"},{\"@type\":\"Organization\",\"@id\":\"https:\\\/\\\/cimacanarias.com\\\/#organization\",\"name\":\"Centro de Investigaciones Medioambientales del Atl\u00e1ntico, S.L.\",\"url\":\"https:\\\/\\\/cimacanarias.com\\\/\",\"logo\":{\"@type\":\"ImageObject\",\"inLanguage\":\"en-GB\",\"@id\":\"https:\\\/\\\/cimacanarias.com\\\/#\\\/schema\\\/logo\\\/image\\\/\",\"url\":\"https:\\\/\\\/cimacanarias.com\\\/wp-content\\\/uploads\\\/2020\\\/06\\\/logo.png\",\"contentUrl\":\"https:\\\/\\\/cimacanarias.com\\\/wp-content\\\/uploads\\\/2020\\\/06\\\/logo.png\",\"width\":227,\"height\":80,\"caption\":\"Centro de Investigaciones Medioambientales del Atl\u00e1ntico, S.L.\"},\"image\":{\"@id\":\"https:\\\/\\\/cimacanarias.com\\\/#\\\/schema\\\/logo\\\/image\\\/\"}}]}<\/script>\n<!-- \/ Yoast SEO plugin. -->","yoast_head_json":{"title":"Alquiler de equipos - Centro de Investigaciones Medioambientales del Atl\u00e1ntico","description":"Centro de Investigaciones Medioambientales del Atl\u00e1ntico, S.L. es una entidad privada especializada en el medio marino que desarrolla asistencias t\u00e9cnicas, proyectos de gesti\u00f3n, an\u00e1lisis e investigaciones marinas.","robots":{"index":"index","follow":"follow","max-snippet":"max-snippet:-1","max-image-preview":"max-image-preview:large","max-video-preview":"max-video-preview:-1"},"canonical":"https:\/\/cimacanarias.com\/en\/alquiler-de-equipos\/","og_locale":"en_GB","og_type":"article","og_title":"Alquiler de equipos - Centro de Investigaciones Medioambientales del Atl\u00e1ntico","og_description":"Centro de Investigaciones Medioambientales del Atl\u00e1ntico, S.L. es una entidad privada especializada en el medio marino que desarrolla asistencias t\u00e9cnicas, proyectos de gesti\u00f3n, an\u00e1lisis e investigaciones marinas.","og_url":"https:\/\/cimacanarias.com\/en\/alquiler-de-equipos\/","og_site_name":"Centro de Investigaciones Medioambientales del Atl\u00e1ntico","article_modified_time":"2022-05-17T09:42:14+00:00","og_image":[{"url":"https:\/\/cimacanarias.com\/images\/servicios\/intro_material.JPG","type":"","width":"","height":""}],"twitter_card":"summary_large_image","twitter_misc":{"Estimated reading time":"1 minute"},"schema":{"@context":"https:\/\/schema.org","@graph":[{"@type":"WebPage","@id":"https:\/\/cimacanarias.com\/alquiler-de-equipos\/","url":"https:\/\/cimacanarias.com\/alquiler-de-equipos\/","name":"Alquiler de equipos - Centro de Investigaciones Medioambientales del Atl\u00e1ntico","isPartOf":{"@id":"https:\/\/cimacanarias.com\/#website"},"primaryImageOfPage":{"@id":"https:\/\/cimacanarias.com\/alquiler-de-equipos\/#primaryimage"},"image":{"@id":"https:\/\/cimacanarias.com\/alquiler-de-equipos\/#primaryimage"},"thumbnailUrl":"https:\/\/cimacanarias.com\/images\/servicios\/intro_material.JPG","datePublished":"2020-07-08T14:49:08+00:00","dateModified":"2022-05-17T09:42:14+00:00","description":"Centro de Investigaciones Medioambientales del Atl\u00e1ntico, S.L. es una entidad privada especializada en el medio marino que desarrolla asistencias t\u00e9cnicas, proyectos de gesti\u00f3n, an\u00e1lisis e investigaciones marinas.","breadcrumb":{"@id":"https:\/\/cimacanarias.com\/alquiler-de-equipos\/#breadcrumb"},"inLanguage":"en-GB","potentialAction":[{"@type":"ReadAction","target":["https:\/\/cimacanarias.com\/alquiler-de-equipos\/"]}]},{"@type":"ImageObject","inLanguage":"en-GB","@id":"https:\/\/cimacanarias.com\/alquiler-de-equipos\/#primaryimage","url":"https:\/\/cimacanarias.com\/images\/servicios\/intro_material.JPG","contentUrl":"https:\/\/cimacanarias.com\/images\/servicios\/intro_material.JPG"},{"@type":"BreadcrumbList","@id":"https:\/\/cimacanarias.com\/alquiler-de-equipos\/#breadcrumb","itemListElement":[{"@type":"ListItem","position":1,"name":"Portada","item":"https:\/\/cimacanarias.com\/"},{"@type":"ListItem","position":2,"name":"Alquiler de equipos"}]},{"@type":"WebSite","@id":"https:\/\/cimacanarias.com\/#website","url":"https:\/\/cimacanarias.com\/","name":"Atlantic Center for Environmental Research","description":"Centro de Investigaciones Medioambientales del Atl\u00e1ntico, S.L. es una consultora ambiental especializada en el medio marino que desarrolla asistencias t\u00e9cnicas, proyectos de gesti\u00f3n, an\u00e1lisis e investigaciones marinas.","publisher":{"@id":"https:\/\/cimacanarias.com\/#organization"},"potentialAction":[{"@type":"SearchAction","target":{"@type":"EntryPoint","urlTemplate":"https:\/\/cimacanarias.com\/?s={search_term_string}"},"query-input":{"@type":"PropertyValueSpecification","valueRequired":true,"valueName":"search_term_string"}}],"inLanguage":"en-GB"},{"@type":"Organization","@id":"https:\/\/cimacanarias.com\/#organization","name":"Centro de Investigaciones Medioambientales del Atl\u00e1ntico, S.L.","url":"https:\/\/cimacanarias.com\/","logo":{"@type":"ImageObject","inLanguage":"en-GB","@id":"https:\/\/cimacanarias.com\/#\/schema\/logo\/image\/","url":"https:\/\/cimacanarias.com\/wp-content\/uploads\/2020\/06\/logo.png","contentUrl":"https:\/\/cimacanarias.com\/wp-content\/uploads\/2020\/06\/logo.png","width":227,"height":80,"caption":"Centro de Investigaciones Medioambientales del Atl\u00e1ntico, S.L."},"image":{"@id":"https:\/\/cimacanarias.com\/#\/schema\/logo\/image\/"}}]}},"_links":{"self":[{"href":"https:\/\/cimacanarias.com\/en\/wp-json\/wp\/v2\/pages\/810","targetHints":{"allow":["GET"]}}],"collection":[{"href":"https:\/\/cimacanarias.com\/en\/wp-json\/wp\/v2\/pages"}],"about":[{"href":"https:\/\/cimacanarias.com\/en\/wp-json\/wp\/v2\/types\/page"}],"author":[{"embeddable":true,"href":"https:\/\/cimacanarias.com\/en\/wp-json\/wp\/v2\/users\/9"}],"replies":[{"embeddable":true,"href":"https:\/\/cimacanarias.com\/en\/wp-json\/wp\/v2\/comments?post=810"}],"version-history":[{"count":4,"href":"https:\/\/cimacanarias.com\/en\/wp-json\/wp\/v2\/pages\/810\/revisions"}],"predecessor-version":[{"id":2142,"href":"https:\/\/cimacanarias.com\/en\/wp-json\/wp\/v2\/pages\/810\/revisions\/2142"}],"wp:attachment":[{"href":"https:\/\/cimacanarias.com\/en\/wp-json\/wp\/v2\/media?parent=810"}],"curies":[{"name":"wp","href":"https:\/\/api.w.org\/{rel}","templated":true}]}}