{"id":832,"date":"2020-07-09T10:01:24","date_gmt":"2020-07-09T10:01:24","guid":{"rendered":"http:\/\/cimacanarias.com\/?page_id=832"},"modified":"2026-02-08T23:52:05","modified_gmt":"2026-02-08T22:52:05","slug":"nuestro-equipo","status":"publish","type":"page","link":"https:\/\/cimacanarias.com\/en\/nuestro-equipo\/","title":{"rendered":"Our Team"},"content":{"rendered":"<div id=\"pl-832\"  class=\"panel-layout\" ><div id=\"pg-832-0\"  class=\"panel-grid panel-no-style\" ><div id=\"pgc-832-0-0\"  class=\"panel-grid-cell\" ><div id=\"panel-832-0-0-0\" class=\"so-panel widget widget_themegrill_flash_heading tg-widget section-title-wrapper panel-first-child panel-last-child\" data-index=\"0\" >\t<div class=\"section-description\">A team of professionals with extensive experience and diverse specialties: Coastal resource management, marine discharge environmental monitoring and management plans, environmental studies and monitoring, fisheries and aquaculture, community characterization, coastal and port water quality, marine organism taxonomy, geomorphological studies, coastal dynamics studies (currents and dispersion), marine pollution analysis and ecotoxicology, conservation, cartography, R&amp;D&amp;I, environmental education, quality, training, communication, and outreach.<\/div>\n<\/div><\/div><\/div><div id=\"pg-832-1\"  class=\"panel-grid panel-no-style\" ><div id=\"pgc-832-1-0\"  class=\"panel-grid-cell\" ><div id=\"panel-832-1-0-0\" class=\"so-panel widget widget_themegrill_flash_team tg-widget tg-single-team panel-first-child panel-last-child\" data-index=\"1\" ><div class=\"tg-team-widget tg-team-layout-2\">\n\t<div class=\"team-wrapper\">\n\t\t\t\t<div class=\"team-img\">\n\t\t\t\t\t\t<img decoding=\"async\" src=\"https:\/\/cimacanarias.com\/wp-content\/uploads\/2020\/07\/staff-Oscarm.jpg\" alt=\"\u00d3scar Monterroso Hoyos\"\/>\n\t\t<\/div>\n\t\t\t\t<div class=\"team-content-wrapper\">\n\t\t\t<div class=\"team-desc-wrapper\">\n\t\t\t\t<h3 class=\"team-title\">\u00d3scar Monterroso Hoyos<\/h3>\n\t\t\t\t<div class=\"team-designation\">Technical Director<\/div>\n\t\t\t\t<div class=\"team-content\">Bachelor of Science in Biology, with a specialization in Marine Biology (University of La Laguna, ULL). Hypoxic Trimix and CCR Technical Diver. ENAC-accredited Taxonomist.\n\n\n<\/div>\n\t\t\t\t\t\t\t\t<div class=\"team-social\">\n\t\t\t\t\t<div class=\"team-social-block\">\n\t\t\t\t\t\t\t\t\t\t\t\t<a href=\"http:\/\/www.facebook.com\"><i class=\"fa fa-facebook\"><\/i><\/a>\n\t\t\t\t\t\t\t\t\t\t\t\t\t\t\t\t\t\t<a href=\"http:\/\/www.twitter.com\"><i class=\"fa fa-twitter\"><\/i><\/a>\n\t\t\t\t\t\t\t\t\t\t\t\t\t\t\t\t\t\t<a href=\"https:\/\/www.linkedin.com\/in\/scar-monterroso-hoyos-b0b24718\/\"><i class=\"fa fa-linkedin\"><\/i><\/a>\n\t\t\t\t\t\t\t\t\t\t\t<\/div>\n\t\t\t\t<\/div>\n\t\t\t\t\t\t<\/div>\n\t\t<\/div>\n\t<\/div>\n<\/div>\n<\/div><\/div><div id=\"pgc-832-1-1\"  class=\"panel-grid-cell\" ><div id=\"panel-832-1-1-0\" class=\"so-panel widget widget_themegrill_flash_team tg-widget tg-single-team panel-first-child panel-last-child\" data-index=\"2\" ><div class=\"tg-team-widget tg-team-layout-2\">\n\t<div class=\"team-wrapper\">\n\t\t\t\t<div class=\"team-img\">\n\t\t\t\t\t\t<img decoding=\"async\" src=\"https:\/\/cimacanarias.com\/wp-content\/uploads\/2020\/07\/staff-Myriam.jpg\" alt=\"Myriam Rodr\u00edguez Garc\u00eda del Castillo\"\/>\n\t\t<\/div>\n\t\t\t\t<div class=\"team-content-wrapper\">\n\t\t\t<div class=\"team-desc-wrapper\">\n\t\t\t\t<h3 class=\"team-title\">Myriam Rodr\u00edguez Garc\u00eda del Castillo<\/h3>\n\t\t\t\t<div class=\"team-designation\">Project Coordinator<\/div>\n\t\t\t\t<div class=\"team-content\">Bachelor of Science in Biology, with a specialization in Marine Biology (University of La Laguna, ULL). Local Fishing Vessel Captain and Recreational Boat Captain. FEDAS B3E Diver. ENAC-accredited Taxonomist.<\/div>\n\t\t\t\t\t\t\t\t<div class=\"team-social\">\n\t\t\t\t\t<div class=\"team-social-block\">\n\t\t\t\t\t\t\t\t\t\t\t\t<a href=\"https:\/\/www.facebook.com\/Centro.Investigaciones.Medioambientales.Atlantico\/\"><i class=\"fa fa-facebook\"><\/i><\/a>\n\t\t\t\t\t\t\t\t\t\t\t\t\t\t\t\t\t\t<a href=\"https:\/\/twitter.com\/CIMA_SL\"><i class=\"fa fa-twitter\"><\/i><\/a>\n\t\t\t\t\t\t\t\t\t\t\t\t\t\t\t\t\t\t<a href=\"https:\/\/www.linkedin.com\/company\/cima-s.l.\/about\/\"><i class=\"fa fa-linkedin\"><\/i><\/a>\n\t\t\t\t\t\t\t\t\t\t\t<\/div>\n\t\t\t\t<\/div>\n\t\t\t\t\t\t<\/div>\n\t\t<\/div>\n\t<\/div>\n<\/div>\n<\/div><\/div><div id=\"pgc-832-1-2\"  class=\"panel-grid-cell\" ><div id=\"panel-832-1-2-0\" class=\"so-panel widget widget_themegrill_flash_team tg-widget tg-single-team panel-first-child panel-last-child\" data-index=\"3\" ><div class=\"tg-team-widget tg-team-layout-2\">\n\t<div class=\"team-wrapper\">\n\t\t\t\t<div class=\"team-img\">\n\t\t\t\t\t\t<img decoding=\"async\" src=\"https:\/\/cimacanarias.com\/wp-content\/uploads\/2020\/07\/staff-Eva.jpg\" alt=\"Eva Ramos Rodr\u00edguez\"\/>\n\t\t<\/div>\n\t\t\t\t<div class=\"team-content-wrapper\">\n\t\t\t<div class=\"team-desc-wrapper\">\n\t\t\t\t<h3 class=\"team-title\">Eva Ramos Rodr\u00edguez<\/h3>\n\t\t\t\t<div class=\"team-designation\">Laboratory Manager<\/div>\n\t\t\t\t<div class=\"team-content\">Bachelor of Science in Biology, specializing in Marine Biology (University of La Laguna, ULL). FEDAS B2E Certified Diver. ENAC-accredited Taxonomist.<\/div>\n\t\t\t\t\t\t\t\t<div class=\"team-social\">\n\t\t\t\t\t<div class=\"team-social-block\">\n\t\t\t\t\t\t\t\t\t\t\t\t<a href=\"https:\/\/www.facebook.com\/Centro.Investigaciones.Medioambientales.Atlantico\/\"><i class=\"fa fa-facebook\"><\/i><\/a>\n\t\t\t\t\t\t\t\t\t\t\t\t\t\t\t\t\t\t<a href=\"https:\/\/twitter.com\/CIMA_SL\"><i class=\"fa fa-twitter\"><\/i><\/a>\n\t\t\t\t\t\t\t\t\t\t\t\t\t\t\t\t\t\t<a href=\"https:\/\/www.linkedin.com\/in\/eva-ramos-rodrguez-998a0581\/\"><i class=\"fa fa-linkedin\"><\/i><\/a>\n\t\t\t\t\t\t\t\t\t\t\t<\/div>\n\t\t\t\t<\/div>\n\t\t\t\t\t\t<\/div>\n\t\t<\/div>\n\t<\/div>\n<\/div>\n<\/div><\/div><div id=\"pgc-832-1-3\"  class=\"panel-grid-cell\" ><div id=\"panel-832-1-3-0\" class=\"so-panel widget widget_themegrill_flash_team tg-widget tg-single-team panel-first-child panel-last-child\" data-index=\"4\" ><div class=\"tg-team-widget tg-team-layout-2\">\n\t<div class=\"team-wrapper\">\n\t\t\t\t<div class=\"team-img\">\n\t\t\t\t\t\t<img decoding=\"async\" src=\"https:\/\/cimacanarias.com\/wp-content\/uploads\/2020\/07\/staff-Oscarp.jpg\" alt=\"\u00d3scar P\u00e9rez Mart\u00ednez\"\/>\n\t\t<\/div>\n\t\t\t\t<div class=\"team-content-wrapper\">\n\t\t\t<div class=\"team-desc-wrapper\">\n\t\t\t\t<h3 class=\"team-title\">\u00d3scar P\u00e9rez Mart\u00ednez<\/h3>\n\t\t\t\t<div class=\"team-designation\">Head of Cartography and Modeling<\/div>\n\t\t\t\t<div class=\"team-content\">PhD in Marine Sciences (University of Stirling, UK). Environmental Information Systems Analyst.<\/div>\n\t\t\t\t\t\t\t\t<div class=\"team-social\">\n\t\t\t\t\t<div class=\"team-social-block\">\n\t\t\t\t\t\t\t\t\t\t\t\t<a href=\"https:\/\/www.facebook.com\/Centro.Investigaciones.Medioambientales.Atlantico\/\"><i class=\"fa fa-facebook\"><\/i><\/a>\n\t\t\t\t\t\t\t\t\t\t\t\t\t\t\t\t\t\t<a href=\"https:\/\/twitter.com\/CIMA_SL\"><i class=\"fa fa-twitter\"><\/i><\/a>\n\t\t\t\t\t\t\t\t\t\t\t\t\t\t\t\t\t\t<a href=\"https:\/\/www.linkedin.com\/company\/cima-s.l.\/about\/\"><i class=\"fa fa-linkedin\"><\/i><\/a>\n\t\t\t\t\t\t\t\t\t\t\t<\/div>\n\t\t\t\t<\/div>\n\t\t\t\t\t\t<\/div>\n\t\t<\/div>\n\t<\/div>\n<\/div>\n<\/div><\/div><div id=\"pgc-832-1-4\"  class=\"panel-grid-cell\" ><div id=\"panel-832-1-4-0\" class=\"so-panel widget widget_themegrill_flash_team tg-widget tg-single-team panel-first-child panel-last-child\" data-index=\"5\" ><div class=\"tg-team-widget tg-team-layout-2\">\n\t<div class=\"team-wrapper\">\n\t\t\t\t<div class=\"team-img\">\n\t\t\t\t\t\t<img decoding=\"async\" src=\"https:\/\/cimacanarias.com\/wp-content\/uploads\/2020\/07\/staff-Omar.jpg\" alt=\"Omar \u00c1lvarez Gonz\u00e1lez\"\/>\n\t\t<\/div>\n\t\t\t\t<div class=\"team-content-wrapper\">\n\t\t\t<div class=\"team-desc-wrapper\">\n\t\t\t\t<h3 class=\"team-title\">Omar \u00c1lvarez Gonz\u00e1lez<\/h3>\n\t\t\t\t<div class=\"team-designation\">Environmental Technician<\/div>\n\t\t\t\t<div class=\"team-content\">Bachelor of Science in Biology, specializing in Marine Biology (University of La Laguna, ULL). Port Captain, Recreational Boat Captain, and Maritime Safety certified. Advanced Open Water Diver.<\/div>\n\t\t\t\t\t\t\t\t<div class=\"team-social\">\n\t\t\t\t\t<div class=\"team-social-block\">\n\t\t\t\t\t\t\t\t\t\t\t\t<a href=\"https:\/\/www.facebook.com\/Centro.Investigaciones.Medioambientales.Atlantico\/\"><i class=\"fa fa-facebook\"><\/i><\/a>\n\t\t\t\t\t\t\t\t\t\t\t\t\t\t\t\t\t\t<a href=\"https:\/\/twitter.com\/CIMA_SL\"><i class=\"fa fa-twitter\"><\/i><\/a>\n\t\t\t\t\t\t\t\t\t\t\t\t\t\t\t\t\t\t<a href=\"https:\/\/www.linkedin.com\/company\/cima-s.l.\/about\/\"><i class=\"fa fa-linkedin\"><\/i><\/a>\n\t\t\t\t\t\t\t\t\t\t\t<\/div>\n\t\t\t\t<\/div>\n\t\t\t\t\t\t<\/div>\n\t\t<\/div>\n\t<\/div>\n<\/div>\n<\/div><\/div><\/div><div id=\"pg-832-2\"  class=\"panel-grid panel-no-style\" ><div id=\"pgc-832-2-0\"  class=\"panel-grid-cell\" ><div id=\"panel-832-2-0-0\" class=\"so-panel widget widget_themegrill_flash_team tg-widget tg-single-team panel-first-child panel-last-child\" data-index=\"6\" ><div class=\"tg-team-widget tg-team-layout-2\">\n\t<div class=\"team-wrapper\">\n\t\t\t\t<div class=\"team-img\">\n\t\t\t\t\t\t<img decoding=\"async\" src=\"https:\/\/cimacanarias.com\/wp-content\/uploads\/2020\/07\/staff-Loren.jpg\" alt=\"Lorenzo Cruces Caparr\u00f3s\"\/>\n\t\t<\/div>\n\t\t\t\t<div class=\"team-content-wrapper\">\n\t\t\t<div class=\"team-desc-wrapper\">\n\t\t\t\t<h3 class=\"team-title\">Lorenzo Cruces Caparr\u00f3s<\/h3>\n\t\t\t\t<div class=\"team-designation\">Environmental Technician<\/div>\n\t\t\t\t<div class=\"team-content\">Bachelor of Marine Sciences (University of C\u00e1diz). Master's in Marine Biology, Biodiversity and Conservation (University of La Laguna, ULL). Port Captain, Recreational Boat Captain, and Maritime Safety certified.<\/div>\n\t\t\t\t\t\t\t\t<div class=\"team-social\">\n\t\t\t\t\t<div class=\"team-social-block\">\n\t\t\t\t\t\t\t\t\t\t\t\t<a href=\"https:\/\/www.facebook.com\/Centro.Investigaciones.Medioambientales.Atlantico\/\"><i class=\"fa fa-facebook\"><\/i><\/a>\n\t\t\t\t\t\t\t\t\t\t\t\t\t\t\t\t\t\t<a href=\"https:\/\/twitter.com\/CIMA_SL\"><i class=\"fa fa-twitter\"><\/i><\/a>\n\t\t\t\t\t\t\t\t\t\t\t\t\t\t\t\t\t\t<a href=\"https:\/\/www.linkedin.com\/in\/lorenzo-cruces-caparrs-372093138\/\"><i class=\"fa fa-linkedin\"><\/i><\/a>\n\t\t\t\t\t\t\t\t\t\t\t<\/div>\n\t\t\t\t<\/div>\n\t\t\t\t\t\t<\/div>\n\t\t<\/div>\n\t<\/div>\n<\/div>\n<\/div><\/div><div id=\"pgc-832-2-1\"  class=\"panel-grid-cell\" ><div id=\"panel-832-2-1-0\" class=\"so-panel widget widget_themegrill_flash_team tg-widget tg-single-team panel-first-child panel-last-child\" data-index=\"7\" ><div class=\"tg-team-widget tg-team-layout-2\">\n\t<div class=\"team-wrapper\">\n\t\t\t\t<div class=\"team-img\">\n\t\t\t\t\t\t<img decoding=\"async\" src=\"https:\/\/cimacanarias.com\/wp-content\/uploads\/2021\/07\/staff-Adrian.jpg\" alt=\"Adri\u00e1n Mart\u00edn Hern\u00e1ndez\"\/>\n\t\t<\/div>\n\t\t\t\t<div class=\"team-content-wrapper\">\n\t\t\t<div class=\"team-desc-wrapper\">\n\t\t\t\t<h3 class=\"team-title\">Adri\u00e1n Mart\u00edn Hern\u00e1ndez<\/h3>\n\t\t\t\t<div class=\"team-designation\">Environmental Technician<\/div>\n\t\t\t\t<div class=\"team-content\">Bachelor's Degree in Biology. Master's in Marine Biology, Biodiversity and Conservation (University of La Laguna, ULL). Advanced Open Water Diver.<\/div>\n\t\t\t\t\t\t\t\t<div class=\"team-social\">\n\t\t\t\t\t<div class=\"team-social-block\">\n\t\t\t\t\t\t\t\t\t\t\t\t<a href=\"https:\/\/www.facebook.com\/Centro.Investigaciones.Medioambientales.Atlantico\/\"><i class=\"fa fa-facebook\"><\/i><\/a>\n\t\t\t\t\t\t\t\t\t\t\t\t\t\t\t\t\t\t<a href=\"https:\/\/twitter.com\/CIMA_SL\"><i class=\"fa fa-twitter\"><\/i><\/a>\n\t\t\t\t\t\t\t\t\t\t\t\t\t\t\t\t\t\t<a href=\"https:\/\/www.linkedin.com\/company\/cima-s.l.\/about\/\"><i class=\"fa fa-linkedin\"><\/i><\/a>\n\t\t\t\t\t\t\t\t\t\t\t<\/div>\n\t\t\t\t<\/div>\n\t\t\t\t\t\t<\/div>\n\t\t<\/div>\n\t<\/div>\n<\/div>\n<\/div><\/div><div id=\"pgc-832-2-2\"  class=\"panel-grid-cell\" ><div id=\"panel-832-2-2-0\" class=\"so-panel widget widget_themegrill_flash_team tg-widget tg-single-team panel-first-child panel-last-child\" data-index=\"8\" ><div class=\"tg-team-widget tg-team-layout-2\">\n\t<div class=\"team-wrapper\">\n\t\t\t\t<div class=\"team-img\">\n\t\t\t\t\t\t<img decoding=\"async\" src=\"https:\/\/cimacanarias.com\/wp-content\/uploads\/2025\/04\/staff-yaiza.jpg\" alt=\"Yaiza P\u00e9rez Diaz\"\/>\n\t\t<\/div>\n\t\t\t\t<div class=\"team-content-wrapper\">\n\t\t\t<div class=\"team-desc-wrapper\">\n\t\t\t\t<h3 class=\"team-title\">Yaiza P\u00e9rez Diaz<\/h3>\n\t\t\t\t<div class=\"team-designation\">Environmental Technician<\/div>\n\t\t\t\t<div class=\"team-content\">Bachelor of Science in Biology (University of La Laguna, ULL). Port Captain, Recreational Boat Captain, and certified in Maritime Safety. FEDAS B1E Diver.<\/div>\n\t\t\t\t\t\t\t\t<div class=\"team-social\">\n\t\t\t\t\t<div class=\"team-social-block\">\n\t\t\t\t\t\t\t\t\t\t\t\t<a href=\"https:\/\/www.facebook.com\/Centro.Investigaciones.Medioambientales.Atlantico\/\"><i class=\"fa fa-facebook\"><\/i><\/a>\n\t\t\t\t\t\t\t\t\t\t\t\t\t\t\t\t\t\t<a href=\"https:\/\/twitter.com\/CIMA_SL\"><i class=\"fa fa-twitter\"><\/i><\/a>\n\t\t\t\t\t\t\t\t\t\t\t\t\t\t\t\t\t\t<a href=\"https:\/\/www.linkedin.com\/company\/cima-s.l.\/about\/\"><i class=\"fa fa-linkedin\"><\/i><\/a>\n\t\t\t\t\t\t\t\t\t\t\t<\/div>\n\t\t\t\t<\/div>\n\t\t\t\t\t\t<\/div>\n\t\t<\/div>\n\t<\/div>\n<\/div>\n<\/div><\/div><div id=\"pgc-832-2-3\"  class=\"panel-grid-cell panel-grid-cell-mobile-last\" ><div id=\"panel-832-2-3-0\" class=\"so-panel widget widget_themegrill_flash_team tg-widget tg-single-team panel-first-child panel-last-child\" data-index=\"9\" ><div class=\"tg-team-widget tg-team-layout-2\">\n\t<div class=\"team-wrapper\">\n\t\t\t\t<div class=\"team-img\">\n\t\t\t\t\t\t<img decoding=\"async\" src=\"https:\/\/cimacanarias.com\/wp-content\/uploads\/2025\/04\/staff-Eli.jpg\" alt=\"Elisabet Alc\u00e1ntara Vernet\"\/>\n\t\t<\/div>\n\t\t\t\t<div class=\"team-content-wrapper\">\n\t\t\t<div class=\"team-desc-wrapper\">\n\t\t\t\t<h3 class=\"team-title\">Elisabet Alc\u00e1ntara Vernet<\/h3>\n\t\t\t\t<div class=\"team-designation\">Quality Manager<\/div>\n\t\t\t\t<div class=\"team-content\">Quality Manager for ISO 17020 and ISO 17025 Management Systems. Bachelor of Science in Biology with a specialization in Marine Biology (University of La Laguna, ULL). FEDAS B2E Certified Diver.<\/div>\n\t\t\t\t\t\t\t\t<div class=\"team-social\">\n\t\t\t\t\t<div class=\"team-social-block\">\n\t\t\t\t\t\t\t\t\t\t\t\t<a href=\"https:\/\/www.facebook.com\/Centro.Investigaciones.Medioambientales.Atlantico\/\"><i class=\"fa fa-facebook\"><\/i><\/a>\n\t\t\t\t\t\t\t\t\t\t\t\t\t\t\t\t\t\t<a href=\"https:\/\/twitter.com\/CIMA_SL\"><i class=\"fa fa-twitter\"><\/i><\/a>\n\t\t\t\t\t\t\t\t\t\t\t\t\t\t\t\t\t\t<a href=\"https:\/\/www.linkedin.com\/company\/cima-s.l.\/about\/\"><i class=\"fa fa-linkedin\"><\/i><\/a>\n\t\t\t\t\t\t\t\t\t\t\t<\/div>\n\t\t\t\t<\/div>\n\t\t\t\t\t\t<\/div>\n\t\t<\/div>\n\t<\/div>\n<\/div>\n<\/div><\/div><div id=\"pgc-832-2-4\"  class=\"panel-grid-cell panel-grid-cell-empty\" ><\/div><\/div><\/div>","protected":false},"excerpt":{"rendered":"<p>Un equipo de profesionales con amplia experiencia y especialidades diversas: Gesti\u00f3n de recursos costeros, planes de gesti\u00f3n y vigilancia ambiental [&hellip;]<\/p>\n","protected":false},"author":9,"featured_media":0,"parent":0,"menu_order":0,"comment_status":"closed","ping_status":"closed","template":"page-templates\/full-width.php","meta":{"footnotes":""},"class_list":["post-832","page","type-page","status-publish","hentry"],"yoast_head":"<!-- This site is optimized with the Yoast SEO plugin v27.4 - https:\/\/yoast.com\/product\/yoast-seo-wordpress\/ -->\n<title>Nuestro equipo - Centro de Investigaciones Medioambientales del Atl\u00e1ntico<\/title>\n<meta name=\"description\" content=\"Centro de Investigaciones Medioambientales del Atl\u00e1ntico, S.L. es una entidad privada especializada en el medio marino que desarrolla asistencias t\u00e9cnicas, proyectos de gesti\u00f3n, an\u00e1lisis e investigaciones marinas.\" \/>\n<meta name=\"robots\" content=\"index, follow, max-snippet:-1, max-image-preview:large, max-video-preview:-1\" \/>\n<link rel=\"canonical\" href=\"https:\/\/cimacanarias.com\/en\/nuestro-equipo\/\" \/>\n<meta property=\"og:locale\" content=\"en_GB\" \/>\n<meta property=\"og:type\" content=\"article\" \/>\n<meta property=\"og:title\" content=\"Nuestro equipo - Centro de Investigaciones Medioambientales del Atl\u00e1ntico\" \/>\n<meta property=\"og:description\" content=\"Centro de Investigaciones Medioambientales del Atl\u00e1ntico, S.L. es una entidad privada especializada en el medio marino que desarrolla asistencias t\u00e9cnicas, proyectos de gesti\u00f3n, an\u00e1lisis e investigaciones marinas.\" \/>\n<meta property=\"og:url\" content=\"https:\/\/cimacanarias.com\/en\/nuestro-equipo\/\" \/>\n<meta property=\"og:site_name\" content=\"Centro de Investigaciones Medioambientales del Atl\u00e1ntico\" \/>\n<meta property=\"article:modified_time\" content=\"2026-02-08T22:52:05+00:00\" \/>\n<meta name=\"twitter:card\" content=\"summary_large_image\" \/>\n<meta name=\"twitter:label1\" content=\"Estimated reading time\" \/>\n\t<meta name=\"twitter:data1\" content=\"1 minute\" \/>\n<script type=\"application\/ld+json\" class=\"yoast-schema-graph\">{\"@context\":\"https:\\\/\\\/schema.org\",\"@graph\":[{\"@type\":\"WebPage\",\"@id\":\"https:\\\/\\\/cimacanarias.com\\\/nuestro-equipo\\\/\",\"url\":\"https:\\\/\\\/cimacanarias.com\\\/nuestro-equipo\\\/\",\"name\":\"Nuestro equipo - Centro de Investigaciones Medioambientales del Atl\u00e1ntico\",\"isPartOf\":{\"@id\":\"https:\\\/\\\/cimacanarias.com\\\/#website\"},\"datePublished\":\"2020-07-09T10:01:24+00:00\",\"dateModified\":\"2026-02-08T22:52:05+00:00\",\"description\":\"Centro de Investigaciones Medioambientales del Atl\u00e1ntico, S.L. es una entidad privada especializada en el medio marino que desarrolla asistencias t\u00e9cnicas, proyectos de gesti\u00f3n, an\u00e1lisis e investigaciones marinas.\",\"breadcrumb\":{\"@id\":\"https:\\\/\\\/cimacanarias.com\\\/nuestro-equipo\\\/#breadcrumb\"},\"inLanguage\":\"en-GB\",\"potentialAction\":[{\"@type\":\"ReadAction\",\"target\":[\"https:\\\/\\\/cimacanarias.com\\\/nuestro-equipo\\\/\"]}]},{\"@type\":\"BreadcrumbList\",\"@id\":\"https:\\\/\\\/cimacanarias.com\\\/nuestro-equipo\\\/#breadcrumb\",\"itemListElement\":[{\"@type\":\"ListItem\",\"position\":1,\"name\":\"Portada\",\"item\":\"https:\\\/\\\/cimacanarias.com\\\/\"},{\"@type\":\"ListItem\",\"position\":2,\"name\":\"Nuestro equipo\"}]},{\"@type\":\"WebSite\",\"@id\":\"https:\\\/\\\/cimacanarias.com\\\/#website\",\"url\":\"https:\\\/\\\/cimacanarias.com\\\/\",\"name\":\"Centro de Investigaciones Medioambientales del Atl\u00e1ntico\",\"description\":\"Centro de Investigaciones Medioambientales del Atl\u00e1ntico, S.L. es una consultora ambiental especializada en el medio marino que desarrolla asistencias t\u00e9cnicas, proyectos de gesti\u00f3n, an\u00e1lisis e investigaciones marinas.\",\"publisher\":{\"@id\":\"https:\\\/\\\/cimacanarias.com\\\/#organization\"},\"potentialAction\":[{\"@type\":\"SearchAction\",\"target\":{\"@type\":\"EntryPoint\",\"urlTemplate\":\"https:\\\/\\\/cimacanarias.com\\\/?s={search_term_string}\"},\"query-input\":{\"@type\":\"PropertyValueSpecification\",\"valueRequired\":true,\"valueName\":\"search_term_string\"}}],\"inLanguage\":\"en-GB\"},{\"@type\":\"Organization\",\"@id\":\"https:\\\/\\\/cimacanarias.com\\\/#organization\",\"name\":\"Centro de Investigaciones Medioambientales del Atl\u00e1ntico, S.L.\",\"url\":\"https:\\\/\\\/cimacanarias.com\\\/\",\"logo\":{\"@type\":\"ImageObject\",\"inLanguage\":\"en-GB\",\"@id\":\"https:\\\/\\\/cimacanarias.com\\\/#\\\/schema\\\/logo\\\/image\\\/\",\"url\":\"https:\\\/\\\/cimacanarias.com\\\/wp-content\\\/uploads\\\/2020\\\/06\\\/logo.png\",\"contentUrl\":\"https:\\\/\\\/cimacanarias.com\\\/wp-content\\\/uploads\\\/2020\\\/06\\\/logo.png\",\"width\":227,\"height\":80,\"caption\":\"Centro de Investigaciones Medioambientales del Atl\u00e1ntico, S.L.\"},\"image\":{\"@id\":\"https:\\\/\\\/cimacanarias.com\\\/#\\\/schema\\\/logo\\\/image\\\/\"}}]}<\/script>\n<!-- \/ Yoast SEO plugin. -->","yoast_head_json":{"title":"Nuestro equipo - Centro de Investigaciones Medioambientales del Atl\u00e1ntico","description":"Centro de Investigaciones Medioambientales del Atl\u00e1ntico, S.L. es una entidad privada especializada en el medio marino que desarrolla asistencias t\u00e9cnicas, proyectos de gesti\u00f3n, an\u00e1lisis e investigaciones marinas.","robots":{"index":"index","follow":"follow","max-snippet":"max-snippet:-1","max-image-preview":"max-image-preview:large","max-video-preview":"max-video-preview:-1"},"canonical":"https:\/\/cimacanarias.com\/en\/nuestro-equipo\/","og_locale":"en_GB","og_type":"article","og_title":"Nuestro equipo - Centro de Investigaciones Medioambientales del Atl\u00e1ntico","og_description":"Centro de Investigaciones Medioambientales del Atl\u00e1ntico, S.L. es una entidad privada especializada en el medio marino que desarrolla asistencias t\u00e9cnicas, proyectos de gesti\u00f3n, an\u00e1lisis e investigaciones marinas.","og_url":"https:\/\/cimacanarias.com\/en\/nuestro-equipo\/","og_site_name":"Centro de Investigaciones Medioambientales del Atl\u00e1ntico","article_modified_time":"2026-02-08T22:52:05+00:00","twitter_card":"summary_large_image","twitter_misc":{"Estimated reading time":"1 minute"},"schema":{"@context":"https:\/\/schema.org","@graph":[{"@type":"WebPage","@id":"https:\/\/cimacanarias.com\/nuestro-equipo\/","url":"https:\/\/cimacanarias.com\/nuestro-equipo\/","name":"Nuestro equipo - Centro de Investigaciones Medioambientales del Atl\u00e1ntico","isPartOf":{"@id":"https:\/\/cimacanarias.com\/#website"},"datePublished":"2020-07-09T10:01:24+00:00","dateModified":"2026-02-08T22:52:05+00:00","description":"Centro de Investigaciones Medioambientales del Atl\u00e1ntico, S.L. es una entidad privada especializada en el medio marino que desarrolla asistencias t\u00e9cnicas, proyectos de gesti\u00f3n, an\u00e1lisis e investigaciones marinas.","breadcrumb":{"@id":"https:\/\/cimacanarias.com\/nuestro-equipo\/#breadcrumb"},"inLanguage":"en-GB","potentialAction":[{"@type":"ReadAction","target":["https:\/\/cimacanarias.com\/nuestro-equipo\/"]}]},{"@type":"BreadcrumbList","@id":"https:\/\/cimacanarias.com\/nuestro-equipo\/#breadcrumb","itemListElement":[{"@type":"ListItem","position":1,"name":"Portada","item":"https:\/\/cimacanarias.com\/"},{"@type":"ListItem","position":2,"name":"Nuestro equipo"}]},{"@type":"WebSite","@id":"https:\/\/cimacanarias.com\/#website","url":"https:\/\/cimacanarias.com\/","name":"Atlantic Center for Environmental Research","description":"Centro de Investigaciones Medioambientales del Atl\u00e1ntico, S.L. es una consultora ambiental especializada en el medio marino que desarrolla asistencias t\u00e9cnicas, proyectos de gesti\u00f3n, an\u00e1lisis e investigaciones marinas.","publisher":{"@id":"https:\/\/cimacanarias.com\/#organization"},"potentialAction":[{"@type":"SearchAction","target":{"@type":"EntryPoint","urlTemplate":"https:\/\/cimacanarias.com\/?s={search_term_string}"},"query-input":{"@type":"PropertyValueSpecification","valueRequired":true,"valueName":"search_term_string"}}],"inLanguage":"en-GB"},{"@type":"Organization","@id":"https:\/\/cimacanarias.com\/#organization","name":"Centro de Investigaciones Medioambientales del Atl\u00e1ntico, S.L.","url":"https:\/\/cimacanarias.com\/","logo":{"@type":"ImageObject","inLanguage":"en-GB","@id":"https:\/\/cimacanarias.com\/#\/schema\/logo\/image\/","url":"https:\/\/cimacanarias.com\/wp-content\/uploads\/2020\/06\/logo.png","contentUrl":"https:\/\/cimacanarias.com\/wp-content\/uploads\/2020\/06\/logo.png","width":227,"height":80,"caption":"Centro de Investigaciones Medioambientales del Atl\u00e1ntico, S.L."},"image":{"@id":"https:\/\/cimacanarias.com\/#\/schema\/logo\/image\/"}}]}},"_links":{"self":[{"href":"https:\/\/cimacanarias.com\/en\/wp-json\/wp\/v2\/pages\/832","targetHints":{"allow":["GET"]}}],"collection":[{"href":"https:\/\/cimacanarias.com\/en\/wp-json\/wp\/v2\/pages"}],"about":[{"href":"https:\/\/cimacanarias.com\/en\/wp-json\/wp\/v2\/types\/page"}],"author":[{"embeddable":true,"href":"https:\/\/cimacanarias.com\/en\/wp-json\/wp\/v2\/users\/9"}],"replies":[{"embeddable":true,"href":"https:\/\/cimacanarias.com\/en\/wp-json\/wp\/v2\/comments?post=832"}],"version-history":[{"count":54,"href":"https:\/\/cimacanarias.com\/en\/wp-json\/wp\/v2\/pages\/832\/revisions"}],"predecessor-version":[{"id":14219,"href":"https:\/\/cimacanarias.com\/en\/wp-json\/wp\/v2\/pages\/832\/revisions\/14219"}],"wp:attachment":[{"href":"https:\/\/cimacanarias.com\/en\/wp-json\/wp\/v2\/media?parent=832"}],"curies":[{"name":"wp","href":"https:\/\/api.w.org\/{rel}","templated":true}]}}