{"id":865,"date":"2020-07-09T12:41:16","date_gmt":"2020-07-09T12:41:16","guid":{"rendered":"http:\/\/cimacanarias.com\/?page_id=865"},"modified":"2025-05-18T18:35:20","modified_gmt":"2025-05-18T17:35:20","slug":"cosas-que-hacemos-en-cima","status":"publish","type":"page","link":"https:\/\/cimacanarias.com\/en\/cosas-que-hacemos-en-cima\/","title":{"rendered":"Things We Do at CIMA"},"content":{"rendered":"\n<div class=\"wp-block-columns is-layout-flex wp-container-core-columns-is-layout-9d6595d7 wp-block-columns-is-layout-flex\">\n<div class=\"wp-block-column is-layout-flow wp-block-column-is-layout-flow\" style=\"flex-basis:100%\"><div class=\"wp-block-image\">\n<figure class=\"alignright\"><a href=\"https:\/\/cimacanarias.com\/wp-content\/uploads\/2020\/07\/cosas.jpg\"><img loading=\"lazy\" decoding=\"async\" width=\"550\" height=\"550\" src=\"https:\/\/cimacanarias.com\/wp-content\/uploads\/2020\/07\/cosas.jpg\" alt=\"\" class=\"wp-image-866\" srcset=\"https:\/\/cimacanarias.com\/wp-content\/uploads\/2020\/07\/cosas.jpg 550w, https:\/\/cimacanarias.com\/wp-content\/uploads\/2020\/07\/cosas-300x300.jpg 300w, https:\/\/cimacanarias.com\/wp-content\/uploads\/2020\/07\/cosas-150x150.jpg 150w\" sizes=\"auto, (max-width: 550px) 100vw, 550px\" \/><\/a><\/figure>\n<\/div>\n\n\n<p>Desde CIMA (Centro de Investigaciones Medioambientales del Atl\u00e1ntico, S.L.), queremos mostrarte lo que hacemos tanto en nuestras oficinas, como fuera de ellas.<\/p>\n\n\n\n<p>En esta p\u00e1gina podr\u00e1s encontrar una serie de peque\u00f1os v\u00eddeos llamados \u00abCosas que hacemos en CIMA\u00bb, que nos ayudar\u00e1n a exponer qu\u00e9 hacemos y c\u00f3mo lo hacemos. Todo ello para acercarte al mundo de la Biolog\u00eda marina y la Oceanograf\u00eda.<\/p>\n\n\n\n<p>Estos v\u00eddeos versar\u00e1n sobre diferentes actividades, trabajos, proyectos, etc. que llevamos a cabo en la empresa. Intentaremos que sean lo m\u00e1s variados posible, para poder acercarte nuestro d\u00eda a d\u00eda de manera veraz y fiable.<\/p>\n\n\n\n<p>La idea es, por supuesto, que lleguen al mayor n\u00famero de personas posible. Para ello hemos preparado diferentes versiones que podr\u00e1s compartir desde diferentes medios y redes sociales. En esta p\u00e1gina podr\u00e1s encontrar las versiones compartidas en Youtube, pero en nuestros canales de Facebook e Instagram tienes los mismos v\u00eddeos adaptados, para que compartirlos sea m\u00e1s f\u00e1cil todav\u00eda.<\/p>\n<\/div>\n<\/div>\n\n\n\n<div style=\"height:30px\" aria-hidden=\"true\" class=\"wp-block-spacer\"><\/div>\n\n\n\n<style>\n  .video-es { display: block; }\n  .video-en { display: none; }\n\n  html[lang=\"en-GB\"] .video-es { display: none; }\n  html[lang=\"en-GB\"] .video-en { display: block; }\n\n.video-container {\n  display: flex;\n  justify-content: center;\n  align-items: center;    \n  padding: 20px;\n}\n\niframe {\n  width: 80vw; \n  aspect-ratio: 16\/9;\n  max-width: 100%;\n  border: none;\n}\n<\/style>\n\n<div class=\"video-container\">\n  <!-- Versi\u00f3n en Espa\u00f1ol -->\n  <iframe src=\"https:\/\/www.youtube.com\/embed\/NmgekoA45U8\" \n          class=\"video-es\" allowfullscreen><\/iframe>\n  \n  <!-- Versi\u00f3n en Ingl\u00e9s -->\n  <iframe src=\"https:\/\/www.youtube.com\/embed\/rnjWGWhfz5w\" \n          class=\"video-en\" allowfullscreen><\/iframe>\n<\/div>\n\n<script>\nfunction cimaUpdateVideos() {\n  const lang = document.documentElement.lang;\n\n  const isEnglish = lang === 'en-GB';  \/\/ O aj\u00fastalo si usas 'en-US' u otro\n\n  const videoES = document.querySelector('.video-es');\n  const videoEN = document.querySelector('.video-en');\n\n  if (videoES && videoEN) {\n    videoES.style.setProperty('display', isEnglish ? 'none' : 'block', 'important');\n    videoEN.style.setProperty('display', isEnglish ? 'block' : 'none', 'important');\n  }\n}\n\ndocument.addEventListener('DOMContentLoaded', () => {\n  setTimeout(cimaUpdateVideos, 100);\n});\nwindow.addEventListener('trp_language_changed', () => {\n  setTimeout(cimaUpdateVideos, 100);\n});\n<\/script>\n\n\n\n<div style=\"height:40px\" aria-hidden=\"true\" class=\"wp-block-spacer\"><\/div>\n\n\n\n<p><strong><a href=\"https:\/\/cimacanarias.com\/cosas-que-hacemos-en-cima-1-triado-de-muestra-bentonica\/\" target=\"_blank\" rel=\"noreferrer noopener\">&#8211; \u00abCosas que hacemos en CIMA\u00bb #1: \u00abTriado\u00bb de muestra bent\u00f3nica<\/a><\/strong>.<\/p>\n\n\n\n<p><strong><a href=\"https:\/\/cimacanarias.com\/cosas-que-hacemos-en-cima-2-cartografia-de-especies-vegetales\/\" target=\"_blank\" rel=\"noreferrer noopener\">&#8211; \u00abCosas que hacemos en CIMA\u00bb #2: Cartograf\u00eda de especies vegetales<\/a><\/strong>.<\/p>\n\n\n\n<p><strong><a href=\"https:\/\/cimacanarias.com\/cosas-que-hacemos-en-cima-3-analisis-de-plancton\/\" target=\"_blank\" rel=\"noreferrer noopener\">&#8211; \u00abCosas que hacemos en CIMA\u00bb #3: An\u00e1lisis de plancton<\/a><\/strong>.<\/p>\n\n\n\n<p><strong><a href=\"https:\/\/cimacanarias.com\/cosas-que-hacemos-en-cima-4-indicadores-de-contaminacion\/\" target=\"_blank\" rel=\"noreferrer noopener\">&#8211; \u00abCosas que hacemos en CIMA\u00bb #4: Indicadores de contaminaci\u00f3n<\/a><\/strong>.<\/p>\n\n\n\n<p><strong><a href=\"https:\/\/cimacanarias.com\/cosas-que-hacemos-en-cima-5-tubos-de-sedimento\/\" target=\"_blank\" rel=\"noreferrer noopener\">&#8211; \u00abCosas que hacemos en CIMA\u00bb #5: Tubos de sedimento<\/a><\/strong>.<\/p>\n\n\n\n<p><strong><a href=\"https:\/\/cimacanarias.com\/cosas-que-hacemos-en-cima-6-caudalimetro\/\" target=\"_blank\" rel=\"noreferrer noopener\">&#8211; \u00abCosas que hacemos en CIMA\u00bb #6: Caudal\u00edmetro<\/a><\/strong>.<\/p>\n\n\n\n<p><strong><a href=\"https:\/\/cimacanarias.com\/cosas-que-hacemos-en-cima-7-cuadriculas-submarinas\/\" target=\"_blank\" rel=\"noreferrer noopener\">&#8211; \u00abCosas que hacemos en CIMA\u00bb #7: Cuadr\u00edculas submarinas<\/a><\/strong>.<\/p>\n\n\n\n<p><strong><a href=\"https:\/\/cimacanarias.com\/cosas-que-hacemos-en-cima-8-analisis-de-meiofauna\/\" target=\"_blank\" rel=\"noreferrer noopener\">&#8211; \u00abCosas que hacemos en CIMA\u00bb #8: An\u00e1lisis de Meiofauna<\/a><\/strong>.<\/p>\n\n\n\n<p><strong><a href=\"https:\/\/cimacanarias.com\/cosas-que-hacemos-en-cima-9-nuevo-companero\/\" target=\"_blank\" rel=\"noreferrer noopener\">&#8211; \u00abCosas que hacemos en CIMA\u00bb #9: Nuevo compa\u00f1ero<\/a><\/strong>.<\/p>\n\n\n\n<p><strong><a href=\"https:\/\/cimacanarias.com\/cosas-que-hacemos-en-cima-10-sonar-de-barrido-lateral\/\" target=\"_blank\" rel=\"noreferrer noopener\">&#8211; \u00abCosas que hacemos en CIMA\u00bb #10: Sonar de barrido lateral<\/a><\/strong>.<\/p>\n\n\n\n<p><strong><a href=\"https:\/\/cimacanarias.com\/cosas-que-hacemos-en-cima-11-pesca-y-acuicultura\/\" target=\"_blank\" rel=\"noreferrer noopener\">&#8211; \u00abCosas que hacemos en CIMA\u00bb #11: Pesca y Acuicultura<\/a><\/strong>.<\/p>\n\n\n\n<p><strong><a href=\"https:\/\/cimacanarias.com\/cosas-que-hacemos-en-cima-12-identificacion-de-especies\/\" target=\"_blank\" rel=\"noreferrer noopener\">&#8211; \u00abCosas que hacemos en CIMA\u00bb #12: Identificaci\u00f3n de especies<\/a><\/strong>.<\/p>\n\n\n\n<p><strong><a href=\"https:\/\/cimacanarias.com\/cosas-que-hacemos-en-cima-13-divulgacion\/\" target=\"_blank\" rel=\"noreferrer noopener\">&#8211; \u00abCosas que hacemos en CIMA\u00bb #13: Divulgaci\u00f3n<\/a><\/strong>.<\/p>\n\n\n\n<p><strong><a href=\"https:\/\/cimacanarias.com\/cosas-que-hacemos-en-cima-14-analisis-microbiologicos\/\" target=\"_blank\" rel=\"noreferrer noopener\">&#8211; \u00abCosas que hacemos en CIMA\u00bb #14: An\u00e1lisis microbiol\u00f3gicos<\/a><\/strong>.<\/p>\n\n\n\n<p><strong><a href=\"https:\/\/cimacanarias.com\/cosas-que-hacemos-en-cima-15-batimetrias\/\" target=\"_blank\" rel=\"noreferrer noopener\">&#8211; \u00abCosas que hacemos en CIMA\u00bb #15: Batimetr\u00edas<\/a><\/strong>.<\/p>\n\n\n\n<p><strong><a href=\"https:\/\/cimacanarias.com\/cosas-que-hacemos-en-cima-16-idi\/\" target=\"_blank\" rel=\"noreferrer noopener\">&#8211; \u00abCosas que hacemos en CIMA\u00bb #16: I+D+i<\/a><\/strong>.<\/p>\n\n\n\n<p><strong><a href=\"https:\/\/cimacanarias.com\/cosas-que-hacemos-en-cima-17-analisis-de-aguas-de-consumo\/\" target=\"_blank\" rel=\"noreferrer noopener\">&#8211; \u00abCosas que hacemos en CIMA\u00bb #17: An\u00e1lisis de aguas de consumo<\/a><\/strong>.<\/p>\n\n\n\n<p><strong><a href=\"https:\/\/cimacanarias.com\/cosas-que-hacemos-en-cima-18-oceanografia\/\" target=\"_blank\" rel=\"noreferrer noopener\">&#8211; \u00abCosas que hacemos en CIMA\u00bb #18: Oceanograf\u00eda<\/a><\/strong>.<\/p>\n\n\n\n<p><strong><a href=\"https:\/\/cimacanarias.com\/cosas-que-hacemos-en-cima-19-campana-i\/\" target=\"_blank\" rel=\"noreferrer noopener\">&#8211; \u00abCosas que hacemos en CIMA\u00bb #19: Campa\u00f1a I<\/a><\/strong>.<\/p>\n\n\n\n<p><strong><a href=\"https:\/\/cimacanarias.com\/cosas-que-hacemos-en-cima-20-educacion\/\" target=\"_blank\" rel=\"noreferrer noopener\">&#8211; \u00abCosas que hacemos en CIMA\u00bb #20: Educaci\u00f3n<\/a><\/strong>.<\/p>\n\n\n\n<p><strong><a href=\"https:\/\/cimacanarias.com\/cosas-que-hacemos-en-cima-21-investigacion\/\" target=\"_blank\" rel=\"noreferrer noopener\">&#8211; \u00abCosas que hacemos en CIMA\u00bb #21: Investigaci\u00f3n<\/a><\/strong>.<\/p>\n\n\n\n<p><strong><a href=\"https:\/\/cimacanarias.com\/cosas-que-hacemos-en-cima-22-lyngbya-majuscula\/\" target=\"_blank\" rel=\"noreferrer noopener\">&#8211; \u00abCosas que hacemos en CIMA\u00bb #22:&nbsp;<em>Lyngbya majuscula<\/em><\/a><\/strong>.<\/p>\n\n\n\n<div style=\"height:30px\" aria-hidden=\"true\" class=\"wp-block-spacer\"><\/div>\n\n\n<div class=\"wp-block-image\">\n<figure class=\"aligncenter size-full is-resized\"><img loading=\"lazy\" decoding=\"async\" width=\"528\" height=\"72\" src=\"https:\/\/cimacanarias.com\/wp-content\/uploads\/2020\/09\/GobCanFSEp.png\" alt=\"Acci\u00f3n cofinanciada por la Consejer\u00eda de Econom\u00eda, Industria, Comercio y Conocimiento y el Fondo Social Europeo (FSE)\" class=\"wp-image-1221\" style=\"width:887px;height:auto\" srcset=\"https:\/\/cimacanarias.com\/wp-content\/uploads\/2020\/09\/GobCanFSEp.png 528w, https:\/\/cimacanarias.com\/wp-content\/uploads\/2020\/09\/GobCanFSEp-300x41.png 300w\" sizes=\"auto, (max-width: 528px) 100vw, 528px\" \/><\/figure>\n<\/div>","protected":false},"excerpt":{"rendered":"<p>Desde CIMA (Centro de Investigaciones Medioambientales del Atl\u00e1ntico, S.L.), queremos mostrarte lo que hacemos tanto en nuestras oficinas, como fuera [&hellip;]<\/p>\n","protected":false},"author":9,"featured_media":0,"parent":0,"menu_order":0,"comment_status":"closed","ping_status":"closed","template":"","meta":{"footnotes":""},"class_list":["post-865","page","type-page","status-publish","hentry"],"yoast_head":"<!-- This site is optimized with the Yoast SEO plugin v27.4 - https:\/\/yoast.com\/product\/yoast-seo-wordpress\/ -->\n<title>Cosas que hacemos en CIMA - Centro de Investigaciones Medioambientales del Atl\u00e1ntico<\/title>\n<meta name=\"description\" content=\"Centro de Investigaciones Medioambientales del Atl\u00e1ntico, S.L. es una entidad privada especializada en el medio marino que desarrolla asistencias t\u00e9cnicas, proyectos de gesti\u00f3n, an\u00e1lisis e investigaciones marinas.\" \/>\n<meta name=\"robots\" content=\"index, follow, max-snippet:-1, max-image-preview:large, max-video-preview:-1\" \/>\n<link rel=\"canonical\" href=\"https:\/\/cimacanarias.com\/en\/cosas-que-hacemos-en-cima\/\" \/>\n<meta property=\"og:locale\" content=\"en_GB\" \/>\n<meta property=\"og:type\" content=\"article\" \/>\n<meta property=\"og:title\" content=\"Cosas que hacemos en CIMA - Centro de Investigaciones Medioambientales del Atl\u00e1ntico\" \/>\n<meta property=\"og:description\" content=\"Centro de Investigaciones Medioambientales del Atl\u00e1ntico, S.L. es una entidad privada especializada en el medio marino que desarrolla asistencias t\u00e9cnicas, proyectos de gesti\u00f3n, an\u00e1lisis e investigaciones marinas.\" \/>\n<meta property=\"og:url\" content=\"https:\/\/cimacanarias.com\/en\/cosas-que-hacemos-en-cima\/\" \/>\n<meta property=\"og:site_name\" content=\"Centro de Investigaciones Medioambientales del Atl\u00e1ntico\" \/>\n<meta property=\"article:modified_time\" content=\"2025-05-18T17:35:20+00:00\" \/>\n<meta property=\"og:image\" content=\"https:\/\/cimacanarias.com\/wp-content\/uploads\/2020\/07\/cosas.jpg\" \/>\n\t<meta property=\"og:image:width\" content=\"550\" \/>\n\t<meta property=\"og:image:height\" content=\"550\" \/>\n\t<meta property=\"og:image:type\" content=\"image\/jpeg\" \/>\n<meta name=\"twitter:card\" content=\"summary_large_image\" \/>\n<meta name=\"twitter:label1\" content=\"Estimated reading time\" \/>\n\t<meta name=\"twitter:data1\" content=\"3 minutes\" \/>\n<script type=\"application\/ld+json\" class=\"yoast-schema-graph\">{\"@context\":\"https:\\\/\\\/schema.org\",\"@graph\":[{\"@type\":\"WebPage\",\"@id\":\"https:\\\/\\\/cimacanarias.com\\\/cosas-que-hacemos-en-cima\\\/\",\"url\":\"https:\\\/\\\/cimacanarias.com\\\/cosas-que-hacemos-en-cima\\\/\",\"name\":\"Cosas que hacemos en CIMA - Centro de Investigaciones Medioambientales del Atl\u00e1ntico\",\"isPartOf\":{\"@id\":\"https:\\\/\\\/cimacanarias.com\\\/#website\"},\"primaryImageOfPage\":{\"@id\":\"https:\\\/\\\/cimacanarias.com\\\/cosas-que-hacemos-en-cima\\\/#primaryimage\"},\"image\":{\"@id\":\"https:\\\/\\\/cimacanarias.com\\\/cosas-que-hacemos-en-cima\\\/#primaryimage\"},\"thumbnailUrl\":\"https:\\\/\\\/cimacanarias.com\\\/wp-content\\\/uploads\\\/2020\\\/07\\\/cosas.jpg\",\"datePublished\":\"2020-07-09T12:41:16+00:00\",\"dateModified\":\"2025-05-18T17:35:20+00:00\",\"description\":\"Centro de Investigaciones Medioambientales del Atl\u00e1ntico, S.L. es una entidad privada especializada en el medio marino que desarrolla asistencias t\u00e9cnicas, proyectos de gesti\u00f3n, an\u00e1lisis e investigaciones marinas.\",\"breadcrumb\":{\"@id\":\"https:\\\/\\\/cimacanarias.com\\\/cosas-que-hacemos-en-cima\\\/#breadcrumb\"},\"inLanguage\":\"en-GB\",\"potentialAction\":[{\"@type\":\"ReadAction\",\"target\":[\"https:\\\/\\\/cimacanarias.com\\\/cosas-que-hacemos-en-cima\\\/\"]}]},{\"@type\":\"ImageObject\",\"inLanguage\":\"en-GB\",\"@id\":\"https:\\\/\\\/cimacanarias.com\\\/cosas-que-hacemos-en-cima\\\/#primaryimage\",\"url\":\"https:\\\/\\\/cimacanarias.com\\\/wp-content\\\/uploads\\\/2020\\\/07\\\/cosas.jpg\",\"contentUrl\":\"https:\\\/\\\/cimacanarias.com\\\/wp-content\\\/uploads\\\/2020\\\/07\\\/cosas.jpg\"},{\"@type\":\"BreadcrumbList\",\"@id\":\"https:\\\/\\\/cimacanarias.com\\\/cosas-que-hacemos-en-cima\\\/#breadcrumb\",\"itemListElement\":[{\"@type\":\"ListItem\",\"position\":1,\"name\":\"Portada\",\"item\":\"https:\\\/\\\/cimacanarias.com\\\/\"},{\"@type\":\"ListItem\",\"position\":2,\"name\":\"Cosas que hacemos en CIMA\"}]},{\"@type\":\"WebSite\",\"@id\":\"https:\\\/\\\/cimacanarias.com\\\/#website\",\"url\":\"https:\\\/\\\/cimacanarias.com\\\/\",\"name\":\"Centro de Investigaciones Medioambientales del Atl\u00e1ntico\",\"description\":\"Centro de Investigaciones Medioambientales del Atl\u00e1ntico, S.L. es una consultora ambiental especializada en el medio marino que desarrolla asistencias t\u00e9cnicas, proyectos de gesti\u00f3n, an\u00e1lisis e investigaciones marinas.\",\"publisher\":{\"@id\":\"https:\\\/\\\/cimacanarias.com\\\/#organization\"},\"potentialAction\":[{\"@type\":\"SearchAction\",\"target\":{\"@type\":\"EntryPoint\",\"urlTemplate\":\"https:\\\/\\\/cimacanarias.com\\\/?s={search_term_string}\"},\"query-input\":{\"@type\":\"PropertyValueSpecification\",\"valueRequired\":true,\"valueName\":\"search_term_string\"}}],\"inLanguage\":\"en-GB\"},{\"@type\":\"Organization\",\"@id\":\"https:\\\/\\\/cimacanarias.com\\\/#organization\",\"name\":\"Centro de Investigaciones Medioambientales del Atl\u00e1ntico, S.L.\",\"url\":\"https:\\\/\\\/cimacanarias.com\\\/\",\"logo\":{\"@type\":\"ImageObject\",\"inLanguage\":\"en-GB\",\"@id\":\"https:\\\/\\\/cimacanarias.com\\\/#\\\/schema\\\/logo\\\/image\\\/\",\"url\":\"https:\\\/\\\/cimacanarias.com\\\/wp-content\\\/uploads\\\/2020\\\/06\\\/logo.png\",\"contentUrl\":\"https:\\\/\\\/cimacanarias.com\\\/wp-content\\\/uploads\\\/2020\\\/06\\\/logo.png\",\"width\":227,\"height\":80,\"caption\":\"Centro de Investigaciones Medioambientales del Atl\u00e1ntico, S.L.\"},\"image\":{\"@id\":\"https:\\\/\\\/cimacanarias.com\\\/#\\\/schema\\\/logo\\\/image\\\/\"}}]}<\/script>\n<!-- \/ Yoast SEO plugin. -->","yoast_head_json":{"title":"Cosas que hacemos en CIMA - Centro de Investigaciones Medioambientales del Atl\u00e1ntico","description":"Centro de Investigaciones Medioambientales del Atl\u00e1ntico, S.L. es una entidad privada especializada en el medio marino que desarrolla asistencias t\u00e9cnicas, proyectos de gesti\u00f3n, an\u00e1lisis e investigaciones marinas.","robots":{"index":"index","follow":"follow","max-snippet":"max-snippet:-1","max-image-preview":"max-image-preview:large","max-video-preview":"max-video-preview:-1"},"canonical":"https:\/\/cimacanarias.com\/en\/cosas-que-hacemos-en-cima\/","og_locale":"en_GB","og_type":"article","og_title":"Cosas que hacemos en CIMA - Centro de Investigaciones Medioambientales del Atl\u00e1ntico","og_description":"Centro de Investigaciones Medioambientales del Atl\u00e1ntico, S.L. es una entidad privada especializada en el medio marino que desarrolla asistencias t\u00e9cnicas, proyectos de gesti\u00f3n, an\u00e1lisis e investigaciones marinas.","og_url":"https:\/\/cimacanarias.com\/en\/cosas-que-hacemos-en-cima\/","og_site_name":"Centro de Investigaciones Medioambientales del Atl\u00e1ntico","article_modified_time":"2025-05-18T17:35:20+00:00","og_image":[{"width":550,"height":550,"url":"https:\/\/cimacanarias.com\/wp-content\/uploads\/2020\/07\/cosas.jpg","type":"image\/jpeg"}],"twitter_card":"summary_large_image","twitter_misc":{"Estimated reading time":"3 minutes"},"schema":{"@context":"https:\/\/schema.org","@graph":[{"@type":"WebPage","@id":"https:\/\/cimacanarias.com\/cosas-que-hacemos-en-cima\/","url":"https:\/\/cimacanarias.com\/cosas-que-hacemos-en-cima\/","name":"Cosas que hacemos en CIMA - Centro de Investigaciones Medioambientales del Atl\u00e1ntico","isPartOf":{"@id":"https:\/\/cimacanarias.com\/#website"},"primaryImageOfPage":{"@id":"https:\/\/cimacanarias.com\/cosas-que-hacemos-en-cima\/#primaryimage"},"image":{"@id":"https:\/\/cimacanarias.com\/cosas-que-hacemos-en-cima\/#primaryimage"},"thumbnailUrl":"https:\/\/cimacanarias.com\/wp-content\/uploads\/2020\/07\/cosas.jpg","datePublished":"2020-07-09T12:41:16+00:00","dateModified":"2025-05-18T17:35:20+00:00","description":"Centro de Investigaciones Medioambientales del Atl\u00e1ntico, S.L. es una entidad privada especializada en el medio marino que desarrolla asistencias t\u00e9cnicas, proyectos de gesti\u00f3n, an\u00e1lisis e investigaciones marinas.","breadcrumb":{"@id":"https:\/\/cimacanarias.com\/cosas-que-hacemos-en-cima\/#breadcrumb"},"inLanguage":"en-GB","potentialAction":[{"@type":"ReadAction","target":["https:\/\/cimacanarias.com\/cosas-que-hacemos-en-cima\/"]}]},{"@type":"ImageObject","inLanguage":"en-GB","@id":"https:\/\/cimacanarias.com\/cosas-que-hacemos-en-cima\/#primaryimage","url":"https:\/\/cimacanarias.com\/wp-content\/uploads\/2020\/07\/cosas.jpg","contentUrl":"https:\/\/cimacanarias.com\/wp-content\/uploads\/2020\/07\/cosas.jpg"},{"@type":"BreadcrumbList","@id":"https:\/\/cimacanarias.com\/cosas-que-hacemos-en-cima\/#breadcrumb","itemListElement":[{"@type":"ListItem","position":1,"name":"Portada","item":"https:\/\/cimacanarias.com\/"},{"@type":"ListItem","position":2,"name":"Cosas que hacemos en CIMA"}]},{"@type":"WebSite","@id":"https:\/\/cimacanarias.com\/#website","url":"https:\/\/cimacanarias.com\/","name":"Atlantic Center for Environmental Research","description":"Centro de Investigaciones Medioambientales del Atl\u00e1ntico, S.L. es una consultora ambiental especializada en el medio marino que desarrolla asistencias t\u00e9cnicas, proyectos de gesti\u00f3n, an\u00e1lisis e investigaciones marinas.","publisher":{"@id":"https:\/\/cimacanarias.com\/#organization"},"potentialAction":[{"@type":"SearchAction","target":{"@type":"EntryPoint","urlTemplate":"https:\/\/cimacanarias.com\/?s={search_term_string}"},"query-input":{"@type":"PropertyValueSpecification","valueRequired":true,"valueName":"search_term_string"}}],"inLanguage":"en-GB"},{"@type":"Organization","@id":"https:\/\/cimacanarias.com\/#organization","name":"Centro de Investigaciones Medioambientales del Atl\u00e1ntico, S.L.","url":"https:\/\/cimacanarias.com\/","logo":{"@type":"ImageObject","inLanguage":"en-GB","@id":"https:\/\/cimacanarias.com\/#\/schema\/logo\/image\/","url":"https:\/\/cimacanarias.com\/wp-content\/uploads\/2020\/06\/logo.png","contentUrl":"https:\/\/cimacanarias.com\/wp-content\/uploads\/2020\/06\/logo.png","width":227,"height":80,"caption":"Centro de Investigaciones Medioambientales del Atl\u00e1ntico, S.L."},"image":{"@id":"https:\/\/cimacanarias.com\/#\/schema\/logo\/image\/"}}]}},"_links":{"self":[{"href":"https:\/\/cimacanarias.com\/en\/wp-json\/wp\/v2\/pages\/865","targetHints":{"allow":["GET"]}}],"collection":[{"href":"https:\/\/cimacanarias.com\/en\/wp-json\/wp\/v2\/pages"}],"about":[{"href":"https:\/\/cimacanarias.com\/en\/wp-json\/wp\/v2\/types\/page"}],"author":[{"embeddable":true,"href":"https:\/\/cimacanarias.com\/en\/wp-json\/wp\/v2\/users\/9"}],"replies":[{"embeddable":true,"href":"https:\/\/cimacanarias.com\/en\/wp-json\/wp\/v2\/comments?post=865"}],"version-history":[{"count":46,"href":"https:\/\/cimacanarias.com\/en\/wp-json\/wp\/v2\/pages\/865\/revisions"}],"predecessor-version":[{"id":14106,"href":"https:\/\/cimacanarias.com\/en\/wp-json\/wp\/v2\/pages\/865\/revisions\/14106"}],"wp:attachment":[{"href":"https:\/\/cimacanarias.com\/en\/wp-json\/wp\/v2\/media?parent=865"}],"curies":[{"name":"wp","href":"https:\/\/api.w.org\/{rel}","templated":true}]}}