{"id":888,"date":"2020-07-09T12:57:52","date_gmt":"2020-07-09T12:57:52","guid":{"rendered":"http:\/\/cimacanarias.com\/?page_id=888"},"modified":"2025-05-18T20:54:39","modified_gmt":"2025-05-18T19:54:39","slug":"cosas-que-hacemos-en-cima-3-analisis-de-plancton","status":"publish","type":"page","link":"https:\/\/cimacanarias.com\/en\/cosas-que-hacemos-en-cima-3-analisis-de-plancton\/","title":{"rendered":"Things We Do At CIMA 3: Plankton Analysis"},"content":{"rendered":"<p align=\"justify\"><a href=\"https:\/\/cimacanarias.com\/wp-content\/uploads\/2020\/07\/cosas3.jpg\"><img loading=\"lazy\" decoding=\"async\" class=\"alignright wp-image-889\" src=\"https:\/\/cimacanarias.com\/wp-content\/uploads\/2020\/07\/cosas3.jpg\" alt=\"\" width=\"400\" height=\"400\" srcset=\"https:\/\/cimacanarias.com\/wp-content\/uploads\/2020\/07\/cosas3.jpg 550w, https:\/\/cimacanarias.com\/wp-content\/uploads\/2020\/07\/cosas3-300x300.jpg 300w, https:\/\/cimacanarias.com\/wp-content\/uploads\/2020\/07\/cosas3-150x150.jpg 150w\" sizes=\"auto, (max-width: 400px) 100vw, 400px\" \/><\/a>Desde CIMA (Centro de Investigaciones Medioambientales del Atl\u00e1ntico, S.L.), queremos mostrarte lo que hacemos tanto en nuestras oficinas, como fuera de ellas.<\/p>\n<p align=\"justify\">En esta p\u00e1gina podr\u00e1s encontrar una serie de peque\u00f1os v\u00eddeos llamados \u00abCosas que hacemos en CIMA\u00bb, que nos ayudar\u00e1n a exponer qu\u00e9 hacemos y c\u00f3mo lo hacemos. Todo ello para acercarte al mundo de la Biolog\u00eda marina y la Oceanograf\u00eda.<\/p>\n<p align=\"justify\"><strong>&#8211; \u00abCosas que hacemos en CIMA\u00bb #3: An\u00e1lisis de plancton<\/strong>: Hoy te queremos hablar sobre las muestras de\u00a0<a href=\"https:\/\/es.wikipedia.org\/wiki\/Nivel_microsc%C3%B3pico\" target=\"_blank\" rel=\"noopener noreferrer\"><strong>microsc\u00f3picos<\/strong><\/a>, que flotan en todas las aguas de nuestro planeta, desde los oc\u00e9anos hasta los arroyos de alta monta\u00f1a, siendo m\u00e1s abundantes hasta los 200 metros de profundidad. Aunque normalmente escuchamos hablar de\u00a0<a href=\"https:\/\/es.wikipedia.org\/wiki\/Zooplancton\" target=\"_blank\" rel=\"noopener noreferrer\"><strong>Zooplancton<\/strong><\/a>\u00a0(plancton animal) y\u00a0<a href=\"https:\/\/es.wikipedia.org\/wiki\/Fitoplancton\" target=\"_blank\" rel=\"noopener noreferrer\"><strong>Fitoplancton<\/strong><\/a>\u00a0(plancton vegetal), existen muchas otras clasificaciones por tama\u00f1o, ubicaci\u00f3n o profundidad.<\/p>\n<p align=\"justify\">Para capturarlo, elegimos una zona y realizamos un recorrido con una embarcaci\u00f3n arrastrando una red de plancton en la superficie del agua. Este arrastre tambi\u00e9n se puede realizar a diferentes profundidades, de abajo a arriba y con redes de diferente tama\u00f1o, dependiendo de la fracci\u00f3n de plancton que queramos estudiar. Una vez recogida la red, se lava con agua para que caiga todo su contenido en un dep\u00f3sito al final de la misma.<\/p>\n<p align=\"justify\">El contenido lo analizamos con lupa y\/o microscopio, dependiendo de su tama\u00f1o.<\/p>\n<p align=\"justify\">\u00bfPara qu\u00e9 observar el plancton?<\/p>\n<p align=\"justify\">Estos organismos son los primeros que cambian cuando var\u00edan los par\u00e1metros f\u00edsico-qu\u00edmicos del agua (como la temperatura), por lo que son un buen indicador biol\u00f3gico de la\u00a0<a href=\"https:\/\/es.wikipedia.org\/wiki\/Calidad_del_agua\" target=\"_blank\" rel=\"noopener noreferrer\"><strong>calidad de las aguas<\/strong><\/a>.<\/p>\n<center><\/center><center><\/center>\n\n\n<style>\n  .video-es { display: block; }\n  .video-en { display: none; }\n\n  html[lang=\"en-GB\"] .video-es { display: none; }\n  html[lang=\"en-GB\"] .video-en { display: block; }\n\n.video-container {\n  display: flex;\n  justify-content: center;\n  align-items: center;    \n  padding: 20px;\n}\n\niframe {\n  width: 80vw; \n  aspect-ratio: 16\/9;\n  max-width: 100%;\n  border: none;\n}\n<\/style>\n\n<div class=\"video-container\">\n  <!-- Versi\u00f3n en Espa\u00f1ol -->\n  <iframe src=\"https:\/\/www.youtube.com\/embed\/ck5PLgHbYEg?si=oujSgdSd41O-ROaz\"\n          class=\"video-es\" allowfullscreen><\/iframe>\n  \n  <!-- Versi\u00f3n en Ingl\u00e9s -->\n  <iframe src=\"https:\/\/www.youtube.com\/embed\/-mAIhJjTGtw?si=m-OQ8lYnon2EIXuA\" \n          class=\"video-en\" allowfullscreen><\/iframe>\n<\/div>\n\n<script>\nfunction cimaUpdateVideos() {\n  const lang = document.documentElement.lang;\n\n  const isEnglish = lang === 'en-GB';  \/\/ O aj\u00fastalo si usas 'en-US' u otro\n\n  const videoES = document.querySelector('.video-es');\n  const videoEN = document.querySelector('.video-en');\n\n  if (videoES && videoEN) {\n    videoES.style.setProperty('display', isEnglish ? 'none' : 'block', 'important');\n    videoEN.style.setProperty('display', isEnglish ? 'block' : 'none', 'important');\n  }\n}\n\ndocument.addEventListener('DOMContentLoaded', () => {\n  setTimeout(cimaUpdateVideos, 100);\n});\nwindow.addEventListener('trp_language_changed', () => {\n  setTimeout(cimaUpdateVideos, 100);\n});\n<\/script>\n\n\n\n<figure class=\"wp-block-image size-full is-resized\"><img loading=\"lazy\" decoding=\"async\" width=\"528\" height=\"72\" src=\"https:\/\/cimacanarias.com\/wp-content\/uploads\/2020\/09\/GobCanFSEp.png\" alt=\"Acci\u00f3n cofinanciada por la Consejer\u00eda de Econom\u00eda, Industria, Comercio y Conocimiento y el Fondo Social Europeo (FSE)\" class=\"wp-image-1221\" style=\"width:1140px;height:auto\" srcset=\"https:\/\/cimacanarias.com\/wp-content\/uploads\/2020\/09\/GobCanFSEp.png 528w, https:\/\/cimacanarias.com\/wp-content\/uploads\/2020\/09\/GobCanFSEp-300x41.png 300w\" sizes=\"auto, (max-width: 528px) 100vw, 528px\" \/><\/figure>\n","protected":false},"excerpt":{"rendered":"<p>Desde CIMA (Centro de Investigaciones Medioambientales del Atl\u00e1ntico, S.L.), queremos mostrarte lo que hacemos tanto en nuestras oficinas, como fuera [&hellip;]<\/p>\n","protected":false},"author":9,"featured_media":0,"parent":0,"menu_order":0,"comment_status":"closed","ping_status":"closed","template":"page-templates\/full-width.php","meta":{"footnotes":""},"class_list":["post-888","page","type-page","status-publish","hentry"],"yoast_head":"<!-- This site is optimized with the Yoast SEO plugin v27.3 - https:\/\/yoast.com\/product\/yoast-seo-wordpress\/ -->\n<title>Cosas que hacemos en CIMA 3: An\u00e1lisis de plancton - Centro de Investigaciones Medioambientales del Atl\u00e1ntico<\/title>\n<meta name=\"description\" content=\"Centro de Investigaciones Medioambientales del Atl\u00e1ntico, S.L. es una entidad privada especializada en el medio marino que desarrolla asistencias t\u00e9cnicas, proyectos de gesti\u00f3n, an\u00e1lisis e investigaciones marinas.\" \/>\n<meta name=\"robots\" content=\"index, follow, max-snippet:-1, max-image-preview:large, max-video-preview:-1\" \/>\n<link rel=\"canonical\" href=\"https:\/\/cimacanarias.com\/en\/cosas-que-hacemos-en-cima-3-analisis-de-plancton\/\" \/>\n<meta property=\"og:locale\" content=\"en_GB\" \/>\n<meta property=\"og:type\" content=\"article\" \/>\n<meta property=\"og:title\" content=\"Cosas que hacemos en CIMA 3: An\u00e1lisis de plancton - Centro de Investigaciones Medioambientales del Atl\u00e1ntico\" \/>\n<meta property=\"og:description\" content=\"Centro de Investigaciones Medioambientales del Atl\u00e1ntico, S.L. es una entidad privada especializada en el medio marino que desarrolla asistencias t\u00e9cnicas, proyectos de gesti\u00f3n, an\u00e1lisis e investigaciones marinas.\" \/>\n<meta property=\"og:url\" content=\"https:\/\/cimacanarias.com\/en\/cosas-que-hacemos-en-cima-3-analisis-de-plancton\/\" \/>\n<meta property=\"og:site_name\" content=\"Centro de Investigaciones Medioambientales del Atl\u00e1ntico\" \/>\n<meta property=\"article:modified_time\" content=\"2025-05-18T19:54:39+00:00\" \/>\n<meta property=\"og:image\" content=\"https:\/\/cimacanarias.com\/wp-content\/uploads\/2020\/07\/cosas3.jpg\" \/>\n\t<meta property=\"og:image:width\" content=\"550\" \/>\n\t<meta property=\"og:image:height\" content=\"550\" \/>\n\t<meta property=\"og:image:type\" content=\"image\/jpeg\" \/>\n<meta name=\"twitter:card\" content=\"summary_large_image\" \/>\n<meta name=\"twitter:label1\" content=\"Estimated reading time\" \/>\n\t<meta name=\"twitter:data1\" content=\"2 minutes\" \/>\n<script type=\"application\/ld+json\" class=\"yoast-schema-graph\">{\"@context\":\"https:\\\/\\\/schema.org\",\"@graph\":[{\"@type\":\"WebPage\",\"@id\":\"https:\\\/\\\/cimacanarias.com\\\/cosas-que-hacemos-en-cima-3-analisis-de-plancton\\\/\",\"url\":\"https:\\\/\\\/cimacanarias.com\\\/cosas-que-hacemos-en-cima-3-analisis-de-plancton\\\/\",\"name\":\"Cosas que hacemos en CIMA 3: An\u00e1lisis de plancton - Centro de Investigaciones Medioambientales del Atl\u00e1ntico\",\"isPartOf\":{\"@id\":\"https:\\\/\\\/cimacanarias.com\\\/#website\"},\"primaryImageOfPage\":{\"@id\":\"https:\\\/\\\/cimacanarias.com\\\/cosas-que-hacemos-en-cima-3-analisis-de-plancton\\\/#primaryimage\"},\"image\":{\"@id\":\"https:\\\/\\\/cimacanarias.com\\\/cosas-que-hacemos-en-cima-3-analisis-de-plancton\\\/#primaryimage\"},\"thumbnailUrl\":\"https:\\\/\\\/cimacanarias.com\\\/wp-content\\\/uploads\\\/2020\\\/07\\\/cosas3.jpg\",\"datePublished\":\"2020-07-09T12:57:52+00:00\",\"dateModified\":\"2025-05-18T19:54:39+00:00\",\"description\":\"Centro de Investigaciones Medioambientales del Atl\u00e1ntico, S.L. es una entidad privada especializada en el medio marino que desarrolla asistencias t\u00e9cnicas, proyectos de gesti\u00f3n, an\u00e1lisis e investigaciones marinas.\",\"breadcrumb\":{\"@id\":\"https:\\\/\\\/cimacanarias.com\\\/cosas-que-hacemos-en-cima-3-analisis-de-plancton\\\/#breadcrumb\"},\"inLanguage\":\"en-GB\",\"potentialAction\":[{\"@type\":\"ReadAction\",\"target\":[\"https:\\\/\\\/cimacanarias.com\\\/cosas-que-hacemos-en-cima-3-analisis-de-plancton\\\/\"]}]},{\"@type\":\"ImageObject\",\"inLanguage\":\"en-GB\",\"@id\":\"https:\\\/\\\/cimacanarias.com\\\/cosas-que-hacemos-en-cima-3-analisis-de-plancton\\\/#primaryimage\",\"url\":\"https:\\\/\\\/cimacanarias.com\\\/wp-content\\\/uploads\\\/2020\\\/07\\\/cosas3.jpg\",\"contentUrl\":\"https:\\\/\\\/cimacanarias.com\\\/wp-content\\\/uploads\\\/2020\\\/07\\\/cosas3.jpg\"},{\"@type\":\"BreadcrumbList\",\"@id\":\"https:\\\/\\\/cimacanarias.com\\\/cosas-que-hacemos-en-cima-3-analisis-de-plancton\\\/#breadcrumb\",\"itemListElement\":[{\"@type\":\"ListItem\",\"position\":1,\"name\":\"Portada\",\"item\":\"https:\\\/\\\/cimacanarias.com\\\/\"},{\"@type\":\"ListItem\",\"position\":2,\"name\":\"Cosas que hacemos en CIMA 3: An\u00e1lisis de plancton\"}]},{\"@type\":\"WebSite\",\"@id\":\"https:\\\/\\\/cimacanarias.com\\\/#website\",\"url\":\"https:\\\/\\\/cimacanarias.com\\\/\",\"name\":\"Centro de Investigaciones Medioambientales del Atl\u00e1ntico\",\"description\":\"Centro de Investigaciones Medioambientales del Atl\u00e1ntico, S.L. es una consultora ambiental especializada en el medio marino que desarrolla asistencias t\u00e9cnicas, proyectos de gesti\u00f3n, an\u00e1lisis e investigaciones marinas.\",\"publisher\":{\"@id\":\"https:\\\/\\\/cimacanarias.com\\\/#organization\"},\"potentialAction\":[{\"@type\":\"SearchAction\",\"target\":{\"@type\":\"EntryPoint\",\"urlTemplate\":\"https:\\\/\\\/cimacanarias.com\\\/?s={search_term_string}\"},\"query-input\":{\"@type\":\"PropertyValueSpecification\",\"valueRequired\":true,\"valueName\":\"search_term_string\"}}],\"inLanguage\":\"en-GB\"},{\"@type\":\"Organization\",\"@id\":\"https:\\\/\\\/cimacanarias.com\\\/#organization\",\"name\":\"Centro de Investigaciones Medioambientales del Atl\u00e1ntico, S.L.\",\"url\":\"https:\\\/\\\/cimacanarias.com\\\/\",\"logo\":{\"@type\":\"ImageObject\",\"inLanguage\":\"en-GB\",\"@id\":\"https:\\\/\\\/cimacanarias.com\\\/#\\\/schema\\\/logo\\\/image\\\/\",\"url\":\"https:\\\/\\\/cimacanarias.com\\\/wp-content\\\/uploads\\\/2020\\\/06\\\/logo.png\",\"contentUrl\":\"https:\\\/\\\/cimacanarias.com\\\/wp-content\\\/uploads\\\/2020\\\/06\\\/logo.png\",\"width\":227,\"height\":80,\"caption\":\"Centro de Investigaciones Medioambientales del Atl\u00e1ntico, S.L.\"},\"image\":{\"@id\":\"https:\\\/\\\/cimacanarias.com\\\/#\\\/schema\\\/logo\\\/image\\\/\"}}]}<\/script>\n<!-- \/ Yoast SEO plugin. -->","yoast_head_json":{"title":"Cosas que hacemos en CIMA 3: An\u00e1lisis de plancton - Centro de Investigaciones Medioambientales del Atl\u00e1ntico","description":"Centro de Investigaciones Medioambientales del Atl\u00e1ntico, S.L. es una entidad privada especializada en el medio marino que desarrolla asistencias t\u00e9cnicas, proyectos de gesti\u00f3n, an\u00e1lisis e investigaciones marinas.","robots":{"index":"index","follow":"follow","max-snippet":"max-snippet:-1","max-image-preview":"max-image-preview:large","max-video-preview":"max-video-preview:-1"},"canonical":"https:\/\/cimacanarias.com\/en\/cosas-que-hacemos-en-cima-3-analisis-de-plancton\/","og_locale":"en_GB","og_type":"article","og_title":"Cosas que hacemos en CIMA 3: An\u00e1lisis de plancton - Centro de Investigaciones Medioambientales del Atl\u00e1ntico","og_description":"Centro de Investigaciones Medioambientales del Atl\u00e1ntico, S.L. es una entidad privada especializada en el medio marino que desarrolla asistencias t\u00e9cnicas, proyectos de gesti\u00f3n, an\u00e1lisis e investigaciones marinas.","og_url":"https:\/\/cimacanarias.com\/en\/cosas-que-hacemos-en-cima-3-analisis-de-plancton\/","og_site_name":"Centro de Investigaciones Medioambientales del Atl\u00e1ntico","article_modified_time":"2025-05-18T19:54:39+00:00","og_image":[{"width":550,"height":550,"url":"https:\/\/cimacanarias.com\/wp-content\/uploads\/2020\/07\/cosas3.jpg","type":"image\/jpeg"}],"twitter_card":"summary_large_image","twitter_misc":{"Estimated reading time":"2 minutes"},"schema":{"@context":"https:\/\/schema.org","@graph":[{"@type":"WebPage","@id":"https:\/\/cimacanarias.com\/cosas-que-hacemos-en-cima-3-analisis-de-plancton\/","url":"https:\/\/cimacanarias.com\/cosas-que-hacemos-en-cima-3-analisis-de-plancton\/","name":"Cosas que hacemos en CIMA 3: An\u00e1lisis de plancton - Centro de Investigaciones Medioambientales del Atl\u00e1ntico","isPartOf":{"@id":"https:\/\/cimacanarias.com\/#website"},"primaryImageOfPage":{"@id":"https:\/\/cimacanarias.com\/cosas-que-hacemos-en-cima-3-analisis-de-plancton\/#primaryimage"},"image":{"@id":"https:\/\/cimacanarias.com\/cosas-que-hacemos-en-cima-3-analisis-de-plancton\/#primaryimage"},"thumbnailUrl":"https:\/\/cimacanarias.com\/wp-content\/uploads\/2020\/07\/cosas3.jpg","datePublished":"2020-07-09T12:57:52+00:00","dateModified":"2025-05-18T19:54:39+00:00","description":"Centro de Investigaciones Medioambientales del Atl\u00e1ntico, S.L. es una entidad privada especializada en el medio marino que desarrolla asistencias t\u00e9cnicas, proyectos de gesti\u00f3n, an\u00e1lisis e investigaciones marinas.","breadcrumb":{"@id":"https:\/\/cimacanarias.com\/cosas-que-hacemos-en-cima-3-analisis-de-plancton\/#breadcrumb"},"inLanguage":"en-GB","potentialAction":[{"@type":"ReadAction","target":["https:\/\/cimacanarias.com\/cosas-que-hacemos-en-cima-3-analisis-de-plancton\/"]}]},{"@type":"ImageObject","inLanguage":"en-GB","@id":"https:\/\/cimacanarias.com\/cosas-que-hacemos-en-cima-3-analisis-de-plancton\/#primaryimage","url":"https:\/\/cimacanarias.com\/wp-content\/uploads\/2020\/07\/cosas3.jpg","contentUrl":"https:\/\/cimacanarias.com\/wp-content\/uploads\/2020\/07\/cosas3.jpg"},{"@type":"BreadcrumbList","@id":"https:\/\/cimacanarias.com\/cosas-que-hacemos-en-cima-3-analisis-de-plancton\/#breadcrumb","itemListElement":[{"@type":"ListItem","position":1,"name":"Portada","item":"https:\/\/cimacanarias.com\/"},{"@type":"ListItem","position":2,"name":"Cosas que hacemos en CIMA 3: An\u00e1lisis de plancton"}]},{"@type":"WebSite","@id":"https:\/\/cimacanarias.com\/#website","url":"https:\/\/cimacanarias.com\/","name":"Atlantic Center for Environmental Research","description":"Centro de Investigaciones Medioambientales del Atl\u00e1ntico, S.L. es una consultora ambiental especializada en el medio marino que desarrolla asistencias t\u00e9cnicas, proyectos de gesti\u00f3n, an\u00e1lisis e investigaciones marinas.","publisher":{"@id":"https:\/\/cimacanarias.com\/#organization"},"potentialAction":[{"@type":"SearchAction","target":{"@type":"EntryPoint","urlTemplate":"https:\/\/cimacanarias.com\/?s={search_term_string}"},"query-input":{"@type":"PropertyValueSpecification","valueRequired":true,"valueName":"search_term_string"}}],"inLanguage":"en-GB"},{"@type":"Organization","@id":"https:\/\/cimacanarias.com\/#organization","name":"Centro de Investigaciones Medioambientales del Atl\u00e1ntico, S.L.","url":"https:\/\/cimacanarias.com\/","logo":{"@type":"ImageObject","inLanguage":"en-GB","@id":"https:\/\/cimacanarias.com\/#\/schema\/logo\/image\/","url":"https:\/\/cimacanarias.com\/wp-content\/uploads\/2020\/06\/logo.png","contentUrl":"https:\/\/cimacanarias.com\/wp-content\/uploads\/2020\/06\/logo.png","width":227,"height":80,"caption":"Centro de Investigaciones Medioambientales del Atl\u00e1ntico, S.L."},"image":{"@id":"https:\/\/cimacanarias.com\/#\/schema\/logo\/image\/"}}]}},"_links":{"self":[{"href":"https:\/\/cimacanarias.com\/en\/wp-json\/wp\/v2\/pages\/888","targetHints":{"allow":["GET"]}}],"collection":[{"href":"https:\/\/cimacanarias.com\/en\/wp-json\/wp\/v2\/pages"}],"about":[{"href":"https:\/\/cimacanarias.com\/en\/wp-json\/wp\/v2\/types\/page"}],"author":[{"embeddable":true,"href":"https:\/\/cimacanarias.com\/en\/wp-json\/wp\/v2\/users\/9"}],"replies":[{"embeddable":true,"href":"https:\/\/cimacanarias.com\/en\/wp-json\/wp\/v2\/comments?post=888"}],"version-history":[{"count":6,"href":"https:\/\/cimacanarias.com\/en\/wp-json\/wp\/v2\/pages\/888\/revisions"}],"predecessor-version":[{"id":14142,"href":"https:\/\/cimacanarias.com\/en\/wp-json\/wp\/v2\/pages\/888\/revisions\/14142"}],"wp:attachment":[{"href":"https:\/\/cimacanarias.com\/en\/wp-json\/wp\/v2\/media?parent=888"}],"curies":[{"name":"wp","href":"https:\/\/api.w.org\/{rel}","templated":true}]}}