{"id":891,"date":"2020-07-09T12:59:57","date_gmt":"2020-07-09T12:59:57","guid":{"rendered":"http:\/\/cimacanarias.com\/?page_id=891"},"modified":"2025-05-18T20:54:51","modified_gmt":"2025-05-18T19:54:51","slug":"cosas-que-hacemos-en-cima-4-indicadores-de-contaminacion","status":"publish","type":"page","link":"https:\/\/cimacanarias.com\/en\/cosas-que-hacemos-en-cima-4-indicadores-de-contaminacion\/","title":{"rendered":"Things We Do At CIMA 4: Pollution Indicators"},"content":{"rendered":"<p align=\"justify\"><a href=\"https:\/\/cimacanarias.com\/wp-content\/uploads\/2020\/07\/cosas4.jpg\"><img loading=\"lazy\" decoding=\"async\" class=\"alignright wp-image-892\" src=\"https:\/\/cimacanarias.com\/wp-content\/uploads\/2020\/07\/cosas4.jpg\" alt=\"\" width=\"400\" height=\"400\" srcset=\"https:\/\/cimacanarias.com\/wp-content\/uploads\/2020\/07\/cosas4.jpg 550w, https:\/\/cimacanarias.com\/wp-content\/uploads\/2020\/07\/cosas4-300x300.jpg 300w, https:\/\/cimacanarias.com\/wp-content\/uploads\/2020\/07\/cosas4-150x150.jpg 150w\" sizes=\"auto, (max-width: 400px) 100vw, 400px\" \/><\/a>Desde CIMA (Centro de Investigaciones Medioambientales del Atl\u00e1ntico, S.L.), queremos mostrarte lo que hacemos tanto en nuestras oficinas, como fuera de ellas.<\/p>\n<p align=\"justify\">En esta p\u00e1gina podr\u00e1s encontrar una serie de peque\u00f1os v\u00eddeos llamados \u00abCosas que hacemos en CIMA\u00bb, que nos ayudar\u00e1n a exponer qu\u00e9 hacemos y c\u00f3mo lo hacemos. Todo ello para acercarte al mundo de la Biolog\u00eda marina y la Oceanograf\u00eda.<\/p>\n<p align=\"justify\"><strong>&#8211; \u00abCosas que hacemos en CIMA\u00bb #4: Indicadores de contaminaci\u00f3n<\/strong>:<\/p>\n<p align=\"justify\">Hoy hemos ido a recoger lapas. Pero no hemos ido como mariscadores, ni nos las vamos a poder comer :-(. En esta ocasi\u00f3n, con nuestros compa\u00f1eros y compa\u00f1eras de\u00a0<a href=\"http:\/\/www.indrops.es\/\" target=\"_blank\" rel=\"noopener noreferrer\"><strong>InDrops<\/strong><\/a>, vamos a analizar sus tejidos en busca de contaminantes. Para ello tenemos que separarlos de la concha. Los secamos y, una vez secos, los digerimos en\u00a0<a href=\"https:\/\/es.wikipedia.org\/wiki\/%C3%81cido_n%C3%ADtrico\" target=\"_blank\" rel=\"noopener noreferrer\"><strong>\u00e1cido n\u00edtrico<\/strong><\/a>\u00a0en un\u00a0<a href=\"https:\/\/sstti.ua.es\/es\/instrumentacion-cientifica\/unidad-de-analisis\/digestion-con-horno-microondas.html\" target=\"_blank\" rel=\"noopener noreferrer\"><strong>microondas<\/strong><\/a>.<\/p>\n<p align=\"justify\">Parte de este material digerido lo introducimos en un\u00a0<a href=\"https:\/\/es.wikipedia.org\/wiki\/ICP-MS\" target=\"_blank\" rel=\"noopener noreferrer\"><strong>ICP-MS<\/strong><\/a>\u00a0y medimos los\u00a0<a href=\"https:\/\/es.wikipedia.org\/wiki\/Metal_pesado\" target=\"_blank\" rel=\"noopener noreferrer\"><strong>metales pesados<\/strong><\/a>\u00a0que contiene.<\/p>\n<p align=\"justify\"><strong>\u00bfPara qu\u00e9 hacemos esto?<\/strong><\/p>\n<p align=\"justify\">Las lapas son organismos que comen las algas que tapizan las rocas y\u00a0<a href=\"http:\/\/rodrigoriera.blogspot.com.es\/2012\/10\/lapas-canarias.html\" target=\"_blank\" rel=\"noopener noreferrer\"><strong>no se suelen mover<\/strong><\/a>\u00a0demasiado de una zona concreta. De hecho, las lapas se mueven alrededor del sitio donde permanecen inm\u00f3viles durante la marea baja ya que necesitan agua marina para sobrevivir. Por esta raz\u00f3n, cuando la marea baja se \u201cpegan\u201d al sustrato y evitan desecarse. En los per\u00edodos de marea alta, donde la lapa se encuentra sumergida en el agua, se desplaza alrededor para ramonear las peque\u00f1as algas que tapizan las rocas. Uno de los hechos m\u00e1s sorprendentes es que las lapas se caracterizan por haber desarrollado lo que denominan los ingleses el fen\u00f3meno de \u201choming\u201d, es decir, las lapas vuelven a colocarse exactamente en la misma posici\u00f3n durante la marea baja. Si observamos de cerca el perfil de la concha de una lapa observaremos que crece acorde a las irregularidades del sustrato y su posici\u00f3n \u201cencaja\u201d perfectamente con el lugar donde se encuentra.<\/p>\n<p align=\"justify\">Analizar las diferentes poblaciones y determinar la acumulaci\u00f3n de metales pesados en sus tejidos, nos ayuda a conocer la calidad del agua y la contaminaci\u00f3n por este tipo de metales en esa zona concreta.<\/p>\n<p><iframe loading=\"lazy\" title=\"&quot;Cosas que hacemos en CIMA&quot; 4: Indicadores de contaminaci\u00f3n #CIMASL #CosasCIMASL\" width=\"780\" height=\"439\" src=\"https:\/\/www.youtube.com\/embed\/P3ebyYTTLAk?feature=oembed\" frameborder=\"0\" allow=\"accelerometer; autoplay; clipboard-write; encrypted-media; gyroscope; picture-in-picture; web-share\" referrerpolicy=\"strict-origin-when-cross-origin\" allowfullscreen><\/iframe><\/p>\n<center><\/center><center><\/center>\n\n<p align=\"justify\"><a href=\"https:\/\/cimacanarias.com\/wp-content\/uploads\/2020\/07\/cosas4.jpg\"><img loading=\"lazy\" decoding=\"async\" class=\"alignright wp-image-892\" src=\"https:\/\/cimacanarias.com\/wp-content\/uploads\/2020\/07\/cosas4.jpg\" alt=\"\" width=\"400\" height=\"400\" srcset=\"https:\/\/cimacanarias.com\/wp-content\/uploads\/2020\/07\/cosas4.jpg 550w, https:\/\/cimacanarias.com\/wp-content\/uploads\/2020\/07\/cosas4-300x300.jpg 300w, https:\/\/cimacanarias.com\/wp-content\/uploads\/2020\/07\/cosas4-150x150.jpg 150w\" sizes=\"auto, (max-width: 400px) 100vw, 400px\" \/><\/a>Desde CIMA (Centro de Investigaciones Medioambientales del Atl\u00e1ntico, S.L.), queremos mostrarte lo que hacemos tanto en nuestras oficinas, como fuera de ellas.<\/p>\n<p align=\"justify\">En esta p\u00e1gina podr\u00e1s encontrar una serie de peque\u00f1os v\u00eddeos llamados \u00abCosas que hacemos en CIMA\u00bb, que nos ayudar\u00e1n a exponer qu\u00e9 hacemos y c\u00f3mo lo hacemos. Todo ello para acercarte al mundo de la Biolog\u00eda marina y la Oceanograf\u00eda.<\/p>\n<p align=\"justify\"><strong>&#8211; \u00abCosas que hacemos en CIMA\u00bb #4: Indicadores de contaminaci\u00f3n<\/strong>:<\/p>\n<p align=\"justify\">Hoy hemos ido a recoger lapas. Pero no hemos ido como mariscadores, ni nos las vamos a poder comer :-(. En esta ocasi\u00f3n, con nuestros compa\u00f1eros y compa\u00f1eras de\u00a0<a href=\"http:\/\/www.indrops.es\/\" target=\"_blank\" rel=\"noopener noreferrer\"><strong>InDrops<\/strong><\/a>, vamos a analizar sus tejidos en busca de contaminantes. Para ello tenemos que separarlos de la concha. Los secamos y, una vez secos, los digerimos en\u00a0<a href=\"https:\/\/es.wikipedia.org\/wiki\/%C3%81cido_n%C3%ADtrico\" target=\"_blank\" rel=\"noopener noreferrer\"><strong>\u00e1cido n\u00edtrico<\/strong><\/a>\u00a0en un\u00a0<a href=\"https:\/\/sstti.ua.es\/es\/instrumentacion-cientifica\/unidad-de-analisis\/digestion-con-horno-microondas.html\" target=\"_blank\" rel=\"noopener noreferrer\"><strong>microondas<\/strong><\/a>.<\/p>\n<p align=\"justify\">Parte de este material digerido lo introducimos en un\u00a0<a href=\"https:\/\/es.wikipedia.org\/wiki\/ICP-MS\" target=\"_blank\" rel=\"noopener noreferrer\"><strong>ICP-MS<\/strong><\/a>\u00a0y medimos los\u00a0<a href=\"https:\/\/es.wikipedia.org\/wiki\/Metal_pesado\" target=\"_blank\" rel=\"noopener noreferrer\"><strong>metales pesados<\/strong><\/a>\u00a0que contiene.<\/p>\n<p align=\"justify\"><strong>\u00bfPara qu\u00e9 hacemos esto?<\/strong><\/p>\n<p align=\"justify\">Las lapas son organismos que comen las algas que tapizan las rocas y\u00a0<a href=\"http:\/\/rodrigoriera.blogspot.com.es\/2012\/10\/lapas-canarias.html\" target=\"_blank\" rel=\"noopener noreferrer\"><strong>no se suelen mover<\/strong><\/a>\u00a0demasiado de una zona concreta. De hecho, las lapas se mueven alrededor del sitio donde permanecen inm\u00f3viles durante la marea baja ya que necesitan agua marina para sobrevivir. Por esta raz\u00f3n, cuando la marea baja se \u201cpegan\u201d al sustrato y evitan desecarse. En los per\u00edodos de marea alta, donde la lapa se encuentra sumergida en el agua, se desplaza alrededor para ramonear las peque\u00f1as algas que tapizan las rocas. Uno de los hechos m\u00e1s sorprendentes es que las lapas se caracterizan por haber desarrollado lo que denominan los ingleses el fen\u00f3meno de \u201choming\u201d, es decir, las lapas vuelven a colocarse exactamente en la misma posici\u00f3n durante la marea baja. Si observamos de cerca el perfil de la concha de una lapa observaremos que crece acorde a las irregularidades del sustrato y su posici\u00f3n \u201cencaja\u201d perfectamente con el lugar donde se encuentra.<\/p>\n<p align=\"justify\">Analizar las diferentes poblaciones y determinar la acumulaci\u00f3n de metales pesados en sus tejidos, nos ayuda a conocer la calidad del agua y la contaminaci\u00f3n por este tipo de metales en esa zona concreta.<\/p>\n\n\n<style>\n  .video-es { display: block; }\n  .video-en { display: none; }\n\n  html[lang=\"en-GB\"] .video-es { display: none; }\n  html[lang=\"en-GB\"] .video-en { display: block; }\n\n.video-container {\n  display: flex;\n  justify-content: center;\n  align-items: center;    \n  padding: 20px;\n}\n\niframe {\n  width: 80vw; \n  aspect-ratio: 16\/9;\n  max-width: 100%;\n  border: none;\n}\n<\/style>\n\n<div class=\"video-container\">\n  <!-- Versi\u00f3n en Espa\u00f1ol -->\n  <iframe src=\"https:\/\/www.youtube.com\/embed\/ck5PLgHbYEg?si=oujSgdSd41O-ROaz\"\n          class=\"video-es\" allowfullscreen><\/iframe>\n  \n  <!-- Versi\u00f3n en Ingl\u00e9s -->\n  <iframe src=\"https:\/\/www.youtube.com\/embed\/jb-lZ7V8-P8?si=HiRMu02syIbCJeK_\" \n          class=\"video-en\" allowfullscreen><\/iframe>\n<\/div>\n\n<script>\nfunction cimaUpdateVideos() {\n  const lang = document.documentElement.lang;\n\n  const isEnglish = lang === 'en-GB';  \/\/ O aj\u00fastalo si usas 'en-US' u otro\n\n  const videoES = document.querySelector('.video-es');\n  const videoEN = document.querySelector('.video-en');\n\n  if (videoES && videoEN) {\n    videoES.style.setProperty('display', isEnglish ? 'none' : 'block', 'important');\n    videoEN.style.setProperty('display', isEnglish ? 'block' : 'none', 'important');\n  }\n}\n\ndocument.addEventListener('DOMContentLoaded', () => {\n  setTimeout(cimaUpdateVideos, 100);\n});\nwindow.addEventListener('trp_language_changed', () => {\n  setTimeout(cimaUpdateVideos, 100);\n});\n<\/script>\n\n\n\n<figure class=\"wp-block-image size-full is-resized\"><img loading=\"lazy\" decoding=\"async\" width=\"528\" height=\"72\" src=\"https:\/\/cimacanarias.com\/wp-content\/uploads\/2020\/09\/GobCanFSEp.png\" alt=\"Acci\u00f3n cofinanciada por la Consejer\u00eda de Econom\u00eda, Industria, Comercio y Conocimiento y el Fondo Social Europeo (FSE)\" class=\"wp-image-1221\" style=\"width:1140px;height:auto\" srcset=\"https:\/\/cimacanarias.com\/wp-content\/uploads\/2020\/09\/GobCanFSEp.png 528w, https:\/\/cimacanarias.com\/wp-content\/uploads\/2020\/09\/GobCanFSEp-300x41.png 300w\" sizes=\"auto, (max-width: 528px) 100vw, 528px\" \/><\/figure>\n\n\n","protected":false},"excerpt":{"rendered":"<p>Desde CIMA (Centro de Investigaciones Medioambientales del Atl\u00e1ntico, S.L.), queremos mostrarte lo que hacemos tanto en nuestras oficinas, como fuera [&hellip;]<\/p>\n","protected":false},"author":9,"featured_media":0,"parent":0,"menu_order":0,"comment_status":"closed","ping_status":"closed","template":"page-templates\/full-width.php","meta":{"footnotes":""},"class_list":["post-891","page","type-page","status-publish","hentry"],"yoast_head":"<!-- This site is optimized with the Yoast SEO plugin v27.3 - https:\/\/yoast.com\/product\/yoast-seo-wordpress\/ -->\n<title>Cosas que hacemos en CIMA 4: Indicadores de contaminaci\u00f3n - Centro de Investigaciones Medioambientales del Atl\u00e1ntico<\/title>\n<meta name=\"description\" content=\"Centro de Investigaciones Medioambientales del Atl\u00e1ntico, S.L. es una entidad privada especializada en el medio marino que desarrolla asistencias t\u00e9cnicas, proyectos de gesti\u00f3n, an\u00e1lisis e investigaciones marinas.\" \/>\n<meta name=\"robots\" content=\"index, follow, max-snippet:-1, max-image-preview:large, max-video-preview:-1\" \/>\n<link rel=\"canonical\" href=\"https:\/\/cimacanarias.com\/en\/cosas-que-hacemos-en-cima-4-indicadores-de-contaminacion\/\" \/>\n<meta property=\"og:locale\" content=\"en_GB\" \/>\n<meta property=\"og:type\" content=\"article\" \/>\n<meta property=\"og:title\" content=\"Cosas que hacemos en CIMA 4: Indicadores de contaminaci\u00f3n - Centro de Investigaciones Medioambientales del Atl\u00e1ntico\" \/>\n<meta property=\"og:description\" content=\"Centro de Investigaciones Medioambientales del Atl\u00e1ntico, S.L. es una entidad privada especializada en el medio marino que desarrolla asistencias t\u00e9cnicas, proyectos de gesti\u00f3n, an\u00e1lisis e investigaciones marinas.\" \/>\n<meta property=\"og:url\" content=\"https:\/\/cimacanarias.com\/en\/cosas-que-hacemos-en-cima-4-indicadores-de-contaminacion\/\" \/>\n<meta property=\"og:site_name\" content=\"Centro de Investigaciones Medioambientales del Atl\u00e1ntico\" \/>\n<meta property=\"article:modified_time\" content=\"2025-05-18T19:54:51+00:00\" \/>\n<meta property=\"og:image\" content=\"https:\/\/cimacanarias.com\/wp-content\/uploads\/2020\/07\/cosas4.jpg\" \/>\n\t<meta property=\"og:image:width\" content=\"550\" \/>\n\t<meta property=\"og:image:height\" content=\"550\" \/>\n\t<meta property=\"og:image:type\" content=\"image\/jpeg\" \/>\n<meta name=\"twitter:card\" content=\"summary_large_image\" \/>\n<meta name=\"twitter:label1\" content=\"Estimated reading time\" \/>\n\t<meta name=\"twitter:data1\" content=\"3 minutes\" \/>\n<script type=\"application\/ld+json\" class=\"yoast-schema-graph\">{\"@context\":\"https:\\\/\\\/schema.org\",\"@graph\":[{\"@type\":\"WebPage\",\"@id\":\"https:\\\/\\\/cimacanarias.com\\\/cosas-que-hacemos-en-cima-4-indicadores-de-contaminacion\\\/\",\"url\":\"https:\\\/\\\/cimacanarias.com\\\/cosas-que-hacemos-en-cima-4-indicadores-de-contaminacion\\\/\",\"name\":\"Cosas que hacemos en CIMA 4: Indicadores de contaminaci\u00f3n - Centro de Investigaciones Medioambientales del Atl\u00e1ntico\",\"isPartOf\":{\"@id\":\"https:\\\/\\\/cimacanarias.com\\\/#website\"},\"primaryImageOfPage\":{\"@id\":\"https:\\\/\\\/cimacanarias.com\\\/cosas-que-hacemos-en-cima-4-indicadores-de-contaminacion\\\/#primaryimage\"},\"image\":{\"@id\":\"https:\\\/\\\/cimacanarias.com\\\/cosas-que-hacemos-en-cima-4-indicadores-de-contaminacion\\\/#primaryimage\"},\"thumbnailUrl\":\"https:\\\/\\\/cimacanarias.com\\\/wp-content\\\/uploads\\\/2020\\\/07\\\/cosas4.jpg\",\"datePublished\":\"2020-07-09T12:59:57+00:00\",\"dateModified\":\"2025-05-18T19:54:51+00:00\",\"description\":\"Centro de Investigaciones Medioambientales del Atl\u00e1ntico, S.L. es una entidad privada especializada en el medio marino que desarrolla asistencias t\u00e9cnicas, proyectos de gesti\u00f3n, an\u00e1lisis e investigaciones marinas.\",\"breadcrumb\":{\"@id\":\"https:\\\/\\\/cimacanarias.com\\\/cosas-que-hacemos-en-cima-4-indicadores-de-contaminacion\\\/#breadcrumb\"},\"inLanguage\":\"en-GB\",\"potentialAction\":[{\"@type\":\"ReadAction\",\"target\":[\"https:\\\/\\\/cimacanarias.com\\\/cosas-que-hacemos-en-cima-4-indicadores-de-contaminacion\\\/\"]}]},{\"@type\":\"ImageObject\",\"inLanguage\":\"en-GB\",\"@id\":\"https:\\\/\\\/cimacanarias.com\\\/cosas-que-hacemos-en-cima-4-indicadores-de-contaminacion\\\/#primaryimage\",\"url\":\"https:\\\/\\\/cimacanarias.com\\\/wp-content\\\/uploads\\\/2020\\\/07\\\/cosas4.jpg\",\"contentUrl\":\"https:\\\/\\\/cimacanarias.com\\\/wp-content\\\/uploads\\\/2020\\\/07\\\/cosas4.jpg\"},{\"@type\":\"BreadcrumbList\",\"@id\":\"https:\\\/\\\/cimacanarias.com\\\/cosas-que-hacemos-en-cima-4-indicadores-de-contaminacion\\\/#breadcrumb\",\"itemListElement\":[{\"@type\":\"ListItem\",\"position\":1,\"name\":\"Portada\",\"item\":\"https:\\\/\\\/cimacanarias.com\\\/\"},{\"@type\":\"ListItem\",\"position\":2,\"name\":\"Cosas que hacemos en CIMA 4: Indicadores de contaminaci\u00f3n\"}]},{\"@type\":\"WebSite\",\"@id\":\"https:\\\/\\\/cimacanarias.com\\\/#website\",\"url\":\"https:\\\/\\\/cimacanarias.com\\\/\",\"name\":\"Centro de Investigaciones Medioambientales del Atl\u00e1ntico\",\"description\":\"Centro de Investigaciones Medioambientales del Atl\u00e1ntico, S.L. es una consultora ambiental especializada en el medio marino que desarrolla asistencias t\u00e9cnicas, proyectos de gesti\u00f3n, an\u00e1lisis e investigaciones marinas.\",\"publisher\":{\"@id\":\"https:\\\/\\\/cimacanarias.com\\\/#organization\"},\"potentialAction\":[{\"@type\":\"SearchAction\",\"target\":{\"@type\":\"EntryPoint\",\"urlTemplate\":\"https:\\\/\\\/cimacanarias.com\\\/?s={search_term_string}\"},\"query-input\":{\"@type\":\"PropertyValueSpecification\",\"valueRequired\":true,\"valueName\":\"search_term_string\"}}],\"inLanguage\":\"en-GB\"},{\"@type\":\"Organization\",\"@id\":\"https:\\\/\\\/cimacanarias.com\\\/#organization\",\"name\":\"Centro de Investigaciones Medioambientales del Atl\u00e1ntico, S.L.\",\"url\":\"https:\\\/\\\/cimacanarias.com\\\/\",\"logo\":{\"@type\":\"ImageObject\",\"inLanguage\":\"en-GB\",\"@id\":\"https:\\\/\\\/cimacanarias.com\\\/#\\\/schema\\\/logo\\\/image\\\/\",\"url\":\"https:\\\/\\\/cimacanarias.com\\\/wp-content\\\/uploads\\\/2020\\\/06\\\/logo.png\",\"contentUrl\":\"https:\\\/\\\/cimacanarias.com\\\/wp-content\\\/uploads\\\/2020\\\/06\\\/logo.png\",\"width\":227,\"height\":80,\"caption\":\"Centro de Investigaciones Medioambientales del Atl\u00e1ntico, S.L.\"},\"image\":{\"@id\":\"https:\\\/\\\/cimacanarias.com\\\/#\\\/schema\\\/logo\\\/image\\\/\"}}]}<\/script>\n<!-- \/ Yoast SEO plugin. -->","yoast_head_json":{"title":"Cosas que hacemos en CIMA 4: Indicadores de contaminaci\u00f3n - Centro de Investigaciones Medioambientales del Atl\u00e1ntico","description":"Centro de Investigaciones Medioambientales del Atl\u00e1ntico, S.L. es una entidad privada especializada en el medio marino que desarrolla asistencias t\u00e9cnicas, proyectos de gesti\u00f3n, an\u00e1lisis e investigaciones marinas.","robots":{"index":"index","follow":"follow","max-snippet":"max-snippet:-1","max-image-preview":"max-image-preview:large","max-video-preview":"max-video-preview:-1"},"canonical":"https:\/\/cimacanarias.com\/en\/cosas-que-hacemos-en-cima-4-indicadores-de-contaminacion\/","og_locale":"en_GB","og_type":"article","og_title":"Cosas que hacemos en CIMA 4: Indicadores de contaminaci\u00f3n - Centro de Investigaciones Medioambientales del Atl\u00e1ntico","og_description":"Centro de Investigaciones Medioambientales del Atl\u00e1ntico, S.L. es una entidad privada especializada en el medio marino que desarrolla asistencias t\u00e9cnicas, proyectos de gesti\u00f3n, an\u00e1lisis e investigaciones marinas.","og_url":"https:\/\/cimacanarias.com\/en\/cosas-que-hacemos-en-cima-4-indicadores-de-contaminacion\/","og_site_name":"Centro de Investigaciones Medioambientales del Atl\u00e1ntico","article_modified_time":"2025-05-18T19:54:51+00:00","og_image":[{"width":550,"height":550,"url":"https:\/\/cimacanarias.com\/wp-content\/uploads\/2020\/07\/cosas4.jpg","type":"image\/jpeg"}],"twitter_card":"summary_large_image","twitter_misc":{"Estimated reading time":"3 minutes"},"schema":{"@context":"https:\/\/schema.org","@graph":[{"@type":"WebPage","@id":"https:\/\/cimacanarias.com\/cosas-que-hacemos-en-cima-4-indicadores-de-contaminacion\/","url":"https:\/\/cimacanarias.com\/cosas-que-hacemos-en-cima-4-indicadores-de-contaminacion\/","name":"Cosas que hacemos en CIMA 4: Indicadores de contaminaci\u00f3n - Centro de Investigaciones Medioambientales del Atl\u00e1ntico","isPartOf":{"@id":"https:\/\/cimacanarias.com\/#website"},"primaryImageOfPage":{"@id":"https:\/\/cimacanarias.com\/cosas-que-hacemos-en-cima-4-indicadores-de-contaminacion\/#primaryimage"},"image":{"@id":"https:\/\/cimacanarias.com\/cosas-que-hacemos-en-cima-4-indicadores-de-contaminacion\/#primaryimage"},"thumbnailUrl":"https:\/\/cimacanarias.com\/wp-content\/uploads\/2020\/07\/cosas4.jpg","datePublished":"2020-07-09T12:59:57+00:00","dateModified":"2025-05-18T19:54:51+00:00","description":"Centro de Investigaciones Medioambientales del Atl\u00e1ntico, S.L. es una entidad privada especializada en el medio marino que desarrolla asistencias t\u00e9cnicas, proyectos de gesti\u00f3n, an\u00e1lisis e investigaciones marinas.","breadcrumb":{"@id":"https:\/\/cimacanarias.com\/cosas-que-hacemos-en-cima-4-indicadores-de-contaminacion\/#breadcrumb"},"inLanguage":"en-GB","potentialAction":[{"@type":"ReadAction","target":["https:\/\/cimacanarias.com\/cosas-que-hacemos-en-cima-4-indicadores-de-contaminacion\/"]}]},{"@type":"ImageObject","inLanguage":"en-GB","@id":"https:\/\/cimacanarias.com\/cosas-que-hacemos-en-cima-4-indicadores-de-contaminacion\/#primaryimage","url":"https:\/\/cimacanarias.com\/wp-content\/uploads\/2020\/07\/cosas4.jpg","contentUrl":"https:\/\/cimacanarias.com\/wp-content\/uploads\/2020\/07\/cosas4.jpg"},{"@type":"BreadcrumbList","@id":"https:\/\/cimacanarias.com\/cosas-que-hacemos-en-cima-4-indicadores-de-contaminacion\/#breadcrumb","itemListElement":[{"@type":"ListItem","position":1,"name":"Portada","item":"https:\/\/cimacanarias.com\/"},{"@type":"ListItem","position":2,"name":"Cosas que hacemos en CIMA 4: Indicadores de contaminaci\u00f3n"}]},{"@type":"WebSite","@id":"https:\/\/cimacanarias.com\/#website","url":"https:\/\/cimacanarias.com\/","name":"Atlantic Center for Environmental Research","description":"Centro de Investigaciones Medioambientales del Atl\u00e1ntico, S.L. es una consultora ambiental especializada en el medio marino que desarrolla asistencias t\u00e9cnicas, proyectos de gesti\u00f3n, an\u00e1lisis e investigaciones marinas.","publisher":{"@id":"https:\/\/cimacanarias.com\/#organization"},"potentialAction":[{"@type":"SearchAction","target":{"@type":"EntryPoint","urlTemplate":"https:\/\/cimacanarias.com\/?s={search_term_string}"},"query-input":{"@type":"PropertyValueSpecification","valueRequired":true,"valueName":"search_term_string"}}],"inLanguage":"en-GB"},{"@type":"Organization","@id":"https:\/\/cimacanarias.com\/#organization","name":"Centro de Investigaciones Medioambientales del Atl\u00e1ntico, S.L.","url":"https:\/\/cimacanarias.com\/","logo":{"@type":"ImageObject","inLanguage":"en-GB","@id":"https:\/\/cimacanarias.com\/#\/schema\/logo\/image\/","url":"https:\/\/cimacanarias.com\/wp-content\/uploads\/2020\/06\/logo.png","contentUrl":"https:\/\/cimacanarias.com\/wp-content\/uploads\/2020\/06\/logo.png","width":227,"height":80,"caption":"Centro de Investigaciones Medioambientales del Atl\u00e1ntico, S.L."},"image":{"@id":"https:\/\/cimacanarias.com\/#\/schema\/logo\/image\/"}}]}},"_links":{"self":[{"href":"https:\/\/cimacanarias.com\/en\/wp-json\/wp\/v2\/pages\/891","targetHints":{"allow":["GET"]}}],"collection":[{"href":"https:\/\/cimacanarias.com\/en\/wp-json\/wp\/v2\/pages"}],"about":[{"href":"https:\/\/cimacanarias.com\/en\/wp-json\/wp\/v2\/types\/page"}],"author":[{"embeddable":true,"href":"https:\/\/cimacanarias.com\/en\/wp-json\/wp\/v2\/users\/9"}],"replies":[{"embeddable":true,"href":"https:\/\/cimacanarias.com\/en\/wp-json\/wp\/v2\/comments?post=891"}],"version-history":[{"count":7,"href":"https:\/\/cimacanarias.com\/en\/wp-json\/wp\/v2\/pages\/891\/revisions"}],"predecessor-version":[{"id":14145,"href":"https:\/\/cimacanarias.com\/en\/wp-json\/wp\/v2\/pages\/891\/revisions\/14145"}],"wp:attachment":[{"href":"https:\/\/cimacanarias.com\/en\/wp-json\/wp\/v2\/media?parent=891"}],"curies":[{"name":"wp","href":"https:\/\/api.w.org\/{rel}","templated":true}]}}