{"id":928,"date":"2020-07-09T14:02:42","date_gmt":"2020-07-09T14:02:42","guid":{"rendered":"http:\/\/cimacanarias.com\/?page_id=928"},"modified":"2025-05-18T20:56:34","modified_gmt":"2025-05-18T19:56:34","slug":"cosas-que-hacemos-en-cima-13-divulgacion","status":"publish","type":"page","link":"https:\/\/cimacanarias.com\/en\/cosas-que-hacemos-en-cima-13-divulgacion\/","title":{"rendered":"Things We Do At CIMA 13: Science Outreach"},"content":{"rendered":"<p align=\"justify\"><a href=\"https:\/\/cimacanarias.com\/wp-content\/uploads\/2020\/07\/cosas13.jpg\"><img loading=\"lazy\" decoding=\"async\" class=\"alignright wp-image-931\" src=\"https:\/\/cimacanarias.com\/wp-content\/uploads\/2020\/07\/cosas13.jpg\" alt=\"\" width=\"400\" height=\"400\" srcset=\"https:\/\/cimacanarias.com\/wp-content\/uploads\/2020\/07\/cosas13.jpg 550w, https:\/\/cimacanarias.com\/wp-content\/uploads\/2020\/07\/cosas13-300x300.jpg 300w, https:\/\/cimacanarias.com\/wp-content\/uploads\/2020\/07\/cosas13-150x150.jpg 150w\" sizes=\"auto, (max-width: 400px) 100vw, 400px\" \/><\/a>Desde CIMA (Centro de Investigaciones Medioambientales del Atl\u00e1ntico, S.L.), queremos mostrarte lo que hacemos tanto en nuestras oficinas, como fuera de ellas.<\/p>\n<p align=\"justify\">En esta p\u00e1gina podr\u00e1s encontrar una serie de peque\u00f1os v\u00eddeos llamados \u00abCosas que hacemos en CIMA\u00bb, que nos ayudar\u00e1n a exponer qu\u00e9 hacemos y c\u00f3mo lo hacemos. Todo ello para acercarte al mundo de la Biolog\u00eda marina y la Oceanograf\u00eda.<\/p>\n<p align=\"justify\"><strong>&#8211; \u00abCosas que hacemos en CIMA\u00bb #13 Divulgaci\u00f3n<\/strong>:<\/p>\n<p align=\"justify\">Una de las actividades m\u00e1s nuevas que realizamos en CIMA es la\u00a0<a href=\"https:\/\/cimacanarias.com\/index.php\/srvicios\/129-formacion-divulgacion\" target=\"_blank\" rel=\"noopener noreferrer\"><strong>divulgaci\u00f3n<\/strong><\/a>. Nos parece muy importante que\u00a0<a href=\"https:\/\/cimacanarias.com\/index.php\/srvicios\" target=\"_blank\" rel=\"noopener noreferrer\"><strong>nuestra actividad<\/strong><\/a>, as\u00ed como las conclusiones a las que llegamos en nuestras investigaciones, lleguen al mayor n\u00famero de personas posible.<\/p>\n<p align=\"justify\">Para ello contamos con esta misma\u00a0<a href=\"https:\/\/cimacanarias.com\/\" target=\"_blank\" rel=\"noopener noreferrer\"><strong>p\u00e1gina web<\/strong><\/a> en la que escribimos sobre nuestros servicios, los proyectos que realizamos y los que llevan a cabo otros cient\u00edficos en el \u00e1mbito medioambiental y marino generalmente.<\/p>\n<p align=\"justify\">Como ves, tambi\u00e9n contamos con este proyecto espec\u00edfico de divulgaci\u00f3n en v\u00eddeo:\u00a0<strong>\u201cCosas que hacemos en CIMA\u201d<\/strong>, cuyos resultados hemos comentado en diferentes congresos de Comunicaci\u00f3n Cient\u00edfica:<\/p>\n<p align=\"justify\">&#8211;\u00a0<a href=\"https:\/\/cienciaenredes.com\/\" target=\"_blank\" rel=\"noopener noreferrer\"><strong>Ciencia en Redes<\/strong><\/a> (2018), un evento de Comunicaci\u00f3n Cient\u00edfica en redes sociales que organiza la <a href=\"https:\/\/www.aecomunicacioncientifica.org\/\" target=\"_blank\" rel=\"noopener noreferrer\"><strong>Asociaci\u00f3n Espa\u00f1ola de Comunicaci\u00f3n Cient\u00edfica<\/strong><\/a>\u00a0y la\u00a0<a href=\"https:\/\/obrasociallacaixa.org\/\" target=\"_blank\" rel=\"noopener noreferrer\"><strong>Obra Social \u201cLa Caixa\u201d\u00a0<\/strong><\/a>.<\/p>\n<p align=\"justify\">&#8211;\u00a0<a href=\"http:\/\/scicom.pt\/\" target=\"_blank\" rel=\"noopener noreferrer\"><strong>Congreso de la Red SciComPT | 2018 (Red de Comunicaci\u00f3n de la Ciencia y la Tecnolog\u00eda de Portugal)\u00a0<\/strong><\/a>, cuyo tema central fue\u00a0<strong>\u00abCi\u00eancia: Aberta \u00e0 Sociedade. Participa\u00e7\u00e3o e Inclus\u00e3o em Comunica\u00e7\u00e3o de Ci\u00eancia\u00bb<\/strong>.<\/p>\n<p align=\"justify\">&#8211; <a href=\"https:\/\/www.ubu.es\/agenda\/vii-congreso-de-comunicacion-social-de-la-ciencia\" target=\"_blank\" rel=\"noopener noreferrer\"><strong>VII Congreso de Comunicaci\u00f3n Social de la Ciencia<\/strong><\/a>, que organiz\u00f3 en 2019 la <a href=\"https:\/\/www.aecomunicacioncientifica.org\/\" target=\"_blank\" rel=\"noopener noreferrer\"><strong>Asociaci\u00f3n Espa\u00f1ola de Comunicaci\u00f3n Cient\u00edfica<\/strong><\/a> junto a la Universidad de Burgos.<\/p>\n<p align=\"justify\">Con este proyecto, que acaba de cumplir un a\u00f1o, queremos mostrarte qu\u00e9 hace una empresa como la nuestra tanto en auditor\u00edas ambientales en el medio marino, como en investigaciones de biolog\u00eda marina, oceanograf\u00eda, etc. Como solemos decir en estos congresos, \u201cvender ciencia\u201d no es nada f\u00e1cil y nos tenemos que esforzar ofreciendo contenidos interesantes, veraces y de calidad. Sabiendo que siempre se puede y debe mejorar, estamos muy contentos con este primer a\u00f1o de\u00a0<a href=\"https:\/\/cimacanarias.com\/index.php\/nosotros\/cosas-que-hacemos-en-cima\" target=\"_blank\" rel=\"noopener noreferrer\"><strong>\u201cCosas que hacemos en CIMA\u201d<\/strong><\/a>.<\/p>\n<p align=\"justify\">Por supuesto, todos estos v\u00eddeos est\u00e1n en la web y los compartimos a trav\u00e9s de nuestras cuentas en\u00a0<a href=\"https:\/\/www.facebook.com\/Centro.Investigaciones.Medioambientales.Atlantico\/\" target=\"_blank\" rel=\"noopener noreferrer\"><strong>Facebook<\/strong><\/a>,\u00a0<a href=\"https:\/\/twitter.com\/CIMA_SL\" target=\"_blank\" rel=\"noopener noreferrer\"><strong>Twitter<\/strong><\/a>,\u00a0<a href=\"https:\/\/www.instagram.com\/cima_com\/\" target=\"_blank\" rel=\"noopener noreferrer\"><strong>Instagram<\/strong><\/a>\u00a0y\u00a0<a href=\"https:\/\/www.youtube.com\/user\/cimacanarias\/videos\" target=\"_blank\" rel=\"noopener noreferrer\"><strong>Youtube<\/strong><\/a>\u00a0(donde est\u00e1n todos los v\u00eddeos) para poder llegar al mayor n\u00famero de personas posible.<\/p>\n<p align=\"justify\"><strong>\u00bfNos ayudas a difundirlo?\u00a0<a href=\"https:\/\/cimacanarias.com\/cosas-que-hacemos-en-cima\/\" target=\"_blank\" rel=\"noopener noreferrer\">\u00a1Mira la p\u00e1gina del proyecto!<\/a><\/strong><\/p>\n<center><\/center>\n\n\n<style>\n  .video-es { display: block; }\n  .video-en { display: none; }\n\n  html[lang=\"en-GB\"] .video-es { display: none; }\n  html[lang=\"en-GB\"] .video-en { display: block; }\n\n.video-container {\n  display: flex;\n  justify-content: center;\n  align-items: center;    \n  padding: 20px;\n}\n\niframe {\n  width: 80vw; \n  aspect-ratio: 16\/9;\n  max-width: 100%;\n  border: none;\n}\n<\/style>\n\n<div class=\"video-container\">\n  <!-- Versi\u00f3n en Espa\u00f1ol -->\n  <iframe src=\"https:\/\/www.youtube.com\/embed\/SI6qEDBrkJc?si=3_7QLh33TMw3siKr\" \n          class=\"video-es\" allowfullscreen><\/iframe>\n  \n  <!-- Versi\u00f3n en Ingl\u00e9s -->\n  <iframe src=\"https:\/\/www.youtube.com\/embed\/1ud5FkhRj8U?si=SqLeBMOlexV-3OxQ\" \n          class=\"video-en\" allowfullscreen><\/iframe>\n<\/div>\n\n<script>\nfunction cimaUpdateVideos() {\n  const lang = document.documentElement.lang;\n\n  const isEnglish = lang === 'en-GB';  \/\/ O aj\u00fastalo si usas 'en-US' u otro\n\n  const videoES = document.querySelector('.video-es');\n  const videoEN = document.querySelector('.video-en');\n\n  if (videoES && videoEN) {\n    videoES.style.setProperty('display', isEnglish ? 'none' : 'block', 'important');\n    videoEN.style.setProperty('display', isEnglish ? 'block' : 'none', 'important');\n  }\n}\n\ndocument.addEventListener('DOMContentLoaded', () => {\n  setTimeout(cimaUpdateVideos, 100);\n});\nwindow.addEventListener('trp_language_changed', () => {\n  setTimeout(cimaUpdateVideos, 100);\n});\n<\/script>\n\n\n<div class=\"wp-block-image\">\n<figure class=\"aligncenter size-full is-resized\"><img loading=\"lazy\" decoding=\"async\" width=\"528\" height=\"72\" src=\"https:\/\/cimacanarias.com\/wp-content\/uploads\/2020\/10\/GobCanFSEpB.jpg\" alt=\"\" class=\"wp-image-1296\" style=\"width:1140px;height:auto\"\/><\/figure>\n<\/div>","protected":false},"excerpt":{"rendered":"<p>Desde CIMA (Centro de Investigaciones Medioambientales del Atl\u00e1ntico, S.L.), queremos mostrarte lo que hacemos tanto en nuestras oficinas, como fuera [&hellip;]<\/p>\n","protected":false},"author":9,"featured_media":0,"parent":0,"menu_order":0,"comment_status":"closed","ping_status":"closed","template":"page-templates\/full-width.php","meta":{"footnotes":""},"class_list":["post-928","page","type-page","status-publish","hentry"],"yoast_head":"<!-- This site is optimized with the Yoast SEO plugin v27.3 - https:\/\/yoast.com\/product\/yoast-seo-wordpress\/ -->\n<title>Cosas que hacemos en CIMA 13: Divulgaci\u00f3n - Centro de Investigaciones Medioambientales del Atl\u00e1ntico<\/title>\n<meta name=\"description\" content=\"Centro de Investigaciones Medioambientales del Atl\u00e1ntico, S.L. es una entidad privada especializada en el medio marino que desarrolla asistencias t\u00e9cnicas, proyectos de gesti\u00f3n, an\u00e1lisis e investigaciones marinas.\" \/>\n<meta name=\"robots\" content=\"index, follow, max-snippet:-1, max-image-preview:large, max-video-preview:-1\" \/>\n<link rel=\"canonical\" href=\"https:\/\/cimacanarias.com\/en\/cosas-que-hacemos-en-cima-13-divulgacion\/\" \/>\n<meta property=\"og:locale\" content=\"en_GB\" \/>\n<meta property=\"og:type\" content=\"article\" \/>\n<meta property=\"og:title\" content=\"Cosas que hacemos en CIMA 13: Divulgaci\u00f3n - Centro de Investigaciones Medioambientales del Atl\u00e1ntico\" \/>\n<meta property=\"og:description\" content=\"Centro de Investigaciones Medioambientales del Atl\u00e1ntico, S.L. es una entidad privada especializada en el medio marino que desarrolla asistencias t\u00e9cnicas, proyectos de gesti\u00f3n, an\u00e1lisis e investigaciones marinas.\" \/>\n<meta property=\"og:url\" content=\"https:\/\/cimacanarias.com\/en\/cosas-que-hacemos-en-cima-13-divulgacion\/\" \/>\n<meta property=\"og:site_name\" content=\"Centro de Investigaciones Medioambientales del Atl\u00e1ntico\" \/>\n<meta property=\"article:modified_time\" content=\"2025-05-18T19:56:34+00:00\" \/>\n<meta property=\"og:image\" content=\"https:\/\/cimacanarias.com\/wp-content\/uploads\/2020\/07\/cosas13.jpg\" \/>\n\t<meta property=\"og:image:width\" content=\"550\" \/>\n\t<meta property=\"og:image:height\" content=\"550\" \/>\n\t<meta property=\"og:image:type\" content=\"image\/jpeg\" \/>\n<meta name=\"twitter:card\" content=\"summary_large_image\" \/>\n<meta name=\"twitter:label1\" content=\"Estimated reading time\" \/>\n\t<meta name=\"twitter:data1\" content=\"3 minutes\" \/>\n<script type=\"application\/ld+json\" class=\"yoast-schema-graph\">{\"@context\":\"https:\\\/\\\/schema.org\",\"@graph\":[{\"@type\":\"WebPage\",\"@id\":\"https:\\\/\\\/cimacanarias.com\\\/cosas-que-hacemos-en-cima-13-divulgacion\\\/\",\"url\":\"https:\\\/\\\/cimacanarias.com\\\/cosas-que-hacemos-en-cima-13-divulgacion\\\/\",\"name\":\"Cosas que hacemos en CIMA 13: Divulgaci\u00f3n - Centro de Investigaciones Medioambientales del Atl\u00e1ntico\",\"isPartOf\":{\"@id\":\"https:\\\/\\\/cimacanarias.com\\\/#website\"},\"primaryImageOfPage\":{\"@id\":\"https:\\\/\\\/cimacanarias.com\\\/cosas-que-hacemos-en-cima-13-divulgacion\\\/#primaryimage\"},\"image\":{\"@id\":\"https:\\\/\\\/cimacanarias.com\\\/cosas-que-hacemos-en-cima-13-divulgacion\\\/#primaryimage\"},\"thumbnailUrl\":\"https:\\\/\\\/cimacanarias.com\\\/wp-content\\\/uploads\\\/2020\\\/07\\\/cosas13.jpg\",\"datePublished\":\"2020-07-09T14:02:42+00:00\",\"dateModified\":\"2025-05-18T19:56:34+00:00\",\"description\":\"Centro de Investigaciones Medioambientales del Atl\u00e1ntico, S.L. es una entidad privada especializada en el medio marino que desarrolla asistencias t\u00e9cnicas, proyectos de gesti\u00f3n, an\u00e1lisis e investigaciones marinas.\",\"breadcrumb\":{\"@id\":\"https:\\\/\\\/cimacanarias.com\\\/cosas-que-hacemos-en-cima-13-divulgacion\\\/#breadcrumb\"},\"inLanguage\":\"en-GB\",\"potentialAction\":[{\"@type\":\"ReadAction\",\"target\":[\"https:\\\/\\\/cimacanarias.com\\\/cosas-que-hacemos-en-cima-13-divulgacion\\\/\"]}]},{\"@type\":\"ImageObject\",\"inLanguage\":\"en-GB\",\"@id\":\"https:\\\/\\\/cimacanarias.com\\\/cosas-que-hacemos-en-cima-13-divulgacion\\\/#primaryimage\",\"url\":\"https:\\\/\\\/cimacanarias.com\\\/wp-content\\\/uploads\\\/2020\\\/07\\\/cosas13.jpg\",\"contentUrl\":\"https:\\\/\\\/cimacanarias.com\\\/wp-content\\\/uploads\\\/2020\\\/07\\\/cosas13.jpg\"},{\"@type\":\"BreadcrumbList\",\"@id\":\"https:\\\/\\\/cimacanarias.com\\\/cosas-que-hacemos-en-cima-13-divulgacion\\\/#breadcrumb\",\"itemListElement\":[{\"@type\":\"ListItem\",\"position\":1,\"name\":\"Portada\",\"item\":\"https:\\\/\\\/cimacanarias.com\\\/\"},{\"@type\":\"ListItem\",\"position\":2,\"name\":\"Cosas que hacemos en CIMA 13: Divulgaci\u00f3n\"}]},{\"@type\":\"WebSite\",\"@id\":\"https:\\\/\\\/cimacanarias.com\\\/#website\",\"url\":\"https:\\\/\\\/cimacanarias.com\\\/\",\"name\":\"Centro de Investigaciones Medioambientales del Atl\u00e1ntico\",\"description\":\"Centro de Investigaciones Medioambientales del Atl\u00e1ntico, S.L. es una consultora ambiental especializada en el medio marino que desarrolla asistencias t\u00e9cnicas, proyectos de gesti\u00f3n, an\u00e1lisis e investigaciones marinas.\",\"publisher\":{\"@id\":\"https:\\\/\\\/cimacanarias.com\\\/#organization\"},\"potentialAction\":[{\"@type\":\"SearchAction\",\"target\":{\"@type\":\"EntryPoint\",\"urlTemplate\":\"https:\\\/\\\/cimacanarias.com\\\/?s={search_term_string}\"},\"query-input\":{\"@type\":\"PropertyValueSpecification\",\"valueRequired\":true,\"valueName\":\"search_term_string\"}}],\"inLanguage\":\"en-GB\"},{\"@type\":\"Organization\",\"@id\":\"https:\\\/\\\/cimacanarias.com\\\/#organization\",\"name\":\"Centro de Investigaciones Medioambientales del Atl\u00e1ntico, S.L.\",\"url\":\"https:\\\/\\\/cimacanarias.com\\\/\",\"logo\":{\"@type\":\"ImageObject\",\"inLanguage\":\"en-GB\",\"@id\":\"https:\\\/\\\/cimacanarias.com\\\/#\\\/schema\\\/logo\\\/image\\\/\",\"url\":\"https:\\\/\\\/cimacanarias.com\\\/wp-content\\\/uploads\\\/2020\\\/06\\\/logo.png\",\"contentUrl\":\"https:\\\/\\\/cimacanarias.com\\\/wp-content\\\/uploads\\\/2020\\\/06\\\/logo.png\",\"width\":227,\"height\":80,\"caption\":\"Centro de Investigaciones Medioambientales del Atl\u00e1ntico, S.L.\"},\"image\":{\"@id\":\"https:\\\/\\\/cimacanarias.com\\\/#\\\/schema\\\/logo\\\/image\\\/\"}}]}<\/script>\n<!-- \/ Yoast SEO plugin. -->","yoast_head_json":{"title":"Cosas que hacemos en CIMA 13: Divulgaci\u00f3n - Centro de Investigaciones Medioambientales del Atl\u00e1ntico","description":"Centro de Investigaciones Medioambientales del Atl\u00e1ntico, S.L. es una entidad privada especializada en el medio marino que desarrolla asistencias t\u00e9cnicas, proyectos de gesti\u00f3n, an\u00e1lisis e investigaciones marinas.","robots":{"index":"index","follow":"follow","max-snippet":"max-snippet:-1","max-image-preview":"max-image-preview:large","max-video-preview":"max-video-preview:-1"},"canonical":"https:\/\/cimacanarias.com\/en\/cosas-que-hacemos-en-cima-13-divulgacion\/","og_locale":"en_GB","og_type":"article","og_title":"Cosas que hacemos en CIMA 13: Divulgaci\u00f3n - Centro de Investigaciones Medioambientales del Atl\u00e1ntico","og_description":"Centro de Investigaciones Medioambientales del Atl\u00e1ntico, S.L. es una entidad privada especializada en el medio marino que desarrolla asistencias t\u00e9cnicas, proyectos de gesti\u00f3n, an\u00e1lisis e investigaciones marinas.","og_url":"https:\/\/cimacanarias.com\/en\/cosas-que-hacemos-en-cima-13-divulgacion\/","og_site_name":"Centro de Investigaciones Medioambientales del Atl\u00e1ntico","article_modified_time":"2025-05-18T19:56:34+00:00","og_image":[{"width":550,"height":550,"url":"https:\/\/cimacanarias.com\/wp-content\/uploads\/2020\/07\/cosas13.jpg","type":"image\/jpeg"}],"twitter_card":"summary_large_image","twitter_misc":{"Estimated reading time":"3 minutes"},"schema":{"@context":"https:\/\/schema.org","@graph":[{"@type":"WebPage","@id":"https:\/\/cimacanarias.com\/cosas-que-hacemos-en-cima-13-divulgacion\/","url":"https:\/\/cimacanarias.com\/cosas-que-hacemos-en-cima-13-divulgacion\/","name":"Cosas que hacemos en CIMA 13: Divulgaci\u00f3n - Centro de Investigaciones Medioambientales del Atl\u00e1ntico","isPartOf":{"@id":"https:\/\/cimacanarias.com\/#website"},"primaryImageOfPage":{"@id":"https:\/\/cimacanarias.com\/cosas-que-hacemos-en-cima-13-divulgacion\/#primaryimage"},"image":{"@id":"https:\/\/cimacanarias.com\/cosas-que-hacemos-en-cima-13-divulgacion\/#primaryimage"},"thumbnailUrl":"https:\/\/cimacanarias.com\/wp-content\/uploads\/2020\/07\/cosas13.jpg","datePublished":"2020-07-09T14:02:42+00:00","dateModified":"2025-05-18T19:56:34+00:00","description":"Centro de Investigaciones Medioambientales del Atl\u00e1ntico, S.L. es una entidad privada especializada en el medio marino que desarrolla asistencias t\u00e9cnicas, proyectos de gesti\u00f3n, an\u00e1lisis e investigaciones marinas.","breadcrumb":{"@id":"https:\/\/cimacanarias.com\/cosas-que-hacemos-en-cima-13-divulgacion\/#breadcrumb"},"inLanguage":"en-GB","potentialAction":[{"@type":"ReadAction","target":["https:\/\/cimacanarias.com\/cosas-que-hacemos-en-cima-13-divulgacion\/"]}]},{"@type":"ImageObject","inLanguage":"en-GB","@id":"https:\/\/cimacanarias.com\/cosas-que-hacemos-en-cima-13-divulgacion\/#primaryimage","url":"https:\/\/cimacanarias.com\/wp-content\/uploads\/2020\/07\/cosas13.jpg","contentUrl":"https:\/\/cimacanarias.com\/wp-content\/uploads\/2020\/07\/cosas13.jpg"},{"@type":"BreadcrumbList","@id":"https:\/\/cimacanarias.com\/cosas-que-hacemos-en-cima-13-divulgacion\/#breadcrumb","itemListElement":[{"@type":"ListItem","position":1,"name":"Portada","item":"https:\/\/cimacanarias.com\/"},{"@type":"ListItem","position":2,"name":"Cosas que hacemos en CIMA 13: Divulgaci\u00f3n"}]},{"@type":"WebSite","@id":"https:\/\/cimacanarias.com\/#website","url":"https:\/\/cimacanarias.com\/","name":"Atlantic Center for Environmental Research","description":"Centro de Investigaciones Medioambientales del Atl\u00e1ntico, S.L. es una consultora ambiental especializada en el medio marino que desarrolla asistencias t\u00e9cnicas, proyectos de gesti\u00f3n, an\u00e1lisis e investigaciones marinas.","publisher":{"@id":"https:\/\/cimacanarias.com\/#organization"},"potentialAction":[{"@type":"SearchAction","target":{"@type":"EntryPoint","urlTemplate":"https:\/\/cimacanarias.com\/?s={search_term_string}"},"query-input":{"@type":"PropertyValueSpecification","valueRequired":true,"valueName":"search_term_string"}}],"inLanguage":"en-GB"},{"@type":"Organization","@id":"https:\/\/cimacanarias.com\/#organization","name":"Centro de Investigaciones Medioambientales del Atl\u00e1ntico, S.L.","url":"https:\/\/cimacanarias.com\/","logo":{"@type":"ImageObject","inLanguage":"en-GB","@id":"https:\/\/cimacanarias.com\/#\/schema\/logo\/image\/","url":"https:\/\/cimacanarias.com\/wp-content\/uploads\/2020\/06\/logo.png","contentUrl":"https:\/\/cimacanarias.com\/wp-content\/uploads\/2020\/06\/logo.png","width":227,"height":80,"caption":"Centro de Investigaciones Medioambientales del Atl\u00e1ntico, S.L."},"image":{"@id":"https:\/\/cimacanarias.com\/#\/schema\/logo\/image\/"}}]}},"_links":{"self":[{"href":"https:\/\/cimacanarias.com\/en\/wp-json\/wp\/v2\/pages\/928","targetHints":{"allow":["GET"]}}],"collection":[{"href":"https:\/\/cimacanarias.com\/en\/wp-json\/wp\/v2\/pages"}],"about":[{"href":"https:\/\/cimacanarias.com\/en\/wp-json\/wp\/v2\/types\/page"}],"author":[{"embeddable":true,"href":"https:\/\/cimacanarias.com\/en\/wp-json\/wp\/v2\/users\/9"}],"replies":[{"embeddable":true,"href":"https:\/\/cimacanarias.com\/en\/wp-json\/wp\/v2\/comments?post=928"}],"version-history":[{"count":9,"href":"https:\/\/cimacanarias.com\/en\/wp-json\/wp\/v2\/pages\/928\/revisions"}],"predecessor-version":[{"id":14173,"href":"https:\/\/cimacanarias.com\/en\/wp-json\/wp\/v2\/pages\/928\/revisions\/14173"}],"wp:attachment":[{"href":"https:\/\/cimacanarias.com\/en\/wp-json\/wp\/v2\/media?parent=928"}],"curies":[{"name":"wp","href":"https:\/\/api.w.org\/{rel}","templated":true}]}}