{"id":933,"date":"2020-07-09T14:05:40","date_gmt":"2020-07-09T14:05:40","guid":{"rendered":"http:\/\/cimacanarias.com\/?page_id=933"},"modified":"2025-05-18T20:56:37","modified_gmt":"2025-05-18T19:56:37","slug":"cosas-que-hacemos-en-cima-14-analisis-microbiologicos","status":"publish","type":"page","link":"https:\/\/cimacanarias.com\/en\/cosas-que-hacemos-en-cima-14-analisis-microbiologicos\/","title":{"rendered":"Things We Do At CIMA 14: Microbiological Analysis"},"content":{"rendered":"<p align=\"justify\"><a href=\"https:\/\/cimacanarias.com\/wp-content\/uploads\/2020\/07\/cosas14.jpg\"><img loading=\"lazy\" decoding=\"async\" class=\"alignright wp-image-934\" src=\"https:\/\/cimacanarias.com\/wp-content\/uploads\/2020\/07\/cosas14.jpg\" alt=\"\" width=\"400\" height=\"400\" srcset=\"https:\/\/cimacanarias.com\/wp-content\/uploads\/2020\/07\/cosas14.jpg 550w, https:\/\/cimacanarias.com\/wp-content\/uploads\/2020\/07\/cosas14-300x300.jpg 300w, https:\/\/cimacanarias.com\/wp-content\/uploads\/2020\/07\/cosas14-150x150.jpg 150w\" sizes=\"auto, (max-width: 400px) 100vw, 400px\" \/><\/a>Desde CIMA (Centro de Investigaciones Medioambientales del Atl\u00e1ntico, S.L.), queremos mostrarte lo que hacemos tanto en nuestras oficinas, como fuera de ellas.<\/p>\n<p align=\"justify\">En esta p\u00e1gina podr\u00e1s encontrar una serie de peque\u00f1os v\u00eddeos llamados \u00abCosas que hacemos en CIMA\u00bb, que nos ayudar\u00e1n a exponer qu\u00e9 hacemos y c\u00f3mo lo hacemos. Todo ello para acercarte al mundo de la Biolog\u00eda marina y la Oceanograf\u00eda.<\/p>\n<p align=\"justify\"><strong>&#8211; \u00abCosas que hacemos en CIMA\u00bb #14 An\u00e1lisis microbiol\u00f3gicos<\/strong>:<\/p>\n<p align=\"justify\">Como has visto en el\u00a0<a href=\"https:\/\/cimacanarias.com\/index.php\/nosotros\/cosas-que-hacemos-en-cima\/6-caudalimetro\" target=\"_blank\" rel=\"noopener noreferrer\"><strong>v\u00eddeo sobre los caudal\u00edmetros<\/strong><\/a>, algunos de nuestros servicios est\u00e1n muy vinculados a las aguas residuales en general. Mediciones de caudal, niveles de contaminaci\u00f3n o comprobar la legalidad de las emisiones son algunos de estos servicios.<\/p>\n<p align=\"justify\">En este \u00faltimo sentido, una de nuestras labores es recoger muestras en diferentes puntos de la red para analizar diferentes par\u00e1metros. Algunos de ellos son an\u00e1lisis microbiol\u00f3gicos, con los que podemos saber la calidad de las aguas que se vierten.<\/p>\n<p align=\"justify\">Entre otros par\u00e1metros, solemos realizar un an\u00e1lisis\u00a0<a href=\"https:\/\/es.wikipedia.org\/wiki\/Bacteria\" target=\"_blank\" rel=\"noopener noreferrer\"><strong>bacteriol\u00f3gico<\/strong><\/a>\u00a0para medir la presencia y concentraci\u00f3n de bacterias perjudiciales para la salud, como las\u00a0<a href=\"https:\/\/es.wikipedia.org\/wiki\/Coliforme\" target=\"_blank\" rel=\"noopener noreferrer\"><strong>coliformes<\/strong><\/a>\u00a0y los\u00a0<a href=\"https:\/\/es.wikipedia.org\/wiki\/Enterococcus\" target=\"_blank\" rel=\"noopener noreferrer\"><strong>enterococos<\/strong><\/a>.<\/p>\n<p align=\"justify\">Para facilitar estas medidas contamos con una\u00a0<a href=\"https:\/\/www.idexx.es\/es\/water\/water-products-services\/quanti-tray-system\/\" target=\"_blank\" rel=\"noopener noreferrer\"><strong>Bolsa Quanti-Tray<\/strong><\/a>\u00a0que nos ayuda a realizar un recuento por el\u00a0<a href=\"https:\/\/es.wikipedia.org\/wiki\/N%C3%BAmero_m%C3%A1s_probable\" target=\"_blank\" rel=\"noopener noreferrer\"><strong>n\u00famero m\u00e1s probable (NMP)\u00a0<\/strong><\/a>de coliformes. Utilizamos el \u201cM\u00e9todo de diluci\u00f3n \u00fanica\u201d, que es una prueba dise\u00f1ada espec\u00edficamente para el recuento NMP de bacterias coliformes (indicadores de contaminaci\u00f3n fecal) a partir de muestras de agua y es aplicable a todo tipo de aguas destinadas al consumo humano.<\/p>\n<p align=\"justify\">La\u00a0<a href=\"https:\/\/www.idexx.es\/es\/water\/water-products-services\/colilert-18\/\" target=\"_blank\" rel=\"noopener noreferrer\"><strong>t\u00e9cnica Colilert-18<\/strong><\/a>\u00a0se basa en la Tecnolog\u00eda de Sustrato Definido \u23afDefined Substrate Technology (DST)\u23af patentada por la empresa\u00a0<a href=\"https:\/\/www.idexx.es\/es\/\" target=\"_blank\" rel=\"noopener noreferrer\"><strong>IDEXX<\/strong><\/a>, que permite detectar de forma simult\u00e1nea coliformes totales y\u00a0<a href=\"https:\/\/es.wikipedia.org\/wiki\/Escherichia_coli\" target=\"_blank\" rel=\"noopener noreferrer\"><strong>E. coli<\/strong><\/a>. El m\u00e9todo DST emplea nutrientes indicadores, es decir, reactivos que provocan cambios de coloraci\u00f3n en las muestras de agua sometidas a estudio:<\/p>\n<p align=\"justify\">&#8211; Coliformes totales:\u00a0<a href=\"https:\/\/es.wikipedia.org\/wiki\/Metabolismo\" target=\"_blank\" rel=\"noopener noreferrer\"><strong>metabolizan<\/strong><\/a>\u00a0el\u00a0<a href=\"https:\/\/www.condalab.com\/pdf\/ChromogenicMediaSpanish.pdf\" target=\"_blank\" rel=\"noopener noreferrer\"><strong>sustrato cromog\u00e9nico<\/strong><\/a>\u00a0y provocan un paso de coloraci\u00f3n de transparente a amarillo.<\/p>\n<p align=\"justify\">&#8211; Escherichia coli: estas bacterias tambi\u00e9n tienen capacidad de metabolizar los sustratos y, adem\u00e1s, metabolizan espec\u00edficamente un\u00a0<a href=\"http:\/\/diccionario.raing.es\/es\/lema\/sustrato-fluorog%C3%A9nico\" target=\"_blank\" rel=\"noopener noreferrer\"><strong>sustrato fluorog\u00e9nico<\/strong><\/a>, responsable de producir\u00a0<a href=\"https:\/\/es.wikipedia.org\/wiki\/Fluorescencia\" target=\"_blank\" rel=\"noopener noreferrer\"><strong>fluorescencia<\/strong><\/a>.<\/p>\n<p align=\"justify\">Gracias a estas celdas con reactivos podemos ver por un lado la presencia de coliformes totales y, por otro lado, podemos diferenciar las celdas con E. Coli, que se ilumina bajo luz ultravioleta. Tambi\u00e9n usamos este mismo tipo de celdas, con otros reactivos, para la detecci\u00f3n de enterococos intestinales.<\/p>\n<p align=\"justify\">Si las concentraciones de este tipo de bacterias exceden los l\u00edmites saludables avisamos a los responsables para que act\u00faen r\u00e1pidamente.<\/p>\n\n\n<style>\n  .video-es { display: block; }\n  .video-en { display: none; }\n\n  html[lang=\"en-GB\"] .video-es { display: none; }\n  html[lang=\"en-GB\"] .video-en { display: block; }\n\n.video-container {\n  display: flex;\n  justify-content: center;\n  align-items: center;    \n  padding: 20px;\n}\n\niframe {\n  width: 80vw; \n  aspect-ratio: 16\/9;\n  max-width: 100%;\n  border: none;\n}\n<\/style>\n\n<div class=\"video-container\">\n  <!-- Versi\u00f3n en Espa\u00f1ol -->\n  <iframe src=\"https:\/\/www.youtube.com\/embed\/Bt6xw1mAZl4?si=UDOnWFR6xsbotRDe\" \n          class=\"video-es\" allowfullscreen><\/iframe>\n  \n  <!-- Versi\u00f3n en Ingl\u00e9s -->\n  <iframe src=\"https:\/\/www.youtube.com\/embed\/lfh2nqyWmnM?si=GvXIzBgsETR8WLIx\" \n          class=\"video-en\" allowfullscreen><\/iframe>\n<\/div>\n\n<script>\nfunction cimaUpdateVideos() {\n  const lang = document.documentElement.lang;\n\n  const isEnglish = lang === 'en-GB';  \/\/ O aj\u00fastalo si usas 'en-US' u otro\n\n  const videoES = document.querySelector('.video-es');\n  const videoEN = document.querySelector('.video-en');\n\n  if (videoES && videoEN) {\n    videoES.style.setProperty('display', isEnglish ? 'none' : 'block', 'important');\n    videoEN.style.setProperty('display', isEnglish ? 'block' : 'none', 'important');\n  }\n}\n\ndocument.addEventListener('DOMContentLoaded', () => {\n  setTimeout(cimaUpdateVideos, 100);\n});\nwindow.addEventListener('trp_language_changed', () => {\n  setTimeout(cimaUpdateVideos, 100);\n});\n<\/script>\n\n\n<div class=\"wp-block-image\">\n<figure class=\"aligncenter size-full is-resized\"><img loading=\"lazy\" decoding=\"async\" width=\"528\" height=\"72\" src=\"https:\/\/cimacanarias.com\/wp-content\/uploads\/2020\/10\/GobCanFSEpB.jpg\" alt=\"\" class=\"wp-image-1296\" style=\"width:1140px;height:auto\"\/><\/figure>\n<\/div>","protected":false},"excerpt":{"rendered":"<p>Desde CIMA (Centro de Investigaciones Medioambientales del Atl\u00e1ntico, S.L.), queremos mostrarte lo que hacemos tanto en nuestras oficinas, como fuera [&hellip;]<\/p>\n","protected":false},"author":9,"featured_media":0,"parent":0,"menu_order":0,"comment_status":"closed","ping_status":"closed","template":"page-templates\/full-width.php","meta":{"footnotes":""},"class_list":["post-933","page","type-page","status-publish","hentry"],"yoast_head":"<!-- This site is optimized with the Yoast SEO plugin v27.3 - https:\/\/yoast.com\/product\/yoast-seo-wordpress\/ -->\n<title>Cosas que hacemos en CIMA 14: An\u00e1lisis microbiol\u00f3gicos - Centro de Investigaciones Medioambientales del Atl\u00e1ntico<\/title>\n<meta name=\"description\" content=\"Centro de Investigaciones Medioambientales del Atl\u00e1ntico, S.L. es una entidad privada especializada en el medio marino que desarrolla asistencias t\u00e9cnicas, proyectos de gesti\u00f3n, an\u00e1lisis e investigaciones marinas.\" \/>\n<meta name=\"robots\" content=\"index, follow, max-snippet:-1, max-image-preview:large, max-video-preview:-1\" \/>\n<link rel=\"canonical\" href=\"https:\/\/cimacanarias.com\/en\/cosas-que-hacemos-en-cima-14-analisis-microbiologicos\/\" \/>\n<meta property=\"og:locale\" content=\"en_GB\" \/>\n<meta property=\"og:type\" content=\"article\" \/>\n<meta property=\"og:title\" content=\"Cosas que hacemos en CIMA 14: An\u00e1lisis microbiol\u00f3gicos - Centro de Investigaciones Medioambientales del Atl\u00e1ntico\" \/>\n<meta property=\"og:description\" content=\"Centro de Investigaciones Medioambientales del Atl\u00e1ntico, S.L. es una entidad privada especializada en el medio marino que desarrolla asistencias t\u00e9cnicas, proyectos de gesti\u00f3n, an\u00e1lisis e investigaciones marinas.\" \/>\n<meta property=\"og:url\" content=\"https:\/\/cimacanarias.com\/en\/cosas-que-hacemos-en-cima-14-analisis-microbiologicos\/\" \/>\n<meta property=\"og:site_name\" content=\"Centro de Investigaciones Medioambientales del Atl\u00e1ntico\" \/>\n<meta property=\"article:modified_time\" content=\"2025-05-18T19:56:37+00:00\" \/>\n<meta property=\"og:image\" content=\"https:\/\/cimacanarias.com\/wp-content\/uploads\/2020\/07\/cosas14.jpg\" \/>\n\t<meta property=\"og:image:width\" content=\"550\" \/>\n\t<meta property=\"og:image:height\" content=\"550\" \/>\n\t<meta property=\"og:image:type\" content=\"image\/jpeg\" \/>\n<meta name=\"twitter:card\" content=\"summary_large_image\" \/>\n<meta name=\"twitter:label1\" content=\"Estimated reading time\" \/>\n\t<meta name=\"twitter:data1\" content=\"3 minutes\" \/>\n<script type=\"application\/ld+json\" class=\"yoast-schema-graph\">{\"@context\":\"https:\\\/\\\/schema.org\",\"@graph\":[{\"@type\":\"WebPage\",\"@id\":\"https:\\\/\\\/cimacanarias.com\\\/cosas-que-hacemos-en-cima-14-analisis-microbiologicos\\\/\",\"url\":\"https:\\\/\\\/cimacanarias.com\\\/cosas-que-hacemos-en-cima-14-analisis-microbiologicos\\\/\",\"name\":\"Cosas que hacemos en CIMA 14: An\u00e1lisis microbiol\u00f3gicos - Centro de Investigaciones Medioambientales del Atl\u00e1ntico\",\"isPartOf\":{\"@id\":\"https:\\\/\\\/cimacanarias.com\\\/#website\"},\"primaryImageOfPage\":{\"@id\":\"https:\\\/\\\/cimacanarias.com\\\/cosas-que-hacemos-en-cima-14-analisis-microbiologicos\\\/#primaryimage\"},\"image\":{\"@id\":\"https:\\\/\\\/cimacanarias.com\\\/cosas-que-hacemos-en-cima-14-analisis-microbiologicos\\\/#primaryimage\"},\"thumbnailUrl\":\"https:\\\/\\\/cimacanarias.com\\\/wp-content\\\/uploads\\\/2020\\\/07\\\/cosas14.jpg\",\"datePublished\":\"2020-07-09T14:05:40+00:00\",\"dateModified\":\"2025-05-18T19:56:37+00:00\",\"description\":\"Centro de Investigaciones Medioambientales del Atl\u00e1ntico, S.L. es una entidad privada especializada en el medio marino que desarrolla asistencias t\u00e9cnicas, proyectos de gesti\u00f3n, an\u00e1lisis e investigaciones marinas.\",\"breadcrumb\":{\"@id\":\"https:\\\/\\\/cimacanarias.com\\\/cosas-que-hacemos-en-cima-14-analisis-microbiologicos\\\/#breadcrumb\"},\"inLanguage\":\"en-GB\",\"potentialAction\":[{\"@type\":\"ReadAction\",\"target\":[\"https:\\\/\\\/cimacanarias.com\\\/cosas-que-hacemos-en-cima-14-analisis-microbiologicos\\\/\"]}]},{\"@type\":\"ImageObject\",\"inLanguage\":\"en-GB\",\"@id\":\"https:\\\/\\\/cimacanarias.com\\\/cosas-que-hacemos-en-cima-14-analisis-microbiologicos\\\/#primaryimage\",\"url\":\"https:\\\/\\\/cimacanarias.com\\\/wp-content\\\/uploads\\\/2020\\\/07\\\/cosas14.jpg\",\"contentUrl\":\"https:\\\/\\\/cimacanarias.com\\\/wp-content\\\/uploads\\\/2020\\\/07\\\/cosas14.jpg\"},{\"@type\":\"BreadcrumbList\",\"@id\":\"https:\\\/\\\/cimacanarias.com\\\/cosas-que-hacemos-en-cima-14-analisis-microbiologicos\\\/#breadcrumb\",\"itemListElement\":[{\"@type\":\"ListItem\",\"position\":1,\"name\":\"Portada\",\"item\":\"https:\\\/\\\/cimacanarias.com\\\/\"},{\"@type\":\"ListItem\",\"position\":2,\"name\":\"Cosas que hacemos en CIMA 14: An\u00e1lisis microbiol\u00f3gicos\"}]},{\"@type\":\"WebSite\",\"@id\":\"https:\\\/\\\/cimacanarias.com\\\/#website\",\"url\":\"https:\\\/\\\/cimacanarias.com\\\/\",\"name\":\"Centro de Investigaciones Medioambientales del Atl\u00e1ntico\",\"description\":\"Centro de Investigaciones Medioambientales del Atl\u00e1ntico, S.L. es una consultora ambiental especializada en el medio marino que desarrolla asistencias t\u00e9cnicas, proyectos de gesti\u00f3n, an\u00e1lisis e investigaciones marinas.\",\"publisher\":{\"@id\":\"https:\\\/\\\/cimacanarias.com\\\/#organization\"},\"potentialAction\":[{\"@type\":\"SearchAction\",\"target\":{\"@type\":\"EntryPoint\",\"urlTemplate\":\"https:\\\/\\\/cimacanarias.com\\\/?s={search_term_string}\"},\"query-input\":{\"@type\":\"PropertyValueSpecification\",\"valueRequired\":true,\"valueName\":\"search_term_string\"}}],\"inLanguage\":\"en-GB\"},{\"@type\":\"Organization\",\"@id\":\"https:\\\/\\\/cimacanarias.com\\\/#organization\",\"name\":\"Centro de Investigaciones Medioambientales del Atl\u00e1ntico, S.L.\",\"url\":\"https:\\\/\\\/cimacanarias.com\\\/\",\"logo\":{\"@type\":\"ImageObject\",\"inLanguage\":\"en-GB\",\"@id\":\"https:\\\/\\\/cimacanarias.com\\\/#\\\/schema\\\/logo\\\/image\\\/\",\"url\":\"https:\\\/\\\/cimacanarias.com\\\/wp-content\\\/uploads\\\/2020\\\/06\\\/logo.png\",\"contentUrl\":\"https:\\\/\\\/cimacanarias.com\\\/wp-content\\\/uploads\\\/2020\\\/06\\\/logo.png\",\"width\":227,\"height\":80,\"caption\":\"Centro de Investigaciones Medioambientales del Atl\u00e1ntico, S.L.\"},\"image\":{\"@id\":\"https:\\\/\\\/cimacanarias.com\\\/#\\\/schema\\\/logo\\\/image\\\/\"}}]}<\/script>\n<!-- \/ Yoast SEO plugin. -->","yoast_head_json":{"title":"Cosas que hacemos en CIMA 14: An\u00e1lisis microbiol\u00f3gicos - Centro de Investigaciones Medioambientales del Atl\u00e1ntico","description":"Centro de Investigaciones Medioambientales del Atl\u00e1ntico, S.L. es una entidad privada especializada en el medio marino que desarrolla asistencias t\u00e9cnicas, proyectos de gesti\u00f3n, an\u00e1lisis e investigaciones marinas.","robots":{"index":"index","follow":"follow","max-snippet":"max-snippet:-1","max-image-preview":"max-image-preview:large","max-video-preview":"max-video-preview:-1"},"canonical":"https:\/\/cimacanarias.com\/en\/cosas-que-hacemos-en-cima-14-analisis-microbiologicos\/","og_locale":"en_GB","og_type":"article","og_title":"Cosas que hacemos en CIMA 14: An\u00e1lisis microbiol\u00f3gicos - Centro de Investigaciones Medioambientales del Atl\u00e1ntico","og_description":"Centro de Investigaciones Medioambientales del Atl\u00e1ntico, S.L. es una entidad privada especializada en el medio marino que desarrolla asistencias t\u00e9cnicas, proyectos de gesti\u00f3n, an\u00e1lisis e investigaciones marinas.","og_url":"https:\/\/cimacanarias.com\/en\/cosas-que-hacemos-en-cima-14-analisis-microbiologicos\/","og_site_name":"Centro de Investigaciones Medioambientales del Atl\u00e1ntico","article_modified_time":"2025-05-18T19:56:37+00:00","og_image":[{"width":550,"height":550,"url":"https:\/\/cimacanarias.com\/wp-content\/uploads\/2020\/07\/cosas14.jpg","type":"image\/jpeg"}],"twitter_card":"summary_large_image","twitter_misc":{"Estimated reading time":"3 minutes"},"schema":{"@context":"https:\/\/schema.org","@graph":[{"@type":"WebPage","@id":"https:\/\/cimacanarias.com\/cosas-que-hacemos-en-cima-14-analisis-microbiologicos\/","url":"https:\/\/cimacanarias.com\/cosas-que-hacemos-en-cima-14-analisis-microbiologicos\/","name":"Cosas que hacemos en CIMA 14: An\u00e1lisis microbiol\u00f3gicos - Centro de Investigaciones Medioambientales del Atl\u00e1ntico","isPartOf":{"@id":"https:\/\/cimacanarias.com\/#website"},"primaryImageOfPage":{"@id":"https:\/\/cimacanarias.com\/cosas-que-hacemos-en-cima-14-analisis-microbiologicos\/#primaryimage"},"image":{"@id":"https:\/\/cimacanarias.com\/cosas-que-hacemos-en-cima-14-analisis-microbiologicos\/#primaryimage"},"thumbnailUrl":"https:\/\/cimacanarias.com\/wp-content\/uploads\/2020\/07\/cosas14.jpg","datePublished":"2020-07-09T14:05:40+00:00","dateModified":"2025-05-18T19:56:37+00:00","description":"Centro de Investigaciones Medioambientales del Atl\u00e1ntico, S.L. es una entidad privada especializada en el medio marino que desarrolla asistencias t\u00e9cnicas, proyectos de gesti\u00f3n, an\u00e1lisis e investigaciones marinas.","breadcrumb":{"@id":"https:\/\/cimacanarias.com\/cosas-que-hacemos-en-cima-14-analisis-microbiologicos\/#breadcrumb"},"inLanguage":"en-GB","potentialAction":[{"@type":"ReadAction","target":["https:\/\/cimacanarias.com\/cosas-que-hacemos-en-cima-14-analisis-microbiologicos\/"]}]},{"@type":"ImageObject","inLanguage":"en-GB","@id":"https:\/\/cimacanarias.com\/cosas-que-hacemos-en-cima-14-analisis-microbiologicos\/#primaryimage","url":"https:\/\/cimacanarias.com\/wp-content\/uploads\/2020\/07\/cosas14.jpg","contentUrl":"https:\/\/cimacanarias.com\/wp-content\/uploads\/2020\/07\/cosas14.jpg"},{"@type":"BreadcrumbList","@id":"https:\/\/cimacanarias.com\/cosas-que-hacemos-en-cima-14-analisis-microbiologicos\/#breadcrumb","itemListElement":[{"@type":"ListItem","position":1,"name":"Portada","item":"https:\/\/cimacanarias.com\/"},{"@type":"ListItem","position":2,"name":"Cosas que hacemos en CIMA 14: An\u00e1lisis microbiol\u00f3gicos"}]},{"@type":"WebSite","@id":"https:\/\/cimacanarias.com\/#website","url":"https:\/\/cimacanarias.com\/","name":"Atlantic Center for Environmental Research","description":"Centro de Investigaciones Medioambientales del Atl\u00e1ntico, S.L. es una consultora ambiental especializada en el medio marino que desarrolla asistencias t\u00e9cnicas, proyectos de gesti\u00f3n, an\u00e1lisis e investigaciones marinas.","publisher":{"@id":"https:\/\/cimacanarias.com\/#organization"},"potentialAction":[{"@type":"SearchAction","target":{"@type":"EntryPoint","urlTemplate":"https:\/\/cimacanarias.com\/?s={search_term_string}"},"query-input":{"@type":"PropertyValueSpecification","valueRequired":true,"valueName":"search_term_string"}}],"inLanguage":"en-GB"},{"@type":"Organization","@id":"https:\/\/cimacanarias.com\/#organization","name":"Centro de Investigaciones Medioambientales del Atl\u00e1ntico, S.L.","url":"https:\/\/cimacanarias.com\/","logo":{"@type":"ImageObject","inLanguage":"en-GB","@id":"https:\/\/cimacanarias.com\/#\/schema\/logo\/image\/","url":"https:\/\/cimacanarias.com\/wp-content\/uploads\/2020\/06\/logo.png","contentUrl":"https:\/\/cimacanarias.com\/wp-content\/uploads\/2020\/06\/logo.png","width":227,"height":80,"caption":"Centro de Investigaciones Medioambientales del Atl\u00e1ntico, S.L."},"image":{"@id":"https:\/\/cimacanarias.com\/#\/schema\/logo\/image\/"}}]}},"_links":{"self":[{"href":"https:\/\/cimacanarias.com\/en\/wp-json\/wp\/v2\/pages\/933","targetHints":{"allow":["GET"]}}],"collection":[{"href":"https:\/\/cimacanarias.com\/en\/wp-json\/wp\/v2\/pages"}],"about":[{"href":"https:\/\/cimacanarias.com\/en\/wp-json\/wp\/v2\/types\/page"}],"author":[{"embeddable":true,"href":"https:\/\/cimacanarias.com\/en\/wp-json\/wp\/v2\/users\/9"}],"replies":[{"embeddable":true,"href":"https:\/\/cimacanarias.com\/en\/wp-json\/wp\/v2\/comments?post=933"}],"version-history":[{"count":5,"href":"https:\/\/cimacanarias.com\/en\/wp-json\/wp\/v2\/pages\/933\/revisions"}],"predecessor-version":[{"id":14175,"href":"https:\/\/cimacanarias.com\/en\/wp-json\/wp\/v2\/pages\/933\/revisions\/14175"}],"wp:attachment":[{"href":"https:\/\/cimacanarias.com\/en\/wp-json\/wp\/v2\/media?parent=933"}],"curies":[{"name":"wp","href":"https:\/\/api.w.org\/{rel}","templated":true}]}}