{"id":944,"date":"2020-07-09T14:32:54","date_gmt":"2020-07-09T14:32:54","guid":{"rendered":"http:\/\/cimacanarias.com\/?page_id=944"},"modified":"2025-05-18T20:56:46","modified_gmt":"2025-05-18T19:56:46","slug":"cosas-que-hacemos-en-cima-17-analisis-de-aguas-de-consumo","status":"publish","type":"page","link":"https:\/\/cimacanarias.com\/en\/cosas-que-hacemos-en-cima-17-analisis-de-aguas-de-consumo\/","title":{"rendered":"Things We Do At CIMA 17: Drinking Water Analysis"},"content":{"rendered":"<p align=\"justify\"><a href=\"https:\/\/cimacanarias.com\/wp-content\/uploads\/2020\/07\/cosas17.jpg\"><img loading=\"lazy\" decoding=\"async\" class=\"alignright wp-image-945\" src=\"https:\/\/cimacanarias.com\/wp-content\/uploads\/2020\/07\/cosas17.jpg\" alt=\"\" width=\"400\" height=\"400\" srcset=\"https:\/\/cimacanarias.com\/wp-content\/uploads\/2020\/07\/cosas17.jpg 550w, https:\/\/cimacanarias.com\/wp-content\/uploads\/2020\/07\/cosas17-300x300.jpg 300w, https:\/\/cimacanarias.com\/wp-content\/uploads\/2020\/07\/cosas17-150x150.jpg 150w\" sizes=\"auto, (max-width: 400px) 100vw, 400px\" \/><\/a>Desde CIMA (Centro de Investigaciones Medioambientales del Atl\u00e1ntico, S.L.), queremos mostrarte lo que hacemos tanto en nuestras oficinas, como fuera de ellas.<\/p>\n<p align=\"justify\">En esta p\u00e1gina podr\u00e1s encontrar una serie de peque\u00f1os v\u00eddeos llamados \u00abCosas que hacemos en CIMA\u00bb, que nos ayudar\u00e1n a exponer qu\u00e9 hacemos y c\u00f3mo lo hacemos. Todo ello para acercarte al mundo de la Biolog\u00eda marina y la Oceanograf\u00eda.<\/p>\n<p align=\"justify\"><strong>&#8211; \u00abCosas que hacemos en CIMA\u00bb #17 An\u00e1lisis de aguas de consumo<\/strong>:<\/p>\n<p align=\"justify\">Como has podido ver en\u00a0<a href=\"https:\/\/cimacanarias.com\/index.php\/nosotros\/cosas-que-hacemos-en-cima\" target=\"_blank\" rel=\"noopener noreferrer\"><strong>v\u00eddeos anteriores<\/strong><\/a>, algunos de nuestros servicios est\u00e1n muy vinculados a las\u00a0<a href=\"https:\/\/cimacanarias.com\/index.php\/nosotros\/cosas-que-hacemos-en-cima\/6-caudalimetro\" target=\"_blank\" rel=\"noopener noreferrer\"><strong>aguas residuales<\/strong><\/a>\u00a0en general. Pero tambi\u00e9n nos ocupamos del agua potable que consumes en casa, fuentes p\u00fablicas, hosteler\u00eda, etc.<\/p>\n<p align=\"justify\">Peri\u00f3dicamente tomamos muestras de\u00a0<a href=\"https:\/\/www.mscbs.gob.es\/profesionales\/saludPublica\/saludAmbLaboral\/calidadAguas\/consumoHumano.htm\" target=\"_blank\" rel=\"noopener noreferrer\"><strong>aguas de consumo<\/strong><\/a>\u00a0para su an\u00e1lisis en nuestro laboratorio. Todos esos datos obtenidos de los an\u00e1lisis son recogidos, almacenados e interpretados. Cualquier incumplimiento de cualquiera de los par\u00e1metros analizados (es decir, su concentraci\u00f3n es mayor que la establecida) debe ser confirmado, por lo que se volver\u00e1 a tomar una muestra de agua antes de las 24 horas de haberse detectado y se notificar\u00e1 a la autoridad sanitaria. Un incumplimiento obliga a una investigaci\u00f3n de la causa que lo origin\u00f3, y a la garant\u00eda de que se apliquen lo antes posible las medidas correctoras y preventivas para la protecci\u00f3n de la salud de la poblaci\u00f3n abastecida.<\/p>\n<p align=\"justify\">Los par\u00e1metros que se suelen controlar para el grifo del consumidor son, al menos: olor, sabor, color, turbidez,\u00a0<a href=\"https:\/\/es.wikipedia.org\/wiki\/Conductividad_(electrol%C3%ADtica)\" target=\"_blank\" rel=\"noopener noreferrer\"><strong>conductividad<\/strong><\/a>,\u00a0<a href=\"https:\/\/es.wikipedia.org\/wiki\/PH\" target=\"_blank\" rel=\"noopener noreferrer\"><strong>pH<\/strong><\/a>,\u00a0<a href=\"https:\/\/es.wikipedia.org\/wiki\/Amonio\" target=\"_blank\" rel=\"noopener noreferrer\"><strong>amonio<\/strong><\/a>,\u00a0<a href=\"https:\/\/es.wikipedia.org\/wiki\/Coliforme\" target=\"_blank\" rel=\"noopener noreferrer\"><strong>bacterias coliformes<\/strong><\/a>,\u00a0<a href=\"https:\/\/es.wikipedia.org\/wiki\/Escherichia_coli\" target=\"_blank\" rel=\"noopener noreferrer\"><strong>E. Coli<\/strong><\/a>, cobre, cromo, n\u00edquel, hierro, plomo,\u00a0<a href=\"https:\/\/www.ambientum.com\/enciclopedia_medioambiental\/aguas\/determinacion_del_cloro_residual.asp\" target=\"_blank\" rel=\"noopener noreferrer\"><strong>cloro libre residual<\/strong><\/a>\u00a0y\u00a0<a href=\"https:\/\/es.wikipedia.org\/wiki\/Cloramina\" target=\"_blank\" rel=\"noopener noreferrer\"><strong>cloro combinado residual<\/strong><\/a>. Al tomar la muestra medimos pH, conductividad y cloro. El mismo d\u00eda son transportadas hasta el laboratorio en frascos est\u00e9riles y en contenedores isotermos refrigerados, para evitar su degradaci\u00f3n. Una vez en nuestro laboratorio, analizamos el resto de los par\u00e1metros: olor, sabor, color, turbidez, microbiolog\u00eda, etc.<\/p>\n<p align=\"justify\">La calidad del agua se determina comparando las caracter\u00edsticas f\u00edsicas y qu\u00edmicas de una muestra de agua con unas directrices de calidad del agua o est\u00e1ndares. En el caso del agua potable, estas normas se establecen para asegurar un suministro de agua saludable para el consumo humano y, de este modo, proteger la salud de las personas. Estas normas se basan en unos\u00a0<a href=\"https:\/\/alkemi.es\/blog\/indices-de-toxicidad-que-son-y-para-que-sirven\/\" target=\"_blank\" rel=\"noopener noreferrer\"><strong>niveles de toxicidad<\/strong><\/a>\u00a0aceptables tanto para las personas como para los organismos acu\u00e1ticos.<\/p>\n<p align=\"justify\">La calidad de las aguas de consumo est\u00e1 regulada en todos los pa\u00edses de la UE por la\u00a0<a href=\"https:\/\/eur-lex.europa.eu\/legal-content\/ES\/TXT\/PDF\/?uri=CELEX:01998L0083-20151027&amp;from=EL\" target=\"_blank\" rel=\"noopener noreferrer\"><strong>Directiva 98\/83\/CE<\/strong><\/a>. Y en Espa\u00f1a se articula a trav\u00e9s del\u00a0<a href=\"https:\/\/www.boe.es\/buscar\/pdf\/2003\/BOE-A-2003-3596-consolidado.pdf\" target=\"_blank\" rel=\"noopener noreferrer\"><strong>Real Decreto 140\/2003<\/strong><\/a>.<\/p>\n\n\n<style>\n  .video-es { display: block; }\n  .video-en { display: none; }\n\n  html[lang=\"en-GB\"] .video-es { display: none; }\n  html[lang=\"en-GB\"] .video-en { display: block; }\n\n.video-container {\n  display: flex;\n  justify-content: center;\n  align-items: center;    \n  padding: 20px;\n}\n\niframe {\n  width: 80vw; \n  aspect-ratio: 16\/9;\n  max-width: 100%;\n  border: none;\n}\n<\/style>\n\n<div class=\"video-container\">\n  <!-- Versi\u00f3n en Espa\u00f1ol -->\n  <iframe src=\"https:\/\/www.youtube.com\/embed\/D95APO0scsc?si=e7INOVPg9oT1Jhyq\" \n          class=\"video-es\" allowfullscreen><\/iframe>\n  \n  <!-- Versi\u00f3n en Ingl\u00e9s -->\n  <iframe src=\"https:\/\/www.youtube.com\/embed\/6kmnaaSAg9k?si=yUmOf5_-auAqdD7S\" \n          class=\"video-en\" allowfullscreen><\/iframe>\n<\/div>\n\n<script>\nfunction cimaUpdateVideos() {\n  const lang = document.documentElement.lang;\n\n  const isEnglish = lang === 'en-GB';  \/\/ O aj\u00fastalo si usas 'en-US' u otro\n\n  const videoES = document.querySelector('.video-es');\n  const videoEN = document.querySelector('.video-en');\n\n  if (videoES && videoEN) {\n    videoES.style.setProperty('display', isEnglish ? 'none' : 'block', 'important');\n    videoEN.style.setProperty('display', isEnglish ? 'block' : 'none', 'important');\n  }\n}\n\ndocument.addEventListener('DOMContentLoaded', () => {\n  setTimeout(cimaUpdateVideos, 100);\n});\nwindow.addEventListener('trp_language_changed', () => {\n  setTimeout(cimaUpdateVideos, 100);\n});\n<\/script>\n\n\n<div class=\"wp-block-image\">\n<figure class=\"aligncenter size-full is-resized\"><img loading=\"lazy\" decoding=\"async\" width=\"528\" height=\"72\" src=\"https:\/\/cimacanarias.com\/wp-content\/uploads\/2020\/10\/GobCanFSEpB.jpg\" alt=\"\" class=\"wp-image-1296\" style=\"width:1140px;height:auto\"\/><\/figure>\n<\/div>","protected":false},"excerpt":{"rendered":"<p>Desde CIMA (Centro de Investigaciones Medioambientales del Atl\u00e1ntico, S.L.), queremos mostrarte lo que hacemos tanto en nuestras oficinas, como fuera [&hellip;]<\/p>\n","protected":false},"author":9,"featured_media":0,"parent":0,"menu_order":0,"comment_status":"closed","ping_status":"closed","template":"page-templates\/full-width.php","meta":{"footnotes":""},"class_list":["post-944","page","type-page","status-publish","hentry"],"yoast_head":"<!-- This site is optimized with the Yoast SEO plugin v27.3 - https:\/\/yoast.com\/product\/yoast-seo-wordpress\/ -->\n<title>Cosas que hacemos en CIMA 17: An\u00e1lisis de aguas de consumo - Centro de Investigaciones Medioambientales del Atl\u00e1ntico<\/title>\n<meta name=\"description\" content=\"Centro de Investigaciones Medioambientales del Atl\u00e1ntico, S.L. es una entidad privada especializada en el medio marino que desarrolla asistencias t\u00e9cnicas, proyectos de gesti\u00f3n, an\u00e1lisis e investigaciones marinas.\" \/>\n<meta name=\"robots\" content=\"index, follow, max-snippet:-1, max-image-preview:large, max-video-preview:-1\" \/>\n<link rel=\"canonical\" href=\"https:\/\/cimacanarias.com\/en\/cosas-que-hacemos-en-cima-17-analisis-de-aguas-de-consumo\/\" \/>\n<meta property=\"og:locale\" content=\"en_GB\" \/>\n<meta property=\"og:type\" content=\"article\" \/>\n<meta property=\"og:title\" content=\"Cosas que hacemos en CIMA 17: An\u00e1lisis de aguas de consumo - Centro de Investigaciones Medioambientales del Atl\u00e1ntico\" \/>\n<meta property=\"og:description\" content=\"Centro de Investigaciones Medioambientales del Atl\u00e1ntico, S.L. es una entidad privada especializada en el medio marino que desarrolla asistencias t\u00e9cnicas, proyectos de gesti\u00f3n, an\u00e1lisis e investigaciones marinas.\" \/>\n<meta property=\"og:url\" content=\"https:\/\/cimacanarias.com\/en\/cosas-que-hacemos-en-cima-17-analisis-de-aguas-de-consumo\/\" \/>\n<meta property=\"og:site_name\" content=\"Centro de Investigaciones Medioambientales del Atl\u00e1ntico\" \/>\n<meta property=\"article:modified_time\" content=\"2025-05-18T19:56:46+00:00\" \/>\n<meta property=\"og:image\" content=\"https:\/\/cimacanarias.com\/wp-content\/uploads\/2020\/07\/cosas17.jpg\" \/>\n\t<meta property=\"og:image:width\" content=\"550\" \/>\n\t<meta property=\"og:image:height\" content=\"550\" \/>\n\t<meta property=\"og:image:type\" content=\"image\/jpeg\" \/>\n<meta name=\"twitter:card\" content=\"summary_large_image\" \/>\n<meta name=\"twitter:label1\" content=\"Estimated reading time\" \/>\n\t<meta name=\"twitter:data1\" content=\"3 minutes\" \/>\n<script type=\"application\/ld+json\" class=\"yoast-schema-graph\">{\"@context\":\"https:\\\/\\\/schema.org\",\"@graph\":[{\"@type\":\"WebPage\",\"@id\":\"https:\\\/\\\/cimacanarias.com\\\/cosas-que-hacemos-en-cima-17-analisis-de-aguas-de-consumo\\\/\",\"url\":\"https:\\\/\\\/cimacanarias.com\\\/cosas-que-hacemos-en-cima-17-analisis-de-aguas-de-consumo\\\/\",\"name\":\"Cosas que hacemos en CIMA 17: An\u00e1lisis de aguas de consumo - Centro de Investigaciones Medioambientales del Atl\u00e1ntico\",\"isPartOf\":{\"@id\":\"https:\\\/\\\/cimacanarias.com\\\/#website\"},\"primaryImageOfPage\":{\"@id\":\"https:\\\/\\\/cimacanarias.com\\\/cosas-que-hacemos-en-cima-17-analisis-de-aguas-de-consumo\\\/#primaryimage\"},\"image\":{\"@id\":\"https:\\\/\\\/cimacanarias.com\\\/cosas-que-hacemos-en-cima-17-analisis-de-aguas-de-consumo\\\/#primaryimage\"},\"thumbnailUrl\":\"https:\\\/\\\/cimacanarias.com\\\/wp-content\\\/uploads\\\/2020\\\/07\\\/cosas17.jpg\",\"datePublished\":\"2020-07-09T14:32:54+00:00\",\"dateModified\":\"2025-05-18T19:56:46+00:00\",\"description\":\"Centro de Investigaciones Medioambientales del Atl\u00e1ntico, S.L. es una entidad privada especializada en el medio marino que desarrolla asistencias t\u00e9cnicas, proyectos de gesti\u00f3n, an\u00e1lisis e investigaciones marinas.\",\"breadcrumb\":{\"@id\":\"https:\\\/\\\/cimacanarias.com\\\/cosas-que-hacemos-en-cima-17-analisis-de-aguas-de-consumo\\\/#breadcrumb\"},\"inLanguage\":\"en-GB\",\"potentialAction\":[{\"@type\":\"ReadAction\",\"target\":[\"https:\\\/\\\/cimacanarias.com\\\/cosas-que-hacemos-en-cima-17-analisis-de-aguas-de-consumo\\\/\"]}]},{\"@type\":\"ImageObject\",\"inLanguage\":\"en-GB\",\"@id\":\"https:\\\/\\\/cimacanarias.com\\\/cosas-que-hacemos-en-cima-17-analisis-de-aguas-de-consumo\\\/#primaryimage\",\"url\":\"https:\\\/\\\/cimacanarias.com\\\/wp-content\\\/uploads\\\/2020\\\/07\\\/cosas17.jpg\",\"contentUrl\":\"https:\\\/\\\/cimacanarias.com\\\/wp-content\\\/uploads\\\/2020\\\/07\\\/cosas17.jpg\"},{\"@type\":\"BreadcrumbList\",\"@id\":\"https:\\\/\\\/cimacanarias.com\\\/cosas-que-hacemos-en-cima-17-analisis-de-aguas-de-consumo\\\/#breadcrumb\",\"itemListElement\":[{\"@type\":\"ListItem\",\"position\":1,\"name\":\"Portada\",\"item\":\"https:\\\/\\\/cimacanarias.com\\\/\"},{\"@type\":\"ListItem\",\"position\":2,\"name\":\"Cosas que hacemos en CIMA 17: An\u00e1lisis de aguas de consumo\"}]},{\"@type\":\"WebSite\",\"@id\":\"https:\\\/\\\/cimacanarias.com\\\/#website\",\"url\":\"https:\\\/\\\/cimacanarias.com\\\/\",\"name\":\"Centro de Investigaciones Medioambientales del Atl\u00e1ntico\",\"description\":\"Centro de Investigaciones Medioambientales del Atl\u00e1ntico, S.L. es una consultora ambiental especializada en el medio marino que desarrolla asistencias t\u00e9cnicas, proyectos de gesti\u00f3n, an\u00e1lisis e investigaciones marinas.\",\"publisher\":{\"@id\":\"https:\\\/\\\/cimacanarias.com\\\/#organization\"},\"potentialAction\":[{\"@type\":\"SearchAction\",\"target\":{\"@type\":\"EntryPoint\",\"urlTemplate\":\"https:\\\/\\\/cimacanarias.com\\\/?s={search_term_string}\"},\"query-input\":{\"@type\":\"PropertyValueSpecification\",\"valueRequired\":true,\"valueName\":\"search_term_string\"}}],\"inLanguage\":\"en-GB\"},{\"@type\":\"Organization\",\"@id\":\"https:\\\/\\\/cimacanarias.com\\\/#organization\",\"name\":\"Centro de Investigaciones Medioambientales del Atl\u00e1ntico, S.L.\",\"url\":\"https:\\\/\\\/cimacanarias.com\\\/\",\"logo\":{\"@type\":\"ImageObject\",\"inLanguage\":\"en-GB\",\"@id\":\"https:\\\/\\\/cimacanarias.com\\\/#\\\/schema\\\/logo\\\/image\\\/\",\"url\":\"https:\\\/\\\/cimacanarias.com\\\/wp-content\\\/uploads\\\/2020\\\/06\\\/logo.png\",\"contentUrl\":\"https:\\\/\\\/cimacanarias.com\\\/wp-content\\\/uploads\\\/2020\\\/06\\\/logo.png\",\"width\":227,\"height\":80,\"caption\":\"Centro de Investigaciones Medioambientales del Atl\u00e1ntico, S.L.\"},\"image\":{\"@id\":\"https:\\\/\\\/cimacanarias.com\\\/#\\\/schema\\\/logo\\\/image\\\/\"}}]}<\/script>\n<!-- \/ Yoast SEO plugin. -->","yoast_head_json":{"title":"Cosas que hacemos en CIMA 17: An\u00e1lisis de aguas de consumo - Centro de Investigaciones Medioambientales del Atl\u00e1ntico","description":"Centro de Investigaciones Medioambientales del Atl\u00e1ntico, S.L. es una entidad privada especializada en el medio marino que desarrolla asistencias t\u00e9cnicas, proyectos de gesti\u00f3n, an\u00e1lisis e investigaciones marinas.","robots":{"index":"index","follow":"follow","max-snippet":"max-snippet:-1","max-image-preview":"max-image-preview:large","max-video-preview":"max-video-preview:-1"},"canonical":"https:\/\/cimacanarias.com\/en\/cosas-que-hacemos-en-cima-17-analisis-de-aguas-de-consumo\/","og_locale":"en_GB","og_type":"article","og_title":"Cosas que hacemos en CIMA 17: An\u00e1lisis de aguas de consumo - Centro de Investigaciones Medioambientales del Atl\u00e1ntico","og_description":"Centro de Investigaciones Medioambientales del Atl\u00e1ntico, S.L. es una entidad privada especializada en el medio marino que desarrolla asistencias t\u00e9cnicas, proyectos de gesti\u00f3n, an\u00e1lisis e investigaciones marinas.","og_url":"https:\/\/cimacanarias.com\/en\/cosas-que-hacemos-en-cima-17-analisis-de-aguas-de-consumo\/","og_site_name":"Centro de Investigaciones Medioambientales del Atl\u00e1ntico","article_modified_time":"2025-05-18T19:56:46+00:00","og_image":[{"width":550,"height":550,"url":"https:\/\/cimacanarias.com\/wp-content\/uploads\/2020\/07\/cosas17.jpg","type":"image\/jpeg"}],"twitter_card":"summary_large_image","twitter_misc":{"Estimated reading time":"3 minutes"},"schema":{"@context":"https:\/\/schema.org","@graph":[{"@type":"WebPage","@id":"https:\/\/cimacanarias.com\/cosas-que-hacemos-en-cima-17-analisis-de-aguas-de-consumo\/","url":"https:\/\/cimacanarias.com\/cosas-que-hacemos-en-cima-17-analisis-de-aguas-de-consumo\/","name":"Cosas que hacemos en CIMA 17: An\u00e1lisis de aguas de consumo - Centro de Investigaciones Medioambientales del Atl\u00e1ntico","isPartOf":{"@id":"https:\/\/cimacanarias.com\/#website"},"primaryImageOfPage":{"@id":"https:\/\/cimacanarias.com\/cosas-que-hacemos-en-cima-17-analisis-de-aguas-de-consumo\/#primaryimage"},"image":{"@id":"https:\/\/cimacanarias.com\/cosas-que-hacemos-en-cima-17-analisis-de-aguas-de-consumo\/#primaryimage"},"thumbnailUrl":"https:\/\/cimacanarias.com\/wp-content\/uploads\/2020\/07\/cosas17.jpg","datePublished":"2020-07-09T14:32:54+00:00","dateModified":"2025-05-18T19:56:46+00:00","description":"Centro de Investigaciones Medioambientales del Atl\u00e1ntico, S.L. es una entidad privada especializada en el medio marino que desarrolla asistencias t\u00e9cnicas, proyectos de gesti\u00f3n, an\u00e1lisis e investigaciones marinas.","breadcrumb":{"@id":"https:\/\/cimacanarias.com\/cosas-que-hacemos-en-cima-17-analisis-de-aguas-de-consumo\/#breadcrumb"},"inLanguage":"en-GB","potentialAction":[{"@type":"ReadAction","target":["https:\/\/cimacanarias.com\/cosas-que-hacemos-en-cima-17-analisis-de-aguas-de-consumo\/"]}]},{"@type":"ImageObject","inLanguage":"en-GB","@id":"https:\/\/cimacanarias.com\/cosas-que-hacemos-en-cima-17-analisis-de-aguas-de-consumo\/#primaryimage","url":"https:\/\/cimacanarias.com\/wp-content\/uploads\/2020\/07\/cosas17.jpg","contentUrl":"https:\/\/cimacanarias.com\/wp-content\/uploads\/2020\/07\/cosas17.jpg"},{"@type":"BreadcrumbList","@id":"https:\/\/cimacanarias.com\/cosas-que-hacemos-en-cima-17-analisis-de-aguas-de-consumo\/#breadcrumb","itemListElement":[{"@type":"ListItem","position":1,"name":"Portada","item":"https:\/\/cimacanarias.com\/"},{"@type":"ListItem","position":2,"name":"Cosas que hacemos en CIMA 17: An\u00e1lisis de aguas de consumo"}]},{"@type":"WebSite","@id":"https:\/\/cimacanarias.com\/#website","url":"https:\/\/cimacanarias.com\/","name":"Atlantic Center for Environmental Research","description":"Centro de Investigaciones Medioambientales del Atl\u00e1ntico, S.L. es una consultora ambiental especializada en el medio marino que desarrolla asistencias t\u00e9cnicas, proyectos de gesti\u00f3n, an\u00e1lisis e investigaciones marinas.","publisher":{"@id":"https:\/\/cimacanarias.com\/#organization"},"potentialAction":[{"@type":"SearchAction","target":{"@type":"EntryPoint","urlTemplate":"https:\/\/cimacanarias.com\/?s={search_term_string}"},"query-input":{"@type":"PropertyValueSpecification","valueRequired":true,"valueName":"search_term_string"}}],"inLanguage":"en-GB"},{"@type":"Organization","@id":"https:\/\/cimacanarias.com\/#organization","name":"Centro de Investigaciones Medioambientales del Atl\u00e1ntico, S.L.","url":"https:\/\/cimacanarias.com\/","logo":{"@type":"ImageObject","inLanguage":"en-GB","@id":"https:\/\/cimacanarias.com\/#\/schema\/logo\/image\/","url":"https:\/\/cimacanarias.com\/wp-content\/uploads\/2020\/06\/logo.png","contentUrl":"https:\/\/cimacanarias.com\/wp-content\/uploads\/2020\/06\/logo.png","width":227,"height":80,"caption":"Centro de Investigaciones Medioambientales del Atl\u00e1ntico, S.L."},"image":{"@id":"https:\/\/cimacanarias.com\/#\/schema\/logo\/image\/"}}]}},"_links":{"self":[{"href":"https:\/\/cimacanarias.com\/en\/wp-json\/wp\/v2\/pages\/944","targetHints":{"allow":["GET"]}}],"collection":[{"href":"https:\/\/cimacanarias.com\/en\/wp-json\/wp\/v2\/pages"}],"about":[{"href":"https:\/\/cimacanarias.com\/en\/wp-json\/wp\/v2\/types\/page"}],"author":[{"embeddable":true,"href":"https:\/\/cimacanarias.com\/en\/wp-json\/wp\/v2\/users\/9"}],"replies":[{"embeddable":true,"href":"https:\/\/cimacanarias.com\/en\/wp-json\/wp\/v2\/comments?post=944"}],"version-history":[{"count":5,"href":"https:\/\/cimacanarias.com\/en\/wp-json\/wp\/v2\/pages\/944\/revisions"}],"predecessor-version":[{"id":14181,"href":"https:\/\/cimacanarias.com\/en\/wp-json\/wp\/v2\/pages\/944\/revisions\/14181"}],"wp:attachment":[{"href":"https:\/\/cimacanarias.com\/en\/wp-json\/wp\/v2\/media?parent=944"}],"curies":[{"name":"wp","href":"https:\/\/api.w.org\/{rel}","templated":true}]}}