{"id":956,"date":"2020-07-09T14:38:35","date_gmt":"2020-07-09T14:38:35","guid":{"rendered":"http:\/\/cimacanarias.com\/?page_id=956"},"modified":"2025-05-18T20:56:59","modified_gmt":"2025-05-18T19:56:59","slug":"cosas-que-hacemos-en-cima-21-investigacion","status":"publish","type":"page","link":"https:\/\/cimacanarias.com\/en\/cosas-que-hacemos-en-cima-21-investigacion\/","title":{"rendered":"Things We Do At CIMA 21: Research"},"content":{"rendered":"<p align=\"justify\"><a href=\"https:\/\/cimacanarias.com\/wp-content\/uploads\/2020\/07\/cosas21.jpg\"><img loading=\"lazy\" decoding=\"async\" class=\"alignright wp-image-957\" src=\"https:\/\/cimacanarias.com\/wp-content\/uploads\/2020\/07\/cosas21.jpg\" alt=\"\" width=\"400\" height=\"400\" srcset=\"https:\/\/cimacanarias.com\/wp-content\/uploads\/2020\/07\/cosas21.jpg 550w, https:\/\/cimacanarias.com\/wp-content\/uploads\/2020\/07\/cosas21-300x300.jpg 300w, https:\/\/cimacanarias.com\/wp-content\/uploads\/2020\/07\/cosas21-150x150.jpg 150w\" sizes=\"auto, (max-width: 400px) 100vw, 400px\" \/><\/a>Desde CIMA (Centro de Investigaciones Medioambientales del Atl\u00e1ntico, S.L.), queremos mostrarte lo que hacemos tanto en nuestras oficinas, como fuera de ellas.<\/p>\n<p align=\"justify\">En esta p\u00e1gina podr\u00e1s encontrar una serie de peque\u00f1os v\u00eddeos llamados \u00abCosas que hacemos en CIMA\u00bb, que nos ayudar\u00e1n a exponer qu\u00e9 hacemos y c\u00f3mo lo hacemos. Todo ello para acercarte al mundo de la Biolog\u00eda marina y la Oceanograf\u00eda.<\/p>\n<p align=\"justify\"><strong>&#8211; \u00abCosas que hacemos en CIMA\u00bb #21 Investigaci\u00f3n<\/strong>:<\/p>\n<p align=\"justify\">Seguro que ya sabes que somos una auditora ambiental especializada en el medio marino y, que entre nuestros objetivos, est\u00e1 la investigaci\u00f3n.<\/p>\n<p align=\"justify\">Como has podido averiguar a trav\u00e9s de los v\u00eddeos de\u00a0<a href=\"https:\/\/cimacanarias.com\/index.php\/nosotros\/cosas-que-hacemos-en-cima\" target=\"_blank\" rel=\"noopener noreferrer\"><strong>\u201cCosas que hacemos en CIMA\u201d<\/strong><\/a>, muchos de nuestros servicios est\u00e1n dise\u00f1ados espec\u00edficamente para investigar o ayudar a investigar en el medio marino. Si no, te animamos a que veas varios de ellos en los que te hablamos de los\u00a0<a href=\"https:\/\/cimacanarias.com\/index.php\/nosotros\/cosas-que-hacemos-en-cima\/cosas-triado\" target=\"_blank\" rel=\"noopener noreferrer\"><strong>\u201ctriados\u201d de muestras bent\u00f3nicas<\/strong><\/a>,\u00a0<a href=\"https:\/\/cimacanarias.com\/index.php\/nosotros\/cosas-que-hacemos-en-cima\/cosas-cartografia\" target=\"_blank\" rel=\"noopener noreferrer\"><strong>la cartograf\u00eda de especies vegetales<\/strong><\/a>,\u00a0<a href=\"https:\/\/cimacanarias.com\/index.php\/nosotros\/cosas-que-hacemos-en-cima\/cosas-indicador\" target=\"_blank\" rel=\"noopener noreferrer\"><strong>los indicadores biol\u00f3gicos de contaminaci\u00f3n<\/strong><\/a>,\u00a0<a href=\"https:\/\/cimacanarias.com\/index.php\/nosotros\/cosas-que-hacemos-en-cima\/12-identificacion-de-especies\" target=\"_blank\" rel=\"noopener noreferrer\"><strong>la identificaci\u00f3n de especies<\/strong><\/a>\u00a0y muchos otros que est\u00e1n a tu disposici\u00f3n en esta web.<\/p>\n<p align=\"justify\">El comienzo de nuestro blog est\u00e1 alimentado por varios art\u00edculos que informan acerca del\u00a0<a href=\"https:\/\/cimacanarias.com\/index.php\/blog-noticias\/140-proyecto-nasa-sostenible-1\" target=\"_blank\" rel=\"noopener noreferrer\"><strong>\u201cEstudio sobre el impacto de las nasas para peces y mejoras tecnol\u00f3gicas correctoras: \u201cProyecto Nasa Sostenible\u201d\u201d\u00a0<\/strong><\/a>. Tambi\u00e9n colaboramos con la\u00a0<a href=\"https:\/\/www.plocan.eu\/index.php\/es\/\" target=\"_blank\" rel=\"noopener noreferrer\"><strong>Plataforma Oce\u00e1nica de Canarias (PLOCAN)\u00a0<\/strong><\/a>en el\u00a0<a href=\"https:\/\/plocan.eu\/index.php\/es\/portfolio-proyectos\/1860\" target=\"_blank\" rel=\"noopener noreferrer\"><strong>Proyecto DESPESCA<\/strong><\/a>, sobre nasas para peces y cazonal, para reducir sus efectos negativos sobre el medio ambiente. En resumen, dise\u00f1amos y realizamos o colaboramos en varios estudios para investigar los diferentes artes de pesca artesanal de Canarias y ver c\u00f3mo hacerlos m\u00e1s eficaces y sostenibles.<\/p>\n<p align=\"justify\">En\u00a0<strong>I+D+i<\/strong>, nuestras principales l\u00edneas de trabajo son:<\/p>\n<p align=\"justify\">&#8211; Desarrollo de protocolos de determinaci\u00f3n de contaminantes y an\u00e1lisis integrado de las comunidades animales y vegetales.<\/p>\n<p align=\"justify\">&#8211; Cultivo de presas alternativas como alimento para especies de inter\u00e9s socioecon\u00f3mico.<\/p>\n<p align=\"justify\">&#8211; Influencia de la actividad del hombre sobre los ecosistemas marinos costeros (emisarios, desaladoras, puertos, acuicultura, etc\u2026).<\/p>\n<p align=\"justify\">&#8211; Modelizaci\u00f3n como herramienta para predecir las respuestas ambientales a factores perturbadores del medio.<\/p>\n<p align=\"justify\">A trav\u00e9s de la vigilancia tecnol\u00f3gica y gracias a experiencias y necesidades que han surgido en proyectos propios, desde CIMA hemos participado en la elaboraci\u00f3n herramientas que han ayudado en diferentes proyectos de investigaci\u00f3n propios y de otras entidades:<\/p>\n<p align=\"justify\">&#8211;\u00a0<a href=\"https:\/\/cimacanarias.com\/index.php\/proyectos\/i-d-i\/203-canamod\" target=\"_blank\" rel=\"noopener noreferrer\"><strong>CANAMOD<\/strong><\/a>: Herramienta de modelizaci\u00f3n para la predicci\u00f3n de la respuesta ambiental al aporte de material proveniente de jaulas de cultivo en Canarias.<\/p>\n<p align=\"justify\">&#8211;\u00a0<a href=\"https:\/\/cimacanarias.com\/index.php\/proyectos\/i-d-i\/204-presapul\" target=\"_blank\" rel=\"noopener noreferrer\"><strong>PRESAPUL<\/strong><\/a>: Utilizaci\u00f3n de presas alternativas para el crecimiento de paralarva de pulpo (<i>Octopus vulgaris<\/i>).<\/p>\n<p align=\"justify\">&#8211;\u00a0<a href=\"https:\/\/cimacanarias.com\/index.php\/proyectos\/i-d-i\/205-macaromod\" target=\"_blank\" rel=\"noopener noreferrer\"><strong>MACAROMOD<\/strong><\/a>: Dispersi\u00f3n de materia org\u00e1nica en granjas de acuicultura: desarrollo de un modelo matem\u00e1tico para garantizar su sostenibilidad ambiental.<\/p>\n<p align=\"justify\">&#8211;\u00a0<a href=\"https:\/\/cimacanarias.com\/index.php\/proyectos\/i-d-i\/206-afeccion-salmuera\" target=\"_blank\" rel=\"noopener noreferrer\"><strong>Afecci\u00f3n de la salmuera<\/strong><\/a>: Minimizaci\u00f3n de los impactos de los vertidos de salmuera sobre la biodiversidad de los fondos marinos, con especial referencia a las praderas de\u00a0<i>Cymodocea nodosa<\/i>.<\/p>\n<p align=\"justify\">Entre los proyectos de\u00a0<strong>I+D+i<\/strong>\u00a0en los cuales se encuentra actualmente participando nuestra empresa est\u00e1n:<\/p>\n<p align=\"justify\">&#8211;\u00a0<a href=\"http:\/\/biotransfer2.eu\/\" target=\"_blank\" rel=\"noopener noreferrer\"><strong>Proyecto europeo BIOTRANSFER 2<\/strong><\/a>. Cofinanciado por fondos FEDER a trav\u00e9s del Programa INTERREG V-A MAC 2014-2020.<\/p>\n<p align=\"justify\">&#8211;\u00a0<a href=\"http:\/\/mimarproyecto.com\/mimar\/opencms\/cptss\/proyectos_europeos\/mimar\/es\/inicio\/index.html?fbclid=IwAR3iaxs8KZQNieKSlovC6e-IkAsEEqGeL9XrxabvmUXFHpyfEMKJm4S1sGc\" target=\"_blank\" rel=\"noopener noreferrer\"><strong>Proyecto europeo MIMAR<\/strong><\/a>. Cofinanciado por fondos FEDER a trav\u00e9s del Programa INTERREG V-A MAC 2014-2020.<\/p>\n<p align=\"justify\">&#8211;\u00a0<a href=\"https:\/\/cimacanarias.com\/index.php\/proyectos\/desarrollo-de-equipamiento\" target=\"_blank\" rel=\"noopener noreferrer\"><strong>Proyecto de Desarrollo de equipamiento para prospecciones y exploraciones submarinas<\/strong><\/a>. Cofinanciado por el Fondo Europeo de Desarrollo Regional a trav\u00e9s de las Subvenciones a proyectos de inversi\u00f3n de peque\u00f1as y medianas empresas en Canarias para 2018 del Gobierno de Canarias.<\/p>\n<p align=\"justify\">\u2013 Proyecto de\u00a0<strong><a href=\"https:\/\/cimacanarias.com\/index.php\/proyectos\/gestion-ambiental-marina-vertidos\" target=\"_blank\" rel=\"noopener noreferrer\">Equipamiento para generaci\u00f3n de nuevos servicios de gesti\u00f3n ambiental marina en relaci\u00f3n a vertidos de tierra al mar de aguas residuales e industriales<\/a><\/strong>. Cofinanciado por el Fondo Europeo de Desarrollo Regional a trav\u00e9s de las Subvenciones a proyectos de inversi\u00f3n de peque\u00f1as y medianas empresas en Canarias para 2019 del Gobierno de Canarias.<\/p>\n\n\n<style>\n  .video-es { display: block; }\n  .video-en { display: none; }\n\n  html[lang=\"en-GB\"] .video-es { display: none; }\n  html[lang=\"en-GB\"] .video-en { display: block; }\n\n.video-container {\n  display: flex;\n  justify-content: center;\n  align-items: center;    \n  padding: 20px;\n}\n\niframe {\n  width: 80vw; \n  aspect-ratio: 16\/9;\n  max-width: 100%;\n  border: none;\n}\n<\/style>\n\n<div class=\"video-container\">\n  <!-- Versi\u00f3n en Espa\u00f1ol -->\n  <iframe src=\"https:\/\/www.youtube.com\/embed\/VWiKgHMePqw?si=InIlA9na0lworg5C\" \n          class=\"video-es\" allowfullscreen><\/iframe>\n  \n  <!-- Versi\u00f3n en Ingl\u00e9s -->\n  <iframe src=\"https:\/\/www.youtube.com\/embed\/zrkVSVJQf1Y?si=FyM0Lnm2yreEQodz\" \n          class=\"video-en\" allowfullscreen><\/iframe>\n<\/div>\n\n<script>\nfunction cimaUpdateVideos() {\n  const lang = document.documentElement.lang;\n\n  const isEnglish = lang === 'en-GB';  \/\/ O aj\u00fastalo si usas 'en-US' u otro\n\n  const videoES = document.querySelector('.video-es');\n  const videoEN = document.querySelector('.video-en');\n\n  if (videoES && videoEN) {\n    videoES.style.setProperty('display', isEnglish ? 'none' : 'block', 'important');\n    videoEN.style.setProperty('display', isEnglish ? 'block' : 'none', 'important');\n  }\n}\n\ndocument.addEventListener('DOMContentLoaded', () => {\n  setTimeout(cimaUpdateVideos, 100);\n});\nwindow.addEventListener('trp_language_changed', () => {\n  setTimeout(cimaUpdateVideos, 100);\n});\n<\/script>\n\n\n<div class=\"wp-block-image\">\n<figure class=\"aligncenter size-full is-resized\"><img loading=\"lazy\" decoding=\"async\" width=\"528\" height=\"72\" src=\"https:\/\/cimacanarias.com\/wp-content\/uploads\/2020\/10\/GobCanFSEpB.jpg\" alt=\"\" class=\"wp-image-1296\" style=\"width:1140px;height:auto\"\/><\/figure>\n<\/div>","protected":false},"excerpt":{"rendered":"<p>Desde CIMA (Centro de Investigaciones Medioambientales del Atl\u00e1ntico, S.L.), queremos mostrarte lo que hacemos tanto en nuestras oficinas, como fuera [&hellip;]<\/p>\n","protected":false},"author":9,"featured_media":0,"parent":0,"menu_order":0,"comment_status":"closed","ping_status":"closed","template":"page-templates\/full-width.php","meta":{"footnotes":""},"class_list":["post-956","page","type-page","status-publish","hentry"],"yoast_head":"<!-- This site is optimized with the Yoast SEO plugin v27.3 - https:\/\/yoast.com\/product\/yoast-seo-wordpress\/ -->\n<title>Cosas que hacemos en CIMA 21: Investigaci\u00f3n - Centro de Investigaciones Medioambientales del Atl\u00e1ntico<\/title>\n<meta name=\"description\" content=\"Centro de Investigaciones Medioambientales del Atl\u00e1ntico, S.L. es una entidad privada especializada en el medio marino que desarrolla asistencias t\u00e9cnicas, proyectos de gesti\u00f3n, an\u00e1lisis e investigaciones marinas.\" \/>\n<meta name=\"robots\" content=\"index, follow, max-snippet:-1, max-image-preview:large, max-video-preview:-1\" \/>\n<link rel=\"canonical\" href=\"https:\/\/cimacanarias.com\/en\/cosas-que-hacemos-en-cima-21-investigacion\/\" \/>\n<meta property=\"og:locale\" content=\"en_GB\" \/>\n<meta property=\"og:type\" content=\"article\" \/>\n<meta property=\"og:title\" content=\"Cosas que hacemos en CIMA 21: Investigaci\u00f3n - Centro de Investigaciones Medioambientales del Atl\u00e1ntico\" \/>\n<meta property=\"og:description\" content=\"Centro de Investigaciones Medioambientales del Atl\u00e1ntico, S.L. es una entidad privada especializada en el medio marino que desarrolla asistencias t\u00e9cnicas, proyectos de gesti\u00f3n, an\u00e1lisis e investigaciones marinas.\" \/>\n<meta property=\"og:url\" content=\"https:\/\/cimacanarias.com\/en\/cosas-que-hacemos-en-cima-21-investigacion\/\" \/>\n<meta property=\"og:site_name\" content=\"Centro de Investigaciones Medioambientales del Atl\u00e1ntico\" \/>\n<meta property=\"article:modified_time\" content=\"2025-05-18T19:56:59+00:00\" \/>\n<meta property=\"og:image\" content=\"https:\/\/cimacanarias.com\/wp-content\/uploads\/2020\/07\/cosas21.jpg\" \/>\n\t<meta property=\"og:image:width\" content=\"550\" \/>\n\t<meta property=\"og:image:height\" content=\"550\" \/>\n\t<meta property=\"og:image:type\" content=\"image\/jpeg\" \/>\n<meta name=\"twitter:card\" content=\"summary_large_image\" \/>\n<meta name=\"twitter:label1\" content=\"Estimated reading time\" \/>\n\t<meta name=\"twitter:data1\" content=\"4 minutes\" \/>\n<script type=\"application\/ld+json\" class=\"yoast-schema-graph\">{\"@context\":\"https:\\\/\\\/schema.org\",\"@graph\":[{\"@type\":\"WebPage\",\"@id\":\"https:\\\/\\\/cimacanarias.com\\\/cosas-que-hacemos-en-cima-21-investigacion\\\/\",\"url\":\"https:\\\/\\\/cimacanarias.com\\\/cosas-que-hacemos-en-cima-21-investigacion\\\/\",\"name\":\"Cosas que hacemos en CIMA 21: Investigaci\u00f3n - Centro de Investigaciones Medioambientales del Atl\u00e1ntico\",\"isPartOf\":{\"@id\":\"https:\\\/\\\/cimacanarias.com\\\/#website\"},\"primaryImageOfPage\":{\"@id\":\"https:\\\/\\\/cimacanarias.com\\\/cosas-que-hacemos-en-cima-21-investigacion\\\/#primaryimage\"},\"image\":{\"@id\":\"https:\\\/\\\/cimacanarias.com\\\/cosas-que-hacemos-en-cima-21-investigacion\\\/#primaryimage\"},\"thumbnailUrl\":\"https:\\\/\\\/cimacanarias.com\\\/wp-content\\\/uploads\\\/2020\\\/07\\\/cosas21.jpg\",\"datePublished\":\"2020-07-09T14:38:35+00:00\",\"dateModified\":\"2025-05-18T19:56:59+00:00\",\"description\":\"Centro de Investigaciones Medioambientales del Atl\u00e1ntico, S.L. es una entidad privada especializada en el medio marino que desarrolla asistencias t\u00e9cnicas, proyectos de gesti\u00f3n, an\u00e1lisis e investigaciones marinas.\",\"breadcrumb\":{\"@id\":\"https:\\\/\\\/cimacanarias.com\\\/cosas-que-hacemos-en-cima-21-investigacion\\\/#breadcrumb\"},\"inLanguage\":\"en-GB\",\"potentialAction\":[{\"@type\":\"ReadAction\",\"target\":[\"https:\\\/\\\/cimacanarias.com\\\/cosas-que-hacemos-en-cima-21-investigacion\\\/\"]}]},{\"@type\":\"ImageObject\",\"inLanguage\":\"en-GB\",\"@id\":\"https:\\\/\\\/cimacanarias.com\\\/cosas-que-hacemos-en-cima-21-investigacion\\\/#primaryimage\",\"url\":\"https:\\\/\\\/cimacanarias.com\\\/wp-content\\\/uploads\\\/2020\\\/07\\\/cosas21.jpg\",\"contentUrl\":\"https:\\\/\\\/cimacanarias.com\\\/wp-content\\\/uploads\\\/2020\\\/07\\\/cosas21.jpg\"},{\"@type\":\"BreadcrumbList\",\"@id\":\"https:\\\/\\\/cimacanarias.com\\\/cosas-que-hacemos-en-cima-21-investigacion\\\/#breadcrumb\",\"itemListElement\":[{\"@type\":\"ListItem\",\"position\":1,\"name\":\"Portada\",\"item\":\"https:\\\/\\\/cimacanarias.com\\\/\"},{\"@type\":\"ListItem\",\"position\":2,\"name\":\"Cosas que hacemos en CIMA 21: Investigaci\u00f3n\"}]},{\"@type\":\"WebSite\",\"@id\":\"https:\\\/\\\/cimacanarias.com\\\/#website\",\"url\":\"https:\\\/\\\/cimacanarias.com\\\/\",\"name\":\"Centro de Investigaciones Medioambientales del Atl\u00e1ntico\",\"description\":\"Centro de Investigaciones Medioambientales del Atl\u00e1ntico, S.L. es una consultora ambiental especializada en el medio marino que desarrolla asistencias t\u00e9cnicas, proyectos de gesti\u00f3n, an\u00e1lisis e investigaciones marinas.\",\"publisher\":{\"@id\":\"https:\\\/\\\/cimacanarias.com\\\/#organization\"},\"potentialAction\":[{\"@type\":\"SearchAction\",\"target\":{\"@type\":\"EntryPoint\",\"urlTemplate\":\"https:\\\/\\\/cimacanarias.com\\\/?s={search_term_string}\"},\"query-input\":{\"@type\":\"PropertyValueSpecification\",\"valueRequired\":true,\"valueName\":\"search_term_string\"}}],\"inLanguage\":\"en-GB\"},{\"@type\":\"Organization\",\"@id\":\"https:\\\/\\\/cimacanarias.com\\\/#organization\",\"name\":\"Centro de Investigaciones Medioambientales del Atl\u00e1ntico, S.L.\",\"url\":\"https:\\\/\\\/cimacanarias.com\\\/\",\"logo\":{\"@type\":\"ImageObject\",\"inLanguage\":\"en-GB\",\"@id\":\"https:\\\/\\\/cimacanarias.com\\\/#\\\/schema\\\/logo\\\/image\\\/\",\"url\":\"https:\\\/\\\/cimacanarias.com\\\/wp-content\\\/uploads\\\/2020\\\/06\\\/logo.png\",\"contentUrl\":\"https:\\\/\\\/cimacanarias.com\\\/wp-content\\\/uploads\\\/2020\\\/06\\\/logo.png\",\"width\":227,\"height\":80,\"caption\":\"Centro de Investigaciones Medioambientales del Atl\u00e1ntico, S.L.\"},\"image\":{\"@id\":\"https:\\\/\\\/cimacanarias.com\\\/#\\\/schema\\\/logo\\\/image\\\/\"}}]}<\/script>\n<!-- \/ Yoast SEO plugin. -->","yoast_head_json":{"title":"Cosas que hacemos en CIMA 21: Investigaci\u00f3n - Centro de Investigaciones Medioambientales del Atl\u00e1ntico","description":"Centro de Investigaciones Medioambientales del Atl\u00e1ntico, S.L. es una entidad privada especializada en el medio marino que desarrolla asistencias t\u00e9cnicas, proyectos de gesti\u00f3n, an\u00e1lisis e investigaciones marinas.","robots":{"index":"index","follow":"follow","max-snippet":"max-snippet:-1","max-image-preview":"max-image-preview:large","max-video-preview":"max-video-preview:-1"},"canonical":"https:\/\/cimacanarias.com\/en\/cosas-que-hacemos-en-cima-21-investigacion\/","og_locale":"en_GB","og_type":"article","og_title":"Cosas que hacemos en CIMA 21: Investigaci\u00f3n - Centro de Investigaciones Medioambientales del Atl\u00e1ntico","og_description":"Centro de Investigaciones Medioambientales del Atl\u00e1ntico, S.L. es una entidad privada especializada en el medio marino que desarrolla asistencias t\u00e9cnicas, proyectos de gesti\u00f3n, an\u00e1lisis e investigaciones marinas.","og_url":"https:\/\/cimacanarias.com\/en\/cosas-que-hacemos-en-cima-21-investigacion\/","og_site_name":"Centro de Investigaciones Medioambientales del Atl\u00e1ntico","article_modified_time":"2025-05-18T19:56:59+00:00","og_image":[{"width":550,"height":550,"url":"https:\/\/cimacanarias.com\/wp-content\/uploads\/2020\/07\/cosas21.jpg","type":"image\/jpeg"}],"twitter_card":"summary_large_image","twitter_misc":{"Estimated reading time":"4 minutes"},"schema":{"@context":"https:\/\/schema.org","@graph":[{"@type":"WebPage","@id":"https:\/\/cimacanarias.com\/cosas-que-hacemos-en-cima-21-investigacion\/","url":"https:\/\/cimacanarias.com\/cosas-que-hacemos-en-cima-21-investigacion\/","name":"Cosas que hacemos en CIMA 21: Investigaci\u00f3n - Centro de Investigaciones Medioambientales del Atl\u00e1ntico","isPartOf":{"@id":"https:\/\/cimacanarias.com\/#website"},"primaryImageOfPage":{"@id":"https:\/\/cimacanarias.com\/cosas-que-hacemos-en-cima-21-investigacion\/#primaryimage"},"image":{"@id":"https:\/\/cimacanarias.com\/cosas-que-hacemos-en-cima-21-investigacion\/#primaryimage"},"thumbnailUrl":"https:\/\/cimacanarias.com\/wp-content\/uploads\/2020\/07\/cosas21.jpg","datePublished":"2020-07-09T14:38:35+00:00","dateModified":"2025-05-18T19:56:59+00:00","description":"Centro de Investigaciones Medioambientales del Atl\u00e1ntico, S.L. es una entidad privada especializada en el medio marino que desarrolla asistencias t\u00e9cnicas, proyectos de gesti\u00f3n, an\u00e1lisis e investigaciones marinas.","breadcrumb":{"@id":"https:\/\/cimacanarias.com\/cosas-que-hacemos-en-cima-21-investigacion\/#breadcrumb"},"inLanguage":"en-GB","potentialAction":[{"@type":"ReadAction","target":["https:\/\/cimacanarias.com\/cosas-que-hacemos-en-cima-21-investigacion\/"]}]},{"@type":"ImageObject","inLanguage":"en-GB","@id":"https:\/\/cimacanarias.com\/cosas-que-hacemos-en-cima-21-investigacion\/#primaryimage","url":"https:\/\/cimacanarias.com\/wp-content\/uploads\/2020\/07\/cosas21.jpg","contentUrl":"https:\/\/cimacanarias.com\/wp-content\/uploads\/2020\/07\/cosas21.jpg"},{"@type":"BreadcrumbList","@id":"https:\/\/cimacanarias.com\/cosas-que-hacemos-en-cima-21-investigacion\/#breadcrumb","itemListElement":[{"@type":"ListItem","position":1,"name":"Portada","item":"https:\/\/cimacanarias.com\/"},{"@type":"ListItem","position":2,"name":"Cosas que hacemos en CIMA 21: Investigaci\u00f3n"}]},{"@type":"WebSite","@id":"https:\/\/cimacanarias.com\/#website","url":"https:\/\/cimacanarias.com\/","name":"Atlantic Center for Environmental Research","description":"Centro de Investigaciones Medioambientales del Atl\u00e1ntico, S.L. es una consultora ambiental especializada en el medio marino que desarrolla asistencias t\u00e9cnicas, proyectos de gesti\u00f3n, an\u00e1lisis e investigaciones marinas.","publisher":{"@id":"https:\/\/cimacanarias.com\/#organization"},"potentialAction":[{"@type":"SearchAction","target":{"@type":"EntryPoint","urlTemplate":"https:\/\/cimacanarias.com\/?s={search_term_string}"},"query-input":{"@type":"PropertyValueSpecification","valueRequired":true,"valueName":"search_term_string"}}],"inLanguage":"en-GB"},{"@type":"Organization","@id":"https:\/\/cimacanarias.com\/#organization","name":"Centro de Investigaciones Medioambientales del Atl\u00e1ntico, S.L.","url":"https:\/\/cimacanarias.com\/","logo":{"@type":"ImageObject","inLanguage":"en-GB","@id":"https:\/\/cimacanarias.com\/#\/schema\/logo\/image\/","url":"https:\/\/cimacanarias.com\/wp-content\/uploads\/2020\/06\/logo.png","contentUrl":"https:\/\/cimacanarias.com\/wp-content\/uploads\/2020\/06\/logo.png","width":227,"height":80,"caption":"Centro de Investigaciones Medioambientales del Atl\u00e1ntico, S.L."},"image":{"@id":"https:\/\/cimacanarias.com\/#\/schema\/logo\/image\/"}}]}},"_links":{"self":[{"href":"https:\/\/cimacanarias.com\/en\/wp-json\/wp\/v2\/pages\/956","targetHints":{"allow":["GET"]}}],"collection":[{"href":"https:\/\/cimacanarias.com\/en\/wp-json\/wp\/v2\/pages"}],"about":[{"href":"https:\/\/cimacanarias.com\/en\/wp-json\/wp\/v2\/types\/page"}],"author":[{"embeddable":true,"href":"https:\/\/cimacanarias.com\/en\/wp-json\/wp\/v2\/users\/9"}],"replies":[{"embeddable":true,"href":"https:\/\/cimacanarias.com\/en\/wp-json\/wp\/v2\/comments?post=956"}],"version-history":[{"count":7,"href":"https:\/\/cimacanarias.com\/en\/wp-json\/wp\/v2\/pages\/956\/revisions"}],"predecessor-version":[{"id":14192,"href":"https:\/\/cimacanarias.com\/en\/wp-json\/wp\/v2\/pages\/956\/revisions\/14192"}],"wp:attachment":[{"href":"https:\/\/cimacanarias.com\/en\/wp-json\/wp\/v2\/media?parent=956"}],"curies":[{"name":"wp","href":"https:\/\/api.w.org\/{rel}","templated":true}]}}